{"id":326971,"date":"2024-11-18T17:30:23","date_gmt":"2024-11-18T17:30:23","guid":{"rendered":"https:\/\/jumandeadsea.com\/product\/sels-de-la-mer-morte-cristaux-de-bain\/"},"modified":"2024-11-18T17:30:23","modified_gmt":"2024-11-18T17:30:23","slug":"sels-de-la-mer-morte-cristaux-de-bain","status":"publish","type":"product","link":"https:\/\/jumandeadsea.com\/fr\/produit\/sels-de-la-mer-morte-cristaux-de-bain\/","title":{"rendered":"Sels De La Mer Morte Cristaux De Bain"},"content":{"rendered":"\n    <div class=\"shortcode-accordion\">\n        <h3 class=\"accordion-header\">Ingr\u00e9dients<\/h3>\n        <div class=\"accordion-content\" style=\"display: none;\">\n            \n<p><strong>Maris Sal (sel de la mer morte).<\/strong><\/p>\n<ul>\n<li><strong><em>Sel de la mer morte :<\/em><\/strong> Les sels organiques riches en magn\u00e9sium am\u00e9liorent l&rsquo;hydratation de la peau et r\u00e9duisent l&rsquo;inflammation des peaux s\u00e8ches.<\/li>\n<\/ul>\n<p>\n        <\/div>\n    <\/div><br \/>\n\n    <div class=\"shortcode-accordion\">\n        <h3 class=\"accordion-header\">Mode d&#039;emploi :<\/h3>\n        <div class=\"accordion-content\" style=\"display: none;\">\n            <\/p>\n<p>Dissoudre le contenu dans l&rsquo;eau chaude du bain ; tremper le corps dans l&rsquo;eau pendant (15-20) minutes pour permettre aux min\u00e9raux de p\u00e9n\u00e9trer dans la peau, puis rincer \u00e0 l&rsquo;eau ti\u00e8de sans utiliser de savon.<\/p>\n<p>\n        <\/div>\n    <\/div><br \/>\n\n    <div class=\"shortcode-accordion\">\n        <h3 class=\"accordion-header\">Informations sur le produit<\/h3>\n        <div class=\"accordion-content\" style=\"display: none;\">\n            <\/p>\n<p>&#8211; CPNP : 3492390<\/p>\n<p>&#8211; Poids : 250gm<\/p>\n<p>\n        <\/div>\n    <\/div><\/p>\n","protected":false},"excerpt":{"rendered":"<p>Faites l&rsquo;exp\u00e9rience des sels de bain min\u00e9raux enti\u00e8rement naturels de la mer Morte pour une alimentation totale de votre peau. Il s&rsquo;agit de sels de la mer Morte 100% purs, r\u00e9colt\u00e9s localement, contenant de nombreux min\u00e9raux tels que le sodium, le potassium, le magn\u00e9sium et le calcium, qui favorisent la relaxation, l&rsquo;hydratation et le rajeunissement de la peau. <\/p>\n","protected":false},"featured_media":1531,"comment_status":"open","ping_status":"closed","template":"","meta":{"_et_pb_use_builder":"","_et_pb_old_content":"","_et_gb_content_width":""},"product_brand":[],"product_cat":[109,99],"product_tag":[],"class_list":{"0":"post-326971","1":"product","2":"type-product","3":"status-publish","4":"has-post-thumbnail","6":"product_cat-sels-de-la-mer-morte","7":"product_cat-soins-du-corps","9":"first","10":"instock","11":"shipping-taxable","12":"purchasable","13":"product-type-simple"},"yoast_head":"<!-- This site is optimized with the Yoast SEO plugin v27.3 - https:\/\/yoast.com\/product\/yoast-seo-wordpress\/ -->\n<title>SELS DE LA MER MORTE CRISTAUX DE BAIN - Juman Dead Sea<\/title>\n<meta name=\"robots\" content=\"index, follow, max-snippet:-1, max-image-preview:large, max-video-preview:-1\" \/>\n<link rel=\"canonical\" href=\"https:\/\/jumandeadsea.com\/fr\/produit\/sels-de-la-mer-morte-cristaux-de-bain\/\" \/>\n<meta property=\"og:locale\" content=\"fr_FR\" \/>\n<meta property=\"og:type\" content=\"article\" \/>\n<meta property=\"og:title\" content=\"SELS DE LA MER MORTE CRISTAUX DE BAIN - Juman Dead Sea\" \/>\n<meta property=\"og:description\" content=\"Faites l&#039;exp\u00e9rience des sels de bain min\u00e9raux enti\u00e8rement naturels de la mer Morte pour une alimentation totale de votre peau. Il s&#039;agit de sels de la mer Morte 100% purs, r\u00e9colt\u00e9s localement, contenant de nombreux min\u00e9raux tels que le sodium, le potassium, le magn\u00e9sium et le calcium, qui favorisent la relaxation, l&#039;hydratation et le rajeunissement de la peau.\" \/>\n<meta property=\"og:url\" content=\"https:\/\/jumandeadsea.com\/fr\/produit\/sels-de-la-mer-morte-cristaux-de-bain\/\" \/>\n<meta property=\"og:site_name\" content=\"Juman Dead Sea\" \/>\n<meta name=\"twitter:card\" content=\"summary_large_image\" \/>\n<script type=\"application\/ld+json\" class=\"yoast-schema-graph\">{\"@context\":\"https:\\\/\\\/schema.org\",\"@graph\":[{\"@type\":\"WebPage\",\"@id\":\"https:\\\/\\\/jumandeadsea.com\\\/fr\\\/produit\\\/sels-de-la-mer-morte-cristaux-de-bain\\\/\",\"url\":\"https:\\\/\\\/jumandeadsea.com\\\/fr\\\/produit\\\/sels-de-la-mer-morte-cristaux-de-bain\\\/\",\"name\":\"SELS DE LA MER MORTE CRISTAUX DE BAIN - Juman Dead Sea\",\"isPartOf\":{\"@id\":\"https:\\\/\\\/jumandeadsea.com\\\/fr\\\/#website\"},\"primaryImageOfPage\":{\"@id\":\"https:\\\/\\\/jumandeadsea.com\\\/fr\\\/produit\\\/sels-de-la-mer-morte-cristaux-de-bain\\\/#primaryimage\"},\"image\":{\"@id\":\"https:\\\/\\\/jumandeadsea.com\\\/fr\\\/produit\\\/sels-de-la-mer-morte-cristaux-de-bain\\\/#primaryimage\"},\"thumbnailUrl\":\"https:\\\/\\\/jumandeadsea.com\\\/wp-content\\\/uploads\\\/Bag_salt_front.png\",\"datePublished\":\"2024-11-18T17:30:23+00:00\",\"breadcrumb\":{\"@id\":\"https:\\\/\\\/jumandeadsea.com\\\/fr\\\/produit\\\/sels-de-la-mer-morte-cristaux-de-bain\\\/#breadcrumb\"},\"inLanguage\":\"fr-FR\",\"potentialAction\":[{\"@type\":\"ReadAction\",\"target\":[\"https:\\\/\\\/jumandeadsea.com\\\/fr\\\/produit\\\/sels-de-la-mer-morte-cristaux-de-bain\\\/\"]}]},{\"@type\":\"ImageObject\",\"inLanguage\":\"fr-FR\",\"@id\":\"https:\\\/\\\/jumandeadsea.com\\\/fr\\\/produit\\\/sels-de-la-mer-morte-cristaux-de-bain\\\/#primaryimage\",\"url\":\"https:\\\/\\\/jumandeadsea.com\\\/wp-content\\\/uploads\\\/Bag_salt_front.png\",\"contentUrl\":\"https:\\\/\\\/jumandeadsea.com\\\/wp-content\\\/uploads\\\/Bag_salt_front.png\",\"width\":1500,\"height\":1500},{\"@type\":\"BreadcrumbList\",\"@id\":\"https:\\\/\\\/jumandeadsea.com\\\/fr\\\/produit\\\/sels-de-la-mer-morte-cristaux-de-bain\\\/#breadcrumb\",\"itemListElement\":[{\"@type\":\"ListItem\",\"position\":1,\"name\":\"Home\",\"item\":\"https:\\\/\\\/jumandeadsea.com\\\/fr\\\/\"},{\"@type\":\"ListItem\",\"position\":2,\"name\":\"Boutique\",\"item\":\"https:\\\/\\\/jumandeadsea.com\\\/shop\\\/\"},{\"@type\":\"ListItem\",\"position\":3,\"name\":\"Sels De La Mer Morte Cristaux De Bain\"}]},{\"@type\":\"WebSite\",\"@id\":\"https:\\\/\\\/jumandeadsea.com\\\/fr\\\/#website\",\"url\":\"https:\\\/\\\/jumandeadsea.com\\\/fr\\\/\",\"name\":\"Juman Dead Sea\",\"description\":\"Authentic Dead Sea Mineral Skincare for Sensitive, Healthy Skin\",\"potentialAction\":[{\"@type\":\"SearchAction\",\"target\":{\"@type\":\"EntryPoint\",\"urlTemplate\":\"https:\\\/\\\/jumandeadsea.com\\\/fr\\\/?s={search_term_string}\"},\"query-input\":{\"@type\":\"PropertyValueSpecification\",\"valueRequired\":true,\"valueName\":\"search_term_string\"}}],\"inLanguage\":\"fr-FR\"}]}<\/script>\n<!-- \/ Yoast SEO plugin. -->","yoast_head_json":{"title":"SELS DE LA MER MORTE CRISTAUX DE BAIN - Juman Dead Sea","robots":{"index":"index","follow":"follow","max-snippet":"max-snippet:-1","max-image-preview":"max-image-preview:large","max-video-preview":"max-video-preview:-1"},"canonical":"https:\/\/jumandeadsea.com\/fr\/produit\/sels-de-la-mer-morte-cristaux-de-bain\/","og_locale":"fr_FR","og_type":"article","og_title":"SELS DE LA MER MORTE CRISTAUX DE BAIN - Juman Dead Sea","og_description":"Faites l'exp\u00e9rience des sels de bain min\u00e9raux enti\u00e8rement naturels de la mer Morte pour une alimentation totale de votre peau. Il s'agit de sels de la mer Morte 100% purs, r\u00e9colt\u00e9s localement, contenant de nombreux min\u00e9raux tels que le sodium, le potassium, le magn\u00e9sium et le calcium, qui favorisent la relaxation, l'hydratation et le rajeunissement de la peau.","og_url":"https:\/\/jumandeadsea.com\/fr\/produit\/sels-de-la-mer-morte-cristaux-de-bain\/","og_site_name":"Juman Dead Sea","twitter_card":"summary_large_image","schema":{"@context":"https:\/\/schema.org","@graph":[{"@type":"WebPage","@id":"https:\/\/jumandeadsea.com\/fr\/produit\/sels-de-la-mer-morte-cristaux-de-bain\/","url":"https:\/\/jumandeadsea.com\/fr\/produit\/sels-de-la-mer-morte-cristaux-de-bain\/","name":"SELS DE LA MER MORTE CRISTAUX DE BAIN - Juman Dead Sea","isPartOf":{"@id":"https:\/\/jumandeadsea.com\/fr\/#website"},"primaryImageOfPage":{"@id":"https:\/\/jumandeadsea.com\/fr\/produit\/sels-de-la-mer-morte-cristaux-de-bain\/#primaryimage"},"image":{"@id":"https:\/\/jumandeadsea.com\/fr\/produit\/sels-de-la-mer-morte-cristaux-de-bain\/#primaryimage"},"thumbnailUrl":"https:\/\/jumandeadsea.com\/wp-content\/uploads\/Bag_salt_front.png","datePublished":"2024-11-18T17:30:23+00:00","breadcrumb":{"@id":"https:\/\/jumandeadsea.com\/fr\/produit\/sels-de-la-mer-morte-cristaux-de-bain\/#breadcrumb"},"inLanguage":"fr-FR","potentialAction":[{"@type":"ReadAction","target":["https:\/\/jumandeadsea.com\/fr\/produit\/sels-de-la-mer-morte-cristaux-de-bain\/"]}]},{"@type":"ImageObject","inLanguage":"fr-FR","@id":"https:\/\/jumandeadsea.com\/fr\/produit\/sels-de-la-mer-morte-cristaux-de-bain\/#primaryimage","url":"https:\/\/jumandeadsea.com\/wp-content\/uploads\/Bag_salt_front.png","contentUrl":"https:\/\/jumandeadsea.com\/wp-content\/uploads\/Bag_salt_front.png","width":1500,"height":1500},{"@type":"BreadcrumbList","@id":"https:\/\/jumandeadsea.com\/fr\/produit\/sels-de-la-mer-morte-cristaux-de-bain\/#breadcrumb","itemListElement":[{"@type":"ListItem","position":1,"name":"Home","item":"https:\/\/jumandeadsea.com\/fr\/"},{"@type":"ListItem","position":2,"name":"Boutique","item":"https:\/\/jumandeadsea.com\/shop\/"},{"@type":"ListItem","position":3,"name":"Sels De La Mer Morte Cristaux De Bain"}]},{"@type":"WebSite","@id":"https:\/\/jumandeadsea.com\/fr\/#website","url":"https:\/\/jumandeadsea.com\/fr\/","name":"Juman Dead Sea","description":"Authentic Dead Sea Mineral Skincare for Sensitive, Healthy Skin","potentialAction":[{"@type":"SearchAction","target":{"@type":"EntryPoint","urlTemplate":"https:\/\/jumandeadsea.com\/fr\/?s={search_term_string}"},"query-input":{"@type":"PropertyValueSpecification","valueRequired":true,"valueName":"search_term_string"}}],"inLanguage":"fr-FR"}]}},"_links":{"self":[{"href":"https:\/\/jumandeadsea.com\/fr\/wp-json\/wp\/v2\/product\/326971","targetHints":{"allow":["GET"]}}],"collection":[{"href":"https:\/\/jumandeadsea.com\/fr\/wp-json\/wp\/v2\/product"}],"about":[{"href":"https:\/\/jumandeadsea.com\/fr\/wp-json\/wp\/v2\/types\/product"}],"replies":[{"embeddable":true,"href":"https:\/\/jumandeadsea.com\/fr\/wp-json\/wp\/v2\/comments?post=326971"}],"wp:featuredmedia":[{"embeddable":true,"href":"https:\/\/jumandeadsea.com\/fr\/wp-json\/wp\/v2\/media\/1531"}],"wp:attachment":[{"href":"https:\/\/jumandeadsea.com\/fr\/wp-json\/wp\/v2\/media?parent=326971"}],"wp:term":[{"taxonomy":"product_brand","embeddable":true,"href":"https:\/\/jumandeadsea.com\/fr\/wp-json\/wp\/v2\/product_brand?post=326971"},{"taxonomy":"product_cat","embeddable":true,"href":"https:\/\/jumandeadsea.com\/fr\/wp-json\/wp\/v2\/product_cat?post=326971"},{"taxonomy":"product_tag","embeddable":true,"href":"https:\/\/jumandeadsea.com\/fr\/wp-json\/wp\/v2\/product_tag?post=326971"}],"curies":[{"name":"wp","href":"https:\/\/api.w.org\/{rel}","templated":true}]}}