{"id":326725,"date":"2024-11-18T17:30:22","date_gmt":"2024-11-18T17:30:22","guid":{"rendered":"https:\/\/jumandeadsea.com\/product\/huile-de-bronzage-a-lhuile-de-carotte\/"},"modified":"2024-11-18T17:30:22","modified_gmt":"2024-11-18T17:30:22","slug":"huile-de-bronzage-a-lhuile-de-carotte","status":"publish","type":"product","link":"https:\/\/jumandeadsea.com\/fr\/produit\/huile-de-bronzage-a-lhuile-de-carotte\/","title":{"rendered":"Huile De Bronzage \u00c0 L&rsquo;huile De Carotte"},"content":{"rendered":"\n    <div class=\"shortcode-accordion\">\n        <h3 class=\"accordion-header\">Ingr\u00e9dients<\/h3>\n        <div class=\"accordion-content\" style=\"display: none;\">\n            \n<p>Daucus Carota Sativa (Carotte) Seed Oil, Olea Europaea (Olive) Fruit Oil, Argania Spinosa (Argan) Kernel Oil, Prunus Amygdalus Dulcis (Sweet Almond) Oil.<\/p>\n<ul>\n<li><em>Huile de graines de carotte : <\/em>c&rsquo;est un exhausteur de bronzage naturel qui donne \u00e0 la peau un \u00e9clat orang\u00e9.<\/li>\n<li>L&rsquo;<em>huile d&rsquo;olive : <\/em>c&rsquo;est un booster de beaut\u00e9 complet, non seulement elle est riche en vitamines et en antioxydants, mais elle am\u00e9liore \u00e9galement l&rsquo;hydratation et l&rsquo;exfoliation, et n&rsquo;obstrue pas les pores.<\/li>\n<li><em>Huile de noyau d&rsquo;argan : <\/em>riche en acides gras essentiels, elle nourrit la peau, prot\u00e8ge son \u00e9lasticit\u00e9, r\u00e9duit l&rsquo;apparence des rides et ridules et donne \u00e0 la peau un \u00e9clat dor\u00e9.<\/li>\n<li><em>Huile d&rsquo;amande douce<\/em>: une huile l\u00e9g\u00e8re respectueuse de la peau qui aide votre peau \u00e0 para\u00eetre lisse, douce et sans ridules.<\/li>\n<\/ul>\n<p>\n        <\/div>\n    <\/div><br \/>\n\n    <div class=\"shortcode-accordion\">\n        <h3 class=\"accordion-header\">Mode d&#039;emploi :<\/h3>\n        <div class=\"accordion-content\" style=\"display: none;\">\n            <\/p>\n<p>Appliquez l&rsquo;huile de bronzage \u00e0 l&rsquo;huile de carotte avant l&rsquo;exposition au soleil. Renouvelez l&rsquo;application toutes les 2 \u00e0 4 heures ou apr\u00e8s la baignade. <\/p>\n<p>\n        <\/div>\n    <\/div><br \/>\n\n    <div class=\"shortcode-accordion\">\n        <h3 class=\"accordion-header\">Informations sur le produit<\/h3>\n        <div class=\"accordion-content\" style=\"display: none;\">\n            <\/p>\n<p>&#8211; CPNP : 3219093<\/p>\n<p>&#8211; Poids : 200ml<\/p>\n<p>\n        <\/div>\n    <\/div><\/p>\n","protected":false},"excerpt":{"rendered":"<p>Cette huile enti\u00e8rement naturelle aux accents orientaux donne \u00e0 la peau un \u00e9clat attrayant et un bronzage d&rsquo;apparence naturelle provenant de l&rsquo;int\u00e9rieur. Elle est enrichie en huile de carotte pour vous donner une peau \u00e9clatante de couleur orange.<br \/>\n<strong>POUR UN BRONZAGE ORANGE DOR\u00c9<\/strong><\/p>\n","protected":false},"featured_media":1876,"comment_status":"open","ping_status":"closed","template":"","meta":{"_et_pb_use_builder":"","_et_pb_old_content":"","_et_gb_content_width":""},"product_brand":[],"product_cat":[113,99],"product_tag":[],"class_list":{"0":"post-326725","1":"product","2":"type-product","3":"status-publish","4":"has-post-thumbnail","6":"product_cat-produits-de-bronzage","7":"product_cat-soins-du-corps","9":"first","10":"instock","11":"shipping-taxable","12":"purchasable","13":"product-type-simple"},"yoast_head":"<!-- This site is optimized with the Yoast SEO plugin v27.3 - https:\/\/yoast.com\/product\/yoast-seo-wordpress\/ -->\n<title>HUILE DE BRONZAGE \u00c0 L&#039;HUILE DE CAROTTE - Juman Dead Sea<\/title>\n<meta name=\"robots\" content=\"index, follow, max-snippet:-1, max-image-preview:large, max-video-preview:-1\" \/>\n<link rel=\"canonical\" href=\"https:\/\/jumandeadsea.com\/fr\/produit\/huile-de-bronzage-a-lhuile-de-carotte\/\" \/>\n<meta property=\"og:locale\" content=\"fr_FR\" \/>\n<meta property=\"og:type\" content=\"article\" \/>\n<meta property=\"og:title\" content=\"HUILE DE BRONZAGE \u00c0 L&#039;HUILE DE CAROTTE - Juman Dead Sea\" \/>\n<meta property=\"og:description\" content=\"Cette huile enti\u00e8rement naturelle aux accents orientaux donne \u00e0 la peau un \u00e9clat attrayant et un bronzage d&#039;apparence naturelle provenant de l&#039;int\u00e9rieur. Elle est enrichie en huile de carotte pour vous donner une peau \u00e9clatante de couleur orange. POUR UN BRONZAGE ORANGE DOR\u00c9\" \/>\n<meta property=\"og:url\" content=\"https:\/\/jumandeadsea.com\/fr\/produit\/huile-de-bronzage-a-lhuile-de-carotte\/\" \/>\n<meta property=\"og:site_name\" content=\"Juman Dead Sea\" \/>\n<meta name=\"twitter:card\" content=\"summary_large_image\" \/>\n<meta name=\"twitter:label1\" content=\"Dur\u00e9e de lecture estim\u00e9e\" \/>\n\t<meta name=\"twitter:data1\" content=\"1 minute\" \/>\n<script type=\"application\/ld+json\" class=\"yoast-schema-graph\">{\"@context\":\"https:\\\/\\\/schema.org\",\"@graph\":[{\"@type\":\"WebPage\",\"@id\":\"https:\\\/\\\/jumandeadsea.com\\\/fr\\\/produit\\\/huile-de-bronzage-a-lhuile-de-carotte\\\/\",\"url\":\"https:\\\/\\\/jumandeadsea.com\\\/fr\\\/produit\\\/huile-de-bronzage-a-lhuile-de-carotte\\\/\",\"name\":\"HUILE DE BRONZAGE \u00c0 L'HUILE DE CAROTTE - Juman Dead Sea\",\"isPartOf\":{\"@id\":\"https:\\\/\\\/jumandeadsea.com\\\/fr\\\/#website\"},\"primaryImageOfPage\":{\"@id\":\"https:\\\/\\\/jumandeadsea.com\\\/fr\\\/produit\\\/huile-de-bronzage-a-lhuile-de-carotte\\\/#primaryimage\"},\"image\":{\"@id\":\"https:\\\/\\\/jumandeadsea.com\\\/fr\\\/produit\\\/huile-de-bronzage-a-lhuile-de-carotte\\\/#primaryimage\"},\"thumbnailUrl\":\"https:\\\/\\\/jumandeadsea.com\\\/wp-content\\\/uploads\\\/Tanning-Oil_bottles_front.jpg\",\"datePublished\":\"2024-11-18T17:30:22+00:00\",\"breadcrumb\":{\"@id\":\"https:\\\/\\\/jumandeadsea.com\\\/fr\\\/produit\\\/huile-de-bronzage-a-lhuile-de-carotte\\\/#breadcrumb\"},\"inLanguage\":\"fr-FR\",\"potentialAction\":[{\"@type\":\"ReadAction\",\"target\":[\"https:\\\/\\\/jumandeadsea.com\\\/fr\\\/produit\\\/huile-de-bronzage-a-lhuile-de-carotte\\\/\"]}]},{\"@type\":\"ImageObject\",\"inLanguage\":\"fr-FR\",\"@id\":\"https:\\\/\\\/jumandeadsea.com\\\/fr\\\/produit\\\/huile-de-bronzage-a-lhuile-de-carotte\\\/#primaryimage\",\"url\":\"https:\\\/\\\/jumandeadsea.com\\\/wp-content\\\/uploads\\\/Tanning-Oil_bottles_front.jpg\",\"contentUrl\":\"https:\\\/\\\/jumandeadsea.com\\\/wp-content\\\/uploads\\\/Tanning-Oil_bottles_front.jpg\",\"width\":1500,\"height\":1500},{\"@type\":\"BreadcrumbList\",\"@id\":\"https:\\\/\\\/jumandeadsea.com\\\/fr\\\/produit\\\/huile-de-bronzage-a-lhuile-de-carotte\\\/#breadcrumb\",\"itemListElement\":[{\"@type\":\"ListItem\",\"position\":1,\"name\":\"Home\",\"item\":\"https:\\\/\\\/jumandeadsea.com\\\/fr\\\/\"},{\"@type\":\"ListItem\",\"position\":2,\"name\":\"Boutique\",\"item\":\"https:\\\/\\\/jumandeadsea.com\\\/shop\\\/\"},{\"@type\":\"ListItem\",\"position\":3,\"name\":\"Huile De Bronzage \u00c0 L&rsquo;huile De Carotte\"}]},{\"@type\":\"WebSite\",\"@id\":\"https:\\\/\\\/jumandeadsea.com\\\/fr\\\/#website\",\"url\":\"https:\\\/\\\/jumandeadsea.com\\\/fr\\\/\",\"name\":\"Juman Dead Sea\",\"description\":\"Authentic Dead Sea Mineral Skincare for Sensitive, Healthy Skin\",\"potentialAction\":[{\"@type\":\"SearchAction\",\"target\":{\"@type\":\"EntryPoint\",\"urlTemplate\":\"https:\\\/\\\/jumandeadsea.com\\\/fr\\\/?s={search_term_string}\"},\"query-input\":{\"@type\":\"PropertyValueSpecification\",\"valueRequired\":true,\"valueName\":\"search_term_string\"}}],\"inLanguage\":\"fr-FR\"}]}<\/script>\n<!-- \/ Yoast SEO plugin. -->","yoast_head_json":{"title":"HUILE DE BRONZAGE \u00c0 L'HUILE DE CAROTTE - Juman Dead Sea","robots":{"index":"index","follow":"follow","max-snippet":"max-snippet:-1","max-image-preview":"max-image-preview:large","max-video-preview":"max-video-preview:-1"},"canonical":"https:\/\/jumandeadsea.com\/fr\/produit\/huile-de-bronzage-a-lhuile-de-carotte\/","og_locale":"fr_FR","og_type":"article","og_title":"HUILE DE BRONZAGE \u00c0 L'HUILE DE CAROTTE - Juman Dead Sea","og_description":"Cette huile enti\u00e8rement naturelle aux accents orientaux donne \u00e0 la peau un \u00e9clat attrayant et un bronzage d'apparence naturelle provenant de l'int\u00e9rieur. Elle est enrichie en huile de carotte pour vous donner une peau \u00e9clatante de couleur orange. POUR UN BRONZAGE ORANGE DOR\u00c9","og_url":"https:\/\/jumandeadsea.com\/fr\/produit\/huile-de-bronzage-a-lhuile-de-carotte\/","og_site_name":"Juman Dead Sea","twitter_card":"summary_large_image","twitter_misc":{"Dur\u00e9e de lecture estim\u00e9e":"1 minute"},"schema":{"@context":"https:\/\/schema.org","@graph":[{"@type":"WebPage","@id":"https:\/\/jumandeadsea.com\/fr\/produit\/huile-de-bronzage-a-lhuile-de-carotte\/","url":"https:\/\/jumandeadsea.com\/fr\/produit\/huile-de-bronzage-a-lhuile-de-carotte\/","name":"HUILE DE BRONZAGE \u00c0 L'HUILE DE CAROTTE - Juman Dead Sea","isPartOf":{"@id":"https:\/\/jumandeadsea.com\/fr\/#website"},"primaryImageOfPage":{"@id":"https:\/\/jumandeadsea.com\/fr\/produit\/huile-de-bronzage-a-lhuile-de-carotte\/#primaryimage"},"image":{"@id":"https:\/\/jumandeadsea.com\/fr\/produit\/huile-de-bronzage-a-lhuile-de-carotte\/#primaryimage"},"thumbnailUrl":"https:\/\/jumandeadsea.com\/wp-content\/uploads\/Tanning-Oil_bottles_front.jpg","datePublished":"2024-11-18T17:30:22+00:00","breadcrumb":{"@id":"https:\/\/jumandeadsea.com\/fr\/produit\/huile-de-bronzage-a-lhuile-de-carotte\/#breadcrumb"},"inLanguage":"fr-FR","potentialAction":[{"@type":"ReadAction","target":["https:\/\/jumandeadsea.com\/fr\/produit\/huile-de-bronzage-a-lhuile-de-carotte\/"]}]},{"@type":"ImageObject","inLanguage":"fr-FR","@id":"https:\/\/jumandeadsea.com\/fr\/produit\/huile-de-bronzage-a-lhuile-de-carotte\/#primaryimage","url":"https:\/\/jumandeadsea.com\/wp-content\/uploads\/Tanning-Oil_bottles_front.jpg","contentUrl":"https:\/\/jumandeadsea.com\/wp-content\/uploads\/Tanning-Oil_bottles_front.jpg","width":1500,"height":1500},{"@type":"BreadcrumbList","@id":"https:\/\/jumandeadsea.com\/fr\/produit\/huile-de-bronzage-a-lhuile-de-carotte\/#breadcrumb","itemListElement":[{"@type":"ListItem","position":1,"name":"Home","item":"https:\/\/jumandeadsea.com\/fr\/"},{"@type":"ListItem","position":2,"name":"Boutique","item":"https:\/\/jumandeadsea.com\/shop\/"},{"@type":"ListItem","position":3,"name":"Huile De Bronzage \u00c0 L&rsquo;huile De Carotte"}]},{"@type":"WebSite","@id":"https:\/\/jumandeadsea.com\/fr\/#website","url":"https:\/\/jumandeadsea.com\/fr\/","name":"Juman Dead Sea","description":"Authentic Dead Sea Mineral Skincare for Sensitive, Healthy Skin","potentialAction":[{"@type":"SearchAction","target":{"@type":"EntryPoint","urlTemplate":"https:\/\/jumandeadsea.com\/fr\/?s={search_term_string}"},"query-input":{"@type":"PropertyValueSpecification","valueRequired":true,"valueName":"search_term_string"}}],"inLanguage":"fr-FR"}]}},"_links":{"self":[{"href":"https:\/\/jumandeadsea.com\/fr\/wp-json\/wp\/v2\/product\/326725","targetHints":{"allow":["GET"]}}],"collection":[{"href":"https:\/\/jumandeadsea.com\/fr\/wp-json\/wp\/v2\/product"}],"about":[{"href":"https:\/\/jumandeadsea.com\/fr\/wp-json\/wp\/v2\/types\/product"}],"replies":[{"embeddable":true,"href":"https:\/\/jumandeadsea.com\/fr\/wp-json\/wp\/v2\/comments?post=326725"}],"wp:featuredmedia":[{"embeddable":true,"href":"https:\/\/jumandeadsea.com\/fr\/wp-json\/wp\/v2\/media\/1876"}],"wp:attachment":[{"href":"https:\/\/jumandeadsea.com\/fr\/wp-json\/wp\/v2\/media?parent=326725"}],"wp:term":[{"taxonomy":"product_brand","embeddable":true,"href":"https:\/\/jumandeadsea.com\/fr\/wp-json\/wp\/v2\/product_brand?post=326725"},{"taxonomy":"product_cat","embeddable":true,"href":"https:\/\/jumandeadsea.com\/fr\/wp-json\/wp\/v2\/product_cat?post=326725"},{"taxonomy":"product_tag","embeddable":true,"href":"https:\/\/jumandeadsea.com\/fr\/wp-json\/wp\/v2\/product_tag?post=326725"}],"curies":[{"name":"wp","href":"https:\/\/api.w.org\/{rel}","templated":true}]}}