{"id":326723,"date":"2024-11-18T17:30:22","date_gmt":"2024-11-18T17:30:22","guid":{"rendered":"https:\/\/jumandeadsea.com\/product\/gommage-mineral-de-la-mer-morte-a-la-pasteque\/"},"modified":"2025-04-08T06:21:50","modified_gmt":"2025-04-08T06:21:50","slug":"gommage-mineral-de-la-mer-morte-a-la-pasteque","status":"publish","type":"product","link":"https:\/\/jumandeadsea.com\/fr\/produit\/gommage-mineral-de-la-mer-morte-a-la-pasteque\/","title":{"rendered":"Gommage Min\u00c9ral De La Mer Morte \u00c0 La Past\u00c8que"},"content":{"rendered":"<p>\n    <div class=\"shortcode-accordion\">\n        <h3 class=\"accordion-header\">Ingr\u00e9dients<\/h3>\n        <div class=\"accordion-content\" style=\"display: none;\">\n            <br \/>\nMaris Sal (sel de la mer morte), Helianthus Annuus (huile de graines de tournesol), Aloe Barbadensis (huile de feuilles d&rsquo;Aloe Vera), Theobroma Cacao (beurre de cacao), Argania Spinosa (huile de noyaux d&rsquo;argan), Citrullus Lanatus (past\u00e8que) en poudre, Butyrospermum Parkii (beurre de karit\u00e9), Prunus Amygdalus Dulcis (huile d&rsquo;amande douce), Chamomilla Recutita (camomille) Flower Extract, Tocopherol (vitamine E).<\/p>\n<ul>\n<li>Maris Sal (sel de la mer morte) : Les sels organiques riches en magn\u00e9sium am\u00e9liorent l&rsquo;hydratation de la peau et r\u00e9duisent l&rsquo;inflammation des peaux s\u00e8ches.<\/li>\n<li>Huile de graines de tournesol (Helianthus Annuus) : Une grande source de vitamine E, riche en nutriments et en antioxydants, efficace pour lutter contre les probl\u00e8mes de peau. Elle poss\u00e8de \u00e9galement des propri\u00e9t\u00e9s \u00e9mollientes qui aident la peau \u00e0 conserver son hydratation.<\/li>\n<li>Huile de feuilles d&rsquo;aloe vera : elle poss\u00e8de de puissantes propri\u00e9t\u00e9s curatives qui se sont av\u00e9r\u00e9es efficaces pour traiter les coups de soleil et r\u00e9duire la visibilit\u00e9 des cicatrices ; elle sert \u00e9galement d&rsquo;agent hydratant.<\/li>\n<li>Beurre de cacao : il contient de grandes quantit\u00e9s d&rsquo;antioxydants qui aident \u00e0 r\u00e9parer la peau des dommages caus\u00e9s par le soleil et le vieillissement ; il apaise \u00e9galement les rougeurs et les imperfections.<\/li>\n<li>Huile de noyau d&rsquo;argan : huile riche en acides gras essentiels, elle nourrit la peau, prot\u00e8ge son \u00e9lasticit\u00e9 et r\u00e9duit l&rsquo;apparence des rides et ridules.<\/li>\n<li>Poudre de Citrullus Lanatus (past\u00e8que) : La past\u00e8que regorge d\u2019antioxydants tels que le lycop\u00e8ne et les vitamines C et A, ils aident \u00e0 r\u00e9duire les radicaux libres et peuvent ralentir les signes du vieillissement. La consommation de vitamine A peut favoriser la croissance des cellules de collag\u00e8ne et d\u2019\u00e9lastine qui aident votre peau \u00e0 rester <\/li>\n<li>Jeune et souple.<\/li>\n<li>Beurre de karit\u00e9 : excellent hydratant naturel pour le visage et le corps, il r\u00e9duit les rides et combat les signes de vieillissement, et restaure l&rsquo;\u00e9lasticit\u00e9 de la peau.<\/li>\n<li>Huile d&rsquo;amande douce : une huile l\u00e9g\u00e8re respectueuse de la peau qui aide votre peau \u00e0 para\u00eetre lisse, douce et sans ridules.<\/li>\n<li>Extrait de camomille : aide \u00e0 soulager l&rsquo;acn\u00e9 gr\u00e2ce \u00e0 ses propri\u00e9t\u00e9s anti-inflammatoires et antibact\u00e9riennes, il \u00e9claircit \u00e9galement la d\u00e9coloration de la peau et unifie le teint.<\/li>\n<li>Vitamine E : cette vitamine liposoluble peut \u00eatre absorb\u00e9e par la peau. C&rsquo;est un antioxydant b\u00e9n\u00e9fique qui aide \u00e0 r\u00e9duire les dommages caus\u00e9s par les UV et le soleil sur la peau.<\/li>\n<\/ul>\n<p>\n        <\/div>\n    <\/div><br \/>\n\n    <div class=\"shortcode-accordion\">\n        <h3 class=\"accordion-header\">Mode d&#039;emploi :<\/h3>\n        <div class=\"accordion-content\" style=\"display: none;\">\n            <br \/>\nM\u00e9langez d&rsquo;abord les produits \u00e9pluch\u00e9s. Appliquez g\u00e9n\u00e9reusement sur la zone du corps souhait\u00e9e (de pr\u00e9f\u00e9rence sur une peau s\u00e8che et propre). Massez doucement en effectuant des mouvements circulaires, laissez le gommage sur votre peau pendant quelques minutes puis rincez \u00e0 l&rsquo;eau ti\u00e8de. Il est recommand\u00e9 de l&rsquo;utiliser 1 \u00e0 2 fois par semaine.<br \/>\n\n        <\/div>\n    <\/div><br \/>\n\n    <div class=\"shortcode-accordion\">\n        <h3 class=\"accordion-header\">Informations sur le produit<\/h3>\n        <div class=\"accordion-content\" style=\"display: none;\">\n            <br \/>\n&#8211; Poids : 325 g<br \/>\n\n        <\/div>\n    <\/div><\/p>\n","protected":false},"excerpt":{"rendered":"<p>Ce gommage enti\u00e8rement naturel, riche en min\u00e9raux, est saupoudr\u00e9 d&rsquo;ingr\u00e9dients tendres et magiques tels que la poudre de past\u00e8que, le sel de la mer Morte, l&rsquo;huile d&rsquo;aloe vera et le beurre de karit\u00e9, qui gardent votre peau hydrat\u00e9e, douce et souple &#8211; tout \u00e0 la fois ! Ses ingr\u00e9dients anti-\u00e2ge soutiennent \u00e9galement le processus naturel de r\u00e9g\u00e9n\u00e9ration de la peau, aidant \u00e0 raffermir et \u00e0 r\u00e9duire les signes de l&rsquo;\u00e2ge. <\/p>\n","protected":false},"featured_media":1765,"comment_status":"open","ping_status":"closed","template":"","meta":{"_et_pb_use_builder":"","_et_pb_old_content":"","_et_gb_content_width":""},"product_brand":[],"product_cat":[101,99],"product_tag":[],"class_list":{"0":"post-326723","1":"product","2":"type-product","3":"status-publish","4":"has-post-thumbnail","6":"product_cat-gommages-corporels","7":"product_cat-soins-du-corps","9":"first","10":"instock","11":"shipping-taxable","12":"purchasable","13":"product-type-simple"},"yoast_head":"<!-- This site is optimized with the Yoast SEO plugin v27.3 - https:\/\/yoast.com\/product\/yoast-seo-wordpress\/ -->\n<title>GOMMAGE MIN\u00c9RAL DE LA MER MORTE \u00c0 LA PAST\u00c8QUE - Juman Dead Sea<\/title>\n<meta name=\"robots\" content=\"index, follow, max-snippet:-1, max-image-preview:large, max-video-preview:-1\" \/>\n<link rel=\"canonical\" href=\"https:\/\/jumandeadsea.com\/fr\/produit\/gommage-mineral-de-la-mer-morte-a-la-pasteque\/\" \/>\n<meta property=\"og:locale\" content=\"fr_FR\" \/>\n<meta property=\"og:type\" content=\"article\" \/>\n<meta property=\"og:title\" content=\"GOMMAGE MIN\u00c9RAL DE LA MER MORTE \u00c0 LA PAST\u00c8QUE - Juman Dead Sea\" \/>\n<meta property=\"og:description\" content=\"Ce gommage enti\u00e8rement naturel, riche en min\u00e9raux, est saupoudr\u00e9 d&#039;ingr\u00e9dients tendres et magiques tels que la poudre de past\u00e8que, le sel de la mer Morte, l&#039;huile d&#039;aloe vera et le beurre de karit\u00e9, qui gardent votre peau hydrat\u00e9e, douce et souple - tout \u00e0 la fois ! Ses ingr\u00e9dients anti-\u00e2ge soutiennent \u00e9galement le processus naturel de r\u00e9g\u00e9n\u00e9ration de la peau, aidant \u00e0 raffermir et \u00e0 r\u00e9duire les signes de l&#039;\u00e2ge.\" \/>\n<meta property=\"og:url\" content=\"https:\/\/jumandeadsea.com\/fr\/produit\/gommage-mineral-de-la-mer-morte-a-la-pasteque\/\" \/>\n<meta property=\"og:site_name\" content=\"Juman Dead Sea\" \/>\n<meta property=\"article:modified_time\" content=\"2025-04-08T06:21:50+00:00\" \/>\n<meta property=\"og:image\" content=\"https:\/\/jumandeadsea.com\/wp-content\/uploads\/WATERMELON-SCRUB-_FRONT.png\" \/>\n\t<meta property=\"og:image:width\" content=\"1600\" \/>\n\t<meta property=\"og:image:height\" content=\"1600\" \/>\n\t<meta property=\"og:image:type\" content=\"image\/png\" \/>\n<meta name=\"twitter:card\" content=\"summary_large_image\" \/>\n<meta name=\"twitter:label1\" content=\"Dur\u00e9e de lecture estim\u00e9e\" \/>\n\t<meta name=\"twitter:data1\" content=\"2 minutes\" \/>\n<script type=\"application\/ld+json\" class=\"yoast-schema-graph\">{\"@context\":\"https:\\\/\\\/schema.org\",\"@graph\":[{\"@type\":\"WebPage\",\"@id\":\"https:\\\/\\\/jumandeadsea.com\\\/fr\\\/produit\\\/gommage-mineral-de-la-mer-morte-a-la-pasteque\\\/\",\"url\":\"https:\\\/\\\/jumandeadsea.com\\\/fr\\\/produit\\\/gommage-mineral-de-la-mer-morte-a-la-pasteque\\\/\",\"name\":\"GOMMAGE MIN\u00c9RAL DE LA MER MORTE \u00c0 LA PAST\u00c8QUE - Juman Dead Sea\",\"isPartOf\":{\"@id\":\"https:\\\/\\\/jumandeadsea.com\\\/fr\\\/#website\"},\"primaryImageOfPage\":{\"@id\":\"https:\\\/\\\/jumandeadsea.com\\\/fr\\\/produit\\\/gommage-mineral-de-la-mer-morte-a-la-pasteque\\\/#primaryimage\"},\"image\":{\"@id\":\"https:\\\/\\\/jumandeadsea.com\\\/fr\\\/produit\\\/gommage-mineral-de-la-mer-morte-a-la-pasteque\\\/#primaryimage\"},\"thumbnailUrl\":\"https:\\\/\\\/jumandeadsea.com\\\/wp-content\\\/uploads\\\/WATERMELON-SCRUB-_FRONT.png\",\"datePublished\":\"2024-11-18T17:30:22+00:00\",\"dateModified\":\"2025-04-08T06:21:50+00:00\",\"breadcrumb\":{\"@id\":\"https:\\\/\\\/jumandeadsea.com\\\/fr\\\/produit\\\/gommage-mineral-de-la-mer-morte-a-la-pasteque\\\/#breadcrumb\"},\"inLanguage\":\"fr-FR\",\"potentialAction\":[{\"@type\":\"ReadAction\",\"target\":[\"https:\\\/\\\/jumandeadsea.com\\\/fr\\\/produit\\\/gommage-mineral-de-la-mer-morte-a-la-pasteque\\\/\"]}]},{\"@type\":\"ImageObject\",\"inLanguage\":\"fr-FR\",\"@id\":\"https:\\\/\\\/jumandeadsea.com\\\/fr\\\/produit\\\/gommage-mineral-de-la-mer-morte-a-la-pasteque\\\/#primaryimage\",\"url\":\"https:\\\/\\\/jumandeadsea.com\\\/wp-content\\\/uploads\\\/WATERMELON-SCRUB-_FRONT.png\",\"contentUrl\":\"https:\\\/\\\/jumandeadsea.com\\\/wp-content\\\/uploads\\\/WATERMELON-SCRUB-_FRONT.png\",\"width\":1600,\"height\":1600,\"caption\":\"Enjoy summer-fresh skin with Juman\u2019s Watermelon Body Scrub, rich in fruit enzymes and Dead Sea minerals.\"},{\"@type\":\"BreadcrumbList\",\"@id\":\"https:\\\/\\\/jumandeadsea.com\\\/fr\\\/produit\\\/gommage-mineral-de-la-mer-morte-a-la-pasteque\\\/#breadcrumb\",\"itemListElement\":[{\"@type\":\"ListItem\",\"position\":1,\"name\":\"Home\",\"item\":\"https:\\\/\\\/jumandeadsea.com\\\/fr\\\/\"},{\"@type\":\"ListItem\",\"position\":2,\"name\":\"Boutique\",\"item\":\"https:\\\/\\\/jumandeadsea.com\\\/shop\\\/\"},{\"@type\":\"ListItem\",\"position\":3,\"name\":\"Gommage Min\u00c9ral De La Mer Morte \u00c0 La Past\u00c8que\"}]},{\"@type\":\"WebSite\",\"@id\":\"https:\\\/\\\/jumandeadsea.com\\\/fr\\\/#website\",\"url\":\"https:\\\/\\\/jumandeadsea.com\\\/fr\\\/\",\"name\":\"Juman Dead Sea\",\"description\":\"Authentic Dead Sea Mineral Skincare for Sensitive, Healthy Skin\",\"potentialAction\":[{\"@type\":\"SearchAction\",\"target\":{\"@type\":\"EntryPoint\",\"urlTemplate\":\"https:\\\/\\\/jumandeadsea.com\\\/fr\\\/?s={search_term_string}\"},\"query-input\":{\"@type\":\"PropertyValueSpecification\",\"valueRequired\":true,\"valueName\":\"search_term_string\"}}],\"inLanguage\":\"fr-FR\"}]}<\/script>\n<!-- \/ Yoast SEO plugin. -->","yoast_head_json":{"title":"GOMMAGE MIN\u00c9RAL DE LA MER MORTE \u00c0 LA PAST\u00c8QUE - Juman Dead Sea","robots":{"index":"index","follow":"follow","max-snippet":"max-snippet:-1","max-image-preview":"max-image-preview:large","max-video-preview":"max-video-preview:-1"},"canonical":"https:\/\/jumandeadsea.com\/fr\/produit\/gommage-mineral-de-la-mer-morte-a-la-pasteque\/","og_locale":"fr_FR","og_type":"article","og_title":"GOMMAGE MIN\u00c9RAL DE LA MER MORTE \u00c0 LA PAST\u00c8QUE - Juman Dead Sea","og_description":"Ce gommage enti\u00e8rement naturel, riche en min\u00e9raux, est saupoudr\u00e9 d'ingr\u00e9dients tendres et magiques tels que la poudre de past\u00e8que, le sel de la mer Morte, l'huile d'aloe vera et le beurre de karit\u00e9, qui gardent votre peau hydrat\u00e9e, douce et souple - tout \u00e0 la fois ! Ses ingr\u00e9dients anti-\u00e2ge soutiennent \u00e9galement le processus naturel de r\u00e9g\u00e9n\u00e9ration de la peau, aidant \u00e0 raffermir et \u00e0 r\u00e9duire les signes de l'\u00e2ge.","og_url":"https:\/\/jumandeadsea.com\/fr\/produit\/gommage-mineral-de-la-mer-morte-a-la-pasteque\/","og_site_name":"Juman Dead Sea","article_modified_time":"2025-04-08T06:21:50+00:00","og_image":[{"width":1600,"height":1600,"url":"https:\/\/jumandeadsea.com\/wp-content\/uploads\/WATERMELON-SCRUB-_FRONT.png","type":"image\/png"}],"twitter_card":"summary_large_image","twitter_misc":{"Dur\u00e9e de lecture estim\u00e9e":"2 minutes"},"schema":{"@context":"https:\/\/schema.org","@graph":[{"@type":"WebPage","@id":"https:\/\/jumandeadsea.com\/fr\/produit\/gommage-mineral-de-la-mer-morte-a-la-pasteque\/","url":"https:\/\/jumandeadsea.com\/fr\/produit\/gommage-mineral-de-la-mer-morte-a-la-pasteque\/","name":"GOMMAGE MIN\u00c9RAL DE LA MER MORTE \u00c0 LA PAST\u00c8QUE - Juman Dead Sea","isPartOf":{"@id":"https:\/\/jumandeadsea.com\/fr\/#website"},"primaryImageOfPage":{"@id":"https:\/\/jumandeadsea.com\/fr\/produit\/gommage-mineral-de-la-mer-morte-a-la-pasteque\/#primaryimage"},"image":{"@id":"https:\/\/jumandeadsea.com\/fr\/produit\/gommage-mineral-de-la-mer-morte-a-la-pasteque\/#primaryimage"},"thumbnailUrl":"https:\/\/jumandeadsea.com\/wp-content\/uploads\/WATERMELON-SCRUB-_FRONT.png","datePublished":"2024-11-18T17:30:22+00:00","dateModified":"2025-04-08T06:21:50+00:00","breadcrumb":{"@id":"https:\/\/jumandeadsea.com\/fr\/produit\/gommage-mineral-de-la-mer-morte-a-la-pasteque\/#breadcrumb"},"inLanguage":"fr-FR","potentialAction":[{"@type":"ReadAction","target":["https:\/\/jumandeadsea.com\/fr\/produit\/gommage-mineral-de-la-mer-morte-a-la-pasteque\/"]}]},{"@type":"ImageObject","inLanguage":"fr-FR","@id":"https:\/\/jumandeadsea.com\/fr\/produit\/gommage-mineral-de-la-mer-morte-a-la-pasteque\/#primaryimage","url":"https:\/\/jumandeadsea.com\/wp-content\/uploads\/WATERMELON-SCRUB-_FRONT.png","contentUrl":"https:\/\/jumandeadsea.com\/wp-content\/uploads\/WATERMELON-SCRUB-_FRONT.png","width":1600,"height":1600,"caption":"Enjoy summer-fresh skin with Juman\u2019s Watermelon Body Scrub, rich in fruit enzymes and Dead Sea minerals."},{"@type":"BreadcrumbList","@id":"https:\/\/jumandeadsea.com\/fr\/produit\/gommage-mineral-de-la-mer-morte-a-la-pasteque\/#breadcrumb","itemListElement":[{"@type":"ListItem","position":1,"name":"Home","item":"https:\/\/jumandeadsea.com\/fr\/"},{"@type":"ListItem","position":2,"name":"Boutique","item":"https:\/\/jumandeadsea.com\/shop\/"},{"@type":"ListItem","position":3,"name":"Gommage Min\u00c9ral De La Mer Morte \u00c0 La Past\u00c8que"}]},{"@type":"WebSite","@id":"https:\/\/jumandeadsea.com\/fr\/#website","url":"https:\/\/jumandeadsea.com\/fr\/","name":"Juman Dead Sea","description":"Authentic Dead Sea Mineral Skincare for Sensitive, Healthy Skin","potentialAction":[{"@type":"SearchAction","target":{"@type":"EntryPoint","urlTemplate":"https:\/\/jumandeadsea.com\/fr\/?s={search_term_string}"},"query-input":{"@type":"PropertyValueSpecification","valueRequired":true,"valueName":"search_term_string"}}],"inLanguage":"fr-FR"}]}},"_links":{"self":[{"href":"https:\/\/jumandeadsea.com\/fr\/wp-json\/wp\/v2\/product\/326723","targetHints":{"allow":["GET"]}}],"collection":[{"href":"https:\/\/jumandeadsea.com\/fr\/wp-json\/wp\/v2\/product"}],"about":[{"href":"https:\/\/jumandeadsea.com\/fr\/wp-json\/wp\/v2\/types\/product"}],"replies":[{"embeddable":true,"href":"https:\/\/jumandeadsea.com\/fr\/wp-json\/wp\/v2\/comments?post=326723"}],"wp:featuredmedia":[{"embeddable":true,"href":"https:\/\/jumandeadsea.com\/fr\/wp-json\/wp\/v2\/media\/1765"}],"wp:attachment":[{"href":"https:\/\/jumandeadsea.com\/fr\/wp-json\/wp\/v2\/media?parent=326723"}],"wp:term":[{"taxonomy":"product_brand","embeddable":true,"href":"https:\/\/jumandeadsea.com\/fr\/wp-json\/wp\/v2\/product_brand?post=326723"},{"taxonomy":"product_cat","embeddable":true,"href":"https:\/\/jumandeadsea.com\/fr\/wp-json\/wp\/v2\/product_cat?post=326723"},{"taxonomy":"product_tag","embeddable":true,"href":"https:\/\/jumandeadsea.com\/fr\/wp-json\/wp\/v2\/product_tag?post=326723"}],"curies":[{"name":"wp","href":"https:\/\/api.w.org\/{rel}","templated":true}]}}