{"id":326722,"date":"2024-11-18T17:30:22","date_gmt":"2024-11-18T17:30:22","guid":{"rendered":"https:\/\/jumandeadsea.com\/product\/masque-de-boue-purifiante-de-la-mer-morte-a-larbre-a-the-et-a-laloe-vera\/"},"modified":"2024-11-18T17:30:22","modified_gmt":"2024-11-18T17:30:22","slug":"masque-de-boue-purifiante-de-la-mer-morte-a-larbre-a-the-et-a-laloe-vera","status":"publish","type":"product","link":"https:\/\/jumandeadsea.com\/fr\/produit\/masque-de-boue-purifiante-de-la-mer-morte-a-larbre-a-the-et-a-laloe-vera\/","title":{"rendered":"Masque De Boue Purifiante De La Mer Morte \u00c0 L&rsquo;arbre \u00c0 Th\u00c9 Et \u00c0 L&rsquo;aloe Vera"},"content":{"rendered":"\n    <div class=\"shortcode-accordion\">\n        <h3 class=\"accordion-header\">Ingr\u00e9dients<\/h3>\n        <div class=\"accordion-content\" style=\"display: none;\">\n            \n<p>Maris Limus (boue de la mer morte), huile de feuille de Melaleuca Alternifolia (arbre \u00e0 th\u00e9), gel d&rsquo;Aloe Barbadensis (Aloe Vera), tocoph\u00e9rol (vitamine E).<\/p>\n<ul>\n<li><em>Boue de la mer morte : <\/em>elle est utilis\u00e9e pour nettoyer et \u00e9liminer l&rsquo;exc\u00e8s de s\u00e9bum et les impuret\u00e9s de la peau. Id\u00e9ale pour les peaux grasses et pour traiter l&rsquo;acn\u00e9. <\/li>\n<li>Huile de feuilles d&rsquo;arbre \u00e0 th\u00e9 : poss\u00e8de des propri\u00e9t\u00e9s antimicrobiennes, anti-inflammatoires et antiseptiques qui peuvent la rendre efficace pour les infections mineures de la peau.<\/li>\n<li>Gel d&rsquo;aloe vera : contient des antioxydants et des vitamines A et C, et peut aider \u00e0 traiter les br\u00fblures, l&rsquo;acn\u00e9 et la peau s\u00e8che.<\/li>\n<li>Vitamine E : aide \u00e0 prot\u00e9ger la peau des dommages caus\u00e9s par les UV et a des effets hydratants.<\/li>\n<\/ul>\n<p>\n        <\/div>\n    <\/div><br \/>\n\n    <div class=\"shortcode-accordion\">\n        <h3 class=\"accordion-header\">Mode d&#039;emploi :<\/h3>\n        <div class=\"accordion-content\" style=\"display: none;\">\n            <\/p>\n<p>M\u00e9langez bien avant de l&rsquo;utiliser. Veillez \u00e0 conserver l&rsquo;eau qui est un conservateur naturel. Appliquez une couche sur le visage et laissez s\u00e9cher pendant (15-20) minutes. Rincez \u00e0 l&rsquo;eau ti\u00e8de. Pour de meilleurs r\u00e9sultats, appliquez une cr\u00e8me hydratante sur la zone concern\u00e9e apr\u00e8s l&rsquo;application. Utilisez ce produit 1 \u00e0 2 fois par semaine.     <\/p>\n<p>\n        <\/div>\n    <\/div><br \/>\n\n    <div class=\"shortcode-accordion\">\n        <h3 class=\"accordion-header\">Informations sur le produit<\/h3>\n        <div class=\"accordion-content\" style=\"display: none;\">\n            <\/p>\n<p>&#8211; <span class=\"bold\">CPNP : 3663322<\/span><\/p>\n<p>&#8211; Poids : 220 gm<\/p>\n<p>\n        <\/div>\n    <\/div><\/p>\n","protected":false},"excerpt":{"rendered":"<p>Un masque facial doux et nettoyant en profondeur \u00e0 base de boue naturelle de la mer Morte, d&rsquo;huile d&rsquo;arbre \u00e0 th\u00e9 et de gel d&rsquo;aloe vera, pour r\u00e9duire l&rsquo;acn\u00e9 et les imperfections. Ce masque de boue est con\u00e7u pour purifier et hydrater les peaux grasses, pour une apparence plus radieuse et plus saine.<br \/>\n<strong>ID\u00c9AL POUR LES PEAUX GRASSES<\/strong><\/p>\n","protected":false},"featured_media":1899,"comment_status":"open","ping_status":"closed","template":"","meta":{"_et_pb_use_builder":"","_et_pb_old_content":"","_et_gb_content_width":""},"product_brand":[],"product_cat":[100,99,102],"product_tag":[118,117],"class_list":{"0":"post-326722","1":"product","2":"type-product","3":"status-publish","4":"has-post-thumbnail","6":"product_cat-masques-de-boue-de-la-mer-morte","7":"product_cat-soins-du-corps","8":"product_cat-soins-du-visage","9":"product_tag-arbre-a-the-fr","10":"product_tag-masque-de-boue-de-la-mer-morte-fr","12":"first","13":"instock","14":"shipping-taxable","15":"purchasable","16":"product-type-simple"},"yoast_head":"<!-- This site is optimized with the Yoast SEO plugin v27.3 - https:\/\/yoast.com\/product\/yoast-seo-wordpress\/ -->\n<title>MASQUE DE BOUE PURIFIANTE DE LA MER MORTE \u00c0 L&#039;ARBRE \u00c0 TH\u00c9 ET \u00c0 L&#039;ALOE VERA - Juman Dead Sea<\/title>\n<meta name=\"robots\" content=\"index, follow, max-snippet:-1, max-image-preview:large, max-video-preview:-1\" \/>\n<link rel=\"canonical\" href=\"https:\/\/jumandeadsea.com\/fr\/produit\/masque-de-boue-purifiante-de-la-mer-morte-a-larbre-a-the-et-a-laloe-vera\/\" \/>\n<meta property=\"og:locale\" content=\"fr_FR\" \/>\n<meta property=\"og:type\" content=\"article\" \/>\n<meta property=\"og:title\" content=\"MASQUE DE BOUE PURIFIANTE DE LA MER MORTE \u00c0 L&#039;ARBRE \u00c0 TH\u00c9 ET \u00c0 L&#039;ALOE VERA - Juman Dead Sea\" \/>\n<meta property=\"og:description\" content=\"Un masque facial doux et nettoyant en profondeur \u00e0 base de boue naturelle de la mer Morte, d&#039;huile d&#039;arbre \u00e0 th\u00e9 et de gel d&#039;aloe vera, pour r\u00e9duire l&#039;acn\u00e9 et les imperfections. Ce masque de boue est con\u00e7u pour purifier et hydrater les peaux grasses, pour une apparence plus radieuse et plus saine. ID\u00c9AL POUR LES PEAUX GRASSES\" \/>\n<meta property=\"og:url\" content=\"https:\/\/jumandeadsea.com\/fr\/produit\/masque-de-boue-purifiante-de-la-mer-morte-a-larbre-a-the-et-a-laloe-vera\/\" \/>\n<meta property=\"og:site_name\" content=\"Juman Dead Sea\" \/>\n<meta name=\"twitter:card\" content=\"summary_large_image\" \/>\n<meta name=\"twitter:label1\" content=\"Dur\u00e9e de lecture estim\u00e9e\" \/>\n\t<meta name=\"twitter:data1\" content=\"1 minute\" \/>\n<script type=\"application\/ld+json\" class=\"yoast-schema-graph\">{\"@context\":\"https:\\\/\\\/schema.org\",\"@graph\":[{\"@type\":\"WebPage\",\"@id\":\"https:\\\/\\\/jumandeadsea.com\\\/fr\\\/produit\\\/masque-de-boue-purifiante-de-la-mer-morte-a-larbre-a-the-et-a-laloe-vera\\\/\",\"url\":\"https:\\\/\\\/jumandeadsea.com\\\/fr\\\/produit\\\/masque-de-boue-purifiante-de-la-mer-morte-a-larbre-a-the-et-a-laloe-vera\\\/\",\"name\":\"MASQUE DE BOUE PURIFIANTE DE LA MER MORTE \u00c0 L'ARBRE \u00c0 TH\u00c9 ET \u00c0 L'ALOE VERA - Juman Dead Sea\",\"isPartOf\":{\"@id\":\"https:\\\/\\\/jumandeadsea.com\\\/fr\\\/#website\"},\"primaryImageOfPage\":{\"@id\":\"https:\\\/\\\/jumandeadsea.com\\\/fr\\\/produit\\\/masque-de-boue-purifiante-de-la-mer-morte-a-larbre-a-the-et-a-laloe-vera\\\/#primaryimage\"},\"image\":{\"@id\":\"https:\\\/\\\/jumandeadsea.com\\\/fr\\\/produit\\\/masque-de-boue-purifiante-de-la-mer-morte-a-larbre-a-the-et-a-laloe-vera\\\/#primaryimage\"},\"thumbnailUrl\":\"https:\\\/\\\/jumandeadsea.com\\\/wp-content\\\/uploads\\\/tea-tree-front.png\",\"datePublished\":\"2024-11-18T17:30:22+00:00\",\"breadcrumb\":{\"@id\":\"https:\\\/\\\/jumandeadsea.com\\\/fr\\\/produit\\\/masque-de-boue-purifiante-de-la-mer-morte-a-larbre-a-the-et-a-laloe-vera\\\/#breadcrumb\"},\"inLanguage\":\"fr-FR\",\"potentialAction\":[{\"@type\":\"ReadAction\",\"target\":[\"https:\\\/\\\/jumandeadsea.com\\\/fr\\\/produit\\\/masque-de-boue-purifiante-de-la-mer-morte-a-larbre-a-the-et-a-laloe-vera\\\/\"]}]},{\"@type\":\"ImageObject\",\"inLanguage\":\"fr-FR\",\"@id\":\"https:\\\/\\\/jumandeadsea.com\\\/fr\\\/produit\\\/masque-de-boue-purifiante-de-la-mer-morte-a-larbre-a-the-et-a-laloe-vera\\\/#primaryimage\",\"url\":\"https:\\\/\\\/jumandeadsea.com\\\/wp-content\\\/uploads\\\/tea-tree-front.png\",\"contentUrl\":\"https:\\\/\\\/jumandeadsea.com\\\/wp-content\\\/uploads\\\/tea-tree-front.png\",\"width\":1600,\"height\":1600,\"caption\":\"Clear and calm your skin with Juman\u2019s Tea Tree Aloe Vera Mud Mask. Detoxifying Dead Sea minerals meet botanical purifiers.\"},{\"@type\":\"BreadcrumbList\",\"@id\":\"https:\\\/\\\/jumandeadsea.com\\\/fr\\\/produit\\\/masque-de-boue-purifiante-de-la-mer-morte-a-larbre-a-the-et-a-laloe-vera\\\/#breadcrumb\",\"itemListElement\":[{\"@type\":\"ListItem\",\"position\":1,\"name\":\"Home\",\"item\":\"https:\\\/\\\/jumandeadsea.com\\\/fr\\\/\"},{\"@type\":\"ListItem\",\"position\":2,\"name\":\"Boutique\",\"item\":\"https:\\\/\\\/jumandeadsea.com\\\/shop\\\/\"},{\"@type\":\"ListItem\",\"position\":3,\"name\":\"Masque De Boue Purifiante De La Mer Morte \u00c0 L&rsquo;arbre \u00c0 Th\u00c9 Et \u00c0 L&rsquo;aloe Vera\"}]},{\"@type\":\"WebSite\",\"@id\":\"https:\\\/\\\/jumandeadsea.com\\\/fr\\\/#website\",\"url\":\"https:\\\/\\\/jumandeadsea.com\\\/fr\\\/\",\"name\":\"Juman Dead Sea\",\"description\":\"Authentic Dead Sea Mineral Skincare for Sensitive, Healthy Skin\",\"potentialAction\":[{\"@type\":\"SearchAction\",\"target\":{\"@type\":\"EntryPoint\",\"urlTemplate\":\"https:\\\/\\\/jumandeadsea.com\\\/fr\\\/?s={search_term_string}\"},\"query-input\":{\"@type\":\"PropertyValueSpecification\",\"valueRequired\":true,\"valueName\":\"search_term_string\"}}],\"inLanguage\":\"fr-FR\"}]}<\/script>\n<!-- \/ Yoast SEO plugin. -->","yoast_head_json":{"title":"MASQUE DE BOUE PURIFIANTE DE LA MER MORTE \u00c0 L'ARBRE \u00c0 TH\u00c9 ET \u00c0 L'ALOE VERA - Juman Dead Sea","robots":{"index":"index","follow":"follow","max-snippet":"max-snippet:-1","max-image-preview":"max-image-preview:large","max-video-preview":"max-video-preview:-1"},"canonical":"https:\/\/jumandeadsea.com\/fr\/produit\/masque-de-boue-purifiante-de-la-mer-morte-a-larbre-a-the-et-a-laloe-vera\/","og_locale":"fr_FR","og_type":"article","og_title":"MASQUE DE BOUE PURIFIANTE DE LA MER MORTE \u00c0 L'ARBRE \u00c0 TH\u00c9 ET \u00c0 L'ALOE VERA - Juman Dead Sea","og_description":"Un masque facial doux et nettoyant en profondeur \u00e0 base de boue naturelle de la mer Morte, d'huile d'arbre \u00e0 th\u00e9 et de gel d'aloe vera, pour r\u00e9duire l'acn\u00e9 et les imperfections. Ce masque de boue est con\u00e7u pour purifier et hydrater les peaux grasses, pour une apparence plus radieuse et plus saine. ID\u00c9AL POUR LES PEAUX GRASSES","og_url":"https:\/\/jumandeadsea.com\/fr\/produit\/masque-de-boue-purifiante-de-la-mer-morte-a-larbre-a-the-et-a-laloe-vera\/","og_site_name":"Juman Dead Sea","twitter_card":"summary_large_image","twitter_misc":{"Dur\u00e9e de lecture estim\u00e9e":"1 minute"},"schema":{"@context":"https:\/\/schema.org","@graph":[{"@type":"WebPage","@id":"https:\/\/jumandeadsea.com\/fr\/produit\/masque-de-boue-purifiante-de-la-mer-morte-a-larbre-a-the-et-a-laloe-vera\/","url":"https:\/\/jumandeadsea.com\/fr\/produit\/masque-de-boue-purifiante-de-la-mer-morte-a-larbre-a-the-et-a-laloe-vera\/","name":"MASQUE DE BOUE PURIFIANTE DE LA MER MORTE \u00c0 L'ARBRE \u00c0 TH\u00c9 ET \u00c0 L'ALOE VERA - Juman Dead Sea","isPartOf":{"@id":"https:\/\/jumandeadsea.com\/fr\/#website"},"primaryImageOfPage":{"@id":"https:\/\/jumandeadsea.com\/fr\/produit\/masque-de-boue-purifiante-de-la-mer-morte-a-larbre-a-the-et-a-laloe-vera\/#primaryimage"},"image":{"@id":"https:\/\/jumandeadsea.com\/fr\/produit\/masque-de-boue-purifiante-de-la-mer-morte-a-larbre-a-the-et-a-laloe-vera\/#primaryimage"},"thumbnailUrl":"https:\/\/jumandeadsea.com\/wp-content\/uploads\/tea-tree-front.png","datePublished":"2024-11-18T17:30:22+00:00","breadcrumb":{"@id":"https:\/\/jumandeadsea.com\/fr\/produit\/masque-de-boue-purifiante-de-la-mer-morte-a-larbre-a-the-et-a-laloe-vera\/#breadcrumb"},"inLanguage":"fr-FR","potentialAction":[{"@type":"ReadAction","target":["https:\/\/jumandeadsea.com\/fr\/produit\/masque-de-boue-purifiante-de-la-mer-morte-a-larbre-a-the-et-a-laloe-vera\/"]}]},{"@type":"ImageObject","inLanguage":"fr-FR","@id":"https:\/\/jumandeadsea.com\/fr\/produit\/masque-de-boue-purifiante-de-la-mer-morte-a-larbre-a-the-et-a-laloe-vera\/#primaryimage","url":"https:\/\/jumandeadsea.com\/wp-content\/uploads\/tea-tree-front.png","contentUrl":"https:\/\/jumandeadsea.com\/wp-content\/uploads\/tea-tree-front.png","width":1600,"height":1600,"caption":"Clear and calm your skin with Juman\u2019s Tea Tree Aloe Vera Mud Mask. Detoxifying Dead Sea minerals meet botanical purifiers."},{"@type":"BreadcrumbList","@id":"https:\/\/jumandeadsea.com\/fr\/produit\/masque-de-boue-purifiante-de-la-mer-morte-a-larbre-a-the-et-a-laloe-vera\/#breadcrumb","itemListElement":[{"@type":"ListItem","position":1,"name":"Home","item":"https:\/\/jumandeadsea.com\/fr\/"},{"@type":"ListItem","position":2,"name":"Boutique","item":"https:\/\/jumandeadsea.com\/shop\/"},{"@type":"ListItem","position":3,"name":"Masque De Boue Purifiante De La Mer Morte \u00c0 L&rsquo;arbre \u00c0 Th\u00c9 Et \u00c0 L&rsquo;aloe Vera"}]},{"@type":"WebSite","@id":"https:\/\/jumandeadsea.com\/fr\/#website","url":"https:\/\/jumandeadsea.com\/fr\/","name":"Juman Dead Sea","description":"Authentic Dead Sea Mineral Skincare for Sensitive, Healthy Skin","potentialAction":[{"@type":"SearchAction","target":{"@type":"EntryPoint","urlTemplate":"https:\/\/jumandeadsea.com\/fr\/?s={search_term_string}"},"query-input":{"@type":"PropertyValueSpecification","valueRequired":true,"valueName":"search_term_string"}}],"inLanguage":"fr-FR"}]}},"_links":{"self":[{"href":"https:\/\/jumandeadsea.com\/fr\/wp-json\/wp\/v2\/product\/326722","targetHints":{"allow":["GET"]}}],"collection":[{"href":"https:\/\/jumandeadsea.com\/fr\/wp-json\/wp\/v2\/product"}],"about":[{"href":"https:\/\/jumandeadsea.com\/fr\/wp-json\/wp\/v2\/types\/product"}],"replies":[{"embeddable":true,"href":"https:\/\/jumandeadsea.com\/fr\/wp-json\/wp\/v2\/comments?post=326722"}],"wp:featuredmedia":[{"embeddable":true,"href":"https:\/\/jumandeadsea.com\/fr\/wp-json\/wp\/v2\/media\/1899"}],"wp:attachment":[{"href":"https:\/\/jumandeadsea.com\/fr\/wp-json\/wp\/v2\/media?parent=326722"}],"wp:term":[{"taxonomy":"product_brand","embeddable":true,"href":"https:\/\/jumandeadsea.com\/fr\/wp-json\/wp\/v2\/product_brand?post=326722"},{"taxonomy":"product_cat","embeddable":true,"href":"https:\/\/jumandeadsea.com\/fr\/wp-json\/wp\/v2\/product_cat?post=326722"},{"taxonomy":"product_tag","embeddable":true,"href":"https:\/\/jumandeadsea.com\/fr\/wp-json\/wp\/v2\/product_tag?post=326722"}],"curies":[{"name":"wp","href":"https:\/\/api.w.org\/{rel}","templated":true}]}}