{"id":326719,"date":"2024-11-18T17:30:22","date_gmt":"2024-11-18T17:30:22","guid":{"rendered":"https:\/\/jumandeadsea.com\/product\/gommage-pour-le-corps-et-les-pieds-a-larbre-a-the-a-largan-et-au-karite-avec-des-mineraux-de-la-mer-morte\/"},"modified":"2024-11-18T17:30:22","modified_gmt":"2024-11-18T17:30:22","slug":"gommage-pour-le-corps-et-les-pieds-a-larbre-a-the-a-largan-et-au-karite-avec-des-mineraux-de-la-mer-morte","status":"publish","type":"product","link":"https:\/\/jumandeadsea.com\/fr\/produit\/gommage-pour-le-corps-et-les-pieds-a-larbre-a-the-a-largan-et-au-karite-avec-des-mineraux-de-la-mer-morte\/","title":{"rendered":"Gommage Pour Le Corps Et Les Pieds \u00c0 L&rsquo;arbre \u00c0 Th\u00c9, \u00c0 L&rsquo;argan Et Au Karit\u00c9 Avec Des Min\u00c9raux De La Mer Morte"},"content":{"rendered":"\n    <div class=\"shortcode-accordion\">\n        <h3 class=\"accordion-header\">Ingr\u00e9dients<\/h3>\n        <div class=\"accordion-content\" style=\"display: none;\">\n            \n<p>Maris Sal (sel de la mer morte), Helianthus Annuus (huile de graines de tournesol), Butyrospermum Parkii (beurre de karit\u00e9), Prunus Amygdalus Dulcis (huile d&rsquo;amande douce), Chamomilla Recutita (extrait de fleur de camomille), Melaleuca Alternifolia (huile de feuilles d&rsquo;arbre \u00e0 th\u00e9), Tocopherol (vitamine E).<\/p>\n<p>&#8211; Maris Sal (sel de la mer morte) : Les sels organiques riches en magn\u00e9sium am\u00e9liorent l&rsquo;hydratation de la peau et r\u00e9duisent l&rsquo;inflammation des peaux s\u00e8ches.<br \/>\n&#8211; Huile de graines de tournesol (Helianthus Annuus) : Une grande source de vitamine E, riche en nutriments et en antioxydants, efficace pour lutter contre les probl\u00e8mes de peau. Elle poss\u00e8de \u00e9galement des propri\u00e9t\u00e9s \u00e9mollientes qui aident la peau \u00e0 conserver son hydratation.<\/p>\n<p>&#8211; Beurre de karit\u00e9 : excellent hydratant naturel pour le visage et le corps, il r\u00e9duit les rides et combat les signes de vieillissement, et restaure l&rsquo;\u00e9lasticit\u00e9 de la peau.<br \/>\n&#8211; Huile d&rsquo;amande douce : une huile l\u00e9g\u00e8re respectueuse de la peau qui aide votre peau \u00e0 para\u00eetre lisse, douce et sans ridules.<br \/>\n&#8211; Extrait de camomille : aide \u00e0 soulager l&rsquo;acn\u00e9 gr\u00e2ce \u00e0 ses propri\u00e9t\u00e9s anti-inflammatoires et antibact\u00e9riennes, il \u00e9claircit \u00e9galement la d\u00e9coloration de la peau et unifie le teint.<br \/>\n&#8211; Huile de feuilles d&rsquo;arbre \u00e0 th\u00e9 : utilis\u00e9e pour traiter l&rsquo;acn\u00e9 et les imperfections, il est \u00e9galement prouv\u00e9 qu&rsquo;elle traite les infections fongiques de la peau et d&rsquo;autres affections cutan\u00e9es.<br \/>\n&#8211; Vitamine E : cette vitamine liposoluble peut \u00eatre absorb\u00e9e par la peau. C&rsquo;est un antioxydant b\u00e9n\u00e9fique qui aide \u00e0 r\u00e9duire les dommages caus\u00e9s par les UV et le soleil sur la peau.<\/p>\n<p>\n        <\/div>\n    <\/div><br \/>\n\n    <div class=\"shortcode-accordion\">\n        <h3 class=\"accordion-header\">Mode d&#039;emploi :<\/h3>\n        <div class=\"accordion-content\" style=\"display: none;\">\n            <br \/>\nM\u00e9langez d&rsquo;abord les produits \u00e9pluch\u00e9s. Appliquez g\u00e9n\u00e9reusement sur la zone du corps souhait\u00e9e (de pr\u00e9f\u00e9rence sur une peau s\u00e8che et propre). Massez doucement en effectuant des mouvements circulaires, laissez le gommage sur votre peau pendant quelques minutes puis rincez \u00e0 l&rsquo;eau ti\u00e8de. Il est recommand\u00e9 de l&rsquo;utiliser 1 \u00e0 2 fois par semaine.   <\/p>\n<p>\n        <\/div>\n    <\/div><br \/>\n\n    <div class=\"shortcode-accordion\">\n        <h3 class=\"accordion-header\">Informations sur le produit<\/h3>\n        <div class=\"accordion-content\" style=\"display: none;\">\n            <br \/>\n&#8211; Poids : 325 g<\/p>\n<p>\n        <\/div>\n    <\/div><\/p>\n","protected":false},"excerpt":{"rendered":"<p>D\u00e9couvrez les merveilles du gommage pour le corps et les pieds \u00e0 l&rsquo;huile d&rsquo;arbre \u00e0 th\u00e9, \u00e0 l&rsquo;huile d&rsquo;argan et au beurre de karit\u00e9. Il combine les bienfaits des min\u00e9raux de la mer Morte et d&rsquo;autres ingr\u00e9dients essentiels pour nettoyer parfaitement, d\u00e9toxifier et d\u00e9couvrir une peau fra\u00eeche. Il est sp\u00e9cialement formul\u00e9 avec les propri\u00e9t\u00e9s naturellement antiseptiques et d\u00e9sodorisantes de l&rsquo;huile d&rsquo;arbre \u00e0 th\u00e9 pour aider \u00e0 cr\u00e9er un teint clair, apaiser et revitaliser votre peau.  <\/p>\n","protected":false},"featured_media":1966,"comment_status":"open","ping_status":"closed","template":"","meta":{"_et_pb_use_builder":"","_et_pb_old_content":"","_et_gb_content_width":""},"product_brand":[],"product_cat":[101,99],"product_tag":[],"class_list":{"0":"post-326719","1":"product","2":"type-product","3":"status-publish","4":"has-post-thumbnail","6":"product_cat-gommages-corporels","7":"product_cat-soins-du-corps","9":"first","10":"instock","11":"shipping-taxable","12":"purchasable","13":"product-type-simple"},"yoast_head":"<!-- This site is optimized with the Yoast SEO plugin v27.3 - https:\/\/yoast.com\/product\/yoast-seo-wordpress\/ -->\n<title>GOMMAGE POUR LE CORPS ET LES PIEDS \u00c0 L&#039;ARBRE \u00c0 TH\u00c9, \u00c0 L&#039;ARGAN ET AU KARIT\u00c9 AVEC DES MIN\u00c9RAUX DE LA MER MORTE - Juman Dead Sea<\/title>\n<meta name=\"robots\" content=\"index, follow, max-snippet:-1, max-image-preview:large, max-video-preview:-1\" \/>\n<link rel=\"canonical\" href=\"https:\/\/jumandeadsea.com\/fr\/produit\/gommage-pour-le-corps-et-les-pieds-a-larbre-a-the-a-largan-et-au-karite-avec-des-mineraux-de-la-mer-morte\/\" \/>\n<meta property=\"og:locale\" content=\"fr_FR\" \/>\n<meta property=\"og:type\" content=\"article\" \/>\n<meta property=\"og:title\" content=\"GOMMAGE POUR LE CORPS ET LES PIEDS \u00c0 L&#039;ARBRE \u00c0 TH\u00c9, \u00c0 L&#039;ARGAN ET AU KARIT\u00c9 AVEC DES MIN\u00c9RAUX DE LA MER MORTE - Juman Dead Sea\" \/>\n<meta property=\"og:description\" content=\"D\u00e9couvrez les merveilles du gommage pour le corps et les pieds \u00e0 l&#039;huile d&#039;arbre \u00e0 th\u00e9, \u00e0 l&#039;huile d&#039;argan et au beurre de karit\u00e9. Il combine les bienfaits des min\u00e9raux de la mer Morte et d&#039;autres ingr\u00e9dients essentiels pour nettoyer parfaitement, d\u00e9toxifier et d\u00e9couvrir une peau fra\u00eeche. Il est sp\u00e9cialement formul\u00e9 avec les propri\u00e9t\u00e9s naturellement antiseptiques et d\u00e9sodorisantes de l&#039;huile d&#039;arbre \u00e0 th\u00e9 pour aider \u00e0 cr\u00e9er un teint clair, apaiser et revitaliser votre peau.\" \/>\n<meta property=\"og:url\" content=\"https:\/\/jumandeadsea.com\/fr\/produit\/gommage-pour-le-corps-et-les-pieds-a-larbre-a-the-a-largan-et-au-karite-avec-des-mineraux-de-la-mer-morte\/\" \/>\n<meta property=\"og:site_name\" content=\"Juman Dead Sea\" \/>\n<meta name=\"twitter:card\" content=\"summary_large_image\" \/>\n<meta name=\"twitter:label1\" content=\"Dur\u00e9e de lecture estim\u00e9e\" \/>\n\t<meta name=\"twitter:data1\" content=\"2 minutes\" \/>\n<script type=\"application\/ld+json\" class=\"yoast-schema-graph\">{\"@context\":\"https:\\\/\\\/schema.org\",\"@graph\":[{\"@type\":\"WebPage\",\"@id\":\"https:\\\/\\\/jumandeadsea.com\\\/fr\\\/produit\\\/gommage-pour-le-corps-et-les-pieds-a-larbre-a-the-a-largan-et-au-karite-avec-des-mineraux-de-la-mer-morte\\\/\",\"url\":\"https:\\\/\\\/jumandeadsea.com\\\/fr\\\/produit\\\/gommage-pour-le-corps-et-les-pieds-a-larbre-a-the-a-largan-et-au-karite-avec-des-mineraux-de-la-mer-morte\\\/\",\"name\":\"GOMMAGE POUR LE CORPS ET LES PIEDS \u00c0 L'ARBRE \u00c0 TH\u00c9, \u00c0 L'ARGAN ET AU KARIT\u00c9 AVEC DES MIN\u00c9RAUX DE LA MER MORTE - Juman Dead Sea\",\"isPartOf\":{\"@id\":\"https:\\\/\\\/jumandeadsea.com\\\/fr\\\/#website\"},\"primaryImageOfPage\":{\"@id\":\"https:\\\/\\\/jumandeadsea.com\\\/fr\\\/produit\\\/gommage-pour-le-corps-et-les-pieds-a-larbre-a-the-a-largan-et-au-karite-avec-des-mineraux-de-la-mer-morte\\\/#primaryimage\"},\"image\":{\"@id\":\"https:\\\/\\\/jumandeadsea.com\\\/fr\\\/produit\\\/gommage-pour-le-corps-et-les-pieds-a-larbre-a-the-a-largan-et-au-karite-avec-des-mineraux-de-la-mer-morte\\\/#primaryimage\"},\"thumbnailUrl\":\"https:\\\/\\\/jumandeadsea.com\\\/wp-content\\\/uploads\\\/tea-tree-scrub-png.png\",\"datePublished\":\"2024-11-18T17:30:22+00:00\",\"breadcrumb\":{\"@id\":\"https:\\\/\\\/jumandeadsea.com\\\/fr\\\/produit\\\/gommage-pour-le-corps-et-les-pieds-a-larbre-a-the-a-largan-et-au-karite-avec-des-mineraux-de-la-mer-morte\\\/#breadcrumb\"},\"inLanguage\":\"fr-FR\",\"potentialAction\":[{\"@type\":\"ReadAction\",\"target\":[\"https:\\\/\\\/jumandeadsea.com\\\/fr\\\/produit\\\/gommage-pour-le-corps-et-les-pieds-a-larbre-a-the-a-largan-et-au-karite-avec-des-mineraux-de-la-mer-morte\\\/\"]}]},{\"@type\":\"ImageObject\",\"inLanguage\":\"fr-FR\",\"@id\":\"https:\\\/\\\/jumandeadsea.com\\\/fr\\\/produit\\\/gommage-pour-le-corps-et-les-pieds-a-larbre-a-the-a-largan-et-au-karite-avec-des-mineraux-de-la-mer-morte\\\/#primaryimage\",\"url\":\"https:\\\/\\\/jumandeadsea.com\\\/wp-content\\\/uploads\\\/tea-tree-scrub-png.png\",\"contentUrl\":\"https:\\\/\\\/jumandeadsea.com\\\/wp-content\\\/uploads\\\/tea-tree-scrub-png.png\",\"width\":1600,\"height\":1594,\"caption\":\"Purify and soften your skin with Juman\u2019s Tea Tree Scrub, enriched with Dead Sea minerals, shea butter, and argan oil.\"},{\"@type\":\"BreadcrumbList\",\"@id\":\"https:\\\/\\\/jumandeadsea.com\\\/fr\\\/produit\\\/gommage-pour-le-corps-et-les-pieds-a-larbre-a-the-a-largan-et-au-karite-avec-des-mineraux-de-la-mer-morte\\\/#breadcrumb\",\"itemListElement\":[{\"@type\":\"ListItem\",\"position\":1,\"name\":\"Home\",\"item\":\"https:\\\/\\\/jumandeadsea.com\\\/fr\\\/\"},{\"@type\":\"ListItem\",\"position\":2,\"name\":\"Boutique\",\"item\":\"https:\\\/\\\/jumandeadsea.com\\\/shop\\\/\"},{\"@type\":\"ListItem\",\"position\":3,\"name\":\"Gommage Pour Le Corps Et Les Pieds \u00c0 L&rsquo;arbre \u00c0 Th\u00c9, \u00c0 L&rsquo;argan Et Au Karit\u00c9 Avec Des Min\u00c9raux De La Mer Morte\"}]},{\"@type\":\"WebSite\",\"@id\":\"https:\\\/\\\/jumandeadsea.com\\\/fr\\\/#website\",\"url\":\"https:\\\/\\\/jumandeadsea.com\\\/fr\\\/\",\"name\":\"Juman Dead Sea\",\"description\":\"Authentic Dead Sea Mineral Skincare for Sensitive, Healthy Skin\",\"potentialAction\":[{\"@type\":\"SearchAction\",\"target\":{\"@type\":\"EntryPoint\",\"urlTemplate\":\"https:\\\/\\\/jumandeadsea.com\\\/fr\\\/?s={search_term_string}\"},\"query-input\":{\"@type\":\"PropertyValueSpecification\",\"valueRequired\":true,\"valueName\":\"search_term_string\"}}],\"inLanguage\":\"fr-FR\"}]}<\/script>\n<!-- \/ Yoast SEO plugin. -->","yoast_head_json":{"title":"GOMMAGE POUR LE CORPS ET LES PIEDS \u00c0 L'ARBRE \u00c0 TH\u00c9, \u00c0 L'ARGAN ET AU KARIT\u00c9 AVEC DES MIN\u00c9RAUX DE LA MER MORTE - Juman Dead Sea","robots":{"index":"index","follow":"follow","max-snippet":"max-snippet:-1","max-image-preview":"max-image-preview:large","max-video-preview":"max-video-preview:-1"},"canonical":"https:\/\/jumandeadsea.com\/fr\/produit\/gommage-pour-le-corps-et-les-pieds-a-larbre-a-the-a-largan-et-au-karite-avec-des-mineraux-de-la-mer-morte\/","og_locale":"fr_FR","og_type":"article","og_title":"GOMMAGE POUR LE CORPS ET LES PIEDS \u00c0 L'ARBRE \u00c0 TH\u00c9, \u00c0 L'ARGAN ET AU KARIT\u00c9 AVEC DES MIN\u00c9RAUX DE LA MER MORTE - Juman Dead Sea","og_description":"D\u00e9couvrez les merveilles du gommage pour le corps et les pieds \u00e0 l'huile d'arbre \u00e0 th\u00e9, \u00e0 l'huile d'argan et au beurre de karit\u00e9. Il combine les bienfaits des min\u00e9raux de la mer Morte et d'autres ingr\u00e9dients essentiels pour nettoyer parfaitement, d\u00e9toxifier et d\u00e9couvrir une peau fra\u00eeche. Il est sp\u00e9cialement formul\u00e9 avec les propri\u00e9t\u00e9s naturellement antiseptiques et d\u00e9sodorisantes de l'huile d'arbre \u00e0 th\u00e9 pour aider \u00e0 cr\u00e9er un teint clair, apaiser et revitaliser votre peau.","og_url":"https:\/\/jumandeadsea.com\/fr\/produit\/gommage-pour-le-corps-et-les-pieds-a-larbre-a-the-a-largan-et-au-karite-avec-des-mineraux-de-la-mer-morte\/","og_site_name":"Juman Dead Sea","twitter_card":"summary_large_image","twitter_misc":{"Dur\u00e9e de lecture estim\u00e9e":"2 minutes"},"schema":{"@context":"https:\/\/schema.org","@graph":[{"@type":"WebPage","@id":"https:\/\/jumandeadsea.com\/fr\/produit\/gommage-pour-le-corps-et-les-pieds-a-larbre-a-the-a-largan-et-au-karite-avec-des-mineraux-de-la-mer-morte\/","url":"https:\/\/jumandeadsea.com\/fr\/produit\/gommage-pour-le-corps-et-les-pieds-a-larbre-a-the-a-largan-et-au-karite-avec-des-mineraux-de-la-mer-morte\/","name":"GOMMAGE POUR LE CORPS ET LES PIEDS \u00c0 L'ARBRE \u00c0 TH\u00c9, \u00c0 L'ARGAN ET AU KARIT\u00c9 AVEC DES MIN\u00c9RAUX DE LA MER MORTE - Juman Dead Sea","isPartOf":{"@id":"https:\/\/jumandeadsea.com\/fr\/#website"},"primaryImageOfPage":{"@id":"https:\/\/jumandeadsea.com\/fr\/produit\/gommage-pour-le-corps-et-les-pieds-a-larbre-a-the-a-largan-et-au-karite-avec-des-mineraux-de-la-mer-morte\/#primaryimage"},"image":{"@id":"https:\/\/jumandeadsea.com\/fr\/produit\/gommage-pour-le-corps-et-les-pieds-a-larbre-a-the-a-largan-et-au-karite-avec-des-mineraux-de-la-mer-morte\/#primaryimage"},"thumbnailUrl":"https:\/\/jumandeadsea.com\/wp-content\/uploads\/tea-tree-scrub-png.png","datePublished":"2024-11-18T17:30:22+00:00","breadcrumb":{"@id":"https:\/\/jumandeadsea.com\/fr\/produit\/gommage-pour-le-corps-et-les-pieds-a-larbre-a-the-a-largan-et-au-karite-avec-des-mineraux-de-la-mer-morte\/#breadcrumb"},"inLanguage":"fr-FR","potentialAction":[{"@type":"ReadAction","target":["https:\/\/jumandeadsea.com\/fr\/produit\/gommage-pour-le-corps-et-les-pieds-a-larbre-a-the-a-largan-et-au-karite-avec-des-mineraux-de-la-mer-morte\/"]}]},{"@type":"ImageObject","inLanguage":"fr-FR","@id":"https:\/\/jumandeadsea.com\/fr\/produit\/gommage-pour-le-corps-et-les-pieds-a-larbre-a-the-a-largan-et-au-karite-avec-des-mineraux-de-la-mer-morte\/#primaryimage","url":"https:\/\/jumandeadsea.com\/wp-content\/uploads\/tea-tree-scrub-png.png","contentUrl":"https:\/\/jumandeadsea.com\/wp-content\/uploads\/tea-tree-scrub-png.png","width":1600,"height":1594,"caption":"Purify and soften your skin with Juman\u2019s Tea Tree Scrub, enriched with Dead Sea minerals, shea butter, and argan oil."},{"@type":"BreadcrumbList","@id":"https:\/\/jumandeadsea.com\/fr\/produit\/gommage-pour-le-corps-et-les-pieds-a-larbre-a-the-a-largan-et-au-karite-avec-des-mineraux-de-la-mer-morte\/#breadcrumb","itemListElement":[{"@type":"ListItem","position":1,"name":"Home","item":"https:\/\/jumandeadsea.com\/fr\/"},{"@type":"ListItem","position":2,"name":"Boutique","item":"https:\/\/jumandeadsea.com\/shop\/"},{"@type":"ListItem","position":3,"name":"Gommage Pour Le Corps Et Les Pieds \u00c0 L&rsquo;arbre \u00c0 Th\u00c9, \u00c0 L&rsquo;argan Et Au Karit\u00c9 Avec Des Min\u00c9raux De La Mer Morte"}]},{"@type":"WebSite","@id":"https:\/\/jumandeadsea.com\/fr\/#website","url":"https:\/\/jumandeadsea.com\/fr\/","name":"Juman Dead Sea","description":"Authentic Dead Sea Mineral Skincare for Sensitive, Healthy Skin","potentialAction":[{"@type":"SearchAction","target":{"@type":"EntryPoint","urlTemplate":"https:\/\/jumandeadsea.com\/fr\/?s={search_term_string}"},"query-input":{"@type":"PropertyValueSpecification","valueRequired":true,"valueName":"search_term_string"}}],"inLanguage":"fr-FR"}]}},"_links":{"self":[{"href":"https:\/\/jumandeadsea.com\/fr\/wp-json\/wp\/v2\/product\/326719","targetHints":{"allow":["GET"]}}],"collection":[{"href":"https:\/\/jumandeadsea.com\/fr\/wp-json\/wp\/v2\/product"}],"about":[{"href":"https:\/\/jumandeadsea.com\/fr\/wp-json\/wp\/v2\/types\/product"}],"replies":[{"embeddable":true,"href":"https:\/\/jumandeadsea.com\/fr\/wp-json\/wp\/v2\/comments?post=326719"}],"wp:featuredmedia":[{"embeddable":true,"href":"https:\/\/jumandeadsea.com\/fr\/wp-json\/wp\/v2\/media\/1966"}],"wp:attachment":[{"href":"https:\/\/jumandeadsea.com\/fr\/wp-json\/wp\/v2\/media?parent=326719"}],"wp:term":[{"taxonomy":"product_brand","embeddable":true,"href":"https:\/\/jumandeadsea.com\/fr\/wp-json\/wp\/v2\/product_brand?post=326719"},{"taxonomy":"product_cat","embeddable":true,"href":"https:\/\/jumandeadsea.com\/fr\/wp-json\/wp\/v2\/product_cat?post=326719"},{"taxonomy":"product_tag","embeddable":true,"href":"https:\/\/jumandeadsea.com\/fr\/wp-json\/wp\/v2\/product_tag?post=326719"}],"curies":[{"name":"wp","href":"https:\/\/api.w.org\/{rel}","templated":true}]}}