{"id":326718,"date":"2024-11-18T17:30:22","date_gmt":"2024-11-18T17:30:22","guid":{"rendered":"https:\/\/jumandeadsea.com\/product\/masque-de-boue-de-la-mer-morte-rajeunissant-le-visage-au-curcuma-et-a-la-camomille\/"},"modified":"2024-11-18T17:30:22","modified_gmt":"2024-11-18T17:30:22","slug":"masque-de-boue-de-la-mer-morte-rajeunissant-le-visage-au-curcuma-et-a-la-camomille","status":"publish","type":"product","link":"https:\/\/jumandeadsea.com\/fr\/produit\/masque-de-boue-de-la-mer-morte-rajeunissant-le-visage-au-curcuma-et-a-la-camomille\/","title":{"rendered":"Masque De Boue De La Mer Morte Rajeunissant Le Visage Au Curcuma Et \u00c0 La Camomille"},"content":{"rendered":"\n    <div class=\"shortcode-accordion\">\n        <h3 class=\"accordion-header\">Ingr\u00e9dients<\/h3>\n        <div class=\"accordion-content\" style=\"display: none;\">\n            \n<p>Maris Limus (boue de la mer morte), poudre de racine de Curcuma Longa (curcuma), huile de Chamomilla Recutita (camomille), huile de Persea Gratissima (avocat), tocoph\u00e9rol (vitamine E).<\/p>\n<ul>\n<li><em>Boue de la mer Morte : <\/em>elle est utilis\u00e9e pour nettoyer et \u00e9liminer l&rsquo;exc\u00e8s de s\u00e9bum et les impuret\u00e9s de la peau. Id\u00e9ale pour les peaux grasses et pour traiter l&rsquo;acn\u00e9 et la plupart des maladies de la peau<em>.<\/em> <\/li>\n<li><em>Curcuma<\/em>: poss\u00e8de des propri\u00e9t\u00e9s anti-inflammatoires et antiseptiques qui aident \u00e0 r\u00e9duire l&rsquo;acn\u00e9. Il apaise \u00e9galement la peau s\u00e8che, prot\u00e8ge contre les dommages caus\u00e9s par le soleil et le vieillissement, et r\u00e9duit les cernes. <\/li>\n<li><em>Huile de camomille : <\/em>aide \u00e0 soulager l&rsquo;acn\u00e9 gr\u00e2ce \u00e0 ses propri\u00e9t\u00e9s anti-inflammatoires et antibact\u00e9riennes, elle \u00e9claircit \u00e9galement les d\u00e9colorations de la peau et unifie le teint.<\/li>\n<li><em>Huile d&rsquo;avocat : <\/em>riche en mati\u00e8res grasses et en vitamines A et C, elle aide \u00e0 nourrir, \u00e0 hydrater et \u00e0 prot\u00e9ger la peau contre les antioxydants.<\/li>\n<li><em>Vitamine E<\/em>: cette vitamine liposoluble peut \u00eatre absorb\u00e9e par la peau. C&rsquo;est un antioxydant b\u00e9n\u00e9fique qui aide \u00e0 r\u00e9duire les dommages caus\u00e9s par les UV et le soleil sur la peau.<\/li>\n<\/ul>\n<p>\n        <\/div>\n    <\/div><br \/>\n\n    <div class=\"shortcode-accordion\">\n        <h3 class=\"accordion-header\">Mode d&#039;emploi :<\/h3>\n        <div class=\"accordion-content\" style=\"display: none;\">\n            <\/p>\n<p>M\u00e9langez bien avant de l&rsquo;utiliser. Veillez \u00e0 conserver l&rsquo;eau qui est un conservateur naturel. Appliquez une couche sur le visage et laissez s\u00e9cher pendant (15-20) minutes. Rincez \u00e0 l&rsquo;eau ti\u00e8de. Pour de meilleurs r\u00e9sultats, appliquez une cr\u00e8me hydratante sur la zone concern\u00e9e apr\u00e8s l&rsquo;application. Utilisez ce produit 1 \u00e0 2 fois par semaine.     <\/p>\n<p>\n        <\/div>\n    <\/div><br \/>\n\n    <div class=\"shortcode-accordion\">\n        <h3 class=\"accordion-header\">Informations sur le produit<\/h3>\n        <div class=\"accordion-content\" style=\"display: none;\">\n            <\/p>\n<p>&#8211; <span class=\"bold\">CPNP : 3663324<\/span><\/p>\n<p>&#8211; Poids : 220 gm<\/p>\n<p>\n        <\/div>\n    <\/div><\/p>\n","protected":false},"excerpt":{"rendered":"<p>Une combinaison cr\u00e9meuse de boue de la mer Morte et d&rsquo;herbes et d&rsquo;extraits naturels pour rajeunir votre peau. Ce masque de boue pour le visage est renforc\u00e9 par le curcuma qui fournit des antioxydants et des nutriments pour d\u00e9toxifier et minimiser les pores, apaiser la peau s\u00e8che, prot\u00e9ger et inverser les dommages caus\u00e9s par le soleil, et r\u00e9duire les cernes. <\/p>\n<p><strong>REVIGORE ET \u00c9CLAIRCIT<\/strong><\/p>\n","protected":false},"featured_media":1890,"comment_status":"open","ping_status":"closed","template":"","meta":{"_et_pb_use_builder":"","_et_pb_old_content":"","_et_gb_content_width":""},"product_brand":[],"product_cat":[30,24],"product_tag":[],"class_list":{"0":"post-326718","1":"product","2":"type-product","3":"status-publish","4":"has-post-thumbnail","6":"product_cat-dead-sea-mud-masks","7":"product_cat-facial-care","9":"first","10":"instock","11":"shipping-taxable","12":"purchasable","13":"product-type-simple"},"yoast_head":"<!-- This site is optimized with the Yoast SEO plugin v27.3 - https:\/\/yoast.com\/product\/yoast-seo-wordpress\/ -->\n<title>MASQUE DE BOUE DE LA MER MORTE RAJEUNISSANT LE VISAGE AU CURCUMA ET \u00c0 LA CAMOMILLE - Juman Dead Sea<\/title>\n<meta name=\"robots\" content=\"index, follow, max-snippet:-1, max-image-preview:large, max-video-preview:-1\" \/>\n<link rel=\"canonical\" href=\"https:\/\/jumandeadsea.com\/fr\/produit\/masque-de-boue-de-la-mer-morte-rajeunissant-le-visage-au-curcuma-et-a-la-camomille\/\" \/>\n<meta property=\"og:locale\" content=\"fr_FR\" \/>\n<meta property=\"og:type\" content=\"article\" \/>\n<meta property=\"og:title\" content=\"MASQUE DE BOUE DE LA MER MORTE RAJEUNISSANT LE VISAGE AU CURCUMA ET \u00c0 LA CAMOMILLE - Juman Dead Sea\" \/>\n<meta property=\"og:description\" content=\"Une combinaison cr\u00e9meuse de boue de la mer Morte et d&#039;herbes et d&#039;extraits naturels pour rajeunir votre peau. Ce masque de boue pour le visage est renforc\u00e9 par le curcuma qui fournit des antioxydants et des nutriments pour d\u00e9toxifier et minimiser les pores, apaiser la peau s\u00e8che, prot\u00e9ger et inverser les dommages caus\u00e9s par le soleil, et r\u00e9duire les cernes.  REVIGORE ET \u00c9CLAIRCIT\" \/>\n<meta property=\"og:url\" content=\"https:\/\/jumandeadsea.com\/fr\/produit\/masque-de-boue-de-la-mer-morte-rajeunissant-le-visage-au-curcuma-et-a-la-camomille\/\" \/>\n<meta property=\"og:site_name\" content=\"Juman Dead Sea\" \/>\n<meta name=\"twitter:card\" content=\"summary_large_image\" \/>\n<meta name=\"twitter:label1\" content=\"Dur\u00e9e de lecture estim\u00e9e\" \/>\n\t<meta name=\"twitter:data1\" content=\"1 minute\" \/>\n<script type=\"application\/ld+json\" class=\"yoast-schema-graph\">{\"@context\":\"https:\\\/\\\/schema.org\",\"@graph\":[{\"@type\":\"WebPage\",\"@id\":\"https:\\\/\\\/jumandeadsea.com\\\/fr\\\/produit\\\/masque-de-boue-de-la-mer-morte-rajeunissant-le-visage-au-curcuma-et-a-la-camomille\\\/\",\"url\":\"https:\\\/\\\/jumandeadsea.com\\\/fr\\\/produit\\\/masque-de-boue-de-la-mer-morte-rajeunissant-le-visage-au-curcuma-et-a-la-camomille\\\/\",\"name\":\"MASQUE DE BOUE DE LA MER MORTE RAJEUNISSANT LE VISAGE AU CURCUMA ET \u00c0 LA CAMOMILLE - Juman Dead Sea\",\"isPartOf\":{\"@id\":\"https:\\\/\\\/jumandeadsea.com\\\/fr\\\/#website\"},\"primaryImageOfPage\":{\"@id\":\"https:\\\/\\\/jumandeadsea.com\\\/fr\\\/produit\\\/masque-de-boue-de-la-mer-morte-rajeunissant-le-visage-au-curcuma-et-a-la-camomille\\\/#primaryimage\"},\"image\":{\"@id\":\"https:\\\/\\\/jumandeadsea.com\\\/fr\\\/produit\\\/masque-de-boue-de-la-mer-morte-rajeunissant-le-visage-au-curcuma-et-a-la-camomille\\\/#primaryimage\"},\"thumbnailUrl\":\"https:\\\/\\\/jumandeadsea.com\\\/wp-content\\\/uploads\\\/turmeric-front.png\",\"datePublished\":\"2024-11-18T17:30:22+00:00\",\"breadcrumb\":{\"@id\":\"https:\\\/\\\/jumandeadsea.com\\\/fr\\\/produit\\\/masque-de-boue-de-la-mer-morte-rajeunissant-le-visage-au-curcuma-et-a-la-camomille\\\/#breadcrumb\"},\"inLanguage\":\"fr-FR\",\"potentialAction\":[{\"@type\":\"ReadAction\",\"target\":[\"https:\\\/\\\/jumandeadsea.com\\\/fr\\\/produit\\\/masque-de-boue-de-la-mer-morte-rajeunissant-le-visage-au-curcuma-et-a-la-camomille\\\/\"]}]},{\"@type\":\"ImageObject\",\"inLanguage\":\"fr-FR\",\"@id\":\"https:\\\/\\\/jumandeadsea.com\\\/fr\\\/produit\\\/masque-de-boue-de-la-mer-morte-rajeunissant-le-visage-au-curcuma-et-a-la-camomille\\\/#primaryimage\",\"url\":\"https:\\\/\\\/jumandeadsea.com\\\/wp-content\\\/uploads\\\/turmeric-front.png\",\"contentUrl\":\"https:\\\/\\\/jumandeadsea.com\\\/wp-content\\\/uploads\\\/turmeric-front.png\",\"width\":1600,\"height\":1600},{\"@type\":\"BreadcrumbList\",\"@id\":\"https:\\\/\\\/jumandeadsea.com\\\/fr\\\/produit\\\/masque-de-boue-de-la-mer-morte-rajeunissant-le-visage-au-curcuma-et-a-la-camomille\\\/#breadcrumb\",\"itemListElement\":[{\"@type\":\"ListItem\",\"position\":1,\"name\":\"Home\",\"item\":\"https:\\\/\\\/jumandeadsea.com\\\/fr\\\/\"},{\"@type\":\"ListItem\",\"position\":2,\"name\":\"Boutique\",\"item\":\"https:\\\/\\\/jumandeadsea.com\\\/shop\\\/\"},{\"@type\":\"ListItem\",\"position\":3,\"name\":\"Masque De Boue De La Mer Morte Rajeunissant Le Visage Au Curcuma Et \u00c0 La Camomille\"}]},{\"@type\":\"WebSite\",\"@id\":\"https:\\\/\\\/jumandeadsea.com\\\/fr\\\/#website\",\"url\":\"https:\\\/\\\/jumandeadsea.com\\\/fr\\\/\",\"name\":\"Juman Dead Sea\",\"description\":\"Authentic Dead Sea Mineral Skincare for Sensitive, Healthy Skin\",\"potentialAction\":[{\"@type\":\"SearchAction\",\"target\":{\"@type\":\"EntryPoint\",\"urlTemplate\":\"https:\\\/\\\/jumandeadsea.com\\\/fr\\\/?s={search_term_string}\"},\"query-input\":{\"@type\":\"PropertyValueSpecification\",\"valueRequired\":true,\"valueName\":\"search_term_string\"}}],\"inLanguage\":\"fr-FR\"}]}<\/script>\n<!-- \/ Yoast SEO plugin. -->","yoast_head_json":{"title":"MASQUE DE BOUE DE LA MER MORTE RAJEUNISSANT LE VISAGE AU CURCUMA ET \u00c0 LA CAMOMILLE - Juman Dead Sea","robots":{"index":"index","follow":"follow","max-snippet":"max-snippet:-1","max-image-preview":"max-image-preview:large","max-video-preview":"max-video-preview:-1"},"canonical":"https:\/\/jumandeadsea.com\/fr\/produit\/masque-de-boue-de-la-mer-morte-rajeunissant-le-visage-au-curcuma-et-a-la-camomille\/","og_locale":"fr_FR","og_type":"article","og_title":"MASQUE DE BOUE DE LA MER MORTE RAJEUNISSANT LE VISAGE AU CURCUMA ET \u00c0 LA CAMOMILLE - Juman Dead Sea","og_description":"Une combinaison cr\u00e9meuse de boue de la mer Morte et d'herbes et d'extraits naturels pour rajeunir votre peau. Ce masque de boue pour le visage est renforc\u00e9 par le curcuma qui fournit des antioxydants et des nutriments pour d\u00e9toxifier et minimiser les pores, apaiser la peau s\u00e8che, prot\u00e9ger et inverser les dommages caus\u00e9s par le soleil, et r\u00e9duire les cernes.  REVIGORE ET \u00c9CLAIRCIT","og_url":"https:\/\/jumandeadsea.com\/fr\/produit\/masque-de-boue-de-la-mer-morte-rajeunissant-le-visage-au-curcuma-et-a-la-camomille\/","og_site_name":"Juman Dead Sea","twitter_card":"summary_large_image","twitter_misc":{"Dur\u00e9e de lecture estim\u00e9e":"1 minute"},"schema":{"@context":"https:\/\/schema.org","@graph":[{"@type":"WebPage","@id":"https:\/\/jumandeadsea.com\/fr\/produit\/masque-de-boue-de-la-mer-morte-rajeunissant-le-visage-au-curcuma-et-a-la-camomille\/","url":"https:\/\/jumandeadsea.com\/fr\/produit\/masque-de-boue-de-la-mer-morte-rajeunissant-le-visage-au-curcuma-et-a-la-camomille\/","name":"MASQUE DE BOUE DE LA MER MORTE RAJEUNISSANT LE VISAGE AU CURCUMA ET \u00c0 LA CAMOMILLE - Juman Dead Sea","isPartOf":{"@id":"https:\/\/jumandeadsea.com\/fr\/#website"},"primaryImageOfPage":{"@id":"https:\/\/jumandeadsea.com\/fr\/produit\/masque-de-boue-de-la-mer-morte-rajeunissant-le-visage-au-curcuma-et-a-la-camomille\/#primaryimage"},"image":{"@id":"https:\/\/jumandeadsea.com\/fr\/produit\/masque-de-boue-de-la-mer-morte-rajeunissant-le-visage-au-curcuma-et-a-la-camomille\/#primaryimage"},"thumbnailUrl":"https:\/\/jumandeadsea.com\/wp-content\/uploads\/turmeric-front.png","datePublished":"2024-11-18T17:30:22+00:00","breadcrumb":{"@id":"https:\/\/jumandeadsea.com\/fr\/produit\/masque-de-boue-de-la-mer-morte-rajeunissant-le-visage-au-curcuma-et-a-la-camomille\/#breadcrumb"},"inLanguage":"fr-FR","potentialAction":[{"@type":"ReadAction","target":["https:\/\/jumandeadsea.com\/fr\/produit\/masque-de-boue-de-la-mer-morte-rajeunissant-le-visage-au-curcuma-et-a-la-camomille\/"]}]},{"@type":"ImageObject","inLanguage":"fr-FR","@id":"https:\/\/jumandeadsea.com\/fr\/produit\/masque-de-boue-de-la-mer-morte-rajeunissant-le-visage-au-curcuma-et-a-la-camomille\/#primaryimage","url":"https:\/\/jumandeadsea.com\/wp-content\/uploads\/turmeric-front.png","contentUrl":"https:\/\/jumandeadsea.com\/wp-content\/uploads\/turmeric-front.png","width":1600,"height":1600},{"@type":"BreadcrumbList","@id":"https:\/\/jumandeadsea.com\/fr\/produit\/masque-de-boue-de-la-mer-morte-rajeunissant-le-visage-au-curcuma-et-a-la-camomille\/#breadcrumb","itemListElement":[{"@type":"ListItem","position":1,"name":"Home","item":"https:\/\/jumandeadsea.com\/fr\/"},{"@type":"ListItem","position":2,"name":"Boutique","item":"https:\/\/jumandeadsea.com\/shop\/"},{"@type":"ListItem","position":3,"name":"Masque De Boue De La Mer Morte Rajeunissant Le Visage Au Curcuma Et \u00c0 La Camomille"}]},{"@type":"WebSite","@id":"https:\/\/jumandeadsea.com\/fr\/#website","url":"https:\/\/jumandeadsea.com\/fr\/","name":"Juman Dead Sea","description":"Authentic Dead Sea Mineral Skincare for Sensitive, Healthy Skin","potentialAction":[{"@type":"SearchAction","target":{"@type":"EntryPoint","urlTemplate":"https:\/\/jumandeadsea.com\/fr\/?s={search_term_string}"},"query-input":{"@type":"PropertyValueSpecification","valueRequired":true,"valueName":"search_term_string"}}],"inLanguage":"fr-FR"}]}},"_links":{"self":[{"href":"https:\/\/jumandeadsea.com\/fr\/wp-json\/wp\/v2\/product\/326718","targetHints":{"allow":["GET"]}}],"collection":[{"href":"https:\/\/jumandeadsea.com\/fr\/wp-json\/wp\/v2\/product"}],"about":[{"href":"https:\/\/jumandeadsea.com\/fr\/wp-json\/wp\/v2\/types\/product"}],"replies":[{"embeddable":true,"href":"https:\/\/jumandeadsea.com\/fr\/wp-json\/wp\/v2\/comments?post=326718"}],"wp:featuredmedia":[{"embeddable":true,"href":"https:\/\/jumandeadsea.com\/fr\/wp-json\/wp\/v2\/media\/1890"}],"wp:attachment":[{"href":"https:\/\/jumandeadsea.com\/fr\/wp-json\/wp\/v2\/media?parent=326718"}],"wp:term":[{"taxonomy":"product_brand","embeddable":true,"href":"https:\/\/jumandeadsea.com\/fr\/wp-json\/wp\/v2\/product_brand?post=326718"},{"taxonomy":"product_cat","embeddable":true,"href":"https:\/\/jumandeadsea.com\/fr\/wp-json\/wp\/v2\/product_cat?post=326718"},{"taxonomy":"product_tag","embeddable":true,"href":"https:\/\/jumandeadsea.com\/fr\/wp-json\/wp\/v2\/product_tag?post=326718"}],"curies":[{"name":"wp","href":"https:\/\/api.w.org\/{rel}","templated":true}]}}