{"id":326717,"date":"2024-11-18T17:30:22","date_gmt":"2024-11-18T17:30:22","guid":{"rendered":"https:\/\/jumandeadsea.com\/product\/masque-purifiant-a-la-boue-de-la-mer-morte-avec-gel-daloe-vera-miel-et-huile-darbre-a-the\/"},"modified":"2024-11-18T17:30:22","modified_gmt":"2024-11-18T17:30:22","slug":"masque-purifiant-a-la-boue-de-la-mer-morte-avec-gel-daloe-vera-miel-et-huile-darbre-a-the","status":"publish","type":"product","link":"https:\/\/jumandeadsea.com\/fr\/produit\/masque-purifiant-a-la-boue-de-la-mer-morte-avec-gel-daloe-vera-miel-et-huile-darbre-a-the\/","title":{"rendered":"Masque Purifiant \u00c0 La Boue De La Mer Morte Avec Gel D&rsquo;aloe Vera, Miel Et Huile D&rsquo;arbre \u00c0 Th\u00c9"},"content":{"rendered":"\n    <div class=\"shortcode-accordion\">\n        <h3 class=\"accordion-header\">Ingr\u00e9dients<\/h3>\n        <div class=\"accordion-content\" style=\"display: none;\">\n            \n<p>Maris Limus (boue de la mer morte), huile de feuille de Melaleuca Alternifolia (arbre \u00e0 th\u00e9), miel, gel d&rsquo;Aloe Barbadensis (Aloe Vera), tocoph\u00e9rol (vitamine E).<\/p>\n<ul>\n<li><em>Boue de la mer Morte :<\/em> elle est utilis\u00e9e pour nettoyer et \u00e9liminer l&rsquo;exc\u00e8s de s\u00e9bum et les impuret\u00e9s de la peau. Id\u00e9ale pour les peaux grasses et pour traiter l&rsquo;acn\u00e9. <\/li>\n<li><em>Huile de feuilles d&rsquo;arbre \u00e0 th\u00e9 :<\/em> poss\u00e8de des propri\u00e9t\u00e9s antimicrobiennes, anti-inflammatoires et antiseptiques qui peuvent la rendre efficace pour les infections mineures de la peau.<\/li>\n<li><em>Miel :<\/em> c&rsquo;est un hydratant naturel, un antiseptique et il a des propri\u00e9t\u00e9s antioxydantes qui r\u00e9parent les cellules endommag\u00e9es de la peau et acc\u00e9l\u00e8rent la disparition des cicatrices dues \u00e0 l&rsquo;acn\u00e9 ou \u00e0 toute autre cause.<\/li>\n<li><em>Gel d&rsquo;aloe vera :<\/em> contient des antioxydants et des vitamines A et C, et peut aider \u00e0 traiter les br\u00fblures, l&rsquo;acn\u00e9 et la peau s\u00e8che.<\/li>\n<li><em>Vitamine E :<\/em> aide \u00e0 prot\u00e9ger la peau des dommages caus\u00e9s par les UV et a des effets hydratants.<\/li>\n<\/ul>\n<p>\n        <\/div>\n    <\/div><br \/>\n\n    <div class=\"shortcode-accordion\">\n        <h3 class=\"accordion-header\">Mode d&#039;emploi :<\/h3>\n        <div class=\"accordion-content\" style=\"display: none;\">\n            <\/p>\n<p>Appliquez une couche sur le visage, laissez s\u00e9cher (15-20) minutes, puis rincez \u00e0 l&rsquo;eau ti\u00e8de. Il est pr\u00e9f\u00e9rable d&rsquo;hydrater le visage avec une cr\u00e8me hydratante apr\u00e8s avoir termin\u00e9. Pour de meilleurs r\u00e9sultats, utilisez ce produit 1 \u00e0 2 fois par semaine.  <\/p>\n<p>\n        <\/div>\n    <\/div><br \/>\n\n    <div class=\"shortcode-accordion\">\n        <h3 class=\"accordion-header\">Informations sur le produit<\/h3>\n        <div class=\"accordion-content\" style=\"display: none;\">\n            <\/p>\n<p>&#8211; CPNP : 3504355<\/p>\n<p>&#8211; Poids : 50gm<\/p>\n<p>\n        <\/div>\n    <\/div><\/p>\n","protected":false},"excerpt":{"rendered":"<p>Un masque facial extr\u00eamement doux \u00e0 base de boue naturelle de la mer Morte, de gel d&rsquo;aloe vera, de miel et d&rsquo;huile d&rsquo;arbre \u00e0 th\u00e9, pour un nettoyage en profondeur de la peau et une r\u00e9duction des imperfections et de l&rsquo;acn\u00e9. Ce masque est con\u00e7u pour les peaux grasses afin d&rsquo;offrir \u00e0 la peau une exp\u00e9rience \u00e0 plusieurs niveaux qui purifie et hydrate la peau \u00e0 un niveau et r\u00e9duit les rougeurs et les irritations \u00e0 un autre niveau, la laissant parfaitement radieuse, saine et avec une apparence impeccable.<br \/>\n<strong>ID\u00c9AL POUR LES PEAUX GRASSES<\/strong><\/p>\n","protected":false},"featured_media":1840,"comment_status":"open","ping_status":"closed","template":"","meta":{"_et_pb_use_builder":"","_et_pb_old_content":"","_et_gb_content_width":""},"product_brand":[],"product_cat":[100,99,102],"product_tag":[],"class_list":{"0":"post-326717","1":"product","2":"type-product","3":"status-publish","4":"has-post-thumbnail","6":"product_cat-masques-de-boue-de-la-mer-morte","7":"product_cat-soins-du-corps","8":"product_cat-soins-du-visage","10":"first","11":"instock","12":"shipping-taxable","13":"purchasable","14":"product-type-simple"},"yoast_head":"<!-- This site is optimized with the Yoast SEO plugin v27.3 - https:\/\/yoast.com\/product\/yoast-seo-wordpress\/ -->\n<title>MASQUE PURIFIANT \u00c0 LA BOUE DE LA MER MORTE AVEC GEL D&#039;ALOE VERA, MIEL ET HUILE D&#039;ARBRE \u00c0 TH\u00c9 - Juman Dead Sea<\/title>\n<meta name=\"robots\" content=\"index, follow, max-snippet:-1, max-image-preview:large, max-video-preview:-1\" \/>\n<link rel=\"canonical\" href=\"https:\/\/jumandeadsea.com\/fr\/produit\/masque-purifiant-a-la-boue-de-la-mer-morte-avec-gel-daloe-vera-miel-et-huile-darbre-a-the\/\" \/>\n<meta property=\"og:locale\" content=\"fr_FR\" \/>\n<meta property=\"og:type\" content=\"article\" \/>\n<meta property=\"og:title\" content=\"MASQUE PURIFIANT \u00c0 LA BOUE DE LA MER MORTE AVEC GEL D&#039;ALOE VERA, MIEL ET HUILE D&#039;ARBRE \u00c0 TH\u00c9 - Juman Dead Sea\" \/>\n<meta property=\"og:description\" content=\"Un masque facial extr\u00eamement doux \u00e0 base de boue naturelle de la mer Morte, de gel d&#039;aloe vera, de miel et d&#039;huile d&#039;arbre \u00e0 th\u00e9, pour un nettoyage en profondeur de la peau et une r\u00e9duction des imperfections et de l&#039;acn\u00e9. Ce masque est con\u00e7u pour les peaux grasses afin d&#039;offrir \u00e0 la peau une exp\u00e9rience \u00e0 plusieurs niveaux qui purifie et hydrate la peau \u00e0 un niveau et r\u00e9duit les rougeurs et les irritations \u00e0 un autre niveau, la laissant parfaitement radieuse, saine et avec une apparence impeccable. ID\u00c9AL POUR LES PEAUX GRASSES\" \/>\n<meta property=\"og:url\" content=\"https:\/\/jumandeadsea.com\/fr\/produit\/masque-purifiant-a-la-boue-de-la-mer-morte-avec-gel-daloe-vera-miel-et-huile-darbre-a-the\/\" \/>\n<meta property=\"og:site_name\" content=\"Juman Dead Sea\" \/>\n<meta name=\"twitter:card\" content=\"summary_large_image\" \/>\n<meta name=\"twitter:label1\" content=\"Dur\u00e9e de lecture estim\u00e9e\" \/>\n\t<meta name=\"twitter:data1\" content=\"1 minute\" \/>\n<script type=\"application\/ld+json\" class=\"yoast-schema-graph\">{\"@context\":\"https:\\\/\\\/schema.org\",\"@graph\":[{\"@type\":\"WebPage\",\"@id\":\"https:\\\/\\\/jumandeadsea.com\\\/fr\\\/produit\\\/masque-purifiant-a-la-boue-de-la-mer-morte-avec-gel-daloe-vera-miel-et-huile-darbre-a-the\\\/\",\"url\":\"https:\\\/\\\/jumandeadsea.com\\\/fr\\\/produit\\\/masque-purifiant-a-la-boue-de-la-mer-morte-avec-gel-daloe-vera-miel-et-huile-darbre-a-the\\\/\",\"name\":\"MASQUE PURIFIANT \u00c0 LA BOUE DE LA MER MORTE AVEC GEL D'ALOE VERA, MIEL ET HUILE D'ARBRE \u00c0 TH\u00c9 - Juman Dead Sea\",\"isPartOf\":{\"@id\":\"https:\\\/\\\/jumandeadsea.com\\\/fr\\\/#website\"},\"primaryImageOfPage\":{\"@id\":\"https:\\\/\\\/jumandeadsea.com\\\/fr\\\/produit\\\/masque-purifiant-a-la-boue-de-la-mer-morte-avec-gel-daloe-vera-miel-et-huile-darbre-a-the\\\/#primaryimage\"},\"image\":{\"@id\":\"https:\\\/\\\/jumandeadsea.com\\\/fr\\\/produit\\\/masque-purifiant-a-la-boue-de-la-mer-morte-avec-gel-daloe-vera-miel-et-huile-darbre-a-the\\\/#primaryimage\"},\"thumbnailUrl\":\"https:\\\/\\\/jumandeadsea.com\\\/wp-content\\\/uploads\\\/1.png\",\"datePublished\":\"2024-11-18T17:30:22+00:00\",\"breadcrumb\":{\"@id\":\"https:\\\/\\\/jumandeadsea.com\\\/fr\\\/produit\\\/masque-purifiant-a-la-boue-de-la-mer-morte-avec-gel-daloe-vera-miel-et-huile-darbre-a-the\\\/#breadcrumb\"},\"inLanguage\":\"fr-FR\",\"potentialAction\":[{\"@type\":\"ReadAction\",\"target\":[\"https:\\\/\\\/jumandeadsea.com\\\/fr\\\/produit\\\/masque-purifiant-a-la-boue-de-la-mer-morte-avec-gel-daloe-vera-miel-et-huile-darbre-a-the\\\/\"]}]},{\"@type\":\"ImageObject\",\"inLanguage\":\"fr-FR\",\"@id\":\"https:\\\/\\\/jumandeadsea.com\\\/fr\\\/produit\\\/masque-purifiant-a-la-boue-de-la-mer-morte-avec-gel-daloe-vera-miel-et-huile-darbre-a-the\\\/#primaryimage\",\"url\":\"https:\\\/\\\/jumandeadsea.com\\\/wp-content\\\/uploads\\\/1.png\",\"contentUrl\":\"https:\\\/\\\/jumandeadsea.com\\\/wp-content\\\/uploads\\\/1.png\",\"width\":780,\"height\":810},{\"@type\":\"BreadcrumbList\",\"@id\":\"https:\\\/\\\/jumandeadsea.com\\\/fr\\\/produit\\\/masque-purifiant-a-la-boue-de-la-mer-morte-avec-gel-daloe-vera-miel-et-huile-darbre-a-the\\\/#breadcrumb\",\"itemListElement\":[{\"@type\":\"ListItem\",\"position\":1,\"name\":\"Home\",\"item\":\"https:\\\/\\\/jumandeadsea.com\\\/fr\\\/\"},{\"@type\":\"ListItem\",\"position\":2,\"name\":\"Boutique\",\"item\":\"https:\\\/\\\/jumandeadsea.com\\\/shop\\\/\"},{\"@type\":\"ListItem\",\"position\":3,\"name\":\"Masque Purifiant \u00c0 La Boue De La Mer Morte Avec Gel D&rsquo;aloe Vera, Miel Et Huile D&rsquo;arbre \u00c0 Th\u00c9\"}]},{\"@type\":\"WebSite\",\"@id\":\"https:\\\/\\\/jumandeadsea.com\\\/fr\\\/#website\",\"url\":\"https:\\\/\\\/jumandeadsea.com\\\/fr\\\/\",\"name\":\"Juman Dead Sea\",\"description\":\"Authentic Dead Sea Mineral Skincare for Sensitive, Healthy Skin\",\"potentialAction\":[{\"@type\":\"SearchAction\",\"target\":{\"@type\":\"EntryPoint\",\"urlTemplate\":\"https:\\\/\\\/jumandeadsea.com\\\/fr\\\/?s={search_term_string}\"},\"query-input\":{\"@type\":\"PropertyValueSpecification\",\"valueRequired\":true,\"valueName\":\"search_term_string\"}}],\"inLanguage\":\"fr-FR\"}]}<\/script>\n<!-- \/ Yoast SEO plugin. -->","yoast_head_json":{"title":"MASQUE PURIFIANT \u00c0 LA BOUE DE LA MER MORTE AVEC GEL D'ALOE VERA, MIEL ET HUILE D'ARBRE \u00c0 TH\u00c9 - Juman Dead Sea","robots":{"index":"index","follow":"follow","max-snippet":"max-snippet:-1","max-image-preview":"max-image-preview:large","max-video-preview":"max-video-preview:-1"},"canonical":"https:\/\/jumandeadsea.com\/fr\/produit\/masque-purifiant-a-la-boue-de-la-mer-morte-avec-gel-daloe-vera-miel-et-huile-darbre-a-the\/","og_locale":"fr_FR","og_type":"article","og_title":"MASQUE PURIFIANT \u00c0 LA BOUE DE LA MER MORTE AVEC GEL D'ALOE VERA, MIEL ET HUILE D'ARBRE \u00c0 TH\u00c9 - Juman Dead Sea","og_description":"Un masque facial extr\u00eamement doux \u00e0 base de boue naturelle de la mer Morte, de gel d'aloe vera, de miel et d'huile d'arbre \u00e0 th\u00e9, pour un nettoyage en profondeur de la peau et une r\u00e9duction des imperfections et de l'acn\u00e9. Ce masque est con\u00e7u pour les peaux grasses afin d'offrir \u00e0 la peau une exp\u00e9rience \u00e0 plusieurs niveaux qui purifie et hydrate la peau \u00e0 un niveau et r\u00e9duit les rougeurs et les irritations \u00e0 un autre niveau, la laissant parfaitement radieuse, saine et avec une apparence impeccable. ID\u00c9AL POUR LES PEAUX GRASSES","og_url":"https:\/\/jumandeadsea.com\/fr\/produit\/masque-purifiant-a-la-boue-de-la-mer-morte-avec-gel-daloe-vera-miel-et-huile-darbre-a-the\/","og_site_name":"Juman Dead Sea","twitter_card":"summary_large_image","twitter_misc":{"Dur\u00e9e de lecture estim\u00e9e":"1 minute"},"schema":{"@context":"https:\/\/schema.org","@graph":[{"@type":"WebPage","@id":"https:\/\/jumandeadsea.com\/fr\/produit\/masque-purifiant-a-la-boue-de-la-mer-morte-avec-gel-daloe-vera-miel-et-huile-darbre-a-the\/","url":"https:\/\/jumandeadsea.com\/fr\/produit\/masque-purifiant-a-la-boue-de-la-mer-morte-avec-gel-daloe-vera-miel-et-huile-darbre-a-the\/","name":"MASQUE PURIFIANT \u00c0 LA BOUE DE LA MER MORTE AVEC GEL D'ALOE VERA, MIEL ET HUILE D'ARBRE \u00c0 TH\u00c9 - Juman Dead Sea","isPartOf":{"@id":"https:\/\/jumandeadsea.com\/fr\/#website"},"primaryImageOfPage":{"@id":"https:\/\/jumandeadsea.com\/fr\/produit\/masque-purifiant-a-la-boue-de-la-mer-morte-avec-gel-daloe-vera-miel-et-huile-darbre-a-the\/#primaryimage"},"image":{"@id":"https:\/\/jumandeadsea.com\/fr\/produit\/masque-purifiant-a-la-boue-de-la-mer-morte-avec-gel-daloe-vera-miel-et-huile-darbre-a-the\/#primaryimage"},"thumbnailUrl":"https:\/\/jumandeadsea.com\/wp-content\/uploads\/1.png","datePublished":"2024-11-18T17:30:22+00:00","breadcrumb":{"@id":"https:\/\/jumandeadsea.com\/fr\/produit\/masque-purifiant-a-la-boue-de-la-mer-morte-avec-gel-daloe-vera-miel-et-huile-darbre-a-the\/#breadcrumb"},"inLanguage":"fr-FR","potentialAction":[{"@type":"ReadAction","target":["https:\/\/jumandeadsea.com\/fr\/produit\/masque-purifiant-a-la-boue-de-la-mer-morte-avec-gel-daloe-vera-miel-et-huile-darbre-a-the\/"]}]},{"@type":"ImageObject","inLanguage":"fr-FR","@id":"https:\/\/jumandeadsea.com\/fr\/produit\/masque-purifiant-a-la-boue-de-la-mer-morte-avec-gel-daloe-vera-miel-et-huile-darbre-a-the\/#primaryimage","url":"https:\/\/jumandeadsea.com\/wp-content\/uploads\/1.png","contentUrl":"https:\/\/jumandeadsea.com\/wp-content\/uploads\/1.png","width":780,"height":810},{"@type":"BreadcrumbList","@id":"https:\/\/jumandeadsea.com\/fr\/produit\/masque-purifiant-a-la-boue-de-la-mer-morte-avec-gel-daloe-vera-miel-et-huile-darbre-a-the\/#breadcrumb","itemListElement":[{"@type":"ListItem","position":1,"name":"Home","item":"https:\/\/jumandeadsea.com\/fr\/"},{"@type":"ListItem","position":2,"name":"Boutique","item":"https:\/\/jumandeadsea.com\/shop\/"},{"@type":"ListItem","position":3,"name":"Masque Purifiant \u00c0 La Boue De La Mer Morte Avec Gel D&rsquo;aloe Vera, Miel Et Huile D&rsquo;arbre \u00c0 Th\u00c9"}]},{"@type":"WebSite","@id":"https:\/\/jumandeadsea.com\/fr\/#website","url":"https:\/\/jumandeadsea.com\/fr\/","name":"Juman Dead Sea","description":"Authentic Dead Sea Mineral Skincare for Sensitive, Healthy Skin","potentialAction":[{"@type":"SearchAction","target":{"@type":"EntryPoint","urlTemplate":"https:\/\/jumandeadsea.com\/fr\/?s={search_term_string}"},"query-input":{"@type":"PropertyValueSpecification","valueRequired":true,"valueName":"search_term_string"}}],"inLanguage":"fr-FR"}]}},"_links":{"self":[{"href":"https:\/\/jumandeadsea.com\/fr\/wp-json\/wp\/v2\/product\/326717","targetHints":{"allow":["GET"]}}],"collection":[{"href":"https:\/\/jumandeadsea.com\/fr\/wp-json\/wp\/v2\/product"}],"about":[{"href":"https:\/\/jumandeadsea.com\/fr\/wp-json\/wp\/v2\/types\/product"}],"replies":[{"embeddable":true,"href":"https:\/\/jumandeadsea.com\/fr\/wp-json\/wp\/v2\/comments?post=326717"}],"wp:featuredmedia":[{"embeddable":true,"href":"https:\/\/jumandeadsea.com\/fr\/wp-json\/wp\/v2\/media\/1840"}],"wp:attachment":[{"href":"https:\/\/jumandeadsea.com\/fr\/wp-json\/wp\/v2\/media?parent=326717"}],"wp:term":[{"taxonomy":"product_brand","embeddable":true,"href":"https:\/\/jumandeadsea.com\/fr\/wp-json\/wp\/v2\/product_brand?post=326717"},{"taxonomy":"product_cat","embeddable":true,"href":"https:\/\/jumandeadsea.com\/fr\/wp-json\/wp\/v2\/product_cat?post=326717"},{"taxonomy":"product_tag","embeddable":true,"href":"https:\/\/jumandeadsea.com\/fr\/wp-json\/wp\/v2\/product_tag?post=326717"}],"curies":[{"name":"wp","href":"https:\/\/api.w.org\/{rel}","templated":true}]}}