{"id":326716,"date":"2024-11-18T17:30:20","date_gmt":"2024-11-18T17:30:20","guid":{"rendered":"https:\/\/jumandeadsea.com\/product\/baume-a-levres-a-la-vanille-et-gommage-a-la-noix-de-coco\/"},"modified":"2024-11-18T17:30:20","modified_gmt":"2024-11-18T17:30:20","slug":"baume-a-levres-a-la-vanille-et-gommage-a-la-noix-de-coco","status":"publish","type":"product","link":"https:\/\/jumandeadsea.com\/fr\/produit\/baume-a-levres-a-la-vanille-et-gommage-a-la-noix-de-coco\/","title":{"rendered":"Baume \u00c0 L\u00c8vres \u00c0 La Vanille Et Gommage \u00c0 La Noix De Coco"},"content":{"rendered":"\n    <div class=\"shortcode-accordion\">\n        <h3 class=\"accordion-header\">Mode d&#039;emploi :<\/h3>\n        <div class=\"accordion-content\" style=\"display: none;\">\n            \n<p>Appliquez une quantit\u00e9 appropri\u00e9e de gommage sur vos l\u00e8vres pour les exfolier. Massez doucement, puis rincez \u00e0 l&rsquo;eau ti\u00e8de. Lorsque vous avez termin\u00e9, hydratez vos l\u00e8vres avec un baume \u00e0 l\u00e8vres.  <\/p>\n<p>&nbsp;<\/p>\n<p>\n        <\/div>\n    <\/div><br \/>\n\n    <div class=\"shortcode-accordion\">\n        <h3 class=\"accordion-header\">Informations sur le produit<\/h3>\n        <div class=\"accordion-content\" style=\"display: none;\">\n            <\/p>\n<p>&#8211; Exfoliant pour les l\u00e8vres Weight : 30 ml<\/p>\n<p>&#8211; Baume \u00e0 l\u00e8vres pond\u00e9ral : 20 ml<\/p>\n<p>\n        <\/div>\n    <\/div><\/p>\n","protected":false},"excerpt":{"rendered":"<p>Dites adieu \u00e0 la s\u00e9cheresse et bonjour aux l\u00e8vres douces et agr\u00e9ables \u00e0 embrasser gr\u00e2ce aux luxueux gommage et baume pour les l\u00e8vres de Juman. Ils sont \u00e9labor\u00e9s \u00e0 partir d&rsquo;un m\u00e9lange harmonieux d&rsquo;huiles essentielles et infus\u00e9s de sels de la mer Morte pour offrir une exfoliation douce et une hydratation intense, laissant vos l\u00e8vres douces, lisses et rajeunies. Le baume \u00e0 l\u00e8vres hydrate et prot\u00e8ge vos l\u00e8vres en les gardant douces et en r\u00e9duisant la s\u00e9cheresse, tandis que le gommage exfolie les peaux mortes, laissant vos l\u00e8vres douces et rafra\u00eechies. Ces deux produits essentiels au soin des l\u00e8vres se compl\u00e8tent \u00e0 merveille, garantissant des l\u00e8vres d\u00e9licatement parfum\u00e9es et douces.<br \/>\n<strong>VANILLE ET NOIX DE COCO<\/strong><\/p>\n","protected":false},"featured_media":2065,"comment_status":"closed","ping_status":"closed","template":"","meta":{"_et_pb_use_builder":"","_et_pb_old_content":"","_et_gb_content_width":""},"product_brand":[],"product_cat":[110],"product_tag":[],"class_list":{"0":"post-326716","1":"product","2":"type-product","3":"status-publish","4":"has-post-thumbnail","6":"product_cat-soins-des-levres","8":"first","9":"instock","10":"shipping-taxable","11":"purchasable","12":"product-type-simple"},"yoast_head":"<!-- This site is optimized with the Yoast SEO plugin v27.3 - https:\/\/yoast.com\/product\/yoast-seo-wordpress\/ -->\n<title>BAUME \u00c0 L\u00c8VRES \u00c0 LA VANILLE ET GOMMAGE \u00c0 LA NOIX DE COCO - Juman Dead Sea<\/title>\n<meta name=\"robots\" content=\"index, follow, max-snippet:-1, max-image-preview:large, max-video-preview:-1\" \/>\n<link rel=\"canonical\" href=\"https:\/\/jumandeadsea.com\/fr\/produit\/baume-a-levres-a-la-vanille-et-gommage-a-la-noix-de-coco\/\" \/>\n<meta property=\"og:locale\" content=\"fr_FR\" \/>\n<meta property=\"og:type\" content=\"article\" \/>\n<meta property=\"og:title\" content=\"BAUME \u00c0 L\u00c8VRES \u00c0 LA VANILLE ET GOMMAGE \u00c0 LA NOIX DE COCO - Juman Dead Sea\" \/>\n<meta property=\"og:description\" content=\"Dites adieu \u00e0 la s\u00e9cheresse et bonjour aux l\u00e8vres douces et agr\u00e9ables \u00e0 embrasser gr\u00e2ce aux luxueux gommage et baume pour les l\u00e8vres de Juman. Ils sont \u00e9labor\u00e9s \u00e0 partir d&#039;un m\u00e9lange harmonieux d&#039;huiles essentielles et infus\u00e9s de sels de la mer Morte pour offrir une exfoliation douce et une hydratation intense, laissant vos l\u00e8vres douces, lisses et rajeunies. Le baume \u00e0 l\u00e8vres hydrate et prot\u00e8ge vos l\u00e8vres en les gardant douces et en r\u00e9duisant la s\u00e9cheresse, tandis que le gommage exfolie les peaux mortes, laissant vos l\u00e8vres douces et rafra\u00eechies. Ces deux produits essentiels au soin des l\u00e8vres se compl\u00e8tent \u00e0 merveille, garantissant des l\u00e8vres d\u00e9licatement parfum\u00e9es et douces.  VANILLE ET NOIX DE COCO\" \/>\n<meta property=\"og:url\" content=\"https:\/\/jumandeadsea.com\/fr\/produit\/baume-a-levres-a-la-vanille-et-gommage-a-la-noix-de-coco\/\" \/>\n<meta property=\"og:site_name\" content=\"Juman Dead Sea\" \/>\n<meta name=\"twitter:card\" content=\"summary_large_image\" \/>\n<script type=\"application\/ld+json\" class=\"yoast-schema-graph\">{\"@context\":\"https:\\\/\\\/schema.org\",\"@graph\":[{\"@type\":\"WebPage\",\"@id\":\"https:\\\/\\\/jumandeadsea.com\\\/fr\\\/produit\\\/baume-a-levres-a-la-vanille-et-gommage-a-la-noix-de-coco\\\/\",\"url\":\"https:\\\/\\\/jumandeadsea.com\\\/fr\\\/produit\\\/baume-a-levres-a-la-vanille-et-gommage-a-la-noix-de-coco\\\/\",\"name\":\"BAUME \u00c0 L\u00c8VRES \u00c0 LA VANILLE ET GOMMAGE \u00c0 LA NOIX DE COCO - Juman Dead Sea\",\"isPartOf\":{\"@id\":\"https:\\\/\\\/jumandeadsea.com\\\/fr\\\/#website\"},\"primaryImageOfPage\":{\"@id\":\"https:\\\/\\\/jumandeadsea.com\\\/fr\\\/produit\\\/baume-a-levres-a-la-vanille-et-gommage-a-la-noix-de-coco\\\/#primaryimage\"},\"image\":{\"@id\":\"https:\\\/\\\/jumandeadsea.com\\\/fr\\\/produit\\\/baume-a-levres-a-la-vanille-et-gommage-a-la-noix-de-coco\\\/#primaryimage\"},\"thumbnailUrl\":\"https:\\\/\\\/jumandeadsea.com\\\/wp-content\\\/uploads\\\/LIP-BALM-SCRUB-BOX-BOTTEL.png\",\"datePublished\":\"2024-11-18T17:30:20+00:00\",\"breadcrumb\":{\"@id\":\"https:\\\/\\\/jumandeadsea.com\\\/fr\\\/produit\\\/baume-a-levres-a-la-vanille-et-gommage-a-la-noix-de-coco\\\/#breadcrumb\"},\"inLanguage\":\"fr-FR\",\"potentialAction\":[{\"@type\":\"ReadAction\",\"target\":[\"https:\\\/\\\/jumandeadsea.com\\\/fr\\\/produit\\\/baume-a-levres-a-la-vanille-et-gommage-a-la-noix-de-coco\\\/\"]}]},{\"@type\":\"ImageObject\",\"inLanguage\":\"fr-FR\",\"@id\":\"https:\\\/\\\/jumandeadsea.com\\\/fr\\\/produit\\\/baume-a-levres-a-la-vanille-et-gommage-a-la-noix-de-coco\\\/#primaryimage\",\"url\":\"https:\\\/\\\/jumandeadsea.com\\\/wp-content\\\/uploads\\\/LIP-BALM-SCRUB-BOX-BOTTEL.png\",\"contentUrl\":\"https:\\\/\\\/jumandeadsea.com\\\/wp-content\\\/uploads\\\/LIP-BALM-SCRUB-BOX-BOTTEL.png\",\"width\":1600,\"height\":1600},{\"@type\":\"BreadcrumbList\",\"@id\":\"https:\\\/\\\/jumandeadsea.com\\\/fr\\\/produit\\\/baume-a-levres-a-la-vanille-et-gommage-a-la-noix-de-coco\\\/#breadcrumb\",\"itemListElement\":[{\"@type\":\"ListItem\",\"position\":1,\"name\":\"Home\",\"item\":\"https:\\\/\\\/jumandeadsea.com\\\/fr\\\/\"},{\"@type\":\"ListItem\",\"position\":2,\"name\":\"Boutique\",\"item\":\"https:\\\/\\\/jumandeadsea.com\\\/shop\\\/\"},{\"@type\":\"ListItem\",\"position\":3,\"name\":\"Baume \u00c0 L\u00c8vres \u00c0 La Vanille Et Gommage \u00c0 La Noix De Coco\"}]},{\"@type\":\"WebSite\",\"@id\":\"https:\\\/\\\/jumandeadsea.com\\\/fr\\\/#website\",\"url\":\"https:\\\/\\\/jumandeadsea.com\\\/fr\\\/\",\"name\":\"Juman Dead Sea\",\"description\":\"Authentic Dead Sea Mineral Skincare for Sensitive, Healthy Skin\",\"potentialAction\":[{\"@type\":\"SearchAction\",\"target\":{\"@type\":\"EntryPoint\",\"urlTemplate\":\"https:\\\/\\\/jumandeadsea.com\\\/fr\\\/?s={search_term_string}\"},\"query-input\":{\"@type\":\"PropertyValueSpecification\",\"valueRequired\":true,\"valueName\":\"search_term_string\"}}],\"inLanguage\":\"fr-FR\"}]}<\/script>\n<!-- \/ Yoast SEO plugin. -->","yoast_head_json":{"title":"BAUME \u00c0 L\u00c8VRES \u00c0 LA VANILLE ET GOMMAGE \u00c0 LA NOIX DE COCO - Juman Dead Sea","robots":{"index":"index","follow":"follow","max-snippet":"max-snippet:-1","max-image-preview":"max-image-preview:large","max-video-preview":"max-video-preview:-1"},"canonical":"https:\/\/jumandeadsea.com\/fr\/produit\/baume-a-levres-a-la-vanille-et-gommage-a-la-noix-de-coco\/","og_locale":"fr_FR","og_type":"article","og_title":"BAUME \u00c0 L\u00c8VRES \u00c0 LA VANILLE ET GOMMAGE \u00c0 LA NOIX DE COCO - Juman Dead Sea","og_description":"Dites adieu \u00e0 la s\u00e9cheresse et bonjour aux l\u00e8vres douces et agr\u00e9ables \u00e0 embrasser gr\u00e2ce aux luxueux gommage et baume pour les l\u00e8vres de Juman. Ils sont \u00e9labor\u00e9s \u00e0 partir d'un m\u00e9lange harmonieux d'huiles essentielles et infus\u00e9s de sels de la mer Morte pour offrir une exfoliation douce et une hydratation intense, laissant vos l\u00e8vres douces, lisses et rajeunies. Le baume \u00e0 l\u00e8vres hydrate et prot\u00e8ge vos l\u00e8vres en les gardant douces et en r\u00e9duisant la s\u00e9cheresse, tandis que le gommage exfolie les peaux mortes, laissant vos l\u00e8vres douces et rafra\u00eechies. Ces deux produits essentiels au soin des l\u00e8vres se compl\u00e8tent \u00e0 merveille, garantissant des l\u00e8vres d\u00e9licatement parfum\u00e9es et douces.  VANILLE ET NOIX DE COCO","og_url":"https:\/\/jumandeadsea.com\/fr\/produit\/baume-a-levres-a-la-vanille-et-gommage-a-la-noix-de-coco\/","og_site_name":"Juman Dead Sea","twitter_card":"summary_large_image","schema":{"@context":"https:\/\/schema.org","@graph":[{"@type":"WebPage","@id":"https:\/\/jumandeadsea.com\/fr\/produit\/baume-a-levres-a-la-vanille-et-gommage-a-la-noix-de-coco\/","url":"https:\/\/jumandeadsea.com\/fr\/produit\/baume-a-levres-a-la-vanille-et-gommage-a-la-noix-de-coco\/","name":"BAUME \u00c0 L\u00c8VRES \u00c0 LA VANILLE ET GOMMAGE \u00c0 LA NOIX DE COCO - Juman Dead Sea","isPartOf":{"@id":"https:\/\/jumandeadsea.com\/fr\/#website"},"primaryImageOfPage":{"@id":"https:\/\/jumandeadsea.com\/fr\/produit\/baume-a-levres-a-la-vanille-et-gommage-a-la-noix-de-coco\/#primaryimage"},"image":{"@id":"https:\/\/jumandeadsea.com\/fr\/produit\/baume-a-levres-a-la-vanille-et-gommage-a-la-noix-de-coco\/#primaryimage"},"thumbnailUrl":"https:\/\/jumandeadsea.com\/wp-content\/uploads\/LIP-BALM-SCRUB-BOX-BOTTEL.png","datePublished":"2024-11-18T17:30:20+00:00","breadcrumb":{"@id":"https:\/\/jumandeadsea.com\/fr\/produit\/baume-a-levres-a-la-vanille-et-gommage-a-la-noix-de-coco\/#breadcrumb"},"inLanguage":"fr-FR","potentialAction":[{"@type":"ReadAction","target":["https:\/\/jumandeadsea.com\/fr\/produit\/baume-a-levres-a-la-vanille-et-gommage-a-la-noix-de-coco\/"]}]},{"@type":"ImageObject","inLanguage":"fr-FR","@id":"https:\/\/jumandeadsea.com\/fr\/produit\/baume-a-levres-a-la-vanille-et-gommage-a-la-noix-de-coco\/#primaryimage","url":"https:\/\/jumandeadsea.com\/wp-content\/uploads\/LIP-BALM-SCRUB-BOX-BOTTEL.png","contentUrl":"https:\/\/jumandeadsea.com\/wp-content\/uploads\/LIP-BALM-SCRUB-BOX-BOTTEL.png","width":1600,"height":1600},{"@type":"BreadcrumbList","@id":"https:\/\/jumandeadsea.com\/fr\/produit\/baume-a-levres-a-la-vanille-et-gommage-a-la-noix-de-coco\/#breadcrumb","itemListElement":[{"@type":"ListItem","position":1,"name":"Home","item":"https:\/\/jumandeadsea.com\/fr\/"},{"@type":"ListItem","position":2,"name":"Boutique","item":"https:\/\/jumandeadsea.com\/shop\/"},{"@type":"ListItem","position":3,"name":"Baume \u00c0 L\u00c8vres \u00c0 La Vanille Et Gommage \u00c0 La Noix De Coco"}]},{"@type":"WebSite","@id":"https:\/\/jumandeadsea.com\/fr\/#website","url":"https:\/\/jumandeadsea.com\/fr\/","name":"Juman Dead Sea","description":"Authentic Dead Sea Mineral Skincare for Sensitive, Healthy Skin","potentialAction":[{"@type":"SearchAction","target":{"@type":"EntryPoint","urlTemplate":"https:\/\/jumandeadsea.com\/fr\/?s={search_term_string}"},"query-input":{"@type":"PropertyValueSpecification","valueRequired":true,"valueName":"search_term_string"}}],"inLanguage":"fr-FR"}]}},"_links":{"self":[{"href":"https:\/\/jumandeadsea.com\/fr\/wp-json\/wp\/v2\/product\/326716","targetHints":{"allow":["GET"]}}],"collection":[{"href":"https:\/\/jumandeadsea.com\/fr\/wp-json\/wp\/v2\/product"}],"about":[{"href":"https:\/\/jumandeadsea.com\/fr\/wp-json\/wp\/v2\/types\/product"}],"replies":[{"embeddable":true,"href":"https:\/\/jumandeadsea.com\/fr\/wp-json\/wp\/v2\/comments?post=326716"}],"wp:featuredmedia":[{"embeddable":true,"href":"https:\/\/jumandeadsea.com\/fr\/wp-json\/wp\/v2\/media\/2065"}],"wp:attachment":[{"href":"https:\/\/jumandeadsea.com\/fr\/wp-json\/wp\/v2\/media?parent=326716"}],"wp:term":[{"taxonomy":"product_brand","embeddable":true,"href":"https:\/\/jumandeadsea.com\/fr\/wp-json\/wp\/v2\/product_brand?post=326716"},{"taxonomy":"product_cat","embeddable":true,"href":"https:\/\/jumandeadsea.com\/fr\/wp-json\/wp\/v2\/product_cat?post=326716"},{"taxonomy":"product_tag","embeddable":true,"href":"https:\/\/jumandeadsea.com\/fr\/wp-json\/wp\/v2\/product_tag?post=326716"}],"curies":[{"name":"wp","href":"https:\/\/api.w.org\/{rel}","templated":true}]}}