{"id":326712,"date":"2024-11-18T17:30:23","date_gmt":"2024-11-18T17:30:23","guid":{"rendered":"https:\/\/jumandeadsea.com\/product\/creme-de-gommage-aux-mineraux-de-la-mer-morte\/"},"modified":"2024-11-18T17:30:23","modified_gmt":"2024-11-18T17:30:23","slug":"creme-de-gommage-aux-mineraux-de-la-mer-morte","status":"publish","type":"product","link":"https:\/\/jumandeadsea.com\/fr\/produit\/creme-de-gommage-aux-mineraux-de-la-mer-morte\/","title":{"rendered":"Cr\u00c8me De Gommage Aux Min\u00c9raux De La Mer Morte"},"content":{"rendered":"\n    <div class=\"shortcode-accordion\">\n        <h3 class=\"accordion-header\">Ingr\u00e9dients<\/h3>\n        <div class=\"accordion-content\" style=\"display: none;\">\n            \n<p>Theobroma Cacao (beurre de cacao), poudre de coquille de noix, extrait d&rsquo;Aloe Barbadensis (Aloe Vera), beurre de Butyrospermum Parkii (karit\u00e9) fruit, tocoph\u00e9rol (vitamine E), Maris Sal (sel de la mer Morte).<\/p>\n<ul>\n<li><em>Beurre de cacao :<\/em> il contient de grandes quantit\u00e9s d&rsquo;antioxydants qui aident \u00e0 r\u00e9parer la peau des dommages caus\u00e9s par le soleil et le vieillissement ; il apaise \u00e9galement les rougeurs et les imperfections.<\/li>\n<li><em>Poudre de coquille de noix :<\/em> \u00e9limine en douceur les impuret\u00e9s de la peau et les cellules superficielles ternes, laissant la peau instantan\u00e9ment lisse et \u00e9clatante.<\/li>\n<li><em>Extrait d&rsquo;aloe vera : <\/em>poss\u00e8de de puissantes propri\u00e9t\u00e9s curatives qui se sont av\u00e9r\u00e9es efficaces pour traiter les coups de soleil et r\u00e9duire la visibilit\u00e9 des cicatrices ; il agit \u00e9galement comme un hydratant.<\/li>\n<li><em>Beurre de karit\u00e9 : <\/em>excellent hydratant naturel pour le visage et le corps, il r\u00e9duit les rides et combat les signes de vieillissement, et restaure l&rsquo;\u00e9lasticit\u00e9 de la peau.<\/li>\n<li><em>Vitamine E :<\/em> cette vitamine liposoluble peut \u00eatre absorb\u00e9e par la peau ; c&rsquo;est un antioxydant b\u00e9n\u00e9fique qui aide \u00e0 r\u00e9duire les dommages caus\u00e9s par les UV et le soleil sur la peau.<\/li>\n<li><em>Sel de la mer morte :<\/em> Les sels organiques riches en magn\u00e9sium am\u00e9liorent l&rsquo;hydratation de la peau et r\u00e9duisent l&rsquo;inflammation des peaux s\u00e8ches.<\/li>\n<\/ul>\n<p>\n        <\/div>\n    <\/div><br \/>\n\n    <div class=\"shortcode-accordion\">\n        <h3 class=\"accordion-header\">Mode d&#039;emploi :<\/h3>\n        <div class=\"accordion-content\" style=\"display: none;\">\n            <\/p>\n<p>Appliquez une petite quantit\u00e9 sur le visage et le cou secs et massez doucement du bout des doigts pendant (1-2) minutes pour s\u00e9cher, puis rincez la zone \u00e0 l&rsquo;eau ti\u00e8de. Pour de meilleurs r\u00e9sultats, utilisez-le 1 \u00e0 2 fois par semaine. <\/p>\n<p>\n        <\/div>\n    <\/div><br \/>\n\n    <div class=\"shortcode-accordion\">\n        <h3 class=\"accordion-header\">Informations sur le produit<\/h3>\n        <div class=\"accordion-content\" style=\"display: none;\">\n            <\/p>\n<p>&#8211; CPNP : 3507580<\/p>\n<p>&#8211; Poids : 150gm<\/p>\n<p>\n        <\/div>\n    <\/div><\/p>\n","protected":false},"excerpt":{"rendered":"<p>Ce gommage riche est enrichi d&rsquo;extrait d&rsquo;aloe vera et de poudre de coquille de noix, deux ingr\u00e9dients destin\u00e9s \u00e0 compl\u00e9ter les propri\u00e9t\u00e9s nettoyantes du gommage en nourrissant sainement la peau et en lui donnant un fini doux. Votre peau se sentira saine et fra\u00eeche, avec un \u00e9clat et une luminosit\u00e9 remarquables.<br \/>\n<strong>ID\u00c9AL POUR LES PEAUX S\u00c8CHES<\/strong><\/p>\n","protected":false},"featured_media":1749,"comment_status":"open","ping_status":"closed","template":"","meta":{"_et_pb_use_builder":"","_et_pb_old_content":"","_et_gb_content_width":""},"product_brand":[],"product_cat":[102],"product_tag":[],"class_list":{"0":"post-326712","1":"product","2":"type-product","3":"status-publish","4":"has-post-thumbnail","6":"product_cat-soins-du-visage","8":"first","9":"instock","10":"shipping-taxable","11":"purchasable","12":"product-type-simple"},"yoast_head":"<!-- This site is optimized with the Yoast SEO plugin v27.3 - https:\/\/yoast.com\/product\/yoast-seo-wordpress\/ -->\n<title>CR\u00c8ME DE GOMMAGE AUX MIN\u00c9RAUX DE LA MER MORTE - Juman Dead Sea<\/title>\n<meta name=\"robots\" content=\"index, follow, max-snippet:-1, max-image-preview:large, max-video-preview:-1\" \/>\n<link rel=\"canonical\" href=\"https:\/\/jumandeadsea.com\/fr\/produit\/creme-de-gommage-aux-mineraux-de-la-mer-morte\/\" \/>\n<meta property=\"og:locale\" content=\"fr_FR\" \/>\n<meta property=\"og:type\" content=\"article\" \/>\n<meta property=\"og:title\" content=\"CR\u00c8ME DE GOMMAGE AUX MIN\u00c9RAUX DE LA MER MORTE - Juman Dead Sea\" \/>\n<meta property=\"og:description\" content=\"Ce gommage riche est enrichi d&#039;extrait d&#039;aloe vera et de poudre de coquille de noix, deux ingr\u00e9dients destin\u00e9s \u00e0 compl\u00e9ter les propri\u00e9t\u00e9s nettoyantes du gommage en nourrissant sainement la peau et en lui donnant un fini doux. Votre peau se sentira saine et fra\u00eeche, avec un \u00e9clat et une luminosit\u00e9 remarquables. ID\u00c9AL POUR LES PEAUX S\u00c8CHES\" \/>\n<meta property=\"og:url\" content=\"https:\/\/jumandeadsea.com\/fr\/produit\/creme-de-gommage-aux-mineraux-de-la-mer-morte\/\" \/>\n<meta property=\"og:site_name\" content=\"Juman Dead Sea\" \/>\n<meta name=\"twitter:card\" content=\"summary_large_image\" \/>\n<meta name=\"twitter:label1\" content=\"Dur\u00e9e de lecture estim\u00e9e\" \/>\n\t<meta name=\"twitter:data1\" content=\"1 minute\" \/>\n<script type=\"application\/ld+json\" class=\"yoast-schema-graph\">{\"@context\":\"https:\\\/\\\/schema.org\",\"@graph\":[{\"@type\":\"WebPage\",\"@id\":\"https:\\\/\\\/jumandeadsea.com\\\/fr\\\/produit\\\/creme-de-gommage-aux-mineraux-de-la-mer-morte\\\/\",\"url\":\"https:\\\/\\\/jumandeadsea.com\\\/fr\\\/produit\\\/creme-de-gommage-aux-mineraux-de-la-mer-morte\\\/\",\"name\":\"CR\u00c8ME DE GOMMAGE AUX MIN\u00c9RAUX DE LA MER MORTE - Juman Dead Sea\",\"isPartOf\":{\"@id\":\"https:\\\/\\\/jumandeadsea.com\\\/fr\\\/#website\"},\"primaryImageOfPage\":{\"@id\":\"https:\\\/\\\/jumandeadsea.com\\\/fr\\\/produit\\\/creme-de-gommage-aux-mineraux-de-la-mer-morte\\\/#primaryimage\"},\"image\":{\"@id\":\"https:\\\/\\\/jumandeadsea.com\\\/fr\\\/produit\\\/creme-de-gommage-aux-mineraux-de-la-mer-morte\\\/#primaryimage\"},\"thumbnailUrl\":\"https:\\\/\\\/jumandeadsea.com\\\/wp-content\\\/uploads\\\/Scrub-Cream.png\",\"datePublished\":\"2024-11-18T17:30:23+00:00\",\"breadcrumb\":{\"@id\":\"https:\\\/\\\/jumandeadsea.com\\\/fr\\\/produit\\\/creme-de-gommage-aux-mineraux-de-la-mer-morte\\\/#breadcrumb\"},\"inLanguage\":\"fr-FR\",\"potentialAction\":[{\"@type\":\"ReadAction\",\"target\":[\"https:\\\/\\\/jumandeadsea.com\\\/fr\\\/produit\\\/creme-de-gommage-aux-mineraux-de-la-mer-morte\\\/\"]}]},{\"@type\":\"ImageObject\",\"inLanguage\":\"fr-FR\",\"@id\":\"https:\\\/\\\/jumandeadsea.com\\\/fr\\\/produit\\\/creme-de-gommage-aux-mineraux-de-la-mer-morte\\\/#primaryimage\",\"url\":\"https:\\\/\\\/jumandeadsea.com\\\/wp-content\\\/uploads\\\/Scrub-Cream.png\",\"contentUrl\":\"https:\\\/\\\/jumandeadsea.com\\\/wp-content\\\/uploads\\\/Scrub-Cream.png\",\"width\":1181,\"height\":1181},{\"@type\":\"BreadcrumbList\",\"@id\":\"https:\\\/\\\/jumandeadsea.com\\\/fr\\\/produit\\\/creme-de-gommage-aux-mineraux-de-la-mer-morte\\\/#breadcrumb\",\"itemListElement\":[{\"@type\":\"ListItem\",\"position\":1,\"name\":\"Home\",\"item\":\"https:\\\/\\\/jumandeadsea.com\\\/fr\\\/\"},{\"@type\":\"ListItem\",\"position\":2,\"name\":\"Boutique\",\"item\":\"https:\\\/\\\/jumandeadsea.com\\\/shop\\\/\"},{\"@type\":\"ListItem\",\"position\":3,\"name\":\"Cr\u00c8me De Gommage Aux Min\u00c9raux De La Mer Morte\"}]},{\"@type\":\"WebSite\",\"@id\":\"https:\\\/\\\/jumandeadsea.com\\\/fr\\\/#website\",\"url\":\"https:\\\/\\\/jumandeadsea.com\\\/fr\\\/\",\"name\":\"Juman Dead Sea\",\"description\":\"Authentic Dead Sea Mineral Skincare for Sensitive, Healthy Skin\",\"potentialAction\":[{\"@type\":\"SearchAction\",\"target\":{\"@type\":\"EntryPoint\",\"urlTemplate\":\"https:\\\/\\\/jumandeadsea.com\\\/fr\\\/?s={search_term_string}\"},\"query-input\":{\"@type\":\"PropertyValueSpecification\",\"valueRequired\":true,\"valueName\":\"search_term_string\"}}],\"inLanguage\":\"fr-FR\"}]}<\/script>\n<!-- \/ Yoast SEO plugin. -->","yoast_head_json":{"title":"CR\u00c8ME DE GOMMAGE AUX MIN\u00c9RAUX DE LA MER MORTE - Juman Dead Sea","robots":{"index":"index","follow":"follow","max-snippet":"max-snippet:-1","max-image-preview":"max-image-preview:large","max-video-preview":"max-video-preview:-1"},"canonical":"https:\/\/jumandeadsea.com\/fr\/produit\/creme-de-gommage-aux-mineraux-de-la-mer-morte\/","og_locale":"fr_FR","og_type":"article","og_title":"CR\u00c8ME DE GOMMAGE AUX MIN\u00c9RAUX DE LA MER MORTE - Juman Dead Sea","og_description":"Ce gommage riche est enrichi d'extrait d'aloe vera et de poudre de coquille de noix, deux ingr\u00e9dients destin\u00e9s \u00e0 compl\u00e9ter les propri\u00e9t\u00e9s nettoyantes du gommage en nourrissant sainement la peau et en lui donnant un fini doux. Votre peau se sentira saine et fra\u00eeche, avec un \u00e9clat et une luminosit\u00e9 remarquables. ID\u00c9AL POUR LES PEAUX S\u00c8CHES","og_url":"https:\/\/jumandeadsea.com\/fr\/produit\/creme-de-gommage-aux-mineraux-de-la-mer-morte\/","og_site_name":"Juman Dead Sea","twitter_card":"summary_large_image","twitter_misc":{"Dur\u00e9e de lecture estim\u00e9e":"1 minute"},"schema":{"@context":"https:\/\/schema.org","@graph":[{"@type":"WebPage","@id":"https:\/\/jumandeadsea.com\/fr\/produit\/creme-de-gommage-aux-mineraux-de-la-mer-morte\/","url":"https:\/\/jumandeadsea.com\/fr\/produit\/creme-de-gommage-aux-mineraux-de-la-mer-morte\/","name":"CR\u00c8ME DE GOMMAGE AUX MIN\u00c9RAUX DE LA MER MORTE - Juman Dead Sea","isPartOf":{"@id":"https:\/\/jumandeadsea.com\/fr\/#website"},"primaryImageOfPage":{"@id":"https:\/\/jumandeadsea.com\/fr\/produit\/creme-de-gommage-aux-mineraux-de-la-mer-morte\/#primaryimage"},"image":{"@id":"https:\/\/jumandeadsea.com\/fr\/produit\/creme-de-gommage-aux-mineraux-de-la-mer-morte\/#primaryimage"},"thumbnailUrl":"https:\/\/jumandeadsea.com\/wp-content\/uploads\/Scrub-Cream.png","datePublished":"2024-11-18T17:30:23+00:00","breadcrumb":{"@id":"https:\/\/jumandeadsea.com\/fr\/produit\/creme-de-gommage-aux-mineraux-de-la-mer-morte\/#breadcrumb"},"inLanguage":"fr-FR","potentialAction":[{"@type":"ReadAction","target":["https:\/\/jumandeadsea.com\/fr\/produit\/creme-de-gommage-aux-mineraux-de-la-mer-morte\/"]}]},{"@type":"ImageObject","inLanguage":"fr-FR","@id":"https:\/\/jumandeadsea.com\/fr\/produit\/creme-de-gommage-aux-mineraux-de-la-mer-morte\/#primaryimage","url":"https:\/\/jumandeadsea.com\/wp-content\/uploads\/Scrub-Cream.png","contentUrl":"https:\/\/jumandeadsea.com\/wp-content\/uploads\/Scrub-Cream.png","width":1181,"height":1181},{"@type":"BreadcrumbList","@id":"https:\/\/jumandeadsea.com\/fr\/produit\/creme-de-gommage-aux-mineraux-de-la-mer-morte\/#breadcrumb","itemListElement":[{"@type":"ListItem","position":1,"name":"Home","item":"https:\/\/jumandeadsea.com\/fr\/"},{"@type":"ListItem","position":2,"name":"Boutique","item":"https:\/\/jumandeadsea.com\/shop\/"},{"@type":"ListItem","position":3,"name":"Cr\u00c8me De Gommage Aux Min\u00c9raux De La Mer Morte"}]},{"@type":"WebSite","@id":"https:\/\/jumandeadsea.com\/fr\/#website","url":"https:\/\/jumandeadsea.com\/fr\/","name":"Juman Dead Sea","description":"Authentic Dead Sea Mineral Skincare for Sensitive, Healthy Skin","potentialAction":[{"@type":"SearchAction","target":{"@type":"EntryPoint","urlTemplate":"https:\/\/jumandeadsea.com\/fr\/?s={search_term_string}"},"query-input":{"@type":"PropertyValueSpecification","valueRequired":true,"valueName":"search_term_string"}}],"inLanguage":"fr-FR"}]}},"_links":{"self":[{"href":"https:\/\/jumandeadsea.com\/fr\/wp-json\/wp\/v2\/product\/326712","targetHints":{"allow":["GET"]}}],"collection":[{"href":"https:\/\/jumandeadsea.com\/fr\/wp-json\/wp\/v2\/product"}],"about":[{"href":"https:\/\/jumandeadsea.com\/fr\/wp-json\/wp\/v2\/types\/product"}],"replies":[{"embeddable":true,"href":"https:\/\/jumandeadsea.com\/fr\/wp-json\/wp\/v2\/comments?post=326712"}],"wp:featuredmedia":[{"embeddable":true,"href":"https:\/\/jumandeadsea.com\/fr\/wp-json\/wp\/v2\/media\/1749"}],"wp:attachment":[{"href":"https:\/\/jumandeadsea.com\/fr\/wp-json\/wp\/v2\/media?parent=326712"}],"wp:term":[{"taxonomy":"product_brand","embeddable":true,"href":"https:\/\/jumandeadsea.com\/fr\/wp-json\/wp\/v2\/product_brand?post=326712"},{"taxonomy":"product_cat","embeddable":true,"href":"https:\/\/jumandeadsea.com\/fr\/wp-json\/wp\/v2\/product_cat?post=326712"},{"taxonomy":"product_tag","embeddable":true,"href":"https:\/\/jumandeadsea.com\/fr\/wp-json\/wp\/v2\/product_tag?post=326712"}],"curies":[{"name":"wp","href":"https:\/\/api.w.org\/{rel}","templated":true}]}}