{"id":326710,"date":"2024-11-18T17:30:24","date_gmt":"2024-11-18T13:30:24","guid":{"rendered":"https:\/\/jumandeadsea.com\/product\/serum-pour-le-visage-le-cou-et-le-dessous-des-yeux-aux-mineraux-de-la-mer-morte\/"},"modified":"2024-11-18T17:30:24","modified_gmt":"2024-11-18T17:30:24","slug":"serum-pour-le-visage-le-cou-et-le-dessous-des-yeux-aux-mineraux-de-la-mer-morte","status":"publish","type":"product","link":"https:\/\/jumandeadsea.com\/fr\/produit\/serum-pour-le-visage-le-cou-et-le-dessous-des-yeux-aux-mineraux-de-la-mer-morte\/","title":{"rendered":"S\u00c9rum Pour Le Visage, Le Cou Et Le Dessous Des Yeux Aux Min\u00c9raux De La Mer Morte"},"content":{"rendered":"\n    <div class=\"shortcode-accordion\">\n        <h3 class=\"accordion-header\">Ingr\u00e9dients<\/h3>\n        <div class=\"accordion-content\" style=\"display: none;\">\n            \n<p>Jus d&rsquo;Aloe Barbadensis (Aloe Vera), extrait de fleur de Chamomilla Recutita (Camomille), collag\u00e8ne hydrolys\u00e9, hyaluronate de sodium, palmitate d&rsquo;ascorbyle (vitamine C), Maris Sal (sel de la mer Morte).<\/p>\n<ul>\n<li><em>Jus de feuilles d&rsquo;aloe vera : <\/em>il poss\u00e8de de puissantes propri\u00e9t\u00e9s curatives qui se sont av\u00e9r\u00e9es efficaces pour traiter les coups de soleil et r\u00e9duire la visibilit\u00e9 des cicatrices. Il agit \u00e9galement comme agent hydratant et favorise la production et la lib\u00e9ration de collag\u00e8ne.<\/li>\n<li><em>Extrait de camomille : <\/em>poss\u00e8de d&rsquo;excellentes capacit\u00e9s \u00e0 neutraliser les irritants cutan\u00e9s, en plus de ses propri\u00e9t\u00e9s antibact\u00e9riennes et hypoallerg\u00e9niques qui aident \u00e0 soulager de nombreuses affections cutan\u00e9es associ\u00e9es \u00e0 la peau grasse et \u00e0 l&rsquo;acn\u00e9.<\/li>\n<li><em>Collag\u00e8ne :<\/em> peut am\u00e9liorer l&rsquo;\u00e9lasticit\u00e9 de la peau, r\u00e9duire les rides visibles, augmenter le flux sanguin vers la peau et stimuler la production de cette prot\u00e9ine structurelle, responsable de la jeunesse et de la souplesse de la peau, et lutter contre le rel\u00e2chement et les ridules.<\/li>\n<li>Hyaluronate de sodium<strong>: <\/strong>Soulage les d\u00e9mangeaisons dues \u00e0 une peau d\u00e9shydrat\u00e9e et irrit\u00e9e, r\u00e9duit l&rsquo;apparence des rides et am\u00e9liore g\u00e9n\u00e9ralement la texture de la peau, aide \u00e0 restaurer l&rsquo;hydratation de la peau, favorisant un teint plus revitalis\u00e9 et plus jeune.<\/li>\n<li>Acide ascorbique (vitamine C) : il a un effet rajeunissant sur la peau en am\u00e9liorant la synth\u00e8se du collag\u00e8ne dans la peau, ce qui ralentit le vieillissement. Il limite \u00e9galement les dommages caus\u00e9s \u00e0 la peau par les radicaux libres.<\/li>\n<li><em>Sel de la mer morte :<\/em> Les sels organiques riches en magn\u00e9sium am\u00e9liorent l&rsquo;hydratation de la peau et r\u00e9duisent l&rsquo;inflammation des peaux s\u00e8ches.<\/li>\n<\/ul>\n<p>\n        <\/div>\n    <\/div><br \/>\n\n    <div class=\"shortcode-accordion\">\n        <h3 class=\"accordion-header\">Mode d&#039;emploi :<\/h3>\n        <div class=\"accordion-content\" style=\"display: none;\">\n            <\/p>\n<p>Appliquez-le le soir, apr\u00e8s avoir nettoy\u00e9 et s\u00e9ch\u00e9 la zone concern\u00e9e, en effectuant de l\u00e9gers mouvements circulaires ascendants, tout en l&rsquo;\u00e9talant d\u00e9licatement du bout des doigts pour assurer une absorption compl\u00e8te.<\/p>\n<p>\n        <\/div>\n    <\/div><br \/>\n\n    <div class=\"shortcode-accordion\">\n        <h3 class=\"accordion-header\">Informations sur le produit<\/h3>\n        <div class=\"accordion-content\" style=\"display: none;\">\n            <\/p>\n<p>&#8211; <b> CPNP : 3471742<\/b><\/p>\n<p> &#8211;<b> Poids : <\/b>30ml<\/p>\n<p>\n        <\/div>\n    <\/div><\/p>\n","protected":false},"excerpt":{"rendered":"<p>Fabriqu\u00e9 \u00e0 partir des meilleurs ingr\u00e9dients naturels anti-\u00e2ge. Ce s\u00e9rum hydrate, raffermit et r\u00e9duit les signes de l&rsquo;\u00e2ge. Il s&rsquo;attaque \u00e9galement aux cernes et aux poches sous les yeux, laissant votre peau para\u00eetre plus jeune, fra\u00eeche et lumineuse.  <\/p>\n","protected":false},"featured_media":1405,"comment_status":"open","ping_status":"closed","template":"","meta":{"_et_pb_use_builder":"","_et_pb_old_content":"","_et_gb_content_width":""},"product_brand":[],"product_cat":[102],"product_tag":[],"class_list":{"0":"post-326710","1":"product","2":"type-product","3":"status-publish","4":"has-post-thumbnail","6":"product_cat-soins-du-visage","8":"first","9":"instock","10":"shipping-taxable","11":"purchasable","12":"product-type-simple"},"yoast_head":"<!-- This site is optimized with the Yoast SEO plugin v27.3 - https:\/\/yoast.com\/product\/yoast-seo-wordpress\/ -->\n<title>S\u00c9RUM POUR LE VISAGE, LE COU ET LE DESSOUS DES YEUX AUX MIN\u00c9RAUX DE LA MER MORTE - Juman Dead Sea<\/title>\n<meta name=\"robots\" content=\"index, follow, max-snippet:-1, max-image-preview:large, max-video-preview:-1\" \/>\n<link rel=\"canonical\" href=\"https:\/\/jumandeadsea.com\/fr\/produit\/serum-pour-le-visage-le-cou-et-le-dessous-des-yeux-aux-mineraux-de-la-mer-morte\/\" \/>\n<meta property=\"og:locale\" content=\"fr_FR\" \/>\n<meta property=\"og:type\" content=\"article\" \/>\n<meta property=\"og:title\" content=\"S\u00c9RUM POUR LE VISAGE, LE COU ET LE DESSOUS DES YEUX AUX MIN\u00c9RAUX DE LA MER MORTE - Juman Dead Sea\" \/>\n<meta property=\"og:description\" content=\"Fabriqu\u00e9 \u00e0 partir des meilleurs ingr\u00e9dients naturels anti-\u00e2ge. Ce s\u00e9rum hydrate, raffermit et r\u00e9duit les signes de l&#039;\u00e2ge. Il s&#039;attaque \u00e9galement aux cernes et aux poches sous les yeux, laissant votre peau para\u00eetre plus jeune, fra\u00eeche et lumineuse.\" \/>\n<meta property=\"og:url\" content=\"https:\/\/jumandeadsea.com\/fr\/produit\/serum-pour-le-visage-le-cou-et-le-dessous-des-yeux-aux-mineraux-de-la-mer-morte\/\" \/>\n<meta property=\"og:site_name\" content=\"Juman Dead Sea\" \/>\n<meta property=\"article:modified_time\" content=\"2024-11-18T17:30:24+00:00\" \/>\n<meta name=\"twitter:card\" content=\"summary_large_image\" \/>\n<meta name=\"twitter:label1\" content=\"Dur\u00e9e de lecture estim\u00e9e\" \/>\n\t<meta name=\"twitter:data1\" content=\"2 minutes\" \/>\n<script type=\"application\/ld+json\" class=\"yoast-schema-graph\">{\"@context\":\"https:\\\/\\\/schema.org\",\"@graph\":[{\"@type\":\"WebPage\",\"@id\":\"https:\\\/\\\/jumandeadsea.com\\\/fr\\\/produit\\\/serum-pour-le-visage-le-cou-et-le-dessous-des-yeux-aux-mineraux-de-la-mer-morte\\\/\",\"url\":\"https:\\\/\\\/jumandeadsea.com\\\/fr\\\/produit\\\/serum-pour-le-visage-le-cou-et-le-dessous-des-yeux-aux-mineraux-de-la-mer-morte\\\/\",\"name\":\"S\u00c9RUM POUR LE VISAGE, LE COU ET LE DESSOUS DES YEUX AUX MIN\u00c9RAUX DE LA MER MORTE - Juman Dead Sea\",\"isPartOf\":{\"@id\":\"https:\\\/\\\/jumandeadsea.com\\\/fr\\\/#website\"},\"primaryImageOfPage\":{\"@id\":\"https:\\\/\\\/jumandeadsea.com\\\/fr\\\/produit\\\/serum-pour-le-visage-le-cou-et-le-dessous-des-yeux-aux-mineraux-de-la-mer-morte\\\/#primaryimage\"},\"image\":{\"@id\":\"https:\\\/\\\/jumandeadsea.com\\\/fr\\\/produit\\\/serum-pour-le-visage-le-cou-et-le-dessous-des-yeux-aux-mineraux-de-la-mer-morte\\\/#primaryimage\"},\"thumbnailUrl\":\"https:\\\/\\\/jumandeadsea.com\\\/wp-content\\\/uploads\\\/Under-eye-serum_box-bottle.png\",\"datePublished\":\"2024-11-18T13:30:24+00:00\",\"dateModified\":\"2024-11-18T17:30:24+00:00\",\"breadcrumb\":{\"@id\":\"https:\\\/\\\/jumandeadsea.com\\\/fr\\\/produit\\\/serum-pour-le-visage-le-cou-et-le-dessous-des-yeux-aux-mineraux-de-la-mer-morte\\\/#breadcrumb\"},\"inLanguage\":\"fr-FR\",\"potentialAction\":[{\"@type\":\"ReadAction\",\"target\":[\"https:\\\/\\\/jumandeadsea.com\\\/fr\\\/produit\\\/serum-pour-le-visage-le-cou-et-le-dessous-des-yeux-aux-mineraux-de-la-mer-morte\\\/\"]}]},{\"@type\":\"ImageObject\",\"inLanguage\":\"fr-FR\",\"@id\":\"https:\\\/\\\/jumandeadsea.com\\\/fr\\\/produit\\\/serum-pour-le-visage-le-cou-et-le-dessous-des-yeux-aux-mineraux-de-la-mer-morte\\\/#primaryimage\",\"url\":\"https:\\\/\\\/jumandeadsea.com\\\/wp-content\\\/uploads\\\/Under-eye-serum_box-bottle.png\",\"contentUrl\":\"https:\\\/\\\/jumandeadsea.com\\\/wp-content\\\/uploads\\\/Under-eye-serum_box-bottle.png\",\"width\":1500,\"height\":1500,\"caption\":\"Hydrate and renew your skin with Juman\u2019s anti-aging serum for face, neck & eyes.\"},{\"@type\":\"BreadcrumbList\",\"@id\":\"https:\\\/\\\/jumandeadsea.com\\\/fr\\\/produit\\\/serum-pour-le-visage-le-cou-et-le-dessous-des-yeux-aux-mineraux-de-la-mer-morte\\\/#breadcrumb\",\"itemListElement\":[{\"@type\":\"ListItem\",\"position\":1,\"name\":\"Home\",\"item\":\"https:\\\/\\\/jumandeadsea.com\\\/fr\\\/\"},{\"@type\":\"ListItem\",\"position\":2,\"name\":\"Boutique\",\"item\":\"https:\\\/\\\/jumandeadsea.com\\\/shop\\\/\"},{\"@type\":\"ListItem\",\"position\":3,\"name\":\"S\u00c9rum Pour Le Visage, Le Cou Et Le Dessous Des Yeux Aux Min\u00c9raux De La Mer Morte\"}]},{\"@type\":\"WebSite\",\"@id\":\"https:\\\/\\\/jumandeadsea.com\\\/fr\\\/#website\",\"url\":\"https:\\\/\\\/jumandeadsea.com\\\/fr\\\/\",\"name\":\"Juman Dead Sea\",\"description\":\"Authentic Dead Sea Mineral Skincare for Sensitive, Healthy Skin\",\"potentialAction\":[{\"@type\":\"SearchAction\",\"target\":{\"@type\":\"EntryPoint\",\"urlTemplate\":\"https:\\\/\\\/jumandeadsea.com\\\/fr\\\/?s={search_term_string}\"},\"query-input\":{\"@type\":\"PropertyValueSpecification\",\"valueRequired\":true,\"valueName\":\"search_term_string\"}}],\"inLanguage\":\"fr-FR\"}]}<\/script>\n<!-- \/ Yoast SEO plugin. -->","yoast_head_json":{"title":"S\u00c9RUM POUR LE VISAGE, LE COU ET LE DESSOUS DES YEUX AUX MIN\u00c9RAUX DE LA MER MORTE - Juman Dead Sea","robots":{"index":"index","follow":"follow","max-snippet":"max-snippet:-1","max-image-preview":"max-image-preview:large","max-video-preview":"max-video-preview:-1"},"canonical":"https:\/\/jumandeadsea.com\/fr\/produit\/serum-pour-le-visage-le-cou-et-le-dessous-des-yeux-aux-mineraux-de-la-mer-morte\/","og_locale":"fr_FR","og_type":"article","og_title":"S\u00c9RUM POUR LE VISAGE, LE COU ET LE DESSOUS DES YEUX AUX MIN\u00c9RAUX DE LA MER MORTE - Juman Dead Sea","og_description":"Fabriqu\u00e9 \u00e0 partir des meilleurs ingr\u00e9dients naturels anti-\u00e2ge. Ce s\u00e9rum hydrate, raffermit et r\u00e9duit les signes de l'\u00e2ge. Il s'attaque \u00e9galement aux cernes et aux poches sous les yeux, laissant votre peau para\u00eetre plus jeune, fra\u00eeche et lumineuse.","og_url":"https:\/\/jumandeadsea.com\/fr\/produit\/serum-pour-le-visage-le-cou-et-le-dessous-des-yeux-aux-mineraux-de-la-mer-morte\/","og_site_name":"Juman Dead Sea","article_modified_time":"2024-11-18T17:30:24+00:00","twitter_card":"summary_large_image","twitter_misc":{"Dur\u00e9e de lecture estim\u00e9e":"2 minutes"},"schema":{"@context":"https:\/\/schema.org","@graph":[{"@type":"WebPage","@id":"https:\/\/jumandeadsea.com\/fr\/produit\/serum-pour-le-visage-le-cou-et-le-dessous-des-yeux-aux-mineraux-de-la-mer-morte\/","url":"https:\/\/jumandeadsea.com\/fr\/produit\/serum-pour-le-visage-le-cou-et-le-dessous-des-yeux-aux-mineraux-de-la-mer-morte\/","name":"S\u00c9RUM POUR LE VISAGE, LE COU ET LE DESSOUS DES YEUX AUX MIN\u00c9RAUX DE LA MER MORTE - Juman Dead Sea","isPartOf":{"@id":"https:\/\/jumandeadsea.com\/fr\/#website"},"primaryImageOfPage":{"@id":"https:\/\/jumandeadsea.com\/fr\/produit\/serum-pour-le-visage-le-cou-et-le-dessous-des-yeux-aux-mineraux-de-la-mer-morte\/#primaryimage"},"image":{"@id":"https:\/\/jumandeadsea.com\/fr\/produit\/serum-pour-le-visage-le-cou-et-le-dessous-des-yeux-aux-mineraux-de-la-mer-morte\/#primaryimage"},"thumbnailUrl":"https:\/\/jumandeadsea.com\/wp-content\/uploads\/Under-eye-serum_box-bottle.png","datePublished":"2024-11-18T13:30:24+00:00","dateModified":"2024-11-18T17:30:24+00:00","breadcrumb":{"@id":"https:\/\/jumandeadsea.com\/fr\/produit\/serum-pour-le-visage-le-cou-et-le-dessous-des-yeux-aux-mineraux-de-la-mer-morte\/#breadcrumb"},"inLanguage":"fr-FR","potentialAction":[{"@type":"ReadAction","target":["https:\/\/jumandeadsea.com\/fr\/produit\/serum-pour-le-visage-le-cou-et-le-dessous-des-yeux-aux-mineraux-de-la-mer-morte\/"]}]},{"@type":"ImageObject","inLanguage":"fr-FR","@id":"https:\/\/jumandeadsea.com\/fr\/produit\/serum-pour-le-visage-le-cou-et-le-dessous-des-yeux-aux-mineraux-de-la-mer-morte\/#primaryimage","url":"https:\/\/jumandeadsea.com\/wp-content\/uploads\/Under-eye-serum_box-bottle.png","contentUrl":"https:\/\/jumandeadsea.com\/wp-content\/uploads\/Under-eye-serum_box-bottle.png","width":1500,"height":1500,"caption":"Hydrate and renew your skin with Juman\u2019s anti-aging serum for face, neck & eyes."},{"@type":"BreadcrumbList","@id":"https:\/\/jumandeadsea.com\/fr\/produit\/serum-pour-le-visage-le-cou-et-le-dessous-des-yeux-aux-mineraux-de-la-mer-morte\/#breadcrumb","itemListElement":[{"@type":"ListItem","position":1,"name":"Home","item":"https:\/\/jumandeadsea.com\/fr\/"},{"@type":"ListItem","position":2,"name":"Boutique","item":"https:\/\/jumandeadsea.com\/shop\/"},{"@type":"ListItem","position":3,"name":"S\u00c9rum Pour Le Visage, Le Cou Et Le Dessous Des Yeux Aux Min\u00c9raux De La Mer Morte"}]},{"@type":"WebSite","@id":"https:\/\/jumandeadsea.com\/fr\/#website","url":"https:\/\/jumandeadsea.com\/fr\/","name":"Juman Dead Sea","description":"Authentic Dead Sea Mineral Skincare for Sensitive, Healthy Skin","potentialAction":[{"@type":"SearchAction","target":{"@type":"EntryPoint","urlTemplate":"https:\/\/jumandeadsea.com\/fr\/?s={search_term_string}"},"query-input":{"@type":"PropertyValueSpecification","valueRequired":true,"valueName":"search_term_string"}}],"inLanguage":"fr-FR"}]}},"_links":{"self":[{"href":"https:\/\/jumandeadsea.com\/fr\/wp-json\/wp\/v2\/product\/326710","targetHints":{"allow":["GET"]}}],"collection":[{"href":"https:\/\/jumandeadsea.com\/fr\/wp-json\/wp\/v2\/product"}],"about":[{"href":"https:\/\/jumandeadsea.com\/fr\/wp-json\/wp\/v2\/types\/product"}],"replies":[{"embeddable":true,"href":"https:\/\/jumandeadsea.com\/fr\/wp-json\/wp\/v2\/comments?post=326710"}],"wp:featuredmedia":[{"embeddable":true,"href":"https:\/\/jumandeadsea.com\/fr\/wp-json\/wp\/v2\/media\/1405"}],"wp:attachment":[{"href":"https:\/\/jumandeadsea.com\/fr\/wp-json\/wp\/v2\/media?parent=326710"}],"wp:term":[{"taxonomy":"product_brand","embeddable":true,"href":"https:\/\/jumandeadsea.com\/fr\/wp-json\/wp\/v2\/product_brand?post=326710"},{"taxonomy":"product_cat","embeddable":true,"href":"https:\/\/jumandeadsea.com\/fr\/wp-json\/wp\/v2\/product_cat?post=326710"},{"taxonomy":"product_tag","embeddable":true,"href":"https:\/\/jumandeadsea.com\/fr\/wp-json\/wp\/v2\/product_tag?post=326710"}],"curies":[{"name":"wp","href":"https:\/\/api.w.org\/{rel}","templated":true}]}}