{"id":326702,"date":"2024-11-18T17:30:23","date_gmt":"2024-11-18T17:30:23","guid":{"rendered":"https:\/\/jumandeadsea.com\/product\/beurre-corporel-de-karite-senteur-noix-de-karite-avec-mineraux-de-la-mer-morte-2\/"},"modified":"2024-11-18T17:30:23","modified_gmt":"2024-11-18T17:30:23","slug":"beurre-corporel-de-karite-senteur-noix-de-karite-avec-mineraux-de-la-mer-morte-2","status":"publish","type":"product","link":"https:\/\/jumandeadsea.com\/fr\/produit\/beurre-corporel-de-karite-senteur-noix-de-karite-avec-mineraux-de-la-mer-morte-2\/","title":{"rendered":"Beurre Corporel De Karit\u00c9 &#8211; Senteur Noix De Karit\u00c9 &#8211; Avec Min\u00c9raux De La Mer Morte"},"content":{"rendered":"\n    <div class=\"shortcode-accordion\">\n        <h3 class=\"accordion-header\">Ingr\u00e9dients<\/h3>\n        <div class=\"accordion-content\" style=\"display: none;\">\n            \n<p>Butyrospermum Parkii (beurre de karit\u00e9), Theobroma (beurre de cacao), Anthemis Nobilis (extrait de camomille), Maris Aqua (eau de la mer morte), Aloe Barbadensis (extrait d&rsquo;aloe vera), Tocopherol (vitamine E).<\/p>\n<ul>\n<li>L<em>&lsquo;eau de la mer morte : <\/em>connue pour r\u00e9tablir l&rsquo;\u00e9quilibre de la peau, elle l&rsquo;hydrate et la r\u00e9approvisionne en min\u00e9raux essentiels.<\/li>\n<li><em>Beurre de karit\u00e9 : <\/em>excellent hydratant naturel pour le visage et le corps, il r\u00e9duit les rides et combat les signes de vieillissement, et restaure l&rsquo;\u00e9lasticit\u00e9 de la peau.<\/li>\n<li><em>Beurre de cacao :<\/em> il contient une grande quantit\u00e9 d&rsquo;antioxydants qui aident \u00e0 r\u00e9parer la peau. Il apaise \u00e9galement les rougeurs et les imperfections, r\u00e9duit la visibilit\u00e9 des vergetures et hydrate la peau.<\/li>\n<li><em>Extrait de camomille : <\/em>poss\u00e8de d&rsquo;excellentes capacit\u00e9s \u00e0 neutraliser les irritants cutan\u00e9s, en plus de ses propri\u00e9t\u00e9s antibact\u00e9riennes et hypoallerg\u00e9niques qui aident \u00e0 soulager de nombreuses affections cutan\u00e9es associ\u00e9es \u00e0 la s\u00e9cheresse de la peau.<\/li>\n<li><em>Extrait d&rsquo;aloe vera : <\/em>poss\u00e8de de puissantes propri\u00e9t\u00e9s curatives qui se sont av\u00e9r\u00e9es efficaces pour traiter les coups de soleil et r\u00e9duire la visibilit\u00e9 des cicatrices ; il agit \u00e9galement comme un hydratant.<\/li>\n<li><em>Vitamine E :<\/em> cette vitamine liposoluble peut \u00eatre absorb\u00e9e par la peau. C&rsquo;est un antioxydant b\u00e9n\u00e9fique qui aide \u00e0 r\u00e9duire les dommages caus\u00e9s par les UV et le soleil sur la peau.<\/li>\n<\/ul>\n<p>\n        <\/div>\n    <\/div><br \/>\n\n    <div class=\"shortcode-accordion\">\n        <h3 class=\"accordion-header\">Mode d&#039;emploi :<\/h3>\n        <div class=\"accordion-content\" style=\"display: none;\">\n            <\/p>\n<p>Appliquez une quantit\u00e9 appropri\u00e9e sur le corps ou la zone souhait\u00e9e, puis massez doucement jusqu&rsquo;\u00e0 absorption compl\u00e8te. Pour de meilleurs r\u00e9sultats, utilisez-le quotidiennement apr\u00e8s le bain ou \u00e0 chaque fois que la peau a besoin d&rsquo;\u00eatre hydrat\u00e9e. <\/p>\n<p>\n        <\/div>\n    <\/div><br \/>\n\n    <div class=\"shortcode-accordion\">\n        <h3 class=\"accordion-header\">Informations sur le produit<\/h3>\n        <div class=\"accordion-content\" style=\"display: none;\">\n            <\/p>\n<p>&#8211; CPNP : 3494668<\/p>\n<p>&#8211; Poids : 210ml<\/p>\n<p>\n        <\/div>\n    <\/div><\/p>\n","protected":false},"excerpt":{"rendered":"<p>Notre beurre de karit\u00e9 est une cr\u00e8me corporelle hautement hydratante et luxueusement nourrissante, \u00e0 base de beurre de cacao et de karit\u00e9, d&rsquo;extraits de plantes et de min\u00e9raux b\u00e9n\u00e9fiques de la mer Morte, qui procurent \u00e0 votre peau une hydratation encore plus profonde et un \u00e9clat naturel.<\/p>\n","protected":false},"featured_media":1656,"comment_status":"open","ping_status":"closed","template":"","meta":{"_et_pb_use_builder":"","_et_pb_old_content":"","_et_gb_content_width":""},"product_brand":[],"product_cat":[116,99],"product_tag":[],"class_list":{"0":"post-326702","1":"product","2":"type-product","3":"status-publish","4":"has-post-thumbnail","6":"product_cat-beurre-corporel","7":"product_cat-soins-du-corps","9":"first","10":"instock","11":"shipping-taxable","12":"purchasable","13":"product-type-simple"},"yoast_head":"<!-- This site is optimized with the Yoast SEO plugin v27.3 - https:\/\/yoast.com\/product\/yoast-seo-wordpress\/ -->\n<title>BEURRE CORPOREL DE KARIT\u00c9 - SENTEUR NOIX DE KARIT\u00c9 - AVEC MIN\u00c9RAUX DE LA MER MORTE - Juman Dead Sea<\/title>\n<meta name=\"robots\" content=\"index, follow, max-snippet:-1, max-image-preview:large, max-video-preview:-1\" \/>\n<link rel=\"canonical\" href=\"https:\/\/jumandeadsea.com\/fr\/produit\/beurre-corporel-de-karite-senteur-noix-de-karite-avec-mineraux-de-la-mer-morte-2\/\" \/>\n<meta property=\"og:locale\" content=\"fr_FR\" \/>\n<meta property=\"og:type\" content=\"article\" \/>\n<meta property=\"og:title\" content=\"BEURRE CORPOREL DE KARIT\u00c9 - SENTEUR NOIX DE KARIT\u00c9 - AVEC MIN\u00c9RAUX DE LA MER MORTE - Juman Dead Sea\" \/>\n<meta property=\"og:description\" content=\"Notre beurre de karit\u00e9 est une cr\u00e8me corporelle hautement hydratante et luxueusement nourrissante, \u00e0 base de beurre de cacao et de karit\u00e9, d&#039;extraits de plantes et de min\u00e9raux b\u00e9n\u00e9fiques de la mer Morte, qui procurent \u00e0 votre peau une hydratation encore plus profonde et un \u00e9clat naturel.\" \/>\n<meta property=\"og:url\" content=\"https:\/\/jumandeadsea.com\/fr\/produit\/beurre-corporel-de-karite-senteur-noix-de-karite-avec-mineraux-de-la-mer-morte-2\/\" \/>\n<meta property=\"og:site_name\" content=\"Juman Dead Sea\" \/>\n<meta name=\"twitter:card\" content=\"summary_large_image\" \/>\n<meta name=\"twitter:label1\" content=\"Dur\u00e9e de lecture estim\u00e9e\" \/>\n\t<meta name=\"twitter:data1\" content=\"1 minute\" \/>\n<script type=\"application\/ld+json\" class=\"yoast-schema-graph\">{\"@context\":\"https:\\\/\\\/schema.org\",\"@graph\":[{\"@type\":\"WebPage\",\"@id\":\"https:\\\/\\\/jumandeadsea.com\\\/fr\\\/produit\\\/beurre-corporel-de-karite-senteur-noix-de-karite-avec-mineraux-de-la-mer-morte-2\\\/\",\"url\":\"https:\\\/\\\/jumandeadsea.com\\\/fr\\\/produit\\\/beurre-corporel-de-karite-senteur-noix-de-karite-avec-mineraux-de-la-mer-morte-2\\\/\",\"name\":\"BEURRE CORPOREL DE KARIT\u00c9 - SENTEUR NOIX DE KARIT\u00c9 - AVEC MIN\u00c9RAUX DE LA MER MORTE - Juman Dead Sea\",\"isPartOf\":{\"@id\":\"https:\\\/\\\/jumandeadsea.com\\\/fr\\\/#website\"},\"primaryImageOfPage\":{\"@id\":\"https:\\\/\\\/jumandeadsea.com\\\/fr\\\/produit\\\/beurre-corporel-de-karite-senteur-noix-de-karite-avec-mineraux-de-la-mer-morte-2\\\/#primaryimage\"},\"image\":{\"@id\":\"https:\\\/\\\/jumandeadsea.com\\\/fr\\\/produit\\\/beurre-corporel-de-karite-senteur-noix-de-karite-avec-mineraux-de-la-mer-morte-2\\\/#primaryimage\"},\"thumbnailUrl\":\"https:\\\/\\\/jumandeadsea.com\\\/wp-content\\\/uploads\\\/shea-nut-angle_01.png\",\"datePublished\":\"2024-11-18T17:30:23+00:00\",\"breadcrumb\":{\"@id\":\"https:\\\/\\\/jumandeadsea.com\\\/fr\\\/produit\\\/beurre-corporel-de-karite-senteur-noix-de-karite-avec-mineraux-de-la-mer-morte-2\\\/#breadcrumb\"},\"inLanguage\":\"fr-FR\",\"potentialAction\":[{\"@type\":\"ReadAction\",\"target\":[\"https:\\\/\\\/jumandeadsea.com\\\/fr\\\/produit\\\/beurre-corporel-de-karite-senteur-noix-de-karite-avec-mineraux-de-la-mer-morte-2\\\/\"]}]},{\"@type\":\"ImageObject\",\"inLanguage\":\"fr-FR\",\"@id\":\"https:\\\/\\\/jumandeadsea.com\\\/fr\\\/produit\\\/beurre-corporel-de-karite-senteur-noix-de-karite-avec-mineraux-de-la-mer-morte-2\\\/#primaryimage\",\"url\":\"https:\\\/\\\/jumandeadsea.com\\\/wp-content\\\/uploads\\\/shea-nut-angle_01.png\",\"contentUrl\":\"https:\\\/\\\/jumandeadsea.com\\\/wp-content\\\/uploads\\\/shea-nut-angle_01.png\",\"width\":1500,\"height\":1500},{\"@type\":\"BreadcrumbList\",\"@id\":\"https:\\\/\\\/jumandeadsea.com\\\/fr\\\/produit\\\/beurre-corporel-de-karite-senteur-noix-de-karite-avec-mineraux-de-la-mer-morte-2\\\/#breadcrumb\",\"itemListElement\":[{\"@type\":\"ListItem\",\"position\":1,\"name\":\"Home\",\"item\":\"https:\\\/\\\/jumandeadsea.com\\\/fr\\\/\"},{\"@type\":\"ListItem\",\"position\":2,\"name\":\"Boutique\",\"item\":\"https:\\\/\\\/jumandeadsea.com\\\/shop\\\/\"},{\"@type\":\"ListItem\",\"position\":3,\"name\":\"Beurre Corporel De Karit\u00c9 &#8211; Senteur Noix De Karit\u00c9 &#8211; Avec Min\u00c9raux De La Mer Morte\"}]},{\"@type\":\"WebSite\",\"@id\":\"https:\\\/\\\/jumandeadsea.com\\\/fr\\\/#website\",\"url\":\"https:\\\/\\\/jumandeadsea.com\\\/fr\\\/\",\"name\":\"Juman Dead Sea\",\"description\":\"Authentic Dead Sea Mineral Skincare for Sensitive, Healthy Skin\",\"potentialAction\":[{\"@type\":\"SearchAction\",\"target\":{\"@type\":\"EntryPoint\",\"urlTemplate\":\"https:\\\/\\\/jumandeadsea.com\\\/fr\\\/?s={search_term_string}\"},\"query-input\":{\"@type\":\"PropertyValueSpecification\",\"valueRequired\":true,\"valueName\":\"search_term_string\"}}],\"inLanguage\":\"fr-FR\"}]}<\/script>\n<!-- \/ Yoast SEO plugin. -->","yoast_head_json":{"title":"BEURRE CORPOREL DE KARIT\u00c9 - SENTEUR NOIX DE KARIT\u00c9 - AVEC MIN\u00c9RAUX DE LA MER MORTE - Juman Dead Sea","robots":{"index":"index","follow":"follow","max-snippet":"max-snippet:-1","max-image-preview":"max-image-preview:large","max-video-preview":"max-video-preview:-1"},"canonical":"https:\/\/jumandeadsea.com\/fr\/produit\/beurre-corporel-de-karite-senteur-noix-de-karite-avec-mineraux-de-la-mer-morte-2\/","og_locale":"fr_FR","og_type":"article","og_title":"BEURRE CORPOREL DE KARIT\u00c9 - SENTEUR NOIX DE KARIT\u00c9 - AVEC MIN\u00c9RAUX DE LA MER MORTE - Juman Dead Sea","og_description":"Notre beurre de karit\u00e9 est une cr\u00e8me corporelle hautement hydratante et luxueusement nourrissante, \u00e0 base de beurre de cacao et de karit\u00e9, d'extraits de plantes et de min\u00e9raux b\u00e9n\u00e9fiques de la mer Morte, qui procurent \u00e0 votre peau une hydratation encore plus profonde et un \u00e9clat naturel.","og_url":"https:\/\/jumandeadsea.com\/fr\/produit\/beurre-corporel-de-karite-senteur-noix-de-karite-avec-mineraux-de-la-mer-morte-2\/","og_site_name":"Juman Dead Sea","twitter_card":"summary_large_image","twitter_misc":{"Dur\u00e9e de lecture estim\u00e9e":"1 minute"},"schema":{"@context":"https:\/\/schema.org","@graph":[{"@type":"WebPage","@id":"https:\/\/jumandeadsea.com\/fr\/produit\/beurre-corporel-de-karite-senteur-noix-de-karite-avec-mineraux-de-la-mer-morte-2\/","url":"https:\/\/jumandeadsea.com\/fr\/produit\/beurre-corporel-de-karite-senteur-noix-de-karite-avec-mineraux-de-la-mer-morte-2\/","name":"BEURRE CORPOREL DE KARIT\u00c9 - SENTEUR NOIX DE KARIT\u00c9 - AVEC MIN\u00c9RAUX DE LA MER MORTE - Juman Dead Sea","isPartOf":{"@id":"https:\/\/jumandeadsea.com\/fr\/#website"},"primaryImageOfPage":{"@id":"https:\/\/jumandeadsea.com\/fr\/produit\/beurre-corporel-de-karite-senteur-noix-de-karite-avec-mineraux-de-la-mer-morte-2\/#primaryimage"},"image":{"@id":"https:\/\/jumandeadsea.com\/fr\/produit\/beurre-corporel-de-karite-senteur-noix-de-karite-avec-mineraux-de-la-mer-morte-2\/#primaryimage"},"thumbnailUrl":"https:\/\/jumandeadsea.com\/wp-content\/uploads\/shea-nut-angle_01.png","datePublished":"2024-11-18T17:30:23+00:00","breadcrumb":{"@id":"https:\/\/jumandeadsea.com\/fr\/produit\/beurre-corporel-de-karite-senteur-noix-de-karite-avec-mineraux-de-la-mer-morte-2\/#breadcrumb"},"inLanguage":"fr-FR","potentialAction":[{"@type":"ReadAction","target":["https:\/\/jumandeadsea.com\/fr\/produit\/beurre-corporel-de-karite-senteur-noix-de-karite-avec-mineraux-de-la-mer-morte-2\/"]}]},{"@type":"ImageObject","inLanguage":"fr-FR","@id":"https:\/\/jumandeadsea.com\/fr\/produit\/beurre-corporel-de-karite-senteur-noix-de-karite-avec-mineraux-de-la-mer-morte-2\/#primaryimage","url":"https:\/\/jumandeadsea.com\/wp-content\/uploads\/shea-nut-angle_01.png","contentUrl":"https:\/\/jumandeadsea.com\/wp-content\/uploads\/shea-nut-angle_01.png","width":1500,"height":1500},{"@type":"BreadcrumbList","@id":"https:\/\/jumandeadsea.com\/fr\/produit\/beurre-corporel-de-karite-senteur-noix-de-karite-avec-mineraux-de-la-mer-morte-2\/#breadcrumb","itemListElement":[{"@type":"ListItem","position":1,"name":"Home","item":"https:\/\/jumandeadsea.com\/fr\/"},{"@type":"ListItem","position":2,"name":"Boutique","item":"https:\/\/jumandeadsea.com\/shop\/"},{"@type":"ListItem","position":3,"name":"Beurre Corporel De Karit\u00c9 &#8211; Senteur Noix De Karit\u00c9 &#8211; Avec Min\u00c9raux De La Mer Morte"}]},{"@type":"WebSite","@id":"https:\/\/jumandeadsea.com\/fr\/#website","url":"https:\/\/jumandeadsea.com\/fr\/","name":"Juman Dead Sea","description":"Authentic Dead Sea Mineral Skincare for Sensitive, Healthy Skin","potentialAction":[{"@type":"SearchAction","target":{"@type":"EntryPoint","urlTemplate":"https:\/\/jumandeadsea.com\/fr\/?s={search_term_string}"},"query-input":{"@type":"PropertyValueSpecification","valueRequired":true,"valueName":"search_term_string"}}],"inLanguage":"fr-FR"}]}},"_links":{"self":[{"href":"https:\/\/jumandeadsea.com\/fr\/wp-json\/wp\/v2\/product\/326702","targetHints":{"allow":["GET"]}}],"collection":[{"href":"https:\/\/jumandeadsea.com\/fr\/wp-json\/wp\/v2\/product"}],"about":[{"href":"https:\/\/jumandeadsea.com\/fr\/wp-json\/wp\/v2\/types\/product"}],"replies":[{"embeddable":true,"href":"https:\/\/jumandeadsea.com\/fr\/wp-json\/wp\/v2\/comments?post=326702"}],"wp:featuredmedia":[{"embeddable":true,"href":"https:\/\/jumandeadsea.com\/fr\/wp-json\/wp\/v2\/media\/1656"}],"wp:attachment":[{"href":"https:\/\/jumandeadsea.com\/fr\/wp-json\/wp\/v2\/media?parent=326702"}],"wp:term":[{"taxonomy":"product_brand","embeddable":true,"href":"https:\/\/jumandeadsea.com\/fr\/wp-json\/wp\/v2\/product_brand?post=326702"},{"taxonomy":"product_cat","embeddable":true,"href":"https:\/\/jumandeadsea.com\/fr\/wp-json\/wp\/v2\/product_cat?post=326702"},{"taxonomy":"product_tag","embeddable":true,"href":"https:\/\/jumandeadsea.com\/fr\/wp-json\/wp\/v2\/product_tag?post=326702"}],"curies":[{"name":"wp","href":"https:\/\/api.w.org\/{rel}","templated":true}]}}