{"id":326701,"date":"2024-11-18T17:30:22","date_gmt":"2024-11-18T17:30:22","guid":{"rendered":"https:\/\/jumandeadsea.com\/product\/gel-exfoliant-pour-le-visage-aux-mineraux-de-la-mer-morte\/"},"modified":"2024-11-18T17:30:22","modified_gmt":"2024-11-18T17:30:22","slug":"gel-exfoliant-pour-le-visage-aux-mineraux-de-la-mer-morte","status":"publish","type":"product","link":"https:\/\/jumandeadsea.com\/fr\/produit\/gel-exfoliant-pour-le-visage-aux-mineraux-de-la-mer-morte\/","title":{"rendered":"Gel Exfoliant Pour Le Visage Aux Min\u00c9raux De La Mer Morte"},"content":{"rendered":"\n    <div class=\"shortcode-accordion\">\n        <h3 class=\"accordion-header\">Ingr\u00e9dients<\/h3>\n        <div class=\"accordion-content\" style=\"display: none;\">\n            \n<p>Poudre de coquille de noix, jus de feuille d&rsquo;Aloe Barbadensis (Aloe Vera), huile d&rsquo;amande douce (Prunus Amygdalus Dulcis), extrait de camomille (Chamomilla Recutita), sel de la mer morte (Maris Sal), D-Panth\u00e9nol (Vitamine B5), tocoph\u00e9rol (Vitamine E).<\/p>\n<ul>\n<li><em>Poudre de coquille de noix :<\/em> \u00e9limine en douceur les impuret\u00e9s de la peau et les cellules superficielles ternes, laissant la peau instantan\u00e9ment lisse et \u00e9clatante.<\/li>\n<li><em>Jus de feuilles d&rsquo;aloe vera : <\/em>il poss\u00e8de des propri\u00e9t\u00e9s antibact\u00e9riennes qui peuvent aider \u00e0 contr\u00f4ler et \u00e0 r\u00e9duire les bact\u00e9ries responsables de l&rsquo;acn\u00e9.<\/li>\n<li><em>Huile d&rsquo;amande douce<\/em>: une huile l\u00e9g\u00e8re respectueuse de la peau qui aide votre peau \u00e0 para\u00eetre lisse, douce et sans ridules.<\/li>\n<li><em>Extrait de camomille : <\/em>poss\u00e8de d&rsquo;excellentes capacit\u00e9s \u00e0 neutraliser les irritants cutan\u00e9s, en plus de ses propri\u00e9t\u00e9s antibact\u00e9riennes et hypoallerg\u00e9niques qui aident \u00e0 soulager de nombreuses affections cutan\u00e9es associ\u00e9es \u00e0 la peau grasse et \u00e0 l&rsquo;acn\u00e9.<\/li>\n<li><em>Sel de la mer Morte<\/em>: il poss\u00e8de de merveilleuses propri\u00e9t\u00e9s antifongiques, antimicrobiennes et antibact\u00e9riennes qui aident \u00e0 nettoyer et \u00e0 d\u00e9sintoxiquer les pores en chassant les huiles, la salet\u00e9 et les autres impuret\u00e9s. Cela permet d&rsquo;\u00e9liminer l&rsquo;acn\u00e9, les boutons, les points noirs et les points blancs. <\/li>\n<li><em>Vitamine B5 :<\/em> aide \u00e0 garder la peau douce, lisse et saine.<\/li>\n<li><em>Vitamine E<\/em>: cette vitamine liposoluble peut \u00eatre absorb\u00e9e par la peau ; c&rsquo;est un antioxydant b\u00e9n\u00e9fique qui aide \u00e0 r\u00e9duire les dommages caus\u00e9s par les UV et le soleil sur la peau.<\/li>\n<\/ul>\n<p>\n        <\/div>\n    <\/div><br \/>\n\n    <div class=\"shortcode-accordion\">\n        <h3 class=\"accordion-header\">Mode d&#039;emploi :<\/h3>\n        <div class=\"accordion-content\" style=\"display: none;\">\n            <\/p>\n<p>Appliquez une petite quantit\u00e9 sur le visage et le cou mouill\u00e9s, massez doucement du bout des doigts pendant 1 \u00e0 2 minutes, puis rincez la zone \u00e0 l&rsquo;eau ti\u00e8de. Apr\u00e8s avoir termin\u00e9, aspergez votre visage d&rsquo;eau froide pour refermer les pores. Si vous avez la peau grasse, vous pouvez peut-\u00eatre vous exfolier quotidiennement sans probl\u00e8me. En revanche, les personnes \u00e0 la peau sensible ou s\u00e8che devraient limiter l&rsquo;exfoliation \u00e0 domicile \u00e0 une \u00e0 deux fois par semaine.   <\/p>\n<p>\n        <\/div>\n    <\/div><br \/>\n\n    <div class=\"shortcode-accordion\">\n        <h3 class=\"accordion-header\">Informations sur le produit<\/h3>\n        <div class=\"accordion-content\" style=\"display: none;\">\n            <\/p>\n<p>&#8211; CPNP : 3861114<\/p>\n<p>&#8211; Poids : 140ml<\/p>\n<p>\n        <\/div>\n    <\/div><\/p>\n","protected":false},"excerpt":{"rendered":"<p>Notre gel exfoliant pour le visage, qui nettoie la peau en profondeur, exploite les bienfaits naturels des sels de la mer Morte, de la poudre de coquille de noix, de l&rsquo;extrait de camomille, de l&rsquo;huile d&rsquo;amande douce et de la vitamine E, qui agissent en harmonie pour nettoyer votre peau en profondeur, en \u00e9liminant les salet\u00e9s et les cellules mortes. En outre, il r\u00e9\u00e9quilibre, rafra\u00eechit, revitalise et adoucit la peau, lui donnant un \u00e9clat et un teint plus sain. <\/p>\n<p><span style=\"color: #008080;\"><strong>ID\u00c9AL POUR LES PEAUX GRASSES<\/strong><\/span><\/p>\n","protected":false},"featured_media":1950,"comment_status":"open","ping_status":"closed","template":"","meta":{"_et_pb_use_builder":"","_et_pb_old_content":"","_et_gb_content_width":""},"product_brand":[],"product_cat":[102],"product_tag":[],"class_list":{"0":"post-326701","1":"product","2":"type-product","3":"status-publish","4":"has-post-thumbnail","6":"product_cat-soins-du-visage","8":"first","9":"instock","10":"shipping-taxable","11":"purchasable","12":"product-type-simple"},"yoast_head":"<!-- This site is optimized with the Yoast SEO plugin v27.3 - https:\/\/yoast.com\/product\/yoast-seo-wordpress\/ -->\n<title>GEL EXFOLIANT POUR LE VISAGE AUX MIN\u00c9RAUX DE LA MER MORTE - Juman Dead Sea<\/title>\n<meta name=\"robots\" content=\"index, follow, max-snippet:-1, max-image-preview:large, max-video-preview:-1\" \/>\n<link rel=\"canonical\" href=\"https:\/\/jumandeadsea.com\/fr\/produit\/gel-exfoliant-pour-le-visage-aux-mineraux-de-la-mer-morte\/\" \/>\n<meta property=\"og:locale\" content=\"fr_FR\" \/>\n<meta property=\"og:type\" content=\"article\" \/>\n<meta property=\"og:title\" content=\"GEL EXFOLIANT POUR LE VISAGE AUX MIN\u00c9RAUX DE LA MER MORTE - Juman Dead Sea\" \/>\n<meta property=\"og:description\" content=\"Notre gel exfoliant pour le visage, qui nettoie la peau en profondeur, exploite les bienfaits naturels des sels de la mer Morte, de la poudre de coquille de noix, de l&#039;extrait de camomille, de l&#039;huile d&#039;amande douce et de la vitamine E, qui agissent en harmonie pour nettoyer votre peau en profondeur, en \u00e9liminant les salet\u00e9s et les cellules mortes. En outre, il r\u00e9\u00e9quilibre, rafra\u00eechit, revitalise et adoucit la peau, lui donnant un \u00e9clat et un teint plus sain.  ID\u00c9AL POUR LES PEAUX GRASSES\" \/>\n<meta property=\"og:url\" content=\"https:\/\/jumandeadsea.com\/fr\/produit\/gel-exfoliant-pour-le-visage-aux-mineraux-de-la-mer-morte\/\" \/>\n<meta property=\"og:site_name\" content=\"Juman Dead Sea\" \/>\n<meta name=\"twitter:card\" content=\"summary_large_image\" \/>\n<meta name=\"twitter:label1\" content=\"Dur\u00e9e de lecture estim\u00e9e\" \/>\n\t<meta name=\"twitter:data1\" content=\"2 minutes\" \/>\n<script type=\"application\/ld+json\" class=\"yoast-schema-graph\">{\"@context\":\"https:\\\/\\\/schema.org\",\"@graph\":[{\"@type\":\"WebPage\",\"@id\":\"https:\\\/\\\/jumandeadsea.com\\\/fr\\\/produit\\\/gel-exfoliant-pour-le-visage-aux-mineraux-de-la-mer-morte\\\/\",\"url\":\"https:\\\/\\\/jumandeadsea.com\\\/fr\\\/produit\\\/gel-exfoliant-pour-le-visage-aux-mineraux-de-la-mer-morte\\\/\",\"name\":\"GEL EXFOLIANT POUR LE VISAGE AUX MIN\u00c9RAUX DE LA MER MORTE - Juman Dead Sea\",\"isPartOf\":{\"@id\":\"https:\\\/\\\/jumandeadsea.com\\\/fr\\\/#website\"},\"primaryImageOfPage\":{\"@id\":\"https:\\\/\\\/jumandeadsea.com\\\/fr\\\/produit\\\/gel-exfoliant-pour-le-visage-aux-mineraux-de-la-mer-morte\\\/#primaryimage\"},\"image\":{\"@id\":\"https:\\\/\\\/jumandeadsea.com\\\/fr\\\/produit\\\/gel-exfoliant-pour-le-visage-aux-mineraux-de-la-mer-morte\\\/#primaryimage\"},\"thumbnailUrl\":\"https:\\\/\\\/jumandeadsea.com\\\/wp-content\\\/uploads\\\/FACIAL-EXFOLIATING-GEL.png\",\"datePublished\":\"2024-11-18T17:30:22+00:00\",\"breadcrumb\":{\"@id\":\"https:\\\/\\\/jumandeadsea.com\\\/fr\\\/produit\\\/gel-exfoliant-pour-le-visage-aux-mineraux-de-la-mer-morte\\\/#breadcrumb\"},\"inLanguage\":\"fr-FR\",\"potentialAction\":[{\"@type\":\"ReadAction\",\"target\":[\"https:\\\/\\\/jumandeadsea.com\\\/fr\\\/produit\\\/gel-exfoliant-pour-le-visage-aux-mineraux-de-la-mer-morte\\\/\"]}]},{\"@type\":\"ImageObject\",\"inLanguage\":\"fr-FR\",\"@id\":\"https:\\\/\\\/jumandeadsea.com\\\/fr\\\/produit\\\/gel-exfoliant-pour-le-visage-aux-mineraux-de-la-mer-morte\\\/#primaryimage\",\"url\":\"https:\\\/\\\/jumandeadsea.com\\\/wp-content\\\/uploads\\\/FACIAL-EXFOLIATING-GEL.png\",\"contentUrl\":\"https:\\\/\\\/jumandeadsea.com\\\/wp-content\\\/uploads\\\/FACIAL-EXFOLIATING-GEL.png\",\"width\":1600,\"height\":2263},{\"@type\":\"BreadcrumbList\",\"@id\":\"https:\\\/\\\/jumandeadsea.com\\\/fr\\\/produit\\\/gel-exfoliant-pour-le-visage-aux-mineraux-de-la-mer-morte\\\/#breadcrumb\",\"itemListElement\":[{\"@type\":\"ListItem\",\"position\":1,\"name\":\"Home\",\"item\":\"https:\\\/\\\/jumandeadsea.com\\\/fr\\\/\"},{\"@type\":\"ListItem\",\"position\":2,\"name\":\"Boutique\",\"item\":\"https:\\\/\\\/jumandeadsea.com\\\/shop\\\/\"},{\"@type\":\"ListItem\",\"position\":3,\"name\":\"Gel Exfoliant Pour Le Visage Aux Min\u00c9raux De La Mer Morte\"}]},{\"@type\":\"WebSite\",\"@id\":\"https:\\\/\\\/jumandeadsea.com\\\/fr\\\/#website\",\"url\":\"https:\\\/\\\/jumandeadsea.com\\\/fr\\\/\",\"name\":\"Juman Dead Sea\",\"description\":\"Authentic Dead Sea Mineral Skincare for Sensitive, Healthy Skin\",\"potentialAction\":[{\"@type\":\"SearchAction\",\"target\":{\"@type\":\"EntryPoint\",\"urlTemplate\":\"https:\\\/\\\/jumandeadsea.com\\\/fr\\\/?s={search_term_string}\"},\"query-input\":{\"@type\":\"PropertyValueSpecification\",\"valueRequired\":true,\"valueName\":\"search_term_string\"}}],\"inLanguage\":\"fr-FR\"}]}<\/script>\n<!-- \/ Yoast SEO plugin. -->","yoast_head_json":{"title":"GEL EXFOLIANT POUR LE VISAGE AUX MIN\u00c9RAUX DE LA MER MORTE - Juman Dead Sea","robots":{"index":"index","follow":"follow","max-snippet":"max-snippet:-1","max-image-preview":"max-image-preview:large","max-video-preview":"max-video-preview:-1"},"canonical":"https:\/\/jumandeadsea.com\/fr\/produit\/gel-exfoliant-pour-le-visage-aux-mineraux-de-la-mer-morte\/","og_locale":"fr_FR","og_type":"article","og_title":"GEL EXFOLIANT POUR LE VISAGE AUX MIN\u00c9RAUX DE LA MER MORTE - Juman Dead Sea","og_description":"Notre gel exfoliant pour le visage, qui nettoie la peau en profondeur, exploite les bienfaits naturels des sels de la mer Morte, de la poudre de coquille de noix, de l'extrait de camomille, de l'huile d'amande douce et de la vitamine E, qui agissent en harmonie pour nettoyer votre peau en profondeur, en \u00e9liminant les salet\u00e9s et les cellules mortes. En outre, il r\u00e9\u00e9quilibre, rafra\u00eechit, revitalise et adoucit la peau, lui donnant un \u00e9clat et un teint plus sain.  ID\u00c9AL POUR LES PEAUX GRASSES","og_url":"https:\/\/jumandeadsea.com\/fr\/produit\/gel-exfoliant-pour-le-visage-aux-mineraux-de-la-mer-morte\/","og_site_name":"Juman Dead Sea","twitter_card":"summary_large_image","twitter_misc":{"Dur\u00e9e de lecture estim\u00e9e":"2 minutes"},"schema":{"@context":"https:\/\/schema.org","@graph":[{"@type":"WebPage","@id":"https:\/\/jumandeadsea.com\/fr\/produit\/gel-exfoliant-pour-le-visage-aux-mineraux-de-la-mer-morte\/","url":"https:\/\/jumandeadsea.com\/fr\/produit\/gel-exfoliant-pour-le-visage-aux-mineraux-de-la-mer-morte\/","name":"GEL EXFOLIANT POUR LE VISAGE AUX MIN\u00c9RAUX DE LA MER MORTE - Juman Dead Sea","isPartOf":{"@id":"https:\/\/jumandeadsea.com\/fr\/#website"},"primaryImageOfPage":{"@id":"https:\/\/jumandeadsea.com\/fr\/produit\/gel-exfoliant-pour-le-visage-aux-mineraux-de-la-mer-morte\/#primaryimage"},"image":{"@id":"https:\/\/jumandeadsea.com\/fr\/produit\/gel-exfoliant-pour-le-visage-aux-mineraux-de-la-mer-morte\/#primaryimage"},"thumbnailUrl":"https:\/\/jumandeadsea.com\/wp-content\/uploads\/FACIAL-EXFOLIATING-GEL.png","datePublished":"2024-11-18T17:30:22+00:00","breadcrumb":{"@id":"https:\/\/jumandeadsea.com\/fr\/produit\/gel-exfoliant-pour-le-visage-aux-mineraux-de-la-mer-morte\/#breadcrumb"},"inLanguage":"fr-FR","potentialAction":[{"@type":"ReadAction","target":["https:\/\/jumandeadsea.com\/fr\/produit\/gel-exfoliant-pour-le-visage-aux-mineraux-de-la-mer-morte\/"]}]},{"@type":"ImageObject","inLanguage":"fr-FR","@id":"https:\/\/jumandeadsea.com\/fr\/produit\/gel-exfoliant-pour-le-visage-aux-mineraux-de-la-mer-morte\/#primaryimage","url":"https:\/\/jumandeadsea.com\/wp-content\/uploads\/FACIAL-EXFOLIATING-GEL.png","contentUrl":"https:\/\/jumandeadsea.com\/wp-content\/uploads\/FACIAL-EXFOLIATING-GEL.png","width":1600,"height":2263},{"@type":"BreadcrumbList","@id":"https:\/\/jumandeadsea.com\/fr\/produit\/gel-exfoliant-pour-le-visage-aux-mineraux-de-la-mer-morte\/#breadcrumb","itemListElement":[{"@type":"ListItem","position":1,"name":"Home","item":"https:\/\/jumandeadsea.com\/fr\/"},{"@type":"ListItem","position":2,"name":"Boutique","item":"https:\/\/jumandeadsea.com\/shop\/"},{"@type":"ListItem","position":3,"name":"Gel Exfoliant Pour Le Visage Aux Min\u00c9raux De La Mer Morte"}]},{"@type":"WebSite","@id":"https:\/\/jumandeadsea.com\/fr\/#website","url":"https:\/\/jumandeadsea.com\/fr\/","name":"Juman Dead Sea","description":"Authentic Dead Sea Mineral Skincare for Sensitive, Healthy Skin","potentialAction":[{"@type":"SearchAction","target":{"@type":"EntryPoint","urlTemplate":"https:\/\/jumandeadsea.com\/fr\/?s={search_term_string}"},"query-input":{"@type":"PropertyValueSpecification","valueRequired":true,"valueName":"search_term_string"}}],"inLanguage":"fr-FR"}]}},"_links":{"self":[{"href":"https:\/\/jumandeadsea.com\/fr\/wp-json\/wp\/v2\/product\/326701","targetHints":{"allow":["GET"]}}],"collection":[{"href":"https:\/\/jumandeadsea.com\/fr\/wp-json\/wp\/v2\/product"}],"about":[{"href":"https:\/\/jumandeadsea.com\/fr\/wp-json\/wp\/v2\/types\/product"}],"replies":[{"embeddable":true,"href":"https:\/\/jumandeadsea.com\/fr\/wp-json\/wp\/v2\/comments?post=326701"}],"wp:featuredmedia":[{"embeddable":true,"href":"https:\/\/jumandeadsea.com\/fr\/wp-json\/wp\/v2\/media\/1950"}],"wp:attachment":[{"href":"https:\/\/jumandeadsea.com\/fr\/wp-json\/wp\/v2\/media?parent=326701"}],"wp:term":[{"taxonomy":"product_brand","embeddable":true,"href":"https:\/\/jumandeadsea.com\/fr\/wp-json\/wp\/v2\/product_brand?post=326701"},{"taxonomy":"product_cat","embeddable":true,"href":"https:\/\/jumandeadsea.com\/fr\/wp-json\/wp\/v2\/product_cat?post=326701"},{"taxonomy":"product_tag","embeddable":true,"href":"https:\/\/jumandeadsea.com\/fr\/wp-json\/wp\/v2\/product_tag?post=326701"}],"curies":[{"name":"wp","href":"https:\/\/api.w.org\/{rel}","templated":true}]}}