{"id":326699,"date":"2024-11-18T17:30:22","date_gmt":"2024-11-18T17:30:22","guid":{"rendered":"https:\/\/jumandeadsea.com\/product\/masque-facial-hydratant-a-la-boue-de-la-mer-morte-avec-extrait-de-concombre\/"},"modified":"2024-11-18T17:30:22","modified_gmt":"2024-11-18T17:30:22","slug":"masque-facial-hydratant-a-la-boue-de-la-mer-morte-avec-extrait-de-concombre","status":"publish","type":"product","link":"https:\/\/jumandeadsea.com\/fr\/produit\/masque-facial-hydratant-a-la-boue-de-la-mer-morte-avec-extrait-de-concombre\/","title":{"rendered":"Masque Facial Hydratant \u00c0 La Boue De La Mer Morte Avec Extrait De Concombre"},"content":{"rendered":"\n    <div class=\"shortcode-accordion\">\n        <h3 class=\"accordion-header\">Ingr\u00e9dients<\/h3>\n        <div class=\"accordion-content\" style=\"display: none;\">\n            \n<p>Maris Limus (boue de la mer Morte), Cucumis Sativus (concombre) extrait, Aloe Barbadensis (Aloe Vera) gel, Chamomilla Recutita (camomille) extrait, Tocopherol (vitamine E).<\/p>\n<ul>\n<li>Boue de la mer Morte : aide \u00e0 r\u00e9tablir l&rsquo;hydratation de la peau, soulageant la s\u00e9cheresse et l&rsquo;irritation. Elle a un effet anti-\u00e2ge et tonifiant, r\u00e9duisant ainsi les ridules et les pores. <\/li>\n<li>Extrait de concombre : riche en antioxydants et en propri\u00e9t\u00e9s anti-inflammatoires qui aident \u00e0 apaiser la peau irrit\u00e9e et br\u00fbl\u00e9e par le soleil, en plus de son effet rafra\u00eechissant.<\/li>\n<li>Gel d&rsquo;aloe vera : contient des antioxydants et des vitamines A et C, et peut aider \u00e0 traiter les br\u00fblures, l&rsquo;acn\u00e9 et la peau s\u00e8che.<\/li>\n<li>Extrait de camomille : poss\u00e8de de nombreuses et puissantes propri\u00e9t\u00e9s antibact\u00e9riennes et antiseptiques, et contient des huiles essentielles et des antioxydants.<\/li>\n<li>Vitamine E : aide \u00e0 prot\u00e9ger la peau des dommages caus\u00e9s par les UV et a des effets hydratants.<\/li>\n<\/ul>\n<p>\n        <\/div>\n    <\/div><br \/>\n\n    <div class=\"shortcode-accordion\">\n        <h3 class=\"accordion-header\">Mode d&#039;emploi :<\/h3>\n        <div class=\"accordion-content\" style=\"display: none;\">\n            <\/p>\n<p>Appliquez une couche sur le visage, laissez s\u00e9cher (15-20) minutes, puis rincez \u00e0 l&rsquo;eau ti\u00e8de. Il est pr\u00e9f\u00e9rable d&rsquo;hydrater le visage avec une cr\u00e8me hydratante apr\u00e8s avoir termin\u00e9. Pour de meilleurs r\u00e9sultats, utilisez ce produit 1 \u00e0 2 fois par semaine.  <\/p>\n<p>\n        <\/div>\n    <\/div><br \/>\n\n    <div class=\"shortcode-accordion\">\n        <h3 class=\"accordion-header\">Informations sur le produit<\/h3>\n        <div class=\"accordion-content\" style=\"display: none;\">\n            <\/p>\n<p>&#8211; CPNP : 3504351<\/p>\n<p>&#8211; Poids : 50gm<\/p>\n<p>\n        <\/div>\n    <\/div><\/p>\n","protected":false},"excerpt":{"rendered":"<p>Masque de boue rafra\u00eechissant pour le visage, compos\u00e9 de boue naturelle de la mer Morte et d&rsquo;extraits de concombre pour hydrater en douceur la peau et donner \u00e0 votre visage une sensation de fra\u00eecheur et de douceur. Ce masque associe les puissants bienfaits du concombre, du gel d&rsquo;aloe vera et des extraits de camomille pour r\u00e9duire les poches, tonifier et resserrer la peau, et estomper les cernes, pour une peau rafra\u00eechie et \u00e9clatante de sant\u00e9. <\/p>\n<p><strong>ID\u00c9AL POUR LES PEAUX S\u00c8CHES<\/strong><\/p>\n","protected":false},"featured_media":1849,"comment_status":"open","ping_status":"closed","template":"","meta":{"_et_pb_use_builder":"","_et_pb_old_content":"","_et_gb_content_width":""},"product_brand":[],"product_cat":[100,102],"product_tag":[],"class_list":{"0":"post-326699","1":"product","2":"type-product","3":"status-publish","4":"has-post-thumbnail","6":"product_cat-masques-de-boue-de-la-mer-morte","7":"product_cat-soins-du-visage","9":"first","10":"instock","11":"shipping-taxable","12":"purchasable","13":"product-type-simple"},"yoast_head":"<!-- This site is optimized with the Yoast SEO plugin v27.3 - https:\/\/yoast.com\/product\/yoast-seo-wordpress\/ -->\n<title>MASQUE FACIAL HYDRATANT \u00c0 LA BOUE DE LA MER MORTE AVEC EXTRAIT DE CONCOMBRE - Juman Dead Sea<\/title>\n<meta name=\"robots\" content=\"index, follow, max-snippet:-1, max-image-preview:large, max-video-preview:-1\" \/>\n<link rel=\"canonical\" href=\"https:\/\/jumandeadsea.com\/fr\/produit\/masque-facial-hydratant-a-la-boue-de-la-mer-morte-avec-extrait-de-concombre\/\" \/>\n<meta property=\"og:locale\" content=\"fr_FR\" \/>\n<meta property=\"og:type\" content=\"article\" \/>\n<meta property=\"og:title\" content=\"MASQUE FACIAL HYDRATANT \u00c0 LA BOUE DE LA MER MORTE AVEC EXTRAIT DE CONCOMBRE - Juman Dead Sea\" \/>\n<meta property=\"og:description\" content=\"Masque de boue rafra\u00eechissant pour le visage, compos\u00e9 de boue naturelle de la mer Morte et d&#039;extraits de concombre pour hydrater en douceur la peau et donner \u00e0 votre visage une sensation de fra\u00eecheur et de douceur. Ce masque associe les puissants bienfaits du concombre, du gel d&#039;aloe vera et des extraits de camomille pour r\u00e9duire les poches, tonifier et resserrer la peau, et estomper les cernes, pour une peau rafra\u00eechie et \u00e9clatante de sant\u00e9.  ID\u00c9AL POUR LES PEAUX S\u00c8CHES\" \/>\n<meta property=\"og:url\" content=\"https:\/\/jumandeadsea.com\/fr\/produit\/masque-facial-hydratant-a-la-boue-de-la-mer-morte-avec-extrait-de-concombre\/\" \/>\n<meta property=\"og:site_name\" content=\"Juman Dead Sea\" \/>\n<meta name=\"twitter:card\" content=\"summary_large_image\" \/>\n<meta name=\"twitter:label1\" content=\"Dur\u00e9e de lecture estim\u00e9e\" \/>\n\t<meta name=\"twitter:data1\" content=\"1 minute\" \/>\n<script type=\"application\/ld+json\" class=\"yoast-schema-graph\">{\"@context\":\"https:\\\/\\\/schema.org\",\"@graph\":[{\"@type\":\"WebPage\",\"@id\":\"https:\\\/\\\/jumandeadsea.com\\\/fr\\\/produit\\\/masque-facial-hydratant-a-la-boue-de-la-mer-morte-avec-extrait-de-concombre\\\/\",\"url\":\"https:\\\/\\\/jumandeadsea.com\\\/fr\\\/produit\\\/masque-facial-hydratant-a-la-boue-de-la-mer-morte-avec-extrait-de-concombre\\\/\",\"name\":\"MASQUE FACIAL HYDRATANT \u00c0 LA BOUE DE LA MER MORTE AVEC EXTRAIT DE CONCOMBRE - Juman Dead Sea\",\"isPartOf\":{\"@id\":\"https:\\\/\\\/jumandeadsea.com\\\/fr\\\/#website\"},\"primaryImageOfPage\":{\"@id\":\"https:\\\/\\\/jumandeadsea.com\\\/fr\\\/produit\\\/masque-facial-hydratant-a-la-boue-de-la-mer-morte-avec-extrait-de-concombre\\\/#primaryimage\"},\"image\":{\"@id\":\"https:\\\/\\\/jumandeadsea.com\\\/fr\\\/produit\\\/masque-facial-hydratant-a-la-boue-de-la-mer-morte-avec-extrait-de-concombre\\\/#primaryimage\"},\"thumbnailUrl\":\"https:\\\/\\\/jumandeadsea.com\\\/wp-content\\\/uploads\\\/3.png\",\"datePublished\":\"2024-11-18T17:30:22+00:00\",\"breadcrumb\":{\"@id\":\"https:\\\/\\\/jumandeadsea.com\\\/fr\\\/produit\\\/masque-facial-hydratant-a-la-boue-de-la-mer-morte-avec-extrait-de-concombre\\\/#breadcrumb\"},\"inLanguage\":\"fr-FR\",\"potentialAction\":[{\"@type\":\"ReadAction\",\"target\":[\"https:\\\/\\\/jumandeadsea.com\\\/fr\\\/produit\\\/masque-facial-hydratant-a-la-boue-de-la-mer-morte-avec-extrait-de-concombre\\\/\"]}]},{\"@type\":\"ImageObject\",\"inLanguage\":\"fr-FR\",\"@id\":\"https:\\\/\\\/jumandeadsea.com\\\/fr\\\/produit\\\/masque-facial-hydratant-a-la-boue-de-la-mer-morte-avec-extrait-de-concombre\\\/#primaryimage\",\"url\":\"https:\\\/\\\/jumandeadsea.com\\\/wp-content\\\/uploads\\\/3.png\",\"contentUrl\":\"https:\\\/\\\/jumandeadsea.com\\\/wp-content\\\/uploads\\\/3.png\",\"width\":780,\"height\":810},{\"@type\":\"BreadcrumbList\",\"@id\":\"https:\\\/\\\/jumandeadsea.com\\\/fr\\\/produit\\\/masque-facial-hydratant-a-la-boue-de-la-mer-morte-avec-extrait-de-concombre\\\/#breadcrumb\",\"itemListElement\":[{\"@type\":\"ListItem\",\"position\":1,\"name\":\"Home\",\"item\":\"https:\\\/\\\/jumandeadsea.com\\\/fr\\\/\"},{\"@type\":\"ListItem\",\"position\":2,\"name\":\"Boutique\",\"item\":\"https:\\\/\\\/jumandeadsea.com\\\/shop\\\/\"},{\"@type\":\"ListItem\",\"position\":3,\"name\":\"Masque Facial Hydratant \u00c0 La Boue De La Mer Morte Avec Extrait De Concombre\"}]},{\"@type\":\"WebSite\",\"@id\":\"https:\\\/\\\/jumandeadsea.com\\\/fr\\\/#website\",\"url\":\"https:\\\/\\\/jumandeadsea.com\\\/fr\\\/\",\"name\":\"Juman Dead Sea\",\"description\":\"Authentic Dead Sea Mineral Skincare for Sensitive, Healthy Skin\",\"potentialAction\":[{\"@type\":\"SearchAction\",\"target\":{\"@type\":\"EntryPoint\",\"urlTemplate\":\"https:\\\/\\\/jumandeadsea.com\\\/fr\\\/?s={search_term_string}\"},\"query-input\":{\"@type\":\"PropertyValueSpecification\",\"valueRequired\":true,\"valueName\":\"search_term_string\"}}],\"inLanguage\":\"fr-FR\"}]}<\/script>\n<!-- \/ Yoast SEO plugin. -->","yoast_head_json":{"title":"MASQUE FACIAL HYDRATANT \u00c0 LA BOUE DE LA MER MORTE AVEC EXTRAIT DE CONCOMBRE - Juman Dead Sea","robots":{"index":"index","follow":"follow","max-snippet":"max-snippet:-1","max-image-preview":"max-image-preview:large","max-video-preview":"max-video-preview:-1"},"canonical":"https:\/\/jumandeadsea.com\/fr\/produit\/masque-facial-hydratant-a-la-boue-de-la-mer-morte-avec-extrait-de-concombre\/","og_locale":"fr_FR","og_type":"article","og_title":"MASQUE FACIAL HYDRATANT \u00c0 LA BOUE DE LA MER MORTE AVEC EXTRAIT DE CONCOMBRE - Juman Dead Sea","og_description":"Masque de boue rafra\u00eechissant pour le visage, compos\u00e9 de boue naturelle de la mer Morte et d'extraits de concombre pour hydrater en douceur la peau et donner \u00e0 votre visage une sensation de fra\u00eecheur et de douceur. Ce masque associe les puissants bienfaits du concombre, du gel d'aloe vera et des extraits de camomille pour r\u00e9duire les poches, tonifier et resserrer la peau, et estomper les cernes, pour une peau rafra\u00eechie et \u00e9clatante de sant\u00e9.  ID\u00c9AL POUR LES PEAUX S\u00c8CHES","og_url":"https:\/\/jumandeadsea.com\/fr\/produit\/masque-facial-hydratant-a-la-boue-de-la-mer-morte-avec-extrait-de-concombre\/","og_site_name":"Juman Dead Sea","twitter_card":"summary_large_image","twitter_misc":{"Dur\u00e9e de lecture estim\u00e9e":"1 minute"},"schema":{"@context":"https:\/\/schema.org","@graph":[{"@type":"WebPage","@id":"https:\/\/jumandeadsea.com\/fr\/produit\/masque-facial-hydratant-a-la-boue-de-la-mer-morte-avec-extrait-de-concombre\/","url":"https:\/\/jumandeadsea.com\/fr\/produit\/masque-facial-hydratant-a-la-boue-de-la-mer-morte-avec-extrait-de-concombre\/","name":"MASQUE FACIAL HYDRATANT \u00c0 LA BOUE DE LA MER MORTE AVEC EXTRAIT DE CONCOMBRE - Juman Dead Sea","isPartOf":{"@id":"https:\/\/jumandeadsea.com\/fr\/#website"},"primaryImageOfPage":{"@id":"https:\/\/jumandeadsea.com\/fr\/produit\/masque-facial-hydratant-a-la-boue-de-la-mer-morte-avec-extrait-de-concombre\/#primaryimage"},"image":{"@id":"https:\/\/jumandeadsea.com\/fr\/produit\/masque-facial-hydratant-a-la-boue-de-la-mer-morte-avec-extrait-de-concombre\/#primaryimage"},"thumbnailUrl":"https:\/\/jumandeadsea.com\/wp-content\/uploads\/3.png","datePublished":"2024-11-18T17:30:22+00:00","breadcrumb":{"@id":"https:\/\/jumandeadsea.com\/fr\/produit\/masque-facial-hydratant-a-la-boue-de-la-mer-morte-avec-extrait-de-concombre\/#breadcrumb"},"inLanguage":"fr-FR","potentialAction":[{"@type":"ReadAction","target":["https:\/\/jumandeadsea.com\/fr\/produit\/masque-facial-hydratant-a-la-boue-de-la-mer-morte-avec-extrait-de-concombre\/"]}]},{"@type":"ImageObject","inLanguage":"fr-FR","@id":"https:\/\/jumandeadsea.com\/fr\/produit\/masque-facial-hydratant-a-la-boue-de-la-mer-morte-avec-extrait-de-concombre\/#primaryimage","url":"https:\/\/jumandeadsea.com\/wp-content\/uploads\/3.png","contentUrl":"https:\/\/jumandeadsea.com\/wp-content\/uploads\/3.png","width":780,"height":810},{"@type":"BreadcrumbList","@id":"https:\/\/jumandeadsea.com\/fr\/produit\/masque-facial-hydratant-a-la-boue-de-la-mer-morte-avec-extrait-de-concombre\/#breadcrumb","itemListElement":[{"@type":"ListItem","position":1,"name":"Home","item":"https:\/\/jumandeadsea.com\/fr\/"},{"@type":"ListItem","position":2,"name":"Boutique","item":"https:\/\/jumandeadsea.com\/shop\/"},{"@type":"ListItem","position":3,"name":"Masque Facial Hydratant \u00c0 La Boue De La Mer Morte Avec Extrait De Concombre"}]},{"@type":"WebSite","@id":"https:\/\/jumandeadsea.com\/fr\/#website","url":"https:\/\/jumandeadsea.com\/fr\/","name":"Juman Dead Sea","description":"Authentic Dead Sea Mineral Skincare for Sensitive, Healthy Skin","potentialAction":[{"@type":"SearchAction","target":{"@type":"EntryPoint","urlTemplate":"https:\/\/jumandeadsea.com\/fr\/?s={search_term_string}"},"query-input":{"@type":"PropertyValueSpecification","valueRequired":true,"valueName":"search_term_string"}}],"inLanguage":"fr-FR"}]}},"_links":{"self":[{"href":"https:\/\/jumandeadsea.com\/fr\/wp-json\/wp\/v2\/product\/326699","targetHints":{"allow":["GET"]}}],"collection":[{"href":"https:\/\/jumandeadsea.com\/fr\/wp-json\/wp\/v2\/product"}],"about":[{"href":"https:\/\/jumandeadsea.com\/fr\/wp-json\/wp\/v2\/types\/product"}],"replies":[{"embeddable":true,"href":"https:\/\/jumandeadsea.com\/fr\/wp-json\/wp\/v2\/comments?post=326699"}],"wp:featuredmedia":[{"embeddable":true,"href":"https:\/\/jumandeadsea.com\/fr\/wp-json\/wp\/v2\/media\/1849"}],"wp:attachment":[{"href":"https:\/\/jumandeadsea.com\/fr\/wp-json\/wp\/v2\/media?parent=326699"}],"wp:term":[{"taxonomy":"product_brand","embeddable":true,"href":"https:\/\/jumandeadsea.com\/fr\/wp-json\/wp\/v2\/product_brand?post=326699"},{"taxonomy":"product_cat","embeddable":true,"href":"https:\/\/jumandeadsea.com\/fr\/wp-json\/wp\/v2\/product_cat?post=326699"},{"taxonomy":"product_tag","embeddable":true,"href":"https:\/\/jumandeadsea.com\/fr\/wp-json\/wp\/v2\/product_tag?post=326699"}],"curies":[{"name":"wp","href":"https:\/\/api.w.org\/{rel}","templated":true}]}}