{"id":326698,"date":"2024-11-18T17:30:23","date_gmt":"2024-11-18T17:30:23","guid":{"rendered":"https:\/\/jumandeadsea.com\/product\/masque-facial-peel-off-aux-mineraux-de-la-mer-morte\/"},"modified":"2024-11-18T17:30:23","modified_gmt":"2024-11-18T17:30:23","slug":"masque-facial-peel-off-aux-mineraux-de-la-mer-morte","status":"publish","type":"product","link":"https:\/\/jumandeadsea.com\/fr\/produit\/masque-facial-peel-off-aux-mineraux-de-la-mer-morte\/","title":{"rendered":"Masque Facial Peel-off Aux Min\u00c9raux De La Mer Morte"},"content":{"rendered":"\n    <div class=\"shortcode-accordion\">\n        <h3 class=\"accordion-header\">Ingr\u00e9dients<\/h3>\n        <div class=\"accordion-content\" style=\"display: none;\">\n            \n<p>Jus de feuille d&rsquo;Aloe Barbadensis (Aloe Vera), extrait de fruit de Cucumis Sativus (concombre), Maris Sal (sel de la mer morte).<\/p>\n<ul>\n<li>Sel de la mer morte : Les sels organiques riches en magn\u00e9sium am\u00e9liorent l&rsquo;hydratation de la peau et r\u00e9duisent l&rsquo;inflammation des peaux s\u00e8ches.<\/li>\n<li>Jus de feuilles d&rsquo;aloe vera : il poss\u00e8de de puissantes propri\u00e9t\u00e9s curatives qui se sont av\u00e9r\u00e9es efficaces pour traiter les coups de soleil et r\u00e9duire la visibilit\u00e9 des cicatrices ; il agit \u00e9galement comme un agent hydratant.<\/li>\n<li>Extrait de fruit de concombre : compos\u00e9 en grande partie de prot\u00e9ines, de lipides, de vitamine C et d&rsquo;une vari\u00e9t\u00e9 de min\u00e9raux, il poss\u00e8de des propri\u00e9t\u00e9s hydratantes et \u00e9mollientes. Il poss\u00e8de des propri\u00e9t\u00e9s hydratantes et \u00e9mollientes. Il a \u00e9galement un effet astringent et peut apaiser et soulager la peau bouffie. <\/li>\n<\/ul>\n<p>\n        <\/div>\n    <\/div><br \/>\n\n    <div class=\"shortcode-accordion\">\n        <h3 class=\"accordion-header\">Mode d&#039;emploi :<\/h3>\n        <div class=\"accordion-content\" style=\"display: none;\">\n            <\/p>\n<p>Appliquez g\u00e9n\u00e9reusement le masque facial peel-off sur le visage, massez d\u00e9licatement, laissez s\u00e9cher (20-30) minutes, pelez sans utiliser d&rsquo;eau ni de savon, puis lavez le visage \u00e0 l&rsquo;eau ti\u00e8de.<\/p>\n<p>\n        <\/div>\n    <\/div><br \/>\n\n    <div class=\"shortcode-accordion\">\n        <h3 class=\"accordion-header\">Informations sur le produit<\/h3>\n        <div class=\"accordion-content\" style=\"display: none;\">\n            <\/p>\n<p>&#8211; CPNP : 3495860<\/p>\n<p>&#8211; Poids : 100ml<\/p>\n<p>\n        <\/div>\n    <\/div><\/p>\n","protected":false},"excerpt":{"rendered":"<p>Que vous soyez pr\u00e9occup\u00e9e par l&rsquo;anti-\u00e2ge ou que vous ayez besoin d&rsquo;une hydratation suppl\u00e9mentaire, il existe un masque peeling juste pour vous. Enrichi en extraits de concombre et d&rsquo;aloe vera, il vous aide \u00e0 \u00e9liminer les toxines et les impuret\u00e9s et rajeunit la peau terne pour lui donner un \u00e9clat de jeunesse. <\/p>\n","protected":false},"featured_media":1559,"comment_status":"open","ping_status":"closed","template":"","meta":{"_et_pb_use_builder":"","_et_pb_old_content":"","_et_gb_content_width":""},"product_brand":[],"product_cat":[102],"product_tag":[],"class_list":{"0":"post-326698","1":"product","2":"type-product","3":"status-publish","4":"has-post-thumbnail","6":"product_cat-soins-du-visage","8":"first","9":"instock","10":"shipping-taxable","11":"purchasable","12":"product-type-simple"},"yoast_head":"<!-- This site is optimized with the Yoast SEO plugin v27.3 - https:\/\/yoast.com\/product\/yoast-seo-wordpress\/ -->\n<title>MASQUE FACIAL PEEL-OFF AUX MIN\u00c9RAUX DE LA MER MORTE - Juman Dead Sea<\/title>\n<meta name=\"robots\" content=\"index, follow, max-snippet:-1, max-image-preview:large, max-video-preview:-1\" \/>\n<link rel=\"canonical\" href=\"https:\/\/jumandeadsea.com\/fr\/produit\/masque-facial-peel-off-aux-mineraux-de-la-mer-morte\/\" \/>\n<meta property=\"og:locale\" content=\"fr_FR\" \/>\n<meta property=\"og:type\" content=\"article\" \/>\n<meta property=\"og:title\" content=\"MASQUE FACIAL PEEL-OFF AUX MIN\u00c9RAUX DE LA MER MORTE - Juman Dead Sea\" \/>\n<meta property=\"og:description\" content=\"Que vous soyez pr\u00e9occup\u00e9e par l&#039;anti-\u00e2ge ou que vous ayez besoin d&#039;une hydratation suppl\u00e9mentaire, il existe un masque peeling juste pour vous. Enrichi en extraits de concombre et d&#039;aloe vera, il vous aide \u00e0 \u00e9liminer les toxines et les impuret\u00e9s et rajeunit la peau terne pour lui donner un \u00e9clat de jeunesse.\" \/>\n<meta property=\"og:url\" content=\"https:\/\/jumandeadsea.com\/fr\/produit\/masque-facial-peel-off-aux-mineraux-de-la-mer-morte\/\" \/>\n<meta property=\"og:site_name\" content=\"Juman Dead Sea\" \/>\n<meta name=\"twitter:card\" content=\"summary_large_image\" \/>\n<meta name=\"twitter:label1\" content=\"Dur\u00e9e de lecture estim\u00e9e\" \/>\n\t<meta name=\"twitter:data1\" content=\"1 minute\" \/>\n<script type=\"application\/ld+json\" class=\"yoast-schema-graph\">{\"@context\":\"https:\\\/\\\/schema.org\",\"@graph\":[{\"@type\":\"WebPage\",\"@id\":\"https:\\\/\\\/jumandeadsea.com\\\/fr\\\/produit\\\/masque-facial-peel-off-aux-mineraux-de-la-mer-morte\\\/\",\"url\":\"https:\\\/\\\/jumandeadsea.com\\\/fr\\\/produit\\\/masque-facial-peel-off-aux-mineraux-de-la-mer-morte\\\/\",\"name\":\"MASQUE FACIAL PEEL-OFF AUX MIN\u00c9RAUX DE LA MER MORTE - Juman Dead Sea\",\"isPartOf\":{\"@id\":\"https:\\\/\\\/jumandeadsea.com\\\/fr\\\/#website\"},\"primaryImageOfPage\":{\"@id\":\"https:\\\/\\\/jumandeadsea.com\\\/fr\\\/produit\\\/masque-facial-peel-off-aux-mineraux-de-la-mer-morte\\\/#primaryimage\"},\"image\":{\"@id\":\"https:\\\/\\\/jumandeadsea.com\\\/fr\\\/produit\\\/masque-facial-peel-off-aux-mineraux-de-la-mer-morte\\\/#primaryimage\"},\"thumbnailUrl\":\"https:\\\/\\\/jumandeadsea.com\\\/wp-content\\\/uploads\\\/Facial-peel_bottle-box.png\",\"datePublished\":\"2024-11-18T17:30:23+00:00\",\"breadcrumb\":{\"@id\":\"https:\\\/\\\/jumandeadsea.com\\\/fr\\\/produit\\\/masque-facial-peel-off-aux-mineraux-de-la-mer-morte\\\/#breadcrumb\"},\"inLanguage\":\"fr-FR\",\"potentialAction\":[{\"@type\":\"ReadAction\",\"target\":[\"https:\\\/\\\/jumandeadsea.com\\\/fr\\\/produit\\\/masque-facial-peel-off-aux-mineraux-de-la-mer-morte\\\/\"]}]},{\"@type\":\"ImageObject\",\"inLanguage\":\"fr-FR\",\"@id\":\"https:\\\/\\\/jumandeadsea.com\\\/fr\\\/produit\\\/masque-facial-peel-off-aux-mineraux-de-la-mer-morte\\\/#primaryimage\",\"url\":\"https:\\\/\\\/jumandeadsea.com\\\/wp-content\\\/uploads\\\/Facial-peel_bottle-box.png\",\"contentUrl\":\"https:\\\/\\\/jumandeadsea.com\\\/wp-content\\\/uploads\\\/Facial-peel_bottle-box.png\",\"width\":1500,\"height\":1500},{\"@type\":\"BreadcrumbList\",\"@id\":\"https:\\\/\\\/jumandeadsea.com\\\/fr\\\/produit\\\/masque-facial-peel-off-aux-mineraux-de-la-mer-morte\\\/#breadcrumb\",\"itemListElement\":[{\"@type\":\"ListItem\",\"position\":1,\"name\":\"Home\",\"item\":\"https:\\\/\\\/jumandeadsea.com\\\/fr\\\/\"},{\"@type\":\"ListItem\",\"position\":2,\"name\":\"Boutique\",\"item\":\"https:\\\/\\\/jumandeadsea.com\\\/shop\\\/\"},{\"@type\":\"ListItem\",\"position\":3,\"name\":\"Masque Facial Peel-off Aux Min\u00c9raux De La Mer Morte\"}]},{\"@type\":\"WebSite\",\"@id\":\"https:\\\/\\\/jumandeadsea.com\\\/fr\\\/#website\",\"url\":\"https:\\\/\\\/jumandeadsea.com\\\/fr\\\/\",\"name\":\"Juman Dead Sea\",\"description\":\"Authentic Dead Sea Mineral Skincare for Sensitive, Healthy Skin\",\"potentialAction\":[{\"@type\":\"SearchAction\",\"target\":{\"@type\":\"EntryPoint\",\"urlTemplate\":\"https:\\\/\\\/jumandeadsea.com\\\/fr\\\/?s={search_term_string}\"},\"query-input\":{\"@type\":\"PropertyValueSpecification\",\"valueRequired\":true,\"valueName\":\"search_term_string\"}}],\"inLanguage\":\"fr-FR\"}]}<\/script>\n<!-- \/ Yoast SEO plugin. -->","yoast_head_json":{"title":"MASQUE FACIAL PEEL-OFF AUX MIN\u00c9RAUX DE LA MER MORTE - Juman Dead Sea","robots":{"index":"index","follow":"follow","max-snippet":"max-snippet:-1","max-image-preview":"max-image-preview:large","max-video-preview":"max-video-preview:-1"},"canonical":"https:\/\/jumandeadsea.com\/fr\/produit\/masque-facial-peel-off-aux-mineraux-de-la-mer-morte\/","og_locale":"fr_FR","og_type":"article","og_title":"MASQUE FACIAL PEEL-OFF AUX MIN\u00c9RAUX DE LA MER MORTE - Juman Dead Sea","og_description":"Que vous soyez pr\u00e9occup\u00e9e par l'anti-\u00e2ge ou que vous ayez besoin d'une hydratation suppl\u00e9mentaire, il existe un masque peeling juste pour vous. Enrichi en extraits de concombre et d'aloe vera, il vous aide \u00e0 \u00e9liminer les toxines et les impuret\u00e9s et rajeunit la peau terne pour lui donner un \u00e9clat de jeunesse.","og_url":"https:\/\/jumandeadsea.com\/fr\/produit\/masque-facial-peel-off-aux-mineraux-de-la-mer-morte\/","og_site_name":"Juman Dead Sea","twitter_card":"summary_large_image","twitter_misc":{"Dur\u00e9e de lecture estim\u00e9e":"1 minute"},"schema":{"@context":"https:\/\/schema.org","@graph":[{"@type":"WebPage","@id":"https:\/\/jumandeadsea.com\/fr\/produit\/masque-facial-peel-off-aux-mineraux-de-la-mer-morte\/","url":"https:\/\/jumandeadsea.com\/fr\/produit\/masque-facial-peel-off-aux-mineraux-de-la-mer-morte\/","name":"MASQUE FACIAL PEEL-OFF AUX MIN\u00c9RAUX DE LA MER MORTE - Juman Dead Sea","isPartOf":{"@id":"https:\/\/jumandeadsea.com\/fr\/#website"},"primaryImageOfPage":{"@id":"https:\/\/jumandeadsea.com\/fr\/produit\/masque-facial-peel-off-aux-mineraux-de-la-mer-morte\/#primaryimage"},"image":{"@id":"https:\/\/jumandeadsea.com\/fr\/produit\/masque-facial-peel-off-aux-mineraux-de-la-mer-morte\/#primaryimage"},"thumbnailUrl":"https:\/\/jumandeadsea.com\/wp-content\/uploads\/Facial-peel_bottle-box.png","datePublished":"2024-11-18T17:30:23+00:00","breadcrumb":{"@id":"https:\/\/jumandeadsea.com\/fr\/produit\/masque-facial-peel-off-aux-mineraux-de-la-mer-morte\/#breadcrumb"},"inLanguage":"fr-FR","potentialAction":[{"@type":"ReadAction","target":["https:\/\/jumandeadsea.com\/fr\/produit\/masque-facial-peel-off-aux-mineraux-de-la-mer-morte\/"]}]},{"@type":"ImageObject","inLanguage":"fr-FR","@id":"https:\/\/jumandeadsea.com\/fr\/produit\/masque-facial-peel-off-aux-mineraux-de-la-mer-morte\/#primaryimage","url":"https:\/\/jumandeadsea.com\/wp-content\/uploads\/Facial-peel_bottle-box.png","contentUrl":"https:\/\/jumandeadsea.com\/wp-content\/uploads\/Facial-peel_bottle-box.png","width":1500,"height":1500},{"@type":"BreadcrumbList","@id":"https:\/\/jumandeadsea.com\/fr\/produit\/masque-facial-peel-off-aux-mineraux-de-la-mer-morte\/#breadcrumb","itemListElement":[{"@type":"ListItem","position":1,"name":"Home","item":"https:\/\/jumandeadsea.com\/fr\/"},{"@type":"ListItem","position":2,"name":"Boutique","item":"https:\/\/jumandeadsea.com\/shop\/"},{"@type":"ListItem","position":3,"name":"Masque Facial Peel-off Aux Min\u00c9raux De La Mer Morte"}]},{"@type":"WebSite","@id":"https:\/\/jumandeadsea.com\/fr\/#website","url":"https:\/\/jumandeadsea.com\/fr\/","name":"Juman Dead Sea","description":"Authentic Dead Sea Mineral Skincare for Sensitive, Healthy Skin","potentialAction":[{"@type":"SearchAction","target":{"@type":"EntryPoint","urlTemplate":"https:\/\/jumandeadsea.com\/fr\/?s={search_term_string}"},"query-input":{"@type":"PropertyValueSpecification","valueRequired":true,"valueName":"search_term_string"}}],"inLanguage":"fr-FR"}]}},"_links":{"self":[{"href":"https:\/\/jumandeadsea.com\/fr\/wp-json\/wp\/v2\/product\/326698","targetHints":{"allow":["GET"]}}],"collection":[{"href":"https:\/\/jumandeadsea.com\/fr\/wp-json\/wp\/v2\/product"}],"about":[{"href":"https:\/\/jumandeadsea.com\/fr\/wp-json\/wp\/v2\/types\/product"}],"replies":[{"embeddable":true,"href":"https:\/\/jumandeadsea.com\/fr\/wp-json\/wp\/v2\/comments?post=326698"}],"wp:featuredmedia":[{"embeddable":true,"href":"https:\/\/jumandeadsea.com\/fr\/wp-json\/wp\/v2\/media\/1559"}],"wp:attachment":[{"href":"https:\/\/jumandeadsea.com\/fr\/wp-json\/wp\/v2\/media?parent=326698"}],"wp:term":[{"taxonomy":"product_brand","embeddable":true,"href":"https:\/\/jumandeadsea.com\/fr\/wp-json\/wp\/v2\/product_brand?post=326698"},{"taxonomy":"product_cat","embeddable":true,"href":"https:\/\/jumandeadsea.com\/fr\/wp-json\/wp\/v2\/product_cat?post=326698"},{"taxonomy":"product_tag","embeddable":true,"href":"https:\/\/jumandeadsea.com\/fr\/wp-json\/wp\/v2\/product_tag?post=326698"}],"curies":[{"name":"wp","href":"https:\/\/api.w.org\/{rel}","templated":true}]}}