{"id":326694,"date":"2024-11-18T17:30:21","date_gmt":"2024-11-18T17:30:21","guid":{"rendered":"https:\/\/jumandeadsea.com\/product\/apres-shampoing-enrichi-a-laloe-vera-et-a-la-camomille\/"},"modified":"2024-11-18T17:30:21","modified_gmt":"2024-11-18T17:30:21","slug":"apres-shampoing-enrichi-a-laloe-vera-et-a-la-camomille","status":"publish","type":"product","link":"https:\/\/jumandeadsea.com\/fr\/produit\/apres-shampoing-enrichi-a-laloe-vera-et-a-la-camomille\/","title":{"rendered":"Apr\u00c8s-shampoing Enrichi \u00c0 L&rsquo;aloe Vera Et \u00c0 La Camomille"},"content":{"rendered":"\n    <div class=\"shortcode-accordion\">\n        <h3 class=\"accordion-header\">Ingr\u00e9dients<\/h3>\n        <div class=\"accordion-content\" style=\"display: none;\">\n            \n<p>Huile de noyau d&rsquo;Argania Spinosa (Argan), jus de feuille d&rsquo;Aloe Barbadensis (Aloe Vera), extrait de fleur de Chamomilla Recutita (Camomille).<\/p>\n<ul>\n<li>Huile d&rsquo;argan : hydrate les cheveux en profondeur, augmente leur brillance, les nourrit et favorise la croissance de cheveux sains.<\/li>\n<li>Jus de feuilles d&rsquo;aloe vera : il hydrate les cheveux, adoucit et nourrit les pointes, leur donne de l&rsquo;\u00e9clat et de la brillance et favorise leur croissance.<\/li>\n<li>Extrait de camomille : renforce les cheveux, prot\u00e8ge les pointes contre la casse et redonne aux cheveux leur \u00e9clat et leur vitalit\u00e9.<\/li>\n<\/ul>\n<p>\n        <\/div>\n    <\/div><br \/>\n\n    <div class=\"shortcode-accordion\">\n        <h3 class=\"accordion-header\">Mode d&#039;emploi :<\/h3>\n        <div class=\"accordion-content\" style=\"display: none;\">\n            <\/p>\n<p>Appliquez-le apr\u00e8s avoir lav\u00e9 vos cheveux avec du shampooing, massez doucement, laissez agir pendant 3 \u00e0 5 minutes, puis rincez vos cheveux \u00e0 l&rsquo;eau ti\u00e8de.<\/p>\n<p>\n        <\/div>\n    <\/div><br \/>\n\n    <div class=\"shortcode-accordion\">\n        <h3 class=\"accordion-header\">Informations sur le produit<\/h3>\n        <div class=\"accordion-content\" style=\"display: none;\">\n            <\/p>\n<p>&#8211; Poids : 400ml<\/p>\n<p>\n        <\/div>\n    <\/div><\/p>\n","protected":false},"excerpt":{"rendered":"<p>Formul\u00e9 avec de l&rsquo;aloe vera, de la camomille, de l&rsquo;huile d&rsquo;argan et d&rsquo;autres ingr\u00e9dients efficaces qui p\u00e9n\u00e8trent le cuir chevelu et les couches internes des cheveux pour restaurer leur hydratation. Il est essentiel de l&rsquo;appliquer apr\u00e8s le shampooing pour \u00e9viter les cheveux secs, fris\u00e9s et ab\u00eem\u00e9s, et pour faciliter le coiffage, vous laissant des cheveux plus forts, soyeux et sans d\u00e9m\u00eal\u00e9s. <\/p>\n<p><strong>R\u00c9PARE LES CHEVEUX AB\u00ceM\u00c9S ET COLOR\u00c9S<\/strong><br \/>\n<strong>CONVIENT AUX CHEVEUX SECS ET NORMAUX<\/strong><\/p>\n","protected":false},"featured_media":2056,"comment_status":"open","ping_status":"closed","template":"","meta":{"_et_pb_use_builder":"","_et_pb_old_content":"","_et_gb_content_width":""},"product_brand":[],"product_cat":[107,95],"product_tag":[],"class_list":{"0":"post-326694","1":"product","2":"type-product","3":"status-publish","4":"has-post-thumbnail","6":"product_cat-soins-capillaires","7":"product_cat-soins-pour-cheveux-secs-et-normaux","9":"first","10":"instock","11":"shipping-taxable","12":"purchasable","13":"product-type-simple"},"yoast_head":"<!-- This site is optimized with the Yoast SEO plugin v27.3 - https:\/\/yoast.com\/product\/yoast-seo-wordpress\/ -->\n<title>APR\u00c8S-SHAMPOING ENRICHI \u00c0 L&#039;ALOE VERA ET \u00c0 LA CAMOMILLE - Juman Dead Sea<\/title>\n<meta name=\"robots\" content=\"index, follow, max-snippet:-1, max-image-preview:large, max-video-preview:-1\" \/>\n<link rel=\"canonical\" href=\"https:\/\/jumandeadsea.com\/fr\/produit\/apres-shampoing-enrichi-a-laloe-vera-et-a-la-camomille\/\" \/>\n<meta property=\"og:locale\" content=\"fr_FR\" \/>\n<meta property=\"og:type\" content=\"article\" \/>\n<meta property=\"og:title\" content=\"APR\u00c8S-SHAMPOING ENRICHI \u00c0 L&#039;ALOE VERA ET \u00c0 LA CAMOMILLE - Juman Dead Sea\" \/>\n<meta property=\"og:description\" content=\"Formul\u00e9 avec de l&#039;aloe vera, de la camomille, de l&#039;huile d&#039;argan et d&#039;autres ingr\u00e9dients efficaces qui p\u00e9n\u00e8trent le cuir chevelu et les couches internes des cheveux pour restaurer leur hydratation. Il est essentiel de l&#039;appliquer apr\u00e8s le shampooing pour \u00e9viter les cheveux secs, fris\u00e9s et ab\u00eem\u00e9s, et pour faciliter le coiffage, vous laissant des cheveux plus forts, soyeux et sans d\u00e9m\u00eal\u00e9s.  R\u00c9PARE LES CHEVEUX AB\u00ceM\u00c9S ET COLOR\u00c9S CONVIENT AUX CHEVEUX SECS ET NORMAUX\" \/>\n<meta property=\"og:url\" content=\"https:\/\/jumandeadsea.com\/fr\/produit\/apres-shampoing-enrichi-a-laloe-vera-et-a-la-camomille\/\" \/>\n<meta property=\"og:site_name\" content=\"Juman Dead Sea\" \/>\n<meta name=\"twitter:card\" content=\"summary_large_image\" \/>\n<meta name=\"twitter:label1\" content=\"Dur\u00e9e de lecture estim\u00e9e\" \/>\n\t<meta name=\"twitter:data1\" content=\"1 minute\" \/>\n<script type=\"application\/ld+json\" class=\"yoast-schema-graph\">{\"@context\":\"https:\\\/\\\/schema.org\",\"@graph\":[{\"@type\":\"WebPage\",\"@id\":\"https:\\\/\\\/jumandeadsea.com\\\/fr\\\/produit\\\/apres-shampoing-enrichi-a-laloe-vera-et-a-la-camomille\\\/\",\"url\":\"https:\\\/\\\/jumandeadsea.com\\\/fr\\\/produit\\\/apres-shampoing-enrichi-a-laloe-vera-et-a-la-camomille\\\/\",\"name\":\"APR\u00c8S-SHAMPOING ENRICHI \u00c0 L'ALOE VERA ET \u00c0 LA CAMOMILLE - Juman Dead Sea\",\"isPartOf\":{\"@id\":\"https:\\\/\\\/jumandeadsea.com\\\/fr\\\/#website\"},\"primaryImageOfPage\":{\"@id\":\"https:\\\/\\\/jumandeadsea.com\\\/fr\\\/produit\\\/apres-shampoing-enrichi-a-laloe-vera-et-a-la-camomille\\\/#primaryimage\"},\"image\":{\"@id\":\"https:\\\/\\\/jumandeadsea.com\\\/fr\\\/produit\\\/apres-shampoing-enrichi-a-laloe-vera-et-a-la-camomille\\\/#primaryimage\"},\"thumbnailUrl\":\"https:\\\/\\\/jumandeadsea.com\\\/wp-content\\\/uploads\\\/hair-conditioner-1.png\",\"datePublished\":\"2024-11-18T17:30:21+00:00\",\"breadcrumb\":{\"@id\":\"https:\\\/\\\/jumandeadsea.com\\\/fr\\\/produit\\\/apres-shampoing-enrichi-a-laloe-vera-et-a-la-camomille\\\/#breadcrumb\"},\"inLanguage\":\"fr-FR\",\"potentialAction\":[{\"@type\":\"ReadAction\",\"target\":[\"https:\\\/\\\/jumandeadsea.com\\\/fr\\\/produit\\\/apres-shampoing-enrichi-a-laloe-vera-et-a-la-camomille\\\/\"]}]},{\"@type\":\"ImageObject\",\"inLanguage\":\"fr-FR\",\"@id\":\"https:\\\/\\\/jumandeadsea.com\\\/fr\\\/produit\\\/apres-shampoing-enrichi-a-laloe-vera-et-a-la-camomille\\\/#primaryimage\",\"url\":\"https:\\\/\\\/jumandeadsea.com\\\/wp-content\\\/uploads\\\/hair-conditioner-1.png\",\"contentUrl\":\"https:\\\/\\\/jumandeadsea.com\\\/wp-content\\\/uploads\\\/hair-conditioner-1.png\",\"width\":500,\"height\":500},{\"@type\":\"BreadcrumbList\",\"@id\":\"https:\\\/\\\/jumandeadsea.com\\\/fr\\\/produit\\\/apres-shampoing-enrichi-a-laloe-vera-et-a-la-camomille\\\/#breadcrumb\",\"itemListElement\":[{\"@type\":\"ListItem\",\"position\":1,\"name\":\"Home\",\"item\":\"https:\\\/\\\/jumandeadsea.com\\\/fr\\\/\"},{\"@type\":\"ListItem\",\"position\":2,\"name\":\"Boutique\",\"item\":\"https:\\\/\\\/jumandeadsea.com\\\/shop\\\/\"},{\"@type\":\"ListItem\",\"position\":3,\"name\":\"Apr\u00c8s-shampoing Enrichi \u00c0 L&rsquo;aloe Vera Et \u00c0 La Camomille\"}]},{\"@type\":\"WebSite\",\"@id\":\"https:\\\/\\\/jumandeadsea.com\\\/fr\\\/#website\",\"url\":\"https:\\\/\\\/jumandeadsea.com\\\/fr\\\/\",\"name\":\"Juman Dead Sea\",\"description\":\"Authentic Dead Sea Mineral Skincare for Sensitive, Healthy Skin\",\"potentialAction\":[{\"@type\":\"SearchAction\",\"target\":{\"@type\":\"EntryPoint\",\"urlTemplate\":\"https:\\\/\\\/jumandeadsea.com\\\/fr\\\/?s={search_term_string}\"},\"query-input\":{\"@type\":\"PropertyValueSpecification\",\"valueRequired\":true,\"valueName\":\"search_term_string\"}}],\"inLanguage\":\"fr-FR\"}]}<\/script>\n<!-- \/ Yoast SEO plugin. -->","yoast_head_json":{"title":"APR\u00c8S-SHAMPOING ENRICHI \u00c0 L'ALOE VERA ET \u00c0 LA CAMOMILLE - Juman Dead Sea","robots":{"index":"index","follow":"follow","max-snippet":"max-snippet:-1","max-image-preview":"max-image-preview:large","max-video-preview":"max-video-preview:-1"},"canonical":"https:\/\/jumandeadsea.com\/fr\/produit\/apres-shampoing-enrichi-a-laloe-vera-et-a-la-camomille\/","og_locale":"fr_FR","og_type":"article","og_title":"APR\u00c8S-SHAMPOING ENRICHI \u00c0 L'ALOE VERA ET \u00c0 LA CAMOMILLE - Juman Dead Sea","og_description":"Formul\u00e9 avec de l'aloe vera, de la camomille, de l'huile d'argan et d'autres ingr\u00e9dients efficaces qui p\u00e9n\u00e8trent le cuir chevelu et les couches internes des cheveux pour restaurer leur hydratation. Il est essentiel de l'appliquer apr\u00e8s le shampooing pour \u00e9viter les cheveux secs, fris\u00e9s et ab\u00eem\u00e9s, et pour faciliter le coiffage, vous laissant des cheveux plus forts, soyeux et sans d\u00e9m\u00eal\u00e9s.  R\u00c9PARE LES CHEVEUX AB\u00ceM\u00c9S ET COLOR\u00c9S CONVIENT AUX CHEVEUX SECS ET NORMAUX","og_url":"https:\/\/jumandeadsea.com\/fr\/produit\/apres-shampoing-enrichi-a-laloe-vera-et-a-la-camomille\/","og_site_name":"Juman Dead Sea","twitter_card":"summary_large_image","twitter_misc":{"Dur\u00e9e de lecture estim\u00e9e":"1 minute"},"schema":{"@context":"https:\/\/schema.org","@graph":[{"@type":"WebPage","@id":"https:\/\/jumandeadsea.com\/fr\/produit\/apres-shampoing-enrichi-a-laloe-vera-et-a-la-camomille\/","url":"https:\/\/jumandeadsea.com\/fr\/produit\/apres-shampoing-enrichi-a-laloe-vera-et-a-la-camomille\/","name":"APR\u00c8S-SHAMPOING ENRICHI \u00c0 L'ALOE VERA ET \u00c0 LA CAMOMILLE - Juman Dead Sea","isPartOf":{"@id":"https:\/\/jumandeadsea.com\/fr\/#website"},"primaryImageOfPage":{"@id":"https:\/\/jumandeadsea.com\/fr\/produit\/apres-shampoing-enrichi-a-laloe-vera-et-a-la-camomille\/#primaryimage"},"image":{"@id":"https:\/\/jumandeadsea.com\/fr\/produit\/apres-shampoing-enrichi-a-laloe-vera-et-a-la-camomille\/#primaryimage"},"thumbnailUrl":"https:\/\/jumandeadsea.com\/wp-content\/uploads\/hair-conditioner-1.png","datePublished":"2024-11-18T17:30:21+00:00","breadcrumb":{"@id":"https:\/\/jumandeadsea.com\/fr\/produit\/apres-shampoing-enrichi-a-laloe-vera-et-a-la-camomille\/#breadcrumb"},"inLanguage":"fr-FR","potentialAction":[{"@type":"ReadAction","target":["https:\/\/jumandeadsea.com\/fr\/produit\/apres-shampoing-enrichi-a-laloe-vera-et-a-la-camomille\/"]}]},{"@type":"ImageObject","inLanguage":"fr-FR","@id":"https:\/\/jumandeadsea.com\/fr\/produit\/apres-shampoing-enrichi-a-laloe-vera-et-a-la-camomille\/#primaryimage","url":"https:\/\/jumandeadsea.com\/wp-content\/uploads\/hair-conditioner-1.png","contentUrl":"https:\/\/jumandeadsea.com\/wp-content\/uploads\/hair-conditioner-1.png","width":500,"height":500},{"@type":"BreadcrumbList","@id":"https:\/\/jumandeadsea.com\/fr\/produit\/apres-shampoing-enrichi-a-laloe-vera-et-a-la-camomille\/#breadcrumb","itemListElement":[{"@type":"ListItem","position":1,"name":"Home","item":"https:\/\/jumandeadsea.com\/fr\/"},{"@type":"ListItem","position":2,"name":"Boutique","item":"https:\/\/jumandeadsea.com\/shop\/"},{"@type":"ListItem","position":3,"name":"Apr\u00c8s-shampoing Enrichi \u00c0 L&rsquo;aloe Vera Et \u00c0 La Camomille"}]},{"@type":"WebSite","@id":"https:\/\/jumandeadsea.com\/fr\/#website","url":"https:\/\/jumandeadsea.com\/fr\/","name":"Juman Dead Sea","description":"Authentic Dead Sea Mineral Skincare for Sensitive, Healthy Skin","potentialAction":[{"@type":"SearchAction","target":{"@type":"EntryPoint","urlTemplate":"https:\/\/jumandeadsea.com\/fr\/?s={search_term_string}"},"query-input":{"@type":"PropertyValueSpecification","valueRequired":true,"valueName":"search_term_string"}}],"inLanguage":"fr-FR"}]}},"_links":{"self":[{"href":"https:\/\/jumandeadsea.com\/fr\/wp-json\/wp\/v2\/product\/326694","targetHints":{"allow":["GET"]}}],"collection":[{"href":"https:\/\/jumandeadsea.com\/fr\/wp-json\/wp\/v2\/product"}],"about":[{"href":"https:\/\/jumandeadsea.com\/fr\/wp-json\/wp\/v2\/types\/product"}],"replies":[{"embeddable":true,"href":"https:\/\/jumandeadsea.com\/fr\/wp-json\/wp\/v2\/comments?post=326694"}],"wp:featuredmedia":[{"embeddable":true,"href":"https:\/\/jumandeadsea.com\/fr\/wp-json\/wp\/v2\/media\/2056"}],"wp:attachment":[{"href":"https:\/\/jumandeadsea.com\/fr\/wp-json\/wp\/v2\/media?parent=326694"}],"wp:term":[{"taxonomy":"product_brand","embeddable":true,"href":"https:\/\/jumandeadsea.com\/fr\/wp-json\/wp\/v2\/product_brand?post=326694"},{"taxonomy":"product_cat","embeddable":true,"href":"https:\/\/jumandeadsea.com\/fr\/wp-json\/wp\/v2\/product_cat?post=326694"},{"taxonomy":"product_tag","embeddable":true,"href":"https:\/\/jumandeadsea.com\/fr\/wp-json\/wp\/v2\/product_tag?post=326694"}],"curies":[{"name":"wp","href":"https:\/\/api.w.org\/{rel}","templated":true}]}}