{"id":326693,"date":"2024-11-18T17:30:22","date_gmt":"2024-11-18T17:30:22","guid":{"rendered":"https:\/\/jumandeadsea.com\/product\/gel-pour-la-peau-a-leclat-dor\/"},"modified":"2024-11-18T17:30:22","modified_gmt":"2024-11-18T17:30:22","slug":"gel-pour-la-peau-a-leclat-dor","status":"publish","type":"product","link":"https:\/\/jumandeadsea.com\/fr\/produit\/gel-pour-la-peau-a-leclat-dor\/","title":{"rendered":"Gel Pour La Peau \u00c0 L&rsquo;\u00c9clat D&rsquo;or"},"content":{"rendered":"\n    <div class=\"shortcode-accordion\">\n        <h3 class=\"accordion-header\">Ingr\u00e9dients<\/h3>\n        <div class=\"accordion-content\" style=\"display: none;\">\n            \n<p>Jus de feuilles d&rsquo;Aloe Barbadensis (Aloe Vera), glyc\u00e9rine, extrait de fleur de Chamomilla Recutita (Camomille), panth\u00e9nol (vitamine B5), couleur or paillet\u00e9.<\/p>\n<ul>\n<li>Aloe Vera : poss\u00e8de de puissantes propri\u00e9t\u00e9s curatives qui se sont av\u00e9r\u00e9es efficaces pour traiter les coups de soleil et r\u00e9duire la visibilit\u00e9 des cicatrices ; il agit \u00e9galement comme agent hydratant.<\/li>\n<li>Glyc\u00e9rine : elle soulage la s\u00e9cheresse de la peau car elle aide \u00e0 retenir plus d&rsquo;eau, et r\u00e9duit les fissures en hydratant la peau.<\/li>\n<li>Extrait de fleur de camomille : il unifie le teint de la peau et poss\u00e8de d&rsquo;excellentes capacit\u00e9s \u00e0 neutraliser les irritants cutan\u00e9s, en plus de ses propri\u00e9t\u00e9s antibact\u00e9riennes et hypoallerg\u00e9niques qui aident \u00e0 soulager de nombreuses affections cutan\u00e9es associ\u00e9es \u00e0 la s\u00e9cheresse de la peau.<\/li>\n<li>Vitamine B5 : favorise la formation de nouvelles cellules cutan\u00e9es en maintenant l&rsquo;humidit\u00e9 sous la surface de la peau.<\/li>\n<li>Couleur or paillet\u00e9 : cr\u00e9ez un effet de brillance sur les visages, les bras, les jambes et partout o\u00f9 un peu d&rsquo;\u00e9clat est n\u00e9cessaire.<\/li>\n<\/ul>\n<p>\n        <\/div>\n    <\/div><br \/>\n\n    <div class=\"shortcode-accordion\">\n        <h3 class=\"accordion-header\">Mode d&#039;emploi :<\/h3>\n        <div class=\"accordion-content\" style=\"display: none;\">\n            <\/p>\n<p>Appliquez une quantit\u00e9 suffisante de gel sur tout le corps apr\u00e8s le bronzage.<\/p>\n<p>\n        <\/div>\n    <\/div><br \/>\n\n    <div class=\"shortcode-accordion\">\n        <h3 class=\"accordion-header\">Informations sur le produit<\/h3>\n        <div class=\"accordion-content\" style=\"display: none;\">\n            <\/p>\n<p>&#8211; CPNP : 3861112<\/p>\n<p>&#8211; Poids : 200ml<\/p>\n<p>\n        <\/div>\n    <\/div><\/p>\n","protected":false},"excerpt":{"rendered":"<p>Un gel intensif pour la peau aux reflets dor\u00e9s qui vous donne un bel \u00e9clat sous la lumi\u00e8re. Il est rempli d&rsquo;ingr\u00e9dients nourrissants et adoucissants qui le rendent confortable sur votre peau, la laissant toujours radieuse. Il donne \u00e0 la peau une belle couleur dor\u00e9e et scintillante.  <\/p>\n<p><strong>POUR UN \u00c9CLAT DOR\u00c9 ET BRILLANT<\/strong><\/p>\n","protected":false},"featured_media":1902,"comment_status":"open","ping_status":"closed","template":"","meta":{"_et_pb_use_builder":"","_et_pb_old_content":"","_et_gb_content_width":""},"product_brand":[],"product_cat":[113,99],"product_tag":[],"class_list":{"0":"post-326693","1":"product","2":"type-product","3":"status-publish","4":"has-post-thumbnail","6":"product_cat-produits-de-bronzage","7":"product_cat-soins-du-corps","9":"first","10":"instock","11":"shipping-taxable","12":"purchasable","13":"product-type-simple"},"yoast_head":"<!-- This site is optimized with the Yoast SEO plugin v27.3 - https:\/\/yoast.com\/product\/yoast-seo-wordpress\/ -->\n<title>GEL POUR LA PEAU \u00c0 L&#039;\u00c9CLAT D&#039;OR - Juman Dead Sea<\/title>\n<meta name=\"robots\" content=\"index, follow, max-snippet:-1, max-image-preview:large, max-video-preview:-1\" \/>\n<link rel=\"canonical\" href=\"https:\/\/jumandeadsea.com\/fr\/produit\/gel-pour-la-peau-a-leclat-dor\/\" \/>\n<meta property=\"og:locale\" content=\"fr_FR\" \/>\n<meta property=\"og:type\" content=\"article\" \/>\n<meta property=\"og:title\" content=\"GEL POUR LA PEAU \u00c0 L&#039;\u00c9CLAT D&#039;OR - Juman Dead Sea\" \/>\n<meta property=\"og:description\" content=\"Un gel intensif pour la peau aux reflets dor\u00e9s qui vous donne un bel \u00e9clat sous la lumi\u00e8re. Il est rempli d&#039;ingr\u00e9dients nourrissants et adoucissants qui le rendent confortable sur votre peau, la laissant toujours radieuse. Il donne \u00e0 la peau une belle couleur dor\u00e9e et scintillante.  POUR UN \u00c9CLAT DOR\u00c9 ET BRILLANT\" \/>\n<meta property=\"og:url\" content=\"https:\/\/jumandeadsea.com\/fr\/produit\/gel-pour-la-peau-a-leclat-dor\/\" \/>\n<meta property=\"og:site_name\" content=\"Juman Dead Sea\" \/>\n<meta name=\"twitter:card\" content=\"summary_large_image\" \/>\n<meta name=\"twitter:label1\" content=\"Dur\u00e9e de lecture estim\u00e9e\" \/>\n\t<meta name=\"twitter:data1\" content=\"1 minute\" \/>\n<script type=\"application\/ld+json\" class=\"yoast-schema-graph\">{\"@context\":\"https:\\\/\\\/schema.org\",\"@graph\":[{\"@type\":\"WebPage\",\"@id\":\"https:\\\/\\\/jumandeadsea.com\\\/fr\\\/produit\\\/gel-pour-la-peau-a-leclat-dor\\\/\",\"url\":\"https:\\\/\\\/jumandeadsea.com\\\/fr\\\/produit\\\/gel-pour-la-peau-a-leclat-dor\\\/\",\"name\":\"GEL POUR LA PEAU \u00c0 L'\u00c9CLAT D'OR - Juman Dead Sea\",\"isPartOf\":{\"@id\":\"https:\\\/\\\/jumandeadsea.com\\\/fr\\\/#website\"},\"primaryImageOfPage\":{\"@id\":\"https:\\\/\\\/jumandeadsea.com\\\/fr\\\/produit\\\/gel-pour-la-peau-a-leclat-dor\\\/#primaryimage\"},\"image\":{\"@id\":\"https:\\\/\\\/jumandeadsea.com\\\/fr\\\/produit\\\/gel-pour-la-peau-a-leclat-dor\\\/#primaryimage\"},\"thumbnailUrl\":\"https:\\\/\\\/jumandeadsea.com\\\/wp-content\\\/uploads\\\/GOLD-SHIMMER-SKIN-GEL-FRONT.png\",\"datePublished\":\"2024-11-18T17:30:22+00:00\",\"breadcrumb\":{\"@id\":\"https:\\\/\\\/jumandeadsea.com\\\/fr\\\/produit\\\/gel-pour-la-peau-a-leclat-dor\\\/#breadcrumb\"},\"inLanguage\":\"fr-FR\",\"potentialAction\":[{\"@type\":\"ReadAction\",\"target\":[\"https:\\\/\\\/jumandeadsea.com\\\/fr\\\/produit\\\/gel-pour-la-peau-a-leclat-dor\\\/\"]}]},{\"@type\":\"ImageObject\",\"inLanguage\":\"fr-FR\",\"@id\":\"https:\\\/\\\/jumandeadsea.com\\\/fr\\\/produit\\\/gel-pour-la-peau-a-leclat-dor\\\/#primaryimage\",\"url\":\"https:\\\/\\\/jumandeadsea.com\\\/wp-content\\\/uploads\\\/GOLD-SHIMMER-SKIN-GEL-FRONT.png\",\"contentUrl\":\"https:\\\/\\\/jumandeadsea.com\\\/wp-content\\\/uploads\\\/GOLD-SHIMMER-SKIN-GEL-FRONT.png\",\"width\":992,\"height\":1500},{\"@type\":\"BreadcrumbList\",\"@id\":\"https:\\\/\\\/jumandeadsea.com\\\/fr\\\/produit\\\/gel-pour-la-peau-a-leclat-dor\\\/#breadcrumb\",\"itemListElement\":[{\"@type\":\"ListItem\",\"position\":1,\"name\":\"Home\",\"item\":\"https:\\\/\\\/jumandeadsea.com\\\/fr\\\/\"},{\"@type\":\"ListItem\",\"position\":2,\"name\":\"Boutique\",\"item\":\"https:\\\/\\\/jumandeadsea.com\\\/shop\\\/\"},{\"@type\":\"ListItem\",\"position\":3,\"name\":\"Gel Pour La Peau \u00c0 L&rsquo;\u00c9clat D&rsquo;or\"}]},{\"@type\":\"WebSite\",\"@id\":\"https:\\\/\\\/jumandeadsea.com\\\/fr\\\/#website\",\"url\":\"https:\\\/\\\/jumandeadsea.com\\\/fr\\\/\",\"name\":\"Juman Dead Sea\",\"description\":\"Authentic Dead Sea Mineral Skincare for Sensitive, Healthy Skin\",\"potentialAction\":[{\"@type\":\"SearchAction\",\"target\":{\"@type\":\"EntryPoint\",\"urlTemplate\":\"https:\\\/\\\/jumandeadsea.com\\\/fr\\\/?s={search_term_string}\"},\"query-input\":{\"@type\":\"PropertyValueSpecification\",\"valueRequired\":true,\"valueName\":\"search_term_string\"}}],\"inLanguage\":\"fr-FR\"}]}<\/script>\n<!-- \/ Yoast SEO plugin. -->","yoast_head_json":{"title":"GEL POUR LA PEAU \u00c0 L'\u00c9CLAT D'OR - Juman Dead Sea","robots":{"index":"index","follow":"follow","max-snippet":"max-snippet:-1","max-image-preview":"max-image-preview:large","max-video-preview":"max-video-preview:-1"},"canonical":"https:\/\/jumandeadsea.com\/fr\/produit\/gel-pour-la-peau-a-leclat-dor\/","og_locale":"fr_FR","og_type":"article","og_title":"GEL POUR LA PEAU \u00c0 L'\u00c9CLAT D'OR - Juman Dead Sea","og_description":"Un gel intensif pour la peau aux reflets dor\u00e9s qui vous donne un bel \u00e9clat sous la lumi\u00e8re. Il est rempli d'ingr\u00e9dients nourrissants et adoucissants qui le rendent confortable sur votre peau, la laissant toujours radieuse. Il donne \u00e0 la peau une belle couleur dor\u00e9e et scintillante.  POUR UN \u00c9CLAT DOR\u00c9 ET BRILLANT","og_url":"https:\/\/jumandeadsea.com\/fr\/produit\/gel-pour-la-peau-a-leclat-dor\/","og_site_name":"Juman Dead Sea","twitter_card":"summary_large_image","twitter_misc":{"Dur\u00e9e de lecture estim\u00e9e":"1 minute"},"schema":{"@context":"https:\/\/schema.org","@graph":[{"@type":"WebPage","@id":"https:\/\/jumandeadsea.com\/fr\/produit\/gel-pour-la-peau-a-leclat-dor\/","url":"https:\/\/jumandeadsea.com\/fr\/produit\/gel-pour-la-peau-a-leclat-dor\/","name":"GEL POUR LA PEAU \u00c0 L'\u00c9CLAT D'OR - Juman Dead Sea","isPartOf":{"@id":"https:\/\/jumandeadsea.com\/fr\/#website"},"primaryImageOfPage":{"@id":"https:\/\/jumandeadsea.com\/fr\/produit\/gel-pour-la-peau-a-leclat-dor\/#primaryimage"},"image":{"@id":"https:\/\/jumandeadsea.com\/fr\/produit\/gel-pour-la-peau-a-leclat-dor\/#primaryimage"},"thumbnailUrl":"https:\/\/jumandeadsea.com\/wp-content\/uploads\/GOLD-SHIMMER-SKIN-GEL-FRONT.png","datePublished":"2024-11-18T17:30:22+00:00","breadcrumb":{"@id":"https:\/\/jumandeadsea.com\/fr\/produit\/gel-pour-la-peau-a-leclat-dor\/#breadcrumb"},"inLanguage":"fr-FR","potentialAction":[{"@type":"ReadAction","target":["https:\/\/jumandeadsea.com\/fr\/produit\/gel-pour-la-peau-a-leclat-dor\/"]}]},{"@type":"ImageObject","inLanguage":"fr-FR","@id":"https:\/\/jumandeadsea.com\/fr\/produit\/gel-pour-la-peau-a-leclat-dor\/#primaryimage","url":"https:\/\/jumandeadsea.com\/wp-content\/uploads\/GOLD-SHIMMER-SKIN-GEL-FRONT.png","contentUrl":"https:\/\/jumandeadsea.com\/wp-content\/uploads\/GOLD-SHIMMER-SKIN-GEL-FRONT.png","width":992,"height":1500},{"@type":"BreadcrumbList","@id":"https:\/\/jumandeadsea.com\/fr\/produit\/gel-pour-la-peau-a-leclat-dor\/#breadcrumb","itemListElement":[{"@type":"ListItem","position":1,"name":"Home","item":"https:\/\/jumandeadsea.com\/fr\/"},{"@type":"ListItem","position":2,"name":"Boutique","item":"https:\/\/jumandeadsea.com\/shop\/"},{"@type":"ListItem","position":3,"name":"Gel Pour La Peau \u00c0 L&rsquo;\u00c9clat D&rsquo;or"}]},{"@type":"WebSite","@id":"https:\/\/jumandeadsea.com\/fr\/#website","url":"https:\/\/jumandeadsea.com\/fr\/","name":"Juman Dead Sea","description":"Authentic Dead Sea Mineral Skincare for Sensitive, Healthy Skin","potentialAction":[{"@type":"SearchAction","target":{"@type":"EntryPoint","urlTemplate":"https:\/\/jumandeadsea.com\/fr\/?s={search_term_string}"},"query-input":{"@type":"PropertyValueSpecification","valueRequired":true,"valueName":"search_term_string"}}],"inLanguage":"fr-FR"}]}},"_links":{"self":[{"href":"https:\/\/jumandeadsea.com\/fr\/wp-json\/wp\/v2\/product\/326693","targetHints":{"allow":["GET"]}}],"collection":[{"href":"https:\/\/jumandeadsea.com\/fr\/wp-json\/wp\/v2\/product"}],"about":[{"href":"https:\/\/jumandeadsea.com\/fr\/wp-json\/wp\/v2\/types\/product"}],"replies":[{"embeddable":true,"href":"https:\/\/jumandeadsea.com\/fr\/wp-json\/wp\/v2\/comments?post=326693"}],"wp:featuredmedia":[{"embeddable":true,"href":"https:\/\/jumandeadsea.com\/fr\/wp-json\/wp\/v2\/media\/1902"}],"wp:attachment":[{"href":"https:\/\/jumandeadsea.com\/fr\/wp-json\/wp\/v2\/media?parent=326693"}],"wp:term":[{"taxonomy":"product_brand","embeddable":true,"href":"https:\/\/jumandeadsea.com\/fr\/wp-json\/wp\/v2\/product_brand?post=326693"},{"taxonomy":"product_cat","embeddable":true,"href":"https:\/\/jumandeadsea.com\/fr\/wp-json\/wp\/v2\/product_cat?post=326693"},{"taxonomy":"product_tag","embeddable":true,"href":"https:\/\/jumandeadsea.com\/fr\/wp-json\/wp\/v2\/product_tag?post=326693"}],"curies":[{"name":"wp","href":"https:\/\/api.w.org\/{rel}","templated":true}]}}