{"id":326692,"date":"2024-11-18T17:30:21","date_gmt":"2024-11-18T17:30:21","guid":{"rendered":"https:\/\/jumandeadsea.com\/product\/sans-rincage-pour-les-cheveux-enrichi-dhuile-dargan-et-dhuile-damande-douce\/"},"modified":"2024-11-18T17:30:21","modified_gmt":"2024-11-18T17:30:21","slug":"sans-rincage-pour-les-cheveux-enrichi-dhuile-dargan-et-dhuile-damande-douce","status":"publish","type":"product","link":"https:\/\/jumandeadsea.com\/fr\/produit\/sans-rincage-pour-les-cheveux-enrichi-dhuile-dargan-et-dhuile-damande-douce\/","title":{"rendered":"Sans Rin\u00c7age Pour Les Cheveux, Enrichi D&rsquo;huile D&rsquo;argan Et D&rsquo;huile D&rsquo;amande Douce"},"content":{"rendered":"\n    <div class=\"shortcode-accordion\">\n        <h3 class=\"accordion-header\">Ingr\u00e9dients<\/h3>\n        <div class=\"accordion-content\" style=\"display: none;\">\n            \n<p>Prunus Amygdalus Dulcis (huile d&rsquo;amande douce), Argania Spinosa (huile de noyau d&rsquo;argan), Ricinus Communis (huile de ricin), Helianthus Annuus (huile de graines de tournesol).<\/p>\n<ul>\n<li style=\"list-style-type: none;\">\n<ul>\n<li>Huile d&rsquo;amande douce : nourrit les cheveux, leur donne de la vitalit\u00e9, les assouplit, r\u00e9pare les pointes fourchues, les hydrate et les prot\u00e8ge du dess\u00e8chement, les renforce et les rend moins sujets \u00e0 la casse.<\/li>\n<li>Huile d&rsquo;argan : hydrate les cheveux en profondeur, augmente leur brillance, les nourrit et favorise la croissance de cheveux sains.<\/li>\n<li>Huile de ricin : hydrate les cheveux secs et cassants, les renforce, les intensifie et les fait briller. En outre, elle r\u00e9duit la casse des cheveux et les prot\u00e8ge de tout dommage caus\u00e9 par des facteurs externes. <\/li>\n<li>Huile de tournesol : Elle maintient la sant\u00e9 des cheveux en les nourrissant et en les hydratant, ce qui les prot\u00e8ge de la s\u00e9cheresse et de la fragilit\u00e9 en r\u00e9duisant la perte d&rsquo;eau.<\/li>\n<\/ul>\n<\/li>\n<\/ul>\n<p>\n        <\/div>\n    <\/div><br \/>\n\n    <div class=\"shortcode-accordion\">\n        <h3 class=\"accordion-header\">Mode d&#039;emploi :<\/h3>\n        <div class=\"accordion-content\" style=\"display: none;\">\n            <\/p>\n<p>Appliquez sur les cheveux propres, des racines aux pointes, sans les rincer. Peignez d\u00e9licatement vos cheveux pour une r\u00e9partition uniforme. <\/p>\n<p>\n        <\/div>\n    <\/div><br \/>\n\n    <div class=\"shortcode-accordion\">\n        <h3 class=\"accordion-header\">Informations sur le produit<\/h3>\n        <div class=\"accordion-content\" style=\"display: none;\">\n            <\/p>\n<p>&#8211; Poids : 400ml<\/p>\n<p>\n        <\/div>\n    <\/div><\/p>\n","protected":false},"excerpt":{"rendered":"<p>Vous pouvez r\u00e9duire les frisottis et augmenter la brillance gr\u00e2ce \u00e0 notre formule \u00e0 absorption rapide. Ce produit sans rin\u00e7age est un v\u00e9ritable travailleur miracle qui laisse les cheveux secs doux et lisses, tout en les rendant beaucoup plus faciles \u00e0 coiffer et \u00e0 peigner sans \u00eatre affect\u00e9s par les conditions environnantes. Il r\u00e9duit les cassures, les frisottis et les pointes fourchues, ce qui donne \u00e0 vos pointes un aspect et une sensation plus lisses. Quelques gouttes apr\u00e8s la douche et avant le coiffage laisseront les cheveux hydrat\u00e9s et rebondis.  <\/p>\n<p><strong>D\u00c9M\u00caLER, PROT\u00c9GER ET RESTAURER LA DOUCEUR ET LA BRILLANCE DES CHEVEUX<\/strong><br \/>\n<strong>CONVIENT AUX CHEVEUX SECS ET NORMAUX<\/strong><\/p>\n","protected":false},"featured_media":2059,"comment_status":"open","ping_status":"closed","template":"","meta":{"_et_pb_use_builder":"","_et_pb_old_content":"","_et_gb_content_width":""},"product_brand":[],"product_cat":[107,95],"product_tag":[114,115],"class_list":{"0":"post-326692","1":"product","2":"type-product","3":"status-publish","4":"has-post-thumbnail","6":"product_cat-soins-capillaires","7":"product_cat-soins-pour-cheveux-secs-et-normaux","8":"product_tag-meilleur-vendeur-fr","9":"product_tag-test-fr","11":"first","12":"instock","13":"shipping-taxable","14":"purchasable","15":"product-type-simple"},"yoast_head":"<!-- This site is optimized with the Yoast SEO plugin v27.3 - https:\/\/yoast.com\/product\/yoast-seo-wordpress\/ -->\n<title>SANS RIN\u00c7AGE POUR LES CHEVEUX, ENRICHI D&#039;HUILE D&#039;ARGAN ET D&#039;HUILE D&#039;AMANDE DOUCE - Juman Dead Sea<\/title>\n<meta name=\"robots\" content=\"index, follow, max-snippet:-1, max-image-preview:large, max-video-preview:-1\" \/>\n<link rel=\"canonical\" href=\"https:\/\/jumandeadsea.com\/fr\/produit\/sans-rincage-pour-les-cheveux-enrichi-dhuile-dargan-et-dhuile-damande-douce\/\" \/>\n<meta property=\"og:locale\" content=\"fr_FR\" \/>\n<meta property=\"og:type\" content=\"article\" \/>\n<meta property=\"og:title\" content=\"SANS RIN\u00c7AGE POUR LES CHEVEUX, ENRICHI D&#039;HUILE D&#039;ARGAN ET D&#039;HUILE D&#039;AMANDE DOUCE - Juman Dead Sea\" \/>\n<meta property=\"og:description\" content=\"Vous pouvez r\u00e9duire les frisottis et augmenter la brillance gr\u00e2ce \u00e0 notre formule \u00e0 absorption rapide. Ce produit sans rin\u00e7age est un v\u00e9ritable travailleur miracle qui laisse les cheveux secs doux et lisses, tout en les rendant beaucoup plus faciles \u00e0 coiffer et \u00e0 peigner sans \u00eatre affect\u00e9s par les conditions environnantes. Il r\u00e9duit les cassures, les frisottis et les pointes fourchues, ce qui donne \u00e0 vos pointes un aspect et une sensation plus lisses. Quelques gouttes apr\u00e8s la douche et avant le coiffage laisseront les cheveux hydrat\u00e9s et rebondis.  D\u00c9M\u00caLER, PROT\u00c9GER ET RESTAURER LA DOUCEUR ET LA BRILLANCE DES CHEVEUX CONVIENT AUX CHEVEUX SECS ET NORMAUX\" \/>\n<meta property=\"og:url\" content=\"https:\/\/jumandeadsea.com\/fr\/produit\/sans-rincage-pour-les-cheveux-enrichi-dhuile-dargan-et-dhuile-damande-douce\/\" \/>\n<meta property=\"og:site_name\" content=\"Juman Dead Sea\" \/>\n<meta name=\"twitter:card\" content=\"summary_large_image\" \/>\n<meta name=\"twitter:label1\" content=\"Dur\u00e9e de lecture estim\u00e9e\" \/>\n\t<meta name=\"twitter:data1\" content=\"1 minute\" \/>\n<script type=\"application\/ld+json\" class=\"yoast-schema-graph\">{\"@context\":\"https:\\\/\\\/schema.org\",\"@graph\":[{\"@type\":\"WebPage\",\"@id\":\"https:\\\/\\\/jumandeadsea.com\\\/fr\\\/produit\\\/sans-rincage-pour-les-cheveux-enrichi-dhuile-dargan-et-dhuile-damande-douce\\\/\",\"url\":\"https:\\\/\\\/jumandeadsea.com\\\/fr\\\/produit\\\/sans-rincage-pour-les-cheveux-enrichi-dhuile-dargan-et-dhuile-damande-douce\\\/\",\"name\":\"SANS RIN\u00c7AGE POUR LES CHEVEUX, ENRICHI D'HUILE D'ARGAN ET D'HUILE D'AMANDE DOUCE - Juman Dead Sea\",\"isPartOf\":{\"@id\":\"https:\\\/\\\/jumandeadsea.com\\\/fr\\\/#website\"},\"primaryImageOfPage\":{\"@id\":\"https:\\\/\\\/jumandeadsea.com\\\/fr\\\/produit\\\/sans-rincage-pour-les-cheveux-enrichi-dhuile-dargan-et-dhuile-damande-douce\\\/#primaryimage\"},\"image\":{\"@id\":\"https:\\\/\\\/jumandeadsea.com\\\/fr\\\/produit\\\/sans-rincage-pour-les-cheveux-enrichi-dhuile-dargan-et-dhuile-damande-douce\\\/#primaryimage\"},\"thumbnailUrl\":\"https:\\\/\\\/jumandeadsea.com\\\/wp-content\\\/uploads\\\/hair-leave-in-2.png\",\"datePublished\":\"2024-11-18T17:30:21+00:00\",\"breadcrumb\":{\"@id\":\"https:\\\/\\\/jumandeadsea.com\\\/fr\\\/produit\\\/sans-rincage-pour-les-cheveux-enrichi-dhuile-dargan-et-dhuile-damande-douce\\\/#breadcrumb\"},\"inLanguage\":\"fr-FR\",\"potentialAction\":[{\"@type\":\"ReadAction\",\"target\":[\"https:\\\/\\\/jumandeadsea.com\\\/fr\\\/produit\\\/sans-rincage-pour-les-cheveux-enrichi-dhuile-dargan-et-dhuile-damande-douce\\\/\"]}]},{\"@type\":\"ImageObject\",\"inLanguage\":\"fr-FR\",\"@id\":\"https:\\\/\\\/jumandeadsea.com\\\/fr\\\/produit\\\/sans-rincage-pour-les-cheveux-enrichi-dhuile-dargan-et-dhuile-damande-douce\\\/#primaryimage\",\"url\":\"https:\\\/\\\/jumandeadsea.com\\\/wp-content\\\/uploads\\\/hair-leave-in-2.png\",\"contentUrl\":\"https:\\\/\\\/jumandeadsea.com\\\/wp-content\\\/uploads\\\/hair-leave-in-2.png\",\"width\":500,\"height\":500},{\"@type\":\"BreadcrumbList\",\"@id\":\"https:\\\/\\\/jumandeadsea.com\\\/fr\\\/produit\\\/sans-rincage-pour-les-cheveux-enrichi-dhuile-dargan-et-dhuile-damande-douce\\\/#breadcrumb\",\"itemListElement\":[{\"@type\":\"ListItem\",\"position\":1,\"name\":\"Home\",\"item\":\"https:\\\/\\\/jumandeadsea.com\\\/fr\\\/\"},{\"@type\":\"ListItem\",\"position\":2,\"name\":\"Boutique\",\"item\":\"https:\\\/\\\/jumandeadsea.com\\\/shop\\\/\"},{\"@type\":\"ListItem\",\"position\":3,\"name\":\"Sans Rin\u00c7age Pour Les Cheveux, Enrichi D&rsquo;huile D&rsquo;argan Et D&rsquo;huile D&rsquo;amande Douce\"}]},{\"@type\":\"WebSite\",\"@id\":\"https:\\\/\\\/jumandeadsea.com\\\/fr\\\/#website\",\"url\":\"https:\\\/\\\/jumandeadsea.com\\\/fr\\\/\",\"name\":\"Juman Dead Sea\",\"description\":\"Authentic Dead Sea Mineral Skincare for Sensitive, Healthy Skin\",\"potentialAction\":[{\"@type\":\"SearchAction\",\"target\":{\"@type\":\"EntryPoint\",\"urlTemplate\":\"https:\\\/\\\/jumandeadsea.com\\\/fr\\\/?s={search_term_string}\"},\"query-input\":{\"@type\":\"PropertyValueSpecification\",\"valueRequired\":true,\"valueName\":\"search_term_string\"}}],\"inLanguage\":\"fr-FR\"}]}<\/script>\n<!-- \/ Yoast SEO plugin. -->","yoast_head_json":{"title":"SANS RIN\u00c7AGE POUR LES CHEVEUX, ENRICHI D'HUILE D'ARGAN ET D'HUILE D'AMANDE DOUCE - Juman Dead Sea","robots":{"index":"index","follow":"follow","max-snippet":"max-snippet:-1","max-image-preview":"max-image-preview:large","max-video-preview":"max-video-preview:-1"},"canonical":"https:\/\/jumandeadsea.com\/fr\/produit\/sans-rincage-pour-les-cheveux-enrichi-dhuile-dargan-et-dhuile-damande-douce\/","og_locale":"fr_FR","og_type":"article","og_title":"SANS RIN\u00c7AGE POUR LES CHEVEUX, ENRICHI D'HUILE D'ARGAN ET D'HUILE D'AMANDE DOUCE - Juman Dead Sea","og_description":"Vous pouvez r\u00e9duire les frisottis et augmenter la brillance gr\u00e2ce \u00e0 notre formule \u00e0 absorption rapide. Ce produit sans rin\u00e7age est un v\u00e9ritable travailleur miracle qui laisse les cheveux secs doux et lisses, tout en les rendant beaucoup plus faciles \u00e0 coiffer et \u00e0 peigner sans \u00eatre affect\u00e9s par les conditions environnantes. Il r\u00e9duit les cassures, les frisottis et les pointes fourchues, ce qui donne \u00e0 vos pointes un aspect et une sensation plus lisses. Quelques gouttes apr\u00e8s la douche et avant le coiffage laisseront les cheveux hydrat\u00e9s et rebondis.  D\u00c9M\u00caLER, PROT\u00c9GER ET RESTAURER LA DOUCEUR ET LA BRILLANCE DES CHEVEUX CONVIENT AUX CHEVEUX SECS ET NORMAUX","og_url":"https:\/\/jumandeadsea.com\/fr\/produit\/sans-rincage-pour-les-cheveux-enrichi-dhuile-dargan-et-dhuile-damande-douce\/","og_site_name":"Juman Dead Sea","twitter_card":"summary_large_image","twitter_misc":{"Dur\u00e9e de lecture estim\u00e9e":"1 minute"},"schema":{"@context":"https:\/\/schema.org","@graph":[{"@type":"WebPage","@id":"https:\/\/jumandeadsea.com\/fr\/produit\/sans-rincage-pour-les-cheveux-enrichi-dhuile-dargan-et-dhuile-damande-douce\/","url":"https:\/\/jumandeadsea.com\/fr\/produit\/sans-rincage-pour-les-cheveux-enrichi-dhuile-dargan-et-dhuile-damande-douce\/","name":"SANS RIN\u00c7AGE POUR LES CHEVEUX, ENRICHI D'HUILE D'ARGAN ET D'HUILE D'AMANDE DOUCE - Juman Dead Sea","isPartOf":{"@id":"https:\/\/jumandeadsea.com\/fr\/#website"},"primaryImageOfPage":{"@id":"https:\/\/jumandeadsea.com\/fr\/produit\/sans-rincage-pour-les-cheveux-enrichi-dhuile-dargan-et-dhuile-damande-douce\/#primaryimage"},"image":{"@id":"https:\/\/jumandeadsea.com\/fr\/produit\/sans-rincage-pour-les-cheveux-enrichi-dhuile-dargan-et-dhuile-damande-douce\/#primaryimage"},"thumbnailUrl":"https:\/\/jumandeadsea.com\/wp-content\/uploads\/hair-leave-in-2.png","datePublished":"2024-11-18T17:30:21+00:00","breadcrumb":{"@id":"https:\/\/jumandeadsea.com\/fr\/produit\/sans-rincage-pour-les-cheveux-enrichi-dhuile-dargan-et-dhuile-damande-douce\/#breadcrumb"},"inLanguage":"fr-FR","potentialAction":[{"@type":"ReadAction","target":["https:\/\/jumandeadsea.com\/fr\/produit\/sans-rincage-pour-les-cheveux-enrichi-dhuile-dargan-et-dhuile-damande-douce\/"]}]},{"@type":"ImageObject","inLanguage":"fr-FR","@id":"https:\/\/jumandeadsea.com\/fr\/produit\/sans-rincage-pour-les-cheveux-enrichi-dhuile-dargan-et-dhuile-damande-douce\/#primaryimage","url":"https:\/\/jumandeadsea.com\/wp-content\/uploads\/hair-leave-in-2.png","contentUrl":"https:\/\/jumandeadsea.com\/wp-content\/uploads\/hair-leave-in-2.png","width":500,"height":500},{"@type":"BreadcrumbList","@id":"https:\/\/jumandeadsea.com\/fr\/produit\/sans-rincage-pour-les-cheveux-enrichi-dhuile-dargan-et-dhuile-damande-douce\/#breadcrumb","itemListElement":[{"@type":"ListItem","position":1,"name":"Home","item":"https:\/\/jumandeadsea.com\/fr\/"},{"@type":"ListItem","position":2,"name":"Boutique","item":"https:\/\/jumandeadsea.com\/shop\/"},{"@type":"ListItem","position":3,"name":"Sans Rin\u00c7age Pour Les Cheveux, Enrichi D&rsquo;huile D&rsquo;argan Et D&rsquo;huile D&rsquo;amande Douce"}]},{"@type":"WebSite","@id":"https:\/\/jumandeadsea.com\/fr\/#website","url":"https:\/\/jumandeadsea.com\/fr\/","name":"Juman Dead Sea","description":"Authentic Dead Sea Mineral Skincare for Sensitive, Healthy Skin","potentialAction":[{"@type":"SearchAction","target":{"@type":"EntryPoint","urlTemplate":"https:\/\/jumandeadsea.com\/fr\/?s={search_term_string}"},"query-input":{"@type":"PropertyValueSpecification","valueRequired":true,"valueName":"search_term_string"}}],"inLanguage":"fr-FR"}]}},"_links":{"self":[{"href":"https:\/\/jumandeadsea.com\/fr\/wp-json\/wp\/v2\/product\/326692","targetHints":{"allow":["GET"]}}],"collection":[{"href":"https:\/\/jumandeadsea.com\/fr\/wp-json\/wp\/v2\/product"}],"about":[{"href":"https:\/\/jumandeadsea.com\/fr\/wp-json\/wp\/v2\/types\/product"}],"replies":[{"embeddable":true,"href":"https:\/\/jumandeadsea.com\/fr\/wp-json\/wp\/v2\/comments?post=326692"}],"wp:featuredmedia":[{"embeddable":true,"href":"https:\/\/jumandeadsea.com\/fr\/wp-json\/wp\/v2\/media\/2059"}],"wp:attachment":[{"href":"https:\/\/jumandeadsea.com\/fr\/wp-json\/wp\/v2\/media?parent=326692"}],"wp:term":[{"taxonomy":"product_brand","embeddable":true,"href":"https:\/\/jumandeadsea.com\/fr\/wp-json\/wp\/v2\/product_brand?post=326692"},{"taxonomy":"product_cat","embeddable":true,"href":"https:\/\/jumandeadsea.com\/fr\/wp-json\/wp\/v2\/product_cat?post=326692"},{"taxonomy":"product_tag","embeddable":true,"href":"https:\/\/jumandeadsea.com\/fr\/wp-json\/wp\/v2\/product_tag?post=326692"}],"curies":[{"name":"wp","href":"https:\/\/api.w.org\/{rel}","templated":true}]}}