{"id":326691,"date":"2024-11-18T17:30:22","date_gmt":"2024-11-18T17:30:22","guid":{"rendered":"https:\/\/jumandeadsea.com\/product\/pommade-bronzante-gold-shimmer\/"},"modified":"2024-11-18T17:30:22","modified_gmt":"2024-11-18T17:30:22","slug":"pommade-bronzante-gold-shimmer","status":"publish","type":"product","link":"https:\/\/jumandeadsea.com\/fr\/produit\/pommade-bronzante-gold-shimmer\/","title":{"rendered":"Pommade Bronzante Gold Shimmer"},"content":{"rendered":"\n    <div class=\"shortcode-accordion\">\n        <h3 class=\"accordion-header\">Ingr\u00e9dients<\/h3>\n        <div class=\"accordion-content\" style=\"display: none;\">\n            \n<p>P\u00e9trolatum, Olea Europaea (huile d&rsquo;olive), Cera Alba (cire d&rsquo;abeille), Prunus Amygdalus Dulcis (huile d&rsquo;amande douce), Argania Spinosa (huile de noyau d&rsquo;argan), Daucus Carota Sativa (huile de graine de carotte), Glitter Gold Color.<\/p>\n<ul>\n<li>P\u00e9trolatum : il soulage la peau s\u00e8che et aide la peau \u00e0 obtenir un bronzage parfait.<\/li>\n<li>L&rsquo;huile d&rsquo;olive : c&rsquo;est un booster de beaut\u00e9 complet, non seulement elle est riche en vitamines et en antioxydants, mais elle am\u00e9liore \u00e9galement l&rsquo;hydratation et l&rsquo;exfoliation, et n&rsquo;obstrue pas les pores.<\/li>\n<li>Cire d&rsquo;abeille : utilis\u00e9e comme agent de cicatrisation de la peau gr\u00e2ce \u00e0 sa capacit\u00e9 antibact\u00e9rienne naturelle, elle contient \u00e9galement de la vitamine A, un \u00e9l\u00e9ment crucial pour le d\u00e9veloppement des cellules.<\/li>\n<li>Huile d&rsquo;amande douce : une huile l\u00e9g\u00e8re respectueuse de la peau qui aide votre peau \u00e0 para\u00eetre lisse, douce et sans ridules.<\/li>\n<li>Huile de noyau d&rsquo;argan : riche en acides gras essentiels, elle nourrit la peau, prot\u00e8ge son \u00e9lasticit\u00e9, r\u00e9duit l&rsquo;apparence des rides et ridules et donne \u00e0 la peau un \u00e9clat dor\u00e9.<\/li>\n<li>Huile de graines de carotte : c&rsquo;est un exhausteur de bronzage naturel, qui donne de l&rsquo;\u00e9clat \u00e0 la peau.<\/li>\n<li>Couleur or paillet\u00e9 : cr\u00e9ez un effet de brillance sur les visages, les bras, les jambes et partout o\u00f9 un peu d&rsquo;\u00e9clat est n\u00e9cessaire.<\/li>\n<\/ul>\n<p>\n        <\/div>\n    <\/div><br \/>\n\n    <div class=\"shortcode-accordion\">\n        <h3 class=\"accordion-header\">Mode d&#039;emploi :<\/h3>\n        <div class=\"accordion-content\" style=\"display: none;\">\n            <\/p>\n<p>Appliquez la pommade bronzante Gold Shimmer avant de vous exposer au soleil. Renouvelez l&rsquo;application toutes les 2 \u00e0 4 heures ou apr\u00e8s la baignade. <\/p>\n<p>\n        <\/div>\n    <\/div><br \/>\n\n    <div class=\"shortcode-accordion\">\n        <h3 class=\"accordion-header\">Informations sur le produit<\/h3>\n        <div class=\"accordion-content\" style=\"display: none;\">\n            <\/p>\n<p>&#8211; CPNP : 3861113<\/p>\n<p>&#8211; Poids : 250ml<\/p>\n<p>\n        <\/div>\n    <\/div><\/p>\n","protected":false},"excerpt":{"rendered":"<p>Une pommade bronzante intensive aux reflets dor\u00e9s qui met en valeur votre bronzage en lui donnant un bel \u00e9clat sous le soleil. Elle est pleine d&rsquo;ingr\u00e9dients nourrissants et adoucissants qui la rendent confortable sur votre peau, la laissant radieuse pendant et apr\u00e8s l&rsquo;exposition au soleil. Elle donne \u00e0 la peau une belle couleur de bronzage dor\u00e9e.  <\/p>\n<p><strong>POUR UN \u00c9CLAT DOR\u00c9 ET BRILLANT<\/strong><\/p>\n","protected":false},"featured_media":1909,"comment_status":"open","ping_status":"closed","template":"","meta":{"_et_pb_use_builder":"","_et_pb_old_content":"","_et_gb_content_width":""},"product_brand":[],"product_cat":[113,99],"product_tag":[],"class_list":{"0":"post-326691","1":"product","2":"type-product","3":"status-publish","4":"has-post-thumbnail","6":"product_cat-produits-de-bronzage","7":"product_cat-soins-du-corps","9":"first","10":"instock","11":"shipping-taxable","12":"purchasable","13":"product-type-simple"},"yoast_head":"<!-- This site is optimized with the Yoast SEO plugin v27.3 - https:\/\/yoast.com\/product\/yoast-seo-wordpress\/ -->\n<title>POMMADE BRONZANTE GOLD SHIMMER - Juman Dead Sea<\/title>\n<meta name=\"robots\" content=\"index, follow, max-snippet:-1, max-image-preview:large, max-video-preview:-1\" \/>\n<link rel=\"canonical\" href=\"https:\/\/jumandeadsea.com\/fr\/produit\/pommade-bronzante-gold-shimmer\/\" \/>\n<meta property=\"og:locale\" content=\"fr_FR\" \/>\n<meta property=\"og:type\" content=\"article\" \/>\n<meta property=\"og:title\" content=\"POMMADE BRONZANTE GOLD SHIMMER - Juman Dead Sea\" \/>\n<meta property=\"og:description\" content=\"Une pommade bronzante intensive aux reflets dor\u00e9s qui met en valeur votre bronzage en lui donnant un bel \u00e9clat sous le soleil. Elle est pleine d&#039;ingr\u00e9dients nourrissants et adoucissants qui la rendent confortable sur votre peau, la laissant radieuse pendant et apr\u00e8s l&#039;exposition au soleil. Elle donne \u00e0 la peau une belle couleur de bronzage dor\u00e9e.  POUR UN \u00c9CLAT DOR\u00c9 ET BRILLANT\" \/>\n<meta property=\"og:url\" content=\"https:\/\/jumandeadsea.com\/fr\/produit\/pommade-bronzante-gold-shimmer\/\" \/>\n<meta property=\"og:site_name\" content=\"Juman Dead Sea\" \/>\n<meta name=\"twitter:card\" content=\"summary_large_image\" \/>\n<meta name=\"twitter:label1\" content=\"Dur\u00e9e de lecture estim\u00e9e\" \/>\n\t<meta name=\"twitter:data1\" content=\"1 minute\" \/>\n<script type=\"application\/ld+json\" class=\"yoast-schema-graph\">{\"@context\":\"https:\\\/\\\/schema.org\",\"@graph\":[{\"@type\":\"WebPage\",\"@id\":\"https:\\\/\\\/jumandeadsea.com\\\/fr\\\/produit\\\/pommade-bronzante-gold-shimmer\\\/\",\"url\":\"https:\\\/\\\/jumandeadsea.com\\\/fr\\\/produit\\\/pommade-bronzante-gold-shimmer\\\/\",\"name\":\"POMMADE BRONZANTE GOLD SHIMMER - Juman Dead Sea\",\"isPartOf\":{\"@id\":\"https:\\\/\\\/jumandeadsea.com\\\/fr\\\/#website\"},\"primaryImageOfPage\":{\"@id\":\"https:\\\/\\\/jumandeadsea.com\\\/fr\\\/produit\\\/pommade-bronzante-gold-shimmer\\\/#primaryimage\"},\"image\":{\"@id\":\"https:\\\/\\\/jumandeadsea.com\\\/fr\\\/produit\\\/pommade-bronzante-gold-shimmer\\\/#primaryimage\"},\"thumbnailUrl\":\"https:\\\/\\\/jumandeadsea.com\\\/wp-content\\\/uploads\\\/GOLD-SHIMMER-TANNING-OINTMENT-FRONT.png\",\"datePublished\":\"2024-11-18T17:30:22+00:00\",\"breadcrumb\":{\"@id\":\"https:\\\/\\\/jumandeadsea.com\\\/fr\\\/produit\\\/pommade-bronzante-gold-shimmer\\\/#breadcrumb\"},\"inLanguage\":\"fr-FR\",\"potentialAction\":[{\"@type\":\"ReadAction\",\"target\":[\"https:\\\/\\\/jumandeadsea.com\\\/fr\\\/produit\\\/pommade-bronzante-gold-shimmer\\\/\"]}]},{\"@type\":\"ImageObject\",\"inLanguage\":\"fr-FR\",\"@id\":\"https:\\\/\\\/jumandeadsea.com\\\/fr\\\/produit\\\/pommade-bronzante-gold-shimmer\\\/#primaryimage\",\"url\":\"https:\\\/\\\/jumandeadsea.com\\\/wp-content\\\/uploads\\\/GOLD-SHIMMER-TANNING-OINTMENT-FRONT.png\",\"contentUrl\":\"https:\\\/\\\/jumandeadsea.com\\\/wp-content\\\/uploads\\\/GOLD-SHIMMER-TANNING-OINTMENT-FRONT.png\",\"width\":1500,\"height\":1500},{\"@type\":\"BreadcrumbList\",\"@id\":\"https:\\\/\\\/jumandeadsea.com\\\/fr\\\/produit\\\/pommade-bronzante-gold-shimmer\\\/#breadcrumb\",\"itemListElement\":[{\"@type\":\"ListItem\",\"position\":1,\"name\":\"Home\",\"item\":\"https:\\\/\\\/jumandeadsea.com\\\/fr\\\/\"},{\"@type\":\"ListItem\",\"position\":2,\"name\":\"Boutique\",\"item\":\"https:\\\/\\\/jumandeadsea.com\\\/shop\\\/\"},{\"@type\":\"ListItem\",\"position\":3,\"name\":\"Pommade Bronzante Gold Shimmer\"}]},{\"@type\":\"WebSite\",\"@id\":\"https:\\\/\\\/jumandeadsea.com\\\/fr\\\/#website\",\"url\":\"https:\\\/\\\/jumandeadsea.com\\\/fr\\\/\",\"name\":\"Juman Dead Sea\",\"description\":\"Authentic Dead Sea Mineral Skincare for Sensitive, Healthy Skin\",\"potentialAction\":[{\"@type\":\"SearchAction\",\"target\":{\"@type\":\"EntryPoint\",\"urlTemplate\":\"https:\\\/\\\/jumandeadsea.com\\\/fr\\\/?s={search_term_string}\"},\"query-input\":{\"@type\":\"PropertyValueSpecification\",\"valueRequired\":true,\"valueName\":\"search_term_string\"}}],\"inLanguage\":\"fr-FR\"}]}<\/script>\n<!-- \/ Yoast SEO plugin. -->","yoast_head_json":{"title":"POMMADE BRONZANTE GOLD SHIMMER - Juman Dead Sea","robots":{"index":"index","follow":"follow","max-snippet":"max-snippet:-1","max-image-preview":"max-image-preview:large","max-video-preview":"max-video-preview:-1"},"canonical":"https:\/\/jumandeadsea.com\/fr\/produit\/pommade-bronzante-gold-shimmer\/","og_locale":"fr_FR","og_type":"article","og_title":"POMMADE BRONZANTE GOLD SHIMMER - Juman Dead Sea","og_description":"Une pommade bronzante intensive aux reflets dor\u00e9s qui met en valeur votre bronzage en lui donnant un bel \u00e9clat sous le soleil. Elle est pleine d'ingr\u00e9dients nourrissants et adoucissants qui la rendent confortable sur votre peau, la laissant radieuse pendant et apr\u00e8s l'exposition au soleil. Elle donne \u00e0 la peau une belle couleur de bronzage dor\u00e9e.  POUR UN \u00c9CLAT DOR\u00c9 ET BRILLANT","og_url":"https:\/\/jumandeadsea.com\/fr\/produit\/pommade-bronzante-gold-shimmer\/","og_site_name":"Juman Dead Sea","twitter_card":"summary_large_image","twitter_misc":{"Dur\u00e9e de lecture estim\u00e9e":"1 minute"},"schema":{"@context":"https:\/\/schema.org","@graph":[{"@type":"WebPage","@id":"https:\/\/jumandeadsea.com\/fr\/produit\/pommade-bronzante-gold-shimmer\/","url":"https:\/\/jumandeadsea.com\/fr\/produit\/pommade-bronzante-gold-shimmer\/","name":"POMMADE BRONZANTE GOLD SHIMMER - Juman Dead Sea","isPartOf":{"@id":"https:\/\/jumandeadsea.com\/fr\/#website"},"primaryImageOfPage":{"@id":"https:\/\/jumandeadsea.com\/fr\/produit\/pommade-bronzante-gold-shimmer\/#primaryimage"},"image":{"@id":"https:\/\/jumandeadsea.com\/fr\/produit\/pommade-bronzante-gold-shimmer\/#primaryimage"},"thumbnailUrl":"https:\/\/jumandeadsea.com\/wp-content\/uploads\/GOLD-SHIMMER-TANNING-OINTMENT-FRONT.png","datePublished":"2024-11-18T17:30:22+00:00","breadcrumb":{"@id":"https:\/\/jumandeadsea.com\/fr\/produit\/pommade-bronzante-gold-shimmer\/#breadcrumb"},"inLanguage":"fr-FR","potentialAction":[{"@type":"ReadAction","target":["https:\/\/jumandeadsea.com\/fr\/produit\/pommade-bronzante-gold-shimmer\/"]}]},{"@type":"ImageObject","inLanguage":"fr-FR","@id":"https:\/\/jumandeadsea.com\/fr\/produit\/pommade-bronzante-gold-shimmer\/#primaryimage","url":"https:\/\/jumandeadsea.com\/wp-content\/uploads\/GOLD-SHIMMER-TANNING-OINTMENT-FRONT.png","contentUrl":"https:\/\/jumandeadsea.com\/wp-content\/uploads\/GOLD-SHIMMER-TANNING-OINTMENT-FRONT.png","width":1500,"height":1500},{"@type":"BreadcrumbList","@id":"https:\/\/jumandeadsea.com\/fr\/produit\/pommade-bronzante-gold-shimmer\/#breadcrumb","itemListElement":[{"@type":"ListItem","position":1,"name":"Home","item":"https:\/\/jumandeadsea.com\/fr\/"},{"@type":"ListItem","position":2,"name":"Boutique","item":"https:\/\/jumandeadsea.com\/shop\/"},{"@type":"ListItem","position":3,"name":"Pommade Bronzante Gold Shimmer"}]},{"@type":"WebSite","@id":"https:\/\/jumandeadsea.com\/fr\/#website","url":"https:\/\/jumandeadsea.com\/fr\/","name":"Juman Dead Sea","description":"Authentic Dead Sea Mineral Skincare for Sensitive, Healthy Skin","potentialAction":[{"@type":"SearchAction","target":{"@type":"EntryPoint","urlTemplate":"https:\/\/jumandeadsea.com\/fr\/?s={search_term_string}"},"query-input":{"@type":"PropertyValueSpecification","valueRequired":true,"valueName":"search_term_string"}}],"inLanguage":"fr-FR"}]}},"_links":{"self":[{"href":"https:\/\/jumandeadsea.com\/fr\/wp-json\/wp\/v2\/product\/326691","targetHints":{"allow":["GET"]}}],"collection":[{"href":"https:\/\/jumandeadsea.com\/fr\/wp-json\/wp\/v2\/product"}],"about":[{"href":"https:\/\/jumandeadsea.com\/fr\/wp-json\/wp\/v2\/types\/product"}],"replies":[{"embeddable":true,"href":"https:\/\/jumandeadsea.com\/fr\/wp-json\/wp\/v2\/comments?post=326691"}],"wp:featuredmedia":[{"embeddable":true,"href":"https:\/\/jumandeadsea.com\/fr\/wp-json\/wp\/v2\/media\/1909"}],"wp:attachment":[{"href":"https:\/\/jumandeadsea.com\/fr\/wp-json\/wp\/v2\/media?parent=326691"}],"wp:term":[{"taxonomy":"product_brand","embeddable":true,"href":"https:\/\/jumandeadsea.com\/fr\/wp-json\/wp\/v2\/product_brand?post=326691"},{"taxonomy":"product_cat","embeddable":true,"href":"https:\/\/jumandeadsea.com\/fr\/wp-json\/wp\/v2\/product_cat?post=326691"},{"taxonomy":"product_tag","embeddable":true,"href":"https:\/\/jumandeadsea.com\/fr\/wp-json\/wp\/v2\/product_tag?post=326691"}],"curies":[{"name":"wp","href":"https:\/\/api.w.org\/{rel}","templated":true}]}}