{"id":326690,"date":"2024-11-18T17:30:22","date_gmt":"2024-11-18T17:30:22","guid":{"rendered":"https:\/\/jumandeadsea.com\/product\/masque-capillaire-a-lhuile-dargan-et-aux-mineraux-de-la-mer-morte\/"},"modified":"2024-11-18T17:30:22","modified_gmt":"2024-11-18T17:30:22","slug":"masque-capillaire-a-lhuile-dargan-et-aux-mineraux-de-la-mer-morte","status":"publish","type":"product","link":"https:\/\/jumandeadsea.com\/fr\/produit\/masque-capillaire-a-lhuile-dargan-et-aux-mineraux-de-la-mer-morte\/","title":{"rendered":"Masque Capillaire \u00c0 L&rsquo;huile D&rsquo;argan Et Aux Min\u00c9raux De La Mer Morte"},"content":{"rendered":"\n    <div class=\"shortcode-accordion\">\n        <h3 class=\"accordion-header\">Ingr\u00e9dients<\/h3>\n        <div class=\"accordion-content\" style=\"display: none;\">\n            \n<p>Huile de fruit d&rsquo;Olea Europea (huile d&rsquo;olive), huile de noyau d&rsquo;Argania Spinosa (Argan), extrait de feuille de Rosmarinus Officinalis (romarin), beurre de graine de Theobroma Cacao (cacao), extrait d&rsquo;Allium Sativum (ail), prot\u00e9ines de bl\u00e9 hydrolys\u00e9es.<\/p>\n<ul>\n<li>Huile d&rsquo;olive : elle est utilis\u00e9e pour traiter les affections du cuir chevelu telles que les pellicules et les d\u00e9mangeaisons du cuir chevelu. L&rsquo;huile d&rsquo;olive redonne \u00e9galement aux cheveux leur \u00e9clat et leur douceur. <\/li>\n<li>Huile d&rsquo;argan : favorise la croissance de cheveux sains tout en hydratant le cuir chevelu et en traitant les pellicules.<\/li>\n<li>Extrait de feuilles de romarin : huile essentielle qui stimule la croissance de cheveux sains en r\u00e9parant les follicules pileux afin d&rsquo;assurer un apport sanguin ad\u00e9quat aux cheveux, les emp\u00eachant ainsi de grisonner et de d\u00e9p\u00e9rir.<\/li>\n<li>Beurre de cacao : il est ajout\u00e9 pour ses propri\u00e9t\u00e9s cicatrisantes et adoucissantes qui rendront vos cheveux sains et brillants.<\/li>\n<li>Extrait d&rsquo;ail : propri\u00e9t\u00e9s antimicrobiennes qui ciblent et aident \u00e0 tuer les germes et les bact\u00e9ries responsables des dommages caus\u00e9s au cuir chevelu.<\/li>\n<li>Prot\u00e9ine de bl\u00e9 hydrolys\u00e9e : c&rsquo;est l&rsquo;une des prot\u00e9ines \u00e9l\u00e9mentaires responsables du renforcement et du soutien de la structure naturelle des cheveux, en fortifiant les follicules endommag\u00e9s, en les hydratant et en les r\u00e9parant pour restaurer leur structure saine.<\/li>\n<\/ul>\n<p>\n        <\/div>\n    <\/div><br \/>\n\n    <div class=\"shortcode-accordion\">\n        <h3 class=\"accordion-header\">Mode d&#039;emploi :<\/h3>\n        <div class=\"accordion-content\" style=\"display: none;\">\n            <\/p>\n<p>Appliquez une quantit\u00e9 appropri\u00e9e du masque sur les cheveux et le cuir chevelu mouill\u00e9s pendant 10 \u00e0 20 minutes, puis rincez les cheveux \u00e0 l&rsquo;eau ti\u00e8de.<\/p>\n<p>\n        <\/div>\n    <\/div><br \/>\n\n    <div class=\"shortcode-accordion\">\n        <h3 class=\"accordion-header\">Informations sur le produit<\/h3>\n        <div class=\"accordion-content\" style=\"display: none;\">\n            <\/p>\n<p>&#8211; CPNP : 3471858<\/p>\n<p>&#8211; Poids : 270ml<\/p>\n<p>\n        <\/div>\n    <\/div><\/p>\n","protected":false},"excerpt":{"rendered":"<p>Ce masque capillaire contient des prot\u00e9ines de bl\u00e9, un nutriment qui restaure les cheveux en les reconstruisant de l&rsquo;int\u00e9rieur. Il est \u00e9galement compl\u00e9t\u00e9 par de l&rsquo;extrait d&rsquo;ail pour \u00e9liminer les bact\u00e9ries qui affectent les cheveux et le cuir chevelu. Le masque est \u00e9galement compl\u00e9t\u00e9 par deux huiles, l&rsquo;huile d&rsquo;olive et l&rsquo;huile d&rsquo;argan, qui nourrissent les cheveux et le cuir chevelu.  <\/p>\n","protected":false},"featured_media":1953,"comment_status":"open","ping_status":"closed","template":"","meta":{"_et_pb_use_builder":"","_et_pb_old_content":"","_et_gb_content_width":""},"product_brand":[],"product_cat":[107,111],"product_tag":[],"class_list":{"0":"post-326690","1":"product","2":"type-product","3":"status-publish","4":"has-post-thumbnail","6":"product_cat-soins-capillaires","7":"product_cat-soins-capillaires-mineraux","9":"first","10":"instock","11":"shipping-taxable","12":"purchasable","13":"product-type-simple"},"yoast_head":"<!-- This site is optimized with the Yoast SEO plugin v27.3 - https:\/\/yoast.com\/product\/yoast-seo-wordpress\/ -->\n<title>MASQUE CAPILLAIRE \u00c0 L&#039;HUILE D&#039;ARGAN ET AUX MIN\u00c9RAUX DE LA MER MORTE - Juman Dead Sea<\/title>\n<meta name=\"robots\" content=\"index, follow, max-snippet:-1, max-image-preview:large, max-video-preview:-1\" \/>\n<link rel=\"canonical\" href=\"https:\/\/jumandeadsea.com\/fr\/produit\/masque-capillaire-a-lhuile-dargan-et-aux-mineraux-de-la-mer-morte\/\" \/>\n<meta property=\"og:locale\" content=\"fr_FR\" \/>\n<meta property=\"og:type\" content=\"article\" \/>\n<meta property=\"og:title\" content=\"MASQUE CAPILLAIRE \u00c0 L&#039;HUILE D&#039;ARGAN ET AUX MIN\u00c9RAUX DE LA MER MORTE - Juman Dead Sea\" \/>\n<meta property=\"og:description\" content=\"Ce masque capillaire contient des prot\u00e9ines de bl\u00e9, un nutriment qui restaure les cheveux en les reconstruisant de l&#039;int\u00e9rieur. Il est \u00e9galement compl\u00e9t\u00e9 par de l&#039;extrait d&#039;ail pour \u00e9liminer les bact\u00e9ries qui affectent les cheveux et le cuir chevelu. Le masque est \u00e9galement compl\u00e9t\u00e9 par deux huiles, l&#039;huile d&#039;olive et l&#039;huile d&#039;argan, qui nourrissent les cheveux et le cuir chevelu.\" \/>\n<meta property=\"og:url\" content=\"https:\/\/jumandeadsea.com\/fr\/produit\/masque-capillaire-a-lhuile-dargan-et-aux-mineraux-de-la-mer-morte\/\" \/>\n<meta property=\"og:site_name\" content=\"Juman Dead Sea\" \/>\n<meta name=\"twitter:card\" content=\"summary_large_image\" \/>\n<meta name=\"twitter:label1\" content=\"Dur\u00e9e de lecture estim\u00e9e\" \/>\n\t<meta name=\"twitter:data1\" content=\"1 minute\" \/>\n<script type=\"application\/ld+json\" class=\"yoast-schema-graph\">{\"@context\":\"https:\\\/\\\/schema.org\",\"@graph\":[{\"@type\":\"WebPage\",\"@id\":\"https:\\\/\\\/jumandeadsea.com\\\/fr\\\/produit\\\/masque-capillaire-a-lhuile-dargan-et-aux-mineraux-de-la-mer-morte\\\/\",\"url\":\"https:\\\/\\\/jumandeadsea.com\\\/fr\\\/produit\\\/masque-capillaire-a-lhuile-dargan-et-aux-mineraux-de-la-mer-morte\\\/\",\"name\":\"MASQUE CAPILLAIRE \u00c0 L'HUILE D'ARGAN ET AUX MIN\u00c9RAUX DE LA MER MORTE - Juman Dead Sea\",\"isPartOf\":{\"@id\":\"https:\\\/\\\/jumandeadsea.com\\\/fr\\\/#website\"},\"primaryImageOfPage\":{\"@id\":\"https:\\\/\\\/jumandeadsea.com\\\/fr\\\/produit\\\/masque-capillaire-a-lhuile-dargan-et-aux-mineraux-de-la-mer-morte\\\/#primaryimage\"},\"image\":{\"@id\":\"https:\\\/\\\/jumandeadsea.com\\\/fr\\\/produit\\\/masque-capillaire-a-lhuile-dargan-et-aux-mineraux-de-la-mer-morte\\\/#primaryimage\"},\"thumbnailUrl\":\"https:\\\/\\\/jumandeadsea.com\\\/wp-content\\\/uploads\\\/HAIR-AND-SCALP-MUD-MASK-WITH-ARGAN-OIL-front.png\",\"datePublished\":\"2024-11-18T17:30:22+00:00\",\"breadcrumb\":{\"@id\":\"https:\\\/\\\/jumandeadsea.com\\\/fr\\\/produit\\\/masque-capillaire-a-lhuile-dargan-et-aux-mineraux-de-la-mer-morte\\\/#breadcrumb\"},\"inLanguage\":\"fr-FR\",\"potentialAction\":[{\"@type\":\"ReadAction\",\"target\":[\"https:\\\/\\\/jumandeadsea.com\\\/fr\\\/produit\\\/masque-capillaire-a-lhuile-dargan-et-aux-mineraux-de-la-mer-morte\\\/\"]}]},{\"@type\":\"ImageObject\",\"inLanguage\":\"fr-FR\",\"@id\":\"https:\\\/\\\/jumandeadsea.com\\\/fr\\\/produit\\\/masque-capillaire-a-lhuile-dargan-et-aux-mineraux-de-la-mer-morte\\\/#primaryimage\",\"url\":\"https:\\\/\\\/jumandeadsea.com\\\/wp-content\\\/uploads\\\/HAIR-AND-SCALP-MUD-MASK-WITH-ARGAN-OIL-front.png\",\"contentUrl\":\"https:\\\/\\\/jumandeadsea.com\\\/wp-content\\\/uploads\\\/HAIR-AND-SCALP-MUD-MASK-WITH-ARGAN-OIL-front.png\",\"width\":1500,\"height\":1500},{\"@type\":\"BreadcrumbList\",\"@id\":\"https:\\\/\\\/jumandeadsea.com\\\/fr\\\/produit\\\/masque-capillaire-a-lhuile-dargan-et-aux-mineraux-de-la-mer-morte\\\/#breadcrumb\",\"itemListElement\":[{\"@type\":\"ListItem\",\"position\":1,\"name\":\"Home\",\"item\":\"https:\\\/\\\/jumandeadsea.com\\\/fr\\\/\"},{\"@type\":\"ListItem\",\"position\":2,\"name\":\"Boutique\",\"item\":\"https:\\\/\\\/jumandeadsea.com\\\/shop\\\/\"},{\"@type\":\"ListItem\",\"position\":3,\"name\":\"Masque Capillaire \u00c0 L&rsquo;huile D&rsquo;argan Et Aux Min\u00c9raux De La Mer Morte\"}]},{\"@type\":\"WebSite\",\"@id\":\"https:\\\/\\\/jumandeadsea.com\\\/fr\\\/#website\",\"url\":\"https:\\\/\\\/jumandeadsea.com\\\/fr\\\/\",\"name\":\"Juman Dead Sea\",\"description\":\"Authentic Dead Sea Mineral Skincare for Sensitive, Healthy Skin\",\"potentialAction\":[{\"@type\":\"SearchAction\",\"target\":{\"@type\":\"EntryPoint\",\"urlTemplate\":\"https:\\\/\\\/jumandeadsea.com\\\/fr\\\/?s={search_term_string}\"},\"query-input\":{\"@type\":\"PropertyValueSpecification\",\"valueRequired\":true,\"valueName\":\"search_term_string\"}}],\"inLanguage\":\"fr-FR\"}]}<\/script>\n<!-- \/ Yoast SEO plugin. -->","yoast_head_json":{"title":"MASQUE CAPILLAIRE \u00c0 L'HUILE D'ARGAN ET AUX MIN\u00c9RAUX DE LA MER MORTE - Juman Dead Sea","robots":{"index":"index","follow":"follow","max-snippet":"max-snippet:-1","max-image-preview":"max-image-preview:large","max-video-preview":"max-video-preview:-1"},"canonical":"https:\/\/jumandeadsea.com\/fr\/produit\/masque-capillaire-a-lhuile-dargan-et-aux-mineraux-de-la-mer-morte\/","og_locale":"fr_FR","og_type":"article","og_title":"MASQUE CAPILLAIRE \u00c0 L'HUILE D'ARGAN ET AUX MIN\u00c9RAUX DE LA MER MORTE - Juman Dead Sea","og_description":"Ce masque capillaire contient des prot\u00e9ines de bl\u00e9, un nutriment qui restaure les cheveux en les reconstruisant de l'int\u00e9rieur. Il est \u00e9galement compl\u00e9t\u00e9 par de l'extrait d'ail pour \u00e9liminer les bact\u00e9ries qui affectent les cheveux et le cuir chevelu. Le masque est \u00e9galement compl\u00e9t\u00e9 par deux huiles, l'huile d'olive et l'huile d'argan, qui nourrissent les cheveux et le cuir chevelu.","og_url":"https:\/\/jumandeadsea.com\/fr\/produit\/masque-capillaire-a-lhuile-dargan-et-aux-mineraux-de-la-mer-morte\/","og_site_name":"Juman Dead Sea","twitter_card":"summary_large_image","twitter_misc":{"Dur\u00e9e de lecture estim\u00e9e":"1 minute"},"schema":{"@context":"https:\/\/schema.org","@graph":[{"@type":"WebPage","@id":"https:\/\/jumandeadsea.com\/fr\/produit\/masque-capillaire-a-lhuile-dargan-et-aux-mineraux-de-la-mer-morte\/","url":"https:\/\/jumandeadsea.com\/fr\/produit\/masque-capillaire-a-lhuile-dargan-et-aux-mineraux-de-la-mer-morte\/","name":"MASQUE CAPILLAIRE \u00c0 L'HUILE D'ARGAN ET AUX MIN\u00c9RAUX DE LA MER MORTE - Juman Dead Sea","isPartOf":{"@id":"https:\/\/jumandeadsea.com\/fr\/#website"},"primaryImageOfPage":{"@id":"https:\/\/jumandeadsea.com\/fr\/produit\/masque-capillaire-a-lhuile-dargan-et-aux-mineraux-de-la-mer-morte\/#primaryimage"},"image":{"@id":"https:\/\/jumandeadsea.com\/fr\/produit\/masque-capillaire-a-lhuile-dargan-et-aux-mineraux-de-la-mer-morte\/#primaryimage"},"thumbnailUrl":"https:\/\/jumandeadsea.com\/wp-content\/uploads\/HAIR-AND-SCALP-MUD-MASK-WITH-ARGAN-OIL-front.png","datePublished":"2024-11-18T17:30:22+00:00","breadcrumb":{"@id":"https:\/\/jumandeadsea.com\/fr\/produit\/masque-capillaire-a-lhuile-dargan-et-aux-mineraux-de-la-mer-morte\/#breadcrumb"},"inLanguage":"fr-FR","potentialAction":[{"@type":"ReadAction","target":["https:\/\/jumandeadsea.com\/fr\/produit\/masque-capillaire-a-lhuile-dargan-et-aux-mineraux-de-la-mer-morte\/"]}]},{"@type":"ImageObject","inLanguage":"fr-FR","@id":"https:\/\/jumandeadsea.com\/fr\/produit\/masque-capillaire-a-lhuile-dargan-et-aux-mineraux-de-la-mer-morte\/#primaryimage","url":"https:\/\/jumandeadsea.com\/wp-content\/uploads\/HAIR-AND-SCALP-MUD-MASK-WITH-ARGAN-OIL-front.png","contentUrl":"https:\/\/jumandeadsea.com\/wp-content\/uploads\/HAIR-AND-SCALP-MUD-MASK-WITH-ARGAN-OIL-front.png","width":1500,"height":1500},{"@type":"BreadcrumbList","@id":"https:\/\/jumandeadsea.com\/fr\/produit\/masque-capillaire-a-lhuile-dargan-et-aux-mineraux-de-la-mer-morte\/#breadcrumb","itemListElement":[{"@type":"ListItem","position":1,"name":"Home","item":"https:\/\/jumandeadsea.com\/fr\/"},{"@type":"ListItem","position":2,"name":"Boutique","item":"https:\/\/jumandeadsea.com\/shop\/"},{"@type":"ListItem","position":3,"name":"Masque Capillaire \u00c0 L&rsquo;huile D&rsquo;argan Et Aux Min\u00c9raux De La Mer Morte"}]},{"@type":"WebSite","@id":"https:\/\/jumandeadsea.com\/fr\/#website","url":"https:\/\/jumandeadsea.com\/fr\/","name":"Juman Dead Sea","description":"Authentic Dead Sea Mineral Skincare for Sensitive, Healthy Skin","potentialAction":[{"@type":"SearchAction","target":{"@type":"EntryPoint","urlTemplate":"https:\/\/jumandeadsea.com\/fr\/?s={search_term_string}"},"query-input":{"@type":"PropertyValueSpecification","valueRequired":true,"valueName":"search_term_string"}}],"inLanguage":"fr-FR"}]}},"_links":{"self":[{"href":"https:\/\/jumandeadsea.com\/fr\/wp-json\/wp\/v2\/product\/326690","targetHints":{"allow":["GET"]}}],"collection":[{"href":"https:\/\/jumandeadsea.com\/fr\/wp-json\/wp\/v2\/product"}],"about":[{"href":"https:\/\/jumandeadsea.com\/fr\/wp-json\/wp\/v2\/types\/product"}],"replies":[{"embeddable":true,"href":"https:\/\/jumandeadsea.com\/fr\/wp-json\/wp\/v2\/comments?post=326690"}],"wp:featuredmedia":[{"embeddable":true,"href":"https:\/\/jumandeadsea.com\/fr\/wp-json\/wp\/v2\/media\/1953"}],"wp:attachment":[{"href":"https:\/\/jumandeadsea.com\/fr\/wp-json\/wp\/v2\/media?parent=326690"}],"wp:term":[{"taxonomy":"product_brand","embeddable":true,"href":"https:\/\/jumandeadsea.com\/fr\/wp-json\/wp\/v2\/product_brand?post=326690"},{"taxonomy":"product_cat","embeddable":true,"href":"https:\/\/jumandeadsea.com\/fr\/wp-json\/wp\/v2\/product_cat?post=326690"},{"taxonomy":"product_tag","embeddable":true,"href":"https:\/\/jumandeadsea.com\/fr\/wp-json\/wp\/v2\/product_tag?post=326690"}],"curies":[{"name":"wp","href":"https:\/\/api.w.org\/{rel}","templated":true}]}}