{"id":326689,"date":"2024-11-18T17:30:22","date_gmt":"2024-11-18T17:30:22","guid":{"rendered":"https:\/\/jumandeadsea.com\/product\/savon-loofah-a-lhuile-essentielle-de-pamplemousse-et-aux-mineraux-de-la-mer-morte\/"},"modified":"2024-11-18T17:30:22","modified_gmt":"2024-11-18T17:30:22","slug":"savon-loofah-a-lhuile-essentielle-de-pamplemousse-et-aux-mineraux-de-la-mer-morte","status":"publish","type":"product","link":"https:\/\/jumandeadsea.com\/fr\/produit\/savon-loofah-a-lhuile-essentielle-de-pamplemousse-et-aux-mineraux-de-la-mer-morte\/","title":{"rendered":"Savon Loofah \u00c0 L&rsquo;huile Essentielle De Pamplemousse Et Aux Min\u00c9raux De La Mer Morte"},"content":{"rendered":"\n    <div class=\"shortcode-accordion\">\n        <h3 class=\"accordion-header\">Ingr\u00e9dients<\/h3>\n        <div class=\"accordion-content\" style=\"display: none;\">\n            \n<p>Cocos Nucifera (huile de noix de coco), Elaeis Guineensis (huile de palme), huile de ricin, Luffa Cylindrica, Maris Sal (sel de la mer morte), Paradisi (huile de pamplemousse).<\/p>\n<ul>\n<li>Sel de la mer morte : Les sels organiques riches en magn\u00e9sium am\u00e9liorent l&rsquo;hydratation de la peau et r\u00e9duisent l&rsquo;inflammation des peaux s\u00e8ches.<\/li>\n<li>Loofah : la structure de l&rsquo;\u00e9ponge s\u00e8che de la plante luffa est utilis\u00e9e comme \u00e9ponge pour \u00e9liminer les peaux mortes et stimuler le rajeunissement de la peau.<\/li>\n<li>L&rsquo;huile de coco : elle permet de r\u00e9duire les inflammations cutan\u00e9es, d&rsquo;hydrater la peau et d&rsquo;aider \u00e0 la cicatrisation des plaies. Elle poss\u00e8de \u00e9galement des propri\u00e9t\u00e9s antimicrobiennes qui peuvent aider \u00e0 traiter l&rsquo;acn\u00e9 et \u00e0 prot\u00e9ger la peau des bact\u00e9ries nocives. <\/li>\n<li>Huile de palme : riche en vitamine E, l&rsquo;huile de palme aide la peau \u00e0 lutter contre l&rsquo;acn\u00e9 et am\u00e9liore sensiblement l&rsquo;apparence des cicatrices.<\/li>\n<li>Huile de ricin : parmi ses nombreux avantages, l&rsquo;huile de ricin est connue pour hydrater la peau, combattre les imperfections et r\u00e9duire la pigmentation.<\/li>\n<li>Huile de p\u00e9pins de pamplemousse : tr\u00e8s efficace pour traiter l&rsquo;acn\u00e9 et les peaux grasses, elle aide \u00e9galement \u00e0 r\u00e9duire les d\u00e9mangeaisons gr\u00e2ce \u00e0 ses propri\u00e9t\u00e9s anti-inflammatoires.<\/li>\n<\/ul>\n<p>\n        <\/div>\n    <\/div><br \/>\n\n    <div class=\"shortcode-accordion\">\n        <h3 class=\"accordion-header\">Mode d&#039;emploi :<\/h3>\n        <div class=\"accordion-content\" style=\"display: none;\">\n            <\/p>\n<p>Hydratez le corps avec de l&rsquo;eau ti\u00e8de et massez-le avec des mouvements circulaires \u00e0 l&rsquo;aide d&rsquo;un savon \u00e0 la glyc\u00e9rine et d&rsquo;un luffa, puis lavez-le \u00e0 l&rsquo;eau ti\u00e8de et s\u00e9chez-le en tapotant avec une serviette douce.<\/p>\n<p>\n        <\/div>\n    <\/div><br \/>\n\n    <div class=\"shortcode-accordion\">\n        <h3 class=\"accordion-header\">Informations sur le produit<\/h3>\n        <div class=\"accordion-content\" style=\"display: none;\">\n            <\/p>\n<p>&#8211; CPNP : 3666023<\/p>\n<p>&#8211; Poids : 100gm<\/p>\n<p>\n        <\/div>\n    <\/div><\/p>\n","protected":false},"excerpt":{"rendered":"<p>Notre savon de luffa \u00e0 l&rsquo;huile essentielle de pamplemousse est un savon antioxydant puissant, parfait pour les peaux sensibles, car il a une action nettoyante douce qui r\u00e9tablit l&rsquo;\u00e9quilibre du s\u00e9bum de la peau, r\u00e9duit la d\u00e9coloration de la peau et estompe les imperfections. Ce savon loofah au pamplemousse sent bon et constitue le parfait point de d\u00e9part rafra\u00eechissant de votre douche matinale. Il contient une \u00e9ponge de luffa enti\u00e8rement naturelle cultiv\u00e9e sur vigne, qui stimule la circulation.  <\/p>\n","protected":false},"featured_media":1824,"comment_status":"open","ping_status":"closed","template":"","meta":{"_et_pb_use_builder":"","_et_pb_old_content":"","_et_gb_content_width":""},"product_brand":[],"product_cat":[104,99],"product_tag":[],"class_list":{"0":"post-326689","1":"product","2":"type-product","3":"status-publish","4":"has-post-thumbnail","6":"product_cat-savons","7":"product_cat-soins-du-corps","9":"first","10":"instock","11":"shipping-taxable","12":"purchasable","13":"product-type-simple"},"yoast_head":"<!-- This site is optimized with the Yoast SEO plugin v27.3 - https:\/\/yoast.com\/product\/yoast-seo-wordpress\/ -->\n<title>SAVON LOOFAH \u00c0 L&#039;HUILE ESSENTIELLE DE PAMPLEMOUSSE ET AUX MIN\u00c9RAUX DE LA MER MORTE - Juman Dead Sea<\/title>\n<meta name=\"robots\" content=\"index, follow, max-snippet:-1, max-image-preview:large, max-video-preview:-1\" \/>\n<link rel=\"canonical\" href=\"https:\/\/jumandeadsea.com\/fr\/produit\/savon-loofah-a-lhuile-essentielle-de-pamplemousse-et-aux-mineraux-de-la-mer-morte\/\" \/>\n<meta property=\"og:locale\" content=\"fr_FR\" \/>\n<meta property=\"og:type\" content=\"article\" \/>\n<meta property=\"og:title\" content=\"SAVON LOOFAH \u00c0 L&#039;HUILE ESSENTIELLE DE PAMPLEMOUSSE ET AUX MIN\u00c9RAUX DE LA MER MORTE - Juman Dead Sea\" \/>\n<meta property=\"og:description\" content=\"Notre savon de luffa \u00e0 l&#039;huile essentielle de pamplemousse est un savon antioxydant puissant, parfait pour les peaux sensibles, car il a une action nettoyante douce qui r\u00e9tablit l&#039;\u00e9quilibre du s\u00e9bum de la peau, r\u00e9duit la d\u00e9coloration de la peau et estompe les imperfections. Ce savon loofah au pamplemousse sent bon et constitue le parfait point de d\u00e9part rafra\u00eechissant de votre douche matinale. Il contient une \u00e9ponge de luffa enti\u00e8rement naturelle cultiv\u00e9e sur vigne, qui stimule la circulation.\" \/>\n<meta property=\"og:url\" content=\"https:\/\/jumandeadsea.com\/fr\/produit\/savon-loofah-a-lhuile-essentielle-de-pamplemousse-et-aux-mineraux-de-la-mer-morte\/\" \/>\n<meta property=\"og:site_name\" content=\"Juman Dead Sea\" \/>\n<meta name=\"twitter:card\" content=\"summary_large_image\" \/>\n<meta name=\"twitter:label1\" content=\"Dur\u00e9e de lecture estim\u00e9e\" \/>\n\t<meta name=\"twitter:data1\" content=\"1 minute\" \/>\n<script type=\"application\/ld+json\" class=\"yoast-schema-graph\">{\"@context\":\"https:\\\/\\\/schema.org\",\"@graph\":[{\"@type\":\"WebPage\",\"@id\":\"https:\\\/\\\/jumandeadsea.com\\\/fr\\\/produit\\\/savon-loofah-a-lhuile-essentielle-de-pamplemousse-et-aux-mineraux-de-la-mer-morte\\\/\",\"url\":\"https:\\\/\\\/jumandeadsea.com\\\/fr\\\/produit\\\/savon-loofah-a-lhuile-essentielle-de-pamplemousse-et-aux-mineraux-de-la-mer-morte\\\/\",\"name\":\"SAVON LOOFAH \u00c0 L'HUILE ESSENTIELLE DE PAMPLEMOUSSE ET AUX MIN\u00c9RAUX DE LA MER MORTE - Juman Dead Sea\",\"isPartOf\":{\"@id\":\"https:\\\/\\\/jumandeadsea.com\\\/fr\\\/#website\"},\"primaryImageOfPage\":{\"@id\":\"https:\\\/\\\/jumandeadsea.com\\\/fr\\\/produit\\\/savon-loofah-a-lhuile-essentielle-de-pamplemousse-et-aux-mineraux-de-la-mer-morte\\\/#primaryimage\"},\"image\":{\"@id\":\"https:\\\/\\\/jumandeadsea.com\\\/fr\\\/produit\\\/savon-loofah-a-lhuile-essentielle-de-pamplemousse-et-aux-mineraux-de-la-mer-morte\\\/#primaryimage\"},\"thumbnailUrl\":\"https:\\\/\\\/jumandeadsea.com\\\/wp-content\\\/uploads\\\/orange-03.png\",\"datePublished\":\"2024-11-18T17:30:22+00:00\",\"breadcrumb\":{\"@id\":\"https:\\\/\\\/jumandeadsea.com\\\/fr\\\/produit\\\/savon-loofah-a-lhuile-essentielle-de-pamplemousse-et-aux-mineraux-de-la-mer-morte\\\/#breadcrumb\"},\"inLanguage\":\"fr-FR\",\"potentialAction\":[{\"@type\":\"ReadAction\",\"target\":[\"https:\\\/\\\/jumandeadsea.com\\\/fr\\\/produit\\\/savon-loofah-a-lhuile-essentielle-de-pamplemousse-et-aux-mineraux-de-la-mer-morte\\\/\"]}]},{\"@type\":\"ImageObject\",\"inLanguage\":\"fr-FR\",\"@id\":\"https:\\\/\\\/jumandeadsea.com\\\/fr\\\/produit\\\/savon-loofah-a-lhuile-essentielle-de-pamplemousse-et-aux-mineraux-de-la-mer-morte\\\/#primaryimage\",\"url\":\"https:\\\/\\\/jumandeadsea.com\\\/wp-content\\\/uploads\\\/orange-03.png\",\"contentUrl\":\"https:\\\/\\\/jumandeadsea.com\\\/wp-content\\\/uploads\\\/orange-03.png\",\"width\":1600,\"height\":1600},{\"@type\":\"BreadcrumbList\",\"@id\":\"https:\\\/\\\/jumandeadsea.com\\\/fr\\\/produit\\\/savon-loofah-a-lhuile-essentielle-de-pamplemousse-et-aux-mineraux-de-la-mer-morte\\\/#breadcrumb\",\"itemListElement\":[{\"@type\":\"ListItem\",\"position\":1,\"name\":\"Home\",\"item\":\"https:\\\/\\\/jumandeadsea.com\\\/fr\\\/\"},{\"@type\":\"ListItem\",\"position\":2,\"name\":\"Boutique\",\"item\":\"https:\\\/\\\/jumandeadsea.com\\\/shop\\\/\"},{\"@type\":\"ListItem\",\"position\":3,\"name\":\"Savon Loofah \u00c0 L&rsquo;huile Essentielle De Pamplemousse Et Aux Min\u00c9raux De La Mer Morte\"}]},{\"@type\":\"WebSite\",\"@id\":\"https:\\\/\\\/jumandeadsea.com\\\/fr\\\/#website\",\"url\":\"https:\\\/\\\/jumandeadsea.com\\\/fr\\\/\",\"name\":\"Juman Dead Sea\",\"description\":\"Authentic Dead Sea Mineral Skincare for Sensitive, Healthy Skin\",\"potentialAction\":[{\"@type\":\"SearchAction\",\"target\":{\"@type\":\"EntryPoint\",\"urlTemplate\":\"https:\\\/\\\/jumandeadsea.com\\\/fr\\\/?s={search_term_string}\"},\"query-input\":{\"@type\":\"PropertyValueSpecification\",\"valueRequired\":true,\"valueName\":\"search_term_string\"}}],\"inLanguage\":\"fr-FR\"}]}<\/script>\n<!-- \/ Yoast SEO plugin. -->","yoast_head_json":{"title":"SAVON LOOFAH \u00c0 L'HUILE ESSENTIELLE DE PAMPLEMOUSSE ET AUX MIN\u00c9RAUX DE LA MER MORTE - Juman Dead Sea","robots":{"index":"index","follow":"follow","max-snippet":"max-snippet:-1","max-image-preview":"max-image-preview:large","max-video-preview":"max-video-preview:-1"},"canonical":"https:\/\/jumandeadsea.com\/fr\/produit\/savon-loofah-a-lhuile-essentielle-de-pamplemousse-et-aux-mineraux-de-la-mer-morte\/","og_locale":"fr_FR","og_type":"article","og_title":"SAVON LOOFAH \u00c0 L'HUILE ESSENTIELLE DE PAMPLEMOUSSE ET AUX MIN\u00c9RAUX DE LA MER MORTE - Juman Dead Sea","og_description":"Notre savon de luffa \u00e0 l'huile essentielle de pamplemousse est un savon antioxydant puissant, parfait pour les peaux sensibles, car il a une action nettoyante douce qui r\u00e9tablit l'\u00e9quilibre du s\u00e9bum de la peau, r\u00e9duit la d\u00e9coloration de la peau et estompe les imperfections. Ce savon loofah au pamplemousse sent bon et constitue le parfait point de d\u00e9part rafra\u00eechissant de votre douche matinale. Il contient une \u00e9ponge de luffa enti\u00e8rement naturelle cultiv\u00e9e sur vigne, qui stimule la circulation.","og_url":"https:\/\/jumandeadsea.com\/fr\/produit\/savon-loofah-a-lhuile-essentielle-de-pamplemousse-et-aux-mineraux-de-la-mer-morte\/","og_site_name":"Juman Dead Sea","twitter_card":"summary_large_image","twitter_misc":{"Dur\u00e9e de lecture estim\u00e9e":"1 minute"},"schema":{"@context":"https:\/\/schema.org","@graph":[{"@type":"WebPage","@id":"https:\/\/jumandeadsea.com\/fr\/produit\/savon-loofah-a-lhuile-essentielle-de-pamplemousse-et-aux-mineraux-de-la-mer-morte\/","url":"https:\/\/jumandeadsea.com\/fr\/produit\/savon-loofah-a-lhuile-essentielle-de-pamplemousse-et-aux-mineraux-de-la-mer-morte\/","name":"SAVON LOOFAH \u00c0 L'HUILE ESSENTIELLE DE PAMPLEMOUSSE ET AUX MIN\u00c9RAUX DE LA MER MORTE - Juman Dead Sea","isPartOf":{"@id":"https:\/\/jumandeadsea.com\/fr\/#website"},"primaryImageOfPage":{"@id":"https:\/\/jumandeadsea.com\/fr\/produit\/savon-loofah-a-lhuile-essentielle-de-pamplemousse-et-aux-mineraux-de-la-mer-morte\/#primaryimage"},"image":{"@id":"https:\/\/jumandeadsea.com\/fr\/produit\/savon-loofah-a-lhuile-essentielle-de-pamplemousse-et-aux-mineraux-de-la-mer-morte\/#primaryimage"},"thumbnailUrl":"https:\/\/jumandeadsea.com\/wp-content\/uploads\/orange-03.png","datePublished":"2024-11-18T17:30:22+00:00","breadcrumb":{"@id":"https:\/\/jumandeadsea.com\/fr\/produit\/savon-loofah-a-lhuile-essentielle-de-pamplemousse-et-aux-mineraux-de-la-mer-morte\/#breadcrumb"},"inLanguage":"fr-FR","potentialAction":[{"@type":"ReadAction","target":["https:\/\/jumandeadsea.com\/fr\/produit\/savon-loofah-a-lhuile-essentielle-de-pamplemousse-et-aux-mineraux-de-la-mer-morte\/"]}]},{"@type":"ImageObject","inLanguage":"fr-FR","@id":"https:\/\/jumandeadsea.com\/fr\/produit\/savon-loofah-a-lhuile-essentielle-de-pamplemousse-et-aux-mineraux-de-la-mer-morte\/#primaryimage","url":"https:\/\/jumandeadsea.com\/wp-content\/uploads\/orange-03.png","contentUrl":"https:\/\/jumandeadsea.com\/wp-content\/uploads\/orange-03.png","width":1600,"height":1600},{"@type":"BreadcrumbList","@id":"https:\/\/jumandeadsea.com\/fr\/produit\/savon-loofah-a-lhuile-essentielle-de-pamplemousse-et-aux-mineraux-de-la-mer-morte\/#breadcrumb","itemListElement":[{"@type":"ListItem","position":1,"name":"Home","item":"https:\/\/jumandeadsea.com\/fr\/"},{"@type":"ListItem","position":2,"name":"Boutique","item":"https:\/\/jumandeadsea.com\/shop\/"},{"@type":"ListItem","position":3,"name":"Savon Loofah \u00c0 L&rsquo;huile Essentielle De Pamplemousse Et Aux Min\u00c9raux De La Mer Morte"}]},{"@type":"WebSite","@id":"https:\/\/jumandeadsea.com\/fr\/#website","url":"https:\/\/jumandeadsea.com\/fr\/","name":"Juman Dead Sea","description":"Authentic Dead Sea Mineral Skincare for Sensitive, Healthy Skin","potentialAction":[{"@type":"SearchAction","target":{"@type":"EntryPoint","urlTemplate":"https:\/\/jumandeadsea.com\/fr\/?s={search_term_string}"},"query-input":{"@type":"PropertyValueSpecification","valueRequired":true,"valueName":"search_term_string"}}],"inLanguage":"fr-FR"}]}},"_links":{"self":[{"href":"https:\/\/jumandeadsea.com\/fr\/wp-json\/wp\/v2\/product\/326689","targetHints":{"allow":["GET"]}}],"collection":[{"href":"https:\/\/jumandeadsea.com\/fr\/wp-json\/wp\/v2\/product"}],"about":[{"href":"https:\/\/jumandeadsea.com\/fr\/wp-json\/wp\/v2\/types\/product"}],"replies":[{"embeddable":true,"href":"https:\/\/jumandeadsea.com\/fr\/wp-json\/wp\/v2\/comments?post=326689"}],"wp:featuredmedia":[{"embeddable":true,"href":"https:\/\/jumandeadsea.com\/fr\/wp-json\/wp\/v2\/media\/1824"}],"wp:attachment":[{"href":"https:\/\/jumandeadsea.com\/fr\/wp-json\/wp\/v2\/media?parent=326689"}],"wp:term":[{"taxonomy":"product_brand","embeddable":true,"href":"https:\/\/jumandeadsea.com\/fr\/wp-json\/wp\/v2\/product_brand?post=326689"},{"taxonomy":"product_cat","embeddable":true,"href":"https:\/\/jumandeadsea.com\/fr\/wp-json\/wp\/v2\/product_cat?post=326689"},{"taxonomy":"product_tag","embeddable":true,"href":"https:\/\/jumandeadsea.com\/fr\/wp-json\/wp\/v2\/product_tag?post=326689"}],"curies":[{"name":"wp","href":"https:\/\/api.w.org\/{rel}","templated":true}]}}