{"id":326688,"date":"2024-11-18T17:30:21","date_gmt":"2024-11-18T17:30:21","guid":{"rendered":"https:\/\/jumandeadsea.com\/product\/shampooing-enrichi-a-lhuile-dargan-et-a-laloe-vera\/"},"modified":"2024-11-18T17:30:21","modified_gmt":"2024-11-18T17:30:21","slug":"shampooing-enrichi-a-lhuile-dargan-et-a-laloe-vera","status":"publish","type":"product","link":"https:\/\/jumandeadsea.com\/fr\/produit\/shampooing-enrichi-a-lhuile-dargan-et-a-laloe-vera\/","title":{"rendered":"Shampooing Enrichi \u00c0 L&rsquo;huile D&rsquo;argan Et \u00c0 L&rsquo;aloe Vera"},"content":{"rendered":"\n    <div class=\"shortcode-accordion\">\n        <h3 class=\"accordion-header\">Ingr\u00e9dients<\/h3>\n        <div class=\"accordion-content\" style=\"display: none;\">\n            \n<p>Panth\u00e9nol (vitamine B5), jus de feuilles d&rsquo;Aloe Barbadensis (Aloe Vera), huile de noyau d&rsquo;Argania Spinosa (Argan), tocoph\u00e9rol (vitamine E).<\/p>\n<ul>\n<li><em>Vitamine (B5) :<\/em> joue un r\u00f4le important dans le renforcement des cheveux, leur hydratation, l&rsquo;augmentation de leur brillance et de leur densit\u00e9, et la r\u00e9duction de la chute des cheveux.<\/li>\n<li><em>Jus de feuilles d&rsquo;aloe vera : il<\/em> hydrate les cheveux et les prot\u00e8ge de la d\u00e9shydratation. Il agit \u00e9galement comme un revitalisant et rend vos cheveux lisses et brillants. Il favorise la croissance des cheveux et pr\u00e9vient les d\u00e9mangeaisons du cuir chevelu.  <\/li>\n<li><em>Huile d&rsquo;argan :<\/em> favorise la croissance de cheveux sains tout en hydratant le cuir chevelu et en traitant les pellicules.<\/li>\n<li><em>Vitamine E :<\/em> contribue \u00e0 am\u00e9liorer la sant\u00e9 g\u00e9n\u00e9rale du cuir chevelu et des cheveux. Elle am\u00e9liore la circulation dans le cuir chevelu et fournit des antioxydants qui aident \u00e0 r\u00e9parer les follicules pileux endommag\u00e9s. <\/li>\n<\/ul>\n<p>\n        <\/div>\n    <\/div><br \/>\n\n    <div class=\"shortcode-accordion\">\n        <h3 class=\"accordion-header\">Mode d&#039;emploi :<\/h3>\n        <div class=\"accordion-content\" style=\"display: none;\">\n            <\/p>\n<p>Appliquez une quantit\u00e9 appropri\u00e9e de shampooing sur les cheveux et le cuir chevelu mouill\u00e9s, massez doucement, puis rincez \u00e0 l&rsquo;eau ti\u00e8de.<\/p>\n<p>\n        <\/div>\n    <\/div><br \/>\n\n    <div class=\"shortcode-accordion\">\n        <h3 class=\"accordion-header\">Informations sur le produit<\/h3>\n        <div class=\"accordion-content\" style=\"display: none;\">\n            <\/p>\n<p>&#8211; Poids : 400ml<\/p>\n<p>\n        <\/div>\n    <\/div><\/p>\n","protected":false},"excerpt":{"rendered":"<p>Ce shampooing doux et soyeux contient de l&rsquo;huile d&rsquo;argan, de l&rsquo;aloe vera, de la vitamine E et de la vitamine B5 qui procurent une hydratation intense, d\u00e9barrassent les cheveux de la salet\u00e9 et des huiles et nourrissent le cuir chevelu. Il apporte de la vitalit\u00e9 pour des cheveux forts, propres et brillants de la racine \u00e0 la pointe et une meilleure protection des cheveux contre la s\u00e9cheresse due aux traitements agressifs. <\/p>\n<p><strong>CONVIENT AUX CHEVEUX SECS ET NORMAUX<\/strong><br \/>\n<strong>PEUT \u00caTRE UTILIS\u00c9 POUR LES CHEVEUX TRAIT\u00c9S ET TEINTS<\/strong><\/p>\n","protected":false},"featured_media":2053,"comment_status":"open","ping_status":"closed","template":"","meta":{"_et_pb_use_builder":"","_et_pb_old_content":"","_et_gb_content_width":""},"product_brand":[],"product_cat":[107,95],"product_tag":[],"class_list":{"0":"post-326688","1":"product","2":"type-product","3":"status-publish","4":"has-post-thumbnail","6":"product_cat-soins-capillaires","7":"product_cat-soins-pour-cheveux-secs-et-normaux","9":"first","10":"instock","11":"shipping-taxable","12":"purchasable","13":"product-type-simple"},"yoast_head":"<!-- This site is optimized with the Yoast SEO plugin v27.3 - https:\/\/yoast.com\/product\/yoast-seo-wordpress\/ -->\n<title>SHAMPOOING ENRICHI \u00c0 L&#039;HUILE D&#039;ARGAN ET \u00c0 L&#039;ALOE VERA - Juman Dead Sea<\/title>\n<meta name=\"robots\" content=\"index, follow, max-snippet:-1, max-image-preview:large, max-video-preview:-1\" \/>\n<link rel=\"canonical\" href=\"https:\/\/jumandeadsea.com\/fr\/produit\/shampooing-enrichi-a-lhuile-dargan-et-a-laloe-vera\/\" \/>\n<meta property=\"og:locale\" content=\"fr_FR\" \/>\n<meta property=\"og:type\" content=\"article\" \/>\n<meta property=\"og:title\" content=\"SHAMPOOING ENRICHI \u00c0 L&#039;HUILE D&#039;ARGAN ET \u00c0 L&#039;ALOE VERA - Juman Dead Sea\" \/>\n<meta property=\"og:description\" content=\"Ce shampooing doux et soyeux contient de l&#039;huile d&#039;argan, de l&#039;aloe vera, de la vitamine E et de la vitamine B5 qui procurent une hydratation intense, d\u00e9barrassent les cheveux de la salet\u00e9 et des huiles et nourrissent le cuir chevelu. Il apporte de la vitalit\u00e9 pour des cheveux forts, propres et brillants de la racine \u00e0 la pointe et une meilleure protection des cheveux contre la s\u00e9cheresse due aux traitements agressifs.  CONVIENT AUX CHEVEUX SECS ET NORMAUX PEUT \u00caTRE UTILIS\u00c9 POUR LES CHEVEUX TRAIT\u00c9S ET TEINTS\" \/>\n<meta property=\"og:url\" content=\"https:\/\/jumandeadsea.com\/fr\/produit\/shampooing-enrichi-a-lhuile-dargan-et-a-laloe-vera\/\" \/>\n<meta property=\"og:site_name\" content=\"Juman Dead Sea\" \/>\n<meta name=\"twitter:card\" content=\"summary_large_image\" \/>\n<meta name=\"twitter:label1\" content=\"Dur\u00e9e de lecture estim\u00e9e\" \/>\n\t<meta name=\"twitter:data1\" content=\"1 minute\" \/>\n<script type=\"application\/ld+json\" class=\"yoast-schema-graph\">{\"@context\":\"https:\\\/\\\/schema.org\",\"@graph\":[{\"@type\":\"WebPage\",\"@id\":\"https:\\\/\\\/jumandeadsea.com\\\/fr\\\/produit\\\/shampooing-enrichi-a-lhuile-dargan-et-a-laloe-vera\\\/\",\"url\":\"https:\\\/\\\/jumandeadsea.com\\\/fr\\\/produit\\\/shampooing-enrichi-a-lhuile-dargan-et-a-laloe-vera\\\/\",\"name\":\"SHAMPOOING ENRICHI \u00c0 L'HUILE D'ARGAN ET \u00c0 L'ALOE VERA - Juman Dead Sea\",\"isPartOf\":{\"@id\":\"https:\\\/\\\/jumandeadsea.com\\\/fr\\\/#website\"},\"primaryImageOfPage\":{\"@id\":\"https:\\\/\\\/jumandeadsea.com\\\/fr\\\/produit\\\/shampooing-enrichi-a-lhuile-dargan-et-a-laloe-vera\\\/#primaryimage\"},\"image\":{\"@id\":\"https:\\\/\\\/jumandeadsea.com\\\/fr\\\/produit\\\/shampooing-enrichi-a-lhuile-dargan-et-a-laloe-vera\\\/#primaryimage\"},\"thumbnailUrl\":\"https:\\\/\\\/jumandeadsea.com\\\/wp-content\\\/uploads\\\/hair-shampoo-1.png\",\"datePublished\":\"2024-11-18T17:30:21+00:00\",\"breadcrumb\":{\"@id\":\"https:\\\/\\\/jumandeadsea.com\\\/fr\\\/produit\\\/shampooing-enrichi-a-lhuile-dargan-et-a-laloe-vera\\\/#breadcrumb\"},\"inLanguage\":\"fr-FR\",\"potentialAction\":[{\"@type\":\"ReadAction\",\"target\":[\"https:\\\/\\\/jumandeadsea.com\\\/fr\\\/produit\\\/shampooing-enrichi-a-lhuile-dargan-et-a-laloe-vera\\\/\"]}]},{\"@type\":\"ImageObject\",\"inLanguage\":\"fr-FR\",\"@id\":\"https:\\\/\\\/jumandeadsea.com\\\/fr\\\/produit\\\/shampooing-enrichi-a-lhuile-dargan-et-a-laloe-vera\\\/#primaryimage\",\"url\":\"https:\\\/\\\/jumandeadsea.com\\\/wp-content\\\/uploads\\\/hair-shampoo-1.png\",\"contentUrl\":\"https:\\\/\\\/jumandeadsea.com\\\/wp-content\\\/uploads\\\/hair-shampoo-1.png\",\"width\":500,\"height\":500},{\"@type\":\"BreadcrumbList\",\"@id\":\"https:\\\/\\\/jumandeadsea.com\\\/fr\\\/produit\\\/shampooing-enrichi-a-lhuile-dargan-et-a-laloe-vera\\\/#breadcrumb\",\"itemListElement\":[{\"@type\":\"ListItem\",\"position\":1,\"name\":\"Home\",\"item\":\"https:\\\/\\\/jumandeadsea.com\\\/fr\\\/\"},{\"@type\":\"ListItem\",\"position\":2,\"name\":\"Boutique\",\"item\":\"https:\\\/\\\/jumandeadsea.com\\\/shop\\\/\"},{\"@type\":\"ListItem\",\"position\":3,\"name\":\"Shampooing Enrichi \u00c0 L&rsquo;huile D&rsquo;argan Et \u00c0 L&rsquo;aloe Vera\"}]},{\"@type\":\"WebSite\",\"@id\":\"https:\\\/\\\/jumandeadsea.com\\\/fr\\\/#website\",\"url\":\"https:\\\/\\\/jumandeadsea.com\\\/fr\\\/\",\"name\":\"Juman Dead Sea\",\"description\":\"Authentic Dead Sea Mineral Skincare for Sensitive, Healthy Skin\",\"potentialAction\":[{\"@type\":\"SearchAction\",\"target\":{\"@type\":\"EntryPoint\",\"urlTemplate\":\"https:\\\/\\\/jumandeadsea.com\\\/fr\\\/?s={search_term_string}\"},\"query-input\":{\"@type\":\"PropertyValueSpecification\",\"valueRequired\":true,\"valueName\":\"search_term_string\"}}],\"inLanguage\":\"fr-FR\"}]}<\/script>\n<!-- \/ Yoast SEO plugin. -->","yoast_head_json":{"title":"SHAMPOOING ENRICHI \u00c0 L'HUILE D'ARGAN ET \u00c0 L'ALOE VERA - Juman Dead Sea","robots":{"index":"index","follow":"follow","max-snippet":"max-snippet:-1","max-image-preview":"max-image-preview:large","max-video-preview":"max-video-preview:-1"},"canonical":"https:\/\/jumandeadsea.com\/fr\/produit\/shampooing-enrichi-a-lhuile-dargan-et-a-laloe-vera\/","og_locale":"fr_FR","og_type":"article","og_title":"SHAMPOOING ENRICHI \u00c0 L'HUILE D'ARGAN ET \u00c0 L'ALOE VERA - Juman Dead Sea","og_description":"Ce shampooing doux et soyeux contient de l'huile d'argan, de l'aloe vera, de la vitamine E et de la vitamine B5 qui procurent une hydratation intense, d\u00e9barrassent les cheveux de la salet\u00e9 et des huiles et nourrissent le cuir chevelu. Il apporte de la vitalit\u00e9 pour des cheveux forts, propres et brillants de la racine \u00e0 la pointe et une meilleure protection des cheveux contre la s\u00e9cheresse due aux traitements agressifs.  CONVIENT AUX CHEVEUX SECS ET NORMAUX PEUT \u00caTRE UTILIS\u00c9 POUR LES CHEVEUX TRAIT\u00c9S ET TEINTS","og_url":"https:\/\/jumandeadsea.com\/fr\/produit\/shampooing-enrichi-a-lhuile-dargan-et-a-laloe-vera\/","og_site_name":"Juman Dead Sea","twitter_card":"summary_large_image","twitter_misc":{"Dur\u00e9e de lecture estim\u00e9e":"1 minute"},"schema":{"@context":"https:\/\/schema.org","@graph":[{"@type":"WebPage","@id":"https:\/\/jumandeadsea.com\/fr\/produit\/shampooing-enrichi-a-lhuile-dargan-et-a-laloe-vera\/","url":"https:\/\/jumandeadsea.com\/fr\/produit\/shampooing-enrichi-a-lhuile-dargan-et-a-laloe-vera\/","name":"SHAMPOOING ENRICHI \u00c0 L'HUILE D'ARGAN ET \u00c0 L'ALOE VERA - Juman Dead Sea","isPartOf":{"@id":"https:\/\/jumandeadsea.com\/fr\/#website"},"primaryImageOfPage":{"@id":"https:\/\/jumandeadsea.com\/fr\/produit\/shampooing-enrichi-a-lhuile-dargan-et-a-laloe-vera\/#primaryimage"},"image":{"@id":"https:\/\/jumandeadsea.com\/fr\/produit\/shampooing-enrichi-a-lhuile-dargan-et-a-laloe-vera\/#primaryimage"},"thumbnailUrl":"https:\/\/jumandeadsea.com\/wp-content\/uploads\/hair-shampoo-1.png","datePublished":"2024-11-18T17:30:21+00:00","breadcrumb":{"@id":"https:\/\/jumandeadsea.com\/fr\/produit\/shampooing-enrichi-a-lhuile-dargan-et-a-laloe-vera\/#breadcrumb"},"inLanguage":"fr-FR","potentialAction":[{"@type":"ReadAction","target":["https:\/\/jumandeadsea.com\/fr\/produit\/shampooing-enrichi-a-lhuile-dargan-et-a-laloe-vera\/"]}]},{"@type":"ImageObject","inLanguage":"fr-FR","@id":"https:\/\/jumandeadsea.com\/fr\/produit\/shampooing-enrichi-a-lhuile-dargan-et-a-laloe-vera\/#primaryimage","url":"https:\/\/jumandeadsea.com\/wp-content\/uploads\/hair-shampoo-1.png","contentUrl":"https:\/\/jumandeadsea.com\/wp-content\/uploads\/hair-shampoo-1.png","width":500,"height":500},{"@type":"BreadcrumbList","@id":"https:\/\/jumandeadsea.com\/fr\/produit\/shampooing-enrichi-a-lhuile-dargan-et-a-laloe-vera\/#breadcrumb","itemListElement":[{"@type":"ListItem","position":1,"name":"Home","item":"https:\/\/jumandeadsea.com\/fr\/"},{"@type":"ListItem","position":2,"name":"Boutique","item":"https:\/\/jumandeadsea.com\/shop\/"},{"@type":"ListItem","position":3,"name":"Shampooing Enrichi \u00c0 L&rsquo;huile D&rsquo;argan Et \u00c0 L&rsquo;aloe Vera"}]},{"@type":"WebSite","@id":"https:\/\/jumandeadsea.com\/fr\/#website","url":"https:\/\/jumandeadsea.com\/fr\/","name":"Juman Dead Sea","description":"Authentic Dead Sea Mineral Skincare for Sensitive, Healthy Skin","potentialAction":[{"@type":"SearchAction","target":{"@type":"EntryPoint","urlTemplate":"https:\/\/jumandeadsea.com\/fr\/?s={search_term_string}"},"query-input":{"@type":"PropertyValueSpecification","valueRequired":true,"valueName":"search_term_string"}}],"inLanguage":"fr-FR"}]}},"_links":{"self":[{"href":"https:\/\/jumandeadsea.com\/fr\/wp-json\/wp\/v2\/product\/326688","targetHints":{"allow":["GET"]}}],"collection":[{"href":"https:\/\/jumandeadsea.com\/fr\/wp-json\/wp\/v2\/product"}],"about":[{"href":"https:\/\/jumandeadsea.com\/fr\/wp-json\/wp\/v2\/types\/product"}],"replies":[{"embeddable":true,"href":"https:\/\/jumandeadsea.com\/fr\/wp-json\/wp\/v2\/comments?post=326688"}],"wp:featuredmedia":[{"embeddable":true,"href":"https:\/\/jumandeadsea.com\/fr\/wp-json\/wp\/v2\/media\/2053"}],"wp:attachment":[{"href":"https:\/\/jumandeadsea.com\/fr\/wp-json\/wp\/v2\/media?parent=326688"}],"wp:term":[{"taxonomy":"product_brand","embeddable":true,"href":"https:\/\/jumandeadsea.com\/fr\/wp-json\/wp\/v2\/product_brand?post=326688"},{"taxonomy":"product_cat","embeddable":true,"href":"https:\/\/jumandeadsea.com\/fr\/wp-json\/wp\/v2\/product_cat?post=326688"},{"taxonomy":"product_tag","embeddable":true,"href":"https:\/\/jumandeadsea.com\/fr\/wp-json\/wp\/v2\/product_tag?post=326688"}],"curies":[{"name":"wp","href":"https:\/\/api.w.org\/{rel}","templated":true}]}}