{"id":326687,"date":"2024-11-18T17:30:22","date_gmt":"2024-11-18T17:30:22","guid":{"rendered":"https:\/\/jumandeadsea.com\/product\/gommage-de-luxe-au-the-vert-avec-des-mineraux-de-la-mer-morte\/"},"modified":"2024-11-18T17:30:22","modified_gmt":"2024-11-18T17:30:22","slug":"gommage-de-luxe-au-the-vert-avec-des-mineraux-de-la-mer-morte","status":"publish","type":"product","link":"https:\/\/jumandeadsea.com\/fr\/produit\/gommage-de-luxe-au-the-vert-avec-des-mineraux-de-la-mer-morte\/","title":{"rendered":"Gommage De Luxe Au Th\u00c9 Vert Avec Des Min\u00c9raux De La Mer Morte"},"content":{"rendered":"\n    <div class=\"shortcode-accordion\">\n        <h3 class=\"accordion-header\">Ingr\u00e9dients<\/h3>\n        <div class=\"accordion-content\" style=\"display: none;\">\n            \n<p>Maris Sal (sel de la mer morte), Helianthus Annuus (huile de tournesol), Aloe Barbadensis (huile de feuilles d&rsquo;Aloe Vera), Camellia Sinensis (extrait de th\u00e9 vert), Theobroma Cacao (beurre de cacao), Argania Spinosa (Argan) Kernel Oil, Butyrospermum Parkii (Shea Butter) Fruit, Prunus Amygdalus Dulcis (Sweet Almond) Oil, Ascorbic Acid (Vitamin C), Tocopherol (Vitamin E), Peppermint (Mentha Piperita) Essential Oil.<\/p>\n<ul>\n<li>Maris Sal (sel de la mer morte) : Les sels organiques riches en magn\u00e9sium am\u00e9liorent l&rsquo;hydratation de la peau et r\u00e9duisent l&rsquo;inflammation des peaux s\u00e8ches.<\/li>\n<li>Helianthus Annuus (Sunflower) Seed Oil : une grande source de vitamine E, riche en nutriments et en antioxydants, efficace pour combattre les probl\u00e8mes de peau. Elle poss\u00e8de \u00e9galement des propri\u00e9t\u00e9s \u00e9mollientes qui aident la peau \u00e0 conserver son hydratation.<\/li>\n<li>Huile de feuilles d&rsquo;aloe vera : elle poss\u00e8de de puissantes propri\u00e9t\u00e9s curatives qui se sont av\u00e9r\u00e9es efficaces pour traiter les coups de soleil et r\u00e9duire la visibilit\u00e9 des cicatrices ; elle sert \u00e9galement d&rsquo;agent hydratant.<\/li>\n<li>Extrait de Camellia Sinensis (th\u00e9 vert) : c&rsquo;est l&rsquo;un des antioxydants les plus puissants, il aide \u00e0 prot\u00e9ger votre peau contre les polluants environnementaux. C&rsquo;est \u00e9galement un agent anti-inflammatoire, il apaise donc votre peau et aide \u00e0 pr\u00e9venir les rougeurs.<\/li>\n<li>Beurre de cacao : il contient de grandes quantit\u00e9s d&rsquo;antioxydants qui aident \u00e0 r\u00e9parer la peau des dommages caus\u00e9s par le soleil et le vieillissement ; il apaise \u00e9galement les rougeurs et les imperfections.<\/li>\n<li>Huile de noyau d&rsquo;argan : huile riche en acides gras essentiels, elle nourrit la peau, prot\u00e8ge son \u00e9lasticit\u00e9 et r\u00e9duit l&rsquo;apparence des rides et ridules.<\/li>\n<li>Beurre de karit\u00e9 : excellent hydratant naturel pour le visage et le corps, il r\u00e9duit les rides et combat les signes de vieillissement, et restaure l&rsquo;\u00e9lasticit\u00e9 de la peau.<\/li>\n<li>Huile d&rsquo;amande douce : une huile l\u00e9g\u00e8re respectueuse de la peau qui aide votre peau \u00e0 para\u00eetre lisse, douce et sans ridules.<\/li>\n<li>Acide ascorbique (vitamine C) : il a un effet rajeunissant sur la peau en am\u00e9liorant la synth\u00e8se du collag\u00e8ne dans la peau, ce qui ralentit le vieillissement. Il limite \u00e9galement les dommages caus\u00e9s \u00e0 la peau par les radicaux libres.<\/li>\n<li>Vitamine E : cette vitamine liposoluble peut \u00eatre absorb\u00e9e par la peau. C&rsquo;est un antioxydant b\u00e9n\u00e9fique qui aide \u00e0 r\u00e9duire les dommages caus\u00e9s par les UV et le soleil sur la peau.<\/li>\n<li>Huile essentielle de menthe poivr\u00e9e (Mentha Piperita) : elle a des effets apaisants et rafra\u00eechissants qui rafra\u00eechissent la peau. Elle poss\u00e8de \u00e9galement des propri\u00e9t\u00e9s qui facilitent la s\u00e9cr\u00e9tion de s\u00e9bum, ce qui en fait un composant efficace contre l&rsquo;acn\u00e9. <\/li>\n<\/ul>\n<p>\n        <\/div>\n    <\/div><br \/>\n\n    <div class=\"shortcode-accordion\">\n        <h3 class=\"accordion-header\">Mode d&#039;emploi :<\/h3>\n        <div class=\"accordion-content\" style=\"display: none;\">\n            <\/p>\n<p>M\u00e9langez d&rsquo;abord les produits \u00e9pluch\u00e9s. Appliquez g\u00e9n\u00e9reusement sur la zone du corps souhait\u00e9e (de pr\u00e9f\u00e9rence sur une peau s\u00e8che et propre). Massez doucement en effectuant des mouvements circulaires, laissez le gommage sur votre peau pendant quelques minutes puis rincez \u00e0 l&rsquo;eau ti\u00e8de. Il est recommand\u00e9 de l&rsquo;utiliser 1 \u00e0 2 fois par semaine.   <\/p>\n<p>\n        <\/div>\n    <\/div><br \/>\n\n    <div class=\"shortcode-accordion\">\n        <h3 class=\"accordion-header\">Informations sur le produit<\/h3>\n        <div class=\"accordion-content\" style=\"display: none;\">\n            <\/p>\n<p>&#8211; CPNP : 3774122<\/p>\n<p>&#8211; Poids : 325gm<\/p>\n<p>\n        <\/div>\n    <\/div><\/p>\n","protected":false},"excerpt":{"rendered":"<p>Notre gommage corporel au th\u00e9 vert, enti\u00e8rement naturel, associe les min\u00e9raux de la mer Morte aux propri\u00e9t\u00e9s curatives de l&rsquo;extrait de th\u00e9 vert et \u00e0 de riches huiles essentielles telles que l&rsquo;huile de menthe poivr\u00e9e, l&rsquo;huile d&rsquo;argan et l&rsquo;huile de tournesol pour am\u00e9liorer et r\u00e9g\u00e9n\u00e9rer votre peau, soulager les rougeurs et hydrater tout en offrant une protection antioxydante.<\/p>\n","protected":false},"featured_media":1773,"comment_status":"open","ping_status":"closed","template":"","meta":{"_et_pb_use_builder":"","_et_pb_old_content":"","_et_gb_content_width":""},"product_brand":[],"product_cat":[101,99],"product_tag":[],"class_list":{"0":"post-326687","1":"product","2":"type-product","3":"status-publish","4":"has-post-thumbnail","6":"product_cat-gommages-corporels","7":"product_cat-soins-du-corps","9":"first","10":"instock","11":"shipping-taxable","12":"purchasable","13":"product-type-simple"},"yoast_head":"<!-- This site is optimized with the Yoast SEO plugin v27.3 - https:\/\/yoast.com\/product\/yoast-seo-wordpress\/ -->\n<title>GOMMAGE DE LUXE AU TH\u00c9 VERT AVEC DES MIN\u00c9RAUX DE LA MER MORTE - Juman Dead Sea<\/title>\n<meta name=\"robots\" content=\"index, follow, max-snippet:-1, max-image-preview:large, max-video-preview:-1\" \/>\n<link rel=\"canonical\" href=\"https:\/\/jumandeadsea.com\/fr\/produit\/gommage-de-luxe-au-the-vert-avec-des-mineraux-de-la-mer-morte\/\" \/>\n<meta property=\"og:locale\" content=\"fr_FR\" \/>\n<meta property=\"og:type\" content=\"article\" \/>\n<meta property=\"og:title\" content=\"GOMMAGE DE LUXE AU TH\u00c9 VERT AVEC DES MIN\u00c9RAUX DE LA MER MORTE - Juman Dead Sea\" \/>\n<meta property=\"og:description\" content=\"Notre gommage corporel au th\u00e9 vert, enti\u00e8rement naturel, associe les min\u00e9raux de la mer Morte aux propri\u00e9t\u00e9s curatives de l&#039;extrait de th\u00e9 vert et \u00e0 de riches huiles essentielles telles que l&#039;huile de menthe poivr\u00e9e, l&#039;huile d&#039;argan et l&#039;huile de tournesol pour am\u00e9liorer et r\u00e9g\u00e9n\u00e9rer votre peau, soulager les rougeurs et hydrater tout en offrant une protection antioxydante.\" \/>\n<meta property=\"og:url\" content=\"https:\/\/jumandeadsea.com\/fr\/produit\/gommage-de-luxe-au-the-vert-avec-des-mineraux-de-la-mer-morte\/\" \/>\n<meta property=\"og:site_name\" content=\"Juman Dead Sea\" \/>\n<meta name=\"twitter:card\" content=\"summary_large_image\" \/>\n<meta name=\"twitter:label1\" content=\"Dur\u00e9e de lecture estim\u00e9e\" \/>\n\t<meta name=\"twitter:data1\" content=\"3 minutes\" \/>\n<script type=\"application\/ld+json\" class=\"yoast-schema-graph\">{\"@context\":\"https:\\\/\\\/schema.org\",\"@graph\":[{\"@type\":\"WebPage\",\"@id\":\"https:\\\/\\\/jumandeadsea.com\\\/fr\\\/produit\\\/gommage-de-luxe-au-the-vert-avec-des-mineraux-de-la-mer-morte\\\/\",\"url\":\"https:\\\/\\\/jumandeadsea.com\\\/fr\\\/produit\\\/gommage-de-luxe-au-the-vert-avec-des-mineraux-de-la-mer-morte\\\/\",\"name\":\"GOMMAGE DE LUXE AU TH\u00c9 VERT AVEC DES MIN\u00c9RAUX DE LA MER MORTE - Juman Dead Sea\",\"isPartOf\":{\"@id\":\"https:\\\/\\\/jumandeadsea.com\\\/fr\\\/#website\"},\"primaryImageOfPage\":{\"@id\":\"https:\\\/\\\/jumandeadsea.com\\\/fr\\\/produit\\\/gommage-de-luxe-au-the-vert-avec-des-mineraux-de-la-mer-morte\\\/#primaryimage\"},\"image\":{\"@id\":\"https:\\\/\\\/jumandeadsea.com\\\/fr\\\/produit\\\/gommage-de-luxe-au-the-vert-avec-des-mineraux-de-la-mer-morte\\\/#primaryimage\"},\"thumbnailUrl\":\"https:\\\/\\\/jumandeadsea.com\\\/wp-content\\\/uploads\\\/GREEN-TEA-BODY-SCRUB-_FRONT.png\",\"datePublished\":\"2024-11-18T17:30:22+00:00\",\"breadcrumb\":{\"@id\":\"https:\\\/\\\/jumandeadsea.com\\\/fr\\\/produit\\\/gommage-de-luxe-au-the-vert-avec-des-mineraux-de-la-mer-morte\\\/#breadcrumb\"},\"inLanguage\":\"fr-FR\",\"potentialAction\":[{\"@type\":\"ReadAction\",\"target\":[\"https:\\\/\\\/jumandeadsea.com\\\/fr\\\/produit\\\/gommage-de-luxe-au-the-vert-avec-des-mineraux-de-la-mer-morte\\\/\"]}]},{\"@type\":\"ImageObject\",\"inLanguage\":\"fr-FR\",\"@id\":\"https:\\\/\\\/jumandeadsea.com\\\/fr\\\/produit\\\/gommage-de-luxe-au-the-vert-avec-des-mineraux-de-la-mer-morte\\\/#primaryimage\",\"url\":\"https:\\\/\\\/jumandeadsea.com\\\/wp-content\\\/uploads\\\/GREEN-TEA-BODY-SCRUB-_FRONT.png\",\"contentUrl\":\"https:\\\/\\\/jumandeadsea.com\\\/wp-content\\\/uploads\\\/GREEN-TEA-BODY-SCRUB-_FRONT.png\",\"width\":1600,\"height\":1600,\"caption\":\"Juman\u2019s Green Tea Body Scrub detoxifies and smooths skin with the power of Dead Sea minerals and green tea antioxidants.\"},{\"@type\":\"BreadcrumbList\",\"@id\":\"https:\\\/\\\/jumandeadsea.com\\\/fr\\\/produit\\\/gommage-de-luxe-au-the-vert-avec-des-mineraux-de-la-mer-morte\\\/#breadcrumb\",\"itemListElement\":[{\"@type\":\"ListItem\",\"position\":1,\"name\":\"Home\",\"item\":\"https:\\\/\\\/jumandeadsea.com\\\/fr\\\/\"},{\"@type\":\"ListItem\",\"position\":2,\"name\":\"Boutique\",\"item\":\"https:\\\/\\\/jumandeadsea.com\\\/shop\\\/\"},{\"@type\":\"ListItem\",\"position\":3,\"name\":\"Gommage De Luxe Au Th\u00c9 Vert Avec Des Min\u00c9raux De La Mer Morte\"}]},{\"@type\":\"WebSite\",\"@id\":\"https:\\\/\\\/jumandeadsea.com\\\/fr\\\/#website\",\"url\":\"https:\\\/\\\/jumandeadsea.com\\\/fr\\\/\",\"name\":\"Juman Dead Sea\",\"description\":\"Authentic Dead Sea Mineral Skincare for Sensitive, Healthy Skin\",\"potentialAction\":[{\"@type\":\"SearchAction\",\"target\":{\"@type\":\"EntryPoint\",\"urlTemplate\":\"https:\\\/\\\/jumandeadsea.com\\\/fr\\\/?s={search_term_string}\"},\"query-input\":{\"@type\":\"PropertyValueSpecification\",\"valueRequired\":true,\"valueName\":\"search_term_string\"}}],\"inLanguage\":\"fr-FR\"}]}<\/script>\n<!-- \/ Yoast SEO plugin. -->","yoast_head_json":{"title":"GOMMAGE DE LUXE AU TH\u00c9 VERT AVEC DES MIN\u00c9RAUX DE LA MER MORTE - Juman Dead Sea","robots":{"index":"index","follow":"follow","max-snippet":"max-snippet:-1","max-image-preview":"max-image-preview:large","max-video-preview":"max-video-preview:-1"},"canonical":"https:\/\/jumandeadsea.com\/fr\/produit\/gommage-de-luxe-au-the-vert-avec-des-mineraux-de-la-mer-morte\/","og_locale":"fr_FR","og_type":"article","og_title":"GOMMAGE DE LUXE AU TH\u00c9 VERT AVEC DES MIN\u00c9RAUX DE LA MER MORTE - Juman Dead Sea","og_description":"Notre gommage corporel au th\u00e9 vert, enti\u00e8rement naturel, associe les min\u00e9raux de la mer Morte aux propri\u00e9t\u00e9s curatives de l'extrait de th\u00e9 vert et \u00e0 de riches huiles essentielles telles que l'huile de menthe poivr\u00e9e, l'huile d'argan et l'huile de tournesol pour am\u00e9liorer et r\u00e9g\u00e9n\u00e9rer votre peau, soulager les rougeurs et hydrater tout en offrant une protection antioxydante.","og_url":"https:\/\/jumandeadsea.com\/fr\/produit\/gommage-de-luxe-au-the-vert-avec-des-mineraux-de-la-mer-morte\/","og_site_name":"Juman Dead Sea","twitter_card":"summary_large_image","twitter_misc":{"Dur\u00e9e de lecture estim\u00e9e":"3 minutes"},"schema":{"@context":"https:\/\/schema.org","@graph":[{"@type":"WebPage","@id":"https:\/\/jumandeadsea.com\/fr\/produit\/gommage-de-luxe-au-the-vert-avec-des-mineraux-de-la-mer-morte\/","url":"https:\/\/jumandeadsea.com\/fr\/produit\/gommage-de-luxe-au-the-vert-avec-des-mineraux-de-la-mer-morte\/","name":"GOMMAGE DE LUXE AU TH\u00c9 VERT AVEC DES MIN\u00c9RAUX DE LA MER MORTE - Juman Dead Sea","isPartOf":{"@id":"https:\/\/jumandeadsea.com\/fr\/#website"},"primaryImageOfPage":{"@id":"https:\/\/jumandeadsea.com\/fr\/produit\/gommage-de-luxe-au-the-vert-avec-des-mineraux-de-la-mer-morte\/#primaryimage"},"image":{"@id":"https:\/\/jumandeadsea.com\/fr\/produit\/gommage-de-luxe-au-the-vert-avec-des-mineraux-de-la-mer-morte\/#primaryimage"},"thumbnailUrl":"https:\/\/jumandeadsea.com\/wp-content\/uploads\/GREEN-TEA-BODY-SCRUB-_FRONT.png","datePublished":"2024-11-18T17:30:22+00:00","breadcrumb":{"@id":"https:\/\/jumandeadsea.com\/fr\/produit\/gommage-de-luxe-au-the-vert-avec-des-mineraux-de-la-mer-morte\/#breadcrumb"},"inLanguage":"fr-FR","potentialAction":[{"@type":"ReadAction","target":["https:\/\/jumandeadsea.com\/fr\/produit\/gommage-de-luxe-au-the-vert-avec-des-mineraux-de-la-mer-morte\/"]}]},{"@type":"ImageObject","inLanguage":"fr-FR","@id":"https:\/\/jumandeadsea.com\/fr\/produit\/gommage-de-luxe-au-the-vert-avec-des-mineraux-de-la-mer-morte\/#primaryimage","url":"https:\/\/jumandeadsea.com\/wp-content\/uploads\/GREEN-TEA-BODY-SCRUB-_FRONT.png","contentUrl":"https:\/\/jumandeadsea.com\/wp-content\/uploads\/GREEN-TEA-BODY-SCRUB-_FRONT.png","width":1600,"height":1600,"caption":"Juman\u2019s Green Tea Body Scrub detoxifies and smooths skin with the power of Dead Sea minerals and green tea antioxidants."},{"@type":"BreadcrumbList","@id":"https:\/\/jumandeadsea.com\/fr\/produit\/gommage-de-luxe-au-the-vert-avec-des-mineraux-de-la-mer-morte\/#breadcrumb","itemListElement":[{"@type":"ListItem","position":1,"name":"Home","item":"https:\/\/jumandeadsea.com\/fr\/"},{"@type":"ListItem","position":2,"name":"Boutique","item":"https:\/\/jumandeadsea.com\/shop\/"},{"@type":"ListItem","position":3,"name":"Gommage De Luxe Au Th\u00c9 Vert Avec Des Min\u00c9raux De La Mer Morte"}]},{"@type":"WebSite","@id":"https:\/\/jumandeadsea.com\/fr\/#website","url":"https:\/\/jumandeadsea.com\/fr\/","name":"Juman Dead Sea","description":"Authentic Dead Sea Mineral Skincare for Sensitive, Healthy Skin","potentialAction":[{"@type":"SearchAction","target":{"@type":"EntryPoint","urlTemplate":"https:\/\/jumandeadsea.com\/fr\/?s={search_term_string}"},"query-input":{"@type":"PropertyValueSpecification","valueRequired":true,"valueName":"search_term_string"}}],"inLanguage":"fr-FR"}]}},"_links":{"self":[{"href":"https:\/\/jumandeadsea.com\/fr\/wp-json\/wp\/v2\/product\/326687","targetHints":{"allow":["GET"]}}],"collection":[{"href":"https:\/\/jumandeadsea.com\/fr\/wp-json\/wp\/v2\/product"}],"about":[{"href":"https:\/\/jumandeadsea.com\/fr\/wp-json\/wp\/v2\/types\/product"}],"replies":[{"embeddable":true,"href":"https:\/\/jumandeadsea.com\/fr\/wp-json\/wp\/v2\/comments?post=326687"}],"wp:featuredmedia":[{"embeddable":true,"href":"https:\/\/jumandeadsea.com\/fr\/wp-json\/wp\/v2\/media\/1773"}],"wp:attachment":[{"href":"https:\/\/jumandeadsea.com\/fr\/wp-json\/wp\/v2\/media?parent=326687"}],"wp:term":[{"taxonomy":"product_brand","embeddable":true,"href":"https:\/\/jumandeadsea.com\/fr\/wp-json\/wp\/v2\/product_brand?post=326687"},{"taxonomy":"product_cat","embeddable":true,"href":"https:\/\/jumandeadsea.com\/fr\/wp-json\/wp\/v2\/product_cat?post=326687"},{"taxonomy":"product_tag","embeddable":true,"href":"https:\/\/jumandeadsea.com\/fr\/wp-json\/wp\/v2\/product_tag?post=326687"}],"curies":[{"name":"wp","href":"https:\/\/api.w.org\/{rel}","templated":true}]}}