{"id":326684,"date":"2024-11-18T17:30:21","date_gmt":"2024-11-18T17:30:21","guid":{"rendered":"https:\/\/jumandeadsea.com\/product\/lotion-au-karite-pour-les-mains-et-le-corps-un-charme-impressionnant\/"},"modified":"2024-11-18T17:30:21","modified_gmt":"2024-11-18T17:30:21","slug":"lotion-au-karite-pour-les-mains-et-le-corps-un-charme-impressionnant","status":"publish","type":"product","link":"https:\/\/jumandeadsea.com\/fr\/produit\/lotion-au-karite-pour-les-mains-et-le-corps-un-charme-impressionnant\/","title":{"rendered":"Lotion Au Karit\u00c9 Pour Les Mains Et Le Corps &#8211; Un Charme Impressionnant"},"content":{"rendered":"\n    <div class=\"shortcode-accordion\">\n        <h3 class=\"accordion-header\">Ingr\u00e9dients<\/h3>\n        <div class=\"accordion-content\" style=\"display: none;\">\n            \n<p>Theobroma Cacao (beurre de cacao), Butyrospermum Parkii (beurre de karit\u00e9), Maris Sal (sel de la mer morte), Prunus Amygdalus Dulcis (huile d&rsquo;amande douce), Tocopherol (vitamine E), Lavandula Angustifolia (huile de lavande).<\/p>\n<ul>\n<li><em>Sel de la mer morte : <\/em>Les sels organiques riches en magn\u00e9sium am\u00e9liorent l&rsquo;hydratation de la peau et r\u00e9duisent l&rsquo;inflammation des peaux s\u00e8ches.<\/li>\n<li><em>Beurre de cacao :<\/em> il contient de grandes quantit\u00e9s d&rsquo;antioxydants qui aident \u00e0 r\u00e9parer la peau des dommages caus\u00e9s par le soleil et le vieillissement. Il apaise \u00e9galement les rougeurs et les imperfections et hydrate la peau.<\/li>\n<li><em>Beurre de karit\u00e9 : <\/em>c&rsquo;est un excellent hydratant naturel pour le visage et le corps, il r\u00e9duit les rides et lutte contre le vieillissement, et restaure l&rsquo;\u00e9lasticit\u00e9 de la peau.<\/li>\n<li><em>Huile d&rsquo;amande douce :<\/em> une huile l\u00e9g\u00e8re respectueuse de la peau qui aide votre peau \u00e0 para\u00eetre lisse, douce et sans ridules.<\/li>\n<li><em>Vitamine E :<\/em> cette vitamine liposoluble peut \u00eatre absorb\u00e9e par la peau. C&rsquo;est un antioxydant b\u00e9n\u00e9fique qui aide \u00e0 r\u00e9duire les dommages caus\u00e9s par les UV et le soleil sur la peau.<\/li>\n<li>Huile de lavande : poss\u00e8de des propri\u00e9t\u00e9s antimicrobiennes naturelles qui aident \u00e0 rafra\u00eechir et \u00e0 neutraliser la peau. Elle aide \u00e0 gu\u00e9rir les \u00e9ruptions d&rsquo;acn\u00e9, les coups de soleil et la peau s\u00e8che, tout en d\u00e9gageant un parfum apaisant.<\/li>\n<\/ul>\n<p>\n        <\/div>\n    <\/div><br \/>\n\n    <div class=\"shortcode-accordion\">\n        <h3 class=\"accordion-header\">Mode d&#039;emploi :<\/h3>\n        <div class=\"accordion-content\" style=\"display: none;\">\n            <\/p>\n<p>Appliquez une quantit\u00e9 appropri\u00e9e sur la zone souhait\u00e9e du bout des doigts, puis massez doucement par de l\u00e9gers mouvements circulaires pour vous assurer qu&rsquo;elle est compl\u00e8tement absorb\u00e9e. Vous pouvez l&rsquo;utiliser apr\u00e8s le bain ou \u00e0 chaque fois que votre peau a besoin d&rsquo;\u00eatre hydrat\u00e9e. <\/p>\n<p>\n        <\/div>\n    <\/div><br \/>\n\n    <div class=\"shortcode-accordion\">\n        <h3 class=\"accordion-header\">Informations sur le produit<\/h3>\n        <div class=\"accordion-content\" style=\"display: none;\">\n            <\/p>\n<p>&#8211; CPNP : 3939573<\/p>\n<p>&#8211; Poids : 350 ml<\/p>\n<p>\n        <\/div>\n    <\/div><\/p>\n","protected":false},"excerpt":{"rendered":"<p>Cet hydratant doux, non gras et \u00e0 absorption rapide exploite les bienfaits du beurre de karit\u00e9, du beurre de cacao et des sels de la mer Morte pour minimiser le dess\u00e8chement et prot\u00e9ger contre les ger\u00e7ures lorsqu&rsquo;il est utilis\u00e9 r\u00e9guli\u00e8rement, laissant la peau incroyablement douce, lisse et nourrie.<\/p>\n<p><strong>CHARME IMPRESSIONNANT<\/strong><\/p>\n","protected":false},"featured_media":1981,"comment_status":"open","ping_status":"closed","template":"","meta":{"_et_pb_use_builder":"","_et_pb_old_content":"","_et_gb_content_width":""},"product_brand":[],"product_cat":[112,99],"product_tag":[],"class_list":{"0":"post-326684","1":"product","2":"type-product","3":"status-publish","4":"has-post-thumbnail","6":"product_cat-lotion-corporelle-au-karite","7":"product_cat-soins-du-corps","9":"first","10":"instock","11":"shipping-taxable","12":"purchasable","13":"product-type-simple"},"yoast_head":"<!-- This site is optimized with the Yoast SEO plugin v27.3 - https:\/\/yoast.com\/product\/yoast-seo-wordpress\/ -->\n<title>LOTION AU KARIT\u00c9 POUR LES MAINS ET LE CORPS - UN CHARME IMPRESSIONNANT - Juman Dead Sea<\/title>\n<meta name=\"robots\" content=\"index, follow, max-snippet:-1, max-image-preview:large, max-video-preview:-1\" \/>\n<link rel=\"canonical\" href=\"https:\/\/jumandeadsea.com\/fr\/produit\/lotion-au-karite-pour-les-mains-et-le-corps-un-charme-impressionnant\/\" \/>\n<meta property=\"og:locale\" content=\"fr_FR\" \/>\n<meta property=\"og:type\" content=\"article\" \/>\n<meta property=\"og:title\" content=\"LOTION AU KARIT\u00c9 POUR LES MAINS ET LE CORPS - UN CHARME IMPRESSIONNANT - Juman Dead Sea\" \/>\n<meta property=\"og:description\" content=\"Cet hydratant doux, non gras et \u00e0 absorption rapide exploite les bienfaits du beurre de karit\u00e9, du beurre de cacao et des sels de la mer Morte pour minimiser le dess\u00e8chement et prot\u00e9ger contre les ger\u00e7ures lorsqu&#039;il est utilis\u00e9 r\u00e9guli\u00e8rement, laissant la peau incroyablement douce, lisse et nourrie. CHARME IMPRESSIONNANT\" \/>\n<meta property=\"og:url\" content=\"https:\/\/jumandeadsea.com\/fr\/produit\/lotion-au-karite-pour-les-mains-et-le-corps-un-charme-impressionnant\/\" \/>\n<meta property=\"og:site_name\" content=\"Juman Dead Sea\" \/>\n<meta name=\"twitter:card\" content=\"summary_large_image\" \/>\n<meta name=\"twitter:label1\" content=\"Dur\u00e9e de lecture estim\u00e9e\" \/>\n\t<meta name=\"twitter:data1\" content=\"1 minute\" \/>\n<script type=\"application\/ld+json\" class=\"yoast-schema-graph\">{\"@context\":\"https:\\\/\\\/schema.org\",\"@graph\":[{\"@type\":\"WebPage\",\"@id\":\"https:\\\/\\\/jumandeadsea.com\\\/fr\\\/produit\\\/lotion-au-karite-pour-les-mains-et-le-corps-un-charme-impressionnant\\\/\",\"url\":\"https:\\\/\\\/jumandeadsea.com\\\/fr\\\/produit\\\/lotion-au-karite-pour-les-mains-et-le-corps-un-charme-impressionnant\\\/\",\"name\":\"LOTION AU KARIT\u00c9 POUR LES MAINS ET LE CORPS - UN CHARME IMPRESSIONNANT - Juman Dead Sea\",\"isPartOf\":{\"@id\":\"https:\\\/\\\/jumandeadsea.com\\\/fr\\\/#website\"},\"primaryImageOfPage\":{\"@id\":\"https:\\\/\\\/jumandeadsea.com\\\/fr\\\/produit\\\/lotion-au-karite-pour-les-mains-et-le-corps-un-charme-impressionnant\\\/#primaryimage\"},\"image\":{\"@id\":\"https:\\\/\\\/jumandeadsea.com\\\/fr\\\/produit\\\/lotion-au-karite-pour-les-mains-et-le-corps-un-charme-impressionnant\\\/#primaryimage\"},\"thumbnailUrl\":\"https:\\\/\\\/jumandeadsea.com\\\/wp-content\\\/uploads\\\/692-4.png\",\"datePublished\":\"2024-11-18T17:30:21+00:00\",\"breadcrumb\":{\"@id\":\"https:\\\/\\\/jumandeadsea.com\\\/fr\\\/produit\\\/lotion-au-karite-pour-les-mains-et-le-corps-un-charme-impressionnant\\\/#breadcrumb\"},\"inLanguage\":\"fr-FR\",\"potentialAction\":[{\"@type\":\"ReadAction\",\"target\":[\"https:\\\/\\\/jumandeadsea.com\\\/fr\\\/produit\\\/lotion-au-karite-pour-les-mains-et-le-corps-un-charme-impressionnant\\\/\"]}]},{\"@type\":\"ImageObject\",\"inLanguage\":\"fr-FR\",\"@id\":\"https:\\\/\\\/jumandeadsea.com\\\/fr\\\/produit\\\/lotion-au-karite-pour-les-mains-et-le-corps-un-charme-impressionnant\\\/#primaryimage\",\"url\":\"https:\\\/\\\/jumandeadsea.com\\\/wp-content\\\/uploads\\\/692-4.png\",\"contentUrl\":\"https:\\\/\\\/jumandeadsea.com\\\/wp-content\\\/uploads\\\/692-4.png\",\"width\":790,\"height\":1552},{\"@type\":\"BreadcrumbList\",\"@id\":\"https:\\\/\\\/jumandeadsea.com\\\/fr\\\/produit\\\/lotion-au-karite-pour-les-mains-et-le-corps-un-charme-impressionnant\\\/#breadcrumb\",\"itemListElement\":[{\"@type\":\"ListItem\",\"position\":1,\"name\":\"Home\",\"item\":\"https:\\\/\\\/jumandeadsea.com\\\/fr\\\/\"},{\"@type\":\"ListItem\",\"position\":2,\"name\":\"Boutique\",\"item\":\"https:\\\/\\\/jumandeadsea.com\\\/shop\\\/\"},{\"@type\":\"ListItem\",\"position\":3,\"name\":\"Lotion Au Karit\u00c9 Pour Les Mains Et Le Corps &#8211; Un Charme Impressionnant\"}]},{\"@type\":\"WebSite\",\"@id\":\"https:\\\/\\\/jumandeadsea.com\\\/fr\\\/#website\",\"url\":\"https:\\\/\\\/jumandeadsea.com\\\/fr\\\/\",\"name\":\"Juman Dead Sea\",\"description\":\"Authentic Dead Sea Mineral Skincare for Sensitive, Healthy Skin\",\"potentialAction\":[{\"@type\":\"SearchAction\",\"target\":{\"@type\":\"EntryPoint\",\"urlTemplate\":\"https:\\\/\\\/jumandeadsea.com\\\/fr\\\/?s={search_term_string}\"},\"query-input\":{\"@type\":\"PropertyValueSpecification\",\"valueRequired\":true,\"valueName\":\"search_term_string\"}}],\"inLanguage\":\"fr-FR\"}]}<\/script>\n<!-- \/ Yoast SEO plugin. -->","yoast_head_json":{"title":"LOTION AU KARIT\u00c9 POUR LES MAINS ET LE CORPS - UN CHARME IMPRESSIONNANT - Juman Dead Sea","robots":{"index":"index","follow":"follow","max-snippet":"max-snippet:-1","max-image-preview":"max-image-preview:large","max-video-preview":"max-video-preview:-1"},"canonical":"https:\/\/jumandeadsea.com\/fr\/produit\/lotion-au-karite-pour-les-mains-et-le-corps-un-charme-impressionnant\/","og_locale":"fr_FR","og_type":"article","og_title":"LOTION AU KARIT\u00c9 POUR LES MAINS ET LE CORPS - UN CHARME IMPRESSIONNANT - Juman Dead Sea","og_description":"Cet hydratant doux, non gras et \u00e0 absorption rapide exploite les bienfaits du beurre de karit\u00e9, du beurre de cacao et des sels de la mer Morte pour minimiser le dess\u00e8chement et prot\u00e9ger contre les ger\u00e7ures lorsqu'il est utilis\u00e9 r\u00e9guli\u00e8rement, laissant la peau incroyablement douce, lisse et nourrie. CHARME IMPRESSIONNANT","og_url":"https:\/\/jumandeadsea.com\/fr\/produit\/lotion-au-karite-pour-les-mains-et-le-corps-un-charme-impressionnant\/","og_site_name":"Juman Dead Sea","twitter_card":"summary_large_image","twitter_misc":{"Dur\u00e9e de lecture estim\u00e9e":"1 minute"},"schema":{"@context":"https:\/\/schema.org","@graph":[{"@type":"WebPage","@id":"https:\/\/jumandeadsea.com\/fr\/produit\/lotion-au-karite-pour-les-mains-et-le-corps-un-charme-impressionnant\/","url":"https:\/\/jumandeadsea.com\/fr\/produit\/lotion-au-karite-pour-les-mains-et-le-corps-un-charme-impressionnant\/","name":"LOTION AU KARIT\u00c9 POUR LES MAINS ET LE CORPS - UN CHARME IMPRESSIONNANT - Juman Dead Sea","isPartOf":{"@id":"https:\/\/jumandeadsea.com\/fr\/#website"},"primaryImageOfPage":{"@id":"https:\/\/jumandeadsea.com\/fr\/produit\/lotion-au-karite-pour-les-mains-et-le-corps-un-charme-impressionnant\/#primaryimage"},"image":{"@id":"https:\/\/jumandeadsea.com\/fr\/produit\/lotion-au-karite-pour-les-mains-et-le-corps-un-charme-impressionnant\/#primaryimage"},"thumbnailUrl":"https:\/\/jumandeadsea.com\/wp-content\/uploads\/692-4.png","datePublished":"2024-11-18T17:30:21+00:00","breadcrumb":{"@id":"https:\/\/jumandeadsea.com\/fr\/produit\/lotion-au-karite-pour-les-mains-et-le-corps-un-charme-impressionnant\/#breadcrumb"},"inLanguage":"fr-FR","potentialAction":[{"@type":"ReadAction","target":["https:\/\/jumandeadsea.com\/fr\/produit\/lotion-au-karite-pour-les-mains-et-le-corps-un-charme-impressionnant\/"]}]},{"@type":"ImageObject","inLanguage":"fr-FR","@id":"https:\/\/jumandeadsea.com\/fr\/produit\/lotion-au-karite-pour-les-mains-et-le-corps-un-charme-impressionnant\/#primaryimage","url":"https:\/\/jumandeadsea.com\/wp-content\/uploads\/692-4.png","contentUrl":"https:\/\/jumandeadsea.com\/wp-content\/uploads\/692-4.png","width":790,"height":1552},{"@type":"BreadcrumbList","@id":"https:\/\/jumandeadsea.com\/fr\/produit\/lotion-au-karite-pour-les-mains-et-le-corps-un-charme-impressionnant\/#breadcrumb","itemListElement":[{"@type":"ListItem","position":1,"name":"Home","item":"https:\/\/jumandeadsea.com\/fr\/"},{"@type":"ListItem","position":2,"name":"Boutique","item":"https:\/\/jumandeadsea.com\/shop\/"},{"@type":"ListItem","position":3,"name":"Lotion Au Karit\u00c9 Pour Les Mains Et Le Corps &#8211; Un Charme Impressionnant"}]},{"@type":"WebSite","@id":"https:\/\/jumandeadsea.com\/fr\/#website","url":"https:\/\/jumandeadsea.com\/fr\/","name":"Juman Dead Sea","description":"Authentic Dead Sea Mineral Skincare for Sensitive, Healthy Skin","potentialAction":[{"@type":"SearchAction","target":{"@type":"EntryPoint","urlTemplate":"https:\/\/jumandeadsea.com\/fr\/?s={search_term_string}"},"query-input":{"@type":"PropertyValueSpecification","valueRequired":true,"valueName":"search_term_string"}}],"inLanguage":"fr-FR"}]}},"_links":{"self":[{"href":"https:\/\/jumandeadsea.com\/fr\/wp-json\/wp\/v2\/product\/326684","targetHints":{"allow":["GET"]}}],"collection":[{"href":"https:\/\/jumandeadsea.com\/fr\/wp-json\/wp\/v2\/product"}],"about":[{"href":"https:\/\/jumandeadsea.com\/fr\/wp-json\/wp\/v2\/types\/product"}],"replies":[{"embeddable":true,"href":"https:\/\/jumandeadsea.com\/fr\/wp-json\/wp\/v2\/comments?post=326684"}],"wp:featuredmedia":[{"embeddable":true,"href":"https:\/\/jumandeadsea.com\/fr\/wp-json\/wp\/v2\/media\/1981"}],"wp:attachment":[{"href":"https:\/\/jumandeadsea.com\/fr\/wp-json\/wp\/v2\/media?parent=326684"}],"wp:term":[{"taxonomy":"product_brand","embeddable":true,"href":"https:\/\/jumandeadsea.com\/fr\/wp-json\/wp\/v2\/product_brand?post=326684"},{"taxonomy":"product_cat","embeddable":true,"href":"https:\/\/jumandeadsea.com\/fr\/wp-json\/wp\/v2\/product_cat?post=326684"},{"taxonomy":"product_tag","embeddable":true,"href":"https:\/\/jumandeadsea.com\/fr\/wp-json\/wp\/v2\/product_tag?post=326684"}],"curies":[{"name":"wp","href":"https:\/\/api.w.org\/{rel}","templated":true}]}}