{"id":326683,"date":"2024-11-18T17:30:20","date_gmt":"2024-11-18T17:30:20","guid":{"rendered":"https:\/\/jumandeadsea.com\/product\/coffret-cadeau-bijoux\/"},"modified":"2024-11-18T17:30:20","modified_gmt":"2024-11-18T17:30:20","slug":"coffret-cadeau-bijoux","status":"publish","type":"product","link":"https:\/\/jumandeadsea.com\/fr\/produit\/coffret-cadeau-bijoux\/","title":{"rendered":"Coffret Cadeau Bijoux"},"content":{"rendered":"\n    <div class=\"shortcode-accordion\">\n        <h3 class=\"accordion-header\">Informations sur le produit<\/h3>\n        <div class=\"accordion-content\" style=\"display: none;\">\n            <\/p>\n<p>&#8211; Poids : 50 ml par tube<\/p>\n<p>\n        <\/div>\n    <\/div>\n","protected":false},"excerpt":{"rendered":"<p>Offrez-le \u00e0 quelqu&rsquo;un de sp\u00e9cial et dessinez un sourire sur son visage. C&rsquo;est le coffret parfait pour vous aider \u00e0 garder vos mains, vos pieds et votre peau heureux et en bonne sant\u00e9.<br \/>\nIl comprend nos produits les plus vendus regroup\u00e9s dans cette \u00e9dition limit\u00e9e de Juman Jewels. Profitez de cette collection de :  <\/p>\n<ul>\n<li>Cr\u00e8me pour les mains aux min\u00e9raux de la mer morte<\/li>\n<li>Cr\u00e8me pour les pieds aux min\u00e9raux de la mer morte<\/li>\n<li>Cr\u00e8me de gommage aux min\u00e9raux de la mer morte<\/li>\n<\/ul>\n","protected":false},"featured_media":2070,"comment_status":"open","ping_status":"closed","template":"","meta":{"_et_pb_use_builder":"","_et_pb_old_content":"","_et_gb_content_width":""},"product_brand":[],"product_cat":[106,99],"product_tag":[],"class_list":{"0":"post-326683","1":"product","2":"type-product","3":"status-publish","4":"has-post-thumbnail","6":"product_cat-cremes-pour-le-corps","7":"product_cat-soins-du-corps","9":"first","10":"instock","11":"shipping-taxable","12":"purchasable","13":"product-type-simple"},"yoast_head":"<!-- This site is optimized with the Yoast SEO plugin v27.3 - https:\/\/yoast.com\/product\/yoast-seo-wordpress\/ -->\n<title>COFFRET CADEAU BIJOUX - Juman Dead Sea<\/title>\n<meta name=\"robots\" content=\"index, follow, max-snippet:-1, max-image-preview:large, max-video-preview:-1\" \/>\n<link rel=\"canonical\" href=\"https:\/\/jumandeadsea.com\/fr\/produit\/coffret-cadeau-bijoux\/\" \/>\n<meta property=\"og:locale\" content=\"fr_FR\" \/>\n<meta property=\"og:type\" content=\"article\" \/>\n<meta property=\"og:title\" content=\"COFFRET CADEAU BIJOUX - Juman Dead Sea\" \/>\n<meta property=\"og:description\" content=\"Offrez-le \u00e0 quelqu&#039;un de sp\u00e9cial et dessinez un sourire sur son visage. C&#039;est le coffret parfait pour vous aider \u00e0 garder vos mains, vos pieds et votre peau heureux et en bonne sant\u00e9. Il comprend nos produits les plus vendus regroup\u00e9s dans cette \u00e9dition limit\u00e9e de Juman Jewels. Profitez de cette collection de :   Cr\u00e8me pour les mains aux min\u00e9raux de la mer morte  Cr\u00e8me pour les pieds aux min\u00e9raux de la mer morte  Cr\u00e8me de gommage aux min\u00e9raux de la mer morte\" \/>\n<meta property=\"og:url\" content=\"https:\/\/jumandeadsea.com\/fr\/produit\/coffret-cadeau-bijoux\/\" \/>\n<meta property=\"og:site_name\" content=\"Juman Dead Sea\" \/>\n<meta name=\"twitter:card\" content=\"summary_large_image\" \/>\n<script type=\"application\/ld+json\" class=\"yoast-schema-graph\">{\"@context\":\"https:\\\/\\\/schema.org\",\"@graph\":[{\"@type\":\"WebPage\",\"@id\":\"https:\\\/\\\/jumandeadsea.com\\\/fr\\\/produit\\\/coffret-cadeau-bijoux\\\/\",\"url\":\"https:\\\/\\\/jumandeadsea.com\\\/fr\\\/produit\\\/coffret-cadeau-bijoux\\\/\",\"name\":\"COFFRET CADEAU BIJOUX - Juman Dead Sea\",\"isPartOf\":{\"@id\":\"https:\\\/\\\/jumandeadsea.com\\\/fr\\\/#website\"},\"primaryImageOfPage\":{\"@id\":\"https:\\\/\\\/jumandeadsea.com\\\/fr\\\/produit\\\/coffret-cadeau-bijoux\\\/#primaryimage\"},\"image\":{\"@id\":\"https:\\\/\\\/jumandeadsea.com\\\/fr\\\/produit\\\/coffret-cadeau-bijoux\\\/#primaryimage\"},\"thumbnailUrl\":\"https:\\\/\\\/jumandeadsea.com\\\/wp-content\\\/uploads\\\/THE-SET.png\",\"datePublished\":\"2024-11-18T17:30:20+00:00\",\"breadcrumb\":{\"@id\":\"https:\\\/\\\/jumandeadsea.com\\\/fr\\\/produit\\\/coffret-cadeau-bijoux\\\/#breadcrumb\"},\"inLanguage\":\"fr-FR\",\"potentialAction\":[{\"@type\":\"ReadAction\",\"target\":[\"https:\\\/\\\/jumandeadsea.com\\\/fr\\\/produit\\\/coffret-cadeau-bijoux\\\/\"]}]},{\"@type\":\"ImageObject\",\"inLanguage\":\"fr-FR\",\"@id\":\"https:\\\/\\\/jumandeadsea.com\\\/fr\\\/produit\\\/coffret-cadeau-bijoux\\\/#primaryimage\",\"url\":\"https:\\\/\\\/jumandeadsea.com\\\/wp-content\\\/uploads\\\/THE-SET.png\",\"contentUrl\":\"https:\\\/\\\/jumandeadsea.com\\\/wp-content\\\/uploads\\\/THE-SET.png\",\"width\":1080,\"height\":1080},{\"@type\":\"BreadcrumbList\",\"@id\":\"https:\\\/\\\/jumandeadsea.com\\\/fr\\\/produit\\\/coffret-cadeau-bijoux\\\/#breadcrumb\",\"itemListElement\":[{\"@type\":\"ListItem\",\"position\":1,\"name\":\"Home\",\"item\":\"https:\\\/\\\/jumandeadsea.com\\\/fr\\\/\"},{\"@type\":\"ListItem\",\"position\":2,\"name\":\"Boutique\",\"item\":\"https:\\\/\\\/jumandeadsea.com\\\/shop\\\/\"},{\"@type\":\"ListItem\",\"position\":3,\"name\":\"Coffret Cadeau Bijoux\"}]},{\"@type\":\"WebSite\",\"@id\":\"https:\\\/\\\/jumandeadsea.com\\\/fr\\\/#website\",\"url\":\"https:\\\/\\\/jumandeadsea.com\\\/fr\\\/\",\"name\":\"Juman Dead Sea\",\"description\":\"Authentic Dead Sea Mineral Skincare for Sensitive, Healthy Skin\",\"potentialAction\":[{\"@type\":\"SearchAction\",\"target\":{\"@type\":\"EntryPoint\",\"urlTemplate\":\"https:\\\/\\\/jumandeadsea.com\\\/fr\\\/?s={search_term_string}\"},\"query-input\":{\"@type\":\"PropertyValueSpecification\",\"valueRequired\":true,\"valueName\":\"search_term_string\"}}],\"inLanguage\":\"fr-FR\"}]}<\/script>\n<!-- \/ Yoast SEO plugin. -->","yoast_head_json":{"title":"COFFRET CADEAU BIJOUX - Juman Dead Sea","robots":{"index":"index","follow":"follow","max-snippet":"max-snippet:-1","max-image-preview":"max-image-preview:large","max-video-preview":"max-video-preview:-1"},"canonical":"https:\/\/jumandeadsea.com\/fr\/produit\/coffret-cadeau-bijoux\/","og_locale":"fr_FR","og_type":"article","og_title":"COFFRET CADEAU BIJOUX - Juman Dead Sea","og_description":"Offrez-le \u00e0 quelqu'un de sp\u00e9cial et dessinez un sourire sur son visage. C'est le coffret parfait pour vous aider \u00e0 garder vos mains, vos pieds et votre peau heureux et en bonne sant\u00e9. Il comprend nos produits les plus vendus regroup\u00e9s dans cette \u00e9dition limit\u00e9e de Juman Jewels. Profitez de cette collection de :   Cr\u00e8me pour les mains aux min\u00e9raux de la mer morte  Cr\u00e8me pour les pieds aux min\u00e9raux de la mer morte  Cr\u00e8me de gommage aux min\u00e9raux de la mer morte","og_url":"https:\/\/jumandeadsea.com\/fr\/produit\/coffret-cadeau-bijoux\/","og_site_name":"Juman Dead Sea","twitter_card":"summary_large_image","schema":{"@context":"https:\/\/schema.org","@graph":[{"@type":"WebPage","@id":"https:\/\/jumandeadsea.com\/fr\/produit\/coffret-cadeau-bijoux\/","url":"https:\/\/jumandeadsea.com\/fr\/produit\/coffret-cadeau-bijoux\/","name":"COFFRET CADEAU BIJOUX - Juman Dead Sea","isPartOf":{"@id":"https:\/\/jumandeadsea.com\/fr\/#website"},"primaryImageOfPage":{"@id":"https:\/\/jumandeadsea.com\/fr\/produit\/coffret-cadeau-bijoux\/#primaryimage"},"image":{"@id":"https:\/\/jumandeadsea.com\/fr\/produit\/coffret-cadeau-bijoux\/#primaryimage"},"thumbnailUrl":"https:\/\/jumandeadsea.com\/wp-content\/uploads\/THE-SET.png","datePublished":"2024-11-18T17:30:20+00:00","breadcrumb":{"@id":"https:\/\/jumandeadsea.com\/fr\/produit\/coffret-cadeau-bijoux\/#breadcrumb"},"inLanguage":"fr-FR","potentialAction":[{"@type":"ReadAction","target":["https:\/\/jumandeadsea.com\/fr\/produit\/coffret-cadeau-bijoux\/"]}]},{"@type":"ImageObject","inLanguage":"fr-FR","@id":"https:\/\/jumandeadsea.com\/fr\/produit\/coffret-cadeau-bijoux\/#primaryimage","url":"https:\/\/jumandeadsea.com\/wp-content\/uploads\/THE-SET.png","contentUrl":"https:\/\/jumandeadsea.com\/wp-content\/uploads\/THE-SET.png","width":1080,"height":1080},{"@type":"BreadcrumbList","@id":"https:\/\/jumandeadsea.com\/fr\/produit\/coffret-cadeau-bijoux\/#breadcrumb","itemListElement":[{"@type":"ListItem","position":1,"name":"Home","item":"https:\/\/jumandeadsea.com\/fr\/"},{"@type":"ListItem","position":2,"name":"Boutique","item":"https:\/\/jumandeadsea.com\/shop\/"},{"@type":"ListItem","position":3,"name":"Coffret Cadeau Bijoux"}]},{"@type":"WebSite","@id":"https:\/\/jumandeadsea.com\/fr\/#website","url":"https:\/\/jumandeadsea.com\/fr\/","name":"Juman Dead Sea","description":"Authentic Dead Sea Mineral Skincare for Sensitive, Healthy Skin","potentialAction":[{"@type":"SearchAction","target":{"@type":"EntryPoint","urlTemplate":"https:\/\/jumandeadsea.com\/fr\/?s={search_term_string}"},"query-input":{"@type":"PropertyValueSpecification","valueRequired":true,"valueName":"search_term_string"}}],"inLanguage":"fr-FR"}]}},"_links":{"self":[{"href":"https:\/\/jumandeadsea.com\/fr\/wp-json\/wp\/v2\/product\/326683","targetHints":{"allow":["GET"]}}],"collection":[{"href":"https:\/\/jumandeadsea.com\/fr\/wp-json\/wp\/v2\/product"}],"about":[{"href":"https:\/\/jumandeadsea.com\/fr\/wp-json\/wp\/v2\/types\/product"}],"replies":[{"embeddable":true,"href":"https:\/\/jumandeadsea.com\/fr\/wp-json\/wp\/v2\/comments?post=326683"}],"wp:featuredmedia":[{"embeddable":true,"href":"https:\/\/jumandeadsea.com\/fr\/wp-json\/wp\/v2\/media\/2070"}],"wp:attachment":[{"href":"https:\/\/jumandeadsea.com\/fr\/wp-json\/wp\/v2\/media?parent=326683"}],"wp:term":[{"taxonomy":"product_brand","embeddable":true,"href":"https:\/\/jumandeadsea.com\/fr\/wp-json\/wp\/v2\/product_brand?post=326683"},{"taxonomy":"product_cat","embeddable":true,"href":"https:\/\/jumandeadsea.com\/fr\/wp-json\/wp\/v2\/product_cat?post=326683"},{"taxonomy":"product_tag","embeddable":true,"href":"https:\/\/jumandeadsea.com\/fr\/wp-json\/wp\/v2\/product_tag?post=326683"}],"curies":[{"name":"wp","href":"https:\/\/api.w.org\/{rel}","templated":true}]}}