{"id":326682,"date":"2024-11-18T17:30:23","date_gmt":"2024-11-18T17:30:23","guid":{"rendered":"https:\/\/jumandeadsea.com\/product\/creme-decontractante-pour-les-articulations-et-les-muscles-avec-des-mineraux-de-la-mer-morte\/"},"modified":"2024-11-18T17:30:23","modified_gmt":"2024-11-18T17:30:23","slug":"creme-decontractante-pour-les-articulations-et-les-muscles-avec-des-mineraux-de-la-mer-morte","status":"publish","type":"product","link":"https:\/\/jumandeadsea.com\/fr\/produit\/creme-decontractante-pour-les-articulations-et-les-muscles-avec-des-mineraux-de-la-mer-morte\/","title":{"rendered":"Cr\u00c8me D\u00c9contractante Pour Les Articulations Et Les Muscles Avec Des Min\u00c9raux De La Mer Morte"},"content":{"rendered":"\n    <div class=\"shortcode-accordion\">\n        <h3 class=\"accordion-header\">Ingr\u00e9dients<\/h3>\n        <div class=\"accordion-content\" style=\"display: none;\">\n            \n<p><strong>Maris Sal (sel de la mer morte), camphre, menthol.<\/strong><\/p>\n<ul>\n<li><strong><em>Sel de la mer morte :<\/em><\/strong> Les sels organiques riches en magn\u00e9sium am\u00e9liorent l&rsquo;hydratation de la peau et r\u00e9duisent l&rsquo;inflammation des peaux s\u00e8ches. Le sel pur de la mer Morte soulage les cellules enflamm\u00e9es du corps et r\u00e9duit les douleurs articulaires et musculaires.<\/li>\n<li><strong><em>Le camphre :<\/em><\/strong> est un contre-irritant naturel. En application externe, le camphre engourdit les terminaisons nerveuses. Les terminaisons nerveuses ne transmettent alors plus la sensation de douleur.  <\/li>\n<li><strong><em>Menthol :<\/em><\/strong> la sensation de fra\u00eecheur associ\u00e9e au menthol peut aider \u00e0 soulager les douleurs musculaires et articulaires dans de nombreuses r\u00e9gions du corps.<\/li>\n<\/ul>\n<p>\n        <\/div>\n    <\/div><br \/>\n\n    <div class=\"shortcode-accordion\">\n        <h3 class=\"accordion-header\">Mode d&#039;emploi :<\/h3>\n        <div class=\"accordion-content\" style=\"display: none;\">\n            <\/p>\n<p>Appliquez une quantit\u00e9 appropri\u00e9e sur la zone concern\u00e9e du bout des doigts et massez d\u00e9licatement en effectuant de l\u00e9gers mouvements circulaires pour assurer une absorption compl\u00e8te.<\/p>\n<p>\n        <\/div>\n    <\/div><br \/>\n\n    <div class=\"shortcode-accordion\">\n        <h3 class=\"accordion-header\">Informations sur le produit<\/h3>\n        <div class=\"accordion-content\" style=\"display: none;\">\n            <\/p>\n<p>&#8211; CPNP : 3492388<\/p>\n<p>&#8211; Poids : 100ml<\/p>\n<p>\n        <\/div>\n    <\/div><\/p>\n","protected":false},"excerpt":{"rendered":"<p>Il s&rsquo;agit d&rsquo;une cr\u00e8me naturelle, sans alcool, qui p\u00e9n\u00e8tre facilement et soulage durablement les douleurs musculaires et articulaires. Les min\u00e9raux de la mer Morte contenus dans cette cr\u00e8me apaisent les muscles fatigu\u00e9s et aident le corps \u00e0 se sentir renouvel\u00e9 et rafra\u00eechi. <\/p>\n","protected":false},"featured_media":1613,"comment_status":"open","ping_status":"closed","template":"","meta":{"_et_pb_use_builder":"","_et_pb_old_content":"","_et_gb_content_width":""},"product_brand":[],"product_cat":[106,99],"product_tag":[],"class_list":{"0":"post-326682","1":"product","2":"type-product","3":"status-publish","4":"has-post-thumbnail","6":"product_cat-cremes-pour-le-corps","7":"product_cat-soins-du-corps","9":"first","10":"instock","11":"shipping-taxable","12":"purchasable","13":"product-type-simple"},"yoast_head":"<!-- This site is optimized with the Yoast SEO plugin v27.3 - https:\/\/yoast.com\/product\/yoast-seo-wordpress\/ -->\n<title>CR\u00c8ME D\u00c9CONTRACTANTE POUR LES ARTICULATIONS ET LES MUSCLES AVEC DES MIN\u00c9RAUX DE LA MER MORTE - Juman Dead Sea<\/title>\n<meta name=\"robots\" content=\"index, follow, max-snippet:-1, max-image-preview:large, max-video-preview:-1\" \/>\n<link rel=\"canonical\" href=\"https:\/\/jumandeadsea.com\/fr\/produit\/creme-decontractante-pour-les-articulations-et-les-muscles-avec-des-mineraux-de-la-mer-morte\/\" \/>\n<meta property=\"og:locale\" content=\"fr_FR\" \/>\n<meta property=\"og:type\" content=\"article\" \/>\n<meta property=\"og:title\" content=\"CR\u00c8ME D\u00c9CONTRACTANTE POUR LES ARTICULATIONS ET LES MUSCLES AVEC DES MIN\u00c9RAUX DE LA MER MORTE - Juman Dead Sea\" \/>\n<meta property=\"og:description\" content=\"Il s&#039;agit d&#039;une cr\u00e8me naturelle, sans alcool, qui p\u00e9n\u00e8tre facilement et soulage durablement les douleurs musculaires et articulaires. Les min\u00e9raux de la mer Morte contenus dans cette cr\u00e8me apaisent les muscles fatigu\u00e9s et aident le corps \u00e0 se sentir renouvel\u00e9 et rafra\u00eechi.\" \/>\n<meta property=\"og:url\" content=\"https:\/\/jumandeadsea.com\/fr\/produit\/creme-decontractante-pour-les-articulations-et-les-muscles-avec-des-mineraux-de-la-mer-morte\/\" \/>\n<meta property=\"og:site_name\" content=\"Juman Dead Sea\" \/>\n<meta name=\"twitter:card\" content=\"summary_large_image\" \/>\n<meta name=\"twitter:label1\" content=\"Dur\u00e9e de lecture estim\u00e9e\" \/>\n\t<meta name=\"twitter:data1\" content=\"1 minute\" \/>\n<script type=\"application\/ld+json\" class=\"yoast-schema-graph\">{\"@context\":\"https:\\\/\\\/schema.org\",\"@graph\":[{\"@type\":\"WebPage\",\"@id\":\"https:\\\/\\\/jumandeadsea.com\\\/fr\\\/produit\\\/creme-decontractante-pour-les-articulations-et-les-muscles-avec-des-mineraux-de-la-mer-morte\\\/\",\"url\":\"https:\\\/\\\/jumandeadsea.com\\\/fr\\\/produit\\\/creme-decontractante-pour-les-articulations-et-les-muscles-avec-des-mineraux-de-la-mer-morte\\\/\",\"name\":\"CR\u00c8ME D\u00c9CONTRACTANTE POUR LES ARTICULATIONS ET LES MUSCLES AVEC DES MIN\u00c9RAUX DE LA MER MORTE - Juman Dead Sea\",\"isPartOf\":{\"@id\":\"https:\\\/\\\/jumandeadsea.com\\\/fr\\\/#website\"},\"primaryImageOfPage\":{\"@id\":\"https:\\\/\\\/jumandeadsea.com\\\/fr\\\/produit\\\/creme-decontractante-pour-les-articulations-et-les-muscles-avec-des-mineraux-de-la-mer-morte\\\/#primaryimage\"},\"image\":{\"@id\":\"https:\\\/\\\/jumandeadsea.com\\\/fr\\\/produit\\\/creme-decontractante-pour-les-articulations-et-les-muscles-avec-des-mineraux-de-la-mer-morte\\\/#primaryimage\"},\"thumbnailUrl\":\"https:\\\/\\\/jumandeadsea.com\\\/wp-content\\\/uploads\\\/joint-and-muscle-relaxant-cream_bottle-box.png\",\"datePublished\":\"2024-11-18T17:30:23+00:00\",\"breadcrumb\":{\"@id\":\"https:\\\/\\\/jumandeadsea.com\\\/fr\\\/produit\\\/creme-decontractante-pour-les-articulations-et-les-muscles-avec-des-mineraux-de-la-mer-morte\\\/#breadcrumb\"},\"inLanguage\":\"fr-FR\",\"potentialAction\":[{\"@type\":\"ReadAction\",\"target\":[\"https:\\\/\\\/jumandeadsea.com\\\/fr\\\/produit\\\/creme-decontractante-pour-les-articulations-et-les-muscles-avec-des-mineraux-de-la-mer-morte\\\/\"]}]},{\"@type\":\"ImageObject\",\"inLanguage\":\"fr-FR\",\"@id\":\"https:\\\/\\\/jumandeadsea.com\\\/fr\\\/produit\\\/creme-decontractante-pour-les-articulations-et-les-muscles-avec-des-mineraux-de-la-mer-morte\\\/#primaryimage\",\"url\":\"https:\\\/\\\/jumandeadsea.com\\\/wp-content\\\/uploads\\\/joint-and-muscle-relaxant-cream_bottle-box.png\",\"contentUrl\":\"https:\\\/\\\/jumandeadsea.com\\\/wp-content\\\/uploads\\\/joint-and-muscle-relaxant-cream_bottle-box.png\",\"width\":1500,\"height\":1500},{\"@type\":\"BreadcrumbList\",\"@id\":\"https:\\\/\\\/jumandeadsea.com\\\/fr\\\/produit\\\/creme-decontractante-pour-les-articulations-et-les-muscles-avec-des-mineraux-de-la-mer-morte\\\/#breadcrumb\",\"itemListElement\":[{\"@type\":\"ListItem\",\"position\":1,\"name\":\"Home\",\"item\":\"https:\\\/\\\/jumandeadsea.com\\\/fr\\\/\"},{\"@type\":\"ListItem\",\"position\":2,\"name\":\"Boutique\",\"item\":\"https:\\\/\\\/jumandeadsea.com\\\/shop\\\/\"},{\"@type\":\"ListItem\",\"position\":3,\"name\":\"Cr\u00c8me D\u00c9contractante Pour Les Articulations Et Les Muscles Avec Des Min\u00c9raux De La Mer Morte\"}]},{\"@type\":\"WebSite\",\"@id\":\"https:\\\/\\\/jumandeadsea.com\\\/fr\\\/#website\",\"url\":\"https:\\\/\\\/jumandeadsea.com\\\/fr\\\/\",\"name\":\"Juman Dead Sea\",\"description\":\"Authentic Dead Sea Mineral Skincare for Sensitive, Healthy Skin\",\"potentialAction\":[{\"@type\":\"SearchAction\",\"target\":{\"@type\":\"EntryPoint\",\"urlTemplate\":\"https:\\\/\\\/jumandeadsea.com\\\/fr\\\/?s={search_term_string}\"},\"query-input\":{\"@type\":\"PropertyValueSpecification\",\"valueRequired\":true,\"valueName\":\"search_term_string\"}}],\"inLanguage\":\"fr-FR\"}]}<\/script>\n<!-- \/ Yoast SEO plugin. -->","yoast_head_json":{"title":"CR\u00c8ME D\u00c9CONTRACTANTE POUR LES ARTICULATIONS ET LES MUSCLES AVEC DES MIN\u00c9RAUX DE LA MER MORTE - Juman Dead Sea","robots":{"index":"index","follow":"follow","max-snippet":"max-snippet:-1","max-image-preview":"max-image-preview:large","max-video-preview":"max-video-preview:-1"},"canonical":"https:\/\/jumandeadsea.com\/fr\/produit\/creme-decontractante-pour-les-articulations-et-les-muscles-avec-des-mineraux-de-la-mer-morte\/","og_locale":"fr_FR","og_type":"article","og_title":"CR\u00c8ME D\u00c9CONTRACTANTE POUR LES ARTICULATIONS ET LES MUSCLES AVEC DES MIN\u00c9RAUX DE LA MER MORTE - Juman Dead Sea","og_description":"Il s'agit d'une cr\u00e8me naturelle, sans alcool, qui p\u00e9n\u00e8tre facilement et soulage durablement les douleurs musculaires et articulaires. Les min\u00e9raux de la mer Morte contenus dans cette cr\u00e8me apaisent les muscles fatigu\u00e9s et aident le corps \u00e0 se sentir renouvel\u00e9 et rafra\u00eechi.","og_url":"https:\/\/jumandeadsea.com\/fr\/produit\/creme-decontractante-pour-les-articulations-et-les-muscles-avec-des-mineraux-de-la-mer-morte\/","og_site_name":"Juman Dead Sea","twitter_card":"summary_large_image","twitter_misc":{"Dur\u00e9e de lecture estim\u00e9e":"1 minute"},"schema":{"@context":"https:\/\/schema.org","@graph":[{"@type":"WebPage","@id":"https:\/\/jumandeadsea.com\/fr\/produit\/creme-decontractante-pour-les-articulations-et-les-muscles-avec-des-mineraux-de-la-mer-morte\/","url":"https:\/\/jumandeadsea.com\/fr\/produit\/creme-decontractante-pour-les-articulations-et-les-muscles-avec-des-mineraux-de-la-mer-morte\/","name":"CR\u00c8ME D\u00c9CONTRACTANTE POUR LES ARTICULATIONS ET LES MUSCLES AVEC DES MIN\u00c9RAUX DE LA MER MORTE - Juman Dead Sea","isPartOf":{"@id":"https:\/\/jumandeadsea.com\/fr\/#website"},"primaryImageOfPage":{"@id":"https:\/\/jumandeadsea.com\/fr\/produit\/creme-decontractante-pour-les-articulations-et-les-muscles-avec-des-mineraux-de-la-mer-morte\/#primaryimage"},"image":{"@id":"https:\/\/jumandeadsea.com\/fr\/produit\/creme-decontractante-pour-les-articulations-et-les-muscles-avec-des-mineraux-de-la-mer-morte\/#primaryimage"},"thumbnailUrl":"https:\/\/jumandeadsea.com\/wp-content\/uploads\/joint-and-muscle-relaxant-cream_bottle-box.png","datePublished":"2024-11-18T17:30:23+00:00","breadcrumb":{"@id":"https:\/\/jumandeadsea.com\/fr\/produit\/creme-decontractante-pour-les-articulations-et-les-muscles-avec-des-mineraux-de-la-mer-morte\/#breadcrumb"},"inLanguage":"fr-FR","potentialAction":[{"@type":"ReadAction","target":["https:\/\/jumandeadsea.com\/fr\/produit\/creme-decontractante-pour-les-articulations-et-les-muscles-avec-des-mineraux-de-la-mer-morte\/"]}]},{"@type":"ImageObject","inLanguage":"fr-FR","@id":"https:\/\/jumandeadsea.com\/fr\/produit\/creme-decontractante-pour-les-articulations-et-les-muscles-avec-des-mineraux-de-la-mer-morte\/#primaryimage","url":"https:\/\/jumandeadsea.com\/wp-content\/uploads\/joint-and-muscle-relaxant-cream_bottle-box.png","contentUrl":"https:\/\/jumandeadsea.com\/wp-content\/uploads\/joint-and-muscle-relaxant-cream_bottle-box.png","width":1500,"height":1500},{"@type":"BreadcrumbList","@id":"https:\/\/jumandeadsea.com\/fr\/produit\/creme-decontractante-pour-les-articulations-et-les-muscles-avec-des-mineraux-de-la-mer-morte\/#breadcrumb","itemListElement":[{"@type":"ListItem","position":1,"name":"Home","item":"https:\/\/jumandeadsea.com\/fr\/"},{"@type":"ListItem","position":2,"name":"Boutique","item":"https:\/\/jumandeadsea.com\/shop\/"},{"@type":"ListItem","position":3,"name":"Cr\u00c8me D\u00c9contractante Pour Les Articulations Et Les Muscles Avec Des Min\u00c9raux De La Mer Morte"}]},{"@type":"WebSite","@id":"https:\/\/jumandeadsea.com\/fr\/#website","url":"https:\/\/jumandeadsea.com\/fr\/","name":"Juman Dead Sea","description":"Authentic Dead Sea Mineral Skincare for Sensitive, Healthy Skin","potentialAction":[{"@type":"SearchAction","target":{"@type":"EntryPoint","urlTemplate":"https:\/\/jumandeadsea.com\/fr\/?s={search_term_string}"},"query-input":{"@type":"PropertyValueSpecification","valueRequired":true,"valueName":"search_term_string"}}],"inLanguage":"fr-FR"}]}},"_links":{"self":[{"href":"https:\/\/jumandeadsea.com\/fr\/wp-json\/wp\/v2\/product\/326682","targetHints":{"allow":["GET"]}}],"collection":[{"href":"https:\/\/jumandeadsea.com\/fr\/wp-json\/wp\/v2\/product"}],"about":[{"href":"https:\/\/jumandeadsea.com\/fr\/wp-json\/wp\/v2\/types\/product"}],"replies":[{"embeddable":true,"href":"https:\/\/jumandeadsea.com\/fr\/wp-json\/wp\/v2\/comments?post=326682"}],"wp:featuredmedia":[{"embeddable":true,"href":"https:\/\/jumandeadsea.com\/fr\/wp-json\/wp\/v2\/media\/1613"}],"wp:attachment":[{"href":"https:\/\/jumandeadsea.com\/fr\/wp-json\/wp\/v2\/media?parent=326682"}],"wp:term":[{"taxonomy":"product_brand","embeddable":true,"href":"https:\/\/jumandeadsea.com\/fr\/wp-json\/wp\/v2\/product_brand?post=326682"},{"taxonomy":"product_cat","embeddable":true,"href":"https:\/\/jumandeadsea.com\/fr\/wp-json\/wp\/v2\/product_cat?post=326682"},{"taxonomy":"product_tag","embeddable":true,"href":"https:\/\/jumandeadsea.com\/fr\/wp-json\/wp\/v2\/product_tag?post=326682"}],"curies":[{"name":"wp","href":"https:\/\/api.w.org\/{rel}","templated":true}]}}