{"id":326678,"date":"2024-11-18T17:30:23","date_gmt":"2024-11-18T17:30:23","guid":{"rendered":"https:\/\/jumandeadsea.com\/product\/mousse-de-gommage-au-miel-et-a-laloe-vera-avec-des-mineraux-de-la-mer-morte\/"},"modified":"2024-11-18T17:30:23","modified_gmt":"2024-11-18T17:30:23","slug":"mousse-de-gommage-au-miel-et-a-laloe-vera-avec-des-mineraux-de-la-mer-morte","status":"publish","type":"product","link":"https:\/\/jumandeadsea.com\/fr\/produit\/mousse-de-gommage-au-miel-et-a-laloe-vera-avec-des-mineraux-de-la-mer-morte\/","title":{"rendered":"Mousse De Gommage Au Miel Et \u00c0 L&rsquo;aloe Vera Avec Des Min\u00c9raux De La Mer Morte"},"content":{"rendered":"\n    <div class=\"shortcode-accordion\">\n        <h3 class=\"accordion-header\">Ingr\u00e9dients<\/h3>\n        <div class=\"accordion-content\" style=\"display: none;\">\n            \n<p>Jus de feuilles d&rsquo;Aloe Barbadensis (Aloe Vera), Maris Sal (sel de la mer morte), miel, panth\u00e9nol (vitamine B5).<\/p>\n<ul>\n<li><em>Sel de la mer Morte<\/em>: il poss\u00e8de de merveilleuses propri\u00e9t\u00e9s antifongiques, antimicrobiennes et antibact\u00e9riennes qui aident \u00e0 nettoyer et \u00e0 d\u00e9sintoxiquer les pores en chassant les huiles, la salet\u00e9 et les autres impuret\u00e9s. Cela permet d&rsquo;\u00e9liminer l&rsquo;acn\u00e9, les boutons, les points noirs et les points blancs. <\/li>\n<li><em>Jus de feuilles d&rsquo;aloe vera : <\/em>il poss\u00e8de des propri\u00e9t\u00e9s antibact\u00e9riennes qui peuvent aider \u00e0 contr\u00f4ler et \u00e0 r\u00e9duire les bact\u00e9ries responsables de l&rsquo;acn\u00e9.<\/li>\n<li><em>Miel : <\/em>ajout\u00e9 pour le traitement et la pr\u00e9vention de l&rsquo;acn\u00e9, il aide \u00e9galement \u00e0 ralentir les signes de vieillissement et donne au teint un \u00e9clat sain.<\/li>\n<li><em>Vitamine B5 :<\/em> elle poss\u00e8de une excellente propri\u00e9t\u00e9 anti-\u00e2ge car elle apaise, adoucit et hydrate la peau et r\u00e9duit l&rsquo;apparence des rides et ridules. Elle combat les radicaux libres et favorise l&rsquo;apparition de nouvelles cellules cutan\u00e9es en maintenant l&rsquo;humidit\u00e9 sous la surface de la peau. <\/li>\n<\/ul>\n<p>\n        <\/div>\n    <\/div><br \/>\n\n    <div class=\"shortcode-accordion\">\n        <h3 class=\"accordion-header\">Mode d&#039;emploi :<\/h3>\n        <div class=\"accordion-content\" style=\"display: none;\">\n            <\/p>\n<p>M\u00e9langez d&rsquo;abord les produits \u00e9pluch\u00e9s. Appliquez g\u00e9n\u00e9reusement sur la zone du corps souhait\u00e9e (de pr\u00e9f\u00e9rence sur une peau s\u00e8che et propre). Massez doucement en effectuant des mouvements circulaires, laissez le gommage sur votre peau pendant quelques minutes puis rincez \u00e0 l&rsquo;eau ti\u00e8de. Il est recommand\u00e9 de l&rsquo;utiliser 1 \u00e0 2 fois par semaine.   <\/p>\n<p>\n        <\/div>\n    <\/div><br \/>\n\n    <div class=\"shortcode-accordion\">\n        <h3 class=\"accordion-header\">Informations sur le produit<\/h3>\n        <div class=\"accordion-content\" style=\"display: none;\">\n            <\/p>\n<p>&#8211; CPNP : 3494670<\/p>\n<p>&#8211; Poids : 340gm<\/p>\n<p>\n        <\/div>\n    <\/div><\/p>\n<p>&nbsp;<\/p>\n<p><strong> <\/strong><\/p>\n<p><strong> <\/strong><\/p>\n<p><strong> <\/strong><\/p>\n","protected":false},"excerpt":{"rendered":"<p>Combinant les bienfaits du miel naturel et de l&rsquo;aloe vera, ce gommage est exactement ce qu&rsquo;il vous faut pour que votre peau reste propre et saine. Les propri\u00e9t\u00e9s antimicrobiennes et anti-inflammatoires du miel en font un agent sain pour la peau. Il \u00e9limine les cellules et les tissus morts sans douleur, cr\u00e9e un environnement propice \u00e0 la gu\u00e9rison des inflammations cutan\u00e9es et favorise la croissance de nouvelles cellules cutan\u00e9es. L&rsquo;aloe vera, riche en antioxydants et en vitamines, rajeunit les peaux ab\u00eem\u00e9es et ternes et leur donne un \u00e9clat de jeunesse. Il est id\u00e9al pour les peaux grasses.   <\/p>\n","protected":false},"featured_media":1570,"comment_status":"open","ping_status":"closed","template":"","meta":{"_et_pb_use_builder":"","_et_pb_old_content":"","_et_gb_content_width":""},"product_brand":[],"product_cat":[101,99],"product_tag":[],"class_list":{"0":"post-326678","1":"product","2":"type-product","3":"status-publish","4":"has-post-thumbnail","6":"product_cat-gommages-corporels","7":"product_cat-soins-du-corps","9":"first","10":"instock","11":"shipping-taxable","12":"purchasable","13":"product-type-simple"},"yoast_head":"<!-- This site is optimized with the Yoast SEO plugin v27.3 - https:\/\/yoast.com\/product\/yoast-seo-wordpress\/ -->\n<title>MOUSSE DE GOMMAGE AU MIEL ET \u00c0 L&#039;ALOE VERA AVEC DES MIN\u00c9RAUX DE LA MER MORTE - Juman Dead Sea<\/title>\n<meta name=\"robots\" content=\"index, follow, max-snippet:-1, max-image-preview:large, max-video-preview:-1\" \/>\n<link rel=\"canonical\" href=\"https:\/\/jumandeadsea.com\/fr\/produit\/mousse-de-gommage-au-miel-et-a-laloe-vera-avec-des-mineraux-de-la-mer-morte\/\" \/>\n<meta property=\"og:locale\" content=\"fr_FR\" \/>\n<meta property=\"og:type\" content=\"article\" \/>\n<meta property=\"og:title\" content=\"MOUSSE DE GOMMAGE AU MIEL ET \u00c0 L&#039;ALOE VERA AVEC DES MIN\u00c9RAUX DE LA MER MORTE - Juman Dead Sea\" \/>\n<meta property=\"og:description\" content=\"Combinant les bienfaits du miel naturel et de l&#039;aloe vera, ce gommage est exactement ce qu&#039;il vous faut pour que votre peau reste propre et saine. Les propri\u00e9t\u00e9s antimicrobiennes et anti-inflammatoires du miel en font un agent sain pour la peau. Il \u00e9limine les cellules et les tissus morts sans douleur, cr\u00e9e un environnement propice \u00e0 la gu\u00e9rison des inflammations cutan\u00e9es et favorise la croissance de nouvelles cellules cutan\u00e9es. L&#039;aloe vera, riche en antioxydants et en vitamines, rajeunit les peaux ab\u00eem\u00e9es et ternes et leur donne un \u00e9clat de jeunesse. Il est id\u00e9al pour les peaux grasses.\" \/>\n<meta property=\"og:url\" content=\"https:\/\/jumandeadsea.com\/fr\/produit\/mousse-de-gommage-au-miel-et-a-laloe-vera-avec-des-mineraux-de-la-mer-morte\/\" \/>\n<meta property=\"og:site_name\" content=\"Juman Dead Sea\" \/>\n<meta property=\"og:image\" content=\"https:\/\/jumandeadsea.com\/wp-content\/uploads\/front_Honevera.png\" \/>\n\t<meta property=\"og:image:width\" content=\"1600\" \/>\n\t<meta property=\"og:image:height\" content=\"1600\" \/>\n\t<meta property=\"og:image:type\" content=\"image\/png\" \/>\n<meta name=\"twitter:card\" content=\"summary_large_image\" \/>\n<meta name=\"twitter:label1\" content=\"Dur\u00e9e de lecture estim\u00e9e\" \/>\n\t<meta name=\"twitter:data1\" content=\"1 minute\" \/>\n<script type=\"application\/ld+json\" class=\"yoast-schema-graph\">{\"@context\":\"https:\\\/\\\/schema.org\",\"@graph\":[{\"@type\":\"WebPage\",\"@id\":\"https:\\\/\\\/jumandeadsea.com\\\/fr\\\/produit\\\/mousse-de-gommage-au-miel-et-a-laloe-vera-avec-des-mineraux-de-la-mer-morte\\\/\",\"url\":\"https:\\\/\\\/jumandeadsea.com\\\/fr\\\/produit\\\/mousse-de-gommage-au-miel-et-a-laloe-vera-avec-des-mineraux-de-la-mer-morte\\\/\",\"name\":\"MOUSSE DE GOMMAGE AU MIEL ET \u00c0 L'ALOE VERA AVEC DES MIN\u00c9RAUX DE LA MER MORTE - Juman Dead Sea\",\"isPartOf\":{\"@id\":\"https:\\\/\\\/jumandeadsea.com\\\/fr\\\/#website\"},\"primaryImageOfPage\":{\"@id\":\"https:\\\/\\\/jumandeadsea.com\\\/fr\\\/produit\\\/mousse-de-gommage-au-miel-et-a-laloe-vera-avec-des-mineraux-de-la-mer-morte\\\/#primaryimage\"},\"image\":{\"@id\":\"https:\\\/\\\/jumandeadsea.com\\\/fr\\\/produit\\\/mousse-de-gommage-au-miel-et-a-laloe-vera-avec-des-mineraux-de-la-mer-morte\\\/#primaryimage\"},\"thumbnailUrl\":\"https:\\\/\\\/jumandeadsea.com\\\/wp-content\\\/uploads\\\/front_Honevera.png\",\"datePublished\":\"2024-11-18T17:30:23+00:00\",\"breadcrumb\":{\"@id\":\"https:\\\/\\\/jumandeadsea.com\\\/fr\\\/produit\\\/mousse-de-gommage-au-miel-et-a-laloe-vera-avec-des-mineraux-de-la-mer-morte\\\/#breadcrumb\"},\"inLanguage\":\"fr-FR\",\"potentialAction\":[{\"@type\":\"ReadAction\",\"target\":[\"https:\\\/\\\/jumandeadsea.com\\\/fr\\\/produit\\\/mousse-de-gommage-au-miel-et-a-laloe-vera-avec-des-mineraux-de-la-mer-morte\\\/\"]}]},{\"@type\":\"ImageObject\",\"inLanguage\":\"fr-FR\",\"@id\":\"https:\\\/\\\/jumandeadsea.com\\\/fr\\\/produit\\\/mousse-de-gommage-au-miel-et-a-laloe-vera-avec-des-mineraux-de-la-mer-morte\\\/#primaryimage\",\"url\":\"https:\\\/\\\/jumandeadsea.com\\\/wp-content\\\/uploads\\\/front_Honevera.png\",\"contentUrl\":\"https:\\\/\\\/jumandeadsea.com\\\/wp-content\\\/uploads\\\/front_Honevera.png\",\"width\":1600,\"height\":1600,\"caption\":\"Juman Honey and Aloe Vera Dead Sea Foam Scrub for natural skincare\"},{\"@type\":\"BreadcrumbList\",\"@id\":\"https:\\\/\\\/jumandeadsea.com\\\/fr\\\/produit\\\/mousse-de-gommage-au-miel-et-a-laloe-vera-avec-des-mineraux-de-la-mer-morte\\\/#breadcrumb\",\"itemListElement\":[{\"@type\":\"ListItem\",\"position\":1,\"name\":\"Home\",\"item\":\"https:\\\/\\\/jumandeadsea.com\\\/fr\\\/\"},{\"@type\":\"ListItem\",\"position\":2,\"name\":\"Boutique\",\"item\":\"https:\\\/\\\/jumandeadsea.com\\\/shop\\\/\"},{\"@type\":\"ListItem\",\"position\":3,\"name\":\"MOUSSE DE GOMMAGE AU MIEL ET \u00c0 L&#8217;ALOE VERA AVEC DES MIN\u00c9RAUX DE LA MER MORTE\"}]},{\"@type\":\"WebSite\",\"@id\":\"https:\\\/\\\/jumandeadsea.com\\\/fr\\\/#website\",\"url\":\"https:\\\/\\\/jumandeadsea.com\\\/fr\\\/\",\"name\":\"Juman Dead Sea\",\"description\":\"Authentic Dead Sea Mineral Skincare for Sensitive, Healthy Skin\",\"potentialAction\":[{\"@type\":\"SearchAction\",\"target\":{\"@type\":\"EntryPoint\",\"urlTemplate\":\"https:\\\/\\\/jumandeadsea.com\\\/fr\\\/?s={search_term_string}\"},\"query-input\":{\"@type\":\"PropertyValueSpecification\",\"valueRequired\":true,\"valueName\":\"search_term_string\"}}],\"inLanguage\":\"fr-FR\"}]}<\/script>\n<!-- \/ Yoast SEO plugin. -->","yoast_head_json":{"title":"MOUSSE DE GOMMAGE AU MIEL ET \u00c0 L'ALOE VERA AVEC DES MIN\u00c9RAUX DE LA MER MORTE - Juman Dead Sea","robots":{"index":"index","follow":"follow","max-snippet":"max-snippet:-1","max-image-preview":"max-image-preview:large","max-video-preview":"max-video-preview:-1"},"canonical":"https:\/\/jumandeadsea.com\/fr\/produit\/mousse-de-gommage-au-miel-et-a-laloe-vera-avec-des-mineraux-de-la-mer-morte\/","og_locale":"fr_FR","og_type":"article","og_title":"MOUSSE DE GOMMAGE AU MIEL ET \u00c0 L'ALOE VERA AVEC DES MIN\u00c9RAUX DE LA MER MORTE - Juman Dead Sea","og_description":"Combinant les bienfaits du miel naturel et de l'aloe vera, ce gommage est exactement ce qu'il vous faut pour que votre peau reste propre et saine. Les propri\u00e9t\u00e9s antimicrobiennes et anti-inflammatoires du miel en font un agent sain pour la peau. Il \u00e9limine les cellules et les tissus morts sans douleur, cr\u00e9e un environnement propice \u00e0 la gu\u00e9rison des inflammations cutan\u00e9es et favorise la croissance de nouvelles cellules cutan\u00e9es. L'aloe vera, riche en antioxydants et en vitamines, rajeunit les peaux ab\u00eem\u00e9es et ternes et leur donne un \u00e9clat de jeunesse. Il est id\u00e9al pour les peaux grasses.","og_url":"https:\/\/jumandeadsea.com\/fr\/produit\/mousse-de-gommage-au-miel-et-a-laloe-vera-avec-des-mineraux-de-la-mer-morte\/","og_site_name":"Juman Dead Sea","og_image":[{"width":1600,"height":1600,"url":"https:\/\/jumandeadsea.com\/wp-content\/uploads\/front_Honevera.png","type":"image\/png"}],"twitter_card":"summary_large_image","twitter_misc":{"Dur\u00e9e de lecture estim\u00e9e":"1 minute"},"schema":{"@context":"https:\/\/schema.org","@graph":[{"@type":"WebPage","@id":"https:\/\/jumandeadsea.com\/fr\/produit\/mousse-de-gommage-au-miel-et-a-laloe-vera-avec-des-mineraux-de-la-mer-morte\/","url":"https:\/\/jumandeadsea.com\/fr\/produit\/mousse-de-gommage-au-miel-et-a-laloe-vera-avec-des-mineraux-de-la-mer-morte\/","name":"MOUSSE DE GOMMAGE AU MIEL ET \u00c0 L'ALOE VERA AVEC DES MIN\u00c9RAUX DE LA MER MORTE - Juman Dead Sea","isPartOf":{"@id":"https:\/\/jumandeadsea.com\/fr\/#website"},"primaryImageOfPage":{"@id":"https:\/\/jumandeadsea.com\/fr\/produit\/mousse-de-gommage-au-miel-et-a-laloe-vera-avec-des-mineraux-de-la-mer-morte\/#primaryimage"},"image":{"@id":"https:\/\/jumandeadsea.com\/fr\/produit\/mousse-de-gommage-au-miel-et-a-laloe-vera-avec-des-mineraux-de-la-mer-morte\/#primaryimage"},"thumbnailUrl":"https:\/\/jumandeadsea.com\/wp-content\/uploads\/front_Honevera.png","datePublished":"2024-11-18T17:30:23+00:00","breadcrumb":{"@id":"https:\/\/jumandeadsea.com\/fr\/produit\/mousse-de-gommage-au-miel-et-a-laloe-vera-avec-des-mineraux-de-la-mer-morte\/#breadcrumb"},"inLanguage":"fr-FR","potentialAction":[{"@type":"ReadAction","target":["https:\/\/jumandeadsea.com\/fr\/produit\/mousse-de-gommage-au-miel-et-a-laloe-vera-avec-des-mineraux-de-la-mer-morte\/"]}]},{"@type":"ImageObject","inLanguage":"fr-FR","@id":"https:\/\/jumandeadsea.com\/fr\/produit\/mousse-de-gommage-au-miel-et-a-laloe-vera-avec-des-mineraux-de-la-mer-morte\/#primaryimage","url":"https:\/\/jumandeadsea.com\/wp-content\/uploads\/front_Honevera.png","contentUrl":"https:\/\/jumandeadsea.com\/wp-content\/uploads\/front_Honevera.png","width":1600,"height":1600,"caption":"Juman Honey and Aloe Vera Dead Sea Foam Scrub for natural skincare"},{"@type":"BreadcrumbList","@id":"https:\/\/jumandeadsea.com\/fr\/produit\/mousse-de-gommage-au-miel-et-a-laloe-vera-avec-des-mineraux-de-la-mer-morte\/#breadcrumb","itemListElement":[{"@type":"ListItem","position":1,"name":"Home","item":"https:\/\/jumandeadsea.com\/fr\/"},{"@type":"ListItem","position":2,"name":"Boutique","item":"https:\/\/jumandeadsea.com\/shop\/"},{"@type":"ListItem","position":3,"name":"MOUSSE DE GOMMAGE AU MIEL ET \u00c0 L&#8217;ALOE VERA AVEC DES MIN\u00c9RAUX DE LA MER MORTE"}]},{"@type":"WebSite","@id":"https:\/\/jumandeadsea.com\/fr\/#website","url":"https:\/\/jumandeadsea.com\/fr\/","name":"Juman Dead Sea","description":"Authentic Dead Sea Mineral Skincare for Sensitive, Healthy Skin","potentialAction":[{"@type":"SearchAction","target":{"@type":"EntryPoint","urlTemplate":"https:\/\/jumandeadsea.com\/fr\/?s={search_term_string}"},"query-input":{"@type":"PropertyValueSpecification","valueRequired":true,"valueName":"search_term_string"}}],"inLanguage":"fr-FR"}]}},"_links":{"self":[{"href":"https:\/\/jumandeadsea.com\/fr\/wp-json\/wp\/v2\/product\/326678","targetHints":{"allow":["GET"]}}],"collection":[{"href":"https:\/\/jumandeadsea.com\/fr\/wp-json\/wp\/v2\/product"}],"about":[{"href":"https:\/\/jumandeadsea.com\/fr\/wp-json\/wp\/v2\/types\/product"}],"replies":[{"embeddable":true,"href":"https:\/\/jumandeadsea.com\/fr\/wp-json\/wp\/v2\/comments?post=326678"}],"wp:featuredmedia":[{"embeddable":true,"href":"https:\/\/jumandeadsea.com\/fr\/wp-json\/wp\/v2\/media\/1570"}],"wp:attachment":[{"href":"https:\/\/jumandeadsea.com\/fr\/wp-json\/wp\/v2\/media?parent=326678"}],"wp:term":[{"taxonomy":"product_brand","embeddable":true,"href":"https:\/\/jumandeadsea.com\/fr\/wp-json\/wp\/v2\/product_brand?post=326678"},{"taxonomy":"product_cat","embeddable":true,"href":"https:\/\/jumandeadsea.com\/fr\/wp-json\/wp\/v2\/product_cat?post=326678"},{"taxonomy":"product_tag","embeddable":true,"href":"https:\/\/jumandeadsea.com\/fr\/wp-json\/wp\/v2\/product_tag?post=326678"}],"curies":[{"name":"wp","href":"https:\/\/api.w.org\/{rel}","templated":true}]}}