{"id":326676,"date":"2024-11-18T17:30:24","date_gmt":"2024-11-18T17:30:24","guid":{"rendered":"https:\/\/jumandeadsea.com\/product\/creme-de-nuit-intensive-aux-mineraux-de-la-mer-morte\/"},"modified":"2024-11-18T17:30:24","modified_gmt":"2024-11-18T17:30:24","slug":"creme-de-nuit-intensive-aux-mineraux-de-la-mer-morte","status":"publish","type":"product","link":"https:\/\/jumandeadsea.com\/fr\/produit\/creme-de-nuit-intensive-aux-mineraux-de-la-mer-morte\/","title":{"rendered":"Cr\u00c8me De Nuit Intensive Aux Min\u00c9raux De La Mer Morte"},"content":{"rendered":"\n    <div class=\"shortcode-accordion\">\n        <h3 class=\"accordion-header\">Ingr\u00e9dients<\/h3>\n        <div class=\"accordion-content\" style=\"display: none;\">\n            \n<p>Prunus Amygdalus Dulcis (huile d&rsquo;amande douce), extrait de racine de Glycyrrhiza Glabra (r\u00e9glisse), tocoph\u00e9rol (vitamine E), Maris Sal (sel de la mer morte).<\/p>\n<ul>\n<li><em>Sel de la mer morte :<\/em> Les sels organiques riches en magn\u00e9sium am\u00e9liorent l&rsquo;hydratation de la peau et r\u00e9duisent l&rsquo;inflammation des peaux s\u00e8ches.<\/li>\n<li><em>Huile d&rsquo;amande douce :<\/em> une huile l\u00e9g\u00e8re respectueuse de la peau qui aide votre peau \u00e0 para\u00eetre lisse, douce et sans ridules.<\/li>\n<li><em>Vitamine E :<\/em> cette vitamine liposoluble peut \u00eatre absorb\u00e9e par la peau. C&rsquo;est un antioxydant b\u00e9n\u00e9fique qui aide \u00e0 r\u00e9duire les dommages caus\u00e9s par les UV et le soleil sur la peau.<\/li>\n<li><em>Extrait de racine de r\u00e9glisse :<\/em> calme et apaise les peaux sujettes \u00e0 l&rsquo;acn\u00e9. De plus, des \u00e9tudes montrent que, combin\u00e9 \u00e0 d&rsquo;autres huiles et sels v\u00e9g\u00e9taux, il peut \u00eatre utilis\u00e9 pour att\u00e9nuer les taches brunes et \u00e9claircir le teint de la peau.<\/li>\n<\/ul>\n<p>\n        <\/div>\n    <\/div><br \/>\n\n    <div class=\"shortcode-accordion\">\n        <h3 class=\"accordion-header\">Mode d&#039;emploi :<\/h3>\n        <div class=\"accordion-content\" style=\"display: none;\">\n            <\/p>\n<p>Appliquez-le le soir sur une peau propre et s\u00e8che. Massez d\u00e9licatement en effectuant de l\u00e9gers mouvements circulaires de bas en haut tout en le parsemant d\u00e9licatement du bout des doigts afin d&rsquo;assurer une absorption compl\u00e8te. <\/p>\n<p>\n        <\/div>\n    <\/div><br \/>\n\n    <div class=\"shortcode-accordion\">\n        <h3 class=\"accordion-header\">Informations sur le produit<\/h3>\n        <div class=\"accordion-content\" style=\"display: none;\">\n            <\/p>\n<p>&#8211; <span class=\"bold\"> CPNP : 3471745<\/span><\/p>\n<p> &#8211;<span class=\"bold\"> Poids : <\/span>50ml<\/p>\n<p>\n        <\/div>\n    <\/div><\/p>\n<p>&nbsp;<\/p>\n<p>&nbsp;<\/p>\n<p>&nbsp;<\/p>\n","protected":false},"excerpt":{"rendered":"<p>Une cr\u00e8me de nuit intensive et concentr\u00e9e qui r\u00e9duit l&rsquo;apparence des cicatrices et des taches sombres et unifie votre teint. Cette cr\u00e8me de nuit intensive aux min\u00e9raux de la mer Morte hydrate votre peau et l&rsquo;aide \u00e0 se r\u00e9g\u00e9n\u00e9rer pendant votre sommeil, maximisant ainsi les b\u00e9n\u00e9fices de ces heures importantes de repos. <\/p>\n","protected":false},"featured_media":1509,"comment_status":"open","ping_status":"closed","template":"","meta":{"_et_pb_use_builder":"","_et_pb_old_content":"","_et_gb_content_width":""},"product_brand":[],"product_cat":[24],"product_tag":[],"class_list":{"0":"post-326676","1":"product","2":"type-product","3":"status-publish","4":"has-post-thumbnail","6":"product_cat-facial-care","8":"first","9":"instock","10":"shipping-taxable","11":"purchasable","12":"product-type-simple"},"yoast_head":"<!-- This site is optimized with the Yoast SEO plugin v27.3 - https:\/\/yoast.com\/product\/yoast-seo-wordpress\/ -->\n<title>CR\u00c8ME DE NUIT INTENSIVE AUX MIN\u00c9RAUX DE LA MER MORTE - Juman Dead Sea<\/title>\n<meta name=\"robots\" content=\"index, follow, max-snippet:-1, max-image-preview:large, max-video-preview:-1\" \/>\n<link rel=\"canonical\" href=\"https:\/\/jumandeadsea.com\/fr\/produit\/creme-de-nuit-intensive-aux-mineraux-de-la-mer-morte\/\" \/>\n<meta property=\"og:locale\" content=\"fr_FR\" \/>\n<meta property=\"og:type\" content=\"article\" \/>\n<meta property=\"og:title\" content=\"CR\u00c8ME DE NUIT INTENSIVE AUX MIN\u00c9RAUX DE LA MER MORTE - Juman Dead Sea\" \/>\n<meta property=\"og:description\" content=\"Une cr\u00e8me de nuit intensive et concentr\u00e9e qui r\u00e9duit l&#039;apparence des cicatrices et des taches sombres et unifie votre teint. Cette cr\u00e8me de nuit intensive aux min\u00e9raux de la mer Morte hydrate votre peau et l&#039;aide \u00e0 se r\u00e9g\u00e9n\u00e9rer pendant votre sommeil, maximisant ainsi les b\u00e9n\u00e9fices de ces heures importantes de repos.\" \/>\n<meta property=\"og:url\" content=\"https:\/\/jumandeadsea.com\/fr\/produit\/creme-de-nuit-intensive-aux-mineraux-de-la-mer-morte\/\" \/>\n<meta property=\"og:site_name\" content=\"Juman Dead Sea\" \/>\n<meta name=\"twitter:card\" content=\"summary_large_image\" \/>\n<meta name=\"twitter:label1\" content=\"Dur\u00e9e de lecture estim\u00e9e\" \/>\n\t<meta name=\"twitter:data1\" content=\"1 minute\" \/>\n<script type=\"application\/ld+json\" class=\"yoast-schema-graph\">{\"@context\":\"https:\\\/\\\/schema.org\",\"@graph\":[{\"@type\":\"WebPage\",\"@id\":\"https:\\\/\\\/jumandeadsea.com\\\/fr\\\/produit\\\/creme-de-nuit-intensive-aux-mineraux-de-la-mer-morte\\\/\",\"url\":\"https:\\\/\\\/jumandeadsea.com\\\/fr\\\/produit\\\/creme-de-nuit-intensive-aux-mineraux-de-la-mer-morte\\\/\",\"name\":\"CR\u00c8ME DE NUIT INTENSIVE AUX MIN\u00c9RAUX DE LA MER MORTE - Juman Dead Sea\",\"isPartOf\":{\"@id\":\"https:\\\/\\\/jumandeadsea.com\\\/fr\\\/#website\"},\"primaryImageOfPage\":{\"@id\":\"https:\\\/\\\/jumandeadsea.com\\\/fr\\\/produit\\\/creme-de-nuit-intensive-aux-mineraux-de-la-mer-morte\\\/#primaryimage\"},\"image\":{\"@id\":\"https:\\\/\\\/jumandeadsea.com\\\/fr\\\/produit\\\/creme-de-nuit-intensive-aux-mineraux-de-la-mer-morte\\\/#primaryimage\"},\"thumbnailUrl\":\"https:\\\/\\\/jumandeadsea.com\\\/wp-content\\\/uploads\\\/Intensive-Night-Cream_box-bottle.png\",\"datePublished\":\"2024-11-18T17:30:24+00:00\",\"breadcrumb\":{\"@id\":\"https:\\\/\\\/jumandeadsea.com\\\/fr\\\/produit\\\/creme-de-nuit-intensive-aux-mineraux-de-la-mer-morte\\\/#breadcrumb\"},\"inLanguage\":\"fr-FR\",\"potentialAction\":[{\"@type\":\"ReadAction\",\"target\":[\"https:\\\/\\\/jumandeadsea.com\\\/fr\\\/produit\\\/creme-de-nuit-intensive-aux-mineraux-de-la-mer-morte\\\/\"]}]},{\"@type\":\"ImageObject\",\"inLanguage\":\"fr-FR\",\"@id\":\"https:\\\/\\\/jumandeadsea.com\\\/fr\\\/produit\\\/creme-de-nuit-intensive-aux-mineraux-de-la-mer-morte\\\/#primaryimage\",\"url\":\"https:\\\/\\\/jumandeadsea.com\\\/wp-content\\\/uploads\\\/Intensive-Night-Cream_box-bottle.png\",\"contentUrl\":\"https:\\\/\\\/jumandeadsea.com\\\/wp-content\\\/uploads\\\/Intensive-Night-Cream_box-bottle.png\",\"width\":1500,\"height\":1500,\"caption\":\"Deep hydration and repair for overnight skin care\"},{\"@type\":\"BreadcrumbList\",\"@id\":\"https:\\\/\\\/jumandeadsea.com\\\/fr\\\/produit\\\/creme-de-nuit-intensive-aux-mineraux-de-la-mer-morte\\\/#breadcrumb\",\"itemListElement\":[{\"@type\":\"ListItem\",\"position\":1,\"name\":\"Home\",\"item\":\"https:\\\/\\\/jumandeadsea.com\\\/fr\\\/\"},{\"@type\":\"ListItem\",\"position\":2,\"name\":\"Boutique\",\"item\":\"https:\\\/\\\/jumandeadsea.com\\\/shop\\\/\"},{\"@type\":\"ListItem\",\"position\":3,\"name\":\"Cr\u00c8me De Nuit Intensive Aux Min\u00c9raux De La Mer Morte\"}]},{\"@type\":\"WebSite\",\"@id\":\"https:\\\/\\\/jumandeadsea.com\\\/fr\\\/#website\",\"url\":\"https:\\\/\\\/jumandeadsea.com\\\/fr\\\/\",\"name\":\"Juman Dead Sea\",\"description\":\"Authentic Dead Sea Mineral Skincare for Sensitive, Healthy Skin\",\"potentialAction\":[{\"@type\":\"SearchAction\",\"target\":{\"@type\":\"EntryPoint\",\"urlTemplate\":\"https:\\\/\\\/jumandeadsea.com\\\/fr\\\/?s={search_term_string}\"},\"query-input\":{\"@type\":\"PropertyValueSpecification\",\"valueRequired\":true,\"valueName\":\"search_term_string\"}}],\"inLanguage\":\"fr-FR\"}]}<\/script>\n<!-- \/ Yoast SEO plugin. -->","yoast_head_json":{"title":"CR\u00c8ME DE NUIT INTENSIVE AUX MIN\u00c9RAUX DE LA MER MORTE - Juman Dead Sea","robots":{"index":"index","follow":"follow","max-snippet":"max-snippet:-1","max-image-preview":"max-image-preview:large","max-video-preview":"max-video-preview:-1"},"canonical":"https:\/\/jumandeadsea.com\/fr\/produit\/creme-de-nuit-intensive-aux-mineraux-de-la-mer-morte\/","og_locale":"fr_FR","og_type":"article","og_title":"CR\u00c8ME DE NUIT INTENSIVE AUX MIN\u00c9RAUX DE LA MER MORTE - Juman Dead Sea","og_description":"Une cr\u00e8me de nuit intensive et concentr\u00e9e qui r\u00e9duit l'apparence des cicatrices et des taches sombres et unifie votre teint. Cette cr\u00e8me de nuit intensive aux min\u00e9raux de la mer Morte hydrate votre peau et l'aide \u00e0 se r\u00e9g\u00e9n\u00e9rer pendant votre sommeil, maximisant ainsi les b\u00e9n\u00e9fices de ces heures importantes de repos.","og_url":"https:\/\/jumandeadsea.com\/fr\/produit\/creme-de-nuit-intensive-aux-mineraux-de-la-mer-morte\/","og_site_name":"Juman Dead Sea","twitter_card":"summary_large_image","twitter_misc":{"Dur\u00e9e de lecture estim\u00e9e":"1 minute"},"schema":{"@context":"https:\/\/schema.org","@graph":[{"@type":"WebPage","@id":"https:\/\/jumandeadsea.com\/fr\/produit\/creme-de-nuit-intensive-aux-mineraux-de-la-mer-morte\/","url":"https:\/\/jumandeadsea.com\/fr\/produit\/creme-de-nuit-intensive-aux-mineraux-de-la-mer-morte\/","name":"CR\u00c8ME DE NUIT INTENSIVE AUX MIN\u00c9RAUX DE LA MER MORTE - Juman Dead Sea","isPartOf":{"@id":"https:\/\/jumandeadsea.com\/fr\/#website"},"primaryImageOfPage":{"@id":"https:\/\/jumandeadsea.com\/fr\/produit\/creme-de-nuit-intensive-aux-mineraux-de-la-mer-morte\/#primaryimage"},"image":{"@id":"https:\/\/jumandeadsea.com\/fr\/produit\/creme-de-nuit-intensive-aux-mineraux-de-la-mer-morte\/#primaryimage"},"thumbnailUrl":"https:\/\/jumandeadsea.com\/wp-content\/uploads\/Intensive-Night-Cream_box-bottle.png","datePublished":"2024-11-18T17:30:24+00:00","breadcrumb":{"@id":"https:\/\/jumandeadsea.com\/fr\/produit\/creme-de-nuit-intensive-aux-mineraux-de-la-mer-morte\/#breadcrumb"},"inLanguage":"fr-FR","potentialAction":[{"@type":"ReadAction","target":["https:\/\/jumandeadsea.com\/fr\/produit\/creme-de-nuit-intensive-aux-mineraux-de-la-mer-morte\/"]}]},{"@type":"ImageObject","inLanguage":"fr-FR","@id":"https:\/\/jumandeadsea.com\/fr\/produit\/creme-de-nuit-intensive-aux-mineraux-de-la-mer-morte\/#primaryimage","url":"https:\/\/jumandeadsea.com\/wp-content\/uploads\/Intensive-Night-Cream_box-bottle.png","contentUrl":"https:\/\/jumandeadsea.com\/wp-content\/uploads\/Intensive-Night-Cream_box-bottle.png","width":1500,"height":1500,"caption":"Deep hydration and repair for overnight skin care"},{"@type":"BreadcrumbList","@id":"https:\/\/jumandeadsea.com\/fr\/produit\/creme-de-nuit-intensive-aux-mineraux-de-la-mer-morte\/#breadcrumb","itemListElement":[{"@type":"ListItem","position":1,"name":"Home","item":"https:\/\/jumandeadsea.com\/fr\/"},{"@type":"ListItem","position":2,"name":"Boutique","item":"https:\/\/jumandeadsea.com\/shop\/"},{"@type":"ListItem","position":3,"name":"Cr\u00c8me De Nuit Intensive Aux Min\u00c9raux De La Mer Morte"}]},{"@type":"WebSite","@id":"https:\/\/jumandeadsea.com\/fr\/#website","url":"https:\/\/jumandeadsea.com\/fr\/","name":"Juman Dead Sea","description":"Authentic Dead Sea Mineral Skincare for Sensitive, Healthy Skin","potentialAction":[{"@type":"SearchAction","target":{"@type":"EntryPoint","urlTemplate":"https:\/\/jumandeadsea.com\/fr\/?s={search_term_string}"},"query-input":{"@type":"PropertyValueSpecification","valueRequired":true,"valueName":"search_term_string"}}],"inLanguage":"fr-FR"}]}},"_links":{"self":[{"href":"https:\/\/jumandeadsea.com\/fr\/wp-json\/wp\/v2\/product\/326676","targetHints":{"allow":["GET"]}}],"collection":[{"href":"https:\/\/jumandeadsea.com\/fr\/wp-json\/wp\/v2\/product"}],"about":[{"href":"https:\/\/jumandeadsea.com\/fr\/wp-json\/wp\/v2\/types\/product"}],"replies":[{"embeddable":true,"href":"https:\/\/jumandeadsea.com\/fr\/wp-json\/wp\/v2\/comments?post=326676"}],"wp:featuredmedia":[{"embeddable":true,"href":"https:\/\/jumandeadsea.com\/fr\/wp-json\/wp\/v2\/media\/1509"}],"wp:attachment":[{"href":"https:\/\/jumandeadsea.com\/fr\/wp-json\/wp\/v2\/media?parent=326676"}],"wp:term":[{"taxonomy":"product_brand","embeddable":true,"href":"https:\/\/jumandeadsea.com\/fr\/wp-json\/wp\/v2\/product_brand?post=326676"},{"taxonomy":"product_cat","embeddable":true,"href":"https:\/\/jumandeadsea.com\/fr\/wp-json\/wp\/v2\/product_cat?post=326676"},{"taxonomy":"product_tag","embeddable":true,"href":"https:\/\/jumandeadsea.com\/fr\/wp-json\/wp\/v2\/product_tag?post=326676"}],"curies":[{"name":"wp","href":"https:\/\/api.w.org\/{rel}","templated":true}]}}