{"id":326674,"date":"2024-11-18T17:30:21","date_gmt":"2024-11-18T17:30:21","guid":{"rendered":"https:\/\/jumandeadsea.com\/product\/lotion-corporelle-hydratante-aux-mineraux-de-la-mer-morte-menthe-fraiche-et-pomme-verte\/"},"modified":"2024-11-18T17:30:21","modified_gmt":"2024-11-18T17:30:21","slug":"lotion-corporelle-hydratante-aux-mineraux-de-la-mer-morte-menthe-fraiche-et-pomme-verte","status":"publish","type":"product","link":"https:\/\/jumandeadsea.com\/fr\/produit\/lotion-corporelle-hydratante-aux-mineraux-de-la-mer-morte-menthe-fraiche-et-pomme-verte\/","title":{"rendered":"Lotion Corporelle Hydratante Aux Min\u00c9raux De La Mer Morte (menthe Fra\u00ceche Et Pomme Verte)"},"content":{"rendered":"\n    <div class=\"shortcode-accordion\">\n        <h3 class=\"accordion-header\">Ingr\u00e9dients<\/h3>\n        <div class=\"accordion-content\" style=\"display: none;\">\n            \n<p>Theobroma Cacao (beurre de cacao), Butyrospermum Parkii (beurre de karit\u00e9), Prunus Amygdalus Dulcis (huile d&rsquo;amande douce), Tocopherol (vitamine E), Maris Sal (sel de la mer morte).<\/p>\n<ul>\n<li><strong><em>Beurre de cacao :<\/em><\/strong> contient des niveaux \u00e9lev\u00e9s d&rsquo;antioxydants qui aident \u00e0 r\u00e9parer la peau des dommages caus\u00e9s par le soleil et le vieillissement. Il apaise \u00e9galement les rougeurs et les imperfections et hydrate la peau.<\/li>\n<li><strong><em>Le beurre de karit\u00e9 :<\/em><\/strong> est un excellent hydratant naturel pour le visage et le corps, il r\u00e9duit les rides et lutte contre le vieillissement, et restaure l&rsquo;\u00e9lasticit\u00e9 de la peau.<\/li>\n<li><strong><em>Huile d&rsquo;amande douce :<\/em><\/strong> une huile l\u00e9g\u00e8re respectueuse de la peau qui aide votre peau \u00e0 para\u00eetre lisse, douce et exempte de ridules.<\/li>\n<li><strong><em>Vitamine E :<\/em><\/strong> cette vitamine liposoluble peut \u00eatre absorb\u00e9e par la peau. C&rsquo;est un antioxydant b\u00e9n\u00e9fique qui aide \u00e0 r\u00e9duire les dommages caus\u00e9s par les UV et le soleil sur la peau.<\/li>\n<li><strong><em>Sel de la mer morte :<\/em><\/strong> Les sels organiques riches en magn\u00e9sium am\u00e9liorent l&rsquo;hydratation de la peau et r\u00e9duisent l&rsquo;inflammation des peaux s\u00e8ches.<\/li>\n<\/ul>\n<p>\n        <\/div>\n    <\/div><br \/>\n\n    <div class=\"shortcode-accordion\">\n        <h3 class=\"accordion-header\">Mode d&#039;emploi :<\/h3>\n        <div class=\"accordion-content\" style=\"display: none;\">\n            <\/p>\n<p>Appliquez une quantit\u00e9 appropri\u00e9e sur la zone souhait\u00e9e du bout des doigts, puis massez doucement en effectuant de l\u00e9gers mouvements circulaires pour vous assurer qu&rsquo;elle est compl\u00e8tement absorb\u00e9e. Vous pouvez l&rsquo;utiliser apr\u00e8s le bain ou \u00e0 chaque fois que votre peau a besoin d&rsquo;\u00eatre hydrat\u00e9e. <\/p>\n<p>\n        <\/div>\n    <\/div><br \/>\n\n    <div class=\"shortcode-accordion\">\n        <h3 class=\"accordion-header\">Informations sur le produit<\/h3>\n        <div class=\"accordion-content\" style=\"display: none;\">\n            <\/p>\n<p>&#8211; Poids : 250ml<br \/>\n\n        <\/div>\n    <\/div><\/p>\n","protected":false},"excerpt":{"rendered":"<p>Cette cr\u00e8me hydratante douce, non grasse et \u00e0 absorption rapide minimise le dess\u00e8chement et prot\u00e8ge contre les ger\u00e7ures lorsqu&rsquo;elle est utilis\u00e9e r\u00e9guli\u00e8rement.<\/p>\n<ul>\n<li><strong>MENTHE FRA\u00ceCHE ET POMME VERTE<\/strong><\/li>\n<li><strong>FORMULE NON GRASSE \u00c0 ABSORPTION RAPIDE<\/strong><\/li>\n<li><strong>HUMIDIT\u00c9 DE 24 HEURES<\/strong><\/li>\n<\/ul>\n","protected":false},"featured_media":2005,"comment_status":"open","ping_status":"closed","template":"","meta":{"_et_pb_use_builder":"","_et_pb_old_content":"","_et_gb_content_width":""},"product_brand":[],"product_cat":[103],"product_tag":[],"class_list":{"0":"post-326674","1":"product","2":"type-product","3":"status-publish","4":"has-post-thumbnail","6":"product_cat-soins-pour-hommes","8":"first","9":"instock","10":"shipping-taxable","11":"purchasable","12":"product-type-simple"},"yoast_head":"<!-- This site is optimized with the Yoast SEO plugin v27.3 - https:\/\/yoast.com\/product\/yoast-seo-wordpress\/ -->\n<title>LOTION CORPORELLE HYDRATANTE AUX MIN\u00c9RAUX DE LA MER MORTE (MENTHE FRA\u00ceCHE ET POMME VERTE) - Juman Dead Sea<\/title>\n<meta name=\"robots\" content=\"index, follow, max-snippet:-1, max-image-preview:large, max-video-preview:-1\" \/>\n<link rel=\"canonical\" href=\"https:\/\/jumandeadsea.com\/fr\/produit\/lotion-corporelle-hydratante-aux-mineraux-de-la-mer-morte-menthe-fraiche-et-pomme-verte\/\" \/>\n<meta property=\"og:locale\" content=\"fr_FR\" \/>\n<meta property=\"og:type\" content=\"article\" \/>\n<meta property=\"og:title\" content=\"LOTION CORPORELLE HYDRATANTE AUX MIN\u00c9RAUX DE LA MER MORTE (MENTHE FRA\u00ceCHE ET POMME VERTE) - Juman Dead Sea\" \/>\n<meta property=\"og:description\" content=\"Cette cr\u00e8me hydratante douce, non grasse et \u00e0 absorption rapide minimise le dess\u00e8chement et prot\u00e8ge contre les ger\u00e7ures lorsqu&#039;elle est utilis\u00e9e r\u00e9guli\u00e8rement.  MENTHE FRA\u00ceCHE ET POMME VERTE  FORMULE NON GRASSE \u00c0 ABSORPTION RAPIDE  HUMIDIT\u00c9 DE 24 HEURES\" \/>\n<meta property=\"og:url\" content=\"https:\/\/jumandeadsea.com\/fr\/produit\/lotion-corporelle-hydratante-aux-mineraux-de-la-mer-morte-menthe-fraiche-et-pomme-verte\/\" \/>\n<meta property=\"og:site_name\" content=\"Juman Dead Sea\" \/>\n<meta name=\"twitter:card\" content=\"summary_large_image\" \/>\n<meta name=\"twitter:label1\" content=\"Dur\u00e9e de lecture estim\u00e9e\" \/>\n\t<meta name=\"twitter:data1\" content=\"1 minute\" \/>\n<script type=\"application\/ld+json\" class=\"yoast-schema-graph\">{\"@context\":\"https:\\\/\\\/schema.org\",\"@graph\":[{\"@type\":\"WebPage\",\"@id\":\"https:\\\/\\\/jumandeadsea.com\\\/fr\\\/produit\\\/lotion-corporelle-hydratante-aux-mineraux-de-la-mer-morte-menthe-fraiche-et-pomme-verte\\\/\",\"url\":\"https:\\\/\\\/jumandeadsea.com\\\/fr\\\/produit\\\/lotion-corporelle-hydratante-aux-mineraux-de-la-mer-morte-menthe-fraiche-et-pomme-verte\\\/\",\"name\":\"LOTION CORPORELLE HYDRATANTE AUX MIN\u00c9RAUX DE LA MER MORTE (MENTHE FRA\u00ceCHE ET POMME VERTE) - Juman Dead Sea\",\"isPartOf\":{\"@id\":\"https:\\\/\\\/jumandeadsea.com\\\/fr\\\/#website\"},\"primaryImageOfPage\":{\"@id\":\"https:\\\/\\\/jumandeadsea.com\\\/fr\\\/produit\\\/lotion-corporelle-hydratante-aux-mineraux-de-la-mer-morte-menthe-fraiche-et-pomme-verte\\\/#primaryimage\"},\"image\":{\"@id\":\"https:\\\/\\\/jumandeadsea.com\\\/fr\\\/produit\\\/lotion-corporelle-hydratante-aux-mineraux-de-la-mer-morte-menthe-fraiche-et-pomme-verte\\\/#primaryimage\"},\"thumbnailUrl\":\"https:\\\/\\\/jumandeadsea.com\\\/wp-content\\\/uploads\\\/MOISTURIZING-BODY-LOTION-WITH-DEAD-SEA-MINERALS-BLUE.png\",\"datePublished\":\"2024-11-18T17:30:21+00:00\",\"breadcrumb\":{\"@id\":\"https:\\\/\\\/jumandeadsea.com\\\/fr\\\/produit\\\/lotion-corporelle-hydratante-aux-mineraux-de-la-mer-morte-menthe-fraiche-et-pomme-verte\\\/#breadcrumb\"},\"inLanguage\":\"fr-FR\",\"potentialAction\":[{\"@type\":\"ReadAction\",\"target\":[\"https:\\\/\\\/jumandeadsea.com\\\/fr\\\/produit\\\/lotion-corporelle-hydratante-aux-mineraux-de-la-mer-morte-menthe-fraiche-et-pomme-verte\\\/\"]}]},{\"@type\":\"ImageObject\",\"inLanguage\":\"fr-FR\",\"@id\":\"https:\\\/\\\/jumandeadsea.com\\\/fr\\\/produit\\\/lotion-corporelle-hydratante-aux-mineraux-de-la-mer-morte-menthe-fraiche-et-pomme-verte\\\/#primaryimage\",\"url\":\"https:\\\/\\\/jumandeadsea.com\\\/wp-content\\\/uploads\\\/MOISTURIZING-BODY-LOTION-WITH-DEAD-SEA-MINERALS-BLUE.png\",\"contentUrl\":\"https:\\\/\\\/jumandeadsea.com\\\/wp-content\\\/uploads\\\/MOISTURIZING-BODY-LOTION-WITH-DEAD-SEA-MINERALS-BLUE.png\",\"width\":1500,\"height\":1125},{\"@type\":\"BreadcrumbList\",\"@id\":\"https:\\\/\\\/jumandeadsea.com\\\/fr\\\/produit\\\/lotion-corporelle-hydratante-aux-mineraux-de-la-mer-morte-menthe-fraiche-et-pomme-verte\\\/#breadcrumb\",\"itemListElement\":[{\"@type\":\"ListItem\",\"position\":1,\"name\":\"Home\",\"item\":\"https:\\\/\\\/jumandeadsea.com\\\/fr\\\/\"},{\"@type\":\"ListItem\",\"position\":2,\"name\":\"Boutique\",\"item\":\"https:\\\/\\\/jumandeadsea.com\\\/shop\\\/\"},{\"@type\":\"ListItem\",\"position\":3,\"name\":\"Lotion Corporelle Hydratante Aux Min\u00c9raux De La Mer Morte (menthe Fra\u00ceche Et Pomme Verte)\"}]},{\"@type\":\"WebSite\",\"@id\":\"https:\\\/\\\/jumandeadsea.com\\\/fr\\\/#website\",\"url\":\"https:\\\/\\\/jumandeadsea.com\\\/fr\\\/\",\"name\":\"Juman Dead Sea\",\"description\":\"Authentic Dead Sea Mineral Skincare for Sensitive, Healthy Skin\",\"potentialAction\":[{\"@type\":\"SearchAction\",\"target\":{\"@type\":\"EntryPoint\",\"urlTemplate\":\"https:\\\/\\\/jumandeadsea.com\\\/fr\\\/?s={search_term_string}\"},\"query-input\":{\"@type\":\"PropertyValueSpecification\",\"valueRequired\":true,\"valueName\":\"search_term_string\"}}],\"inLanguage\":\"fr-FR\"}]}<\/script>\n<!-- \/ Yoast SEO plugin. -->","yoast_head_json":{"title":"LOTION CORPORELLE HYDRATANTE AUX MIN\u00c9RAUX DE LA MER MORTE (MENTHE FRA\u00ceCHE ET POMME VERTE) - Juman Dead Sea","robots":{"index":"index","follow":"follow","max-snippet":"max-snippet:-1","max-image-preview":"max-image-preview:large","max-video-preview":"max-video-preview:-1"},"canonical":"https:\/\/jumandeadsea.com\/fr\/produit\/lotion-corporelle-hydratante-aux-mineraux-de-la-mer-morte-menthe-fraiche-et-pomme-verte\/","og_locale":"fr_FR","og_type":"article","og_title":"LOTION CORPORELLE HYDRATANTE AUX MIN\u00c9RAUX DE LA MER MORTE (MENTHE FRA\u00ceCHE ET POMME VERTE) - Juman Dead Sea","og_description":"Cette cr\u00e8me hydratante douce, non grasse et \u00e0 absorption rapide minimise le dess\u00e8chement et prot\u00e8ge contre les ger\u00e7ures lorsqu'elle est utilis\u00e9e r\u00e9guli\u00e8rement.  MENTHE FRA\u00ceCHE ET POMME VERTE  FORMULE NON GRASSE \u00c0 ABSORPTION RAPIDE  HUMIDIT\u00c9 DE 24 HEURES","og_url":"https:\/\/jumandeadsea.com\/fr\/produit\/lotion-corporelle-hydratante-aux-mineraux-de-la-mer-morte-menthe-fraiche-et-pomme-verte\/","og_site_name":"Juman Dead Sea","twitter_card":"summary_large_image","twitter_misc":{"Dur\u00e9e de lecture estim\u00e9e":"1 minute"},"schema":{"@context":"https:\/\/schema.org","@graph":[{"@type":"WebPage","@id":"https:\/\/jumandeadsea.com\/fr\/produit\/lotion-corporelle-hydratante-aux-mineraux-de-la-mer-morte-menthe-fraiche-et-pomme-verte\/","url":"https:\/\/jumandeadsea.com\/fr\/produit\/lotion-corporelle-hydratante-aux-mineraux-de-la-mer-morte-menthe-fraiche-et-pomme-verte\/","name":"LOTION CORPORELLE HYDRATANTE AUX MIN\u00c9RAUX DE LA MER MORTE (MENTHE FRA\u00ceCHE ET POMME VERTE) - Juman Dead Sea","isPartOf":{"@id":"https:\/\/jumandeadsea.com\/fr\/#website"},"primaryImageOfPage":{"@id":"https:\/\/jumandeadsea.com\/fr\/produit\/lotion-corporelle-hydratante-aux-mineraux-de-la-mer-morte-menthe-fraiche-et-pomme-verte\/#primaryimage"},"image":{"@id":"https:\/\/jumandeadsea.com\/fr\/produit\/lotion-corporelle-hydratante-aux-mineraux-de-la-mer-morte-menthe-fraiche-et-pomme-verte\/#primaryimage"},"thumbnailUrl":"https:\/\/jumandeadsea.com\/wp-content\/uploads\/MOISTURIZING-BODY-LOTION-WITH-DEAD-SEA-MINERALS-BLUE.png","datePublished":"2024-11-18T17:30:21+00:00","breadcrumb":{"@id":"https:\/\/jumandeadsea.com\/fr\/produit\/lotion-corporelle-hydratante-aux-mineraux-de-la-mer-morte-menthe-fraiche-et-pomme-verte\/#breadcrumb"},"inLanguage":"fr-FR","potentialAction":[{"@type":"ReadAction","target":["https:\/\/jumandeadsea.com\/fr\/produit\/lotion-corporelle-hydratante-aux-mineraux-de-la-mer-morte-menthe-fraiche-et-pomme-verte\/"]}]},{"@type":"ImageObject","inLanguage":"fr-FR","@id":"https:\/\/jumandeadsea.com\/fr\/produit\/lotion-corporelle-hydratante-aux-mineraux-de-la-mer-morte-menthe-fraiche-et-pomme-verte\/#primaryimage","url":"https:\/\/jumandeadsea.com\/wp-content\/uploads\/MOISTURIZING-BODY-LOTION-WITH-DEAD-SEA-MINERALS-BLUE.png","contentUrl":"https:\/\/jumandeadsea.com\/wp-content\/uploads\/MOISTURIZING-BODY-LOTION-WITH-DEAD-SEA-MINERALS-BLUE.png","width":1500,"height":1125},{"@type":"BreadcrumbList","@id":"https:\/\/jumandeadsea.com\/fr\/produit\/lotion-corporelle-hydratante-aux-mineraux-de-la-mer-morte-menthe-fraiche-et-pomme-verte\/#breadcrumb","itemListElement":[{"@type":"ListItem","position":1,"name":"Home","item":"https:\/\/jumandeadsea.com\/fr\/"},{"@type":"ListItem","position":2,"name":"Boutique","item":"https:\/\/jumandeadsea.com\/shop\/"},{"@type":"ListItem","position":3,"name":"Lotion Corporelle Hydratante Aux Min\u00c9raux De La Mer Morte (menthe Fra\u00ceche Et Pomme Verte)"}]},{"@type":"WebSite","@id":"https:\/\/jumandeadsea.com\/fr\/#website","url":"https:\/\/jumandeadsea.com\/fr\/","name":"Juman Dead Sea","description":"Authentic Dead Sea Mineral Skincare for Sensitive, Healthy Skin","potentialAction":[{"@type":"SearchAction","target":{"@type":"EntryPoint","urlTemplate":"https:\/\/jumandeadsea.com\/fr\/?s={search_term_string}"},"query-input":{"@type":"PropertyValueSpecification","valueRequired":true,"valueName":"search_term_string"}}],"inLanguage":"fr-FR"}]}},"_links":{"self":[{"href":"https:\/\/jumandeadsea.com\/fr\/wp-json\/wp\/v2\/product\/326674","targetHints":{"allow":["GET"]}}],"collection":[{"href":"https:\/\/jumandeadsea.com\/fr\/wp-json\/wp\/v2\/product"}],"about":[{"href":"https:\/\/jumandeadsea.com\/fr\/wp-json\/wp\/v2\/types\/product"}],"replies":[{"embeddable":true,"href":"https:\/\/jumandeadsea.com\/fr\/wp-json\/wp\/v2\/comments?post=326674"}],"wp:featuredmedia":[{"embeddable":true,"href":"https:\/\/jumandeadsea.com\/fr\/wp-json\/wp\/v2\/media\/2005"}],"wp:attachment":[{"href":"https:\/\/jumandeadsea.com\/fr\/wp-json\/wp\/v2\/media?parent=326674"}],"wp:term":[{"taxonomy":"product_brand","embeddable":true,"href":"https:\/\/jumandeadsea.com\/fr\/wp-json\/wp\/v2\/product_brand?post=326674"},{"taxonomy":"product_cat","embeddable":true,"href":"https:\/\/jumandeadsea.com\/fr\/wp-json\/wp\/v2\/product_cat?post=326674"},{"taxonomy":"product_tag","embeddable":true,"href":"https:\/\/jumandeadsea.com\/fr\/wp-json\/wp\/v2\/product_tag?post=326674"}],"curies":[{"name":"wp","href":"https:\/\/api.w.org\/{rel}","templated":true}]}}