{"id":326670,"date":"2024-11-18T17:30:24","date_gmt":"2024-11-18T17:30:24","guid":{"rendered":"https:\/\/jumandeadsea.com\/product\/shampooing-a-la-boue-minerale-avec-des-mineraux-de-la-mer-morte\/"},"modified":"2025-04-07T10:53:16","modified_gmt":"2025-04-07T10:53:16","slug":"shampooing-a-la-boue-minerale-avec-des-mineraux-de-la-mer-morte","status":"publish","type":"product","link":"https:\/\/jumandeadsea.com\/fr\/produit\/shampooing-a-la-boue-minerale-avec-des-mineraux-de-la-mer-morte\/","title":{"rendered":"Shampooing \u00c0 La Boue Min\u00c9rale Avec Des Min\u00c9raux De La Mer Morte"},"content":{"rendered":"\n    <div class=\"shortcode-accordion\">\n        <h3 class=\"accordion-header\">Ingr\u00e9dients<\/h3>\n        <div class=\"accordion-content\" style=\"display: none;\">\n            \n<p>Jus de feuilles d&rsquo;Aloe Barbadensis (Aloe Vera), huile de coco (Cocos Nucifera), huile d&rsquo;amande douce (Prunus Amygdalus Dulcis), extrait de camomille (Chamomile Recutita), boue de la mer Morte (Maris Limus), huile de feuilles de Melaleuca Alternifilia (Tea Tree), tocoph\u00e9rol (vitamine E).<\/p>\n<ul>\n<li><em>Boue de la mer Morte :<\/em> la forte concentration de min\u00e9raux et de nutriments nourrit le cuir chevelu, favorise une croissance saine des cheveux et r\u00e9duit le psoriasis du cuir chevelu.<\/li>\n<li><em>Jus de feuilles d&rsquo;aloe vera : il<\/em> contient des enzymes qui r\u00e9parent les cellules mortes du cuir chevelu. Il agit \u00e9galement comme un revitalisant et rend vos cheveux lisses et brillants. Il favorise la croissance des cheveux et pr\u00e9vient les d\u00e9mangeaisons du cuir chevelu.  <\/li>\n<li>L<em>&lsquo;huile de noix de coco :<\/em> donne de l&rsquo;\u00e9clat, de la brillance et de la douceur aux cheveux. Elle pr\u00e9vient \u00e9galement les cassures et les pointes fourchues, contribuant ainsi \u00e0 la longueur des cheveux. <\/li>\n<li><em>Huile d&rsquo;amande douce : <\/em>restaure la couche d&rsquo;huile naturelle sur les m\u00e8ches de cheveux pour traiter les cheveux secs, leur donner une belle brillance, tout en les rendant plus faciles \u00e0 coiffer et \u00e0 d\u00e9m\u00ealer.<\/li>\n<li><em>Extrait de camomille : <\/em>c&rsquo;est un agent antipelliculaire naturel, il hydrate \u00e9galement le cuir chevelu, soulageant ainsi les irritations et les d\u00e9mangeaisons associ\u00e9es \u00e0 la s\u00e9cheresse.<\/li>\n<li><em>Huile de feuilles d&rsquo;arbre \u00e0 th\u00e9 : <\/em>non seulement connue pour ses propri\u00e9t\u00e9s antifongiques et antibact\u00e9riennes, elle peut \u00e9galement favoriser la croissance des cheveux en aidant \u00e0 d\u00e9sengorger les follicules pileux et \u00e0 nourrir les racines.<\/li>\n<li><em>Vitamine E : <\/em>contribue \u00e0 am\u00e9liorer la sant\u00e9 g\u00e9n\u00e9rale du cuir chevelu et des cheveux. Elle am\u00e9liore la circulation dans le cuir chevelu et fournit des antioxydants qui aident \u00e0 r\u00e9parer les follicules pileux endommag\u00e9s. <\/li>\n<\/ul>\n<p><strong>\n        <\/div>\n    <\/div><br \/>\n\n    <div class=\"shortcode-accordion\">\n        <h3 class=\"accordion-header\">Mode d&#039;emploi :<\/h3>\n        <div class=\"accordion-content\" style=\"display: none;\">\n            <\/strong><\/p>\n<p>Appliquez une quantit\u00e9 appropri\u00e9e de shampooing sur les cheveux et le cuir chevelu mouill\u00e9s, massez doucement, puis rincez \u00e0 l&rsquo;eau ti\u00e8de.<\/p>\n<p>\n        <\/div>\n    <\/div><br \/>\n\n    <div class=\"shortcode-accordion\">\n        <h3 class=\"accordion-header\">Informations sur le produit<\/h3>\n        <div class=\"accordion-content\" style=\"display: none;\">\n            <\/p>\n<p>&#8211; CPNP : 3471859<\/p>\n<p>&#8211; Poids : 200ml<\/p>\n<p>\n        <\/div>\n    <\/div><\/p>\n","protected":false},"excerpt":{"rendered":"<p>D\u00e9couvrez les merveilles de la beaut\u00e9 naturelle de la boue de la mer Morte, riche en min\u00e9raux, en utilisant ce shampooing. Sa formule unique, enrichie de boue de la mer Morte et d&rsquo;extraits de plantes, nettoie et nourrit les racines et le cuir chevelu, rendant vos cheveux lisses et forts, avec un parfum d\u00e9licat et durable. Ce shampooing peut \u00eatre utilis\u00e9 quotidiennement.  <\/p>\n","protected":false},"featured_media":1454,"comment_status":"open","ping_status":"closed","template":"","meta":{"_et_pb_use_builder":"","_et_pb_old_content":"","_et_gb_content_width":""},"product_brand":[],"product_cat":[107,111],"product_tag":[],"class_list":{"0":"post-326670","1":"product","2":"type-product","3":"status-publish","4":"has-post-thumbnail","6":"product_cat-soins-capillaires","7":"product_cat-soins-capillaires-mineraux","9":"first","10":"instock","11":"shipping-taxable","12":"purchasable","13":"product-type-simple"},"yoast_head":"<!-- This site is optimized with the Yoast SEO plugin v27.3 - https:\/\/yoast.com\/product\/yoast-seo-wordpress\/ -->\n<title>SHAMPOOING \u00c0 LA BOUE MIN\u00c9RALE AVEC DES MIN\u00c9RAUX DE LA MER MORTE - Juman Dead Sea<\/title>\n<meta name=\"robots\" content=\"index, follow, max-snippet:-1, max-image-preview:large, max-video-preview:-1\" \/>\n<link rel=\"canonical\" href=\"https:\/\/jumandeadsea.com\/fr\/produit\/shampooing-a-la-boue-minerale-avec-des-mineraux-de-la-mer-morte\/\" \/>\n<meta property=\"og:locale\" content=\"fr_FR\" \/>\n<meta property=\"og:type\" content=\"article\" \/>\n<meta property=\"og:title\" content=\"SHAMPOOING \u00c0 LA BOUE MIN\u00c9RALE AVEC DES MIN\u00c9RAUX DE LA MER MORTE - Juman Dead Sea\" \/>\n<meta property=\"og:description\" content=\"D\u00e9couvrez les merveilles de la beaut\u00e9 naturelle de la boue de la mer Morte, riche en min\u00e9raux, en utilisant ce shampooing. Sa formule unique, enrichie de boue de la mer Morte et d&#039;extraits de plantes, nettoie et nourrit les racines et le cuir chevelu, rendant vos cheveux lisses et forts, avec un parfum d\u00e9licat et durable. Ce shampooing peut \u00eatre utilis\u00e9 quotidiennement.\" \/>\n<meta property=\"og:url\" content=\"https:\/\/jumandeadsea.com\/fr\/produit\/shampooing-a-la-boue-minerale-avec-des-mineraux-de-la-mer-morte\/\" \/>\n<meta property=\"og:site_name\" content=\"Juman Dead Sea\" \/>\n<meta property=\"article:modified_time\" content=\"2025-04-07T10:53:16+00:00\" \/>\n<meta property=\"og:image\" content=\"https:\/\/jumandeadsea.com\/wp-content\/uploads\/MUD-SHAMPOO-_box-bottle.png\" \/>\n\t<meta property=\"og:image:width\" content=\"1500\" \/>\n\t<meta property=\"og:image:height\" content=\"1500\" \/>\n\t<meta property=\"og:image:type\" content=\"image\/png\" \/>\n<meta name=\"twitter:card\" content=\"summary_large_image\" \/>\n<meta name=\"twitter:label1\" content=\"Dur\u00e9e de lecture estim\u00e9e\" \/>\n\t<meta name=\"twitter:data1\" content=\"2 minutes\" \/>\n<script type=\"application\/ld+json\" class=\"yoast-schema-graph\">{\"@context\":\"https:\\\/\\\/schema.org\",\"@graph\":[{\"@type\":\"WebPage\",\"@id\":\"https:\\\/\\\/jumandeadsea.com\\\/fr\\\/produit\\\/shampooing-a-la-boue-minerale-avec-des-mineraux-de-la-mer-morte\\\/\",\"url\":\"https:\\\/\\\/jumandeadsea.com\\\/fr\\\/produit\\\/shampooing-a-la-boue-minerale-avec-des-mineraux-de-la-mer-morte\\\/\",\"name\":\"SHAMPOOING \u00c0 LA BOUE MIN\u00c9RALE AVEC DES MIN\u00c9RAUX DE LA MER MORTE - Juman Dead Sea\",\"isPartOf\":{\"@id\":\"https:\\\/\\\/jumandeadsea.com\\\/fr\\\/#website\"},\"primaryImageOfPage\":{\"@id\":\"https:\\\/\\\/jumandeadsea.com\\\/fr\\\/produit\\\/shampooing-a-la-boue-minerale-avec-des-mineraux-de-la-mer-morte\\\/#primaryimage\"},\"image\":{\"@id\":\"https:\\\/\\\/jumandeadsea.com\\\/fr\\\/produit\\\/shampooing-a-la-boue-minerale-avec-des-mineraux-de-la-mer-morte\\\/#primaryimage\"},\"thumbnailUrl\":\"https:\\\/\\\/jumandeadsea.com\\\/wp-content\\\/uploads\\\/MUD-SHAMPOO-_box-bottle.png\",\"datePublished\":\"2024-11-18T17:30:24+00:00\",\"dateModified\":\"2025-04-07T10:53:16+00:00\",\"breadcrumb\":{\"@id\":\"https:\\\/\\\/jumandeadsea.com\\\/fr\\\/produit\\\/shampooing-a-la-boue-minerale-avec-des-mineraux-de-la-mer-morte\\\/#breadcrumb\"},\"inLanguage\":\"fr-FR\",\"potentialAction\":[{\"@type\":\"ReadAction\",\"target\":[\"https:\\\/\\\/jumandeadsea.com\\\/fr\\\/produit\\\/shampooing-a-la-boue-minerale-avec-des-mineraux-de-la-mer-morte\\\/\"]}]},{\"@type\":\"ImageObject\",\"inLanguage\":\"fr-FR\",\"@id\":\"https:\\\/\\\/jumandeadsea.com\\\/fr\\\/produit\\\/shampooing-a-la-boue-minerale-avec-des-mineraux-de-la-mer-morte\\\/#primaryimage\",\"url\":\"https:\\\/\\\/jumandeadsea.com\\\/wp-content\\\/uploads\\\/MUD-SHAMPOO-_box-bottle.png\",\"contentUrl\":\"https:\\\/\\\/jumandeadsea.com\\\/wp-content\\\/uploads\\\/MUD-SHAMPOO-_box-bottle.png\",\"width\":1500,\"height\":1500},{\"@type\":\"BreadcrumbList\",\"@id\":\"https:\\\/\\\/jumandeadsea.com\\\/fr\\\/produit\\\/shampooing-a-la-boue-minerale-avec-des-mineraux-de-la-mer-morte\\\/#breadcrumb\",\"itemListElement\":[{\"@type\":\"ListItem\",\"position\":1,\"name\":\"Home\",\"item\":\"https:\\\/\\\/jumandeadsea.com\\\/fr\\\/\"},{\"@type\":\"ListItem\",\"position\":2,\"name\":\"Boutique\",\"item\":\"https:\\\/\\\/jumandeadsea.com\\\/shop\\\/\"},{\"@type\":\"ListItem\",\"position\":3,\"name\":\"Shampooing \u00c0 La Boue Min\u00c9rale Avec Des Min\u00c9raux De La Mer Morte\"}]},{\"@type\":\"WebSite\",\"@id\":\"https:\\\/\\\/jumandeadsea.com\\\/fr\\\/#website\",\"url\":\"https:\\\/\\\/jumandeadsea.com\\\/fr\\\/\",\"name\":\"Juman Dead Sea\",\"description\":\"Authentic Dead Sea Mineral Skincare for Sensitive, Healthy Skin\",\"potentialAction\":[{\"@type\":\"SearchAction\",\"target\":{\"@type\":\"EntryPoint\",\"urlTemplate\":\"https:\\\/\\\/jumandeadsea.com\\\/fr\\\/?s={search_term_string}\"},\"query-input\":{\"@type\":\"PropertyValueSpecification\",\"valueRequired\":true,\"valueName\":\"search_term_string\"}}],\"inLanguage\":\"fr-FR\"}]}<\/script>\n<!-- \/ Yoast SEO plugin. -->","yoast_head_json":{"title":"SHAMPOOING \u00c0 LA BOUE MIN\u00c9RALE AVEC DES MIN\u00c9RAUX DE LA MER MORTE - Juman Dead Sea","robots":{"index":"index","follow":"follow","max-snippet":"max-snippet:-1","max-image-preview":"max-image-preview:large","max-video-preview":"max-video-preview:-1"},"canonical":"https:\/\/jumandeadsea.com\/fr\/produit\/shampooing-a-la-boue-minerale-avec-des-mineraux-de-la-mer-morte\/","og_locale":"fr_FR","og_type":"article","og_title":"SHAMPOOING \u00c0 LA BOUE MIN\u00c9RALE AVEC DES MIN\u00c9RAUX DE LA MER MORTE - Juman Dead Sea","og_description":"D\u00e9couvrez les merveilles de la beaut\u00e9 naturelle de la boue de la mer Morte, riche en min\u00e9raux, en utilisant ce shampooing. Sa formule unique, enrichie de boue de la mer Morte et d'extraits de plantes, nettoie et nourrit les racines et le cuir chevelu, rendant vos cheveux lisses et forts, avec un parfum d\u00e9licat et durable. Ce shampooing peut \u00eatre utilis\u00e9 quotidiennement.","og_url":"https:\/\/jumandeadsea.com\/fr\/produit\/shampooing-a-la-boue-minerale-avec-des-mineraux-de-la-mer-morte\/","og_site_name":"Juman Dead Sea","article_modified_time":"2025-04-07T10:53:16+00:00","og_image":[{"width":1500,"height":1500,"url":"https:\/\/jumandeadsea.com\/wp-content\/uploads\/MUD-SHAMPOO-_box-bottle.png","type":"image\/png"}],"twitter_card":"summary_large_image","twitter_misc":{"Dur\u00e9e de lecture estim\u00e9e":"2 minutes"},"schema":{"@context":"https:\/\/schema.org","@graph":[{"@type":"WebPage","@id":"https:\/\/jumandeadsea.com\/fr\/produit\/shampooing-a-la-boue-minerale-avec-des-mineraux-de-la-mer-morte\/","url":"https:\/\/jumandeadsea.com\/fr\/produit\/shampooing-a-la-boue-minerale-avec-des-mineraux-de-la-mer-morte\/","name":"SHAMPOOING \u00c0 LA BOUE MIN\u00c9RALE AVEC DES MIN\u00c9RAUX DE LA MER MORTE - Juman Dead Sea","isPartOf":{"@id":"https:\/\/jumandeadsea.com\/fr\/#website"},"primaryImageOfPage":{"@id":"https:\/\/jumandeadsea.com\/fr\/produit\/shampooing-a-la-boue-minerale-avec-des-mineraux-de-la-mer-morte\/#primaryimage"},"image":{"@id":"https:\/\/jumandeadsea.com\/fr\/produit\/shampooing-a-la-boue-minerale-avec-des-mineraux-de-la-mer-morte\/#primaryimage"},"thumbnailUrl":"https:\/\/jumandeadsea.com\/wp-content\/uploads\/MUD-SHAMPOO-_box-bottle.png","datePublished":"2024-11-18T17:30:24+00:00","dateModified":"2025-04-07T10:53:16+00:00","breadcrumb":{"@id":"https:\/\/jumandeadsea.com\/fr\/produit\/shampooing-a-la-boue-minerale-avec-des-mineraux-de-la-mer-morte\/#breadcrumb"},"inLanguage":"fr-FR","potentialAction":[{"@type":"ReadAction","target":["https:\/\/jumandeadsea.com\/fr\/produit\/shampooing-a-la-boue-minerale-avec-des-mineraux-de-la-mer-morte\/"]}]},{"@type":"ImageObject","inLanguage":"fr-FR","@id":"https:\/\/jumandeadsea.com\/fr\/produit\/shampooing-a-la-boue-minerale-avec-des-mineraux-de-la-mer-morte\/#primaryimage","url":"https:\/\/jumandeadsea.com\/wp-content\/uploads\/MUD-SHAMPOO-_box-bottle.png","contentUrl":"https:\/\/jumandeadsea.com\/wp-content\/uploads\/MUD-SHAMPOO-_box-bottle.png","width":1500,"height":1500},{"@type":"BreadcrumbList","@id":"https:\/\/jumandeadsea.com\/fr\/produit\/shampooing-a-la-boue-minerale-avec-des-mineraux-de-la-mer-morte\/#breadcrumb","itemListElement":[{"@type":"ListItem","position":1,"name":"Home","item":"https:\/\/jumandeadsea.com\/fr\/"},{"@type":"ListItem","position":2,"name":"Boutique","item":"https:\/\/jumandeadsea.com\/shop\/"},{"@type":"ListItem","position":3,"name":"Shampooing \u00c0 La Boue Min\u00c9rale Avec Des Min\u00c9raux De La Mer Morte"}]},{"@type":"WebSite","@id":"https:\/\/jumandeadsea.com\/fr\/#website","url":"https:\/\/jumandeadsea.com\/fr\/","name":"Juman Dead Sea","description":"Authentic Dead Sea Mineral Skincare for Sensitive, Healthy Skin","potentialAction":[{"@type":"SearchAction","target":{"@type":"EntryPoint","urlTemplate":"https:\/\/jumandeadsea.com\/fr\/?s={search_term_string}"},"query-input":{"@type":"PropertyValueSpecification","valueRequired":true,"valueName":"search_term_string"}}],"inLanguage":"fr-FR"}]}},"_links":{"self":[{"href":"https:\/\/jumandeadsea.com\/fr\/wp-json\/wp\/v2\/product\/326670","targetHints":{"allow":["GET"]}}],"collection":[{"href":"https:\/\/jumandeadsea.com\/fr\/wp-json\/wp\/v2\/product"}],"about":[{"href":"https:\/\/jumandeadsea.com\/fr\/wp-json\/wp\/v2\/types\/product"}],"replies":[{"embeddable":true,"href":"https:\/\/jumandeadsea.com\/fr\/wp-json\/wp\/v2\/comments?post=326670"}],"wp:featuredmedia":[{"embeddable":true,"href":"https:\/\/jumandeadsea.com\/fr\/wp-json\/wp\/v2\/media\/1454"}],"wp:attachment":[{"href":"https:\/\/jumandeadsea.com\/fr\/wp-json\/wp\/v2\/media?parent=326670"}],"wp:term":[{"taxonomy":"product_brand","embeddable":true,"href":"https:\/\/jumandeadsea.com\/fr\/wp-json\/wp\/v2\/product_brand?post=326670"},{"taxonomy":"product_cat","embeddable":true,"href":"https:\/\/jumandeadsea.com\/fr\/wp-json\/wp\/v2\/product_cat?post=326670"},{"taxonomy":"product_tag","embeddable":true,"href":"https:\/\/jumandeadsea.com\/fr\/wp-json\/wp\/v2\/product_tag?post=326670"}],"curies":[{"name":"wp","href":"https:\/\/api.w.org\/{rel}","templated":true}]}}