{"id":326667,"date":"2024-11-18T17:30:22","date_gmt":"2024-11-18T17:30:22","guid":{"rendered":"https:\/\/jumandeadsea.com\/product\/masque-facial-hydratant-a-la-boue-de-la-mer-morte-et-au-beurre-de-karite\/"},"modified":"2024-11-18T17:30:22","modified_gmt":"2024-11-18T17:30:22","slug":"masque-facial-hydratant-a-la-boue-de-la-mer-morte-et-au-beurre-de-karite","status":"publish","type":"product","link":"https:\/\/jumandeadsea.com\/fr\/produit\/masque-facial-hydratant-a-la-boue-de-la-mer-morte-et-au-beurre-de-karite\/","title":{"rendered":"Masque Facial Hydratant \u00c0 La Boue De La Mer Morte Et Au Beurre De Karit\u00c9"},"content":{"rendered":"\n    <div class=\"shortcode-accordion\">\n        <h3 class=\"accordion-header\">Ingr\u00e9dients<\/h3>\n        <div class=\"accordion-content\" style=\"display: none;\">\n            \n<p>Maris Limus (boue de la mer Morte), Butyrospermum Parkii (beurre de karit\u00e9), Theobroma Cacao (beurre de cacao), Anthemis Nobilis (extrait de camomille), D-Panth\u00e9nol (vitamine B5), Tocoph\u00e9rol (vitamine E), Arctostaphylos Uva-Ursi (extrait de feuille de busserole).<\/p>\n<ul>\n<li><em>Boue de la mer Morte :<\/em> aide \u00e0 r\u00e9tablir l&rsquo;hydratation de la peau, soulageant la s\u00e9cheresse et l&rsquo;irritation. Elle a un effet anti-\u00e2ge et tonifiant, r\u00e9duisant ainsi les ridules et les pores. <\/li>\n<li><em>Beurre de karit\u00e9 :<\/em> il poss\u00e8de des propri\u00e9t\u00e9s apaisantes et anti-\u00e2ge qui peuvent donner \u00e0 la peau une apparence plus lisse et r\u00e9duire le vieillissement.<\/li>\n<li><em>Beurre de cacao :<\/em> riche en acides gras, il est utilis\u00e9 pour hydrater et nourrir la peau et am\u00e9liorer son \u00e9lasticit\u00e9.<\/li>\n<li><em>Extrait de camomille :<\/em> poss\u00e8de de nombreuses et puissantes propri\u00e9t\u00e9s antibact\u00e9riennes et antiseptiques, et contient des huiles essentielles et des antioxydants.<\/li>\n<li><em>Vitamine B5 :<\/em> aide \u00e0 garder la peau douce, lisse et saine.<\/li>\n<li><em>Vitamine E :<\/em> aide \u00e0 prot\u00e9ger la peau des dommages caus\u00e9s par les UV et a des effets hydratants.<\/li>\n<li><em>Extrait de feuille de busserole :<\/em> \u00e9claircissant pour la peau, riche en tyrosinase, une enzyme responsable du contr\u00f4le de la production de m\u00e9lanine dans la peau. Il offre \u00e9galement une protection contre les UV, ce qui le rend efficace pour \u00e9claircir le teint de la peau et r\u00e9duire la pigmentation.<\/li>\n<\/ul>\n<p>\n        <\/div>\n    <\/div><br \/>\n\n    <div class=\"shortcode-accordion\">\n        <h3 class=\"accordion-header\">Mode d&#039;emploi :<\/h3>\n        <div class=\"accordion-content\" style=\"display: none;\">\n            <\/p>\n<p>Appliquez une couche sur le visage, laissez s\u00e9cher (15-20) minutes, puis rincez \u00e0 l&rsquo;eau ti\u00e8de. Il est pr\u00e9f\u00e9rable d&rsquo;hydrater le visage avec une cr\u00e8me hydratante apr\u00e8s avoir termin\u00e9. Pour de meilleurs r\u00e9sultats, utilisez ce produit 1 \u00e0 2 fois par semaine.  <\/p>\n<p>\n        <\/div>\n    <\/div><br \/>\n\n    <div class=\"shortcode-accordion\">\n        <h3 class=\"accordion-header\">Informations sur le produit<\/h3>\n        <div class=\"accordion-content\" style=\"display: none;\">\n            <\/p>\n<p>&#8211; CPNP : 3504576<\/p>\n<p>&#8211; Poids : 50gm<\/p>\n<p>\n        <\/div>\n    <\/div><\/p>\n","protected":false},"excerpt":{"rendered":"<p>Ce masque de boue pour le visage, riche et cr\u00e9meux, associe la boue naturelle de la mer Morte et le beurre de karit\u00e9 pour exfolier la peau et \u00e9liminer toutes les imperfections. Ce masque \u00e0 la texture lisse est enrichi en extraits de busserole et de camomille pour am\u00e9liorer la couleur et l&rsquo;apparence de la peau, laissant la peau douce, claire et uniforme. <\/p>\n<p><strong>ID\u00c9AL POUR LES PEAUX IRR\u00c9GULI\u00c8RES<\/strong><\/p>\n","protected":false},"featured_media":1858,"comment_status":"open","ping_status":"closed","template":"","meta":{"_et_pb_use_builder":"","_et_pb_old_content":"","_et_gb_content_width":""},"product_brand":[],"product_cat":[30,24],"product_tag":[],"class_list":{"0":"post-326667","1":"product","2":"type-product","3":"status-publish","4":"has-post-thumbnail","6":"product_cat-dead-sea-mud-masks","7":"product_cat-facial-care","9":"first","10":"instock","11":"shipping-taxable","12":"purchasable","13":"product-type-simple"},"yoast_head":"<!-- This site is optimized with the Yoast SEO plugin v27.3 - https:\/\/yoast.com\/product\/yoast-seo-wordpress\/ -->\n<title>MASQUE FACIAL HYDRATANT \u00c0 LA BOUE DE LA MER MORTE ET AU BEURRE DE KARIT\u00c9 - Juman Dead Sea<\/title>\n<meta name=\"robots\" content=\"index, follow, max-snippet:-1, max-image-preview:large, max-video-preview:-1\" \/>\n<link rel=\"canonical\" href=\"https:\/\/jumandeadsea.com\/fr\/produit\/masque-facial-hydratant-a-la-boue-de-la-mer-morte-et-au-beurre-de-karite\/\" \/>\n<meta property=\"og:locale\" content=\"fr_FR\" \/>\n<meta property=\"og:type\" content=\"article\" \/>\n<meta property=\"og:title\" content=\"MASQUE FACIAL HYDRATANT \u00c0 LA BOUE DE LA MER MORTE ET AU BEURRE DE KARIT\u00c9 - Juman Dead Sea\" \/>\n<meta property=\"og:description\" content=\"Ce masque de boue pour le visage, riche et cr\u00e9meux, associe la boue naturelle de la mer Morte et le beurre de karit\u00e9 pour exfolier la peau et \u00e9liminer toutes les imperfections. Ce masque \u00e0 la texture lisse est enrichi en extraits de busserole et de camomille pour am\u00e9liorer la couleur et l&#039;apparence de la peau, laissant la peau douce, claire et uniforme.  ID\u00c9AL POUR LES PEAUX IRR\u00c9GULI\u00c8RES\" \/>\n<meta property=\"og:url\" content=\"https:\/\/jumandeadsea.com\/fr\/produit\/masque-facial-hydratant-a-la-boue-de-la-mer-morte-et-au-beurre-de-karite\/\" \/>\n<meta property=\"og:site_name\" content=\"Juman Dead Sea\" \/>\n<meta name=\"twitter:card\" content=\"summary_large_image\" \/>\n<meta name=\"twitter:label1\" content=\"Dur\u00e9e de lecture estim\u00e9e\" \/>\n\t<meta name=\"twitter:data1\" content=\"1 minute\" \/>\n<script type=\"application\/ld+json\" class=\"yoast-schema-graph\">{\"@context\":\"https:\\\/\\\/schema.org\",\"@graph\":[{\"@type\":\"WebPage\",\"@id\":\"https:\\\/\\\/jumandeadsea.com\\\/fr\\\/produit\\\/masque-facial-hydratant-a-la-boue-de-la-mer-morte-et-au-beurre-de-karite\\\/\",\"url\":\"https:\\\/\\\/jumandeadsea.com\\\/fr\\\/produit\\\/masque-facial-hydratant-a-la-boue-de-la-mer-morte-et-au-beurre-de-karite\\\/\",\"name\":\"MASQUE FACIAL HYDRATANT \u00c0 LA BOUE DE LA MER MORTE ET AU BEURRE DE KARIT\u00c9 - Juman Dead Sea\",\"isPartOf\":{\"@id\":\"https:\\\/\\\/jumandeadsea.com\\\/fr\\\/#website\"},\"primaryImageOfPage\":{\"@id\":\"https:\\\/\\\/jumandeadsea.com\\\/fr\\\/produit\\\/masque-facial-hydratant-a-la-boue-de-la-mer-morte-et-au-beurre-de-karite\\\/#primaryimage\"},\"image\":{\"@id\":\"https:\\\/\\\/jumandeadsea.com\\\/fr\\\/produit\\\/masque-facial-hydratant-a-la-boue-de-la-mer-morte-et-au-beurre-de-karite\\\/#primaryimage\"},\"thumbnailUrl\":\"https:\\\/\\\/jumandeadsea.com\\\/wp-content\\\/uploads\\\/2-1.png\",\"datePublished\":\"2024-11-18T17:30:22+00:00\",\"breadcrumb\":{\"@id\":\"https:\\\/\\\/jumandeadsea.com\\\/fr\\\/produit\\\/masque-facial-hydratant-a-la-boue-de-la-mer-morte-et-au-beurre-de-karite\\\/#breadcrumb\"},\"inLanguage\":\"fr-FR\",\"potentialAction\":[{\"@type\":\"ReadAction\",\"target\":[\"https:\\\/\\\/jumandeadsea.com\\\/fr\\\/produit\\\/masque-facial-hydratant-a-la-boue-de-la-mer-morte-et-au-beurre-de-karite\\\/\"]}]},{\"@type\":\"ImageObject\",\"inLanguage\":\"fr-FR\",\"@id\":\"https:\\\/\\\/jumandeadsea.com\\\/fr\\\/produit\\\/masque-facial-hydratant-a-la-boue-de-la-mer-morte-et-au-beurre-de-karite\\\/#primaryimage\",\"url\":\"https:\\\/\\\/jumandeadsea.com\\\/wp-content\\\/uploads\\\/2-1.png\",\"contentUrl\":\"https:\\\/\\\/jumandeadsea.com\\\/wp-content\\\/uploads\\\/2-1.png\",\"width\":780,\"height\":810},{\"@type\":\"BreadcrumbList\",\"@id\":\"https:\\\/\\\/jumandeadsea.com\\\/fr\\\/produit\\\/masque-facial-hydratant-a-la-boue-de-la-mer-morte-et-au-beurre-de-karite\\\/#breadcrumb\",\"itemListElement\":[{\"@type\":\"ListItem\",\"position\":1,\"name\":\"Home\",\"item\":\"https:\\\/\\\/jumandeadsea.com\\\/fr\\\/\"},{\"@type\":\"ListItem\",\"position\":2,\"name\":\"Boutique\",\"item\":\"https:\\\/\\\/jumandeadsea.com\\\/shop\\\/\"},{\"@type\":\"ListItem\",\"position\":3,\"name\":\"Masque Facial Hydratant \u00c0 La Boue De La Mer Morte Et Au Beurre De Karit\u00c9\"}]},{\"@type\":\"WebSite\",\"@id\":\"https:\\\/\\\/jumandeadsea.com\\\/fr\\\/#website\",\"url\":\"https:\\\/\\\/jumandeadsea.com\\\/fr\\\/\",\"name\":\"Juman Dead Sea\",\"description\":\"Authentic Dead Sea Mineral Skincare for Sensitive, Healthy Skin\",\"potentialAction\":[{\"@type\":\"SearchAction\",\"target\":{\"@type\":\"EntryPoint\",\"urlTemplate\":\"https:\\\/\\\/jumandeadsea.com\\\/fr\\\/?s={search_term_string}\"},\"query-input\":{\"@type\":\"PropertyValueSpecification\",\"valueRequired\":true,\"valueName\":\"search_term_string\"}}],\"inLanguage\":\"fr-FR\"}]}<\/script>\n<!-- \/ Yoast SEO plugin. -->","yoast_head_json":{"title":"MASQUE FACIAL HYDRATANT \u00c0 LA BOUE DE LA MER MORTE ET AU BEURRE DE KARIT\u00c9 - Juman Dead Sea","robots":{"index":"index","follow":"follow","max-snippet":"max-snippet:-1","max-image-preview":"max-image-preview:large","max-video-preview":"max-video-preview:-1"},"canonical":"https:\/\/jumandeadsea.com\/fr\/produit\/masque-facial-hydratant-a-la-boue-de-la-mer-morte-et-au-beurre-de-karite\/","og_locale":"fr_FR","og_type":"article","og_title":"MASQUE FACIAL HYDRATANT \u00c0 LA BOUE DE LA MER MORTE ET AU BEURRE DE KARIT\u00c9 - Juman Dead Sea","og_description":"Ce masque de boue pour le visage, riche et cr\u00e9meux, associe la boue naturelle de la mer Morte et le beurre de karit\u00e9 pour exfolier la peau et \u00e9liminer toutes les imperfections. Ce masque \u00e0 la texture lisse est enrichi en extraits de busserole et de camomille pour am\u00e9liorer la couleur et l'apparence de la peau, laissant la peau douce, claire et uniforme.  ID\u00c9AL POUR LES PEAUX IRR\u00c9GULI\u00c8RES","og_url":"https:\/\/jumandeadsea.com\/fr\/produit\/masque-facial-hydratant-a-la-boue-de-la-mer-morte-et-au-beurre-de-karite\/","og_site_name":"Juman Dead Sea","twitter_card":"summary_large_image","twitter_misc":{"Dur\u00e9e de lecture estim\u00e9e":"1 minute"},"schema":{"@context":"https:\/\/schema.org","@graph":[{"@type":"WebPage","@id":"https:\/\/jumandeadsea.com\/fr\/produit\/masque-facial-hydratant-a-la-boue-de-la-mer-morte-et-au-beurre-de-karite\/","url":"https:\/\/jumandeadsea.com\/fr\/produit\/masque-facial-hydratant-a-la-boue-de-la-mer-morte-et-au-beurre-de-karite\/","name":"MASQUE FACIAL HYDRATANT \u00c0 LA BOUE DE LA MER MORTE ET AU BEURRE DE KARIT\u00c9 - Juman Dead Sea","isPartOf":{"@id":"https:\/\/jumandeadsea.com\/fr\/#website"},"primaryImageOfPage":{"@id":"https:\/\/jumandeadsea.com\/fr\/produit\/masque-facial-hydratant-a-la-boue-de-la-mer-morte-et-au-beurre-de-karite\/#primaryimage"},"image":{"@id":"https:\/\/jumandeadsea.com\/fr\/produit\/masque-facial-hydratant-a-la-boue-de-la-mer-morte-et-au-beurre-de-karite\/#primaryimage"},"thumbnailUrl":"https:\/\/jumandeadsea.com\/wp-content\/uploads\/2-1.png","datePublished":"2024-11-18T17:30:22+00:00","breadcrumb":{"@id":"https:\/\/jumandeadsea.com\/fr\/produit\/masque-facial-hydratant-a-la-boue-de-la-mer-morte-et-au-beurre-de-karite\/#breadcrumb"},"inLanguage":"fr-FR","potentialAction":[{"@type":"ReadAction","target":["https:\/\/jumandeadsea.com\/fr\/produit\/masque-facial-hydratant-a-la-boue-de-la-mer-morte-et-au-beurre-de-karite\/"]}]},{"@type":"ImageObject","inLanguage":"fr-FR","@id":"https:\/\/jumandeadsea.com\/fr\/produit\/masque-facial-hydratant-a-la-boue-de-la-mer-morte-et-au-beurre-de-karite\/#primaryimage","url":"https:\/\/jumandeadsea.com\/wp-content\/uploads\/2-1.png","contentUrl":"https:\/\/jumandeadsea.com\/wp-content\/uploads\/2-1.png","width":780,"height":810},{"@type":"BreadcrumbList","@id":"https:\/\/jumandeadsea.com\/fr\/produit\/masque-facial-hydratant-a-la-boue-de-la-mer-morte-et-au-beurre-de-karite\/#breadcrumb","itemListElement":[{"@type":"ListItem","position":1,"name":"Home","item":"https:\/\/jumandeadsea.com\/fr\/"},{"@type":"ListItem","position":2,"name":"Boutique","item":"https:\/\/jumandeadsea.com\/shop\/"},{"@type":"ListItem","position":3,"name":"Masque Facial Hydratant \u00c0 La Boue De La Mer Morte Et Au Beurre De Karit\u00c9"}]},{"@type":"WebSite","@id":"https:\/\/jumandeadsea.com\/fr\/#website","url":"https:\/\/jumandeadsea.com\/fr\/","name":"Juman Dead Sea","description":"Authentic Dead Sea Mineral Skincare for Sensitive, Healthy Skin","potentialAction":[{"@type":"SearchAction","target":{"@type":"EntryPoint","urlTemplate":"https:\/\/jumandeadsea.com\/fr\/?s={search_term_string}"},"query-input":{"@type":"PropertyValueSpecification","valueRequired":true,"valueName":"search_term_string"}}],"inLanguage":"fr-FR"}]}},"_links":{"self":[{"href":"https:\/\/jumandeadsea.com\/fr\/wp-json\/wp\/v2\/product\/326667","targetHints":{"allow":["GET"]}}],"collection":[{"href":"https:\/\/jumandeadsea.com\/fr\/wp-json\/wp\/v2\/product"}],"about":[{"href":"https:\/\/jumandeadsea.com\/fr\/wp-json\/wp\/v2\/types\/product"}],"replies":[{"embeddable":true,"href":"https:\/\/jumandeadsea.com\/fr\/wp-json\/wp\/v2\/comments?post=326667"}],"wp:featuredmedia":[{"embeddable":true,"href":"https:\/\/jumandeadsea.com\/fr\/wp-json\/wp\/v2\/media\/1858"}],"wp:attachment":[{"href":"https:\/\/jumandeadsea.com\/fr\/wp-json\/wp\/v2\/media?parent=326667"}],"wp:term":[{"taxonomy":"product_brand","embeddable":true,"href":"https:\/\/jumandeadsea.com\/fr\/wp-json\/wp\/v2\/product_brand?post=326667"},{"taxonomy":"product_cat","embeddable":true,"href":"https:\/\/jumandeadsea.com\/fr\/wp-json\/wp\/v2\/product_cat?post=326667"},{"taxonomy":"product_tag","embeddable":true,"href":"https:\/\/jumandeadsea.com\/fr\/wp-json\/wp\/v2\/product_tag?post=326667"}],"curies":[{"name":"wp","href":"https:\/\/api.w.org\/{rel}","templated":true}]}}