{"id":326663,"date":"2024-11-18T17:30:21","date_gmt":"2024-11-18T17:30:21","guid":{"rendered":"https:\/\/jumandeadsea.com\/product\/nettoyant-a-lhuile-darbre-a-the-et-aux-mineraux-de-la-mer-morte\/"},"modified":"2024-11-18T17:30:21","modified_gmt":"2024-11-18T17:30:21","slug":"nettoyant-a-lhuile-darbre-a-the-et-aux-mineraux-de-la-mer-morte","status":"publish","type":"product","link":"https:\/\/jumandeadsea.com\/fr\/produit\/nettoyant-a-lhuile-darbre-a-the-et-aux-mineraux-de-la-mer-morte\/","title":{"rendered":"Nettoyant \u00c0 L&rsquo;huile D&rsquo;arbre \u00c0 Th\u00c9 Et Aux Min\u00c9raux De La Mer Morte"},"content":{"rendered":"\n    <div class=\"shortcode-accordion\">\n        <h3 class=\"accordion-header\">Ingr\u00e9dients<\/h3>\n        <div class=\"accordion-content\" style=\"display: none;\">\n            \n<p>Maris Sal (sel de la mer morte), jus de feuilles d&rsquo;Aloe Barbadensis (Aloe Vera), huile de feuilles de Melaleuca Alternifolia (arbre \u00e0 th\u00e9), tocoph\u00e9rol (vitamine E), extrait de fleurs de Chamomilla Recutita (camomille).<\/p>\n<ul>\n<li><em>Sel de la mer morte :<\/em> Les sels organiques riches en magn\u00e9sium am\u00e9liorent l&rsquo;hydratation de la peau et r\u00e9duisent l&rsquo;inflammation des peaux s\u00e8ches.<\/li>\n<li><em>Jus de feuilles d&rsquo;aloe vera : <\/em>il poss\u00e8de de puissantes propri\u00e9t\u00e9s curatives qui se sont av\u00e9r\u00e9es efficaces pour traiter les coups de soleil et r\u00e9duire la visibilit\u00e9 des cicatrices ; il agit \u00e9galement comme un agent hydratant.<\/li>\n<li><em>Huile de feuilles d&rsquo;arbre \u00e0 th\u00e9 : <\/em>utilis\u00e9e pour traiter l&rsquo;acn\u00e9 et les imperfections, il est \u00e9galement prouv\u00e9 qu&rsquo;elle traite les infections fongiques de la peau et d&rsquo;autres affections cutan\u00e9es.<\/li>\n<li><em>Vitamine E<\/em>: cette vitamine liposoluble peut \u00eatre absorb\u00e9e par la peau. C&rsquo;est un antioxydant b\u00e9n\u00e9fique qui aide \u00e0 r\u00e9duire les dommages caus\u00e9s par les UV et le soleil sur la peau.<\/li>\n<li><em>Extrait de camomille : <\/em>poss\u00e8de d&rsquo;excellentes capacit\u00e9s \u00e0 neutraliser les irritants cutan\u00e9s, en plus de ses propri\u00e9t\u00e9s antibact\u00e9riennes et hypoallerg\u00e9niques qui aident \u00e0 soulager de nombreuses affections cutan\u00e9es associ\u00e9es \u00e0 la s\u00e9cheresse de la peau.<\/li>\n<\/ul>\n<p>&nbsp;<\/p>\n<p>\n        <\/div>\n    <\/div><br \/>\n\n    <div class=\"shortcode-accordion\">\n        <h3 class=\"accordion-header\">Mode d&#039;emploi :<\/h3>\n        <div class=\"accordion-content\" style=\"display: none;\">\n            <\/p>\n<p>Appliquer sur la peau humide. Massez doucement jusqu&rsquo;\u00e0 l&rsquo;obtention d&rsquo;une mousse, puis rincez \u00e0 l&rsquo;eau ti\u00e8de. Il peut \u00eatre utilis\u00e9 comme nettoyant quotidien pour le visage et les \u00e9paules.  <\/p>\n<p>\n        <\/div>\n    <\/div><br \/>\n\n    <div class=\"shortcode-accordion\">\n        <h3 class=\"accordion-header\">Informations sur le produit<\/h3>\n        <div class=\"accordion-content\" style=\"display: none;\">\n            <\/p>\n<p>&#8211; Poids : 190ml<\/p>\n<p>\n        <\/div>\n    <\/div><\/p>\n","protected":false},"excerpt":{"rendered":"<p>Ce nettoyant extr\u00eamement doux, apaisant, hydratant et non irritant contient de merveilleux ingr\u00e9dients nourrissants tels que des sels de la mer Morte, de l&rsquo;huile d&rsquo;arbre \u00e0 th\u00e9, de l&rsquo;extrait de camomille, de l&rsquo;extrait de romarin et du gel d&rsquo;aloe vera. Il est con\u00e7u pour les peaux grasses afin de leur offrir une exp\u00e9rience \u00e0 plusieurs niveaux qui purifie et \u00e9limine les impuret\u00e9s et les salet\u00e9s qui obstruent la peau, laissant votre peau parfaitement radieuse et saine avec une apparence impeccable. <\/p>\n<p><strong>ID\u00c9AL POUR LES PEAUX GRASSES<\/strong><\/p>\n","protected":false},"featured_media":2062,"comment_status":"closed","ping_status":"closed","template":"","meta":{"_et_pb_use_builder":"","_et_pb_old_content":"","_et_gb_content_width":""},"product_brand":[],"product_cat":[102],"product_tag":[],"class_list":{"0":"post-326663","1":"product","2":"type-product","3":"status-publish","4":"has-post-thumbnail","6":"product_cat-soins-du-visage","8":"first","9":"instock","10":"shipping-taxable","11":"purchasable","12":"product-type-simple"},"yoast_head":"<!-- This site is optimized with the Yoast SEO plugin v27.3 - https:\/\/yoast.com\/product\/yoast-seo-wordpress\/ -->\n<title>NETTOYANT \u00c0 L&#039;HUILE D&#039;ARBRE \u00c0 TH\u00c9 ET AUX MIN\u00c9RAUX DE LA MER MORTE - Juman Dead Sea<\/title>\n<meta name=\"robots\" content=\"index, follow, max-snippet:-1, max-image-preview:large, max-video-preview:-1\" \/>\n<link rel=\"canonical\" href=\"https:\/\/jumandeadsea.com\/fr\/produit\/nettoyant-a-lhuile-darbre-a-the-et-aux-mineraux-de-la-mer-morte\/\" \/>\n<meta property=\"og:locale\" content=\"fr_FR\" \/>\n<meta property=\"og:type\" content=\"article\" \/>\n<meta property=\"og:title\" content=\"NETTOYANT \u00c0 L&#039;HUILE D&#039;ARBRE \u00c0 TH\u00c9 ET AUX MIN\u00c9RAUX DE LA MER MORTE - Juman Dead Sea\" \/>\n<meta property=\"og:description\" content=\"Ce nettoyant extr\u00eamement doux, apaisant, hydratant et non irritant contient de merveilleux ingr\u00e9dients nourrissants tels que des sels de la mer Morte, de l&#039;huile d&#039;arbre \u00e0 th\u00e9, de l&#039;extrait de camomille, de l&#039;extrait de romarin et du gel d&#039;aloe vera. Il est con\u00e7u pour les peaux grasses afin de leur offrir une exp\u00e9rience \u00e0 plusieurs niveaux qui purifie et \u00e9limine les impuret\u00e9s et les salet\u00e9s qui obstruent la peau, laissant votre peau parfaitement radieuse et saine avec une apparence impeccable.  ID\u00c9AL POUR LES PEAUX GRASSES\" \/>\n<meta property=\"og:url\" content=\"https:\/\/jumandeadsea.com\/fr\/produit\/nettoyant-a-lhuile-darbre-a-the-et-aux-mineraux-de-la-mer-morte\/\" \/>\n<meta property=\"og:site_name\" content=\"Juman Dead Sea\" \/>\n<meta property=\"og:image\" content=\"https:\/\/jumandeadsea.com\/wp-content\/uploads\/Juman-Dead-Sea-Products-Premium-Line-e-catalog-12.png\" \/>\n\t<meta property=\"og:image:width\" content=\"783\" \/>\n\t<meta property=\"og:image:height\" content=\"1072\" \/>\n\t<meta property=\"og:image:type\" content=\"image\/png\" \/>\n<meta name=\"twitter:card\" content=\"summary_large_image\" \/>\n<meta name=\"twitter:label1\" content=\"Dur\u00e9e de lecture estim\u00e9e\" \/>\n\t<meta name=\"twitter:data1\" content=\"1 minute\" \/>\n<script type=\"application\/ld+json\" class=\"yoast-schema-graph\">{\"@context\":\"https:\\\/\\\/schema.org\",\"@graph\":[{\"@type\":\"WebPage\",\"@id\":\"https:\\\/\\\/jumandeadsea.com\\\/fr\\\/produit\\\/nettoyant-a-lhuile-darbre-a-the-et-aux-mineraux-de-la-mer-morte\\\/\",\"url\":\"https:\\\/\\\/jumandeadsea.com\\\/fr\\\/produit\\\/nettoyant-a-lhuile-darbre-a-the-et-aux-mineraux-de-la-mer-morte\\\/\",\"name\":\"NETTOYANT \u00c0 L'HUILE D'ARBRE \u00c0 TH\u00c9 ET AUX MIN\u00c9RAUX DE LA MER MORTE - Juman Dead Sea\",\"isPartOf\":{\"@id\":\"https:\\\/\\\/jumandeadsea.com\\\/fr\\\/#website\"},\"primaryImageOfPage\":{\"@id\":\"https:\\\/\\\/jumandeadsea.com\\\/fr\\\/produit\\\/nettoyant-a-lhuile-darbre-a-the-et-aux-mineraux-de-la-mer-morte\\\/#primaryimage\"},\"image\":{\"@id\":\"https:\\\/\\\/jumandeadsea.com\\\/fr\\\/produit\\\/nettoyant-a-lhuile-darbre-a-the-et-aux-mineraux-de-la-mer-morte\\\/#primaryimage\"},\"thumbnailUrl\":\"https:\\\/\\\/jumandeadsea.com\\\/wp-content\\\/uploads\\\/Juman-Dead-Sea-Products-Premium-Line-e-catalog-12.png\",\"datePublished\":\"2024-11-18T17:30:21+00:00\",\"breadcrumb\":{\"@id\":\"https:\\\/\\\/jumandeadsea.com\\\/fr\\\/produit\\\/nettoyant-a-lhuile-darbre-a-the-et-aux-mineraux-de-la-mer-morte\\\/#breadcrumb\"},\"inLanguage\":\"fr-FR\",\"potentialAction\":[{\"@type\":\"ReadAction\",\"target\":[\"https:\\\/\\\/jumandeadsea.com\\\/fr\\\/produit\\\/nettoyant-a-lhuile-darbre-a-the-et-aux-mineraux-de-la-mer-morte\\\/\"]}]},{\"@type\":\"ImageObject\",\"inLanguage\":\"fr-FR\",\"@id\":\"https:\\\/\\\/jumandeadsea.com\\\/fr\\\/produit\\\/nettoyant-a-lhuile-darbre-a-the-et-aux-mineraux-de-la-mer-morte\\\/#primaryimage\",\"url\":\"https:\\\/\\\/jumandeadsea.com\\\/wp-content\\\/uploads\\\/Juman-Dead-Sea-Products-Premium-Line-e-catalog-12.png\",\"contentUrl\":\"https:\\\/\\\/jumandeadsea.com\\\/wp-content\\\/uploads\\\/Juman-Dead-Sea-Products-Premium-Line-e-catalog-12.png\",\"width\":783,\"height\":1072},{\"@type\":\"BreadcrumbList\",\"@id\":\"https:\\\/\\\/jumandeadsea.com\\\/fr\\\/produit\\\/nettoyant-a-lhuile-darbre-a-the-et-aux-mineraux-de-la-mer-morte\\\/#breadcrumb\",\"itemListElement\":[{\"@type\":\"ListItem\",\"position\":1,\"name\":\"Home\",\"item\":\"https:\\\/\\\/jumandeadsea.com\\\/fr\\\/\"},{\"@type\":\"ListItem\",\"position\":2,\"name\":\"Boutique\",\"item\":\"https:\\\/\\\/jumandeadsea.com\\\/shop\\\/\"},{\"@type\":\"ListItem\",\"position\":3,\"name\":\"NETTOYANT \u00c0 L&#8217;HUILE D&#8217;ARBRE \u00c0 TH\u00c9 ET AUX MIN\u00c9RAUX DE LA MER MORTE\"}]},{\"@type\":\"WebSite\",\"@id\":\"https:\\\/\\\/jumandeadsea.com\\\/fr\\\/#website\",\"url\":\"https:\\\/\\\/jumandeadsea.com\\\/fr\\\/\",\"name\":\"Juman Dead Sea\",\"description\":\"Authentic Dead Sea Mineral Skincare for Sensitive, Healthy Skin\",\"potentialAction\":[{\"@type\":\"SearchAction\",\"target\":{\"@type\":\"EntryPoint\",\"urlTemplate\":\"https:\\\/\\\/jumandeadsea.com\\\/fr\\\/?s={search_term_string}\"},\"query-input\":{\"@type\":\"PropertyValueSpecification\",\"valueRequired\":true,\"valueName\":\"search_term_string\"}}],\"inLanguage\":\"fr-FR\"}]}<\/script>\n<!-- \/ Yoast SEO plugin. -->","yoast_head_json":{"title":"NETTOYANT \u00c0 L'HUILE D'ARBRE \u00c0 TH\u00c9 ET AUX MIN\u00c9RAUX DE LA MER MORTE - Juman Dead Sea","robots":{"index":"index","follow":"follow","max-snippet":"max-snippet:-1","max-image-preview":"max-image-preview:large","max-video-preview":"max-video-preview:-1"},"canonical":"https:\/\/jumandeadsea.com\/fr\/produit\/nettoyant-a-lhuile-darbre-a-the-et-aux-mineraux-de-la-mer-morte\/","og_locale":"fr_FR","og_type":"article","og_title":"NETTOYANT \u00c0 L'HUILE D'ARBRE \u00c0 TH\u00c9 ET AUX MIN\u00c9RAUX DE LA MER MORTE - Juman Dead Sea","og_description":"Ce nettoyant extr\u00eamement doux, apaisant, hydratant et non irritant contient de merveilleux ingr\u00e9dients nourrissants tels que des sels de la mer Morte, de l'huile d'arbre \u00e0 th\u00e9, de l'extrait de camomille, de l'extrait de romarin et du gel d'aloe vera. Il est con\u00e7u pour les peaux grasses afin de leur offrir une exp\u00e9rience \u00e0 plusieurs niveaux qui purifie et \u00e9limine les impuret\u00e9s et les salet\u00e9s qui obstruent la peau, laissant votre peau parfaitement radieuse et saine avec une apparence impeccable.  ID\u00c9AL POUR LES PEAUX GRASSES","og_url":"https:\/\/jumandeadsea.com\/fr\/produit\/nettoyant-a-lhuile-darbre-a-the-et-aux-mineraux-de-la-mer-morte\/","og_site_name":"Juman Dead Sea","og_image":[{"width":783,"height":1072,"url":"https:\/\/jumandeadsea.com\/wp-content\/uploads\/Juman-Dead-Sea-Products-Premium-Line-e-catalog-12.png","type":"image\/png"}],"twitter_card":"summary_large_image","twitter_misc":{"Dur\u00e9e de lecture estim\u00e9e":"1 minute"},"schema":{"@context":"https:\/\/schema.org","@graph":[{"@type":"WebPage","@id":"https:\/\/jumandeadsea.com\/fr\/produit\/nettoyant-a-lhuile-darbre-a-the-et-aux-mineraux-de-la-mer-morte\/","url":"https:\/\/jumandeadsea.com\/fr\/produit\/nettoyant-a-lhuile-darbre-a-the-et-aux-mineraux-de-la-mer-morte\/","name":"NETTOYANT \u00c0 L'HUILE D'ARBRE \u00c0 TH\u00c9 ET AUX MIN\u00c9RAUX DE LA MER MORTE - Juman Dead Sea","isPartOf":{"@id":"https:\/\/jumandeadsea.com\/fr\/#website"},"primaryImageOfPage":{"@id":"https:\/\/jumandeadsea.com\/fr\/produit\/nettoyant-a-lhuile-darbre-a-the-et-aux-mineraux-de-la-mer-morte\/#primaryimage"},"image":{"@id":"https:\/\/jumandeadsea.com\/fr\/produit\/nettoyant-a-lhuile-darbre-a-the-et-aux-mineraux-de-la-mer-morte\/#primaryimage"},"thumbnailUrl":"https:\/\/jumandeadsea.com\/wp-content\/uploads\/Juman-Dead-Sea-Products-Premium-Line-e-catalog-12.png","datePublished":"2024-11-18T17:30:21+00:00","breadcrumb":{"@id":"https:\/\/jumandeadsea.com\/fr\/produit\/nettoyant-a-lhuile-darbre-a-the-et-aux-mineraux-de-la-mer-morte\/#breadcrumb"},"inLanguage":"fr-FR","potentialAction":[{"@type":"ReadAction","target":["https:\/\/jumandeadsea.com\/fr\/produit\/nettoyant-a-lhuile-darbre-a-the-et-aux-mineraux-de-la-mer-morte\/"]}]},{"@type":"ImageObject","inLanguage":"fr-FR","@id":"https:\/\/jumandeadsea.com\/fr\/produit\/nettoyant-a-lhuile-darbre-a-the-et-aux-mineraux-de-la-mer-morte\/#primaryimage","url":"https:\/\/jumandeadsea.com\/wp-content\/uploads\/Juman-Dead-Sea-Products-Premium-Line-e-catalog-12.png","contentUrl":"https:\/\/jumandeadsea.com\/wp-content\/uploads\/Juman-Dead-Sea-Products-Premium-Line-e-catalog-12.png","width":783,"height":1072},{"@type":"BreadcrumbList","@id":"https:\/\/jumandeadsea.com\/fr\/produit\/nettoyant-a-lhuile-darbre-a-the-et-aux-mineraux-de-la-mer-morte\/#breadcrumb","itemListElement":[{"@type":"ListItem","position":1,"name":"Home","item":"https:\/\/jumandeadsea.com\/fr\/"},{"@type":"ListItem","position":2,"name":"Boutique","item":"https:\/\/jumandeadsea.com\/shop\/"},{"@type":"ListItem","position":3,"name":"NETTOYANT \u00c0 L&#8217;HUILE D&#8217;ARBRE \u00c0 TH\u00c9 ET AUX MIN\u00c9RAUX DE LA MER MORTE"}]},{"@type":"WebSite","@id":"https:\/\/jumandeadsea.com\/fr\/#website","url":"https:\/\/jumandeadsea.com\/fr\/","name":"Juman Dead Sea","description":"Authentic Dead Sea Mineral Skincare for Sensitive, Healthy Skin","potentialAction":[{"@type":"SearchAction","target":{"@type":"EntryPoint","urlTemplate":"https:\/\/jumandeadsea.com\/fr\/?s={search_term_string}"},"query-input":{"@type":"PropertyValueSpecification","valueRequired":true,"valueName":"search_term_string"}}],"inLanguage":"fr-FR"}]}},"_links":{"self":[{"href":"https:\/\/jumandeadsea.com\/fr\/wp-json\/wp\/v2\/product\/326663","targetHints":{"allow":["GET"]}}],"collection":[{"href":"https:\/\/jumandeadsea.com\/fr\/wp-json\/wp\/v2\/product"}],"about":[{"href":"https:\/\/jumandeadsea.com\/fr\/wp-json\/wp\/v2\/types\/product"}],"replies":[{"embeddable":true,"href":"https:\/\/jumandeadsea.com\/fr\/wp-json\/wp\/v2\/comments?post=326663"}],"wp:featuredmedia":[{"embeddable":true,"href":"https:\/\/jumandeadsea.com\/fr\/wp-json\/wp\/v2\/media\/2062"}],"wp:attachment":[{"href":"https:\/\/jumandeadsea.com\/fr\/wp-json\/wp\/v2\/media?parent=326663"}],"wp:term":[{"taxonomy":"product_brand","embeddable":true,"href":"https:\/\/jumandeadsea.com\/fr\/wp-json\/wp\/v2\/product_brand?post=326663"},{"taxonomy":"product_cat","embeddable":true,"href":"https:\/\/jumandeadsea.com\/fr\/wp-json\/wp\/v2\/product_cat?post=326663"},{"taxonomy":"product_tag","embeddable":true,"href":"https:\/\/jumandeadsea.com\/fr\/wp-json\/wp\/v2\/product_tag?post=326663"}],"curies":[{"name":"wp","href":"https:\/\/api.w.org\/{rel}","templated":true}]}}