{"id":326662,"date":"2024-11-18T17:30:21","date_gmt":"2024-11-18T17:30:21","guid":{"rendered":"https:\/\/jumandeadsea.com\/product\/beurre-de-rasage-hydratant-aux-mineraux-de-la-mer-morte-boise-floral-et-musque\/"},"modified":"2024-11-18T17:30:21","modified_gmt":"2024-11-18T17:30:21","slug":"beurre-de-rasage-hydratant-aux-mineraux-de-la-mer-morte-boise-floral-et-musque","status":"publish","type":"product","link":"https:\/\/jumandeadsea.com\/fr\/produit\/beurre-de-rasage-hydratant-aux-mineraux-de-la-mer-morte-boise-floral-et-musque\/","title":{"rendered":"Beurre De Rasage Hydratant Aux Min\u00c9raux De La Mer Morte (bois\u00c9, Floral Et Musqu\u00c9)"},"content":{"rendered":"\n    <div class=\"shortcode-accordion\">\n        <h3 class=\"accordion-header\">Ingr\u00e9dients<\/h3>\n        <div class=\"accordion-content\" style=\"display: none;\">\n            \n<p>Cocos Nucifera (huile de noix de coco), Butyrospermum Parkii (beurre de karit\u00e9), Theobroma Cacao (beurre de cacao), Maris Sal (sel de la mer morte).<\/p>\n<ul>\n<li><strong><em>Huile de noix de coco : <\/em><\/strong>\u00c9paissit la barbe, r\u00e9duit les pointes fourchues, hydrate et prot\u00e8ge la peau pendant le rasage, stimule la croissance saine de la barbe et nourrit la peau et les follicules pileux.<\/li>\n<li><strong><em>Beurre de karit\u00e9 : <\/em><\/strong>Apaise les irritations dues au rasage et hydrate le visage.<\/li>\n<li><strong><em>Beurre de cacao :<\/em><\/strong> Hydrate la peau et les poils pour faciliter le rasage, favorise la sant\u00e9 de la peau et soulage les irritations, les d\u00e9mangeaisons et les rougeurs.<\/li>\n<li><strong><em>Sels de la Mer Morte :<\/em><\/strong> hydratent la peau et r\u00e9duisent l&rsquo;inflammation.<\/li>\n<\/ul>\n<p>\n        <\/div>\n    <\/div><br \/>\n\n    <div class=\"shortcode-accordion\">\n        <h3 class=\"accordion-header\">Mode d&#039;emploi :<\/h3>\n        <div class=\"accordion-content\" style=\"display: none;\">\n            <\/p>\n<p>Appliquez sur la zone \u00e0 raser propre et humide. Frottez-la \u00e0 l&rsquo;aide du blaireau, puis rasez-la \u00e0 l&rsquo;aide d&rsquo;une lame. Lavez la zone \u00e0 l&rsquo;eau et hydratez la peau avec le baume apr\u00e8s-rasage.  <\/p>\n<p>\n        <\/div>\n    <\/div><br \/>\n\n    <div class=\"shortcode-accordion\">\n        <h3 class=\"accordion-header\">Informations sur le produit<\/h3>\n        <div class=\"accordion-content\" style=\"display: none;\">\n            <\/p>\n<p>&#8211; Poids : 80ml<\/p>\n<p>\n        <\/div>\n    <\/div><\/p>\n","protected":false},"excerpt":{"rendered":"<p>Notre beurre de rasage hydratant a \u00e9t\u00e9 soigneusement formul\u00e9 avec des huiles essentielles pour vous offrir une exp\u00e9rience plus confortable pendant le rasage et vous aider \u00e0 \u00e9viter les coupures g\u00eanantes au niveau du cou et des joues.<\/p>\n<ul>\n<li>BOIS\u00c9, FLORAL ET MUSC<\/li>\n<li>\u00c9VITE LA S\u00c9CHERESSE ET LES D\u00c9MANGEAISONS DUES \u00c0 LA BARBE<\/li>\n<li>R\u00c9DUIT LES ROUGEURS ET LA SENSATION D&rsquo;IRRITATION<\/li>\n<\/ul>\n","protected":false},"featured_media":2038,"comment_status":"open","ping_status":"closed","template":"","meta":{"_et_pb_use_builder":"","_et_pb_old_content":"","_et_gb_content_width":""},"product_brand":[],"product_cat":[103],"product_tag":[],"class_list":{"0":"post-326662","1":"product","2":"type-product","3":"status-publish","4":"has-post-thumbnail","6":"product_cat-soins-pour-hommes","8":"first","9":"instock","10":"shipping-taxable","11":"purchasable","12":"product-type-simple"},"yoast_head":"<!-- This site is optimized with the Yoast SEO plugin v27.3 - https:\/\/yoast.com\/product\/yoast-seo-wordpress\/ -->\n<title>BEURRE DE RASAGE HYDRATANT AUX MIN\u00c9RAUX DE LA MER MORTE (BOIS\u00c9, FLORAL ET MUSQU\u00c9) - Juman Dead Sea<\/title>\n<meta name=\"robots\" content=\"index, follow, max-snippet:-1, max-image-preview:large, max-video-preview:-1\" \/>\n<link rel=\"canonical\" href=\"https:\/\/jumandeadsea.com\/fr\/produit\/beurre-de-rasage-hydratant-aux-mineraux-de-la-mer-morte-boise-floral-et-musque\/\" \/>\n<meta property=\"og:locale\" content=\"fr_FR\" \/>\n<meta property=\"og:type\" content=\"article\" \/>\n<meta property=\"og:title\" content=\"BEURRE DE RASAGE HYDRATANT AUX MIN\u00c9RAUX DE LA MER MORTE (BOIS\u00c9, FLORAL ET MUSQU\u00c9) - Juman Dead Sea\" \/>\n<meta property=\"og:description\" content=\"Notre beurre de rasage hydratant a \u00e9t\u00e9 soigneusement formul\u00e9 avec des huiles essentielles pour vous offrir une exp\u00e9rience plus confortable pendant le rasage et vous aider \u00e0 \u00e9viter les coupures g\u00eanantes au niveau du cou et des joues.  BOIS\u00c9, FLORAL ET MUSC  \u00c9VITE LA S\u00c9CHERESSE ET LES D\u00c9MANGEAISONS DUES \u00c0 LA BARBE  R\u00c9DUIT LES ROUGEURS ET LA SENSATION D&#039;IRRITATION\" \/>\n<meta property=\"og:url\" content=\"https:\/\/jumandeadsea.com\/fr\/produit\/beurre-de-rasage-hydratant-aux-mineraux-de-la-mer-morte-boise-floral-et-musque\/\" \/>\n<meta property=\"og:site_name\" content=\"Juman Dead Sea\" \/>\n<meta name=\"twitter:card\" content=\"summary_large_image\" \/>\n<meta name=\"twitter:label1\" content=\"Dur\u00e9e de lecture estim\u00e9e\" \/>\n\t<meta name=\"twitter:data1\" content=\"1 minute\" \/>\n<script type=\"application\/ld+json\" class=\"yoast-schema-graph\">{\"@context\":\"https:\\\/\\\/schema.org\",\"@graph\":[{\"@type\":\"WebPage\",\"@id\":\"https:\\\/\\\/jumandeadsea.com\\\/fr\\\/produit\\\/beurre-de-rasage-hydratant-aux-mineraux-de-la-mer-morte-boise-floral-et-musque\\\/\",\"url\":\"https:\\\/\\\/jumandeadsea.com\\\/fr\\\/produit\\\/beurre-de-rasage-hydratant-aux-mineraux-de-la-mer-morte-boise-floral-et-musque\\\/\",\"name\":\"BEURRE DE RASAGE HYDRATANT AUX MIN\u00c9RAUX DE LA MER MORTE (BOIS\u00c9, FLORAL ET MUSQU\u00c9) - Juman Dead Sea\",\"isPartOf\":{\"@id\":\"https:\\\/\\\/jumandeadsea.com\\\/fr\\\/#website\"},\"primaryImageOfPage\":{\"@id\":\"https:\\\/\\\/jumandeadsea.com\\\/fr\\\/produit\\\/beurre-de-rasage-hydratant-aux-mineraux-de-la-mer-morte-boise-floral-et-musque\\\/#primaryimage\"},\"image\":{\"@id\":\"https:\\\/\\\/jumandeadsea.com\\\/fr\\\/produit\\\/beurre-de-rasage-hydratant-aux-mineraux-de-la-mer-morte-boise-floral-et-musque\\\/#primaryimage\"},\"thumbnailUrl\":\"https:\\\/\\\/jumandeadsea.com\\\/wp-content\\\/uploads\\\/Burgundy-1.png\",\"datePublished\":\"2024-11-18T17:30:21+00:00\",\"breadcrumb\":{\"@id\":\"https:\\\/\\\/jumandeadsea.com\\\/fr\\\/produit\\\/beurre-de-rasage-hydratant-aux-mineraux-de-la-mer-morte-boise-floral-et-musque\\\/#breadcrumb\"},\"inLanguage\":\"fr-FR\",\"potentialAction\":[{\"@type\":\"ReadAction\",\"target\":[\"https:\\\/\\\/jumandeadsea.com\\\/fr\\\/produit\\\/beurre-de-rasage-hydratant-aux-mineraux-de-la-mer-morte-boise-floral-et-musque\\\/\"]}]},{\"@type\":\"ImageObject\",\"inLanguage\":\"fr-FR\",\"@id\":\"https:\\\/\\\/jumandeadsea.com\\\/fr\\\/produit\\\/beurre-de-rasage-hydratant-aux-mineraux-de-la-mer-morte-boise-floral-et-musque\\\/#primaryimage\",\"url\":\"https:\\\/\\\/jumandeadsea.com\\\/wp-content\\\/uploads\\\/Burgundy-1.png\",\"contentUrl\":\"https:\\\/\\\/jumandeadsea.com\\\/wp-content\\\/uploads\\\/Burgundy-1.png\",\"width\":1600,\"height\":1067},{\"@type\":\"BreadcrumbList\",\"@id\":\"https:\\\/\\\/jumandeadsea.com\\\/fr\\\/produit\\\/beurre-de-rasage-hydratant-aux-mineraux-de-la-mer-morte-boise-floral-et-musque\\\/#breadcrumb\",\"itemListElement\":[{\"@type\":\"ListItem\",\"position\":1,\"name\":\"Home\",\"item\":\"https:\\\/\\\/jumandeadsea.com\\\/fr\\\/\"},{\"@type\":\"ListItem\",\"position\":2,\"name\":\"Boutique\",\"item\":\"https:\\\/\\\/jumandeadsea.com\\\/shop\\\/\"},{\"@type\":\"ListItem\",\"position\":3,\"name\":\"Beurre De Rasage Hydratant Aux Min\u00c9raux De La Mer Morte (bois\u00c9, Floral Et Musqu\u00c9)\"}]},{\"@type\":\"WebSite\",\"@id\":\"https:\\\/\\\/jumandeadsea.com\\\/fr\\\/#website\",\"url\":\"https:\\\/\\\/jumandeadsea.com\\\/fr\\\/\",\"name\":\"Juman Dead Sea\",\"description\":\"Authentic Dead Sea Mineral Skincare for Sensitive, Healthy Skin\",\"potentialAction\":[{\"@type\":\"SearchAction\",\"target\":{\"@type\":\"EntryPoint\",\"urlTemplate\":\"https:\\\/\\\/jumandeadsea.com\\\/fr\\\/?s={search_term_string}\"},\"query-input\":{\"@type\":\"PropertyValueSpecification\",\"valueRequired\":true,\"valueName\":\"search_term_string\"}}],\"inLanguage\":\"fr-FR\"}]}<\/script>\n<!-- \/ Yoast SEO plugin. -->","yoast_head_json":{"title":"BEURRE DE RASAGE HYDRATANT AUX MIN\u00c9RAUX DE LA MER MORTE (BOIS\u00c9, FLORAL ET MUSQU\u00c9) - Juman Dead Sea","robots":{"index":"index","follow":"follow","max-snippet":"max-snippet:-1","max-image-preview":"max-image-preview:large","max-video-preview":"max-video-preview:-1"},"canonical":"https:\/\/jumandeadsea.com\/fr\/produit\/beurre-de-rasage-hydratant-aux-mineraux-de-la-mer-morte-boise-floral-et-musque\/","og_locale":"fr_FR","og_type":"article","og_title":"BEURRE DE RASAGE HYDRATANT AUX MIN\u00c9RAUX DE LA MER MORTE (BOIS\u00c9, FLORAL ET MUSQU\u00c9) - Juman Dead Sea","og_description":"Notre beurre de rasage hydratant a \u00e9t\u00e9 soigneusement formul\u00e9 avec des huiles essentielles pour vous offrir une exp\u00e9rience plus confortable pendant le rasage et vous aider \u00e0 \u00e9viter les coupures g\u00eanantes au niveau du cou et des joues.  BOIS\u00c9, FLORAL ET MUSC  \u00c9VITE LA S\u00c9CHERESSE ET LES D\u00c9MANGEAISONS DUES \u00c0 LA BARBE  R\u00c9DUIT LES ROUGEURS ET LA SENSATION D'IRRITATION","og_url":"https:\/\/jumandeadsea.com\/fr\/produit\/beurre-de-rasage-hydratant-aux-mineraux-de-la-mer-morte-boise-floral-et-musque\/","og_site_name":"Juman Dead Sea","twitter_card":"summary_large_image","twitter_misc":{"Dur\u00e9e de lecture estim\u00e9e":"1 minute"},"schema":{"@context":"https:\/\/schema.org","@graph":[{"@type":"WebPage","@id":"https:\/\/jumandeadsea.com\/fr\/produit\/beurre-de-rasage-hydratant-aux-mineraux-de-la-mer-morte-boise-floral-et-musque\/","url":"https:\/\/jumandeadsea.com\/fr\/produit\/beurre-de-rasage-hydratant-aux-mineraux-de-la-mer-morte-boise-floral-et-musque\/","name":"BEURRE DE RASAGE HYDRATANT AUX MIN\u00c9RAUX DE LA MER MORTE (BOIS\u00c9, FLORAL ET MUSQU\u00c9) - Juman Dead Sea","isPartOf":{"@id":"https:\/\/jumandeadsea.com\/fr\/#website"},"primaryImageOfPage":{"@id":"https:\/\/jumandeadsea.com\/fr\/produit\/beurre-de-rasage-hydratant-aux-mineraux-de-la-mer-morte-boise-floral-et-musque\/#primaryimage"},"image":{"@id":"https:\/\/jumandeadsea.com\/fr\/produit\/beurre-de-rasage-hydratant-aux-mineraux-de-la-mer-morte-boise-floral-et-musque\/#primaryimage"},"thumbnailUrl":"https:\/\/jumandeadsea.com\/wp-content\/uploads\/Burgundy-1.png","datePublished":"2024-11-18T17:30:21+00:00","breadcrumb":{"@id":"https:\/\/jumandeadsea.com\/fr\/produit\/beurre-de-rasage-hydratant-aux-mineraux-de-la-mer-morte-boise-floral-et-musque\/#breadcrumb"},"inLanguage":"fr-FR","potentialAction":[{"@type":"ReadAction","target":["https:\/\/jumandeadsea.com\/fr\/produit\/beurre-de-rasage-hydratant-aux-mineraux-de-la-mer-morte-boise-floral-et-musque\/"]}]},{"@type":"ImageObject","inLanguage":"fr-FR","@id":"https:\/\/jumandeadsea.com\/fr\/produit\/beurre-de-rasage-hydratant-aux-mineraux-de-la-mer-morte-boise-floral-et-musque\/#primaryimage","url":"https:\/\/jumandeadsea.com\/wp-content\/uploads\/Burgundy-1.png","contentUrl":"https:\/\/jumandeadsea.com\/wp-content\/uploads\/Burgundy-1.png","width":1600,"height":1067},{"@type":"BreadcrumbList","@id":"https:\/\/jumandeadsea.com\/fr\/produit\/beurre-de-rasage-hydratant-aux-mineraux-de-la-mer-morte-boise-floral-et-musque\/#breadcrumb","itemListElement":[{"@type":"ListItem","position":1,"name":"Home","item":"https:\/\/jumandeadsea.com\/fr\/"},{"@type":"ListItem","position":2,"name":"Boutique","item":"https:\/\/jumandeadsea.com\/shop\/"},{"@type":"ListItem","position":3,"name":"Beurre De Rasage Hydratant Aux Min\u00c9raux De La Mer Morte (bois\u00c9, Floral Et Musqu\u00c9)"}]},{"@type":"WebSite","@id":"https:\/\/jumandeadsea.com\/fr\/#website","url":"https:\/\/jumandeadsea.com\/fr\/","name":"Juman Dead Sea","description":"Authentic Dead Sea Mineral Skincare for Sensitive, Healthy Skin","potentialAction":[{"@type":"SearchAction","target":{"@type":"EntryPoint","urlTemplate":"https:\/\/jumandeadsea.com\/fr\/?s={search_term_string}"},"query-input":{"@type":"PropertyValueSpecification","valueRequired":true,"valueName":"search_term_string"}}],"inLanguage":"fr-FR"}]}},"_links":{"self":[{"href":"https:\/\/jumandeadsea.com\/fr\/wp-json\/wp\/v2\/product\/326662","targetHints":{"allow":["GET"]}}],"collection":[{"href":"https:\/\/jumandeadsea.com\/fr\/wp-json\/wp\/v2\/product"}],"about":[{"href":"https:\/\/jumandeadsea.com\/fr\/wp-json\/wp\/v2\/types\/product"}],"replies":[{"embeddable":true,"href":"https:\/\/jumandeadsea.com\/fr\/wp-json\/wp\/v2\/comments?post=326662"}],"wp:featuredmedia":[{"embeddable":true,"href":"https:\/\/jumandeadsea.com\/fr\/wp-json\/wp\/v2\/media\/2038"}],"wp:attachment":[{"href":"https:\/\/jumandeadsea.com\/fr\/wp-json\/wp\/v2\/media?parent=326662"}],"wp:term":[{"taxonomy":"product_brand","embeddable":true,"href":"https:\/\/jumandeadsea.com\/fr\/wp-json\/wp\/v2\/product_brand?post=326662"},{"taxonomy":"product_cat","embeddable":true,"href":"https:\/\/jumandeadsea.com\/fr\/wp-json\/wp\/v2\/product_cat?post=326662"},{"taxonomy":"product_tag","embeddable":true,"href":"https:\/\/jumandeadsea.com\/fr\/wp-json\/wp\/v2\/product_tag?post=326662"}],"curies":[{"name":"wp","href":"https:\/\/api.w.org\/{rel}","templated":true}]}}