{"id":326661,"date":"2024-11-18T17:30:22","date_gmt":"2024-11-18T17:30:22","guid":{"rendered":"https:\/\/jumandeadsea.com\/product\/masque-de-boue-de-la-mer-morte-au-beurre-de-karite-hydratant-pour-le-visage\/"},"modified":"2024-11-18T17:30:22","modified_gmt":"2024-11-18T17:30:22","slug":"masque-de-boue-de-la-mer-morte-au-beurre-de-karite-hydratant-pour-le-visage","status":"publish","type":"product","link":"https:\/\/jumandeadsea.com\/fr\/produit\/masque-de-boue-de-la-mer-morte-au-beurre-de-karite-hydratant-pour-le-visage\/","title":{"rendered":"Masque De Boue De La Mer Morte Au Beurre De Karit\u00c9 Hydratant Pour Le Visage"},"content":{"rendered":"\n    <div class=\"shortcode-accordion\">\n        <h3 class=\"accordion-header\">Ingr\u00e9dients<\/h3>\n        <div class=\"accordion-content\" style=\"display: none;\">\n            \n<p>Maris Limus (boue de la mer Morte), Butyrospermum Parkii (beurre de karit\u00e9), Theobroma Cacao (beurre de cacao), Anthemis Nobilis (extrait de camomille), D-Panth\u00e9nol (vitamine B5), Tocoph\u00e9rol (vitamine E), Arctostaphylos Uva-Ursi (extrait de feuille de busserole).<\/p>\n<ul>\n<li>Boue de la mer Morte : aide \u00e0 r\u00e9tablir l&rsquo;hydratation de la peau, soulageant la s\u00e9cheresse et l&rsquo;irritation. Elle a un effet anti-\u00e2ge et tonifiant, r\u00e9duisant ainsi les ridules et les pores. <\/li>\n<li>Beurre de karit\u00e9 : il poss\u00e8de des propri\u00e9t\u00e9s apaisantes et anti-\u00e2ge qui peuvent donner \u00e0 la peau une apparence plus lisse et r\u00e9duire le vieillissement.<\/li>\n<li>Beurre de cacao : riche en acides gras, il est utilis\u00e9 pour hydrater et nourrir la peau et am\u00e9liorer son \u00e9lasticit\u00e9.<\/li>\n<li>Extrait de camomille : poss\u00e8de de nombreuses et puissantes propri\u00e9t\u00e9s antibact\u00e9riennes et antiseptiques, et contient des huiles essentielles et des antioxydants.<\/li>\n<li>Vitamine B5 : aide \u00e0 garder la peau douce, lisse et saine.<\/li>\n<li>Vitamine E : aide \u00e0 prot\u00e9ger la peau des dommages caus\u00e9s par les UV et a des effets hydratants.<\/li>\n<li>Extrait de feuille de busserole : \u00e9claircissant pour la peau, riche en tyrosinase, une enzyme responsable du contr\u00f4le de la production de m\u00e9lanine dans la peau. Il offre \u00e9galement une protection contre les UV, ce qui le rend efficace pour \u00e9claircir le teint de la peau et r\u00e9duire la pigmentation.<\/li>\n<\/ul>\n<p>\n        <\/div>\n    <\/div><br \/>\n\n    <div class=\"shortcode-accordion\">\n        <h3 class=\"accordion-header\">Mode d&#039;emploi :<\/h3>\n        <div class=\"accordion-content\" style=\"display: none;\">\n            <\/p>\n<p>M\u00e9langez bien avant de l&rsquo;utiliser. Veillez \u00e0 conserver l&rsquo;eau qui est un conservateur naturel. Appliquez une couche sur le visage et laissez s\u00e9cher pendant (15-20) minutes. Rincez \u00e0 l&rsquo;eau ti\u00e8de. Pour de meilleurs r\u00e9sultats, appliquez une cr\u00e8me hydratante sur la zone concern\u00e9e apr\u00e8s l&rsquo;application. Utilisez ce produit 1 \u00e0 2 fois par semaine.     <\/p>\n<p>\n        <\/div>\n    <\/div><br \/>\n\n    <div class=\"shortcode-accordion\">\n        <h3 class=\"accordion-header\">Informations sur le produit<\/h3>\n        <div class=\"accordion-content\" style=\"display: none;\">\n            <\/p>\n<p>&#8211; CPNP : 3774058<\/p>\n<p>&#8211; Poids : 200 gm<\/p>\n<p>\n        <\/div>\n    <\/div><\/p>\n","protected":false},"excerpt":{"rendered":"<p>Ce masque de boue cr\u00e9meux pour le visage, riche en nutriments, est formul\u00e9 avec de la boue de la mer Morte d\u00e9toxifiante et du beurre de karit\u00e9 cicatrisant pour exfolier et nettoyer la peau. Enrichi en extraits de camomille et de busserole, il d\u00e9barrasse la peau des impuret\u00e9s et des exc\u00e8s de s\u00e9bum, laissant le teint clarifi\u00e9 et rafra\u00eechi. <\/p>\n<p><strong>ID\u00c9AL POUR LES PEAUX IRR\u00c9GULI\u00c8RES<\/strong><\/p>\n","protected":false},"featured_media":1896,"comment_status":"open","ping_status":"closed","template":"","meta":{"_et_pb_use_builder":"","_et_pb_old_content":"","_et_gb_content_width":""},"product_brand":[],"product_cat":[100,102],"product_tag":[],"class_list":{"0":"post-326661","1":"product","2":"type-product","3":"status-publish","4":"has-post-thumbnail","6":"product_cat-masques-de-boue-de-la-mer-morte","7":"product_cat-soins-du-visage","9":"first","10":"instock","11":"shipping-taxable","12":"purchasable","13":"product-type-simple"},"yoast_head":"<!-- This site is optimized with the Yoast SEO plugin v27.3 - https:\/\/yoast.com\/product\/yoast-seo-wordpress\/ -->\n<title>MASQUE DE BOUE DE LA MER MORTE AU BEURRE DE KARIT\u00c9 HYDRATANT POUR LE VISAGE - Juman Dead Sea<\/title>\n<meta name=\"robots\" content=\"index, follow, max-snippet:-1, max-image-preview:large, max-video-preview:-1\" \/>\n<link rel=\"canonical\" href=\"https:\/\/jumandeadsea.com\/fr\/produit\/masque-de-boue-de-la-mer-morte-au-beurre-de-karite-hydratant-pour-le-visage\/\" \/>\n<meta property=\"og:locale\" content=\"fr_FR\" \/>\n<meta property=\"og:type\" content=\"article\" \/>\n<meta property=\"og:title\" content=\"MASQUE DE BOUE DE LA MER MORTE AU BEURRE DE KARIT\u00c9 HYDRATANT POUR LE VISAGE - Juman Dead Sea\" \/>\n<meta property=\"og:description\" content=\"Ce masque de boue cr\u00e9meux pour le visage, riche en nutriments, est formul\u00e9 avec de la boue de la mer Morte d\u00e9toxifiante et du beurre de karit\u00e9 cicatrisant pour exfolier et nettoyer la peau. Enrichi en extraits de camomille et de busserole, il d\u00e9barrasse la peau des impuret\u00e9s et des exc\u00e8s de s\u00e9bum, laissant le teint clarifi\u00e9 et rafra\u00eechi.  ID\u00c9AL POUR LES PEAUX IRR\u00c9GULI\u00c8RES\" \/>\n<meta property=\"og:url\" content=\"https:\/\/jumandeadsea.com\/fr\/produit\/masque-de-boue-de-la-mer-morte-au-beurre-de-karite-hydratant-pour-le-visage\/\" \/>\n<meta property=\"og:site_name\" content=\"Juman Dead Sea\" \/>\n<meta property=\"og:image\" content=\"https:\/\/jumandeadsea.com\/wp-content\/uploads\/shea-butter-front.png\" \/>\n\t<meta property=\"og:image:width\" content=\"1600\" \/>\n\t<meta property=\"og:image:height\" content=\"1600\" \/>\n\t<meta property=\"og:image:type\" content=\"image\/png\" \/>\n<meta name=\"twitter:card\" content=\"summary_large_image\" \/>\n<meta name=\"twitter:label1\" content=\"Dur\u00e9e de lecture estim\u00e9e\" \/>\n\t<meta name=\"twitter:data1\" content=\"2 minutes\" \/>\n<script type=\"application\/ld+json\" class=\"yoast-schema-graph\">{\"@context\":\"https:\\\/\\\/schema.org\",\"@graph\":[{\"@type\":\"WebPage\",\"@id\":\"https:\\\/\\\/jumandeadsea.com\\\/fr\\\/produit\\\/masque-de-boue-de-la-mer-morte-au-beurre-de-karite-hydratant-pour-le-visage\\\/\",\"url\":\"https:\\\/\\\/jumandeadsea.com\\\/fr\\\/produit\\\/masque-de-boue-de-la-mer-morte-au-beurre-de-karite-hydratant-pour-le-visage\\\/\",\"name\":\"MASQUE DE BOUE DE LA MER MORTE AU BEURRE DE KARIT\u00c9 HYDRATANT POUR LE VISAGE - Juman Dead Sea\",\"isPartOf\":{\"@id\":\"https:\\\/\\\/jumandeadsea.com\\\/fr\\\/#website\"},\"primaryImageOfPage\":{\"@id\":\"https:\\\/\\\/jumandeadsea.com\\\/fr\\\/produit\\\/masque-de-boue-de-la-mer-morte-au-beurre-de-karite-hydratant-pour-le-visage\\\/#primaryimage\"},\"image\":{\"@id\":\"https:\\\/\\\/jumandeadsea.com\\\/fr\\\/produit\\\/masque-de-boue-de-la-mer-morte-au-beurre-de-karite-hydratant-pour-le-visage\\\/#primaryimage\"},\"thumbnailUrl\":\"https:\\\/\\\/jumandeadsea.com\\\/wp-content\\\/uploads\\\/shea-butter-front.png\",\"datePublished\":\"2024-11-18T17:30:22+00:00\",\"breadcrumb\":{\"@id\":\"https:\\\/\\\/jumandeadsea.com\\\/fr\\\/produit\\\/masque-de-boue-de-la-mer-morte-au-beurre-de-karite-hydratant-pour-le-visage\\\/#breadcrumb\"},\"inLanguage\":\"fr-FR\",\"potentialAction\":[{\"@type\":\"ReadAction\",\"target\":[\"https:\\\/\\\/jumandeadsea.com\\\/fr\\\/produit\\\/masque-de-boue-de-la-mer-morte-au-beurre-de-karite-hydratant-pour-le-visage\\\/\"]}]},{\"@type\":\"ImageObject\",\"inLanguage\":\"fr-FR\",\"@id\":\"https:\\\/\\\/jumandeadsea.com\\\/fr\\\/produit\\\/masque-de-boue-de-la-mer-morte-au-beurre-de-karite-hydratant-pour-le-visage\\\/#primaryimage\",\"url\":\"https:\\\/\\\/jumandeadsea.com\\\/wp-content\\\/uploads\\\/shea-butter-front.png\",\"contentUrl\":\"https:\\\/\\\/jumandeadsea.com\\\/wp-content\\\/uploads\\\/shea-butter-front.png\",\"width\":1600,\"height\":1600,\"caption\":\"Deeply hydrate and nourish your face with Juman\u2019s Cocoa Shea Butter Mud Mask \u2013 enriched with Dead Sea minerals.\"},{\"@type\":\"BreadcrumbList\",\"@id\":\"https:\\\/\\\/jumandeadsea.com\\\/fr\\\/produit\\\/masque-de-boue-de-la-mer-morte-au-beurre-de-karite-hydratant-pour-le-visage\\\/#breadcrumb\",\"itemListElement\":[{\"@type\":\"ListItem\",\"position\":1,\"name\":\"Home\",\"item\":\"https:\\\/\\\/jumandeadsea.com\\\/fr\\\/\"},{\"@type\":\"ListItem\",\"position\":2,\"name\":\"Boutique\",\"item\":\"https:\\\/\\\/jumandeadsea.com\\\/shop\\\/\"},{\"@type\":\"ListItem\",\"position\":3,\"name\":\"MASQUE DE BOUE DE LA MER MORTE AU BEURRE DE KARIT\u00c9 HYDRATANT POUR LE VISAGE\"}]},{\"@type\":\"WebSite\",\"@id\":\"https:\\\/\\\/jumandeadsea.com\\\/fr\\\/#website\",\"url\":\"https:\\\/\\\/jumandeadsea.com\\\/fr\\\/\",\"name\":\"Juman Dead Sea\",\"description\":\"Authentic Dead Sea Mineral Skincare for Sensitive, Healthy Skin\",\"potentialAction\":[{\"@type\":\"SearchAction\",\"target\":{\"@type\":\"EntryPoint\",\"urlTemplate\":\"https:\\\/\\\/jumandeadsea.com\\\/fr\\\/?s={search_term_string}\"},\"query-input\":{\"@type\":\"PropertyValueSpecification\",\"valueRequired\":true,\"valueName\":\"search_term_string\"}}],\"inLanguage\":\"fr-FR\"}]}<\/script>\n<!-- \/ Yoast SEO plugin. -->","yoast_head_json":{"title":"MASQUE DE BOUE DE LA MER MORTE AU BEURRE DE KARIT\u00c9 HYDRATANT POUR LE VISAGE - Juman Dead Sea","robots":{"index":"index","follow":"follow","max-snippet":"max-snippet:-1","max-image-preview":"max-image-preview:large","max-video-preview":"max-video-preview:-1"},"canonical":"https:\/\/jumandeadsea.com\/fr\/produit\/masque-de-boue-de-la-mer-morte-au-beurre-de-karite-hydratant-pour-le-visage\/","og_locale":"fr_FR","og_type":"article","og_title":"MASQUE DE BOUE DE LA MER MORTE AU BEURRE DE KARIT\u00c9 HYDRATANT POUR LE VISAGE - Juman Dead Sea","og_description":"Ce masque de boue cr\u00e9meux pour le visage, riche en nutriments, est formul\u00e9 avec de la boue de la mer Morte d\u00e9toxifiante et du beurre de karit\u00e9 cicatrisant pour exfolier et nettoyer la peau. Enrichi en extraits de camomille et de busserole, il d\u00e9barrasse la peau des impuret\u00e9s et des exc\u00e8s de s\u00e9bum, laissant le teint clarifi\u00e9 et rafra\u00eechi.  ID\u00c9AL POUR LES PEAUX IRR\u00c9GULI\u00c8RES","og_url":"https:\/\/jumandeadsea.com\/fr\/produit\/masque-de-boue-de-la-mer-morte-au-beurre-de-karite-hydratant-pour-le-visage\/","og_site_name":"Juman Dead Sea","og_image":[{"width":1600,"height":1600,"url":"https:\/\/jumandeadsea.com\/wp-content\/uploads\/shea-butter-front.png","type":"image\/png"}],"twitter_card":"summary_large_image","twitter_misc":{"Dur\u00e9e de lecture estim\u00e9e":"2 minutes"},"schema":{"@context":"https:\/\/schema.org","@graph":[{"@type":"WebPage","@id":"https:\/\/jumandeadsea.com\/fr\/produit\/masque-de-boue-de-la-mer-morte-au-beurre-de-karite-hydratant-pour-le-visage\/","url":"https:\/\/jumandeadsea.com\/fr\/produit\/masque-de-boue-de-la-mer-morte-au-beurre-de-karite-hydratant-pour-le-visage\/","name":"MASQUE DE BOUE DE LA MER MORTE AU BEURRE DE KARIT\u00c9 HYDRATANT POUR LE VISAGE - Juman Dead Sea","isPartOf":{"@id":"https:\/\/jumandeadsea.com\/fr\/#website"},"primaryImageOfPage":{"@id":"https:\/\/jumandeadsea.com\/fr\/produit\/masque-de-boue-de-la-mer-morte-au-beurre-de-karite-hydratant-pour-le-visage\/#primaryimage"},"image":{"@id":"https:\/\/jumandeadsea.com\/fr\/produit\/masque-de-boue-de-la-mer-morte-au-beurre-de-karite-hydratant-pour-le-visage\/#primaryimage"},"thumbnailUrl":"https:\/\/jumandeadsea.com\/wp-content\/uploads\/shea-butter-front.png","datePublished":"2024-11-18T17:30:22+00:00","breadcrumb":{"@id":"https:\/\/jumandeadsea.com\/fr\/produit\/masque-de-boue-de-la-mer-morte-au-beurre-de-karite-hydratant-pour-le-visage\/#breadcrumb"},"inLanguage":"fr-FR","potentialAction":[{"@type":"ReadAction","target":["https:\/\/jumandeadsea.com\/fr\/produit\/masque-de-boue-de-la-mer-morte-au-beurre-de-karite-hydratant-pour-le-visage\/"]}]},{"@type":"ImageObject","inLanguage":"fr-FR","@id":"https:\/\/jumandeadsea.com\/fr\/produit\/masque-de-boue-de-la-mer-morte-au-beurre-de-karite-hydratant-pour-le-visage\/#primaryimage","url":"https:\/\/jumandeadsea.com\/wp-content\/uploads\/shea-butter-front.png","contentUrl":"https:\/\/jumandeadsea.com\/wp-content\/uploads\/shea-butter-front.png","width":1600,"height":1600,"caption":"Deeply hydrate and nourish your face with Juman\u2019s Cocoa Shea Butter Mud Mask \u2013 enriched with Dead Sea minerals."},{"@type":"BreadcrumbList","@id":"https:\/\/jumandeadsea.com\/fr\/produit\/masque-de-boue-de-la-mer-morte-au-beurre-de-karite-hydratant-pour-le-visage\/#breadcrumb","itemListElement":[{"@type":"ListItem","position":1,"name":"Home","item":"https:\/\/jumandeadsea.com\/fr\/"},{"@type":"ListItem","position":2,"name":"Boutique","item":"https:\/\/jumandeadsea.com\/shop\/"},{"@type":"ListItem","position":3,"name":"MASQUE DE BOUE DE LA MER MORTE AU BEURRE DE KARIT\u00c9 HYDRATANT POUR LE VISAGE"}]},{"@type":"WebSite","@id":"https:\/\/jumandeadsea.com\/fr\/#website","url":"https:\/\/jumandeadsea.com\/fr\/","name":"Juman Dead Sea","description":"Authentic Dead Sea Mineral Skincare for Sensitive, Healthy Skin","potentialAction":[{"@type":"SearchAction","target":{"@type":"EntryPoint","urlTemplate":"https:\/\/jumandeadsea.com\/fr\/?s={search_term_string}"},"query-input":{"@type":"PropertyValueSpecification","valueRequired":true,"valueName":"search_term_string"}}],"inLanguage":"fr-FR"}]}},"_links":{"self":[{"href":"https:\/\/jumandeadsea.com\/fr\/wp-json\/wp\/v2\/product\/326661","targetHints":{"allow":["GET"]}}],"collection":[{"href":"https:\/\/jumandeadsea.com\/fr\/wp-json\/wp\/v2\/product"}],"about":[{"href":"https:\/\/jumandeadsea.com\/fr\/wp-json\/wp\/v2\/types\/product"}],"replies":[{"embeddable":true,"href":"https:\/\/jumandeadsea.com\/fr\/wp-json\/wp\/v2\/comments?post=326661"}],"wp:featuredmedia":[{"embeddable":true,"href":"https:\/\/jumandeadsea.com\/fr\/wp-json\/wp\/v2\/media\/1896"}],"wp:attachment":[{"href":"https:\/\/jumandeadsea.com\/fr\/wp-json\/wp\/v2\/media?parent=326661"}],"wp:term":[{"taxonomy":"product_brand","embeddable":true,"href":"https:\/\/jumandeadsea.com\/fr\/wp-json\/wp\/v2\/product_brand?post=326661"},{"taxonomy":"product_cat","embeddable":true,"href":"https:\/\/jumandeadsea.com\/fr\/wp-json\/wp\/v2\/product_cat?post=326661"},{"taxonomy":"product_tag","embeddable":true,"href":"https:\/\/jumandeadsea.com\/fr\/wp-json\/wp\/v2\/product_tag?post=326661"}],"curies":[{"name":"wp","href":"https:\/\/api.w.org\/{rel}","templated":true}]}}