{"id":326659,"date":"2024-11-18T17:30:23","date_gmt":"2024-11-18T17:30:23","guid":{"rendered":"https:\/\/jumandeadsea.com\/product\/gommage-corporel-a-la-noix-de-coco-et-aux-mineraux-de-la-mer-morte\/"},"modified":"2024-11-18T17:30:23","modified_gmt":"2024-11-18T17:30:23","slug":"gommage-corporel-a-la-noix-de-coco-et-aux-mineraux-de-la-mer-morte","status":"publish","type":"product","link":"https:\/\/jumandeadsea.com\/fr\/produit\/gommage-corporel-a-la-noix-de-coco-et-aux-mineraux-de-la-mer-morte\/","title":{"rendered":"Gommage Corporel \u00c0 La Noix De Coco Et Aux Min\u00c9raux De La Mer Morte"},"content":{"rendered":"\n    <div class=\"shortcode-accordion\">\n        <h3 class=\"accordion-header\">Ingr\u00e9dients<\/h3>\n        <div class=\"accordion-content\" style=\"display: none;\">\n            \n<p>Maris Sal (sel de la mer morte), poudre de coque de Cocos Nucifera (noix de coco), huile de Cocos Nucifera (noix de coco), huile de Prunus Amygdalus Dulcis (amande douce), huile de noyau d&rsquo;Argania Spinosa (argan), beurre de Butyrospermum Parkii (karit\u00e9), huile de p\u00e9pins de Vitis Vinifera (raisin), tocoph\u00e9rol (vitamine E).<\/p>\n<ul>\n<li>Sel de la mer morte : Les sels organiques riches en magn\u00e9sium am\u00e9liorent l&rsquo;hydratation de la peau et r\u00e9duisent l&rsquo;inflammation des peaux s\u00e8ches.<\/li>\n<li>Poudre de coque de noix de coco : aide \u00e0 \u00e9liminer la couche superficielle de cellules cutan\u00e9es mortes, rendant la peau plus lisse. Elle poss\u00e8de des propri\u00e9t\u00e9s antibact\u00e9riennes, antifongiques, antioxydantes et antimicrobiennes qui aident \u00e0 apaiser l&rsquo;inflammation, \u00e0 lutter contre les infections acn\u00e9iques et \u00e0 att\u00e9nuer les rougeurs et la s\u00e9cheresse de la peau qui peuvent causer l&rsquo;acn\u00e9. <\/li>\n<li>L&rsquo;huile de coco : elle r\u00e9duit l&rsquo;inflammation, maintient la peau hydrat\u00e9e et aide \u00e0 gu\u00e9rir les blessures. Elle poss\u00e8de \u00e9galement des propri\u00e9t\u00e9s antimicrobiennes qui peuvent aider \u00e0 traiter l&rsquo;acn\u00e9 et \u00e0 prot\u00e9ger la peau des bact\u00e9ries nocives. <\/li>\n<li>Huile de noyau d&rsquo;argan : huile riche en acides gras essentiels, elle nourrit la peau, prot\u00e8ge son \u00e9lasticit\u00e9 et r\u00e9duit l&rsquo;apparence des rides et ridules.<\/li>\n<li>Huile d&rsquo;amande douce : une huile l\u00e9g\u00e8re respectueuse de la peau qui aide votre peau \u00e0 para\u00eetre lisse, douce et sans ridules.<\/li>\n<li>Beurre de karit\u00e9 : excellent hydratant naturel pour le visage et le corps, il r\u00e9duit les rides et combat les signes de vieillissement, et restaure l&rsquo;\u00e9lasticit\u00e9 de la peau.<\/li>\n<li>Huile de p\u00e9pins de raisin : c&rsquo;est un hydratant tr\u00e8s l\u00e9ger qui est facilement absorb\u00e9 par la peau. Elle aide \u00e0 la gu\u00e9rison de l&rsquo;ecz\u00e9ma et de l&rsquo;acn\u00e9, car elle \u00e9quilibre les zones s\u00e8ches et grasses de la peau. <\/li>\n<li>Vitamine E : cette vitamine liposoluble peut \u00eatre absorb\u00e9e par la peau. C&rsquo;est un antioxydant b\u00e9n\u00e9fique qui aide \u00e0 r\u00e9duire les dommages caus\u00e9s par les UV et le soleil sur la peau.<\/li>\n<\/ul>\n<p>\n        <\/div>\n    <\/div><br \/>\n\n    <div class=\"shortcode-accordion\">\n        <h3 class=\"accordion-header\">Mode d&#039;emploi :<\/h3>\n        <div class=\"accordion-content\" style=\"display: none;\">\n            <\/p>\n<p>M\u00e9langez d&rsquo;abord les produits \u00e9pluch\u00e9s. Appliquez g\u00e9n\u00e9reusement sur la zone du corps souhait\u00e9e (de pr\u00e9f\u00e9rence sur une peau s\u00e8che et propre). Massez doucement en effectuant des mouvements circulaires, laissez le gommage sur votre peau pendant quelques minutes puis rincez \u00e0 l&rsquo;eau ti\u00e8de. Il est recommand\u00e9 de l&rsquo;utiliser 1 \u00e0 2 fois par semaine.   <\/p>\n<p>\n        <\/div>\n    <\/div><br \/>\n\n    <div class=\"shortcode-accordion\">\n        <h3 class=\"accordion-header\">Informations sur le produit<\/h3>\n        <div class=\"accordion-content\" style=\"display: none;\">\n            <\/p>\n<p>&#8211; CPNP : 3471853<\/p>\n<p>&#8211; Poids : 300gm<\/p>\n<p>\n        <\/div>\n    <\/div><\/p>\n","protected":false},"excerpt":{"rendered":"<p>En exfoliant la peau en profondeur, le gommage corporel \u00e0 la noix de coco exploite les bienfaits naturels de la noix de coco pour offrir un produit qui apaise, nourrit et r\u00e9g\u00e9n\u00e8re les peaux fatigu\u00e9es. Gr\u00e2ce aux huiles essentielles telles que l&rsquo;huile de p\u00e9pins de raisin et l&rsquo;huile d&rsquo;amande douce, notre gommage aide \u00e0 restaurer l&rsquo;\u00e9lasticit\u00e9 de la peau et \u00e0 \u00e9liminer les cellules mortes, pour que la peau de tout votre corps soit d\u00e9licieusement revitalis\u00e9e et douce comme de la soie. Il est id\u00e9al pour les peaux s\u00e8ches.  <\/p>\n","protected":false},"featured_media":327681,"comment_status":"open","ping_status":"closed","template":"","meta":{"_et_pb_use_builder":"","_et_pb_old_content":"","_et_gb_content_width":""},"product_brand":[],"product_cat":[101,99],"product_tag":[],"class_list":{"0":"post-326659","1":"product","2":"type-product","3":"status-publish","4":"has-post-thumbnail","6":"product_cat-gommages-corporels","7":"product_cat-soins-du-corps","9":"first","10":"instock","11":"shipping-taxable","12":"purchasable","13":"product-type-simple"},"yoast_head":"<!-- This site is optimized with the Yoast SEO plugin v27.3 - https:\/\/yoast.com\/product\/yoast-seo-wordpress\/ -->\n<title>GOMMAGE CORPOREL \u00c0 LA NOIX DE COCO ET AUX MIN\u00c9RAUX DE LA MER MORTE - Juman Dead Sea<\/title>\n<meta name=\"robots\" content=\"index, follow, max-snippet:-1, max-image-preview:large, max-video-preview:-1\" \/>\n<link rel=\"canonical\" href=\"https:\/\/jumandeadsea.com\/fr\/produit\/gommage-corporel-a-la-noix-de-coco-et-aux-mineraux-de-la-mer-morte\/\" \/>\n<meta property=\"og:locale\" content=\"fr_FR\" \/>\n<meta property=\"og:type\" content=\"article\" \/>\n<meta property=\"og:title\" content=\"GOMMAGE CORPOREL \u00c0 LA NOIX DE COCO ET AUX MIN\u00c9RAUX DE LA MER MORTE - Juman Dead Sea\" \/>\n<meta property=\"og:description\" content=\"En exfoliant la peau en profondeur, le gommage corporel \u00e0 la noix de coco exploite les bienfaits naturels de la noix de coco pour offrir un produit qui apaise, nourrit et r\u00e9g\u00e9n\u00e8re les peaux fatigu\u00e9es. Gr\u00e2ce aux huiles essentielles telles que l&#039;huile de p\u00e9pins de raisin et l&#039;huile d&#039;amande douce, notre gommage aide \u00e0 restaurer l&#039;\u00e9lasticit\u00e9 de la peau et \u00e0 \u00e9liminer les cellules mortes, pour que la peau de tout votre corps soit d\u00e9licieusement revitalis\u00e9e et douce comme de la soie. Il est id\u00e9al pour les peaux s\u00e8ches.\" \/>\n<meta property=\"og:url\" content=\"https:\/\/jumandeadsea.com\/fr\/produit\/gommage-corporel-a-la-noix-de-coco-et-aux-mineraux-de-la-mer-morte\/\" \/>\n<meta property=\"og:site_name\" content=\"Juman Dead Sea\" \/>\n<meta property=\"og:image\" content=\"https:\/\/jumandeadsea.com\/wp-content\/uploads\/juman-body-scrub-2025-white.png\" \/>\n\t<meta property=\"og:image:width\" content=\"2000\" \/>\n\t<meta property=\"og:image:height\" content=\"2000\" \/>\n\t<meta property=\"og:image:type\" content=\"image\/png\" \/>\n<meta name=\"twitter:card\" content=\"summary_large_image\" \/>\n<meta name=\"twitter:label1\" content=\"Dur\u00e9e de lecture estim\u00e9e\" \/>\n\t<meta name=\"twitter:data1\" content=\"2 minutes\" \/>\n<script type=\"application\/ld+json\" class=\"yoast-schema-graph\">{\"@context\":\"https:\\\/\\\/schema.org\",\"@graph\":[{\"@type\":\"WebPage\",\"@id\":\"https:\\\/\\\/jumandeadsea.com\\\/fr\\\/produit\\\/gommage-corporel-a-la-noix-de-coco-et-aux-mineraux-de-la-mer-morte\\\/\",\"url\":\"https:\\\/\\\/jumandeadsea.com\\\/fr\\\/produit\\\/gommage-corporel-a-la-noix-de-coco-et-aux-mineraux-de-la-mer-morte\\\/\",\"name\":\"GOMMAGE CORPOREL \u00c0 LA NOIX DE COCO ET AUX MIN\u00c9RAUX DE LA MER MORTE - Juman Dead Sea\",\"isPartOf\":{\"@id\":\"https:\\\/\\\/jumandeadsea.com\\\/fr\\\/#website\"},\"primaryImageOfPage\":{\"@id\":\"https:\\\/\\\/jumandeadsea.com\\\/fr\\\/produit\\\/gommage-corporel-a-la-noix-de-coco-et-aux-mineraux-de-la-mer-morte\\\/#primaryimage\"},\"image\":{\"@id\":\"https:\\\/\\\/jumandeadsea.com\\\/fr\\\/produit\\\/gommage-corporel-a-la-noix-de-coco-et-aux-mineraux-de-la-mer-morte\\\/#primaryimage\"},\"thumbnailUrl\":\"https:\\\/\\\/jumandeadsea.com\\\/wp-content\\\/uploads\\\/juman-body-scrub-2025-white.png\",\"datePublished\":\"2024-11-18T17:30:23+00:00\",\"breadcrumb\":{\"@id\":\"https:\\\/\\\/jumandeadsea.com\\\/fr\\\/produit\\\/gommage-corporel-a-la-noix-de-coco-et-aux-mineraux-de-la-mer-morte\\\/#breadcrumb\"},\"inLanguage\":\"fr-FR\",\"potentialAction\":[{\"@type\":\"ReadAction\",\"target\":[\"https:\\\/\\\/jumandeadsea.com\\\/fr\\\/produit\\\/gommage-corporel-a-la-noix-de-coco-et-aux-mineraux-de-la-mer-morte\\\/\"]}]},{\"@type\":\"ImageObject\",\"inLanguage\":\"fr-FR\",\"@id\":\"https:\\\/\\\/jumandeadsea.com\\\/fr\\\/produit\\\/gommage-corporel-a-la-noix-de-coco-et-aux-mineraux-de-la-mer-morte\\\/#primaryimage\",\"url\":\"https:\\\/\\\/jumandeadsea.com\\\/wp-content\\\/uploads\\\/juman-body-scrub-2025-white.png\",\"contentUrl\":\"https:\\\/\\\/jumandeadsea.com\\\/wp-content\\\/uploads\\\/juman-body-scrub-2025-white.png\",\"width\":2000,\"height\":2000,\"caption\":\"Gentle exfoliation and deep hydration with Juman's Coconut Body Scrub \u2013 infused with Dead Sea minerals and natural coconut oil.\"},{\"@type\":\"BreadcrumbList\",\"@id\":\"https:\\\/\\\/jumandeadsea.com\\\/fr\\\/produit\\\/gommage-corporel-a-la-noix-de-coco-et-aux-mineraux-de-la-mer-morte\\\/#breadcrumb\",\"itemListElement\":[{\"@type\":\"ListItem\",\"position\":1,\"name\":\"Home\",\"item\":\"https:\\\/\\\/jumandeadsea.com\\\/fr\\\/\"},{\"@type\":\"ListItem\",\"position\":2,\"name\":\"Boutique\",\"item\":\"https:\\\/\\\/jumandeadsea.com\\\/shop\\\/\"},{\"@type\":\"ListItem\",\"position\":3,\"name\":\"GOMMAGE CORPOREL \u00c0 LA NOIX DE COCO ET AUX MIN\u00c9RAUX DE LA MER MORTE\"}]},{\"@type\":\"WebSite\",\"@id\":\"https:\\\/\\\/jumandeadsea.com\\\/fr\\\/#website\",\"url\":\"https:\\\/\\\/jumandeadsea.com\\\/fr\\\/\",\"name\":\"Juman Dead Sea\",\"description\":\"Authentic Dead Sea Mineral Skincare for Sensitive, Healthy Skin\",\"potentialAction\":[{\"@type\":\"SearchAction\",\"target\":{\"@type\":\"EntryPoint\",\"urlTemplate\":\"https:\\\/\\\/jumandeadsea.com\\\/fr\\\/?s={search_term_string}\"},\"query-input\":{\"@type\":\"PropertyValueSpecification\",\"valueRequired\":true,\"valueName\":\"search_term_string\"}}],\"inLanguage\":\"fr-FR\"}]}<\/script>\n<!-- \/ Yoast SEO plugin. -->","yoast_head_json":{"title":"GOMMAGE CORPOREL \u00c0 LA NOIX DE COCO ET AUX MIN\u00c9RAUX DE LA MER MORTE - Juman Dead Sea","robots":{"index":"index","follow":"follow","max-snippet":"max-snippet:-1","max-image-preview":"max-image-preview:large","max-video-preview":"max-video-preview:-1"},"canonical":"https:\/\/jumandeadsea.com\/fr\/produit\/gommage-corporel-a-la-noix-de-coco-et-aux-mineraux-de-la-mer-morte\/","og_locale":"fr_FR","og_type":"article","og_title":"GOMMAGE CORPOREL \u00c0 LA NOIX DE COCO ET AUX MIN\u00c9RAUX DE LA MER MORTE - Juman Dead Sea","og_description":"En exfoliant la peau en profondeur, le gommage corporel \u00e0 la noix de coco exploite les bienfaits naturels de la noix de coco pour offrir un produit qui apaise, nourrit et r\u00e9g\u00e9n\u00e8re les peaux fatigu\u00e9es. Gr\u00e2ce aux huiles essentielles telles que l'huile de p\u00e9pins de raisin et l'huile d'amande douce, notre gommage aide \u00e0 restaurer l'\u00e9lasticit\u00e9 de la peau et \u00e0 \u00e9liminer les cellules mortes, pour que la peau de tout votre corps soit d\u00e9licieusement revitalis\u00e9e et douce comme de la soie. Il est id\u00e9al pour les peaux s\u00e8ches.","og_url":"https:\/\/jumandeadsea.com\/fr\/produit\/gommage-corporel-a-la-noix-de-coco-et-aux-mineraux-de-la-mer-morte\/","og_site_name":"Juman Dead Sea","og_image":[{"width":2000,"height":2000,"url":"https:\/\/jumandeadsea.com\/wp-content\/uploads\/juman-body-scrub-2025-white.png","type":"image\/png"}],"twitter_card":"summary_large_image","twitter_misc":{"Dur\u00e9e de lecture estim\u00e9e":"2 minutes"},"schema":{"@context":"https:\/\/schema.org","@graph":[{"@type":"WebPage","@id":"https:\/\/jumandeadsea.com\/fr\/produit\/gommage-corporel-a-la-noix-de-coco-et-aux-mineraux-de-la-mer-morte\/","url":"https:\/\/jumandeadsea.com\/fr\/produit\/gommage-corporel-a-la-noix-de-coco-et-aux-mineraux-de-la-mer-morte\/","name":"GOMMAGE CORPOREL \u00c0 LA NOIX DE COCO ET AUX MIN\u00c9RAUX DE LA MER MORTE - Juman Dead Sea","isPartOf":{"@id":"https:\/\/jumandeadsea.com\/fr\/#website"},"primaryImageOfPage":{"@id":"https:\/\/jumandeadsea.com\/fr\/produit\/gommage-corporel-a-la-noix-de-coco-et-aux-mineraux-de-la-mer-morte\/#primaryimage"},"image":{"@id":"https:\/\/jumandeadsea.com\/fr\/produit\/gommage-corporel-a-la-noix-de-coco-et-aux-mineraux-de-la-mer-morte\/#primaryimage"},"thumbnailUrl":"https:\/\/jumandeadsea.com\/wp-content\/uploads\/juman-body-scrub-2025-white.png","datePublished":"2024-11-18T17:30:23+00:00","breadcrumb":{"@id":"https:\/\/jumandeadsea.com\/fr\/produit\/gommage-corporel-a-la-noix-de-coco-et-aux-mineraux-de-la-mer-morte\/#breadcrumb"},"inLanguage":"fr-FR","potentialAction":[{"@type":"ReadAction","target":["https:\/\/jumandeadsea.com\/fr\/produit\/gommage-corporel-a-la-noix-de-coco-et-aux-mineraux-de-la-mer-morte\/"]}]},{"@type":"ImageObject","inLanguage":"fr-FR","@id":"https:\/\/jumandeadsea.com\/fr\/produit\/gommage-corporel-a-la-noix-de-coco-et-aux-mineraux-de-la-mer-morte\/#primaryimage","url":"https:\/\/jumandeadsea.com\/wp-content\/uploads\/juman-body-scrub-2025-white.png","contentUrl":"https:\/\/jumandeadsea.com\/wp-content\/uploads\/juman-body-scrub-2025-white.png","width":2000,"height":2000,"caption":"Gentle exfoliation and deep hydration with Juman's Coconut Body Scrub \u2013 infused with Dead Sea minerals and natural coconut oil."},{"@type":"BreadcrumbList","@id":"https:\/\/jumandeadsea.com\/fr\/produit\/gommage-corporel-a-la-noix-de-coco-et-aux-mineraux-de-la-mer-morte\/#breadcrumb","itemListElement":[{"@type":"ListItem","position":1,"name":"Home","item":"https:\/\/jumandeadsea.com\/fr\/"},{"@type":"ListItem","position":2,"name":"Boutique","item":"https:\/\/jumandeadsea.com\/shop\/"},{"@type":"ListItem","position":3,"name":"GOMMAGE CORPOREL \u00c0 LA NOIX DE COCO ET AUX MIN\u00c9RAUX DE LA MER MORTE"}]},{"@type":"WebSite","@id":"https:\/\/jumandeadsea.com\/fr\/#website","url":"https:\/\/jumandeadsea.com\/fr\/","name":"Juman Dead Sea","description":"Authentic Dead Sea Mineral Skincare for Sensitive, Healthy Skin","potentialAction":[{"@type":"SearchAction","target":{"@type":"EntryPoint","urlTemplate":"https:\/\/jumandeadsea.com\/fr\/?s={search_term_string}"},"query-input":{"@type":"PropertyValueSpecification","valueRequired":true,"valueName":"search_term_string"}}],"inLanguage":"fr-FR"}]}},"_links":{"self":[{"href":"https:\/\/jumandeadsea.com\/fr\/wp-json\/wp\/v2\/product\/326659","targetHints":{"allow":["GET"]}}],"collection":[{"href":"https:\/\/jumandeadsea.com\/fr\/wp-json\/wp\/v2\/product"}],"about":[{"href":"https:\/\/jumandeadsea.com\/fr\/wp-json\/wp\/v2\/types\/product"}],"replies":[{"embeddable":true,"href":"https:\/\/jumandeadsea.com\/fr\/wp-json\/wp\/v2\/comments?post=326659"}],"wp:featuredmedia":[{"embeddable":true,"href":"https:\/\/jumandeadsea.com\/fr\/wp-json\/wp\/v2\/media\/327681"}],"wp:attachment":[{"href":"https:\/\/jumandeadsea.com\/fr\/wp-json\/wp\/v2\/media?parent=326659"}],"wp:term":[{"taxonomy":"product_brand","embeddable":true,"href":"https:\/\/jumandeadsea.com\/fr\/wp-json\/wp\/v2\/product_brand?post=326659"},{"taxonomy":"product_cat","embeddable":true,"href":"https:\/\/jumandeadsea.com\/fr\/wp-json\/wp\/v2\/product_cat?post=326659"},{"taxonomy":"product_tag","embeddable":true,"href":"https:\/\/jumandeadsea.com\/fr\/wp-json\/wp\/v2\/product_tag?post=326659"}],"curies":[{"name":"wp","href":"https:\/\/api.w.org\/{rel}","templated":true}]}}