{"id":326657,"date":"2024-11-18T17:30:21","date_gmt":"2024-11-18T17:30:21","guid":{"rendered":"https:\/\/jumandeadsea.com\/product\/gommage-au-cafe-et-au-chocolat-de-la-mer-morte\/"},"modified":"2024-11-18T17:30:21","modified_gmt":"2024-11-18T17:30:21","slug":"gommage-au-cafe-et-au-chocolat-de-la-mer-morte","status":"publish","type":"product","link":"https:\/\/jumandeadsea.com\/fr\/produit\/gommage-au-cafe-et-au-chocolat-de-la-mer-morte\/","title":{"rendered":"Gommage Au Caf\u00c9 Et Au Chocolat De La Mer Morte"},"content":{"rendered":"\n    <div class=\"shortcode-accordion\">\n        <h3 class=\"accordion-header\">Ingr\u00e9dients<\/h3>\n        <div class=\"accordion-content\" style=\"display: none;\">\n            \n<p>Maris Sal (sel de la mer morte), Butyrospermum Parkii (beurre de karit\u00e9), poudre de graines de Coffea Arabica (caf\u00e9), huile de Cocos Nucifera (noix de coco), huile de noyau d&rsquo;Argania Spinosa (Argan), chocolat, huile de Prunus Amygdalus Dulcis (amande douce), tocoph\u00e9rol (vitamine E).<\/p>\n<ul>\n<li><em>Sel de la mer morte<\/em>: Les sels organiques riches en magn\u00e9sium am\u00e9liorent l&rsquo;hydratation de la peau et r\u00e9duisent l&rsquo;inflammation des peaux s\u00e8ches.<\/li>\n<li><em>Beurre de karit\u00e9 :<\/em> excellent hydratant naturel pour le visage et le corps, il r\u00e9duit les rides et combat les signes de vieillissement, restaure l&rsquo;\u00e9lasticit\u00e9 de la peau et att\u00e9nue les vergetures.<\/li>\n<li>Poudre de graines de caf\u00e9 :<strong> contient une forte concentration d&rsquo;acides gras essentiels, de st\u00e9rols et de vitamine E, ce qui en fait un antioxydant puissant qui peut offrir une protection contre les dommages cutan\u00e9s et r\u00e9duire la cellulite et les vergetures.<\/strong><\/li>\n<li>L<em>&lsquo;huile de coco :<\/em> elle r\u00e9duit l&rsquo;inflammation, maintient la peau hydrat\u00e9e et aide \u00e0 gu\u00e9rir les blessures. Elle poss\u00e8de \u00e9galement des propri\u00e9t\u00e9s antimicrobiennes qui peuvent aider \u00e0 traiter l&rsquo;acn\u00e9 et \u00e0 prot\u00e9ger la peau des bact\u00e9ries nocives. <\/li>\n<li><em>Huile de noyau d&rsquo;argan : <\/em>huile riche en acides gras essentiels, elle nourrit la peau, prot\u00e8ge son \u00e9lasticit\u00e9 et r\u00e9duit l&rsquo;apparence des rides et ridules.<\/li>\n<li>Le chocolat : il poss\u00e8de des propri\u00e9t\u00e9s antioxydantes qui aident \u00e0 prot\u00e9ger votre peau contre les rides. Il raffermit \u00e9galement la peau, stimule la circulation et am\u00e9liore le flux sanguin. <\/li>\n<li><em>Huile d&rsquo;amande douce<\/em>: une huile l\u00e9g\u00e8re respectueuse de la peau qui aide votre peau \u00e0 para\u00eetre lisse, douce et sans ridules.<\/li>\n<li><em>Vitamine E<\/em>: cette vitamine liposoluble peut \u00eatre absorb\u00e9e par la peau. C&rsquo;est un antioxydant b\u00e9n\u00e9fique qui aide \u00e0 r\u00e9duire les dommages caus\u00e9s par les UV et le soleil sur la peau.<\/li>\n<\/ul>\n<p>\n        <\/div>\n    <\/div><br \/>\n\n    <div class=\"shortcode-accordion\">\n        <h3 class=\"accordion-header\">Mode d&#039;emploi :<\/h3>\n        <div class=\"accordion-content\" style=\"display: none;\">\n            <\/p>\n<p>M\u00e9langez d&rsquo;abord les produits \u00e9pluch\u00e9s. Appliquez g\u00e9n\u00e9reusement sur la zone du corps concern\u00e9e (de pr\u00e9f\u00e9rence sur une peau s\u00e8che et propre). Commencez doucement \u00e0 masser en mouvements circulaires, en commen\u00e7ant par les extr\u00e9mit\u00e9s et en allant vers le c\u0153ur. Il est pr\u00e9f\u00e9rable d&rsquo;envelopper les zones avec un film plastique pendant (30-35) minutes et de laver ensuite le corps \u00e0 l&rsquo;eau ti\u00e8de sans utiliser de savon.  <\/p>\n<p>\n        <\/div>\n    <\/div><br \/>\n\n    <div class=\"shortcode-accordion\">\n        <h3 class=\"accordion-header\">Informations sur le produit<\/h3>\n        <div class=\"accordion-content\" style=\"display: none;\">\n            <\/p>\n<p>&#8211; Poids : 300 g<\/p>\n<p>\n        <\/div>\n    <\/div><\/p>\n","protected":false},"excerpt":{"rendered":"<p>Un gommage exfoliant naturel aux propri\u00e9t\u00e9s hydratantes et antioxydantes. Le m\u00e9lange de caf\u00e9 et de chocolat d\u00e9toxifie et nourrit la peau, tandis que les grains de caf\u00e9 arabica et le sel de la mer Morte offrent un superbe m\u00e9lange doux qui \u00e9limine les cellules mortes et favorise la r\u00e9g\u00e9n\u00e9ration cellulaire. Il hydrate et raffermit \u00e9galement la peau, lui donnant un aspect et une sensation de jeunesse, pr\u00e9venant la cellulite et att\u00e9nuant les vergetures et les varices.<br \/>\n<strong>ANTI-CELLULITE<\/strong><\/p>\n","protected":false},"featured_media":1972,"comment_status":"open","ping_status":"closed","template":"","meta":{"_et_pb_use_builder":"","_et_pb_old_content":"","_et_gb_content_width":""},"product_brand":[],"product_cat":[101,99],"product_tag":[],"class_list":{"0":"post-326657","1":"product","2":"type-product","3":"status-publish","4":"has-post-thumbnail","6":"product_cat-gommages-corporels","7":"product_cat-soins-du-corps","9":"first","10":"instock","11":"shipping-taxable","12":"purchasable","13":"product-type-simple"},"yoast_head":"<!-- This site is optimized with the Yoast SEO plugin v27.3 - https:\/\/yoast.com\/product\/yoast-seo-wordpress\/ -->\n<title>GOMMAGE AU CAF\u00c9 ET AU CHOCOLAT DE LA MER MORTE - Juman Dead Sea<\/title>\n<meta name=\"robots\" content=\"index, follow, max-snippet:-1, max-image-preview:large, max-video-preview:-1\" \/>\n<link rel=\"canonical\" href=\"https:\/\/jumandeadsea.com\/fr\/produit\/gommage-au-cafe-et-au-chocolat-de-la-mer-morte\/\" \/>\n<meta property=\"og:locale\" content=\"fr_FR\" \/>\n<meta property=\"og:type\" content=\"article\" \/>\n<meta property=\"og:title\" content=\"GOMMAGE AU CAF\u00c9 ET AU CHOCOLAT DE LA MER MORTE - Juman Dead Sea\" \/>\n<meta property=\"og:description\" content=\"Un gommage exfoliant naturel aux propri\u00e9t\u00e9s hydratantes et antioxydantes. Le m\u00e9lange de caf\u00e9 et de chocolat d\u00e9toxifie et nourrit la peau, tandis que les grains de caf\u00e9 arabica et le sel de la mer Morte offrent un superbe m\u00e9lange doux qui \u00e9limine les cellules mortes et favorise la r\u00e9g\u00e9n\u00e9ration cellulaire. Il hydrate et raffermit \u00e9galement la peau, lui donnant un aspect et une sensation de jeunesse, pr\u00e9venant la cellulite et att\u00e9nuant les vergetures et les varices.  ANTI-CELLULITE\" \/>\n<meta property=\"og:url\" content=\"https:\/\/jumandeadsea.com\/fr\/produit\/gommage-au-cafe-et-au-chocolat-de-la-mer-morte\/\" \/>\n<meta property=\"og:site_name\" content=\"Juman Dead Sea\" \/>\n<meta property=\"og:image\" content=\"https:\/\/jumandeadsea.com\/wp-content\/uploads\/Front.jpg\" \/>\n\t<meta property=\"og:image:width\" content=\"1600\" \/>\n\t<meta property=\"og:image:height\" content=\"1600\" \/>\n\t<meta property=\"og:image:type\" content=\"image\/jpeg\" \/>\n<meta name=\"twitter:card\" content=\"summary_large_image\" \/>\n<meta name=\"twitter:label1\" content=\"Dur\u00e9e de lecture estim\u00e9e\" \/>\n\t<meta name=\"twitter:data1\" content=\"2 minutes\" \/>\n<script type=\"application\/ld+json\" class=\"yoast-schema-graph\">{\"@context\":\"https:\\\/\\\/schema.org\",\"@graph\":[{\"@type\":\"WebPage\",\"@id\":\"https:\\\/\\\/jumandeadsea.com\\\/fr\\\/produit\\\/gommage-au-cafe-et-au-chocolat-de-la-mer-morte\\\/\",\"url\":\"https:\\\/\\\/jumandeadsea.com\\\/fr\\\/produit\\\/gommage-au-cafe-et-au-chocolat-de-la-mer-morte\\\/\",\"name\":\"GOMMAGE AU CAF\u00c9 ET AU CHOCOLAT DE LA MER MORTE - Juman Dead Sea\",\"isPartOf\":{\"@id\":\"https:\\\/\\\/jumandeadsea.com\\\/fr\\\/#website\"},\"primaryImageOfPage\":{\"@id\":\"https:\\\/\\\/jumandeadsea.com\\\/fr\\\/produit\\\/gommage-au-cafe-et-au-chocolat-de-la-mer-morte\\\/#primaryimage\"},\"image\":{\"@id\":\"https:\\\/\\\/jumandeadsea.com\\\/fr\\\/produit\\\/gommage-au-cafe-et-au-chocolat-de-la-mer-morte\\\/#primaryimage\"},\"thumbnailUrl\":\"https:\\\/\\\/jumandeadsea.com\\\/wp-content\\\/uploads\\\/Front.jpg\",\"datePublished\":\"2024-11-18T17:30:21+00:00\",\"breadcrumb\":{\"@id\":\"https:\\\/\\\/jumandeadsea.com\\\/fr\\\/produit\\\/gommage-au-cafe-et-au-chocolat-de-la-mer-morte\\\/#breadcrumb\"},\"inLanguage\":\"fr-FR\",\"potentialAction\":[{\"@type\":\"ReadAction\",\"target\":[\"https:\\\/\\\/jumandeadsea.com\\\/fr\\\/produit\\\/gommage-au-cafe-et-au-chocolat-de-la-mer-morte\\\/\"]}]},{\"@type\":\"ImageObject\",\"inLanguage\":\"fr-FR\",\"@id\":\"https:\\\/\\\/jumandeadsea.com\\\/fr\\\/produit\\\/gommage-au-cafe-et-au-chocolat-de-la-mer-morte\\\/#primaryimage\",\"url\":\"https:\\\/\\\/jumandeadsea.com\\\/wp-content\\\/uploads\\\/Front.jpg\",\"contentUrl\":\"https:\\\/\\\/jumandeadsea.com\\\/wp-content\\\/uploads\\\/Front.jpg\",\"width\":1600,\"height\":1600},{\"@type\":\"BreadcrumbList\",\"@id\":\"https:\\\/\\\/jumandeadsea.com\\\/fr\\\/produit\\\/gommage-au-cafe-et-au-chocolat-de-la-mer-morte\\\/#breadcrumb\",\"itemListElement\":[{\"@type\":\"ListItem\",\"position\":1,\"name\":\"Home\",\"item\":\"https:\\\/\\\/jumandeadsea.com\\\/fr\\\/\"},{\"@type\":\"ListItem\",\"position\":2,\"name\":\"Boutique\",\"item\":\"https:\\\/\\\/jumandeadsea.com\\\/shop\\\/\"},{\"@type\":\"ListItem\",\"position\":3,\"name\":\"GOMMAGE AU CAF\u00c9 ET AU CHOCOLAT DE LA MER MORTE\"}]},{\"@type\":\"WebSite\",\"@id\":\"https:\\\/\\\/jumandeadsea.com\\\/fr\\\/#website\",\"url\":\"https:\\\/\\\/jumandeadsea.com\\\/fr\\\/\",\"name\":\"Juman Dead Sea\",\"description\":\"Authentic Dead Sea Mineral Skincare for Sensitive, Healthy Skin\",\"potentialAction\":[{\"@type\":\"SearchAction\",\"target\":{\"@type\":\"EntryPoint\",\"urlTemplate\":\"https:\\\/\\\/jumandeadsea.com\\\/fr\\\/?s={search_term_string}\"},\"query-input\":{\"@type\":\"PropertyValueSpecification\",\"valueRequired\":true,\"valueName\":\"search_term_string\"}}],\"inLanguage\":\"fr-FR\"}]}<\/script>\n<!-- \/ Yoast SEO plugin. -->","yoast_head_json":{"title":"GOMMAGE AU CAF\u00c9 ET AU CHOCOLAT DE LA MER MORTE - Juman Dead Sea","robots":{"index":"index","follow":"follow","max-snippet":"max-snippet:-1","max-image-preview":"max-image-preview:large","max-video-preview":"max-video-preview:-1"},"canonical":"https:\/\/jumandeadsea.com\/fr\/produit\/gommage-au-cafe-et-au-chocolat-de-la-mer-morte\/","og_locale":"fr_FR","og_type":"article","og_title":"GOMMAGE AU CAF\u00c9 ET AU CHOCOLAT DE LA MER MORTE - Juman Dead Sea","og_description":"Un gommage exfoliant naturel aux propri\u00e9t\u00e9s hydratantes et antioxydantes. Le m\u00e9lange de caf\u00e9 et de chocolat d\u00e9toxifie et nourrit la peau, tandis que les grains de caf\u00e9 arabica et le sel de la mer Morte offrent un superbe m\u00e9lange doux qui \u00e9limine les cellules mortes et favorise la r\u00e9g\u00e9n\u00e9ration cellulaire. Il hydrate et raffermit \u00e9galement la peau, lui donnant un aspect et une sensation de jeunesse, pr\u00e9venant la cellulite et att\u00e9nuant les vergetures et les varices.  ANTI-CELLULITE","og_url":"https:\/\/jumandeadsea.com\/fr\/produit\/gommage-au-cafe-et-au-chocolat-de-la-mer-morte\/","og_site_name":"Juman Dead Sea","og_image":[{"width":1600,"height":1600,"url":"https:\/\/jumandeadsea.com\/wp-content\/uploads\/Front.jpg","type":"image\/jpeg"}],"twitter_card":"summary_large_image","twitter_misc":{"Dur\u00e9e de lecture estim\u00e9e":"2 minutes"},"schema":{"@context":"https:\/\/schema.org","@graph":[{"@type":"WebPage","@id":"https:\/\/jumandeadsea.com\/fr\/produit\/gommage-au-cafe-et-au-chocolat-de-la-mer-morte\/","url":"https:\/\/jumandeadsea.com\/fr\/produit\/gommage-au-cafe-et-au-chocolat-de-la-mer-morte\/","name":"GOMMAGE AU CAF\u00c9 ET AU CHOCOLAT DE LA MER MORTE - Juman Dead Sea","isPartOf":{"@id":"https:\/\/jumandeadsea.com\/fr\/#website"},"primaryImageOfPage":{"@id":"https:\/\/jumandeadsea.com\/fr\/produit\/gommage-au-cafe-et-au-chocolat-de-la-mer-morte\/#primaryimage"},"image":{"@id":"https:\/\/jumandeadsea.com\/fr\/produit\/gommage-au-cafe-et-au-chocolat-de-la-mer-morte\/#primaryimage"},"thumbnailUrl":"https:\/\/jumandeadsea.com\/wp-content\/uploads\/Front.jpg","datePublished":"2024-11-18T17:30:21+00:00","breadcrumb":{"@id":"https:\/\/jumandeadsea.com\/fr\/produit\/gommage-au-cafe-et-au-chocolat-de-la-mer-morte\/#breadcrumb"},"inLanguage":"fr-FR","potentialAction":[{"@type":"ReadAction","target":["https:\/\/jumandeadsea.com\/fr\/produit\/gommage-au-cafe-et-au-chocolat-de-la-mer-morte\/"]}]},{"@type":"ImageObject","inLanguage":"fr-FR","@id":"https:\/\/jumandeadsea.com\/fr\/produit\/gommage-au-cafe-et-au-chocolat-de-la-mer-morte\/#primaryimage","url":"https:\/\/jumandeadsea.com\/wp-content\/uploads\/Front.jpg","contentUrl":"https:\/\/jumandeadsea.com\/wp-content\/uploads\/Front.jpg","width":1600,"height":1600},{"@type":"BreadcrumbList","@id":"https:\/\/jumandeadsea.com\/fr\/produit\/gommage-au-cafe-et-au-chocolat-de-la-mer-morte\/#breadcrumb","itemListElement":[{"@type":"ListItem","position":1,"name":"Home","item":"https:\/\/jumandeadsea.com\/fr\/"},{"@type":"ListItem","position":2,"name":"Boutique","item":"https:\/\/jumandeadsea.com\/shop\/"},{"@type":"ListItem","position":3,"name":"GOMMAGE AU CAF\u00c9 ET AU CHOCOLAT DE LA MER MORTE"}]},{"@type":"WebSite","@id":"https:\/\/jumandeadsea.com\/fr\/#website","url":"https:\/\/jumandeadsea.com\/fr\/","name":"Juman Dead Sea","description":"Authentic Dead Sea Mineral Skincare for Sensitive, Healthy Skin","potentialAction":[{"@type":"SearchAction","target":{"@type":"EntryPoint","urlTemplate":"https:\/\/jumandeadsea.com\/fr\/?s={search_term_string}"},"query-input":{"@type":"PropertyValueSpecification","valueRequired":true,"valueName":"search_term_string"}}],"inLanguage":"fr-FR"}]}},"_links":{"self":[{"href":"https:\/\/jumandeadsea.com\/fr\/wp-json\/wp\/v2\/product\/326657","targetHints":{"allow":["GET"]}}],"collection":[{"href":"https:\/\/jumandeadsea.com\/fr\/wp-json\/wp\/v2\/product"}],"about":[{"href":"https:\/\/jumandeadsea.com\/fr\/wp-json\/wp\/v2\/types\/product"}],"replies":[{"embeddable":true,"href":"https:\/\/jumandeadsea.com\/fr\/wp-json\/wp\/v2\/comments?post=326657"}],"wp:featuredmedia":[{"embeddable":true,"href":"https:\/\/jumandeadsea.com\/fr\/wp-json\/wp\/v2\/media\/1972"}],"wp:attachment":[{"href":"https:\/\/jumandeadsea.com\/fr\/wp-json\/wp\/v2\/media?parent=326657"}],"wp:term":[{"taxonomy":"product_brand","embeddable":true,"href":"https:\/\/jumandeadsea.com\/fr\/wp-json\/wp\/v2\/product_brand?post=326657"},{"taxonomy":"product_cat","embeddable":true,"href":"https:\/\/jumandeadsea.com\/fr\/wp-json\/wp\/v2\/product_cat?post=326657"},{"taxonomy":"product_tag","embeddable":true,"href":"https:\/\/jumandeadsea.com\/fr\/wp-json\/wp\/v2\/product_tag?post=326657"}],"curies":[{"name":"wp","href":"https:\/\/api.w.org\/{rel}","templated":true}]}}