{"id":326654,"date":"2024-11-18T17:30:21","date_gmt":"2024-11-18T17:30:21","guid":{"rendered":"https:\/\/jumandeadsea.com\/product\/sans-rincage-pour-cheveux-boucles-enrichi-en-beurre-de-karite-et-en-beurre-de-cacao\/"},"modified":"2024-11-18T17:30:21","modified_gmt":"2024-11-18T17:30:21","slug":"sans-rincage-pour-cheveux-boucles-enrichi-en-beurre-de-karite-et-en-beurre-de-cacao","status":"publish","type":"product","link":"https:\/\/jumandeadsea.com\/fr\/produit\/sans-rincage-pour-cheveux-boucles-enrichi-en-beurre-de-karite-et-en-beurre-de-cacao\/","title":{"rendered":"Sans Rin\u00c7age Pour Cheveux Boucl\u00c9s, Enrichi En Beurre De Karit\u00c9 Et En Beurre De Cacao"},"content":{"rendered":"\n    <div class=\"shortcode-accordion\">\n        <h3 class=\"accordion-header\">Ingr\u00e9dients<\/h3>\n        <div class=\"accordion-content\" style=\"display: none;\">\n            \n<p>Prunus Amygdalus Dulcis (huile d&rsquo;amande douce), Argania Spinosa (huile de noyau d&rsquo;argan), Butyrospermum Parkii (beurre de karit\u00e9), Theobroma Cacao (beurre de cacao), Ricinus Communis (huile de ricin), Annuus (huile de graines de tournesol).<\/p>\n<ul>\n<li><strong>Huile d&rsquo;amande douce : <\/strong>nourrit les cheveux, leur donne de la vitalit\u00e9, les assouplit, r\u00e9pare les pointes fourchues, les hydrate et les prot\u00e8ge du dess\u00e8chement, les renforce et les rend moins sujets \u00e0 la casse.<\/li>\n<li><strong>Huile d&rsquo;argan :<\/strong> hydrate les cheveux en profondeur, augmente leur brillance, les nourrit et favorise la croissance de cheveux sains.<\/li>\n<li><strong>Beurre de karit\u00e9 : il<\/strong> r\u00e9duit la casse des cheveux, les nourrit et augmente leur brillance. En outre, il aide \u00e0 \u00e9liminer les n\u0153uds et \u00e0 assouplir les cheveux. <\/li>\n<li><strong>Beurre de cacao :<\/strong> augmente l&rsquo;hydratation des cheveux, les nourrit et augmente leur brillance.<\/li>\n<li><strong>Huile de ricin : <\/strong>hydrate les cheveux secs et cassants, les renforce, les intensifie et les fait briller. En outre, elle r\u00e9duit la casse des cheveux et les prot\u00e8ge de tout dommage caus\u00e9 par des facteurs externes. <\/li>\n<li><strong>Huile de tournesol :<\/strong> Elle maintient la sant\u00e9 des cheveux en les nourrissant et en les hydratant, ce qui les prot\u00e8ge de la s\u00e9cheresse et de la fragilit\u00e9 en r\u00e9duisant la perte d&rsquo;eau.<\/li>\n<\/ul>\n<p>\n        <\/div>\n    <\/div><br \/>\n\n    <div class=\"shortcode-accordion\">\n        <h3 class=\"accordion-header\">Mode d&#039;emploi :<\/h3>\n        <div class=\"accordion-content\" style=\"display: none;\">\n            <\/p>\n<p>Appliquez sur les cheveux propres, des racines aux pointes, sans les rincer. Peignez d\u00e9licatement vos cheveux pour une r\u00e9partition uniforme. <\/p>\n<p>\n        <\/div>\n    <\/div><br \/>\n\n    <div class=\"shortcode-accordion\">\n        <h3 class=\"accordion-header\">Informations sur le produit<\/h3>\n        <div class=\"accordion-content\" style=\"display: none;\">\n            <\/p>\n<p>&#8211; Poids : 400ml<\/p>\n<p>\n        <\/div>\n    <\/div><\/p>\n","protected":false},"excerpt":{"rendered":"<p>Nourrissez vos boucles avec notre formule qui contient un m\u00e9lange de beurre de karit\u00e9, de beurre de cacao et d&rsquo;huile d&rsquo;amande douce &#8211; le trio parfait pour aider \u00e0 garder vos cheveux hydrat\u00e9s et pour ajouter de la brillance, du volume et de la rondeur \u00e0 vos boucles. Il laisse les cheveux doux et lisses tout en les rendant beaucoup plus faciles \u00e0 coiffer et \u00e0 peigner sans \u00eatre affect\u00e9s par les conditions environnantes. Il r\u00e9duit les cassures, les frisottis et les pointes fourchues, laissant vos boucles plus lisses et plus brillantes. <\/p>\n<ul>\n<li><strong>CONVIENT AUX CHEVEUX BOUCL\u00c9S<\/strong><\/li>\n<li><strong>REDONNE VIE AUX BOUCLES D&rsquo;OREILLES<\/strong><\/li>\n<\/ul>\n","protected":false},"featured_media":2050,"comment_status":"open","ping_status":"closed","template":"","meta":{"_et_pb_use_builder":"","_et_pb_old_content":"","_et_gb_content_width":""},"product_brand":[],"product_cat":[107,108],"product_tag":[],"class_list":{"0":"post-326654","1":"product","2":"type-product","3":"status-publish","4":"has-post-thumbnail","6":"product_cat-soins-capillaires","7":"product_cat-soins-pour-cheveux-boucles","9":"first","10":"instock","11":"shipping-taxable","12":"purchasable","13":"product-type-simple"},"yoast_head":"<!-- This site is optimized with the Yoast SEO plugin v27.3 - https:\/\/yoast.com\/product\/yoast-seo-wordpress\/ -->\n<title>SANS RIN\u00c7AGE POUR CHEVEUX BOUCL\u00c9S, ENRICHI EN BEURRE DE KARIT\u00c9 ET EN BEURRE DE CACAO - Juman Dead Sea<\/title>\n<meta name=\"robots\" content=\"index, follow, max-snippet:-1, max-image-preview:large, max-video-preview:-1\" \/>\n<link rel=\"canonical\" href=\"https:\/\/jumandeadsea.com\/fr\/produit\/sans-rincage-pour-cheveux-boucles-enrichi-en-beurre-de-karite-et-en-beurre-de-cacao\/\" \/>\n<meta property=\"og:locale\" content=\"fr_FR\" \/>\n<meta property=\"og:type\" content=\"article\" \/>\n<meta property=\"og:title\" content=\"SANS RIN\u00c7AGE POUR CHEVEUX BOUCL\u00c9S, ENRICHI EN BEURRE DE KARIT\u00c9 ET EN BEURRE DE CACAO - Juman Dead Sea\" \/>\n<meta property=\"og:description\" content=\"Nourrissez vos boucles avec notre formule qui contient un m\u00e9lange de beurre de karit\u00e9, de beurre de cacao et d&#039;huile d&#039;amande douce - le trio parfait pour aider \u00e0 garder vos cheveux hydrat\u00e9s et pour ajouter de la brillance, du volume et de la rondeur \u00e0 vos boucles. Il laisse les cheveux doux et lisses tout en les rendant beaucoup plus faciles \u00e0 coiffer et \u00e0 peigner sans \u00eatre affect\u00e9s par les conditions environnantes. Il r\u00e9duit les cassures, les frisottis et les pointes fourchues, laissant vos boucles plus lisses et plus brillantes.   CONVIENT AUX CHEVEUX BOUCL\u00c9S  REDONNE VIE AUX BOUCLES D&#039;OREILLES\" \/>\n<meta property=\"og:url\" content=\"https:\/\/jumandeadsea.com\/fr\/produit\/sans-rincage-pour-cheveux-boucles-enrichi-en-beurre-de-karite-et-en-beurre-de-cacao\/\" \/>\n<meta property=\"og:site_name\" content=\"Juman Dead Sea\" \/>\n<meta name=\"twitter:card\" content=\"summary_large_image\" \/>\n<meta name=\"twitter:label1\" content=\"Dur\u00e9e de lecture estim\u00e9e\" \/>\n\t<meta name=\"twitter:data1\" content=\"1 minute\" \/>\n<script type=\"application\/ld+json\" class=\"yoast-schema-graph\">{\"@context\":\"https:\\\/\\\/schema.org\",\"@graph\":[{\"@type\":\"WebPage\",\"@id\":\"https:\\\/\\\/jumandeadsea.com\\\/fr\\\/produit\\\/sans-rincage-pour-cheveux-boucles-enrichi-en-beurre-de-karite-et-en-beurre-de-cacao\\\/\",\"url\":\"https:\\\/\\\/jumandeadsea.com\\\/fr\\\/produit\\\/sans-rincage-pour-cheveux-boucles-enrichi-en-beurre-de-karite-et-en-beurre-de-cacao\\\/\",\"name\":\"SANS RIN\u00c7AGE POUR CHEVEUX BOUCL\u00c9S, ENRICHI EN BEURRE DE KARIT\u00c9 ET EN BEURRE DE CACAO - Juman Dead Sea\",\"isPartOf\":{\"@id\":\"https:\\\/\\\/jumandeadsea.com\\\/fr\\\/#website\"},\"primaryImageOfPage\":{\"@id\":\"https:\\\/\\\/jumandeadsea.com\\\/fr\\\/produit\\\/sans-rincage-pour-cheveux-boucles-enrichi-en-beurre-de-karite-et-en-beurre-de-cacao\\\/#primaryimage\"},\"image\":{\"@id\":\"https:\\\/\\\/jumandeadsea.com\\\/fr\\\/produit\\\/sans-rincage-pour-cheveux-boucles-enrichi-en-beurre-de-karite-et-en-beurre-de-cacao\\\/#primaryimage\"},\"thumbnailUrl\":\"https:\\\/\\\/jumandeadsea.com\\\/wp-content\\\/uploads\\\/leave-in-curly-1.png\",\"datePublished\":\"2024-11-18T17:30:21+00:00\",\"breadcrumb\":{\"@id\":\"https:\\\/\\\/jumandeadsea.com\\\/fr\\\/produit\\\/sans-rincage-pour-cheveux-boucles-enrichi-en-beurre-de-karite-et-en-beurre-de-cacao\\\/#breadcrumb\"},\"inLanguage\":\"fr-FR\",\"potentialAction\":[{\"@type\":\"ReadAction\",\"target\":[\"https:\\\/\\\/jumandeadsea.com\\\/fr\\\/produit\\\/sans-rincage-pour-cheveux-boucles-enrichi-en-beurre-de-karite-et-en-beurre-de-cacao\\\/\"]}]},{\"@type\":\"ImageObject\",\"inLanguage\":\"fr-FR\",\"@id\":\"https:\\\/\\\/jumandeadsea.com\\\/fr\\\/produit\\\/sans-rincage-pour-cheveux-boucles-enrichi-en-beurre-de-karite-et-en-beurre-de-cacao\\\/#primaryimage\",\"url\":\"https:\\\/\\\/jumandeadsea.com\\\/wp-content\\\/uploads\\\/leave-in-curly-1.png\",\"contentUrl\":\"https:\\\/\\\/jumandeadsea.com\\\/wp-content\\\/uploads\\\/leave-in-curly-1.png\",\"width\":500,\"height\":500},{\"@type\":\"BreadcrumbList\",\"@id\":\"https:\\\/\\\/jumandeadsea.com\\\/fr\\\/produit\\\/sans-rincage-pour-cheveux-boucles-enrichi-en-beurre-de-karite-et-en-beurre-de-cacao\\\/#breadcrumb\",\"itemListElement\":[{\"@type\":\"ListItem\",\"position\":1,\"name\":\"Home\",\"item\":\"https:\\\/\\\/jumandeadsea.com\\\/fr\\\/\"},{\"@type\":\"ListItem\",\"position\":2,\"name\":\"Boutique\",\"item\":\"https:\\\/\\\/jumandeadsea.com\\\/shop\\\/\"},{\"@type\":\"ListItem\",\"position\":3,\"name\":\"Sans Rin\u00c7age Pour Cheveux Boucl\u00c9s, Enrichi En Beurre De Karit\u00c9 Et En Beurre De Cacao\"}]},{\"@type\":\"WebSite\",\"@id\":\"https:\\\/\\\/jumandeadsea.com\\\/fr\\\/#website\",\"url\":\"https:\\\/\\\/jumandeadsea.com\\\/fr\\\/\",\"name\":\"Juman Dead Sea\",\"description\":\"Authentic Dead Sea Mineral Skincare for Sensitive, Healthy Skin\",\"potentialAction\":[{\"@type\":\"SearchAction\",\"target\":{\"@type\":\"EntryPoint\",\"urlTemplate\":\"https:\\\/\\\/jumandeadsea.com\\\/fr\\\/?s={search_term_string}\"},\"query-input\":{\"@type\":\"PropertyValueSpecification\",\"valueRequired\":true,\"valueName\":\"search_term_string\"}}],\"inLanguage\":\"fr-FR\"}]}<\/script>\n<!-- \/ Yoast SEO plugin. -->","yoast_head_json":{"title":"SANS RIN\u00c7AGE POUR CHEVEUX BOUCL\u00c9S, ENRICHI EN BEURRE DE KARIT\u00c9 ET EN BEURRE DE CACAO - Juman Dead Sea","robots":{"index":"index","follow":"follow","max-snippet":"max-snippet:-1","max-image-preview":"max-image-preview:large","max-video-preview":"max-video-preview:-1"},"canonical":"https:\/\/jumandeadsea.com\/fr\/produit\/sans-rincage-pour-cheveux-boucles-enrichi-en-beurre-de-karite-et-en-beurre-de-cacao\/","og_locale":"fr_FR","og_type":"article","og_title":"SANS RIN\u00c7AGE POUR CHEVEUX BOUCL\u00c9S, ENRICHI EN BEURRE DE KARIT\u00c9 ET EN BEURRE DE CACAO - Juman Dead Sea","og_description":"Nourrissez vos boucles avec notre formule qui contient un m\u00e9lange de beurre de karit\u00e9, de beurre de cacao et d'huile d'amande douce - le trio parfait pour aider \u00e0 garder vos cheveux hydrat\u00e9s et pour ajouter de la brillance, du volume et de la rondeur \u00e0 vos boucles. Il laisse les cheveux doux et lisses tout en les rendant beaucoup plus faciles \u00e0 coiffer et \u00e0 peigner sans \u00eatre affect\u00e9s par les conditions environnantes. Il r\u00e9duit les cassures, les frisottis et les pointes fourchues, laissant vos boucles plus lisses et plus brillantes.   CONVIENT AUX CHEVEUX BOUCL\u00c9S  REDONNE VIE AUX BOUCLES D'OREILLES","og_url":"https:\/\/jumandeadsea.com\/fr\/produit\/sans-rincage-pour-cheveux-boucles-enrichi-en-beurre-de-karite-et-en-beurre-de-cacao\/","og_site_name":"Juman Dead Sea","twitter_card":"summary_large_image","twitter_misc":{"Dur\u00e9e de lecture estim\u00e9e":"1 minute"},"schema":{"@context":"https:\/\/schema.org","@graph":[{"@type":"WebPage","@id":"https:\/\/jumandeadsea.com\/fr\/produit\/sans-rincage-pour-cheveux-boucles-enrichi-en-beurre-de-karite-et-en-beurre-de-cacao\/","url":"https:\/\/jumandeadsea.com\/fr\/produit\/sans-rincage-pour-cheveux-boucles-enrichi-en-beurre-de-karite-et-en-beurre-de-cacao\/","name":"SANS RIN\u00c7AGE POUR CHEVEUX BOUCL\u00c9S, ENRICHI EN BEURRE DE KARIT\u00c9 ET EN BEURRE DE CACAO - Juman Dead Sea","isPartOf":{"@id":"https:\/\/jumandeadsea.com\/fr\/#website"},"primaryImageOfPage":{"@id":"https:\/\/jumandeadsea.com\/fr\/produit\/sans-rincage-pour-cheveux-boucles-enrichi-en-beurre-de-karite-et-en-beurre-de-cacao\/#primaryimage"},"image":{"@id":"https:\/\/jumandeadsea.com\/fr\/produit\/sans-rincage-pour-cheveux-boucles-enrichi-en-beurre-de-karite-et-en-beurre-de-cacao\/#primaryimage"},"thumbnailUrl":"https:\/\/jumandeadsea.com\/wp-content\/uploads\/leave-in-curly-1.png","datePublished":"2024-11-18T17:30:21+00:00","breadcrumb":{"@id":"https:\/\/jumandeadsea.com\/fr\/produit\/sans-rincage-pour-cheveux-boucles-enrichi-en-beurre-de-karite-et-en-beurre-de-cacao\/#breadcrumb"},"inLanguage":"fr-FR","potentialAction":[{"@type":"ReadAction","target":["https:\/\/jumandeadsea.com\/fr\/produit\/sans-rincage-pour-cheveux-boucles-enrichi-en-beurre-de-karite-et-en-beurre-de-cacao\/"]}]},{"@type":"ImageObject","inLanguage":"fr-FR","@id":"https:\/\/jumandeadsea.com\/fr\/produit\/sans-rincage-pour-cheveux-boucles-enrichi-en-beurre-de-karite-et-en-beurre-de-cacao\/#primaryimage","url":"https:\/\/jumandeadsea.com\/wp-content\/uploads\/leave-in-curly-1.png","contentUrl":"https:\/\/jumandeadsea.com\/wp-content\/uploads\/leave-in-curly-1.png","width":500,"height":500},{"@type":"BreadcrumbList","@id":"https:\/\/jumandeadsea.com\/fr\/produit\/sans-rincage-pour-cheveux-boucles-enrichi-en-beurre-de-karite-et-en-beurre-de-cacao\/#breadcrumb","itemListElement":[{"@type":"ListItem","position":1,"name":"Home","item":"https:\/\/jumandeadsea.com\/fr\/"},{"@type":"ListItem","position":2,"name":"Boutique","item":"https:\/\/jumandeadsea.com\/shop\/"},{"@type":"ListItem","position":3,"name":"Sans Rin\u00c7age Pour Cheveux Boucl\u00c9s, Enrichi En Beurre De Karit\u00c9 Et En Beurre De Cacao"}]},{"@type":"WebSite","@id":"https:\/\/jumandeadsea.com\/fr\/#website","url":"https:\/\/jumandeadsea.com\/fr\/","name":"Juman Dead Sea","description":"Authentic Dead Sea Mineral Skincare for Sensitive, Healthy Skin","potentialAction":[{"@type":"SearchAction","target":{"@type":"EntryPoint","urlTemplate":"https:\/\/jumandeadsea.com\/fr\/?s={search_term_string}"},"query-input":{"@type":"PropertyValueSpecification","valueRequired":true,"valueName":"search_term_string"}}],"inLanguage":"fr-FR"}]}},"_links":{"self":[{"href":"https:\/\/jumandeadsea.com\/fr\/wp-json\/wp\/v2\/product\/326654","targetHints":{"allow":["GET"]}}],"collection":[{"href":"https:\/\/jumandeadsea.com\/fr\/wp-json\/wp\/v2\/product"}],"about":[{"href":"https:\/\/jumandeadsea.com\/fr\/wp-json\/wp\/v2\/types\/product"}],"replies":[{"embeddable":true,"href":"https:\/\/jumandeadsea.com\/fr\/wp-json\/wp\/v2\/comments?post=326654"}],"wp:featuredmedia":[{"embeddable":true,"href":"https:\/\/jumandeadsea.com\/fr\/wp-json\/wp\/v2\/media\/2050"}],"wp:attachment":[{"href":"https:\/\/jumandeadsea.com\/fr\/wp-json\/wp\/v2\/media?parent=326654"}],"wp:term":[{"taxonomy":"product_brand","embeddable":true,"href":"https:\/\/jumandeadsea.com\/fr\/wp-json\/wp\/v2\/product_brand?post=326654"},{"taxonomy":"product_cat","embeddable":true,"href":"https:\/\/jumandeadsea.com\/fr\/wp-json\/wp\/v2\/product_cat?post=326654"},{"taxonomy":"product_tag","embeddable":true,"href":"https:\/\/jumandeadsea.com\/fr\/wp-json\/wp\/v2\/product_tag?post=326654"}],"curies":[{"name":"wp","href":"https:\/\/api.w.org\/{rel}","templated":true}]}}