{"id":326652,"date":"2024-11-18T17:30:21","date_gmt":"2024-11-18T17:30:21","guid":{"rendered":"https:\/\/jumandeadsea.com\/product\/shampooing-pour-cheveux-boucles-enrichi-en-huile-dargan-et-en-vitamine-e\/"},"modified":"2024-11-18T17:30:21","modified_gmt":"2024-11-18T17:30:21","slug":"shampooing-pour-cheveux-boucles-enrichi-en-huile-dargan-et-en-vitamine-e","status":"publish","type":"product","link":"https:\/\/jumandeadsea.com\/fr\/produit\/shampooing-pour-cheveux-boucles-enrichi-en-huile-dargan-et-en-vitamine-e\/","title":{"rendered":"Shampooing Pour Cheveux Boucl\u00c9s Enrichi En Huile D&rsquo;argan Et En Vitamine E"},"content":{"rendered":"\n    <div class=\"shortcode-accordion\">\n        <h3 class=\"accordion-header\">Ingr\u00e9dients<\/h3>\n        <div class=\"accordion-content\" style=\"display: none;\">\n            \n<p>Panth\u00e9nol (vitamine B5), jus de feuilles d&rsquo;Aloe Barbadensis (Aloe Vera), huile de noyau d&rsquo;Argania Spinosa (Argan), tocoph\u00e9rol (vitamine E).<\/p>\n<ul>\n<li><strong><em>Vitamine (B5) :<\/em><\/strong> joue un r\u00f4le important dans le renforcement des cheveux, leur hydratation, l&rsquo;augmentation de leur brillance et de leur densit\u00e9, et la r\u00e9duction de leur chute.<\/li>\n<li><strong><em>Jus de feuilles d&rsquo;aloe vera :<\/em><\/strong> hydrate les cheveux et les prot\u00e8ge de la d\u00e9shydratation. Il agit \u00e9galement comme un revitalisant et rend vos cheveux lisses et brillants. Il favorise la croissance des cheveux et pr\u00e9vient les d\u00e9mangeaisons du cuir chevelu.  <\/li>\n<li><strong><em>L&rsquo;huile d&rsquo;argan :<\/em><\/strong> favorise la croissance de cheveux sains tout en hydratant le cuir chevelu et en traitant les pellicules.<\/li>\n<li><strong><em>La vitamine E :<\/em><\/strong> contribue \u00e0 am\u00e9liorer la sant\u00e9 g\u00e9n\u00e9rale du cuir chevelu et des cheveux. Elle am\u00e9liore la circulation dans le cuir chevelu et fournit des antioxydants qui aident \u00e0 r\u00e9parer les follicules pileux endommag\u00e9s. <\/li>\n<\/ul>\n<p>\n        <\/div>\n    <\/div><br \/>\n\n    <div class=\"shortcode-accordion\">\n        <h3 class=\"accordion-header\">Mode d&#039;emploi :<\/h3>\n        <div class=\"accordion-content\" style=\"display: none;\">\n            <\/p>\n<p>Appliquez une quantit\u00e9 appropri\u00e9e de shampooing sur les cheveux et le cuir chevelu mouill\u00e9s, massez doucement, puis rincez \u00e0 l&rsquo;eau ti\u00e8de.<\/p>\n<p>\n        <\/div>\n    <\/div><br \/>\n\n    <div class=\"shortcode-accordion\">\n        <h3 class=\"accordion-header\">Informations sur le produit<\/h3>\n        <div class=\"accordion-content\" style=\"display: none;\">\n            <\/p>\n<p>&#8211; Poids : 400ml<\/p>\n<p>\n        <\/div>\n    <\/div><\/p>\n","protected":false},"excerpt":{"rendered":"<p>Utilisez ce shampooing doux pour donner \u00e0 vos boucles l&rsquo;amour qu&rsquo;elles m\u00e9ritent. Notre shampooing pour cheveux boucl\u00e9s est infus\u00e9 d&rsquo;huile d&rsquo;argan, d&rsquo;aloe vera, de vitamine E et de vitamine B5 pour fournir une hydratation intense, nettoyer les cheveux de la salet\u00e9 et des huiles, et nourrir le cuir chevelu. Il apporte de la vitalit\u00e9 pour des cheveux boucl\u00e9s forts, propres et brillants de la racine \u00e0 la pointe et une meilleure protection des cheveux contre la s\u00e9cheresse et les frisottis.  <\/p>\n<p><strong>CONVIENT AUX CHEVEUX BOUCL\u00c9S<\/strong><\/p>\n","protected":false},"featured_media":2044,"comment_status":"open","ping_status":"closed","template":"","meta":{"_et_pb_use_builder":"","_et_pb_old_content":"","_et_gb_content_width":""},"product_brand":[],"product_cat":[107,108],"product_tag":[],"class_list":{"0":"post-326652","1":"product","2":"type-product","3":"status-publish","4":"has-post-thumbnail","6":"product_cat-soins-capillaires","7":"product_cat-soins-pour-cheveux-boucles","9":"first","10":"instock","11":"shipping-taxable","12":"purchasable","13":"product-type-simple"},"yoast_head":"<!-- This site is optimized with the Yoast SEO plugin v27.3 - https:\/\/yoast.com\/product\/yoast-seo-wordpress\/ -->\n<title>SHAMPOOING POUR CHEVEUX BOUCL\u00c9S ENRICHI EN HUILE D&#039;ARGAN ET EN VITAMINE E - Juman Dead Sea<\/title>\n<meta name=\"robots\" content=\"index, follow, max-snippet:-1, max-image-preview:large, max-video-preview:-1\" \/>\n<link rel=\"canonical\" href=\"https:\/\/jumandeadsea.com\/fr\/produit\/shampooing-pour-cheveux-boucles-enrichi-en-huile-dargan-et-en-vitamine-e\/\" \/>\n<meta property=\"og:locale\" content=\"fr_FR\" \/>\n<meta property=\"og:type\" content=\"article\" \/>\n<meta property=\"og:title\" content=\"SHAMPOOING POUR CHEVEUX BOUCL\u00c9S ENRICHI EN HUILE D&#039;ARGAN ET EN VITAMINE E - Juman Dead Sea\" \/>\n<meta property=\"og:description\" content=\"Utilisez ce shampooing doux pour donner \u00e0 vos boucles l&#039;amour qu&#039;elles m\u00e9ritent. Notre shampooing pour cheveux boucl\u00e9s est infus\u00e9 d&#039;huile d&#039;argan, d&#039;aloe vera, de vitamine E et de vitamine B5 pour fournir une hydratation intense, nettoyer les cheveux de la salet\u00e9 et des huiles, et nourrir le cuir chevelu. Il apporte de la vitalit\u00e9 pour des cheveux boucl\u00e9s forts, propres et brillants de la racine \u00e0 la pointe et une meilleure protection des cheveux contre la s\u00e9cheresse et les frisottis.  CONVIENT AUX CHEVEUX BOUCL\u00c9S\" \/>\n<meta property=\"og:url\" content=\"https:\/\/jumandeadsea.com\/fr\/produit\/shampooing-pour-cheveux-boucles-enrichi-en-huile-dargan-et-en-vitamine-e\/\" \/>\n<meta property=\"og:site_name\" content=\"Juman Dead Sea\" \/>\n<meta name=\"twitter:card\" content=\"summary_large_image\" \/>\n<meta name=\"twitter:label1\" content=\"Dur\u00e9e de lecture estim\u00e9e\" \/>\n\t<meta name=\"twitter:data1\" content=\"1 minute\" \/>\n<script type=\"application\/ld+json\" class=\"yoast-schema-graph\">{\"@context\":\"https:\\\/\\\/schema.org\",\"@graph\":[{\"@type\":\"WebPage\",\"@id\":\"https:\\\/\\\/jumandeadsea.com\\\/fr\\\/produit\\\/shampooing-pour-cheveux-boucles-enrichi-en-huile-dargan-et-en-vitamine-e\\\/\",\"url\":\"https:\\\/\\\/jumandeadsea.com\\\/fr\\\/produit\\\/shampooing-pour-cheveux-boucles-enrichi-en-huile-dargan-et-en-vitamine-e\\\/\",\"name\":\"SHAMPOOING POUR CHEVEUX BOUCL\u00c9S ENRICHI EN HUILE D'ARGAN ET EN VITAMINE E - Juman Dead Sea\",\"isPartOf\":{\"@id\":\"https:\\\/\\\/jumandeadsea.com\\\/fr\\\/#website\"},\"primaryImageOfPage\":{\"@id\":\"https:\\\/\\\/jumandeadsea.com\\\/fr\\\/produit\\\/shampooing-pour-cheveux-boucles-enrichi-en-huile-dargan-et-en-vitamine-e\\\/#primaryimage\"},\"image\":{\"@id\":\"https:\\\/\\\/jumandeadsea.com\\\/fr\\\/produit\\\/shampooing-pour-cheveux-boucles-enrichi-en-huile-dargan-et-en-vitamine-e\\\/#primaryimage\"},\"thumbnailUrl\":\"https:\\\/\\\/jumandeadsea.com\\\/wp-content\\\/uploads\\\/shampoo-curly-1.png\",\"datePublished\":\"2024-11-18T17:30:21+00:00\",\"breadcrumb\":{\"@id\":\"https:\\\/\\\/jumandeadsea.com\\\/fr\\\/produit\\\/shampooing-pour-cheveux-boucles-enrichi-en-huile-dargan-et-en-vitamine-e\\\/#breadcrumb\"},\"inLanguage\":\"fr-FR\",\"potentialAction\":[{\"@type\":\"ReadAction\",\"target\":[\"https:\\\/\\\/jumandeadsea.com\\\/fr\\\/produit\\\/shampooing-pour-cheveux-boucles-enrichi-en-huile-dargan-et-en-vitamine-e\\\/\"]}]},{\"@type\":\"ImageObject\",\"inLanguage\":\"fr-FR\",\"@id\":\"https:\\\/\\\/jumandeadsea.com\\\/fr\\\/produit\\\/shampooing-pour-cheveux-boucles-enrichi-en-huile-dargan-et-en-vitamine-e\\\/#primaryimage\",\"url\":\"https:\\\/\\\/jumandeadsea.com\\\/wp-content\\\/uploads\\\/shampoo-curly-1.png\",\"contentUrl\":\"https:\\\/\\\/jumandeadsea.com\\\/wp-content\\\/uploads\\\/shampoo-curly-1.png\",\"width\":500,\"height\":500},{\"@type\":\"BreadcrumbList\",\"@id\":\"https:\\\/\\\/jumandeadsea.com\\\/fr\\\/produit\\\/shampooing-pour-cheveux-boucles-enrichi-en-huile-dargan-et-en-vitamine-e\\\/#breadcrumb\",\"itemListElement\":[{\"@type\":\"ListItem\",\"position\":1,\"name\":\"Home\",\"item\":\"https:\\\/\\\/jumandeadsea.com\\\/fr\\\/\"},{\"@type\":\"ListItem\",\"position\":2,\"name\":\"Boutique\",\"item\":\"https:\\\/\\\/jumandeadsea.com\\\/shop\\\/\"},{\"@type\":\"ListItem\",\"position\":3,\"name\":\"Shampooing Pour Cheveux Boucl\u00c9s Enrichi En Huile D&rsquo;argan Et En Vitamine E\"}]},{\"@type\":\"WebSite\",\"@id\":\"https:\\\/\\\/jumandeadsea.com\\\/fr\\\/#website\",\"url\":\"https:\\\/\\\/jumandeadsea.com\\\/fr\\\/\",\"name\":\"Juman Dead Sea\",\"description\":\"Authentic Dead Sea Mineral Skincare for Sensitive, Healthy Skin\",\"potentialAction\":[{\"@type\":\"SearchAction\",\"target\":{\"@type\":\"EntryPoint\",\"urlTemplate\":\"https:\\\/\\\/jumandeadsea.com\\\/fr\\\/?s={search_term_string}\"},\"query-input\":{\"@type\":\"PropertyValueSpecification\",\"valueRequired\":true,\"valueName\":\"search_term_string\"}}],\"inLanguage\":\"fr-FR\"}]}<\/script>\n<!-- \/ Yoast SEO plugin. -->","yoast_head_json":{"title":"SHAMPOOING POUR CHEVEUX BOUCL\u00c9S ENRICHI EN HUILE D'ARGAN ET EN VITAMINE E - Juman Dead Sea","robots":{"index":"index","follow":"follow","max-snippet":"max-snippet:-1","max-image-preview":"max-image-preview:large","max-video-preview":"max-video-preview:-1"},"canonical":"https:\/\/jumandeadsea.com\/fr\/produit\/shampooing-pour-cheveux-boucles-enrichi-en-huile-dargan-et-en-vitamine-e\/","og_locale":"fr_FR","og_type":"article","og_title":"SHAMPOOING POUR CHEVEUX BOUCL\u00c9S ENRICHI EN HUILE D'ARGAN ET EN VITAMINE E - Juman Dead Sea","og_description":"Utilisez ce shampooing doux pour donner \u00e0 vos boucles l'amour qu'elles m\u00e9ritent. Notre shampooing pour cheveux boucl\u00e9s est infus\u00e9 d'huile d'argan, d'aloe vera, de vitamine E et de vitamine B5 pour fournir une hydratation intense, nettoyer les cheveux de la salet\u00e9 et des huiles, et nourrir le cuir chevelu. Il apporte de la vitalit\u00e9 pour des cheveux boucl\u00e9s forts, propres et brillants de la racine \u00e0 la pointe et une meilleure protection des cheveux contre la s\u00e9cheresse et les frisottis.  CONVIENT AUX CHEVEUX BOUCL\u00c9S","og_url":"https:\/\/jumandeadsea.com\/fr\/produit\/shampooing-pour-cheveux-boucles-enrichi-en-huile-dargan-et-en-vitamine-e\/","og_site_name":"Juman Dead Sea","twitter_card":"summary_large_image","twitter_misc":{"Dur\u00e9e de lecture estim\u00e9e":"1 minute"},"schema":{"@context":"https:\/\/schema.org","@graph":[{"@type":"WebPage","@id":"https:\/\/jumandeadsea.com\/fr\/produit\/shampooing-pour-cheveux-boucles-enrichi-en-huile-dargan-et-en-vitamine-e\/","url":"https:\/\/jumandeadsea.com\/fr\/produit\/shampooing-pour-cheveux-boucles-enrichi-en-huile-dargan-et-en-vitamine-e\/","name":"SHAMPOOING POUR CHEVEUX BOUCL\u00c9S ENRICHI EN HUILE D'ARGAN ET EN VITAMINE E - Juman Dead Sea","isPartOf":{"@id":"https:\/\/jumandeadsea.com\/fr\/#website"},"primaryImageOfPage":{"@id":"https:\/\/jumandeadsea.com\/fr\/produit\/shampooing-pour-cheveux-boucles-enrichi-en-huile-dargan-et-en-vitamine-e\/#primaryimage"},"image":{"@id":"https:\/\/jumandeadsea.com\/fr\/produit\/shampooing-pour-cheveux-boucles-enrichi-en-huile-dargan-et-en-vitamine-e\/#primaryimage"},"thumbnailUrl":"https:\/\/jumandeadsea.com\/wp-content\/uploads\/shampoo-curly-1.png","datePublished":"2024-11-18T17:30:21+00:00","breadcrumb":{"@id":"https:\/\/jumandeadsea.com\/fr\/produit\/shampooing-pour-cheveux-boucles-enrichi-en-huile-dargan-et-en-vitamine-e\/#breadcrumb"},"inLanguage":"fr-FR","potentialAction":[{"@type":"ReadAction","target":["https:\/\/jumandeadsea.com\/fr\/produit\/shampooing-pour-cheveux-boucles-enrichi-en-huile-dargan-et-en-vitamine-e\/"]}]},{"@type":"ImageObject","inLanguage":"fr-FR","@id":"https:\/\/jumandeadsea.com\/fr\/produit\/shampooing-pour-cheveux-boucles-enrichi-en-huile-dargan-et-en-vitamine-e\/#primaryimage","url":"https:\/\/jumandeadsea.com\/wp-content\/uploads\/shampoo-curly-1.png","contentUrl":"https:\/\/jumandeadsea.com\/wp-content\/uploads\/shampoo-curly-1.png","width":500,"height":500},{"@type":"BreadcrumbList","@id":"https:\/\/jumandeadsea.com\/fr\/produit\/shampooing-pour-cheveux-boucles-enrichi-en-huile-dargan-et-en-vitamine-e\/#breadcrumb","itemListElement":[{"@type":"ListItem","position":1,"name":"Home","item":"https:\/\/jumandeadsea.com\/fr\/"},{"@type":"ListItem","position":2,"name":"Boutique","item":"https:\/\/jumandeadsea.com\/shop\/"},{"@type":"ListItem","position":3,"name":"Shampooing Pour Cheveux Boucl\u00c9s Enrichi En Huile D&rsquo;argan Et En Vitamine E"}]},{"@type":"WebSite","@id":"https:\/\/jumandeadsea.com\/fr\/#website","url":"https:\/\/jumandeadsea.com\/fr\/","name":"Juman Dead Sea","description":"Authentic Dead Sea Mineral Skincare for Sensitive, Healthy Skin","potentialAction":[{"@type":"SearchAction","target":{"@type":"EntryPoint","urlTemplate":"https:\/\/jumandeadsea.com\/fr\/?s={search_term_string}"},"query-input":{"@type":"PropertyValueSpecification","valueRequired":true,"valueName":"search_term_string"}}],"inLanguage":"fr-FR"}]}},"_links":{"self":[{"href":"https:\/\/jumandeadsea.com\/fr\/wp-json\/wp\/v2\/product\/326652","targetHints":{"allow":["GET"]}}],"collection":[{"href":"https:\/\/jumandeadsea.com\/fr\/wp-json\/wp\/v2\/product"}],"about":[{"href":"https:\/\/jumandeadsea.com\/fr\/wp-json\/wp\/v2\/types\/product"}],"replies":[{"embeddable":true,"href":"https:\/\/jumandeadsea.com\/fr\/wp-json\/wp\/v2\/comments?post=326652"}],"wp:featuredmedia":[{"embeddable":true,"href":"https:\/\/jumandeadsea.com\/fr\/wp-json\/wp\/v2\/media\/2044"}],"wp:attachment":[{"href":"https:\/\/jumandeadsea.com\/fr\/wp-json\/wp\/v2\/media?parent=326652"}],"wp:term":[{"taxonomy":"product_brand","embeddable":true,"href":"https:\/\/jumandeadsea.com\/fr\/wp-json\/wp\/v2\/product_brand?post=326652"},{"taxonomy":"product_cat","embeddable":true,"href":"https:\/\/jumandeadsea.com\/fr\/wp-json\/wp\/v2\/product_cat?post=326652"},{"taxonomy":"product_tag","embeddable":true,"href":"https:\/\/jumandeadsea.com\/fr\/wp-json\/wp\/v2\/product_tag?post=326652"}],"curies":[{"name":"wp","href":"https:\/\/api.w.org\/{rel}","templated":true}]}}