{"id":326651,"date":"2024-11-18T17:30:22","date_gmt":"2024-11-18T17:30:22","guid":{"rendered":"https:\/\/jumandeadsea.com\/product\/masque-de-boue-pour-le-visage-au-collagene-et-a-lavocat-avec-des-mineraux-de-la-mer-morte\/"},"modified":"2024-11-18T17:30:22","modified_gmt":"2024-11-18T17:30:22","slug":"masque-de-boue-pour-le-visage-au-collagene-et-a-lavocat-avec-des-mineraux-de-la-mer-morte","status":"publish","type":"product","link":"https:\/\/jumandeadsea.com\/fr\/produit\/masque-de-boue-pour-le-visage-au-collagene-et-a-lavocat-avec-des-mineraux-de-la-mer-morte\/","title":{"rendered":"Masque De Boue Pour Le Visage Au Collag\u00c8ne Et \u00c0 L&rsquo;avocat Avec Des Min\u00c9raux De La Mer Morte"},"content":{"rendered":"\n    <div class=\"shortcode-accordion\">\n        <h3 class=\"accordion-header\">Ingr\u00e9dients<\/h3>\n        <div class=\"accordion-content\" style=\"display: none;\">\n            \n<p>Maris Limus (boue de la mer morte), extrait de camomille (Chamomilla Recutita), huile d&rsquo;avocat (Persea Gratissima), tocoph\u00e9rol (vitamine E), collag\u00e8ne.<\/p>\n<ul>\n<li><em>Boue de la mer Morte : elle <\/em>a de merveilleux effets anti-\u00e2ge sur notre peau. Les min\u00e9raux qu&rsquo;elle contient apportent \u00e0 la peau les nutriments n\u00e9cessaires pour qu&rsquo;elle reste ferme et ne se rel\u00e2che pas. Elle contribue \u00e9galement \u00e0 r\u00e9duire l&rsquo;apparence des rides, des ridules et d&rsquo;autres imperfections cutan\u00e9es.  <\/li>\n<li><em>Extrait de camomille : <\/em>aide \u00e0 soulager l&rsquo;acn\u00e9 gr\u00e2ce \u00e0 ses propri\u00e9t\u00e9s anti-inflammatoires et antibact\u00e9riennes, il \u00e9claircit \u00e9galement la d\u00e9coloration de la peau et unifie le teint.<\/li>\n<li><em>Vitamine E :<\/em> cette vitamine liposoluble peut \u00eatre absorb\u00e9e par la peau. C&rsquo;est un antioxydant b\u00e9n\u00e9fique qui aide \u00e0 r\u00e9duire les dommages caus\u00e9s par les UV et le soleil sur la peau.<\/li>\n<li><em>Collag\u00e8ne :<\/em> cette prot\u00e9ine essentielle donne de l&rsquo;\u00e9lasticit\u00e9 \u00e0 la peau, l&rsquo;aidant \u00e0 para\u00eetre plus jeune et plus saine, et lui donnant un \u00e9clat vibrant.<\/li>\n<li><em>Huile d&rsquo;avocat : <\/em>riche en mati\u00e8res grasses et en vitamines A et C, elle aide \u00e0 nourrir, \u00e0 hydrater et \u00e0 prot\u00e9ger la peau contre les antioxydants.<\/li>\n<\/ul>\n<p>\n        <\/div>\n    <\/div><br \/>\n\n    <div class=\"shortcode-accordion\">\n        <h3 class=\"accordion-header\">Mode d&#039;emploi :<\/h3>\n        <div class=\"accordion-content\" style=\"display: none;\">\n            <\/p>\n<p>Appliquez une couche sur le visage, laissez s\u00e9cher (15-20) minutes, puis rincez \u00e0 l&rsquo;eau ti\u00e8de. Il est pr\u00e9f\u00e9rable d&rsquo;hydrater le visage avec une cr\u00e8me hydratante apr\u00e8s avoir termin\u00e9. Pour de meilleurs r\u00e9sultats, utilisez ce produit 1 \u00e0 2 fois par semaine.  <\/p>\n<p>\n        <\/div>\n    <\/div><br \/>\n\n    <div class=\"shortcode-accordion\">\n        <h3 class=\"accordion-header\">Informations sur le produit<\/h3>\n        <div class=\"accordion-content\" style=\"display: none;\">\n            <\/p>\n<p>&#8211; CPNP : 3504344<\/p>\n<p>&#8211; Poids : 50gm<\/p>\n<p>\n        <\/div>\n    <\/div><\/p>\n","protected":false},"excerpt":{"rendered":"<p>Un masque cr\u00e9meux qui combine de la boue de la Mer Morte, du collag\u00e8ne et des extraits qui rajeunissent votre peau. Ce masque de boue au collag\u00e8ne et \u00e0 l&rsquo;avocat minimise vos pores, r\u00e9duit l&rsquo;exc\u00e8s de s\u00e9bum et soutient le processus naturel de r\u00e9g\u00e9n\u00e9ration de la peau, contribuant ainsi \u00e0 lutter contre les signes du vieillissement. <\/p>\n<p><strong>ID\u00c9AL POUR DONNER UN COUP DE JEUNE \u00c0 LA PEAU<\/strong><\/p>\n","protected":false},"featured_media":1831,"comment_status":"open","ping_status":"closed","template":"","meta":{"_et_pb_use_builder":"","_et_pb_old_content":"","_et_gb_content_width":""},"product_brand":[],"product_cat":[100,102],"product_tag":[],"class_list":{"0":"post-326651","1":"product","2":"type-product","3":"status-publish","4":"has-post-thumbnail","6":"product_cat-masques-de-boue-de-la-mer-morte","7":"product_cat-soins-du-visage","9":"first","10":"instock","11":"shipping-taxable","12":"purchasable","13":"product-type-simple"},"yoast_head":"<!-- This site is optimized with the Yoast SEO plugin v27.3 - https:\/\/yoast.com\/product\/yoast-seo-wordpress\/ -->\n<title>MASQUE DE BOUE POUR LE VISAGE AU COLLAG\u00c8NE ET \u00c0 L&#039;AVOCAT AVEC DES MIN\u00c9RAUX DE LA MER MORTE - Juman Dead Sea<\/title>\n<meta name=\"robots\" content=\"index, follow, max-snippet:-1, max-image-preview:large, max-video-preview:-1\" \/>\n<link rel=\"canonical\" href=\"https:\/\/jumandeadsea.com\/fr\/produit\/masque-de-boue-pour-le-visage-au-collagene-et-a-lavocat-avec-des-mineraux-de-la-mer-morte\/\" \/>\n<meta property=\"og:locale\" content=\"fr_FR\" \/>\n<meta property=\"og:type\" content=\"article\" \/>\n<meta property=\"og:title\" content=\"MASQUE DE BOUE POUR LE VISAGE AU COLLAG\u00c8NE ET \u00c0 L&#039;AVOCAT AVEC DES MIN\u00c9RAUX DE LA MER MORTE - Juman Dead Sea\" \/>\n<meta property=\"og:description\" content=\"Un masque cr\u00e9meux qui combine de la boue de la Mer Morte, du collag\u00e8ne et des extraits qui rajeunissent votre peau. Ce masque de boue au collag\u00e8ne et \u00e0 l&#039;avocat minimise vos pores, r\u00e9duit l&#039;exc\u00e8s de s\u00e9bum et soutient le processus naturel de r\u00e9g\u00e9n\u00e9ration de la peau, contribuant ainsi \u00e0 lutter contre les signes du vieillissement.  ID\u00c9AL POUR DONNER UN COUP DE JEUNE \u00c0 LA PEAU\" \/>\n<meta property=\"og:url\" content=\"https:\/\/jumandeadsea.com\/fr\/produit\/masque-de-boue-pour-le-visage-au-collagene-et-a-lavocat-avec-des-mineraux-de-la-mer-morte\/\" \/>\n<meta property=\"og:site_name\" content=\"Juman Dead Sea\" \/>\n<meta name=\"twitter:card\" content=\"summary_large_image\" \/>\n<meta name=\"twitter:label1\" content=\"Dur\u00e9e de lecture estim\u00e9e\" \/>\n\t<meta name=\"twitter:data1\" content=\"1 minute\" \/>\n<script type=\"application\/ld+json\" class=\"yoast-schema-graph\">{\"@context\":\"https:\\\/\\\/schema.org\",\"@graph\":[{\"@type\":\"WebPage\",\"@id\":\"https:\\\/\\\/jumandeadsea.com\\\/fr\\\/produit\\\/masque-de-boue-pour-le-visage-au-collagene-et-a-lavocat-avec-des-mineraux-de-la-mer-morte\\\/\",\"url\":\"https:\\\/\\\/jumandeadsea.com\\\/fr\\\/produit\\\/masque-de-boue-pour-le-visage-au-collagene-et-a-lavocat-avec-des-mineraux-de-la-mer-morte\\\/\",\"name\":\"MASQUE DE BOUE POUR LE VISAGE AU COLLAG\u00c8NE ET \u00c0 L'AVOCAT AVEC DES MIN\u00c9RAUX DE LA MER MORTE - Juman Dead Sea\",\"isPartOf\":{\"@id\":\"https:\\\/\\\/jumandeadsea.com\\\/fr\\\/#website\"},\"primaryImageOfPage\":{\"@id\":\"https:\\\/\\\/jumandeadsea.com\\\/fr\\\/produit\\\/masque-de-boue-pour-le-visage-au-collagene-et-a-lavocat-avec-des-mineraux-de-la-mer-morte\\\/#primaryimage\"},\"image\":{\"@id\":\"https:\\\/\\\/jumandeadsea.com\\\/fr\\\/produit\\\/masque-de-boue-pour-le-visage-au-collagene-et-a-lavocat-avec-des-mineraux-de-la-mer-morte\\\/#primaryimage\"},\"thumbnailUrl\":\"https:\\\/\\\/jumandeadsea.com\\\/wp-content\\\/uploads\\\/4.png\",\"datePublished\":\"2024-11-18T17:30:22+00:00\",\"breadcrumb\":{\"@id\":\"https:\\\/\\\/jumandeadsea.com\\\/fr\\\/produit\\\/masque-de-boue-pour-le-visage-au-collagene-et-a-lavocat-avec-des-mineraux-de-la-mer-morte\\\/#breadcrumb\"},\"inLanguage\":\"fr-FR\",\"potentialAction\":[{\"@type\":\"ReadAction\",\"target\":[\"https:\\\/\\\/jumandeadsea.com\\\/fr\\\/produit\\\/masque-de-boue-pour-le-visage-au-collagene-et-a-lavocat-avec-des-mineraux-de-la-mer-morte\\\/\"]}]},{\"@type\":\"ImageObject\",\"inLanguage\":\"fr-FR\",\"@id\":\"https:\\\/\\\/jumandeadsea.com\\\/fr\\\/produit\\\/masque-de-boue-pour-le-visage-au-collagene-et-a-lavocat-avec-des-mineraux-de-la-mer-morte\\\/#primaryimage\",\"url\":\"https:\\\/\\\/jumandeadsea.com\\\/wp-content\\\/uploads\\\/4.png\",\"contentUrl\":\"https:\\\/\\\/jumandeadsea.com\\\/wp-content\\\/uploads\\\/4.png\",\"width\":780,\"height\":810},{\"@type\":\"BreadcrumbList\",\"@id\":\"https:\\\/\\\/jumandeadsea.com\\\/fr\\\/produit\\\/masque-de-boue-pour-le-visage-au-collagene-et-a-lavocat-avec-des-mineraux-de-la-mer-morte\\\/#breadcrumb\",\"itemListElement\":[{\"@type\":\"ListItem\",\"position\":1,\"name\":\"Home\",\"item\":\"https:\\\/\\\/jumandeadsea.com\\\/fr\\\/\"},{\"@type\":\"ListItem\",\"position\":2,\"name\":\"Boutique\",\"item\":\"https:\\\/\\\/jumandeadsea.com\\\/shop\\\/\"},{\"@type\":\"ListItem\",\"position\":3,\"name\":\"Masque De Boue Pour Le Visage Au Collag\u00c8ne Et \u00c0 L&rsquo;avocat Avec Des Min\u00c9raux De La Mer Morte\"}]},{\"@type\":\"WebSite\",\"@id\":\"https:\\\/\\\/jumandeadsea.com\\\/fr\\\/#website\",\"url\":\"https:\\\/\\\/jumandeadsea.com\\\/fr\\\/\",\"name\":\"Juman Dead Sea\",\"description\":\"Authentic Dead Sea Mineral Skincare for Sensitive, Healthy Skin\",\"potentialAction\":[{\"@type\":\"SearchAction\",\"target\":{\"@type\":\"EntryPoint\",\"urlTemplate\":\"https:\\\/\\\/jumandeadsea.com\\\/fr\\\/?s={search_term_string}\"},\"query-input\":{\"@type\":\"PropertyValueSpecification\",\"valueRequired\":true,\"valueName\":\"search_term_string\"}}],\"inLanguage\":\"fr-FR\"}]}<\/script>\n<!-- \/ Yoast SEO plugin. -->","yoast_head_json":{"title":"MASQUE DE BOUE POUR LE VISAGE AU COLLAG\u00c8NE ET \u00c0 L'AVOCAT AVEC DES MIN\u00c9RAUX DE LA MER MORTE - Juman Dead Sea","robots":{"index":"index","follow":"follow","max-snippet":"max-snippet:-1","max-image-preview":"max-image-preview:large","max-video-preview":"max-video-preview:-1"},"canonical":"https:\/\/jumandeadsea.com\/fr\/produit\/masque-de-boue-pour-le-visage-au-collagene-et-a-lavocat-avec-des-mineraux-de-la-mer-morte\/","og_locale":"fr_FR","og_type":"article","og_title":"MASQUE DE BOUE POUR LE VISAGE AU COLLAG\u00c8NE ET \u00c0 L'AVOCAT AVEC DES MIN\u00c9RAUX DE LA MER MORTE - Juman Dead Sea","og_description":"Un masque cr\u00e9meux qui combine de la boue de la Mer Morte, du collag\u00e8ne et des extraits qui rajeunissent votre peau. Ce masque de boue au collag\u00e8ne et \u00e0 l'avocat minimise vos pores, r\u00e9duit l'exc\u00e8s de s\u00e9bum et soutient le processus naturel de r\u00e9g\u00e9n\u00e9ration de la peau, contribuant ainsi \u00e0 lutter contre les signes du vieillissement.  ID\u00c9AL POUR DONNER UN COUP DE JEUNE \u00c0 LA PEAU","og_url":"https:\/\/jumandeadsea.com\/fr\/produit\/masque-de-boue-pour-le-visage-au-collagene-et-a-lavocat-avec-des-mineraux-de-la-mer-morte\/","og_site_name":"Juman Dead Sea","twitter_card":"summary_large_image","twitter_misc":{"Dur\u00e9e de lecture estim\u00e9e":"1 minute"},"schema":{"@context":"https:\/\/schema.org","@graph":[{"@type":"WebPage","@id":"https:\/\/jumandeadsea.com\/fr\/produit\/masque-de-boue-pour-le-visage-au-collagene-et-a-lavocat-avec-des-mineraux-de-la-mer-morte\/","url":"https:\/\/jumandeadsea.com\/fr\/produit\/masque-de-boue-pour-le-visage-au-collagene-et-a-lavocat-avec-des-mineraux-de-la-mer-morte\/","name":"MASQUE DE BOUE POUR LE VISAGE AU COLLAG\u00c8NE ET \u00c0 L'AVOCAT AVEC DES MIN\u00c9RAUX DE LA MER MORTE - Juman Dead Sea","isPartOf":{"@id":"https:\/\/jumandeadsea.com\/fr\/#website"},"primaryImageOfPage":{"@id":"https:\/\/jumandeadsea.com\/fr\/produit\/masque-de-boue-pour-le-visage-au-collagene-et-a-lavocat-avec-des-mineraux-de-la-mer-morte\/#primaryimage"},"image":{"@id":"https:\/\/jumandeadsea.com\/fr\/produit\/masque-de-boue-pour-le-visage-au-collagene-et-a-lavocat-avec-des-mineraux-de-la-mer-morte\/#primaryimage"},"thumbnailUrl":"https:\/\/jumandeadsea.com\/wp-content\/uploads\/4.png","datePublished":"2024-11-18T17:30:22+00:00","breadcrumb":{"@id":"https:\/\/jumandeadsea.com\/fr\/produit\/masque-de-boue-pour-le-visage-au-collagene-et-a-lavocat-avec-des-mineraux-de-la-mer-morte\/#breadcrumb"},"inLanguage":"fr-FR","potentialAction":[{"@type":"ReadAction","target":["https:\/\/jumandeadsea.com\/fr\/produit\/masque-de-boue-pour-le-visage-au-collagene-et-a-lavocat-avec-des-mineraux-de-la-mer-morte\/"]}]},{"@type":"ImageObject","inLanguage":"fr-FR","@id":"https:\/\/jumandeadsea.com\/fr\/produit\/masque-de-boue-pour-le-visage-au-collagene-et-a-lavocat-avec-des-mineraux-de-la-mer-morte\/#primaryimage","url":"https:\/\/jumandeadsea.com\/wp-content\/uploads\/4.png","contentUrl":"https:\/\/jumandeadsea.com\/wp-content\/uploads\/4.png","width":780,"height":810},{"@type":"BreadcrumbList","@id":"https:\/\/jumandeadsea.com\/fr\/produit\/masque-de-boue-pour-le-visage-au-collagene-et-a-lavocat-avec-des-mineraux-de-la-mer-morte\/#breadcrumb","itemListElement":[{"@type":"ListItem","position":1,"name":"Home","item":"https:\/\/jumandeadsea.com\/fr\/"},{"@type":"ListItem","position":2,"name":"Boutique","item":"https:\/\/jumandeadsea.com\/shop\/"},{"@type":"ListItem","position":3,"name":"Masque De Boue Pour Le Visage Au Collag\u00c8ne Et \u00c0 L&rsquo;avocat Avec Des Min\u00c9raux De La Mer Morte"}]},{"@type":"WebSite","@id":"https:\/\/jumandeadsea.com\/fr\/#website","url":"https:\/\/jumandeadsea.com\/fr\/","name":"Juman Dead Sea","description":"Authentic Dead Sea Mineral Skincare for Sensitive, Healthy Skin","potentialAction":[{"@type":"SearchAction","target":{"@type":"EntryPoint","urlTemplate":"https:\/\/jumandeadsea.com\/fr\/?s={search_term_string}"},"query-input":{"@type":"PropertyValueSpecification","valueRequired":true,"valueName":"search_term_string"}}],"inLanguage":"fr-FR"}]}},"_links":{"self":[{"href":"https:\/\/jumandeadsea.com\/fr\/wp-json\/wp\/v2\/product\/326651","targetHints":{"allow":["GET"]}}],"collection":[{"href":"https:\/\/jumandeadsea.com\/fr\/wp-json\/wp\/v2\/product"}],"about":[{"href":"https:\/\/jumandeadsea.com\/fr\/wp-json\/wp\/v2\/types\/product"}],"replies":[{"embeddable":true,"href":"https:\/\/jumandeadsea.com\/fr\/wp-json\/wp\/v2\/comments?post=326651"}],"wp:featuredmedia":[{"embeddable":true,"href":"https:\/\/jumandeadsea.com\/fr\/wp-json\/wp\/v2\/media\/1831"}],"wp:attachment":[{"href":"https:\/\/jumandeadsea.com\/fr\/wp-json\/wp\/v2\/media?parent=326651"}],"wp:term":[{"taxonomy":"product_brand","embeddable":true,"href":"https:\/\/jumandeadsea.com\/fr\/wp-json\/wp\/v2\/product_brand?post=326651"},{"taxonomy":"product_cat","embeddable":true,"href":"https:\/\/jumandeadsea.com\/fr\/wp-json\/wp\/v2\/product_cat?post=326651"},{"taxonomy":"product_tag","embeddable":true,"href":"https:\/\/jumandeadsea.com\/fr\/wp-json\/wp\/v2\/product_tag?post=326651"}],"curies":[{"name":"wp","href":"https:\/\/api.w.org\/{rel}","templated":true}]}}