{"id":326649,"date":"2024-11-18T17:30:22","date_gmt":"2024-11-18T17:30:22","guid":{"rendered":"https:\/\/jumandeadsea.com\/product\/collagene-eau-de-la-mer-morte-tonique\/"},"modified":"2024-11-18T17:30:22","modified_gmt":"2024-11-18T17:30:22","slug":"collagene-eau-de-la-mer-morte-tonique","status":"publish","type":"product","link":"https:\/\/jumandeadsea.com\/fr\/produit\/collagene-eau-de-la-mer-morte-tonique\/","title":{"rendered":"Collag\u00c8ne Eau De La Mer Morte Tonique"},"content":{"rendered":"\n    <div class=\"shortcode-accordion\">\n        <h3 class=\"accordion-header\">Ingr\u00e9dients<\/h3>\n        <div class=\"accordion-content\" style=\"display: none;\">\n            \n<p>Maris Aqua (eau de la mer morte), glyc\u00e9rine, jus de feuilles d&rsquo;Aloe Barbadensis (Aloe Vera), collag\u00e8ne, extrait de fruits de Cucumis Sativus (concombre).<\/p>\n<ul>\n<li><em><strong>L&rsquo;eau de la mer Morte :<\/strong> <\/em>connue pour r\u00e9tablir l&rsquo;\u00e9quilibre cutan\u00e9, elle hydrate la peau et la r\u00e9approvisionne en min\u00e9raux essentiels.<\/li>\n<li><strong><em>Glyc\u00e9rine :<\/em><\/strong> elle soulage la s\u00e9cheresse de la peau car elle aide \u00e0 retenir plus d&rsquo;eau, et r\u00e9duit les fissures en hydratant la peau.<\/li>\n<li><strong><em>Jus de feuilles d&rsquo;Aloe Barbadensis (Aloe Vera) :<\/em><\/strong> poss\u00e8de de puissantes propri\u00e9t\u00e9s curatives qui se sont av\u00e9r\u00e9es efficaces pour traiter les coups de soleil et r\u00e9duire la visibilit\u00e9 des cicatrices ; il agit \u00e9galement comme un agent hydratant.<\/li>\n<li><strong><em>Collag\u00e8ne :<\/em><\/strong> cette prot\u00e9ine essentielle conf\u00e8re de l&rsquo;\u00e9lasticit\u00e9 \u00e0 la peau, l&rsquo;aidant \u00e0 para\u00eetre plus jeune et plus saine, et lui donnant un \u00e9clat vibrant.<\/li>\n<li><strong><em>Extrait de concombre :<\/em><\/strong> riche en antioxydants avec des propri\u00e9t\u00e9s anti-inflammatoires qui aident \u00e0 apaiser la peau irrit\u00e9e et br\u00fbl\u00e9e par le soleil en plus de son effet rafra\u00eechissant.<\/li>\n<\/ul>\n<p>\n        <\/div>\n    <\/div><br \/>\n\n    <div class=\"shortcode-accordion\">\n        <h3 class=\"accordion-header\">Mode d&#039;emploi :<\/h3>\n        <div class=\"accordion-content\" style=\"display: none;\">\n            <\/p>\n<p>Passez sur le visage, le cou et le d\u00e9collet\u00e9 (en \u00e9vitant le contour des yeux) un coton imbib\u00e9 de tonique. Il peut \u00eatre utilis\u00e9 quotidiennement ou en cas de besoin pour purifier la peau sans la dess\u00e9cher. Convient \u00e0 tous les types de peau.  <\/p>\n<p>\n        <\/div>\n    <\/div><br \/>\n\n    <div class=\"shortcode-accordion\">\n        <h3 class=\"accordion-header\">Informations sur le produit<\/h3>\n        <div class=\"accordion-content\" style=\"display: none;\">\n            <\/p>\n<p>&#8211; <span class=\"bold\">CPNP : 3667408<\/span><\/p>\n<p>&#8211; Poids : 100ml<\/p>\n<p>\n        <\/div>\n    <\/div><\/p>\n","protected":false},"excerpt":{"rendered":"<p>Ce tonique rafra\u00eechissant a \u00e9t\u00e9 cr\u00e9\u00e9 pour hydrater, adoucir et rafra\u00eechir la peau. Il est formul\u00e9 \u00e0 base de collag\u00e8ne pour rajeunir et repulper la peau, att\u00e9nuer l&rsquo;apparence des ridules et de la texture irr\u00e9guli\u00e8re de la peau, favoriser l&rsquo;apparence de la jeunesse et rehausser votre beaut\u00e9 naturelle. <\/p>\n<p><strong>RECOMMAND\u00c9 D&rsquo;UTILISER AVANT LA CR\u00c8ME DE NUIT AGE EVEN TONE<\/strong><\/p>\n","protected":false},"featured_media":1963,"comment_status":"open","ping_status":"closed","template":"","meta":{"_et_pb_use_builder":"","_et_pb_old_content":"","_et_gb_content_width":""},"product_brand":[],"product_cat":[102],"product_tag":[],"class_list":{"0":"post-326649","1":"product","2":"type-product","3":"status-publish","4":"has-post-thumbnail","6":"product_cat-soins-du-visage","8":"first","9":"instock","10":"featured","11":"shipping-taxable","12":"purchasable","13":"product-type-simple"},"yoast_head":"<!-- This site is optimized with the Yoast SEO plugin v27.3 - https:\/\/yoast.com\/product\/yoast-seo-wordpress\/ -->\n<title>COLLAG\u00c8NE EAU DE LA MER MORTE TONIQUE - Juman Dead Sea<\/title>\n<meta name=\"robots\" content=\"index, follow, max-snippet:-1, max-image-preview:large, max-video-preview:-1\" \/>\n<link rel=\"canonical\" href=\"https:\/\/jumandeadsea.com\/fr\/produit\/collagene-eau-de-la-mer-morte-tonique\/\" \/>\n<meta property=\"og:locale\" content=\"fr_FR\" \/>\n<meta property=\"og:type\" content=\"article\" \/>\n<meta property=\"og:title\" content=\"COLLAG\u00c8NE EAU DE LA MER MORTE TONIQUE - Juman Dead Sea\" \/>\n<meta property=\"og:description\" content=\"Ce tonique rafra\u00eechissant a \u00e9t\u00e9 cr\u00e9\u00e9 pour hydrater, adoucir et rafra\u00eechir la peau. Il est formul\u00e9 \u00e0 base de collag\u00e8ne pour rajeunir et repulper la peau, att\u00e9nuer l&#039;apparence des ridules et de la texture irr\u00e9guli\u00e8re de la peau, favoriser l&#039;apparence de la jeunesse et rehausser votre beaut\u00e9 naturelle.  RECOMMAND\u00c9 D&#039;UTILISER AVANT LA CR\u00c8ME DE NUIT AGE EVEN TONE\" \/>\n<meta property=\"og:url\" content=\"https:\/\/jumandeadsea.com\/fr\/produit\/collagene-eau-de-la-mer-morte-tonique\/\" \/>\n<meta property=\"og:site_name\" content=\"Juman Dead Sea\" \/>\n<meta name=\"twitter:card\" content=\"summary_large_image\" \/>\n<meta name=\"twitter:label1\" content=\"Dur\u00e9e de lecture estim\u00e9e\" \/>\n\t<meta name=\"twitter:data1\" content=\"1 minute\" \/>\n<script type=\"application\/ld+json\" class=\"yoast-schema-graph\">{\"@context\":\"https:\\\/\\\/schema.org\",\"@graph\":[{\"@type\":\"WebPage\",\"@id\":\"https:\\\/\\\/jumandeadsea.com\\\/fr\\\/produit\\\/collagene-eau-de-la-mer-morte-tonique\\\/\",\"url\":\"https:\\\/\\\/jumandeadsea.com\\\/fr\\\/produit\\\/collagene-eau-de-la-mer-morte-tonique\\\/\",\"name\":\"COLLAG\u00c8NE EAU DE LA MER MORTE TONIQUE - Juman Dead Sea\",\"isPartOf\":{\"@id\":\"https:\\\/\\\/jumandeadsea.com\\\/fr\\\/#website\"},\"primaryImageOfPage\":{\"@id\":\"https:\\\/\\\/jumandeadsea.com\\\/fr\\\/produit\\\/collagene-eau-de-la-mer-morte-tonique\\\/#primaryimage\"},\"image\":{\"@id\":\"https:\\\/\\\/jumandeadsea.com\\\/fr\\\/produit\\\/collagene-eau-de-la-mer-morte-tonique\\\/#primaryimage\"},\"thumbnailUrl\":\"https:\\\/\\\/jumandeadsea.com\\\/wp-content\\\/uploads\\\/COLLAGEN-DEAD-SEA-WATER-TONIC-0\u0661-1.png\",\"datePublished\":\"2024-11-18T17:30:22+00:00\",\"breadcrumb\":{\"@id\":\"https:\\\/\\\/jumandeadsea.com\\\/fr\\\/produit\\\/collagene-eau-de-la-mer-morte-tonique\\\/#breadcrumb\"},\"inLanguage\":\"fr-FR\",\"potentialAction\":[{\"@type\":\"ReadAction\",\"target\":[\"https:\\\/\\\/jumandeadsea.com\\\/fr\\\/produit\\\/collagene-eau-de-la-mer-morte-tonique\\\/\"]}]},{\"@type\":\"ImageObject\",\"inLanguage\":\"fr-FR\",\"@id\":\"https:\\\/\\\/jumandeadsea.com\\\/fr\\\/produit\\\/collagene-eau-de-la-mer-morte-tonique\\\/#primaryimage\",\"url\":\"https:\\\/\\\/jumandeadsea.com\\\/wp-content\\\/uploads\\\/COLLAGEN-DEAD-SEA-WATER-TONIC-0\u0661-1.png\",\"contentUrl\":\"https:\\\/\\\/jumandeadsea.com\\\/wp-content\\\/uploads\\\/COLLAGEN-DEAD-SEA-WATER-TONIC-0\u0661-1.png\",\"width\":1600,\"height\":2266},{\"@type\":\"BreadcrumbList\",\"@id\":\"https:\\\/\\\/jumandeadsea.com\\\/fr\\\/produit\\\/collagene-eau-de-la-mer-morte-tonique\\\/#breadcrumb\",\"itemListElement\":[{\"@type\":\"ListItem\",\"position\":1,\"name\":\"Home\",\"item\":\"https:\\\/\\\/jumandeadsea.com\\\/fr\\\/\"},{\"@type\":\"ListItem\",\"position\":2,\"name\":\"Boutique\",\"item\":\"https:\\\/\\\/jumandeadsea.com\\\/shop\\\/\"},{\"@type\":\"ListItem\",\"position\":3,\"name\":\"Collag\u00c8ne Eau De La Mer Morte Tonique\"}]},{\"@type\":\"WebSite\",\"@id\":\"https:\\\/\\\/jumandeadsea.com\\\/fr\\\/#website\",\"url\":\"https:\\\/\\\/jumandeadsea.com\\\/fr\\\/\",\"name\":\"Juman Dead Sea\",\"description\":\"Authentic Dead Sea Mineral Skincare for Sensitive, Healthy Skin\",\"potentialAction\":[{\"@type\":\"SearchAction\",\"target\":{\"@type\":\"EntryPoint\",\"urlTemplate\":\"https:\\\/\\\/jumandeadsea.com\\\/fr\\\/?s={search_term_string}\"},\"query-input\":{\"@type\":\"PropertyValueSpecification\",\"valueRequired\":true,\"valueName\":\"search_term_string\"}}],\"inLanguage\":\"fr-FR\"}]}<\/script>\n<!-- \/ Yoast SEO plugin. -->","yoast_head_json":{"title":"COLLAG\u00c8NE EAU DE LA MER MORTE TONIQUE - Juman Dead Sea","robots":{"index":"index","follow":"follow","max-snippet":"max-snippet:-1","max-image-preview":"max-image-preview:large","max-video-preview":"max-video-preview:-1"},"canonical":"https:\/\/jumandeadsea.com\/fr\/produit\/collagene-eau-de-la-mer-morte-tonique\/","og_locale":"fr_FR","og_type":"article","og_title":"COLLAG\u00c8NE EAU DE LA MER MORTE TONIQUE - Juman Dead Sea","og_description":"Ce tonique rafra\u00eechissant a \u00e9t\u00e9 cr\u00e9\u00e9 pour hydrater, adoucir et rafra\u00eechir la peau. Il est formul\u00e9 \u00e0 base de collag\u00e8ne pour rajeunir et repulper la peau, att\u00e9nuer l'apparence des ridules et de la texture irr\u00e9guli\u00e8re de la peau, favoriser l'apparence de la jeunesse et rehausser votre beaut\u00e9 naturelle.  RECOMMAND\u00c9 D'UTILISER AVANT LA CR\u00c8ME DE NUIT AGE EVEN TONE","og_url":"https:\/\/jumandeadsea.com\/fr\/produit\/collagene-eau-de-la-mer-morte-tonique\/","og_site_name":"Juman Dead Sea","twitter_card":"summary_large_image","twitter_misc":{"Dur\u00e9e de lecture estim\u00e9e":"1 minute"},"schema":{"@context":"https:\/\/schema.org","@graph":[{"@type":"WebPage","@id":"https:\/\/jumandeadsea.com\/fr\/produit\/collagene-eau-de-la-mer-morte-tonique\/","url":"https:\/\/jumandeadsea.com\/fr\/produit\/collagene-eau-de-la-mer-morte-tonique\/","name":"COLLAG\u00c8NE EAU DE LA MER MORTE TONIQUE - Juman Dead Sea","isPartOf":{"@id":"https:\/\/jumandeadsea.com\/fr\/#website"},"primaryImageOfPage":{"@id":"https:\/\/jumandeadsea.com\/fr\/produit\/collagene-eau-de-la-mer-morte-tonique\/#primaryimage"},"image":{"@id":"https:\/\/jumandeadsea.com\/fr\/produit\/collagene-eau-de-la-mer-morte-tonique\/#primaryimage"},"thumbnailUrl":"https:\/\/jumandeadsea.com\/wp-content\/uploads\/COLLAGEN-DEAD-SEA-WATER-TONIC-0\u0661-1.png","datePublished":"2024-11-18T17:30:22+00:00","breadcrumb":{"@id":"https:\/\/jumandeadsea.com\/fr\/produit\/collagene-eau-de-la-mer-morte-tonique\/#breadcrumb"},"inLanguage":"fr-FR","potentialAction":[{"@type":"ReadAction","target":["https:\/\/jumandeadsea.com\/fr\/produit\/collagene-eau-de-la-mer-morte-tonique\/"]}]},{"@type":"ImageObject","inLanguage":"fr-FR","@id":"https:\/\/jumandeadsea.com\/fr\/produit\/collagene-eau-de-la-mer-morte-tonique\/#primaryimage","url":"https:\/\/jumandeadsea.com\/wp-content\/uploads\/COLLAGEN-DEAD-SEA-WATER-TONIC-0\u0661-1.png","contentUrl":"https:\/\/jumandeadsea.com\/wp-content\/uploads\/COLLAGEN-DEAD-SEA-WATER-TONIC-0\u0661-1.png","width":1600,"height":2266},{"@type":"BreadcrumbList","@id":"https:\/\/jumandeadsea.com\/fr\/produit\/collagene-eau-de-la-mer-morte-tonique\/#breadcrumb","itemListElement":[{"@type":"ListItem","position":1,"name":"Home","item":"https:\/\/jumandeadsea.com\/fr\/"},{"@type":"ListItem","position":2,"name":"Boutique","item":"https:\/\/jumandeadsea.com\/shop\/"},{"@type":"ListItem","position":3,"name":"Collag\u00c8ne Eau De La Mer Morte Tonique"}]},{"@type":"WebSite","@id":"https:\/\/jumandeadsea.com\/fr\/#website","url":"https:\/\/jumandeadsea.com\/fr\/","name":"Juman Dead Sea","description":"Authentic Dead Sea Mineral Skincare for Sensitive, Healthy Skin","potentialAction":[{"@type":"SearchAction","target":{"@type":"EntryPoint","urlTemplate":"https:\/\/jumandeadsea.com\/fr\/?s={search_term_string}"},"query-input":{"@type":"PropertyValueSpecification","valueRequired":true,"valueName":"search_term_string"}}],"inLanguage":"fr-FR"}]}},"_links":{"self":[{"href":"https:\/\/jumandeadsea.com\/fr\/wp-json\/wp\/v2\/product\/326649","targetHints":{"allow":["GET"]}}],"collection":[{"href":"https:\/\/jumandeadsea.com\/fr\/wp-json\/wp\/v2\/product"}],"about":[{"href":"https:\/\/jumandeadsea.com\/fr\/wp-json\/wp\/v2\/types\/product"}],"replies":[{"embeddable":true,"href":"https:\/\/jumandeadsea.com\/fr\/wp-json\/wp\/v2\/comments?post=326649"}],"wp:featuredmedia":[{"embeddable":true,"href":"https:\/\/jumandeadsea.com\/fr\/wp-json\/wp\/v2\/media\/1963"}],"wp:attachment":[{"href":"https:\/\/jumandeadsea.com\/fr\/wp-json\/wp\/v2\/media?parent=326649"}],"wp:term":[{"taxonomy":"product_brand","embeddable":true,"href":"https:\/\/jumandeadsea.com\/fr\/wp-json\/wp\/v2\/product_brand?post=326649"},{"taxonomy":"product_cat","embeddable":true,"href":"https:\/\/jumandeadsea.com\/fr\/wp-json\/wp\/v2\/product_cat?post=326649"},{"taxonomy":"product_tag","embeddable":true,"href":"https:\/\/jumandeadsea.com\/fr\/wp-json\/wp\/v2\/product_tag?post=326649"}],"curies":[{"name":"wp","href":"https:\/\/api.w.org\/{rel}","templated":true}]}}