{"id":326648,"date":"2024-11-18T17:30:24","date_gmt":"2024-11-18T13:30:24","guid":{"rendered":"https:\/\/jumandeadsea.com\/product\/cristaux-de-bain-aux-sels-de-la-mer-morte-avec-camomille-et-huile-darbre-a-the\/"},"modified":"2024-11-18T17:30:24","modified_gmt":"2024-11-18T17:30:24","slug":"cristaux-de-bain-aux-sels-de-la-mer-morte-avec-camomille-et-huile-darbre-a-the","status":"publish","type":"product","link":"https:\/\/jumandeadsea.com\/fr\/produit\/cristaux-de-bain-aux-sels-de-la-mer-morte-avec-camomille-et-huile-darbre-a-the\/","title":{"rendered":"Cristaux De Bain Aux Sels De La Mer Morte Avec Camomille Et Huile D&rsquo;arbre \u00c0 Th\u00c9"},"content":{"rendered":"\n    <div class=\"shortcode-accordion\">\n        <h3 class=\"accordion-header\">Ingr\u00e9dients<\/h3>\n        <div class=\"accordion-content\" style=\"display: none;\">\n            \n<p>Maris Sal (sel de la mer morte), Melaleuca Alternifolia (Tea Tree) Leaf Oil, Chamomilla Recutita (Chamomile) Flower.<\/p>\n<ul>\n<li><em>Sel de la mer morte :<\/em> Les sels organiques riches en magn\u00e9sium am\u00e9liorent l&rsquo;hydratation de la peau et r\u00e9duisent l&rsquo;inflammation des peaux s\u00e8ches.<\/li>\n<li><em>Huile de feuilles d&rsquo;arbre \u00e0 th\u00e9 : <\/em>utilis\u00e9e pour traiter l&rsquo;acn\u00e9 et les imperfections, il est \u00e9galement prouv\u00e9 qu&rsquo;elle traite les infections fongiques de la peau et d&rsquo;autres affections cutan\u00e9es.<\/li>\n<li><em>Fleur de camomille : <\/em>poss\u00e8de d&rsquo;excellentes capacit\u00e9s \u00e0 neutraliser les irritants cutan\u00e9s, en plus de ses propri\u00e9t\u00e9s antibact\u00e9riennes hypoallerg\u00e9niques qui aident \u00e0 soulager de nombreuses affections cutan\u00e9es associ\u00e9es \u00e0 la s\u00e9cheresse de la peau.<\/li>\n<\/ul>\n<p>\n        <\/div>\n    <\/div><br \/>\n\n    <div class=\"shortcode-accordion\">\n        <h3 class=\"accordion-header\">Mode d&#039;emploi :<\/h3>\n        <div class=\"accordion-content\" style=\"display: none;\">\n            <\/p>\n<p>Remplissez le sac r\u00e9utilisable d&rsquo;environ 2\/3, nouez-le et mettez-le dans un bain chaud. D\u00e9tendez-vous pendant 15 \u00e0 30 minutes pour assurer l&rsquo;absorption des min\u00e9raux par le corps, puis rincez \u00e0 l&rsquo;eau ti\u00e8de. Lorsque vous avez termin\u00e9, videz le sac, puis rincez-le \u00e0 l&rsquo;eau et laissez-le s\u00e9cher pour une utilisation ult\u00e9rieure.  <\/p>\n<p>\n        <\/div>\n    <\/div><br \/>\n\n    <div class=\"shortcode-accordion\">\n        <h3 class=\"accordion-header\">Informations sur le produit<\/h3>\n        <div class=\"accordion-content\" style=\"display: none;\">\n            <\/p>\n<p>&#8211; CPNP : 3492393<\/p>\n<p>&#8211; Poids : 360gm<\/p>\n<p>\n        <\/div>\n    <\/div><\/p>\n","protected":false},"excerpt":{"rendered":"<p>Ce sel de bain enrichissant contient des min\u00e9raux de la mer Morte m\u00e9lang\u00e9s \u00e0 de g\u00e9n\u00e9reuses quantit\u00e9s d&rsquo;extrait de camomille et d&rsquo;huile d&rsquo;arbre \u00e0 th\u00e9. Il aide \u00e0 calmer les d\u00e9mangeaisons, la peau s\u00e8che ou squameuse. En outre, il rafra\u00eechit, revitalise et adoucit la peau en lui donnant de l&rsquo;\u00e9clat.  <\/p>\n","protected":false},"featured_media":1418,"comment_status":"open","ping_status":"closed","template":"","meta":{"_et_pb_use_builder":"","_et_pb_old_content":"","_et_gb_content_width":""},"product_brand":[],"product_cat":[109,99],"product_tag":[],"class_list":{"0":"post-326648","1":"product","2":"type-product","3":"status-publish","4":"has-post-thumbnail","6":"product_cat-sels-de-la-mer-morte","7":"product_cat-soins-du-corps","9":"first","10":"instock","11":"shipping-taxable","12":"purchasable","13":"product-type-simple"},"yoast_head":"<!-- This site is optimized with the Yoast SEO plugin v27.3 - https:\/\/yoast.com\/product\/yoast-seo-wordpress\/ -->\n<title>CRISTAUX DE BAIN AUX SELS DE LA MER MORTE AVEC CAMOMILLE ET HUILE D&#039;ARBRE \u00c0 TH\u00c9 - Juman Dead Sea<\/title>\n<meta name=\"robots\" content=\"index, follow, max-snippet:-1, max-image-preview:large, max-video-preview:-1\" \/>\n<link rel=\"canonical\" href=\"https:\/\/jumandeadsea.com\/fr\/produit\/cristaux-de-bain-aux-sels-de-la-mer-morte-avec-camomille-et-huile-darbre-a-the\/\" \/>\n<meta property=\"og:locale\" content=\"fr_FR\" \/>\n<meta property=\"og:type\" content=\"article\" \/>\n<meta property=\"og:title\" content=\"CRISTAUX DE BAIN AUX SELS DE LA MER MORTE AVEC CAMOMILLE ET HUILE D&#039;ARBRE \u00c0 TH\u00c9 - Juman Dead Sea\" \/>\n<meta property=\"og:description\" content=\"Ce sel de bain enrichissant contient des min\u00e9raux de la mer Morte m\u00e9lang\u00e9s \u00e0 de g\u00e9n\u00e9reuses quantit\u00e9s d&#039;extrait de camomille et d&#039;huile d&#039;arbre \u00e0 th\u00e9. Il aide \u00e0 calmer les d\u00e9mangeaisons, la peau s\u00e8che ou squameuse. En outre, il rafra\u00eechit, revitalise et adoucit la peau en lui donnant de l&#039;\u00e9clat.\" \/>\n<meta property=\"og:url\" content=\"https:\/\/jumandeadsea.com\/fr\/produit\/cristaux-de-bain-aux-sels-de-la-mer-morte-avec-camomille-et-huile-darbre-a-the\/\" \/>\n<meta property=\"og:site_name\" content=\"Juman Dead Sea\" \/>\n<meta property=\"article:modified_time\" content=\"2024-11-18T17:30:24+00:00\" \/>\n<meta name=\"twitter:card\" content=\"summary_large_image\" \/>\n<meta name=\"twitter:label1\" content=\"Dur\u00e9e de lecture estim\u00e9e\" \/>\n\t<meta name=\"twitter:data1\" content=\"1 minute\" \/>\n<script type=\"application\/ld+json\" class=\"yoast-schema-graph\">{\"@context\":\"https:\\\/\\\/schema.org\",\"@graph\":[{\"@type\":\"WebPage\",\"@id\":\"https:\\\/\\\/jumandeadsea.com\\\/fr\\\/produit\\\/cristaux-de-bain-aux-sels-de-la-mer-morte-avec-camomille-et-huile-darbre-a-the\\\/\",\"url\":\"https:\\\/\\\/jumandeadsea.com\\\/fr\\\/produit\\\/cristaux-de-bain-aux-sels-de-la-mer-morte-avec-camomille-et-huile-darbre-a-the\\\/\",\"name\":\"CRISTAUX DE BAIN AUX SELS DE LA MER MORTE AVEC CAMOMILLE ET HUILE D'ARBRE \u00c0 TH\u00c9 - Juman Dead Sea\",\"isPartOf\":{\"@id\":\"https:\\\/\\\/jumandeadsea.com\\\/fr\\\/#website\"},\"primaryImageOfPage\":{\"@id\":\"https:\\\/\\\/jumandeadsea.com\\\/fr\\\/produit\\\/cristaux-de-bain-aux-sels-de-la-mer-morte-avec-camomille-et-huile-darbre-a-the\\\/#primaryimage\"},\"image\":{\"@id\":\"https:\\\/\\\/jumandeadsea.com\\\/fr\\\/produit\\\/cristaux-de-bain-aux-sels-de-la-mer-morte-avec-camomille-et-huile-darbre-a-the\\\/#primaryimage\"},\"thumbnailUrl\":\"https:\\\/\\\/jumandeadsea.com\\\/wp-content\\\/uploads\\\/chamomile_Front.png\",\"datePublished\":\"2024-11-18T13:30:24+00:00\",\"dateModified\":\"2024-11-18T17:30:24+00:00\",\"breadcrumb\":{\"@id\":\"https:\\\/\\\/jumandeadsea.com\\\/fr\\\/produit\\\/cristaux-de-bain-aux-sels-de-la-mer-morte-avec-camomille-et-huile-darbre-a-the\\\/#breadcrumb\"},\"inLanguage\":\"fr-FR\",\"potentialAction\":[{\"@type\":\"ReadAction\",\"target\":[\"https:\\\/\\\/jumandeadsea.com\\\/fr\\\/produit\\\/cristaux-de-bain-aux-sels-de-la-mer-morte-avec-camomille-et-huile-darbre-a-the\\\/\"]}]},{\"@type\":\"ImageObject\",\"inLanguage\":\"fr-FR\",\"@id\":\"https:\\\/\\\/jumandeadsea.com\\\/fr\\\/produit\\\/cristaux-de-bain-aux-sels-de-la-mer-morte-avec-camomille-et-huile-darbre-a-the\\\/#primaryimage\",\"url\":\"https:\\\/\\\/jumandeadsea.com\\\/wp-content\\\/uploads\\\/chamomile_Front.png\",\"contentUrl\":\"https:\\\/\\\/jumandeadsea.com\\\/wp-content\\\/uploads\\\/chamomile_Front.png\",\"width\":1500,\"height\":1500,\"caption\":\"Relax and purify with this soothing mineral bath salt blend.\"},{\"@type\":\"BreadcrumbList\",\"@id\":\"https:\\\/\\\/jumandeadsea.com\\\/fr\\\/produit\\\/cristaux-de-bain-aux-sels-de-la-mer-morte-avec-camomille-et-huile-darbre-a-the\\\/#breadcrumb\",\"itemListElement\":[{\"@type\":\"ListItem\",\"position\":1,\"name\":\"Home\",\"item\":\"https:\\\/\\\/jumandeadsea.com\\\/fr\\\/\"},{\"@type\":\"ListItem\",\"position\":2,\"name\":\"Boutique\",\"item\":\"https:\\\/\\\/jumandeadsea.com\\\/shop\\\/\"},{\"@type\":\"ListItem\",\"position\":3,\"name\":\"Cristaux De Bain Aux Sels De La Mer Morte Avec Camomille Et Huile D&rsquo;arbre \u00c0 Th\u00c9\"}]},{\"@type\":\"WebSite\",\"@id\":\"https:\\\/\\\/jumandeadsea.com\\\/fr\\\/#website\",\"url\":\"https:\\\/\\\/jumandeadsea.com\\\/fr\\\/\",\"name\":\"Juman Dead Sea\",\"description\":\"Authentic Dead Sea Mineral Skincare for Sensitive, Healthy Skin\",\"potentialAction\":[{\"@type\":\"SearchAction\",\"target\":{\"@type\":\"EntryPoint\",\"urlTemplate\":\"https:\\\/\\\/jumandeadsea.com\\\/fr\\\/?s={search_term_string}\"},\"query-input\":{\"@type\":\"PropertyValueSpecification\",\"valueRequired\":true,\"valueName\":\"search_term_string\"}}],\"inLanguage\":\"fr-FR\"}]}<\/script>\n<!-- \/ Yoast SEO plugin. -->","yoast_head_json":{"title":"CRISTAUX DE BAIN AUX SELS DE LA MER MORTE AVEC CAMOMILLE ET HUILE D'ARBRE \u00c0 TH\u00c9 - Juman Dead Sea","robots":{"index":"index","follow":"follow","max-snippet":"max-snippet:-1","max-image-preview":"max-image-preview:large","max-video-preview":"max-video-preview:-1"},"canonical":"https:\/\/jumandeadsea.com\/fr\/produit\/cristaux-de-bain-aux-sels-de-la-mer-morte-avec-camomille-et-huile-darbre-a-the\/","og_locale":"fr_FR","og_type":"article","og_title":"CRISTAUX DE BAIN AUX SELS DE LA MER MORTE AVEC CAMOMILLE ET HUILE D'ARBRE \u00c0 TH\u00c9 - Juman Dead Sea","og_description":"Ce sel de bain enrichissant contient des min\u00e9raux de la mer Morte m\u00e9lang\u00e9s \u00e0 de g\u00e9n\u00e9reuses quantit\u00e9s d'extrait de camomille et d'huile d'arbre \u00e0 th\u00e9. Il aide \u00e0 calmer les d\u00e9mangeaisons, la peau s\u00e8che ou squameuse. En outre, il rafra\u00eechit, revitalise et adoucit la peau en lui donnant de l'\u00e9clat.","og_url":"https:\/\/jumandeadsea.com\/fr\/produit\/cristaux-de-bain-aux-sels-de-la-mer-morte-avec-camomille-et-huile-darbre-a-the\/","og_site_name":"Juman Dead Sea","article_modified_time":"2024-11-18T17:30:24+00:00","twitter_card":"summary_large_image","twitter_misc":{"Dur\u00e9e de lecture estim\u00e9e":"1 minute"},"schema":{"@context":"https:\/\/schema.org","@graph":[{"@type":"WebPage","@id":"https:\/\/jumandeadsea.com\/fr\/produit\/cristaux-de-bain-aux-sels-de-la-mer-morte-avec-camomille-et-huile-darbre-a-the\/","url":"https:\/\/jumandeadsea.com\/fr\/produit\/cristaux-de-bain-aux-sels-de-la-mer-morte-avec-camomille-et-huile-darbre-a-the\/","name":"CRISTAUX DE BAIN AUX SELS DE LA MER MORTE AVEC CAMOMILLE ET HUILE D'ARBRE \u00c0 TH\u00c9 - Juman Dead Sea","isPartOf":{"@id":"https:\/\/jumandeadsea.com\/fr\/#website"},"primaryImageOfPage":{"@id":"https:\/\/jumandeadsea.com\/fr\/produit\/cristaux-de-bain-aux-sels-de-la-mer-morte-avec-camomille-et-huile-darbre-a-the\/#primaryimage"},"image":{"@id":"https:\/\/jumandeadsea.com\/fr\/produit\/cristaux-de-bain-aux-sels-de-la-mer-morte-avec-camomille-et-huile-darbre-a-the\/#primaryimage"},"thumbnailUrl":"https:\/\/jumandeadsea.com\/wp-content\/uploads\/chamomile_Front.png","datePublished":"2024-11-18T13:30:24+00:00","dateModified":"2024-11-18T17:30:24+00:00","breadcrumb":{"@id":"https:\/\/jumandeadsea.com\/fr\/produit\/cristaux-de-bain-aux-sels-de-la-mer-morte-avec-camomille-et-huile-darbre-a-the\/#breadcrumb"},"inLanguage":"fr-FR","potentialAction":[{"@type":"ReadAction","target":["https:\/\/jumandeadsea.com\/fr\/produit\/cristaux-de-bain-aux-sels-de-la-mer-morte-avec-camomille-et-huile-darbre-a-the\/"]}]},{"@type":"ImageObject","inLanguage":"fr-FR","@id":"https:\/\/jumandeadsea.com\/fr\/produit\/cristaux-de-bain-aux-sels-de-la-mer-morte-avec-camomille-et-huile-darbre-a-the\/#primaryimage","url":"https:\/\/jumandeadsea.com\/wp-content\/uploads\/chamomile_Front.png","contentUrl":"https:\/\/jumandeadsea.com\/wp-content\/uploads\/chamomile_Front.png","width":1500,"height":1500,"caption":"Relax and purify with this soothing mineral bath salt blend."},{"@type":"BreadcrumbList","@id":"https:\/\/jumandeadsea.com\/fr\/produit\/cristaux-de-bain-aux-sels-de-la-mer-morte-avec-camomille-et-huile-darbre-a-the\/#breadcrumb","itemListElement":[{"@type":"ListItem","position":1,"name":"Home","item":"https:\/\/jumandeadsea.com\/fr\/"},{"@type":"ListItem","position":2,"name":"Boutique","item":"https:\/\/jumandeadsea.com\/shop\/"},{"@type":"ListItem","position":3,"name":"Cristaux De Bain Aux Sels De La Mer Morte Avec Camomille Et Huile D&rsquo;arbre \u00c0 Th\u00c9"}]},{"@type":"WebSite","@id":"https:\/\/jumandeadsea.com\/fr\/#website","url":"https:\/\/jumandeadsea.com\/fr\/","name":"Juman Dead Sea","description":"Authentic Dead Sea Mineral Skincare for Sensitive, Healthy Skin","potentialAction":[{"@type":"SearchAction","target":{"@type":"EntryPoint","urlTemplate":"https:\/\/jumandeadsea.com\/fr\/?s={search_term_string}"},"query-input":{"@type":"PropertyValueSpecification","valueRequired":true,"valueName":"search_term_string"}}],"inLanguage":"fr-FR"}]}},"_links":{"self":[{"href":"https:\/\/jumandeadsea.com\/fr\/wp-json\/wp\/v2\/product\/326648","targetHints":{"allow":["GET"]}}],"collection":[{"href":"https:\/\/jumandeadsea.com\/fr\/wp-json\/wp\/v2\/product"}],"about":[{"href":"https:\/\/jumandeadsea.com\/fr\/wp-json\/wp\/v2\/types\/product"}],"replies":[{"embeddable":true,"href":"https:\/\/jumandeadsea.com\/fr\/wp-json\/wp\/v2\/comments?post=326648"}],"wp:featuredmedia":[{"embeddable":true,"href":"https:\/\/jumandeadsea.com\/fr\/wp-json\/wp\/v2\/media\/1418"}],"wp:attachment":[{"href":"https:\/\/jumandeadsea.com\/fr\/wp-json\/wp\/v2\/media?parent=326648"}],"wp:term":[{"taxonomy":"product_brand","embeddable":true,"href":"https:\/\/jumandeadsea.com\/fr\/wp-json\/wp\/v2\/product_brand?post=326648"},{"taxonomy":"product_cat","embeddable":true,"href":"https:\/\/jumandeadsea.com\/fr\/wp-json\/wp\/v2\/product_cat?post=326648"},{"taxonomy":"product_tag","embeddable":true,"href":"https:\/\/jumandeadsea.com\/fr\/wp-json\/wp\/v2\/product_tag?post=326648"}],"curies":[{"name":"wp","href":"https:\/\/api.w.org\/{rel}","templated":true}]}}