{"id":326647,"date":"2024-11-18T17:30:22","date_gmt":"2024-11-18T17:30:22","guid":{"rendered":"https:\/\/jumandeadsea.com\/product\/masque-de-boue-de-la-mer-morte-hydratant-le-visage-au-concombre-et-a-laloe-vera\/"},"modified":"2024-11-18T17:30:22","modified_gmt":"2024-11-18T17:30:22","slug":"masque-de-boue-de-la-mer-morte-hydratant-le-visage-au-concombre-et-a-laloe-vera","status":"publish","type":"product","link":"https:\/\/jumandeadsea.com\/fr\/produit\/masque-de-boue-de-la-mer-morte-hydratant-le-visage-au-concombre-et-a-laloe-vera\/","title":{"rendered":"Masque De Boue De La Mer Morte Hydratant Le Visage Au Concombre Et \u00c0 L&rsquo;aloe Vera"},"content":{"rendered":"\n    <div class=\"shortcode-accordion\">\n        <h3 class=\"accordion-header\">Ingr\u00e9dients<\/h3>\n        <div class=\"accordion-content\" style=\"display: none;\">\n            \n<p>Maris Limus (boue de la mer Morte), Cucumis Sativus (concombre) extrait, Aloe Barbadensis (Aloe Vera) gel, Chamomilla Recutita (camomille) extrait, Tocopherol (vitamine E).<\/p>\n<ul>\n<li><em>Boue de la mer Morte :<\/em> aide \u00e0 r\u00e9tablir l&rsquo;hydratation de la peau, soulageant la s\u00e9cheresse et l&rsquo;irritation. Elle a un effet anti-\u00e2ge et tonifiant, r\u00e9duisant ainsi les ridules et les pores. <\/li>\n<li><em>Extrait de concombre :<\/em> riche en antioxydants avec des propri\u00e9t\u00e9s anti-inflammatoires qui aident \u00e0 apaiser la peau irrit\u00e9e et br\u00fbl\u00e9e par le soleil en plus de son effet rafra\u00eechissant.<\/li>\n<li><em>Gel d&rsquo;aloe vera :<\/em> contient des antioxydants et des vitamines A et C, et peut aider \u00e0 traiter les br\u00fblures, l&rsquo;acn\u00e9 et la peau s\u00e8che.<\/li>\n<li><em>Extrait de camomille :<\/em> poss\u00e8de de nombreuses et puissantes propri\u00e9t\u00e9s antibact\u00e9riennes et antiseptiques, et contient des huiles essentielles et des antioxydants.<\/li>\n<li><em>Vitamine E :<\/em> aide \u00e0 prot\u00e9ger la peau des dommages caus\u00e9s par les UV et a des effets hydratants.<\/li>\n<\/ul>\n<p>\n        <\/div>\n    <\/div><br \/>\n\n    <div class=\"shortcode-accordion\">\n        <h3 class=\"accordion-header\">Mode d&#039;emploi :<\/h3>\n        <div class=\"accordion-content\" style=\"display: none;\">\n            <\/p>\n<p>M\u00e9langez bien avant de l&rsquo;utiliser. Veillez \u00e0 conserver l&rsquo;eau qui est un conservateur naturel. Appliquez une couche sur le visage et laissez s\u00e9cher pendant (15-20) minutes. Rincez \u00e0 l&rsquo;eau ti\u00e8de. Pour de meilleurs r\u00e9sultats, appliquez une cr\u00e8me hydratante sur la zone concern\u00e9e apr\u00e8s l&rsquo;application. Utilisez ce produit 1 \u00e0 2 fois par semaine.     <\/p>\n<p>\n        <\/div>\n    <\/div><br \/>\n\n    <div class=\"shortcode-accordion\">\n        <h3 class=\"accordion-header\">Informations sur le produit<\/h3>\n        <div class=\"accordion-content\" style=\"display: none;\">\n            <\/p>\n<p>&#8211; <span class=\"bold\">CPNP : 3663319<\/span><\/p>\n<p>&#8211; Poids : 220gm<\/p>\n<p>\n        <\/div>\n    <\/div><\/p>\n","protected":false},"excerpt":{"rendered":"<p>Un masque de boue rafra\u00eechissant et ultra-doux pour le visage apaise, hydrate et d\u00e9toxifie la peau s\u00e8che et irrit\u00e9e. Ce masque contient des extraits botaniques rajeunissants de concombre, de gel d&rsquo;aloe vera et de camomille qui r\u00e9duisent les poches, tonifient et resserrent la peau pour un teint plus lisse et d&rsquo;apparence plus saine. <\/p>\n<p><strong>ID\u00c9AL POUR LES PEAUX S\u00c8CHES<\/strong><\/p>\n","protected":false},"featured_media":1893,"comment_status":"open","ping_status":"closed","template":"","meta":{"_et_pb_use_builder":"","_et_pb_old_content":"","_et_gb_content_width":""},"product_brand":[],"product_cat":[100,102],"product_tag":[],"class_list":{"0":"post-326647","1":"product","2":"type-product","3":"status-publish","4":"has-post-thumbnail","6":"product_cat-masques-de-boue-de-la-mer-morte","7":"product_cat-soins-du-visage","9":"first","10":"instock","11":"shipping-taxable","12":"purchasable","13":"product-type-simple"},"yoast_head":"<!-- This site is optimized with the Yoast SEO plugin v27.3 - https:\/\/yoast.com\/product\/yoast-seo-wordpress\/ -->\n<title>MASQUE DE BOUE DE LA MER MORTE HYDRATANT LE VISAGE AU CONCOMBRE ET \u00c0 L&#039;ALOE VERA - Juman Dead Sea<\/title>\n<meta name=\"robots\" content=\"index, follow, max-snippet:-1, max-image-preview:large, max-video-preview:-1\" \/>\n<link rel=\"canonical\" href=\"https:\/\/jumandeadsea.com\/fr\/produit\/masque-de-boue-de-la-mer-morte-hydratant-le-visage-au-concombre-et-a-laloe-vera\/\" \/>\n<meta property=\"og:locale\" content=\"fr_FR\" \/>\n<meta property=\"og:type\" content=\"article\" \/>\n<meta property=\"og:title\" content=\"MASQUE DE BOUE DE LA MER MORTE HYDRATANT LE VISAGE AU CONCOMBRE ET \u00c0 L&#039;ALOE VERA - Juman Dead Sea\" \/>\n<meta property=\"og:description\" content=\"Un masque de boue rafra\u00eechissant et ultra-doux pour le visage apaise, hydrate et d\u00e9toxifie la peau s\u00e8che et irrit\u00e9e. Ce masque contient des extraits botaniques rajeunissants de concombre, de gel d&#039;aloe vera et de camomille qui r\u00e9duisent les poches, tonifient et resserrent la peau pour un teint plus lisse et d&#039;apparence plus saine.  ID\u00c9AL POUR LES PEAUX S\u00c8CHES\" \/>\n<meta property=\"og:url\" content=\"https:\/\/jumandeadsea.com\/fr\/produit\/masque-de-boue-de-la-mer-morte-hydratant-le-visage-au-concombre-et-a-laloe-vera\/\" \/>\n<meta property=\"og:site_name\" content=\"Juman Dead Sea\" \/>\n<meta name=\"twitter:card\" content=\"summary_large_image\" \/>\n<meta name=\"twitter:label1\" content=\"Dur\u00e9e de lecture estim\u00e9e\" \/>\n\t<meta name=\"twitter:data1\" content=\"1 minute\" \/>\n<script type=\"application\/ld+json\" class=\"yoast-schema-graph\">{\"@context\":\"https:\\\/\\\/schema.org\",\"@graph\":[{\"@type\":\"WebPage\",\"@id\":\"https:\\\/\\\/jumandeadsea.com\\\/fr\\\/produit\\\/masque-de-boue-de-la-mer-morte-hydratant-le-visage-au-concombre-et-a-laloe-vera\\\/\",\"url\":\"https:\\\/\\\/jumandeadsea.com\\\/fr\\\/produit\\\/masque-de-boue-de-la-mer-morte-hydratant-le-visage-au-concombre-et-a-laloe-vera\\\/\",\"name\":\"MASQUE DE BOUE DE LA MER MORTE HYDRATANT LE VISAGE AU CONCOMBRE ET \u00c0 L'ALOE VERA - Juman Dead Sea\",\"isPartOf\":{\"@id\":\"https:\\\/\\\/jumandeadsea.com\\\/fr\\\/#website\"},\"primaryImageOfPage\":{\"@id\":\"https:\\\/\\\/jumandeadsea.com\\\/fr\\\/produit\\\/masque-de-boue-de-la-mer-morte-hydratant-le-visage-au-concombre-et-a-laloe-vera\\\/#primaryimage\"},\"image\":{\"@id\":\"https:\\\/\\\/jumandeadsea.com\\\/fr\\\/produit\\\/masque-de-boue-de-la-mer-morte-hydratant-le-visage-au-concombre-et-a-laloe-vera\\\/#primaryimage\"},\"thumbnailUrl\":\"https:\\\/\\\/jumandeadsea.com\\\/wp-content\\\/uploads\\\/cucumber-front.png\",\"datePublished\":\"2024-11-18T17:30:22+00:00\",\"breadcrumb\":{\"@id\":\"https:\\\/\\\/jumandeadsea.com\\\/fr\\\/produit\\\/masque-de-boue-de-la-mer-morte-hydratant-le-visage-au-concombre-et-a-laloe-vera\\\/#breadcrumb\"},\"inLanguage\":\"fr-FR\",\"potentialAction\":[{\"@type\":\"ReadAction\",\"target\":[\"https:\\\/\\\/jumandeadsea.com\\\/fr\\\/produit\\\/masque-de-boue-de-la-mer-morte-hydratant-le-visage-au-concombre-et-a-laloe-vera\\\/\"]}]},{\"@type\":\"ImageObject\",\"inLanguage\":\"fr-FR\",\"@id\":\"https:\\\/\\\/jumandeadsea.com\\\/fr\\\/produit\\\/masque-de-boue-de-la-mer-morte-hydratant-le-visage-au-concombre-et-a-laloe-vera\\\/#primaryimage\",\"url\":\"https:\\\/\\\/jumandeadsea.com\\\/wp-content\\\/uploads\\\/cucumber-front.png\",\"contentUrl\":\"https:\\\/\\\/jumandeadsea.com\\\/wp-content\\\/uploads\\\/cucumber-front.png\",\"width\":1600,\"height\":1600,\"caption\":\"Hydrate and soothe your skin with Juman\u2019s Dead Sea Cucumber Aloe Vera Mud Mask \u2013 perfect for sensitive or dry skin.\"},{\"@type\":\"BreadcrumbList\",\"@id\":\"https:\\\/\\\/jumandeadsea.com\\\/fr\\\/produit\\\/masque-de-boue-de-la-mer-morte-hydratant-le-visage-au-concombre-et-a-laloe-vera\\\/#breadcrumb\",\"itemListElement\":[{\"@type\":\"ListItem\",\"position\":1,\"name\":\"Home\",\"item\":\"https:\\\/\\\/jumandeadsea.com\\\/fr\\\/\"},{\"@type\":\"ListItem\",\"position\":2,\"name\":\"Boutique\",\"item\":\"https:\\\/\\\/jumandeadsea.com\\\/shop\\\/\"},{\"@type\":\"ListItem\",\"position\":3,\"name\":\"Masque De Boue De La Mer Morte Hydratant Le Visage Au Concombre Et \u00c0 L&rsquo;aloe Vera\"}]},{\"@type\":\"WebSite\",\"@id\":\"https:\\\/\\\/jumandeadsea.com\\\/fr\\\/#website\",\"url\":\"https:\\\/\\\/jumandeadsea.com\\\/fr\\\/\",\"name\":\"Juman Dead Sea\",\"description\":\"Authentic Dead Sea Mineral Skincare for Sensitive, Healthy Skin\",\"potentialAction\":[{\"@type\":\"SearchAction\",\"target\":{\"@type\":\"EntryPoint\",\"urlTemplate\":\"https:\\\/\\\/jumandeadsea.com\\\/fr\\\/?s={search_term_string}\"},\"query-input\":{\"@type\":\"PropertyValueSpecification\",\"valueRequired\":true,\"valueName\":\"search_term_string\"}}],\"inLanguage\":\"fr-FR\"}]}<\/script>\n<!-- \/ Yoast SEO plugin. -->","yoast_head_json":{"title":"MASQUE DE BOUE DE LA MER MORTE HYDRATANT LE VISAGE AU CONCOMBRE ET \u00c0 L'ALOE VERA - Juman Dead Sea","robots":{"index":"index","follow":"follow","max-snippet":"max-snippet:-1","max-image-preview":"max-image-preview:large","max-video-preview":"max-video-preview:-1"},"canonical":"https:\/\/jumandeadsea.com\/fr\/produit\/masque-de-boue-de-la-mer-morte-hydratant-le-visage-au-concombre-et-a-laloe-vera\/","og_locale":"fr_FR","og_type":"article","og_title":"MASQUE DE BOUE DE LA MER MORTE HYDRATANT LE VISAGE AU CONCOMBRE ET \u00c0 L'ALOE VERA - Juman Dead Sea","og_description":"Un masque de boue rafra\u00eechissant et ultra-doux pour le visage apaise, hydrate et d\u00e9toxifie la peau s\u00e8che et irrit\u00e9e. Ce masque contient des extraits botaniques rajeunissants de concombre, de gel d'aloe vera et de camomille qui r\u00e9duisent les poches, tonifient et resserrent la peau pour un teint plus lisse et d'apparence plus saine.  ID\u00c9AL POUR LES PEAUX S\u00c8CHES","og_url":"https:\/\/jumandeadsea.com\/fr\/produit\/masque-de-boue-de-la-mer-morte-hydratant-le-visage-au-concombre-et-a-laloe-vera\/","og_site_name":"Juman Dead Sea","twitter_card":"summary_large_image","twitter_misc":{"Dur\u00e9e de lecture estim\u00e9e":"1 minute"},"schema":{"@context":"https:\/\/schema.org","@graph":[{"@type":"WebPage","@id":"https:\/\/jumandeadsea.com\/fr\/produit\/masque-de-boue-de-la-mer-morte-hydratant-le-visage-au-concombre-et-a-laloe-vera\/","url":"https:\/\/jumandeadsea.com\/fr\/produit\/masque-de-boue-de-la-mer-morte-hydratant-le-visage-au-concombre-et-a-laloe-vera\/","name":"MASQUE DE BOUE DE LA MER MORTE HYDRATANT LE VISAGE AU CONCOMBRE ET \u00c0 L'ALOE VERA - Juman Dead Sea","isPartOf":{"@id":"https:\/\/jumandeadsea.com\/fr\/#website"},"primaryImageOfPage":{"@id":"https:\/\/jumandeadsea.com\/fr\/produit\/masque-de-boue-de-la-mer-morte-hydratant-le-visage-au-concombre-et-a-laloe-vera\/#primaryimage"},"image":{"@id":"https:\/\/jumandeadsea.com\/fr\/produit\/masque-de-boue-de-la-mer-morte-hydratant-le-visage-au-concombre-et-a-laloe-vera\/#primaryimage"},"thumbnailUrl":"https:\/\/jumandeadsea.com\/wp-content\/uploads\/cucumber-front.png","datePublished":"2024-11-18T17:30:22+00:00","breadcrumb":{"@id":"https:\/\/jumandeadsea.com\/fr\/produit\/masque-de-boue-de-la-mer-morte-hydratant-le-visage-au-concombre-et-a-laloe-vera\/#breadcrumb"},"inLanguage":"fr-FR","potentialAction":[{"@type":"ReadAction","target":["https:\/\/jumandeadsea.com\/fr\/produit\/masque-de-boue-de-la-mer-morte-hydratant-le-visage-au-concombre-et-a-laloe-vera\/"]}]},{"@type":"ImageObject","inLanguage":"fr-FR","@id":"https:\/\/jumandeadsea.com\/fr\/produit\/masque-de-boue-de-la-mer-morte-hydratant-le-visage-au-concombre-et-a-laloe-vera\/#primaryimage","url":"https:\/\/jumandeadsea.com\/wp-content\/uploads\/cucumber-front.png","contentUrl":"https:\/\/jumandeadsea.com\/wp-content\/uploads\/cucumber-front.png","width":1600,"height":1600,"caption":"Hydrate and soothe your skin with Juman\u2019s Dead Sea Cucumber Aloe Vera Mud Mask \u2013 perfect for sensitive or dry skin."},{"@type":"BreadcrumbList","@id":"https:\/\/jumandeadsea.com\/fr\/produit\/masque-de-boue-de-la-mer-morte-hydratant-le-visage-au-concombre-et-a-laloe-vera\/#breadcrumb","itemListElement":[{"@type":"ListItem","position":1,"name":"Home","item":"https:\/\/jumandeadsea.com\/fr\/"},{"@type":"ListItem","position":2,"name":"Boutique","item":"https:\/\/jumandeadsea.com\/shop\/"},{"@type":"ListItem","position":3,"name":"Masque De Boue De La Mer Morte Hydratant Le Visage Au Concombre Et \u00c0 L&rsquo;aloe Vera"}]},{"@type":"WebSite","@id":"https:\/\/jumandeadsea.com\/fr\/#website","url":"https:\/\/jumandeadsea.com\/fr\/","name":"Juman Dead Sea","description":"Authentic Dead Sea Mineral Skincare for Sensitive, Healthy Skin","potentialAction":[{"@type":"SearchAction","target":{"@type":"EntryPoint","urlTemplate":"https:\/\/jumandeadsea.com\/fr\/?s={search_term_string}"},"query-input":{"@type":"PropertyValueSpecification","valueRequired":true,"valueName":"search_term_string"}}],"inLanguage":"fr-FR"}]}},"_links":{"self":[{"href":"https:\/\/jumandeadsea.com\/fr\/wp-json\/wp\/v2\/product\/326647","targetHints":{"allow":["GET"]}}],"collection":[{"href":"https:\/\/jumandeadsea.com\/fr\/wp-json\/wp\/v2\/product"}],"about":[{"href":"https:\/\/jumandeadsea.com\/fr\/wp-json\/wp\/v2\/types\/product"}],"replies":[{"embeddable":true,"href":"https:\/\/jumandeadsea.com\/fr\/wp-json\/wp\/v2\/comments?post=326647"}],"wp:featuredmedia":[{"embeddable":true,"href":"https:\/\/jumandeadsea.com\/fr\/wp-json\/wp\/v2\/media\/1893"}],"wp:attachment":[{"href":"https:\/\/jumandeadsea.com\/fr\/wp-json\/wp\/v2\/media?parent=326647"}],"wp:term":[{"taxonomy":"product_brand","embeddable":true,"href":"https:\/\/jumandeadsea.com\/fr\/wp-json\/wp\/v2\/product_brand?post=326647"},{"taxonomy":"product_cat","embeddable":true,"href":"https:\/\/jumandeadsea.com\/fr\/wp-json\/wp\/v2\/product_cat?post=326647"},{"taxonomy":"product_tag","embeddable":true,"href":"https:\/\/jumandeadsea.com\/fr\/wp-json\/wp\/v2\/product_tag?post=326647"}],"curies":[{"name":"wp","href":"https:\/\/api.w.org\/{rel}","templated":true}]}}