{"id":326646,"date":"2024-11-18T17:30:24","date_gmt":"2024-11-18T13:30:24","guid":{"rendered":"https:\/\/jumandeadsea.com\/product\/sels-de-bain-de-la-mer-morte-avec-rose-et-huile-dargan\/"},"modified":"2024-11-18T17:30:24","modified_gmt":"2024-11-18T17:30:24","slug":"sels-de-bain-de-la-mer-morte-avec-rose-et-huile-dargan","status":"publish","type":"product","link":"https:\/\/jumandeadsea.com\/fr\/produit\/sels-de-bain-de-la-mer-morte-avec-rose-et-huile-dargan\/","title":{"rendered":"Sels De Bain De La Mer Morte Avec Rose Et Huile D&rsquo;argan"},"content":{"rendered":"\n    <div class=\"shortcode-accordion\">\n        <h3 class=\"accordion-header\">Ingr\u00e9dients<\/h3>\n        <div class=\"accordion-content\" style=\"display: none;\">\n            \n<p>Maris Sal (sel de la mer morte), Argania Spinosa (Argan) Kernel Oil, Rosa (Rose) Centifolia Petal<em>, <\/em>Rose Essential Oil.<\/p>\n<ul>\n<li><em>Sel de la mer morte :<\/em> Les sels organiques riches en magn\u00e9sium am\u00e9liorent l&rsquo;hydratation de la peau et r\u00e9duisent l&rsquo;inflammation des peaux s\u00e8ches.<\/li>\n<li><em>Huile de noyau d&rsquo;argan :<\/em> huile riche en acides gras essentiels, elle nourrit la peau, prot\u00e8ge son \u00e9lasticit\u00e9 et r\u00e9duit l&rsquo;apparence des rides et ridules.<\/li>\n<li><em>P\u00e9tale de rose :<\/em> aide \u00e0 maintenir l&rsquo;\u00e9quilibre du pH de la peau et \u00e0 contr\u00f4ler l&rsquo;exc\u00e8s de s\u00e9bum.<\/li>\n<li>L&rsquo;huile essentielle de rose : d\u00e9tend votre corps et votre esprit. Pendant l&rsquo;aromath\u00e9rapie \u00e0 la rose, les huiles essentielles p\u00e9n\u00e8trent profond\u00e9ment dans votre peau et dans l&rsquo;air de vos poumons, r\u00e9g\u00e9n\u00e9rant la peau tout en r\u00e9confortant l&rsquo;esprit. <\/li>\n<\/ul>\n<p>\n        <\/div>\n    <\/div><br \/>\n\n    <div class=\"shortcode-accordion\">\n        <h3 class=\"accordion-header\">Mode d&#039;emploi :<\/h3>\n        <div class=\"accordion-content\" style=\"display: none;\">\n            <\/p>\n<p>Remplissez le sac r\u00e9utilisable d&rsquo;environ 2\/3, nouez-le et mettez-le dans un bain chaud. D\u00e9tendez-vous pendant 15 \u00e0 30 minutes pour assurer l&rsquo;absorption des min\u00e9raux par le corps, puis rincez \u00e0 l&rsquo;eau ti\u00e8de. Lorsque vous avez termin\u00e9, videz le sac, puis rincez-le \u00e0 l&rsquo;eau et laissez-le s\u00e9cher pour une utilisation ult\u00e9rieure.  <\/p>\n<p>\n        <\/div>\n    <\/div><br \/>\n\n    <div class=\"shortcode-accordion\">\n        <h3 class=\"accordion-header\">Informations sur le produit<\/h3>\n        <div class=\"accordion-content\" style=\"display: none;\">\n            <\/p>\n<p>&#8211; <span class=\"bold\"> CPNP : 3471834<\/span><\/p>\n<p> &#8211;<span class=\"bold\"> Poids : <\/span> 360gm<\/p>\n<p>\n        <\/div>\n    <\/div><\/p>\n","protected":false},"excerpt":{"rendered":"<p>Sel de bain luxueux \u00e0 base de sels naturels de la mer Morte, d&rsquo;huile de rose de Damas et d&rsquo;autres min\u00e9raux et huiles essentielles, travaillant en harmonie pour d\u00e9tendre votre corps et votre esprit gr\u00e2ce \u00e0 un ar\u00f4me rafra\u00eechissant tout en donnant \u00e0 votre peau une merveilleuse sensation de chaleur et de douceur.<\/p>\n<p>&nbsp;<\/p>\n","protected":false},"featured_media":1425,"comment_status":"open","ping_status":"closed","template":"","meta":{"_et_pb_use_builder":"","_et_pb_old_content":"","_et_gb_content_width":""},"product_brand":[],"product_cat":[109,99],"product_tag":[],"class_list":{"0":"post-326646","1":"product","2":"type-product","3":"status-publish","4":"has-post-thumbnail","6":"product_cat-sels-de-la-mer-morte","7":"product_cat-soins-du-corps","9":"first","10":"instock","11":"shipping-taxable","12":"purchasable","13":"product-type-simple"},"yoast_head":"<!-- This site is optimized with the Yoast SEO plugin v27.3 - https:\/\/yoast.com\/product\/yoast-seo-wordpress\/ -->\n<title>SELS DE BAIN DE LA MER MORTE AVEC ROSE ET HUILE D&#039;ARGAN - Juman Dead Sea<\/title>\n<meta name=\"robots\" content=\"index, follow, max-snippet:-1, max-image-preview:large, max-video-preview:-1\" \/>\n<link rel=\"canonical\" href=\"https:\/\/jumandeadsea.com\/fr\/produit\/sels-de-bain-de-la-mer-morte-avec-rose-et-huile-dargan\/\" \/>\n<meta property=\"og:locale\" content=\"fr_FR\" \/>\n<meta property=\"og:type\" content=\"article\" \/>\n<meta property=\"og:title\" content=\"SELS DE BAIN DE LA MER MORTE AVEC ROSE ET HUILE D&#039;ARGAN - Juman Dead Sea\" \/>\n<meta property=\"og:description\" content=\"Sel de bain luxueux \u00e0 base de sels naturels de la mer Morte, d&#039;huile de rose de Damas et d&#039;autres min\u00e9raux et huiles essentielles, travaillant en harmonie pour d\u00e9tendre votre corps et votre esprit gr\u00e2ce \u00e0 un ar\u00f4me rafra\u00eechissant tout en donnant \u00e0 votre peau une merveilleuse sensation de chaleur et de douceur. &nbsp;\" \/>\n<meta property=\"og:url\" content=\"https:\/\/jumandeadsea.com\/fr\/produit\/sels-de-bain-de-la-mer-morte-avec-rose-et-huile-dargan\/\" \/>\n<meta property=\"og:site_name\" content=\"Juman Dead Sea\" \/>\n<meta property=\"article:modified_time\" content=\"2024-11-18T17:30:24+00:00\" \/>\n<meta property=\"og:image\" content=\"https:\/\/jumandeadsea.com\/wp-content\/uploads\/rose-bath-salt_Front.png\" \/>\n\t<meta property=\"og:image:width\" content=\"1600\" \/>\n\t<meta property=\"og:image:height\" content=\"1600\" \/>\n\t<meta property=\"og:image:type\" content=\"image\/png\" \/>\n<meta name=\"twitter:card\" content=\"summary_large_image\" \/>\n<meta name=\"twitter:label1\" content=\"Dur\u00e9e de lecture estim\u00e9e\" \/>\n\t<meta name=\"twitter:data1\" content=\"1 minute\" \/>\n<script type=\"application\/ld+json\" class=\"yoast-schema-graph\">{\"@context\":\"https:\\\/\\\/schema.org\",\"@graph\":[{\"@type\":\"WebPage\",\"@id\":\"https:\\\/\\\/jumandeadsea.com\\\/fr\\\/produit\\\/sels-de-bain-de-la-mer-morte-avec-rose-et-huile-dargan\\\/\",\"url\":\"https:\\\/\\\/jumandeadsea.com\\\/fr\\\/produit\\\/sels-de-bain-de-la-mer-morte-avec-rose-et-huile-dargan\\\/\",\"name\":\"SELS DE BAIN DE LA MER MORTE AVEC ROSE ET HUILE D'ARGAN - Juman Dead Sea\",\"isPartOf\":{\"@id\":\"https:\\\/\\\/jumandeadsea.com\\\/fr\\\/#website\"},\"primaryImageOfPage\":{\"@id\":\"https:\\\/\\\/jumandeadsea.com\\\/fr\\\/produit\\\/sels-de-bain-de-la-mer-morte-avec-rose-et-huile-dargan\\\/#primaryimage\"},\"image\":{\"@id\":\"https:\\\/\\\/jumandeadsea.com\\\/fr\\\/produit\\\/sels-de-bain-de-la-mer-morte-avec-rose-et-huile-dargan\\\/#primaryimage\"},\"thumbnailUrl\":\"https:\\\/\\\/jumandeadsea.com\\\/wp-content\\\/uploads\\\/rose-bath-salt_Front.png\",\"datePublished\":\"2024-11-18T13:30:24+00:00\",\"dateModified\":\"2024-11-18T17:30:24+00:00\",\"breadcrumb\":{\"@id\":\"https:\\\/\\\/jumandeadsea.com\\\/fr\\\/produit\\\/sels-de-bain-de-la-mer-morte-avec-rose-et-huile-dargan\\\/#breadcrumb\"},\"inLanguage\":\"fr-FR\",\"potentialAction\":[{\"@type\":\"ReadAction\",\"target\":[\"https:\\\/\\\/jumandeadsea.com\\\/fr\\\/produit\\\/sels-de-bain-de-la-mer-morte-avec-rose-et-huile-dargan\\\/\"]}]},{\"@type\":\"ImageObject\",\"inLanguage\":\"fr-FR\",\"@id\":\"https:\\\/\\\/jumandeadsea.com\\\/fr\\\/produit\\\/sels-de-bain-de-la-mer-morte-avec-rose-et-huile-dargan\\\/#primaryimage\",\"url\":\"https:\\\/\\\/jumandeadsea.com\\\/wp-content\\\/uploads\\\/rose-bath-salt_Front.png\",\"contentUrl\":\"https:\\\/\\\/jumandeadsea.com\\\/wp-content\\\/uploads\\\/rose-bath-salt_Front.png\",\"width\":1600,\"height\":1600,\"caption\":\"Luxurious mineral bath salts with rose and argan for smooth, radiant skin.\"},{\"@type\":\"BreadcrumbList\",\"@id\":\"https:\\\/\\\/jumandeadsea.com\\\/fr\\\/produit\\\/sels-de-bain-de-la-mer-morte-avec-rose-et-huile-dargan\\\/#breadcrumb\",\"itemListElement\":[{\"@type\":\"ListItem\",\"position\":1,\"name\":\"Home\",\"item\":\"https:\\\/\\\/jumandeadsea.com\\\/fr\\\/\"},{\"@type\":\"ListItem\",\"position\":2,\"name\":\"Boutique\",\"item\":\"https:\\\/\\\/jumandeadsea.com\\\/shop\\\/\"},{\"@type\":\"ListItem\",\"position\":3,\"name\":\"SELS DE BAIN DE LA MER MORTE AVEC ROSE ET HUILE D&#8217;ARGAN\"}]},{\"@type\":\"WebSite\",\"@id\":\"https:\\\/\\\/jumandeadsea.com\\\/fr\\\/#website\",\"url\":\"https:\\\/\\\/jumandeadsea.com\\\/fr\\\/\",\"name\":\"Juman Dead Sea\",\"description\":\"Authentic Dead Sea Mineral Skincare for Sensitive, Healthy Skin\",\"potentialAction\":[{\"@type\":\"SearchAction\",\"target\":{\"@type\":\"EntryPoint\",\"urlTemplate\":\"https:\\\/\\\/jumandeadsea.com\\\/fr\\\/?s={search_term_string}\"},\"query-input\":{\"@type\":\"PropertyValueSpecification\",\"valueRequired\":true,\"valueName\":\"search_term_string\"}}],\"inLanguage\":\"fr-FR\"}]}<\/script>\n<!-- \/ Yoast SEO plugin. -->","yoast_head_json":{"title":"SELS DE BAIN DE LA MER MORTE AVEC ROSE ET HUILE D'ARGAN - Juman Dead Sea","robots":{"index":"index","follow":"follow","max-snippet":"max-snippet:-1","max-image-preview":"max-image-preview:large","max-video-preview":"max-video-preview:-1"},"canonical":"https:\/\/jumandeadsea.com\/fr\/produit\/sels-de-bain-de-la-mer-morte-avec-rose-et-huile-dargan\/","og_locale":"fr_FR","og_type":"article","og_title":"SELS DE BAIN DE LA MER MORTE AVEC ROSE ET HUILE D'ARGAN - Juman Dead Sea","og_description":"Sel de bain luxueux \u00e0 base de sels naturels de la mer Morte, d'huile de rose de Damas et d'autres min\u00e9raux et huiles essentielles, travaillant en harmonie pour d\u00e9tendre votre corps et votre esprit gr\u00e2ce \u00e0 un ar\u00f4me rafra\u00eechissant tout en donnant \u00e0 votre peau une merveilleuse sensation de chaleur et de douceur. &nbsp;","og_url":"https:\/\/jumandeadsea.com\/fr\/produit\/sels-de-bain-de-la-mer-morte-avec-rose-et-huile-dargan\/","og_site_name":"Juman Dead Sea","article_modified_time":"2024-11-18T17:30:24+00:00","og_image":[{"width":1600,"height":1600,"url":"https:\/\/jumandeadsea.com\/wp-content\/uploads\/rose-bath-salt_Front.png","type":"image\/png"}],"twitter_card":"summary_large_image","twitter_misc":{"Dur\u00e9e de lecture estim\u00e9e":"1 minute"},"schema":{"@context":"https:\/\/schema.org","@graph":[{"@type":"WebPage","@id":"https:\/\/jumandeadsea.com\/fr\/produit\/sels-de-bain-de-la-mer-morte-avec-rose-et-huile-dargan\/","url":"https:\/\/jumandeadsea.com\/fr\/produit\/sels-de-bain-de-la-mer-morte-avec-rose-et-huile-dargan\/","name":"SELS DE BAIN DE LA MER MORTE AVEC ROSE ET HUILE D'ARGAN - Juman Dead Sea","isPartOf":{"@id":"https:\/\/jumandeadsea.com\/fr\/#website"},"primaryImageOfPage":{"@id":"https:\/\/jumandeadsea.com\/fr\/produit\/sels-de-bain-de-la-mer-morte-avec-rose-et-huile-dargan\/#primaryimage"},"image":{"@id":"https:\/\/jumandeadsea.com\/fr\/produit\/sels-de-bain-de-la-mer-morte-avec-rose-et-huile-dargan\/#primaryimage"},"thumbnailUrl":"https:\/\/jumandeadsea.com\/wp-content\/uploads\/rose-bath-salt_Front.png","datePublished":"2024-11-18T13:30:24+00:00","dateModified":"2024-11-18T17:30:24+00:00","breadcrumb":{"@id":"https:\/\/jumandeadsea.com\/fr\/produit\/sels-de-bain-de-la-mer-morte-avec-rose-et-huile-dargan\/#breadcrumb"},"inLanguage":"fr-FR","potentialAction":[{"@type":"ReadAction","target":["https:\/\/jumandeadsea.com\/fr\/produit\/sels-de-bain-de-la-mer-morte-avec-rose-et-huile-dargan\/"]}]},{"@type":"ImageObject","inLanguage":"fr-FR","@id":"https:\/\/jumandeadsea.com\/fr\/produit\/sels-de-bain-de-la-mer-morte-avec-rose-et-huile-dargan\/#primaryimage","url":"https:\/\/jumandeadsea.com\/wp-content\/uploads\/rose-bath-salt_Front.png","contentUrl":"https:\/\/jumandeadsea.com\/wp-content\/uploads\/rose-bath-salt_Front.png","width":1600,"height":1600,"caption":"Luxurious mineral bath salts with rose and argan for smooth, radiant skin."},{"@type":"BreadcrumbList","@id":"https:\/\/jumandeadsea.com\/fr\/produit\/sels-de-bain-de-la-mer-morte-avec-rose-et-huile-dargan\/#breadcrumb","itemListElement":[{"@type":"ListItem","position":1,"name":"Home","item":"https:\/\/jumandeadsea.com\/fr\/"},{"@type":"ListItem","position":2,"name":"Boutique","item":"https:\/\/jumandeadsea.com\/shop\/"},{"@type":"ListItem","position":3,"name":"SELS DE BAIN DE LA MER MORTE AVEC ROSE ET HUILE D&#8217;ARGAN"}]},{"@type":"WebSite","@id":"https:\/\/jumandeadsea.com\/fr\/#website","url":"https:\/\/jumandeadsea.com\/fr\/","name":"Juman Dead Sea","description":"Authentic Dead Sea Mineral Skincare for Sensitive, Healthy Skin","potentialAction":[{"@type":"SearchAction","target":{"@type":"EntryPoint","urlTemplate":"https:\/\/jumandeadsea.com\/fr\/?s={search_term_string}"},"query-input":{"@type":"PropertyValueSpecification","valueRequired":true,"valueName":"search_term_string"}}],"inLanguage":"fr-FR"}]}},"_links":{"self":[{"href":"https:\/\/jumandeadsea.com\/fr\/wp-json\/wp\/v2\/product\/326646","targetHints":{"allow":["GET"]}}],"collection":[{"href":"https:\/\/jumandeadsea.com\/fr\/wp-json\/wp\/v2\/product"}],"about":[{"href":"https:\/\/jumandeadsea.com\/fr\/wp-json\/wp\/v2\/types\/product"}],"replies":[{"embeddable":true,"href":"https:\/\/jumandeadsea.com\/fr\/wp-json\/wp\/v2\/comments?post=326646"}],"wp:featuredmedia":[{"embeddable":true,"href":"https:\/\/jumandeadsea.com\/fr\/wp-json\/wp\/v2\/media\/1425"}],"wp:attachment":[{"href":"https:\/\/jumandeadsea.com\/fr\/wp-json\/wp\/v2\/media?parent=326646"}],"wp:term":[{"taxonomy":"product_brand","embeddable":true,"href":"https:\/\/jumandeadsea.com\/fr\/wp-json\/wp\/v2\/product_brand?post=326646"},{"taxonomy":"product_cat","embeddable":true,"href":"https:\/\/jumandeadsea.com\/fr\/wp-json\/wp\/v2\/product_cat?post=326646"},{"taxonomy":"product_tag","embeddable":true,"href":"https:\/\/jumandeadsea.com\/fr\/wp-json\/wp\/v2\/product_tag?post=326646"}],"curies":[{"name":"wp","href":"https:\/\/api.w.org\/{rel}","templated":true}]}}