{"id":326645,"date":"2024-11-18T17:30:21","date_gmt":"2024-11-18T17:30:21","guid":{"rendered":"https:\/\/jumandeadsea.com\/product\/apres-shampoing-pour-cheveux-boucles-enrichi-a-laloe-vera-et-a-lhuile-dargan\/"},"modified":"2024-11-18T17:30:21","modified_gmt":"2024-11-18T17:30:21","slug":"apres-shampoing-pour-cheveux-boucles-enrichi-a-laloe-vera-et-a-lhuile-dargan","status":"publish","type":"product","link":"https:\/\/jumandeadsea.com\/fr\/produit\/apres-shampoing-pour-cheveux-boucles-enrichi-a-laloe-vera-et-a-lhuile-dargan\/","title":{"rendered":"Apr\u00c8s-shampoing Pour Cheveux Boucl\u00c9s Enrichi \u00c0 L&rsquo;aloe Vera Et \u00c0 L&rsquo;huile D&rsquo;argan"},"content":{"rendered":"\n    <div class=\"shortcode-accordion\">\n        <h3 class=\"accordion-header\">Ingr\u00e9dients<\/h3>\n        <div class=\"accordion-content\" style=\"display: none;\">\n            \n<p>Butyrospermum Parkii (beurre de karit\u00e9), Theobroma Cacao (beurre de cacao), Argania Spinosa (huile de noyau d&rsquo;argan), Aloe Barbadensis (jus de feuille d&rsquo;aloe vera), Chamomilla Recutita (extrait de fleur de camomille).<\/p>\n<ul>\n<li><em><strong>Beurre de karit\u00e9 :<\/strong><\/em> r\u00e9duit la casse des cheveux, les nourrit et augmente leur brillance. En outre, il aide \u00e0 \u00e9liminer les n\u0153uds et \u00e0 assouplir les cheveux. <\/li>\n<li><em><strong>Beurre de cacao :<\/strong><\/em> augmente l&rsquo;hydratation des cheveux, les nourrit et augmente leur brillance.<\/li>\n<li><em><strong>L&rsquo;huile d&rsquo;argan :<\/strong> <\/em>hydrate les cheveux en profondeur, augmente leur brillance, les nourrit et favorise la croissance de cheveux sains.<\/li>\n<li><strong><em>Jus de feuilles d&rsquo;aloe vera :<\/em><\/strong> hydrate les cheveux et les prot\u00e8ge de la d\u00e9shydratation. Il agit \u00e9galement comme un revitalisant et rend vos cheveux lisses et brillants. Il favorise la croissance des cheveux et pr\u00e9vient les d\u00e9mangeaisons du cuir chevelu.  <\/li>\n<li><em><strong>Extrait de camomille :<\/strong> <\/em>renforce les cheveux, prot\u00e8ge les pointes contre la casse et redonne aux cheveux leur \u00e9clat et leur vitalit\u00e9.<\/li>\n<\/ul>\n<p>\n        <\/div>\n    <\/div><br \/>\n\n    <div class=\"shortcode-accordion\">\n        <h3 class=\"accordion-header\">Mode d&#039;emploi :<\/h3>\n        <div class=\"accordion-content\" style=\"display: none;\">\n            <\/p>\n<p>Appliquez-le apr\u00e8s avoir lav\u00e9 vos cheveux avec du shampooing, massez doucement, laissez agir pendant 3 \u00e0 5 minutes, puis rincez vos cheveux \u00e0 l&rsquo;eau ti\u00e8de.<\/p>\n<p>\n        <\/div>\n    <\/div><br \/>\n\n    <div class=\"shortcode-accordion\">\n        <h3 class=\"accordion-header\">Informations sur le produit<\/h3>\n        <div class=\"accordion-content\" style=\"display: none;\">\n            <\/p>\n<p>&#8211; Poids : 400ml<\/p>\n<p>\n        <\/div>\n    <\/div><\/p>\n","protected":false},"excerpt":{"rendered":"<p>Formul\u00e9 avec du beurre de cacao, du beurre de karit\u00e9, de l&rsquo;aloe vera, de l&rsquo;huile d&rsquo;argan et d&rsquo;autres ingr\u00e9dients efficaces qui p\u00e9n\u00e8trent dans le cuir chevelu et les couches internes des cheveux pour restaurer leur hydratation. Il est essentiel de l&rsquo;appliquer apr\u00e8s le shampoing pour conserver les cheveux longs et boucl\u00e9s intacts et les rendre faciles \u00e0 coiffer. Vous obtiendrez ainsi des cheveux boucl\u00e9s plus forts, soyeux et faciles \u00e0 d\u00e9m\u00ealer. <\/p>\n<ul>\n<li><strong>CONVIENT AUX CHEVEUX BOUCL\u00c9S<\/strong><\/li>\n<li><strong>PERMET DE CONSERVER LES CHEVEUX LONGS ET BOUCL\u00c9S<\/strong><\/li>\n<\/ul>\n","protected":false},"featured_media":2047,"comment_status":"open","ping_status":"closed","template":"","meta":{"_et_pb_use_builder":"","_et_pb_old_content":"","_et_gb_content_width":""},"product_brand":[],"product_cat":[107,108],"product_tag":[],"class_list":{"0":"post-326645","1":"product","2":"type-product","3":"status-publish","4":"has-post-thumbnail","6":"product_cat-soins-capillaires","7":"product_cat-soins-pour-cheveux-boucles","9":"first","10":"instock","11":"shipping-taxable","12":"purchasable","13":"product-type-simple"},"yoast_head":"<!-- This site is optimized with the Yoast SEO plugin v27.3 - https:\/\/yoast.com\/product\/yoast-seo-wordpress\/ -->\n<title>APR\u00c8S-SHAMPOING POUR CHEVEUX BOUCL\u00c9S ENRICHI \u00c0 L&#039;ALOE VERA ET \u00c0 L&#039;HUILE D&#039;ARGAN - Juman Dead Sea<\/title>\n<meta name=\"robots\" content=\"index, follow, max-snippet:-1, max-image-preview:large, max-video-preview:-1\" \/>\n<link rel=\"canonical\" href=\"https:\/\/jumandeadsea.com\/fr\/produit\/apres-shampoing-pour-cheveux-boucles-enrichi-a-laloe-vera-et-a-lhuile-dargan\/\" \/>\n<meta property=\"og:locale\" content=\"fr_FR\" \/>\n<meta property=\"og:type\" content=\"article\" \/>\n<meta property=\"og:title\" content=\"APR\u00c8S-SHAMPOING POUR CHEVEUX BOUCL\u00c9S ENRICHI \u00c0 L&#039;ALOE VERA ET \u00c0 L&#039;HUILE D&#039;ARGAN - Juman Dead Sea\" \/>\n<meta property=\"og:description\" content=\"Formul\u00e9 avec du beurre de cacao, du beurre de karit\u00e9, de l&#039;aloe vera, de l&#039;huile d&#039;argan et d&#039;autres ingr\u00e9dients efficaces qui p\u00e9n\u00e8trent dans le cuir chevelu et les couches internes des cheveux pour restaurer leur hydratation. Il est essentiel de l&#039;appliquer apr\u00e8s le shampoing pour conserver les cheveux longs et boucl\u00e9s intacts et les rendre faciles \u00e0 coiffer. Vous obtiendrez ainsi des cheveux boucl\u00e9s plus forts, soyeux et faciles \u00e0 d\u00e9m\u00ealer.   CONVIENT AUX CHEVEUX BOUCL\u00c9S  PERMET DE CONSERVER LES CHEVEUX LONGS ET BOUCL\u00c9S\" \/>\n<meta property=\"og:url\" content=\"https:\/\/jumandeadsea.com\/fr\/produit\/apres-shampoing-pour-cheveux-boucles-enrichi-a-laloe-vera-et-a-lhuile-dargan\/\" \/>\n<meta property=\"og:site_name\" content=\"Juman Dead Sea\" \/>\n<meta name=\"twitter:card\" content=\"summary_large_image\" \/>\n<meta name=\"twitter:label1\" content=\"Dur\u00e9e de lecture estim\u00e9e\" \/>\n\t<meta name=\"twitter:data1\" content=\"1 minute\" \/>\n<script type=\"application\/ld+json\" class=\"yoast-schema-graph\">{\"@context\":\"https:\\\/\\\/schema.org\",\"@graph\":[{\"@type\":\"WebPage\",\"@id\":\"https:\\\/\\\/jumandeadsea.com\\\/fr\\\/produit\\\/apres-shampoing-pour-cheveux-boucles-enrichi-a-laloe-vera-et-a-lhuile-dargan\\\/\",\"url\":\"https:\\\/\\\/jumandeadsea.com\\\/fr\\\/produit\\\/apres-shampoing-pour-cheveux-boucles-enrichi-a-laloe-vera-et-a-lhuile-dargan\\\/\",\"name\":\"APR\u00c8S-SHAMPOING POUR CHEVEUX BOUCL\u00c9S ENRICHI \u00c0 L'ALOE VERA ET \u00c0 L'HUILE D'ARGAN - Juman Dead Sea\",\"isPartOf\":{\"@id\":\"https:\\\/\\\/jumandeadsea.com\\\/fr\\\/#website\"},\"primaryImageOfPage\":{\"@id\":\"https:\\\/\\\/jumandeadsea.com\\\/fr\\\/produit\\\/apres-shampoing-pour-cheveux-boucles-enrichi-a-laloe-vera-et-a-lhuile-dargan\\\/#primaryimage\"},\"image\":{\"@id\":\"https:\\\/\\\/jumandeadsea.com\\\/fr\\\/produit\\\/apres-shampoing-pour-cheveux-boucles-enrichi-a-laloe-vera-et-a-lhuile-dargan\\\/#primaryimage\"},\"thumbnailUrl\":\"https:\\\/\\\/jumandeadsea.com\\\/wp-content\\\/uploads\\\/conditioner-curly-1.png\",\"datePublished\":\"2024-11-18T17:30:21+00:00\",\"breadcrumb\":{\"@id\":\"https:\\\/\\\/jumandeadsea.com\\\/fr\\\/produit\\\/apres-shampoing-pour-cheveux-boucles-enrichi-a-laloe-vera-et-a-lhuile-dargan\\\/#breadcrumb\"},\"inLanguage\":\"fr-FR\",\"potentialAction\":[{\"@type\":\"ReadAction\",\"target\":[\"https:\\\/\\\/jumandeadsea.com\\\/fr\\\/produit\\\/apres-shampoing-pour-cheveux-boucles-enrichi-a-laloe-vera-et-a-lhuile-dargan\\\/\"]}]},{\"@type\":\"ImageObject\",\"inLanguage\":\"fr-FR\",\"@id\":\"https:\\\/\\\/jumandeadsea.com\\\/fr\\\/produit\\\/apres-shampoing-pour-cheveux-boucles-enrichi-a-laloe-vera-et-a-lhuile-dargan\\\/#primaryimage\",\"url\":\"https:\\\/\\\/jumandeadsea.com\\\/wp-content\\\/uploads\\\/conditioner-curly-1.png\",\"contentUrl\":\"https:\\\/\\\/jumandeadsea.com\\\/wp-content\\\/uploads\\\/conditioner-curly-1.png\",\"width\":500,\"height\":500},{\"@type\":\"BreadcrumbList\",\"@id\":\"https:\\\/\\\/jumandeadsea.com\\\/fr\\\/produit\\\/apres-shampoing-pour-cheveux-boucles-enrichi-a-laloe-vera-et-a-lhuile-dargan\\\/#breadcrumb\",\"itemListElement\":[{\"@type\":\"ListItem\",\"position\":1,\"name\":\"Home\",\"item\":\"https:\\\/\\\/jumandeadsea.com\\\/fr\\\/\"},{\"@type\":\"ListItem\",\"position\":2,\"name\":\"Boutique\",\"item\":\"https:\\\/\\\/jumandeadsea.com\\\/shop\\\/\"},{\"@type\":\"ListItem\",\"position\":3,\"name\":\"Apr\u00c8s-shampoing Pour Cheveux Boucl\u00c9s Enrichi \u00c0 L&rsquo;aloe Vera Et \u00c0 L&rsquo;huile D&rsquo;argan\"}]},{\"@type\":\"WebSite\",\"@id\":\"https:\\\/\\\/jumandeadsea.com\\\/fr\\\/#website\",\"url\":\"https:\\\/\\\/jumandeadsea.com\\\/fr\\\/\",\"name\":\"Juman Dead Sea\",\"description\":\"Authentic Dead Sea Mineral Skincare for Sensitive, Healthy Skin\",\"potentialAction\":[{\"@type\":\"SearchAction\",\"target\":{\"@type\":\"EntryPoint\",\"urlTemplate\":\"https:\\\/\\\/jumandeadsea.com\\\/fr\\\/?s={search_term_string}\"},\"query-input\":{\"@type\":\"PropertyValueSpecification\",\"valueRequired\":true,\"valueName\":\"search_term_string\"}}],\"inLanguage\":\"fr-FR\"}]}<\/script>\n<!-- \/ Yoast SEO plugin. -->","yoast_head_json":{"title":"APR\u00c8S-SHAMPOING POUR CHEVEUX BOUCL\u00c9S ENRICHI \u00c0 L'ALOE VERA ET \u00c0 L'HUILE D'ARGAN - Juman Dead Sea","robots":{"index":"index","follow":"follow","max-snippet":"max-snippet:-1","max-image-preview":"max-image-preview:large","max-video-preview":"max-video-preview:-1"},"canonical":"https:\/\/jumandeadsea.com\/fr\/produit\/apres-shampoing-pour-cheveux-boucles-enrichi-a-laloe-vera-et-a-lhuile-dargan\/","og_locale":"fr_FR","og_type":"article","og_title":"APR\u00c8S-SHAMPOING POUR CHEVEUX BOUCL\u00c9S ENRICHI \u00c0 L'ALOE VERA ET \u00c0 L'HUILE D'ARGAN - Juman Dead Sea","og_description":"Formul\u00e9 avec du beurre de cacao, du beurre de karit\u00e9, de l'aloe vera, de l'huile d'argan et d'autres ingr\u00e9dients efficaces qui p\u00e9n\u00e8trent dans le cuir chevelu et les couches internes des cheveux pour restaurer leur hydratation. Il est essentiel de l'appliquer apr\u00e8s le shampoing pour conserver les cheveux longs et boucl\u00e9s intacts et les rendre faciles \u00e0 coiffer. Vous obtiendrez ainsi des cheveux boucl\u00e9s plus forts, soyeux et faciles \u00e0 d\u00e9m\u00ealer.   CONVIENT AUX CHEVEUX BOUCL\u00c9S  PERMET DE CONSERVER LES CHEVEUX LONGS ET BOUCL\u00c9S","og_url":"https:\/\/jumandeadsea.com\/fr\/produit\/apres-shampoing-pour-cheveux-boucles-enrichi-a-laloe-vera-et-a-lhuile-dargan\/","og_site_name":"Juman Dead Sea","twitter_card":"summary_large_image","twitter_misc":{"Dur\u00e9e de lecture estim\u00e9e":"1 minute"},"schema":{"@context":"https:\/\/schema.org","@graph":[{"@type":"WebPage","@id":"https:\/\/jumandeadsea.com\/fr\/produit\/apres-shampoing-pour-cheveux-boucles-enrichi-a-laloe-vera-et-a-lhuile-dargan\/","url":"https:\/\/jumandeadsea.com\/fr\/produit\/apres-shampoing-pour-cheveux-boucles-enrichi-a-laloe-vera-et-a-lhuile-dargan\/","name":"APR\u00c8S-SHAMPOING POUR CHEVEUX BOUCL\u00c9S ENRICHI \u00c0 L'ALOE VERA ET \u00c0 L'HUILE D'ARGAN - Juman Dead Sea","isPartOf":{"@id":"https:\/\/jumandeadsea.com\/fr\/#website"},"primaryImageOfPage":{"@id":"https:\/\/jumandeadsea.com\/fr\/produit\/apres-shampoing-pour-cheveux-boucles-enrichi-a-laloe-vera-et-a-lhuile-dargan\/#primaryimage"},"image":{"@id":"https:\/\/jumandeadsea.com\/fr\/produit\/apres-shampoing-pour-cheveux-boucles-enrichi-a-laloe-vera-et-a-lhuile-dargan\/#primaryimage"},"thumbnailUrl":"https:\/\/jumandeadsea.com\/wp-content\/uploads\/conditioner-curly-1.png","datePublished":"2024-11-18T17:30:21+00:00","breadcrumb":{"@id":"https:\/\/jumandeadsea.com\/fr\/produit\/apres-shampoing-pour-cheveux-boucles-enrichi-a-laloe-vera-et-a-lhuile-dargan\/#breadcrumb"},"inLanguage":"fr-FR","potentialAction":[{"@type":"ReadAction","target":["https:\/\/jumandeadsea.com\/fr\/produit\/apres-shampoing-pour-cheveux-boucles-enrichi-a-laloe-vera-et-a-lhuile-dargan\/"]}]},{"@type":"ImageObject","inLanguage":"fr-FR","@id":"https:\/\/jumandeadsea.com\/fr\/produit\/apres-shampoing-pour-cheveux-boucles-enrichi-a-laloe-vera-et-a-lhuile-dargan\/#primaryimage","url":"https:\/\/jumandeadsea.com\/wp-content\/uploads\/conditioner-curly-1.png","contentUrl":"https:\/\/jumandeadsea.com\/wp-content\/uploads\/conditioner-curly-1.png","width":500,"height":500},{"@type":"BreadcrumbList","@id":"https:\/\/jumandeadsea.com\/fr\/produit\/apres-shampoing-pour-cheveux-boucles-enrichi-a-laloe-vera-et-a-lhuile-dargan\/#breadcrumb","itemListElement":[{"@type":"ListItem","position":1,"name":"Home","item":"https:\/\/jumandeadsea.com\/fr\/"},{"@type":"ListItem","position":2,"name":"Boutique","item":"https:\/\/jumandeadsea.com\/shop\/"},{"@type":"ListItem","position":3,"name":"Apr\u00c8s-shampoing Pour Cheveux Boucl\u00c9s Enrichi \u00c0 L&rsquo;aloe Vera Et \u00c0 L&rsquo;huile D&rsquo;argan"}]},{"@type":"WebSite","@id":"https:\/\/jumandeadsea.com\/fr\/#website","url":"https:\/\/jumandeadsea.com\/fr\/","name":"Juman Dead Sea","description":"Authentic Dead Sea Mineral Skincare for Sensitive, Healthy Skin","potentialAction":[{"@type":"SearchAction","target":{"@type":"EntryPoint","urlTemplate":"https:\/\/jumandeadsea.com\/fr\/?s={search_term_string}"},"query-input":{"@type":"PropertyValueSpecification","valueRequired":true,"valueName":"search_term_string"}}],"inLanguage":"fr-FR"}]}},"_links":{"self":[{"href":"https:\/\/jumandeadsea.com\/fr\/wp-json\/wp\/v2\/product\/326645","targetHints":{"allow":["GET"]}}],"collection":[{"href":"https:\/\/jumandeadsea.com\/fr\/wp-json\/wp\/v2\/product"}],"about":[{"href":"https:\/\/jumandeadsea.com\/fr\/wp-json\/wp\/v2\/types\/product"}],"replies":[{"embeddable":true,"href":"https:\/\/jumandeadsea.com\/fr\/wp-json\/wp\/v2\/comments?post=326645"}],"wp:featuredmedia":[{"embeddable":true,"href":"https:\/\/jumandeadsea.com\/fr\/wp-json\/wp\/v2\/media\/2047"}],"wp:attachment":[{"href":"https:\/\/jumandeadsea.com\/fr\/wp-json\/wp\/v2\/media?parent=326645"}],"wp:term":[{"taxonomy":"product_brand","embeddable":true,"href":"https:\/\/jumandeadsea.com\/fr\/wp-json\/wp\/v2\/product_brand?post=326645"},{"taxonomy":"product_cat","embeddable":true,"href":"https:\/\/jumandeadsea.com\/fr\/wp-json\/wp\/v2\/product_cat?post=326645"},{"taxonomy":"product_tag","embeddable":true,"href":"https:\/\/jumandeadsea.com\/fr\/wp-json\/wp\/v2\/product_tag?post=326645"}],"curies":[{"name":"wp","href":"https:\/\/api.w.org\/{rel}","templated":true}]}}