{"id":326644,"date":"2024-11-18T17:30:22","date_gmt":"2024-11-18T17:30:22","guid":{"rendered":"https:\/\/jumandeadsea.com\/product\/gommage-detoxifiant-au-charbon-actif-et-aux-huiles-essentielles\/"},"modified":"2024-11-18T17:30:22","modified_gmt":"2024-11-18T17:30:22","slug":"gommage-detoxifiant-au-charbon-actif-et-aux-huiles-essentielles","status":"publish","type":"product","link":"https:\/\/jumandeadsea.com\/fr\/produit\/gommage-detoxifiant-au-charbon-actif-et-aux-huiles-essentielles\/","title":{"rendered":"Gommage D\u00c9toxifiant Au Charbon Actif Et Aux Huiles Essentielles"},"content":{"rendered":"\n    <div class=\"shortcode-accordion\">\n        <h3 class=\"accordion-header\">Ingr\u00e9dients<\/h3>\n        <div class=\"accordion-content\" style=\"display: none;\">\n            \n<p>Maris Sal (sel de la mer morte), jus de feuilles d&rsquo;Aloe Barbadensis (Aloe Vera), charbon actif (poudre de charbon), extrait de fleurs de Chamomilla Recutita (camomille), extrait de feuilles d&rsquo;Arctostaphylos Uva-Ursi (busserole), extrait de vinaigre de cidre de pomme, tocoph\u00e9rol (vitamine E).<\/p>\n<ul>\n<li><em>Maris Sal (sel de la mer morte) :<\/em> Les sels organiques riches en magn\u00e9sium am\u00e9liorent l&rsquo;hydratation de la peau et r\u00e9duisent l&rsquo;inflammation des peaux s\u00e8ches.<\/li>\n<li><em>Jus de feuilles d&rsquo;aloe vera :<\/em> il poss\u00e8de de puissantes propri\u00e9t\u00e9s curatives qui se sont av\u00e9r\u00e9es efficaces pour traiter les coups de soleil et r\u00e9duire la visibilit\u00e9 des cicatrices ; il agit \u00e9galement comme un agent hydratant.<\/li>\n<li><em>(Poudre de charbon) Charbon actif :<\/em> attire les bact\u00e9ries, les poisons, les produits chimiques, la salet\u00e9 et d&rsquo;autres microparticules \u00e0 la surface de la peau, vous aidant \u00e0 obtenir un teint impeccable et \u00e0 combattre l&rsquo;acn\u00e9, il contr\u00f4le \u00e9galement la s\u00e9cr\u00e9tion de s\u00e9bum dans votre peau, et \u00e9claircit les zones sombres.<\/li>\n<li><em>Extrait de camomille : <\/em>aide \u00e0 soulager l&rsquo;acn\u00e9 gr\u00e2ce \u00e0 ses propri\u00e9t\u00e9s anti-inflammatoires et antibact\u00e9riennes, il \u00e9claircit \u00e9galement la d\u00e9coloration de la peau et unifie le teint.<\/li>\n<li><em>Extrait de feuille d&rsquo;Arctostaphylos Uva-Ursi (busserole) :<\/em> permet d&rsquo;\u00e9claircir et d&rsquo;illuminer le teint g\u00e9n\u00e9ral de la peau et de corriger les probl\u00e8mes d&rsquo;hyperpigmentation tels que les taches de vieillesse, les taches de rousseur, le m\u00e9lasma et les cicatrices d&rsquo;acn\u00e9. L&rsquo;extrait de busserole pour l&rsquo;\u00e9clairage de la peau contient de l&rsquo;allanto\u00efne, qui a des propri\u00e9t\u00e9s apaisantes et r\u00e9paratrices pour la peau. <\/li>\n<li><em>Extrait de vinaigre de cidre de pomme :<\/em> utilis\u00e9 comme tonique pour traiter une \u00e9ruption cutan\u00e9e et pour aider \u00e0 \u00e9quilibrer les niveaux de pH de la peau, ce qui contribue \u00e0 ass\u00e9cher les boutons d&rsquo;acn\u00e9 et \u00e0 \u00e9liminer les cellules mortes.<\/li>\n<li><em>Vitamine E :<\/em> cette vitamine liposoluble peut \u00eatre absorb\u00e9e par la peau. C&rsquo;est un antioxydant b\u00e9n\u00e9fique qui aide \u00e0 r\u00e9duire les dommages caus\u00e9s par les UV et le soleil sur la peau.<\/li>\n<\/ul>\n<p>\n        <\/div>\n    <\/div><br \/>\n\n    <div class=\"shortcode-accordion\">\n        <h3 class=\"accordion-header\">Mode d&#039;emploi :<\/h3>\n        <div class=\"accordion-content\" style=\"display: none;\">\n            <\/p>\n<p>M\u00e9langez d&rsquo;abord les produits \u00e9pluch\u00e9s. Appliquez g\u00e9n\u00e9reusement sur la zone du corps souhait\u00e9e (de pr\u00e9f\u00e9rence sur une peau s\u00e8che et propre). Massez doucement en effectuant des mouvements circulaires, laissez le gommage sur votre peau pendant quelques minutes puis rincez \u00e0 l&rsquo;eau ti\u00e8de. Il est recommand\u00e9 de l&rsquo;utiliser 1 \u00e0 2 fois par semaine.   <\/p>\n<p>\n        <\/div>\n    <\/div><br \/>\n\n    <div class=\"shortcode-accordion\">\n        <h3 class=\"accordion-header\">Informations sur le produit<\/h3>\n        <div class=\"accordion-content\" style=\"display: none;\">\n            <\/p>\n<p>&#8211; CPNP : 3507575<\/p>\n<p>&#8211; Poids : 325gm<\/p>\n<p>\n        <\/div>\n    <\/div><\/p>\n","protected":false},"excerpt":{"rendered":"<p>D\u00e9couvrez les merveilles du charbon actif enti\u00e8rement naturel et du sel de la mer Morte en utilisant ce gommage. Il combine les bienfaits des min\u00e9raux de la mer Morte et d&rsquo;autres ingr\u00e9dients essentiels pour nettoyer parfaitement, d\u00e9toxifier et d\u00e9couvrir une peau fra\u00eeche. Mais ce n&rsquo;est pas tout. Le charbon actif fait \u00e9galement des merveilles pour r\u00e9duire l&rsquo;exc\u00e8s de s\u00e9bum, minimiser les pores, traiter l&rsquo;acn\u00e9 et \u00e9liminer les impuret\u00e9s, rendant votre peau saine, \u00e9clatante, douce et lisse.   <\/p>\n","protected":false},"featured_media":1787,"comment_status":"open","ping_status":"closed","template":"","meta":{"_et_pb_use_builder":"","_et_pb_old_content":"","_et_gb_content_width":""},"product_brand":[],"product_cat":[101,99],"product_tag":[],"class_list":{"0":"post-326644","1":"product","2":"type-product","3":"status-publish","4":"has-post-thumbnail","6":"product_cat-gommages-corporels","7":"product_cat-soins-du-corps","9":"first","10":"instock","11":"shipping-taxable","12":"purchasable","13":"product-type-simple"},"yoast_head":"<!-- This site is optimized with the Yoast SEO plugin v27.3 - https:\/\/yoast.com\/product\/yoast-seo-wordpress\/ -->\n<title>GOMMAGE D\u00c9TOXIFIANT AU CHARBON ACTIF ET AUX HUILES ESSENTIELLES - Juman Dead Sea<\/title>\n<meta name=\"robots\" content=\"index, follow, max-snippet:-1, max-image-preview:large, max-video-preview:-1\" \/>\n<link rel=\"canonical\" href=\"https:\/\/jumandeadsea.com\/fr\/produit\/gommage-detoxifiant-au-charbon-actif-et-aux-huiles-essentielles\/\" \/>\n<meta property=\"og:locale\" content=\"fr_FR\" \/>\n<meta property=\"og:type\" content=\"article\" \/>\n<meta property=\"og:title\" content=\"GOMMAGE D\u00c9TOXIFIANT AU CHARBON ACTIF ET AUX HUILES ESSENTIELLES - Juman Dead Sea\" \/>\n<meta property=\"og:description\" content=\"D\u00e9couvrez les merveilles du charbon actif enti\u00e8rement naturel et du sel de la mer Morte en utilisant ce gommage. Il combine les bienfaits des min\u00e9raux de la mer Morte et d&#039;autres ingr\u00e9dients essentiels pour nettoyer parfaitement, d\u00e9toxifier et d\u00e9couvrir une peau fra\u00eeche. Mais ce n&#039;est pas tout. Le charbon actif fait \u00e9galement des merveilles pour r\u00e9duire l&#039;exc\u00e8s de s\u00e9bum, minimiser les pores, traiter l&#039;acn\u00e9 et \u00e9liminer les impuret\u00e9s, rendant votre peau saine, \u00e9clatante, douce et lisse.\" \/>\n<meta property=\"og:url\" content=\"https:\/\/jumandeadsea.com\/fr\/produit\/gommage-detoxifiant-au-charbon-actif-et-aux-huiles-essentielles\/\" \/>\n<meta property=\"og:site_name\" content=\"Juman Dead Sea\" \/>\n<meta name=\"twitter:card\" content=\"summary_large_image\" \/>\n<meta name=\"twitter:label1\" content=\"Dur\u00e9e de lecture estim\u00e9e\" \/>\n\t<meta name=\"twitter:data1\" content=\"2 minutes\" \/>\n<script type=\"application\/ld+json\" class=\"yoast-schema-graph\">{\"@context\":\"https:\\\/\\\/schema.org\",\"@graph\":[{\"@type\":\"WebPage\",\"@id\":\"https:\\\/\\\/jumandeadsea.com\\\/fr\\\/produit\\\/gommage-detoxifiant-au-charbon-actif-et-aux-huiles-essentielles\\\/\",\"url\":\"https:\\\/\\\/jumandeadsea.com\\\/fr\\\/produit\\\/gommage-detoxifiant-au-charbon-actif-et-aux-huiles-essentielles\\\/\",\"name\":\"GOMMAGE D\u00c9TOXIFIANT AU CHARBON ACTIF ET AUX HUILES ESSENTIELLES - Juman Dead Sea\",\"isPartOf\":{\"@id\":\"https:\\\/\\\/jumandeadsea.com\\\/fr\\\/#website\"},\"primaryImageOfPage\":{\"@id\":\"https:\\\/\\\/jumandeadsea.com\\\/fr\\\/produit\\\/gommage-detoxifiant-au-charbon-actif-et-aux-huiles-essentielles\\\/#primaryimage\"},\"image\":{\"@id\":\"https:\\\/\\\/jumandeadsea.com\\\/fr\\\/produit\\\/gommage-detoxifiant-au-charbon-actif-et-aux-huiles-essentielles\\\/#primaryimage\"},\"thumbnailUrl\":\"https:\\\/\\\/jumandeadsea.com\\\/wp-content\\\/uploads\\\/CHARCOAL_FRONT-2.png\",\"datePublished\":\"2024-11-18T17:30:22+00:00\",\"breadcrumb\":{\"@id\":\"https:\\\/\\\/jumandeadsea.com\\\/fr\\\/produit\\\/gommage-detoxifiant-au-charbon-actif-et-aux-huiles-essentielles\\\/#breadcrumb\"},\"inLanguage\":\"fr-FR\",\"potentialAction\":[{\"@type\":\"ReadAction\",\"target\":[\"https:\\\/\\\/jumandeadsea.com\\\/fr\\\/produit\\\/gommage-detoxifiant-au-charbon-actif-et-aux-huiles-essentielles\\\/\"]}]},{\"@type\":\"ImageObject\",\"inLanguage\":\"fr-FR\",\"@id\":\"https:\\\/\\\/jumandeadsea.com\\\/fr\\\/produit\\\/gommage-detoxifiant-au-charbon-actif-et-aux-huiles-essentielles\\\/#primaryimage\",\"url\":\"https:\\\/\\\/jumandeadsea.com\\\/wp-content\\\/uploads\\\/CHARCOAL_FRONT-2.png\",\"contentUrl\":\"https:\\\/\\\/jumandeadsea.com\\\/wp-content\\\/uploads\\\/CHARCOAL_FRONT-2.png\",\"width\":1600,\"height\":1600,\"caption\":\"Juman\u2019s Activated Charcoal Scrub exfoliates, purifies, and detoxifies using Dead Sea minerals and essential oils.\"},{\"@type\":\"BreadcrumbList\",\"@id\":\"https:\\\/\\\/jumandeadsea.com\\\/fr\\\/produit\\\/gommage-detoxifiant-au-charbon-actif-et-aux-huiles-essentielles\\\/#breadcrumb\",\"itemListElement\":[{\"@type\":\"ListItem\",\"position\":1,\"name\":\"Home\",\"item\":\"https:\\\/\\\/jumandeadsea.com\\\/fr\\\/\"},{\"@type\":\"ListItem\",\"position\":2,\"name\":\"Boutique\",\"item\":\"https:\\\/\\\/jumandeadsea.com\\\/shop\\\/\"},{\"@type\":\"ListItem\",\"position\":3,\"name\":\"Gommage D\u00c9toxifiant Au Charbon Actif Et Aux Huiles Essentielles\"}]},{\"@type\":\"WebSite\",\"@id\":\"https:\\\/\\\/jumandeadsea.com\\\/fr\\\/#website\",\"url\":\"https:\\\/\\\/jumandeadsea.com\\\/fr\\\/\",\"name\":\"Juman Dead Sea\",\"description\":\"Authentic Dead Sea Mineral Skincare for Sensitive, Healthy Skin\",\"potentialAction\":[{\"@type\":\"SearchAction\",\"target\":{\"@type\":\"EntryPoint\",\"urlTemplate\":\"https:\\\/\\\/jumandeadsea.com\\\/fr\\\/?s={search_term_string}\"},\"query-input\":{\"@type\":\"PropertyValueSpecification\",\"valueRequired\":true,\"valueName\":\"search_term_string\"}}],\"inLanguage\":\"fr-FR\"}]}<\/script>\n<!-- \/ Yoast SEO plugin. -->","yoast_head_json":{"title":"GOMMAGE D\u00c9TOXIFIANT AU CHARBON ACTIF ET AUX HUILES ESSENTIELLES - Juman Dead Sea","robots":{"index":"index","follow":"follow","max-snippet":"max-snippet:-1","max-image-preview":"max-image-preview:large","max-video-preview":"max-video-preview:-1"},"canonical":"https:\/\/jumandeadsea.com\/fr\/produit\/gommage-detoxifiant-au-charbon-actif-et-aux-huiles-essentielles\/","og_locale":"fr_FR","og_type":"article","og_title":"GOMMAGE D\u00c9TOXIFIANT AU CHARBON ACTIF ET AUX HUILES ESSENTIELLES - Juman Dead Sea","og_description":"D\u00e9couvrez les merveilles du charbon actif enti\u00e8rement naturel et du sel de la mer Morte en utilisant ce gommage. Il combine les bienfaits des min\u00e9raux de la mer Morte et d'autres ingr\u00e9dients essentiels pour nettoyer parfaitement, d\u00e9toxifier et d\u00e9couvrir une peau fra\u00eeche. Mais ce n'est pas tout. Le charbon actif fait \u00e9galement des merveilles pour r\u00e9duire l'exc\u00e8s de s\u00e9bum, minimiser les pores, traiter l'acn\u00e9 et \u00e9liminer les impuret\u00e9s, rendant votre peau saine, \u00e9clatante, douce et lisse.","og_url":"https:\/\/jumandeadsea.com\/fr\/produit\/gommage-detoxifiant-au-charbon-actif-et-aux-huiles-essentielles\/","og_site_name":"Juman Dead Sea","twitter_card":"summary_large_image","twitter_misc":{"Dur\u00e9e de lecture estim\u00e9e":"2 minutes"},"schema":{"@context":"https:\/\/schema.org","@graph":[{"@type":"WebPage","@id":"https:\/\/jumandeadsea.com\/fr\/produit\/gommage-detoxifiant-au-charbon-actif-et-aux-huiles-essentielles\/","url":"https:\/\/jumandeadsea.com\/fr\/produit\/gommage-detoxifiant-au-charbon-actif-et-aux-huiles-essentielles\/","name":"GOMMAGE D\u00c9TOXIFIANT AU CHARBON ACTIF ET AUX HUILES ESSENTIELLES - Juman Dead Sea","isPartOf":{"@id":"https:\/\/jumandeadsea.com\/fr\/#website"},"primaryImageOfPage":{"@id":"https:\/\/jumandeadsea.com\/fr\/produit\/gommage-detoxifiant-au-charbon-actif-et-aux-huiles-essentielles\/#primaryimage"},"image":{"@id":"https:\/\/jumandeadsea.com\/fr\/produit\/gommage-detoxifiant-au-charbon-actif-et-aux-huiles-essentielles\/#primaryimage"},"thumbnailUrl":"https:\/\/jumandeadsea.com\/wp-content\/uploads\/CHARCOAL_FRONT-2.png","datePublished":"2024-11-18T17:30:22+00:00","breadcrumb":{"@id":"https:\/\/jumandeadsea.com\/fr\/produit\/gommage-detoxifiant-au-charbon-actif-et-aux-huiles-essentielles\/#breadcrumb"},"inLanguage":"fr-FR","potentialAction":[{"@type":"ReadAction","target":["https:\/\/jumandeadsea.com\/fr\/produit\/gommage-detoxifiant-au-charbon-actif-et-aux-huiles-essentielles\/"]}]},{"@type":"ImageObject","inLanguage":"fr-FR","@id":"https:\/\/jumandeadsea.com\/fr\/produit\/gommage-detoxifiant-au-charbon-actif-et-aux-huiles-essentielles\/#primaryimage","url":"https:\/\/jumandeadsea.com\/wp-content\/uploads\/CHARCOAL_FRONT-2.png","contentUrl":"https:\/\/jumandeadsea.com\/wp-content\/uploads\/CHARCOAL_FRONT-2.png","width":1600,"height":1600,"caption":"Juman\u2019s Activated Charcoal Scrub exfoliates, purifies, and detoxifies using Dead Sea minerals and essential oils."},{"@type":"BreadcrumbList","@id":"https:\/\/jumandeadsea.com\/fr\/produit\/gommage-detoxifiant-au-charbon-actif-et-aux-huiles-essentielles\/#breadcrumb","itemListElement":[{"@type":"ListItem","position":1,"name":"Home","item":"https:\/\/jumandeadsea.com\/fr\/"},{"@type":"ListItem","position":2,"name":"Boutique","item":"https:\/\/jumandeadsea.com\/shop\/"},{"@type":"ListItem","position":3,"name":"Gommage D\u00c9toxifiant Au Charbon Actif Et Aux Huiles Essentielles"}]},{"@type":"WebSite","@id":"https:\/\/jumandeadsea.com\/fr\/#website","url":"https:\/\/jumandeadsea.com\/fr\/","name":"Juman Dead Sea","description":"Authentic Dead Sea Mineral Skincare for Sensitive, Healthy Skin","potentialAction":[{"@type":"SearchAction","target":{"@type":"EntryPoint","urlTemplate":"https:\/\/jumandeadsea.com\/fr\/?s={search_term_string}"},"query-input":{"@type":"PropertyValueSpecification","valueRequired":true,"valueName":"search_term_string"}}],"inLanguage":"fr-FR"}]}},"_links":{"self":[{"href":"https:\/\/jumandeadsea.com\/fr\/wp-json\/wp\/v2\/product\/326644","targetHints":{"allow":["GET"]}}],"collection":[{"href":"https:\/\/jumandeadsea.com\/fr\/wp-json\/wp\/v2\/product"}],"about":[{"href":"https:\/\/jumandeadsea.com\/fr\/wp-json\/wp\/v2\/types\/product"}],"replies":[{"embeddable":true,"href":"https:\/\/jumandeadsea.com\/fr\/wp-json\/wp\/v2\/comments?post=326644"}],"wp:featuredmedia":[{"embeddable":true,"href":"https:\/\/jumandeadsea.com\/fr\/wp-json\/wp\/v2\/media\/1787"}],"wp:attachment":[{"href":"https:\/\/jumandeadsea.com\/fr\/wp-json\/wp\/v2\/media?parent=326644"}],"wp:term":[{"taxonomy":"product_brand","embeddable":true,"href":"https:\/\/jumandeadsea.com\/fr\/wp-json\/wp\/v2\/product_brand?post=326644"},{"taxonomy":"product_cat","embeddable":true,"href":"https:\/\/jumandeadsea.com\/fr\/wp-json\/wp\/v2\/product_cat?post=326644"},{"taxonomy":"product_tag","embeddable":true,"href":"https:\/\/jumandeadsea.com\/fr\/wp-json\/wp\/v2\/product_tag?post=326644"}],"curies":[{"name":"wp","href":"https:\/\/api.w.org\/{rel}","templated":true}]}}