{"id":326642,"date":"2024-11-18T17:30:24","date_gmt":"2024-11-18T17:30:24","guid":{"rendered":"https:\/\/jumandeadsea.com\/product\/creme-contour-des-yeux-nutrition-essentielle-aux-mineraux-de-la-mer-morte\/"},"modified":"2024-11-18T17:30:24","modified_gmt":"2024-11-18T17:30:24","slug":"creme-contour-des-yeux-nutrition-essentielle-aux-mineraux-de-la-mer-morte","status":"publish","type":"product","link":"https:\/\/jumandeadsea.com\/fr\/produit\/creme-contour-des-yeux-nutrition-essentielle-aux-mineraux-de-la-mer-morte\/","title":{"rendered":"Cr\u00c8me Contour Des Yeux Nutrition Essentielle Aux Min\u00c9raux De La Mer Morte"},"content":{"rendered":"\n    <div class=\"shortcode-accordion\">\n        <h3 class=\"accordion-header\">Ingr\u00e9dients<\/h3>\n        <div class=\"accordion-content\" style=\"display: none;\">\n            \n<p>Jus de feuilles d&rsquo;Aloe Barbadensis (Aloe Vera), huile de Prunus Amygdalus Dulcis (amande douce), huile de graines de Simmondsia Chinensis (jojoba), tocoph\u00e9rol (vitamine E), extrait de fruit de Cucumis Sativus (concombre).<\/p>\n<ul>\n<li><em>Jus de feuilles d&rsquo;aloe vera : il<\/em> apporte une hydratation essentielle \u00e0 la peau sous les yeux. Il aide \u00e0 garder la peau souple et lisse tout en ayant des effets anti-inflammatoires qui aident \u00e0 r\u00e9duire les poches sous les yeux. <\/li>\n<li><em>Huile d&rsquo;amande douce :<\/em> elle contient de la vitamine E et de la vitamine K, ce qui permet \u00e0 la peau d\u00e9licate du dessous des yeux de rester lisse sans l&rsquo;irriter. Elle contribue \u00e9galement \u00e0 \u00e9claircir les cernes sous les yeux et \u00e0 r\u00e9duire les poches sous les yeux. <\/li>\n<li><em>Huile de graines de jojoba :<\/em> aide \u00e0 \u00e9liminer les rides et ridules sous les yeux.<\/li>\n<li><em>Extrait de concombre : <\/em>revitalise et rajeunit la peau, l&rsquo;extrait riche en vitamine C aide \u00e0 diminuer la r\u00e9tention d&rsquo;eau sous les yeux et donc \u00e0 r\u00e9duire les poches. L&rsquo;effet \u00e9claircissant du concombre permet de traiter les cernes sous les yeux. <\/li>\n<li><em>Vitamine E : <\/em>aide \u00e0 combattre l&rsquo;effet des radicaux libres qui causent les signes du vieillissement comme les rides et les cernes.<\/li>\n<\/ul>\n<p>\n        <\/div>\n    <\/div><br \/>\n\n    <div class=\"shortcode-accordion\">\n        <h3 class=\"accordion-header\">Mode d&#039;emploi :<\/h3>\n        <div class=\"accordion-content\" style=\"display: none;\">\n            <\/p>\n<p>Appliquez-le le soir sur le contour des yeux en effectuant de l\u00e9gers mouvements circulaires ascendants, tout en le parsemant d\u00e9licatement du bout des doigts afin d&rsquo;assurer une absorption compl\u00e8te.<\/p>\n<p>\n        <\/div>\n    <\/div><br \/>\n\n    <div class=\"shortcode-accordion\">\n        <h3 class=\"accordion-header\">Informations sur le produit<\/h3>\n        <div class=\"accordion-content\" style=\"display: none;\">\n            <\/p>\n<p>&#8211; <b> CPNP : 3671352<\/b><\/p>\n<p> &#8211;<b> Poids : <\/b>50ml<\/p>\n<p>\n        <\/div>\n    <\/div><\/p>\n","protected":false},"excerpt":{"rendered":"<p>Cette cr\u00e8me pour les yeux a \u00e9t\u00e9 cr\u00e9\u00e9e dans le but unique d&rsquo;apporter hydratation et \u00e9lasticit\u00e9 au contour de l&rsquo;\u0153il. Elle soulage les poches sous les yeux et hydrate tout en offrant une protection antioxydante. Elle associe les bienfaits des min\u00e9raux de la mer Morte et d&rsquo;autres ingr\u00e9dients essentiels pour donner une apparence saine et jeune.  <\/p>\n","protected":false},"featured_media":1498,"comment_status":"open","ping_status":"closed","template":"","meta":{"_et_pb_use_builder":"","_et_pb_old_content":"","_et_gb_content_width":""},"product_brand":[],"product_cat":[102],"product_tag":[],"class_list":{"0":"post-326642","1":"product","2":"type-product","3":"status-publish","4":"has-post-thumbnail","6":"product_cat-soins-du-visage","8":"first","9":"instock","10":"shipping-taxable","11":"purchasable","12":"product-type-simple"},"yoast_head":"<!-- This site is optimized with the Yoast SEO plugin v27.3 - https:\/\/yoast.com\/product\/yoast-seo-wordpress\/ -->\n<title>CR\u00c8ME CONTOUR DES YEUX NUTRITION ESSENTIELLE AUX MIN\u00c9RAUX DE LA MER MORTE - Juman Dead Sea<\/title>\n<meta name=\"robots\" content=\"index, follow, max-snippet:-1, max-image-preview:large, max-video-preview:-1\" \/>\n<link rel=\"canonical\" href=\"https:\/\/jumandeadsea.com\/fr\/produit\/creme-contour-des-yeux-nutrition-essentielle-aux-mineraux-de-la-mer-morte\/\" \/>\n<meta property=\"og:locale\" content=\"fr_FR\" \/>\n<meta property=\"og:type\" content=\"article\" \/>\n<meta property=\"og:title\" content=\"CR\u00c8ME CONTOUR DES YEUX NUTRITION ESSENTIELLE AUX MIN\u00c9RAUX DE LA MER MORTE - Juman Dead Sea\" \/>\n<meta property=\"og:description\" content=\"Cette cr\u00e8me pour les yeux a \u00e9t\u00e9 cr\u00e9\u00e9e dans le but unique d&#039;apporter hydratation et \u00e9lasticit\u00e9 au contour de l&#039;\u0153il. Elle soulage les poches sous les yeux et hydrate tout en offrant une protection antioxydante. Elle associe les bienfaits des min\u00e9raux de la mer Morte et d&#039;autres ingr\u00e9dients essentiels pour donner une apparence saine et jeune.\" \/>\n<meta property=\"og:url\" content=\"https:\/\/jumandeadsea.com\/fr\/produit\/creme-contour-des-yeux-nutrition-essentielle-aux-mineraux-de-la-mer-morte\/\" \/>\n<meta property=\"og:site_name\" content=\"Juman Dead Sea\" \/>\n<meta name=\"twitter:card\" content=\"summary_large_image\" \/>\n<meta name=\"twitter:label1\" content=\"Dur\u00e9e de lecture estim\u00e9e\" \/>\n\t<meta name=\"twitter:data1\" content=\"1 minute\" \/>\n<script type=\"application\/ld+json\" class=\"yoast-schema-graph\">{\"@context\":\"https:\\\/\\\/schema.org\",\"@graph\":[{\"@type\":\"WebPage\",\"@id\":\"https:\\\/\\\/jumandeadsea.com\\\/fr\\\/produit\\\/creme-contour-des-yeux-nutrition-essentielle-aux-mineraux-de-la-mer-morte\\\/\",\"url\":\"https:\\\/\\\/jumandeadsea.com\\\/fr\\\/produit\\\/creme-contour-des-yeux-nutrition-essentielle-aux-mineraux-de-la-mer-morte\\\/\",\"name\":\"CR\u00c8ME CONTOUR DES YEUX NUTRITION ESSENTIELLE AUX MIN\u00c9RAUX DE LA MER MORTE - Juman Dead Sea\",\"isPartOf\":{\"@id\":\"https:\\\/\\\/jumandeadsea.com\\\/fr\\\/#website\"},\"primaryImageOfPage\":{\"@id\":\"https:\\\/\\\/jumandeadsea.com\\\/fr\\\/produit\\\/creme-contour-des-yeux-nutrition-essentielle-aux-mineraux-de-la-mer-morte\\\/#primaryimage\"},\"image\":{\"@id\":\"https:\\\/\\\/jumandeadsea.com\\\/fr\\\/produit\\\/creme-contour-des-yeux-nutrition-essentielle-aux-mineraux-de-la-mer-morte\\\/#primaryimage\"},\"thumbnailUrl\":\"https:\\\/\\\/jumandeadsea.com\\\/wp-content\\\/uploads\\\/Eye-Contour_box-bottle.png\",\"datePublished\":\"2024-11-18T17:30:24+00:00\",\"breadcrumb\":{\"@id\":\"https:\\\/\\\/jumandeadsea.com\\\/fr\\\/produit\\\/creme-contour-des-yeux-nutrition-essentielle-aux-mineraux-de-la-mer-morte\\\/#breadcrumb\"},\"inLanguage\":\"fr-FR\",\"potentialAction\":[{\"@type\":\"ReadAction\",\"target\":[\"https:\\\/\\\/jumandeadsea.com\\\/fr\\\/produit\\\/creme-contour-des-yeux-nutrition-essentielle-aux-mineraux-de-la-mer-morte\\\/\"]}]},{\"@type\":\"ImageObject\",\"inLanguage\":\"fr-FR\",\"@id\":\"https:\\\/\\\/jumandeadsea.com\\\/fr\\\/produit\\\/creme-contour-des-yeux-nutrition-essentielle-aux-mineraux-de-la-mer-morte\\\/#primaryimage\",\"url\":\"https:\\\/\\\/jumandeadsea.com\\\/wp-content\\\/uploads\\\/Eye-Contour_box-bottle.png\",\"contentUrl\":\"https:\\\/\\\/jumandeadsea.com\\\/wp-content\\\/uploads\\\/Eye-Contour_box-bottle.png\",\"width\":1500,\"height\":1500,\"caption\":\"Nourish and lift under-eye skin with Dead Sea minerals\"},{\"@type\":\"BreadcrumbList\",\"@id\":\"https:\\\/\\\/jumandeadsea.com\\\/fr\\\/produit\\\/creme-contour-des-yeux-nutrition-essentielle-aux-mineraux-de-la-mer-morte\\\/#breadcrumb\",\"itemListElement\":[{\"@type\":\"ListItem\",\"position\":1,\"name\":\"Home\",\"item\":\"https:\\\/\\\/jumandeadsea.com\\\/fr\\\/\"},{\"@type\":\"ListItem\",\"position\":2,\"name\":\"Boutique\",\"item\":\"https:\\\/\\\/jumandeadsea.com\\\/shop\\\/\"},{\"@type\":\"ListItem\",\"position\":3,\"name\":\"Cr\u00c8me Contour Des Yeux Nutrition Essentielle Aux Min\u00c9raux De La Mer Morte\"}]},{\"@type\":\"WebSite\",\"@id\":\"https:\\\/\\\/jumandeadsea.com\\\/fr\\\/#website\",\"url\":\"https:\\\/\\\/jumandeadsea.com\\\/fr\\\/\",\"name\":\"Juman Dead Sea\",\"description\":\"Authentic Dead Sea Mineral Skincare for Sensitive, Healthy Skin\",\"potentialAction\":[{\"@type\":\"SearchAction\",\"target\":{\"@type\":\"EntryPoint\",\"urlTemplate\":\"https:\\\/\\\/jumandeadsea.com\\\/fr\\\/?s={search_term_string}\"},\"query-input\":{\"@type\":\"PropertyValueSpecification\",\"valueRequired\":true,\"valueName\":\"search_term_string\"}}],\"inLanguage\":\"fr-FR\"}]}<\/script>\n<!-- \/ Yoast SEO plugin. -->","yoast_head_json":{"title":"CR\u00c8ME CONTOUR DES YEUX NUTRITION ESSENTIELLE AUX MIN\u00c9RAUX DE LA MER MORTE - Juman Dead Sea","robots":{"index":"index","follow":"follow","max-snippet":"max-snippet:-1","max-image-preview":"max-image-preview:large","max-video-preview":"max-video-preview:-1"},"canonical":"https:\/\/jumandeadsea.com\/fr\/produit\/creme-contour-des-yeux-nutrition-essentielle-aux-mineraux-de-la-mer-morte\/","og_locale":"fr_FR","og_type":"article","og_title":"CR\u00c8ME CONTOUR DES YEUX NUTRITION ESSENTIELLE AUX MIN\u00c9RAUX DE LA MER MORTE - Juman Dead Sea","og_description":"Cette cr\u00e8me pour les yeux a \u00e9t\u00e9 cr\u00e9\u00e9e dans le but unique d'apporter hydratation et \u00e9lasticit\u00e9 au contour de l'\u0153il. Elle soulage les poches sous les yeux et hydrate tout en offrant une protection antioxydante. Elle associe les bienfaits des min\u00e9raux de la mer Morte et d'autres ingr\u00e9dients essentiels pour donner une apparence saine et jeune.","og_url":"https:\/\/jumandeadsea.com\/fr\/produit\/creme-contour-des-yeux-nutrition-essentielle-aux-mineraux-de-la-mer-morte\/","og_site_name":"Juman Dead Sea","twitter_card":"summary_large_image","twitter_misc":{"Dur\u00e9e de lecture estim\u00e9e":"1 minute"},"schema":{"@context":"https:\/\/schema.org","@graph":[{"@type":"WebPage","@id":"https:\/\/jumandeadsea.com\/fr\/produit\/creme-contour-des-yeux-nutrition-essentielle-aux-mineraux-de-la-mer-morte\/","url":"https:\/\/jumandeadsea.com\/fr\/produit\/creme-contour-des-yeux-nutrition-essentielle-aux-mineraux-de-la-mer-morte\/","name":"CR\u00c8ME CONTOUR DES YEUX NUTRITION ESSENTIELLE AUX MIN\u00c9RAUX DE LA MER MORTE - Juman Dead Sea","isPartOf":{"@id":"https:\/\/jumandeadsea.com\/fr\/#website"},"primaryImageOfPage":{"@id":"https:\/\/jumandeadsea.com\/fr\/produit\/creme-contour-des-yeux-nutrition-essentielle-aux-mineraux-de-la-mer-morte\/#primaryimage"},"image":{"@id":"https:\/\/jumandeadsea.com\/fr\/produit\/creme-contour-des-yeux-nutrition-essentielle-aux-mineraux-de-la-mer-morte\/#primaryimage"},"thumbnailUrl":"https:\/\/jumandeadsea.com\/wp-content\/uploads\/Eye-Contour_box-bottle.png","datePublished":"2024-11-18T17:30:24+00:00","breadcrumb":{"@id":"https:\/\/jumandeadsea.com\/fr\/produit\/creme-contour-des-yeux-nutrition-essentielle-aux-mineraux-de-la-mer-morte\/#breadcrumb"},"inLanguage":"fr-FR","potentialAction":[{"@type":"ReadAction","target":["https:\/\/jumandeadsea.com\/fr\/produit\/creme-contour-des-yeux-nutrition-essentielle-aux-mineraux-de-la-mer-morte\/"]}]},{"@type":"ImageObject","inLanguage":"fr-FR","@id":"https:\/\/jumandeadsea.com\/fr\/produit\/creme-contour-des-yeux-nutrition-essentielle-aux-mineraux-de-la-mer-morte\/#primaryimage","url":"https:\/\/jumandeadsea.com\/wp-content\/uploads\/Eye-Contour_box-bottle.png","contentUrl":"https:\/\/jumandeadsea.com\/wp-content\/uploads\/Eye-Contour_box-bottle.png","width":1500,"height":1500,"caption":"Nourish and lift under-eye skin with Dead Sea minerals"},{"@type":"BreadcrumbList","@id":"https:\/\/jumandeadsea.com\/fr\/produit\/creme-contour-des-yeux-nutrition-essentielle-aux-mineraux-de-la-mer-morte\/#breadcrumb","itemListElement":[{"@type":"ListItem","position":1,"name":"Home","item":"https:\/\/jumandeadsea.com\/fr\/"},{"@type":"ListItem","position":2,"name":"Boutique","item":"https:\/\/jumandeadsea.com\/shop\/"},{"@type":"ListItem","position":3,"name":"Cr\u00c8me Contour Des Yeux Nutrition Essentielle Aux Min\u00c9raux De La Mer Morte"}]},{"@type":"WebSite","@id":"https:\/\/jumandeadsea.com\/fr\/#website","url":"https:\/\/jumandeadsea.com\/fr\/","name":"Juman Dead Sea","description":"Authentic Dead Sea Mineral Skincare for Sensitive, Healthy Skin","potentialAction":[{"@type":"SearchAction","target":{"@type":"EntryPoint","urlTemplate":"https:\/\/jumandeadsea.com\/fr\/?s={search_term_string}"},"query-input":{"@type":"PropertyValueSpecification","valueRequired":true,"valueName":"search_term_string"}}],"inLanguage":"fr-FR"}]}},"_links":{"self":[{"href":"https:\/\/jumandeadsea.com\/fr\/wp-json\/wp\/v2\/product\/326642","targetHints":{"allow":["GET"]}}],"collection":[{"href":"https:\/\/jumandeadsea.com\/fr\/wp-json\/wp\/v2\/product"}],"about":[{"href":"https:\/\/jumandeadsea.com\/fr\/wp-json\/wp\/v2\/types\/product"}],"replies":[{"embeddable":true,"href":"https:\/\/jumandeadsea.com\/fr\/wp-json\/wp\/v2\/comments?post=326642"}],"wp:featuredmedia":[{"embeddable":true,"href":"https:\/\/jumandeadsea.com\/fr\/wp-json\/wp\/v2\/media\/1498"}],"wp:attachment":[{"href":"https:\/\/jumandeadsea.com\/fr\/wp-json\/wp\/v2\/media?parent=326642"}],"wp:term":[{"taxonomy":"product_brand","embeddable":true,"href":"https:\/\/jumandeadsea.com\/fr\/wp-json\/wp\/v2\/product_brand?post=326642"},{"taxonomy":"product_cat","embeddable":true,"href":"https:\/\/jumandeadsea.com\/fr\/wp-json\/wp\/v2\/product_cat?post=326642"},{"taxonomy":"product_tag","embeddable":true,"href":"https:\/\/jumandeadsea.com\/fr\/wp-json\/wp\/v2\/product_tag?post=326642"}],"curies":[{"name":"wp","href":"https:\/\/api.w.org\/{rel}","templated":true}]}}