{"id":326638,"date":"2024-11-18T17:30:21","date_gmt":"2024-11-18T17:30:21","guid":{"rendered":"https:\/\/jumandeadsea.com\/product\/splash-corporel-aux-mineraux-de-la-mer-morte-boise-floral-et-musc\/"},"modified":"2024-11-18T17:30:21","modified_gmt":"2024-11-18T17:30:21","slug":"splash-corporel-aux-mineraux-de-la-mer-morte-boise-floral-et-musc","status":"publish","type":"product","link":"https:\/\/jumandeadsea.com\/fr\/produit\/splash-corporel-aux-mineraux-de-la-mer-morte-boise-floral-et-musc\/","title":{"rendered":"Splash Corporel Aux Min\u00c9raux De La Mer Morte (bois\u00c9, Floral Et Musc)"},"content":{"rendered":"\n    <div class=\"shortcode-accordion\">\n        <h3 class=\"accordion-header\">Ingr\u00e9dients<\/h3>\n        <div class=\"accordion-content\" style=\"display: none;\">\n            \n<p>Maris Aqua (eau de la mer morte).<\/p>\n<ul>\n<li>L<strong>&lsquo;eau de la mer Morte :<\/strong> connue pour r\u00e9tablir l&rsquo;\u00e9quilibre cutan\u00e9, elle hydrate la peau et la r\u00e9approvisionne en min\u00e9raux essentiels.<\/li>\n<\/ul>\n<p>\n        <\/div>\n    <\/div><br \/>\n\n    <div class=\"shortcode-accordion\">\n        <h3 class=\"accordion-header\">Mode d&#039;emploi :<\/h3>\n        <div class=\"accordion-content\" style=\"display: none;\">\n            <\/p>\n<p>Vaporisez-le partout le matin, apr\u00e8s la gym, ou pour vous rafra\u00eechir.<\/p>\n<p>\n        <\/div>\n    <\/div><br \/>\n\n    <div class=\"shortcode-accordion\">\n        <h3 class=\"accordion-header\">Informations sur le produit<\/h3>\n        <div class=\"accordion-content\" style=\"display: none;\">\n            <\/p>\n<p>&#8211; Poids : 250ml<\/p>\n<p>\n        <\/div>\n    <\/div><\/p>\n","protected":false},"excerpt":{"rendered":"<p>Rafra\u00eechissez et rajeunissez votre peau avec ce spray complet, infus\u00e9 avec les bienfaits naturels des min\u00e9raux de la Mer Morte. Parfait pour votre sac de sport, il offre une excellente couverture apr\u00e8s les s\u00e9ances d&rsquo;entra\u00eenement et laisse une odeur de propre sur votre peau. <\/p>\n<ul>\n<li>BOIS\u00c9, FLORAL ET MUSC<\/li>\n<li>24 HEURES DE FRA\u00ceCHEUR<\/li>\n<li>PARFUM LONGUE DUR\u00c9E<\/li>\n<\/ul>\n","protected":false},"featured_media":2014,"comment_status":"open","ping_status":"closed","template":"","meta":{"_et_pb_use_builder":"","_et_pb_old_content":"","_et_gb_content_width":""},"product_brand":[],"product_cat":[103],"product_tag":[],"class_list":{"0":"post-326638","1":"product","2":"type-product","3":"status-publish","4":"has-post-thumbnail","6":"product_cat-soins-pour-hommes","8":"first","9":"instock","10":"shipping-taxable","11":"purchasable","12":"product-type-simple"},"yoast_head":"<!-- This site is optimized with the Yoast SEO plugin v27.3 - https:\/\/yoast.com\/product\/yoast-seo-wordpress\/ -->\n<title>SPLASH CORPOREL AUX MIN\u00c9RAUX DE LA MER MORTE (BOIS\u00c9, FLORAL ET MUSC) - Juman Dead Sea<\/title>\n<meta name=\"robots\" content=\"index, follow, max-snippet:-1, max-image-preview:large, max-video-preview:-1\" \/>\n<link rel=\"canonical\" href=\"https:\/\/jumandeadsea.com\/fr\/produit\/splash-corporel-aux-mineraux-de-la-mer-morte-boise-floral-et-musc\/\" \/>\n<meta property=\"og:locale\" content=\"fr_FR\" \/>\n<meta property=\"og:type\" content=\"article\" \/>\n<meta property=\"og:title\" content=\"SPLASH CORPOREL AUX MIN\u00c9RAUX DE LA MER MORTE (BOIS\u00c9, FLORAL ET MUSC) - Juman Dead Sea\" \/>\n<meta property=\"og:description\" content=\"Rafra\u00eechissez et rajeunissez votre peau avec ce spray complet, infus\u00e9 avec les bienfaits naturels des min\u00e9raux de la Mer Morte. Parfait pour votre sac de sport, il offre une excellente couverture apr\u00e8s les s\u00e9ances d&#039;entra\u00eenement et laisse une odeur de propre sur votre peau.   BOIS\u00c9, FLORAL ET MUSC  24 HEURES DE FRA\u00ceCHEUR  PARFUM LONGUE DUR\u00c9E\" \/>\n<meta property=\"og:url\" content=\"https:\/\/jumandeadsea.com\/fr\/produit\/splash-corporel-aux-mineraux-de-la-mer-morte-boise-floral-et-musc\/\" \/>\n<meta property=\"og:site_name\" content=\"Juman Dead Sea\" \/>\n<meta name=\"twitter:card\" content=\"summary_large_image\" \/>\n<script type=\"application\/ld+json\" class=\"yoast-schema-graph\">{\"@context\":\"https:\\\/\\\/schema.org\",\"@graph\":[{\"@type\":\"WebPage\",\"@id\":\"https:\\\/\\\/jumandeadsea.com\\\/fr\\\/produit\\\/splash-corporel-aux-mineraux-de-la-mer-morte-boise-floral-et-musc\\\/\",\"url\":\"https:\\\/\\\/jumandeadsea.com\\\/fr\\\/produit\\\/splash-corporel-aux-mineraux-de-la-mer-morte-boise-floral-et-musc\\\/\",\"name\":\"SPLASH CORPOREL AUX MIN\u00c9RAUX DE LA MER MORTE (BOIS\u00c9, FLORAL ET MUSC) - Juman Dead Sea\",\"isPartOf\":{\"@id\":\"https:\\\/\\\/jumandeadsea.com\\\/fr\\\/#website\"},\"primaryImageOfPage\":{\"@id\":\"https:\\\/\\\/jumandeadsea.com\\\/fr\\\/produit\\\/splash-corporel-aux-mineraux-de-la-mer-morte-boise-floral-et-musc\\\/#primaryimage\"},\"image\":{\"@id\":\"https:\\\/\\\/jumandeadsea.com\\\/fr\\\/produit\\\/splash-corporel-aux-mineraux-de-la-mer-morte-boise-floral-et-musc\\\/#primaryimage\"},\"thumbnailUrl\":\"https:\\\/\\\/jumandeadsea.com\\\/wp-content\\\/uploads\\\/BODY-SPLASH-WITH-DEAD-SEA-MINERALS-RED.png\",\"datePublished\":\"2024-11-18T17:30:21+00:00\",\"breadcrumb\":{\"@id\":\"https:\\\/\\\/jumandeadsea.com\\\/fr\\\/produit\\\/splash-corporel-aux-mineraux-de-la-mer-morte-boise-floral-et-musc\\\/#breadcrumb\"},\"inLanguage\":\"fr-FR\",\"potentialAction\":[{\"@type\":\"ReadAction\",\"target\":[\"https:\\\/\\\/jumandeadsea.com\\\/fr\\\/produit\\\/splash-corporel-aux-mineraux-de-la-mer-morte-boise-floral-et-musc\\\/\"]}]},{\"@type\":\"ImageObject\",\"inLanguage\":\"fr-FR\",\"@id\":\"https:\\\/\\\/jumandeadsea.com\\\/fr\\\/produit\\\/splash-corporel-aux-mineraux-de-la-mer-morte-boise-floral-et-musc\\\/#primaryimage\",\"url\":\"https:\\\/\\\/jumandeadsea.com\\\/wp-content\\\/uploads\\\/BODY-SPLASH-WITH-DEAD-SEA-MINERALS-RED.png\",\"contentUrl\":\"https:\\\/\\\/jumandeadsea.com\\\/wp-content\\\/uploads\\\/BODY-SPLASH-WITH-DEAD-SEA-MINERALS-RED.png\",\"width\":1500,\"height\":1125},{\"@type\":\"BreadcrumbList\",\"@id\":\"https:\\\/\\\/jumandeadsea.com\\\/fr\\\/produit\\\/splash-corporel-aux-mineraux-de-la-mer-morte-boise-floral-et-musc\\\/#breadcrumb\",\"itemListElement\":[{\"@type\":\"ListItem\",\"position\":1,\"name\":\"Home\",\"item\":\"https:\\\/\\\/jumandeadsea.com\\\/fr\\\/\"},{\"@type\":\"ListItem\",\"position\":2,\"name\":\"Boutique\",\"item\":\"https:\\\/\\\/jumandeadsea.com\\\/shop\\\/\"},{\"@type\":\"ListItem\",\"position\":3,\"name\":\"Splash Corporel Aux Min\u00c9raux De La Mer Morte (bois\u00c9, Floral Et Musc)\"}]},{\"@type\":\"WebSite\",\"@id\":\"https:\\\/\\\/jumandeadsea.com\\\/fr\\\/#website\",\"url\":\"https:\\\/\\\/jumandeadsea.com\\\/fr\\\/\",\"name\":\"Juman Dead Sea\",\"description\":\"Authentic Dead Sea Mineral Skincare for Sensitive, Healthy Skin\",\"potentialAction\":[{\"@type\":\"SearchAction\",\"target\":{\"@type\":\"EntryPoint\",\"urlTemplate\":\"https:\\\/\\\/jumandeadsea.com\\\/fr\\\/?s={search_term_string}\"},\"query-input\":{\"@type\":\"PropertyValueSpecification\",\"valueRequired\":true,\"valueName\":\"search_term_string\"}}],\"inLanguage\":\"fr-FR\"}]}<\/script>\n<!-- \/ Yoast SEO plugin. -->","yoast_head_json":{"title":"SPLASH CORPOREL AUX MIN\u00c9RAUX DE LA MER MORTE (BOIS\u00c9, FLORAL ET MUSC) - Juman Dead Sea","robots":{"index":"index","follow":"follow","max-snippet":"max-snippet:-1","max-image-preview":"max-image-preview:large","max-video-preview":"max-video-preview:-1"},"canonical":"https:\/\/jumandeadsea.com\/fr\/produit\/splash-corporel-aux-mineraux-de-la-mer-morte-boise-floral-et-musc\/","og_locale":"fr_FR","og_type":"article","og_title":"SPLASH CORPOREL AUX MIN\u00c9RAUX DE LA MER MORTE (BOIS\u00c9, FLORAL ET MUSC) - Juman Dead Sea","og_description":"Rafra\u00eechissez et rajeunissez votre peau avec ce spray complet, infus\u00e9 avec les bienfaits naturels des min\u00e9raux de la Mer Morte. Parfait pour votre sac de sport, il offre une excellente couverture apr\u00e8s les s\u00e9ances d'entra\u00eenement et laisse une odeur de propre sur votre peau.   BOIS\u00c9, FLORAL ET MUSC  24 HEURES DE FRA\u00ceCHEUR  PARFUM LONGUE DUR\u00c9E","og_url":"https:\/\/jumandeadsea.com\/fr\/produit\/splash-corporel-aux-mineraux-de-la-mer-morte-boise-floral-et-musc\/","og_site_name":"Juman Dead Sea","twitter_card":"summary_large_image","schema":{"@context":"https:\/\/schema.org","@graph":[{"@type":"WebPage","@id":"https:\/\/jumandeadsea.com\/fr\/produit\/splash-corporel-aux-mineraux-de-la-mer-morte-boise-floral-et-musc\/","url":"https:\/\/jumandeadsea.com\/fr\/produit\/splash-corporel-aux-mineraux-de-la-mer-morte-boise-floral-et-musc\/","name":"SPLASH CORPOREL AUX MIN\u00c9RAUX DE LA MER MORTE (BOIS\u00c9, FLORAL ET MUSC) - Juman Dead Sea","isPartOf":{"@id":"https:\/\/jumandeadsea.com\/fr\/#website"},"primaryImageOfPage":{"@id":"https:\/\/jumandeadsea.com\/fr\/produit\/splash-corporel-aux-mineraux-de-la-mer-morte-boise-floral-et-musc\/#primaryimage"},"image":{"@id":"https:\/\/jumandeadsea.com\/fr\/produit\/splash-corporel-aux-mineraux-de-la-mer-morte-boise-floral-et-musc\/#primaryimage"},"thumbnailUrl":"https:\/\/jumandeadsea.com\/wp-content\/uploads\/BODY-SPLASH-WITH-DEAD-SEA-MINERALS-RED.png","datePublished":"2024-11-18T17:30:21+00:00","breadcrumb":{"@id":"https:\/\/jumandeadsea.com\/fr\/produit\/splash-corporel-aux-mineraux-de-la-mer-morte-boise-floral-et-musc\/#breadcrumb"},"inLanguage":"fr-FR","potentialAction":[{"@type":"ReadAction","target":["https:\/\/jumandeadsea.com\/fr\/produit\/splash-corporel-aux-mineraux-de-la-mer-morte-boise-floral-et-musc\/"]}]},{"@type":"ImageObject","inLanguage":"fr-FR","@id":"https:\/\/jumandeadsea.com\/fr\/produit\/splash-corporel-aux-mineraux-de-la-mer-morte-boise-floral-et-musc\/#primaryimage","url":"https:\/\/jumandeadsea.com\/wp-content\/uploads\/BODY-SPLASH-WITH-DEAD-SEA-MINERALS-RED.png","contentUrl":"https:\/\/jumandeadsea.com\/wp-content\/uploads\/BODY-SPLASH-WITH-DEAD-SEA-MINERALS-RED.png","width":1500,"height":1125},{"@type":"BreadcrumbList","@id":"https:\/\/jumandeadsea.com\/fr\/produit\/splash-corporel-aux-mineraux-de-la-mer-morte-boise-floral-et-musc\/#breadcrumb","itemListElement":[{"@type":"ListItem","position":1,"name":"Home","item":"https:\/\/jumandeadsea.com\/fr\/"},{"@type":"ListItem","position":2,"name":"Boutique","item":"https:\/\/jumandeadsea.com\/shop\/"},{"@type":"ListItem","position":3,"name":"Splash Corporel Aux Min\u00c9raux De La Mer Morte (bois\u00c9, Floral Et Musc)"}]},{"@type":"WebSite","@id":"https:\/\/jumandeadsea.com\/fr\/#website","url":"https:\/\/jumandeadsea.com\/fr\/","name":"Juman Dead Sea","description":"Authentic Dead Sea Mineral Skincare for Sensitive, Healthy Skin","potentialAction":[{"@type":"SearchAction","target":{"@type":"EntryPoint","urlTemplate":"https:\/\/jumandeadsea.com\/fr\/?s={search_term_string}"},"query-input":{"@type":"PropertyValueSpecification","valueRequired":true,"valueName":"search_term_string"}}],"inLanguage":"fr-FR"}]}},"_links":{"self":[{"href":"https:\/\/jumandeadsea.com\/fr\/wp-json\/wp\/v2\/product\/326638","targetHints":{"allow":["GET"]}}],"collection":[{"href":"https:\/\/jumandeadsea.com\/fr\/wp-json\/wp\/v2\/product"}],"about":[{"href":"https:\/\/jumandeadsea.com\/fr\/wp-json\/wp\/v2\/types\/product"}],"replies":[{"embeddable":true,"href":"https:\/\/jumandeadsea.com\/fr\/wp-json\/wp\/v2\/comments?post=326638"}],"wp:featuredmedia":[{"embeddable":true,"href":"https:\/\/jumandeadsea.com\/fr\/wp-json\/wp\/v2\/media\/2014"}],"wp:attachment":[{"href":"https:\/\/jumandeadsea.com\/fr\/wp-json\/wp\/v2\/media?parent=326638"}],"wp:term":[{"taxonomy":"product_brand","embeddable":true,"href":"https:\/\/jumandeadsea.com\/fr\/wp-json\/wp\/v2\/product_brand?post=326638"},{"taxonomy":"product_cat","embeddable":true,"href":"https:\/\/jumandeadsea.com\/fr\/wp-json\/wp\/v2\/product_cat?post=326638"},{"taxonomy":"product_tag","embeddable":true,"href":"https:\/\/jumandeadsea.com\/fr\/wp-json\/wp\/v2\/product_tag?post=326638"}],"curies":[{"name":"wp","href":"https:\/\/api.w.org\/{rel}","templated":true}]}}