{"id":326637,"date":"2024-11-18T17:30:23","date_gmt":"2024-11-18T17:30:23","guid":{"rendered":"https:\/\/jumandeadsea.com\/product\/creme-pour-peaux-seches-extremes-aux-mineraux-de-la-mer-morte\/"},"modified":"2024-11-18T17:30:23","modified_gmt":"2024-11-18T17:30:23","slug":"creme-pour-peaux-seches-extremes-aux-mineraux-de-la-mer-morte","status":"publish","type":"product","link":"https:\/\/jumandeadsea.com\/fr\/produit\/creme-pour-peaux-seches-extremes-aux-mineraux-de-la-mer-morte\/","title":{"rendered":"Cr\u00c8me Pour Peaux S\u00c8ches Extr\u00cames Aux Min\u00c9raux De La Mer Morte"},"content":{"rendered":"\n    <div class=\"shortcode-accordion\">\n        <h3 class=\"accordion-header\">Ingr\u00e9dients<\/h3>\n        <div class=\"accordion-content\" style=\"display: none;\">\n            \n<p><strong>Jus de feuilles d&rsquo;Aloe Barbadensis (Aloe Vera), Maris Sal (sel de la mer morte), ur\u00e9e, acide salicylique.<\/strong><\/p>\n<ul>\n<li><strong><em>Sel de la mer morte :<\/em><\/strong> Les sels organiques riches en magn\u00e9sium am\u00e9liorent l&rsquo;hydratation de la peau et r\u00e9duisent l&rsquo;inflammation des peaux s\u00e8ches.<\/li>\n<li><strong><em>Jus de feuilles d&rsquo;aloe vera :<\/em><\/strong> poss\u00e8de de puissantes propri\u00e9t\u00e9s curatives qui se sont av\u00e9r\u00e9es efficaces pour traiter les coups de soleil et r\u00e9duire la visibilit\u00e9 des cicatrices. Il agit \u00e9galement comme agent hydratant.<\/li>\n<li><strong><em>Acide salicylique : <\/em><\/strong>est utilis\u00e9 pour \u00e9liminer les peaux mortes de la plante des pieds et des mains.<\/li>\n<li><strong><em>Ur\u00e9e :<\/em><\/strong> r\u00e9tablit l&rsquo;\u00e9quilibre naturel de la peau et procure un effet hydratant de longue dur\u00e9e.<\/li>\n<\/ul>\n<p>\n        <\/div>\n    <\/div><br \/>\n\n    <div class=\"shortcode-accordion\">\n        <h3 class=\"accordion-header\">Mode d&#039;emploi :<\/h3>\n        <div class=\"accordion-content\" style=\"display: none;\">\n            <\/p>\n<p>A appliquer sur la peau s\u00e8che et squameuse de (3-4) fois par jour, puis une fois par jour si n\u00e9cessaire. La peau est mass\u00e9e d\u00e9licatement pour assurer l&rsquo;absorption compl\u00e8te de la cr\u00e8me. <\/p>\n<p>\n        <\/div>\n    <\/div><br \/>\n\n    <div class=\"shortcode-accordion\">\n        <h3 class=\"accordion-header\">Informations sur le produit<\/h3>\n        <div class=\"accordion-content\" style=\"display: none;\">\n            <\/p>\n<p>&#8211; CPNP : 3666054<\/p>\n<p>&#8211; Poids : 100ml<\/p>\n<p>\n        <\/div>\n    <\/div><\/p>\n","protected":false},"excerpt":{"rendered":"<p>Une cr\u00e8me riche en \u00e9mollients et en hydratants qui nourrit la peau. Elle peut \u00eatre utilis\u00e9e pour les peaux s\u00e8ches et sensibles ; elle traite \u00e9galement les peaux irrit\u00e9es pour r\u00e9duire la perte d&rsquo;eau de la peau, minimisant ainsi la s\u00e9cheresse et r\u00e9duisant la rugosit\u00e9 de la peau, soulageant ainsi les d\u00e9mangeaisons et apportant \u00e0 la peau le confort dont elle a besoin. <\/p>\n","protected":false},"featured_media":1591,"comment_status":"open","ping_status":"closed","template":"","meta":{"_et_pb_use_builder":"","_et_pb_old_content":"","_et_gb_content_width":""},"product_brand":[],"product_cat":[106,99],"product_tag":[],"class_list":{"0":"post-326637","1":"product","2":"type-product","3":"status-publish","4":"has-post-thumbnail","6":"product_cat-cremes-pour-le-corps","7":"product_cat-soins-du-corps","9":"first","10":"instock","11":"shipping-taxable","12":"purchasable","13":"product-type-simple"},"yoast_head":"<!-- This site is optimized with the Yoast SEO plugin v27.3 - https:\/\/yoast.com\/product\/yoast-seo-wordpress\/ -->\n<title>CR\u00c8ME POUR PEAUX S\u00c8CHES EXTR\u00caMES AUX MIN\u00c9RAUX DE LA MER MORTE - Juman Dead Sea<\/title>\n<meta name=\"robots\" content=\"index, follow, max-snippet:-1, max-image-preview:large, max-video-preview:-1\" \/>\n<link rel=\"canonical\" href=\"https:\/\/jumandeadsea.com\/fr\/produit\/creme-pour-peaux-seches-extremes-aux-mineraux-de-la-mer-morte\/\" \/>\n<meta property=\"og:locale\" content=\"fr_FR\" \/>\n<meta property=\"og:type\" content=\"article\" \/>\n<meta property=\"og:title\" content=\"CR\u00c8ME POUR PEAUX S\u00c8CHES EXTR\u00caMES AUX MIN\u00c9RAUX DE LA MER MORTE - Juman Dead Sea\" \/>\n<meta property=\"og:description\" content=\"Une cr\u00e8me riche en \u00e9mollients et en hydratants qui nourrit la peau. Elle peut \u00eatre utilis\u00e9e pour les peaux s\u00e8ches et sensibles ; elle traite \u00e9galement les peaux irrit\u00e9es pour r\u00e9duire la perte d&#039;eau de la peau, minimisant ainsi la s\u00e9cheresse et r\u00e9duisant la rugosit\u00e9 de la peau, soulageant ainsi les d\u00e9mangeaisons et apportant \u00e0 la peau le confort dont elle a besoin.\" \/>\n<meta property=\"og:url\" content=\"https:\/\/jumandeadsea.com\/fr\/produit\/creme-pour-peaux-seches-extremes-aux-mineraux-de-la-mer-morte\/\" \/>\n<meta property=\"og:site_name\" content=\"Juman Dead Sea\" \/>\n<meta name=\"twitter:card\" content=\"summary_large_image\" \/>\n<meta name=\"twitter:label1\" content=\"Dur\u00e9e de lecture estim\u00e9e\" \/>\n\t<meta name=\"twitter:data1\" content=\"1 minute\" \/>\n<script type=\"application\/ld+json\" class=\"yoast-schema-graph\">{\"@context\":\"https:\\\/\\\/schema.org\",\"@graph\":[{\"@type\":\"WebPage\",\"@id\":\"https:\\\/\\\/jumandeadsea.com\\\/fr\\\/produit\\\/creme-pour-peaux-seches-extremes-aux-mineraux-de-la-mer-morte\\\/\",\"url\":\"https:\\\/\\\/jumandeadsea.com\\\/fr\\\/produit\\\/creme-pour-peaux-seches-extremes-aux-mineraux-de-la-mer-morte\\\/\",\"name\":\"CR\u00c8ME POUR PEAUX S\u00c8CHES EXTR\u00caMES AUX MIN\u00c9RAUX DE LA MER MORTE - Juman Dead Sea\",\"isPartOf\":{\"@id\":\"https:\\\/\\\/jumandeadsea.com\\\/fr\\\/#website\"},\"primaryImageOfPage\":{\"@id\":\"https:\\\/\\\/jumandeadsea.com\\\/fr\\\/produit\\\/creme-pour-peaux-seches-extremes-aux-mineraux-de-la-mer-morte\\\/#primaryimage\"},\"image\":{\"@id\":\"https:\\\/\\\/jumandeadsea.com\\\/fr\\\/produit\\\/creme-pour-peaux-seches-extremes-aux-mineraux-de-la-mer-morte\\\/#primaryimage\"},\"thumbnailUrl\":\"https:\\\/\\\/jumandeadsea.com\\\/wp-content\\\/uploads\\\/Extreme-dry_bottle-box.png\",\"datePublished\":\"2024-11-18T17:30:23+00:00\",\"breadcrumb\":{\"@id\":\"https:\\\/\\\/jumandeadsea.com\\\/fr\\\/produit\\\/creme-pour-peaux-seches-extremes-aux-mineraux-de-la-mer-morte\\\/#breadcrumb\"},\"inLanguage\":\"fr-FR\",\"potentialAction\":[{\"@type\":\"ReadAction\",\"target\":[\"https:\\\/\\\/jumandeadsea.com\\\/fr\\\/produit\\\/creme-pour-peaux-seches-extremes-aux-mineraux-de-la-mer-morte\\\/\"]}]},{\"@type\":\"ImageObject\",\"inLanguage\":\"fr-FR\",\"@id\":\"https:\\\/\\\/jumandeadsea.com\\\/fr\\\/produit\\\/creme-pour-peaux-seches-extremes-aux-mineraux-de-la-mer-morte\\\/#primaryimage\",\"url\":\"https:\\\/\\\/jumandeadsea.com\\\/wp-content\\\/uploads\\\/Extreme-dry_bottle-box.png\",\"contentUrl\":\"https:\\\/\\\/jumandeadsea.com\\\/wp-content\\\/uploads\\\/Extreme-dry_bottle-box.png\",\"width\":1500,\"height\":1500},{\"@type\":\"BreadcrumbList\",\"@id\":\"https:\\\/\\\/jumandeadsea.com\\\/fr\\\/produit\\\/creme-pour-peaux-seches-extremes-aux-mineraux-de-la-mer-morte\\\/#breadcrumb\",\"itemListElement\":[{\"@type\":\"ListItem\",\"position\":1,\"name\":\"Home\",\"item\":\"https:\\\/\\\/jumandeadsea.com\\\/fr\\\/\"},{\"@type\":\"ListItem\",\"position\":2,\"name\":\"Boutique\",\"item\":\"https:\\\/\\\/jumandeadsea.com\\\/shop\\\/\"},{\"@type\":\"ListItem\",\"position\":3,\"name\":\"Cr\u00c8me Pour Peaux S\u00c8ches Extr\u00cames Aux Min\u00c9raux De La Mer Morte\"}]},{\"@type\":\"WebSite\",\"@id\":\"https:\\\/\\\/jumandeadsea.com\\\/fr\\\/#website\",\"url\":\"https:\\\/\\\/jumandeadsea.com\\\/fr\\\/\",\"name\":\"Juman Dead Sea\",\"description\":\"Authentic Dead Sea Mineral Skincare for Sensitive, Healthy Skin\",\"potentialAction\":[{\"@type\":\"SearchAction\",\"target\":{\"@type\":\"EntryPoint\",\"urlTemplate\":\"https:\\\/\\\/jumandeadsea.com\\\/fr\\\/?s={search_term_string}\"},\"query-input\":{\"@type\":\"PropertyValueSpecification\",\"valueRequired\":true,\"valueName\":\"search_term_string\"}}],\"inLanguage\":\"fr-FR\"}]}<\/script>\n<!-- \/ Yoast SEO plugin. -->","yoast_head_json":{"title":"CR\u00c8ME POUR PEAUX S\u00c8CHES EXTR\u00caMES AUX MIN\u00c9RAUX DE LA MER MORTE - Juman Dead Sea","robots":{"index":"index","follow":"follow","max-snippet":"max-snippet:-1","max-image-preview":"max-image-preview:large","max-video-preview":"max-video-preview:-1"},"canonical":"https:\/\/jumandeadsea.com\/fr\/produit\/creme-pour-peaux-seches-extremes-aux-mineraux-de-la-mer-morte\/","og_locale":"fr_FR","og_type":"article","og_title":"CR\u00c8ME POUR PEAUX S\u00c8CHES EXTR\u00caMES AUX MIN\u00c9RAUX DE LA MER MORTE - Juman Dead Sea","og_description":"Une cr\u00e8me riche en \u00e9mollients et en hydratants qui nourrit la peau. Elle peut \u00eatre utilis\u00e9e pour les peaux s\u00e8ches et sensibles ; elle traite \u00e9galement les peaux irrit\u00e9es pour r\u00e9duire la perte d'eau de la peau, minimisant ainsi la s\u00e9cheresse et r\u00e9duisant la rugosit\u00e9 de la peau, soulageant ainsi les d\u00e9mangeaisons et apportant \u00e0 la peau le confort dont elle a besoin.","og_url":"https:\/\/jumandeadsea.com\/fr\/produit\/creme-pour-peaux-seches-extremes-aux-mineraux-de-la-mer-morte\/","og_site_name":"Juman Dead Sea","twitter_card":"summary_large_image","twitter_misc":{"Dur\u00e9e de lecture estim\u00e9e":"1 minute"},"schema":{"@context":"https:\/\/schema.org","@graph":[{"@type":"WebPage","@id":"https:\/\/jumandeadsea.com\/fr\/produit\/creme-pour-peaux-seches-extremes-aux-mineraux-de-la-mer-morte\/","url":"https:\/\/jumandeadsea.com\/fr\/produit\/creme-pour-peaux-seches-extremes-aux-mineraux-de-la-mer-morte\/","name":"CR\u00c8ME POUR PEAUX S\u00c8CHES EXTR\u00caMES AUX MIN\u00c9RAUX DE LA MER MORTE - Juman Dead Sea","isPartOf":{"@id":"https:\/\/jumandeadsea.com\/fr\/#website"},"primaryImageOfPage":{"@id":"https:\/\/jumandeadsea.com\/fr\/produit\/creme-pour-peaux-seches-extremes-aux-mineraux-de-la-mer-morte\/#primaryimage"},"image":{"@id":"https:\/\/jumandeadsea.com\/fr\/produit\/creme-pour-peaux-seches-extremes-aux-mineraux-de-la-mer-morte\/#primaryimage"},"thumbnailUrl":"https:\/\/jumandeadsea.com\/wp-content\/uploads\/Extreme-dry_bottle-box.png","datePublished":"2024-11-18T17:30:23+00:00","breadcrumb":{"@id":"https:\/\/jumandeadsea.com\/fr\/produit\/creme-pour-peaux-seches-extremes-aux-mineraux-de-la-mer-morte\/#breadcrumb"},"inLanguage":"fr-FR","potentialAction":[{"@type":"ReadAction","target":["https:\/\/jumandeadsea.com\/fr\/produit\/creme-pour-peaux-seches-extremes-aux-mineraux-de-la-mer-morte\/"]}]},{"@type":"ImageObject","inLanguage":"fr-FR","@id":"https:\/\/jumandeadsea.com\/fr\/produit\/creme-pour-peaux-seches-extremes-aux-mineraux-de-la-mer-morte\/#primaryimage","url":"https:\/\/jumandeadsea.com\/wp-content\/uploads\/Extreme-dry_bottle-box.png","contentUrl":"https:\/\/jumandeadsea.com\/wp-content\/uploads\/Extreme-dry_bottle-box.png","width":1500,"height":1500},{"@type":"BreadcrumbList","@id":"https:\/\/jumandeadsea.com\/fr\/produit\/creme-pour-peaux-seches-extremes-aux-mineraux-de-la-mer-morte\/#breadcrumb","itemListElement":[{"@type":"ListItem","position":1,"name":"Home","item":"https:\/\/jumandeadsea.com\/fr\/"},{"@type":"ListItem","position":2,"name":"Boutique","item":"https:\/\/jumandeadsea.com\/shop\/"},{"@type":"ListItem","position":3,"name":"Cr\u00c8me Pour Peaux S\u00c8ches Extr\u00cames Aux Min\u00c9raux De La Mer Morte"}]},{"@type":"WebSite","@id":"https:\/\/jumandeadsea.com\/fr\/#website","url":"https:\/\/jumandeadsea.com\/fr\/","name":"Juman Dead Sea","description":"Authentic Dead Sea Mineral Skincare for Sensitive, Healthy Skin","potentialAction":[{"@type":"SearchAction","target":{"@type":"EntryPoint","urlTemplate":"https:\/\/jumandeadsea.com\/fr\/?s={search_term_string}"},"query-input":{"@type":"PropertyValueSpecification","valueRequired":true,"valueName":"search_term_string"}}],"inLanguage":"fr-FR"}]}},"_links":{"self":[{"href":"https:\/\/jumandeadsea.com\/fr\/wp-json\/wp\/v2\/product\/326637","targetHints":{"allow":["GET"]}}],"collection":[{"href":"https:\/\/jumandeadsea.com\/fr\/wp-json\/wp\/v2\/product"}],"about":[{"href":"https:\/\/jumandeadsea.com\/fr\/wp-json\/wp\/v2\/types\/product"}],"replies":[{"embeddable":true,"href":"https:\/\/jumandeadsea.com\/fr\/wp-json\/wp\/v2\/comments?post=326637"}],"wp:featuredmedia":[{"embeddable":true,"href":"https:\/\/jumandeadsea.com\/fr\/wp-json\/wp\/v2\/media\/1591"}],"wp:attachment":[{"href":"https:\/\/jumandeadsea.com\/fr\/wp-json\/wp\/v2\/media?parent=326637"}],"wp:term":[{"taxonomy":"product_brand","embeddable":true,"href":"https:\/\/jumandeadsea.com\/fr\/wp-json\/wp\/v2\/product_brand?post=326637"},{"taxonomy":"product_cat","embeddable":true,"href":"https:\/\/jumandeadsea.com\/fr\/wp-json\/wp\/v2\/product_cat?post=326637"},{"taxonomy":"product_tag","embeddable":true,"href":"https:\/\/jumandeadsea.com\/fr\/wp-json\/wp\/v2\/product_tag?post=326637"}],"curies":[{"name":"wp","href":"https:\/\/api.w.org\/{rel}","templated":true}]}}