{"id":326636,"date":"2024-11-18T17:30:22","date_gmt":"2024-11-18T17:30:22","guid":{"rendered":"https:\/\/jumandeadsea.com\/product\/tonique-a-la-camomille-et-a-leau-de-la-mer-morte\/"},"modified":"2024-11-18T17:30:22","modified_gmt":"2024-11-18T17:30:22","slug":"tonique-a-la-camomille-et-a-leau-de-la-mer-morte","status":"publish","type":"product","link":"https:\/\/jumandeadsea.com\/fr\/produit\/tonique-a-la-camomille-et-a-leau-de-la-mer-morte\/","title":{"rendered":"Tonique \u00c0 La Camomille Et \u00c0 L&rsquo;eau De La Mer Morte"},"content":{"rendered":"\n    <div class=\"shortcode-accordion\">\n        <h3 class=\"accordion-header\">Ingr\u00e9dients<\/h3>\n        <div class=\"accordion-content\" style=\"display: none;\">\n            \n<p>Maris Aqua (eau de la mer morte), glyc\u00e9rine, extrait de fleur de camomille (Chamomilla Recutita).<\/p>\n<p><strong><em>Eau de la mer morte : <\/em><\/strong>connue pour r\u00e9tablir l&rsquo;\u00e9quilibre de la peau, elle hydrate la peau et la r\u00e9approvisionne en min\u00e9raux essentiels.<\/p>\n<p><strong><em>Glyc\u00e9rine :<\/em><\/strong> elle soulage la s\u00e9cheresse de la peau car elle aide \u00e0 retenir plus d&rsquo;eau, et r\u00e9duit les fissures en hydratant la peau.<\/p>\n<p><strong><em>Extrait de camomille : <\/em><\/strong>poss\u00e8de d&rsquo;excellentes capacit\u00e9s \u00e0 neutraliser les irritants cutan\u00e9s, en plus de ses propri\u00e9t\u00e9s antibact\u00e9riennes et hypoallerg\u00e9niques qui aident \u00e0 soulager de nombreuses affections cutan\u00e9es associ\u00e9es aux peaux grasses et \u00e0 l&rsquo;acn\u00e9.<\/p>\n<p>\n        <\/div>\n    <\/div><br \/>\n\n    <div class=\"shortcode-accordion\">\n        <h3 class=\"accordion-header\">Mode d&#039;emploi :<\/h3>\n        <div class=\"accordion-content\" style=\"display: none;\">\n            <\/p>\n<p>Passez sur le visage, le cou et le d\u00e9collet\u00e9 (en \u00e9vitant le contour des yeux) un coton imbib\u00e9 de tonique. Vous pouvez l&rsquo;utiliser quotidiennement ou en cas de besoin. Pour de meilleurs r\u00e9sultats, vous pouvez l&rsquo;appliquer sur les pores et l&rsquo;acn\u00e9. Convient \u00e0 tous les types de peau.   <\/p>\n<p>\n        <\/div>\n    <\/div><br \/>\n\n    <div class=\"shortcode-accordion\">\n        <h3 class=\"accordion-header\">Informations sur le produit<\/h3>\n        <div class=\"accordion-content\" style=\"display: none;\">\n            <\/p>\n<p>&#8211; Poids : 100ml<\/p>\n<p>\n        <\/div>\n    <\/div><\/p>\n","protected":false},"excerpt":{"rendered":"<p>Ce tonique riche en min\u00e9raux et enrichi en extrait de camomille apaise, rafra\u00eechit et clarifie votre peau tout en la pr\u00e9parant \u00e0 d&rsquo;autres soins du visage quotidiens et en lui laissant un parfum naturel. Il contient un concentr\u00e9 parfaitement \u00e9quilibr\u00e9 de min\u00e9raux de la mer Morte qui r\u00e9hydrate efficacement et aide \u00e0 clarifier les peaux grasses et celles qui souffrent d&rsquo;acn\u00e9.   <strong>RECOMMAND\u00c9 AVANT LA CR\u00c8ME CONTRE L&rsquo;ACN\u00c9<\/strong><\/p>\n","protected":false},"featured_media":1960,"comment_status":"open","ping_status":"closed","template":"","meta":{"_et_pb_use_builder":"","_et_pb_old_content":"","_et_gb_content_width":""},"product_brand":[],"product_cat":[102],"product_tag":[],"class_list":{"0":"post-326636","1":"product","2":"type-product","3":"status-publish","4":"has-post-thumbnail","6":"product_cat-soins-du-visage","8":"first","9":"instock","10":"shipping-taxable","11":"purchasable","12":"product-type-simple"},"yoast_head":"<!-- This site is optimized with the Yoast SEO plugin v27.3 - https:\/\/yoast.com\/product\/yoast-seo-wordpress\/ -->\n<title>TONIQUE \u00c0 LA CAMOMILLE ET \u00c0 L&#039;EAU DE LA MER MORTE - Juman Dead Sea<\/title>\n<meta name=\"robots\" content=\"index, follow, max-snippet:-1, max-image-preview:large, max-video-preview:-1\" \/>\n<link rel=\"canonical\" href=\"https:\/\/jumandeadsea.com\/fr\/produit\/tonique-a-la-camomille-et-a-leau-de-la-mer-morte\/\" \/>\n<meta property=\"og:locale\" content=\"fr_FR\" \/>\n<meta property=\"og:type\" content=\"article\" \/>\n<meta property=\"og:title\" content=\"TONIQUE \u00c0 LA CAMOMILLE ET \u00c0 L&#039;EAU DE LA MER MORTE - Juman Dead Sea\" \/>\n<meta property=\"og:description\" content=\"Ce tonique riche en min\u00e9raux et enrichi en extrait de camomille apaise, rafra\u00eechit et clarifie votre peau tout en la pr\u00e9parant \u00e0 d&#039;autres soins du visage quotidiens et en lui laissant un parfum naturel. Il contient un concentr\u00e9 parfaitement \u00e9quilibr\u00e9 de min\u00e9raux de la mer Morte qui r\u00e9hydrate efficacement et aide \u00e0 clarifier les peaux grasses et celles qui souffrent d&#039;acn\u00e9.  RECOMMAND\u00c9 AVANT LA CR\u00c8ME CONTRE L&#039;ACN\u00c9\" \/>\n<meta property=\"og:url\" content=\"https:\/\/jumandeadsea.com\/fr\/produit\/tonique-a-la-camomille-et-a-leau-de-la-mer-morte\/\" \/>\n<meta property=\"og:site_name\" content=\"Juman Dead Sea\" \/>\n<meta name=\"twitter:card\" content=\"summary_large_image\" \/>\n<meta name=\"twitter:label1\" content=\"Dur\u00e9e de lecture estim\u00e9e\" \/>\n\t<meta name=\"twitter:data1\" content=\"1 minute\" \/>\n<script type=\"application\/ld+json\" class=\"yoast-schema-graph\">{\"@context\":\"https:\\\/\\\/schema.org\",\"@graph\":[{\"@type\":\"WebPage\",\"@id\":\"https:\\\/\\\/jumandeadsea.com\\\/fr\\\/produit\\\/tonique-a-la-camomille-et-a-leau-de-la-mer-morte\\\/\",\"url\":\"https:\\\/\\\/jumandeadsea.com\\\/fr\\\/produit\\\/tonique-a-la-camomille-et-a-leau-de-la-mer-morte\\\/\",\"name\":\"TONIQUE \u00c0 LA CAMOMILLE ET \u00c0 L'EAU DE LA MER MORTE - Juman Dead Sea\",\"isPartOf\":{\"@id\":\"https:\\\/\\\/jumandeadsea.com\\\/fr\\\/#website\"},\"primaryImageOfPage\":{\"@id\":\"https:\\\/\\\/jumandeadsea.com\\\/fr\\\/produit\\\/tonique-a-la-camomille-et-a-leau-de-la-mer-morte\\\/#primaryimage\"},\"image\":{\"@id\":\"https:\\\/\\\/jumandeadsea.com\\\/fr\\\/produit\\\/tonique-a-la-camomille-et-a-leau-de-la-mer-morte\\\/#primaryimage\"},\"thumbnailUrl\":\"https:\\\/\\\/jumandeadsea.com\\\/wp-content\\\/uploads\\\/CHAMOMILE-DEAD-SEA-WATER-TONIC.png\",\"datePublished\":\"2024-11-18T17:30:22+00:00\",\"breadcrumb\":{\"@id\":\"https:\\\/\\\/jumandeadsea.com\\\/fr\\\/produit\\\/tonique-a-la-camomille-et-a-leau-de-la-mer-morte\\\/#breadcrumb\"},\"inLanguage\":\"fr-FR\",\"potentialAction\":[{\"@type\":\"ReadAction\",\"target\":[\"https:\\\/\\\/jumandeadsea.com\\\/fr\\\/produit\\\/tonique-a-la-camomille-et-a-leau-de-la-mer-morte\\\/\"]}]},{\"@type\":\"ImageObject\",\"inLanguage\":\"fr-FR\",\"@id\":\"https:\\\/\\\/jumandeadsea.com\\\/fr\\\/produit\\\/tonique-a-la-camomille-et-a-leau-de-la-mer-morte\\\/#primaryimage\",\"url\":\"https:\\\/\\\/jumandeadsea.com\\\/wp-content\\\/uploads\\\/CHAMOMILE-DEAD-SEA-WATER-TONIC.png\",\"contentUrl\":\"https:\\\/\\\/jumandeadsea.com\\\/wp-content\\\/uploads\\\/CHAMOMILE-DEAD-SEA-WATER-TONIC.png\",\"width\":1600,\"height\":2266},{\"@type\":\"BreadcrumbList\",\"@id\":\"https:\\\/\\\/jumandeadsea.com\\\/fr\\\/produit\\\/tonique-a-la-camomille-et-a-leau-de-la-mer-morte\\\/#breadcrumb\",\"itemListElement\":[{\"@type\":\"ListItem\",\"position\":1,\"name\":\"Home\",\"item\":\"https:\\\/\\\/jumandeadsea.com\\\/fr\\\/\"},{\"@type\":\"ListItem\",\"position\":2,\"name\":\"Boutique\",\"item\":\"https:\\\/\\\/jumandeadsea.com\\\/shop\\\/\"},{\"@type\":\"ListItem\",\"position\":3,\"name\":\"Tonique \u00c0 La Camomille Et \u00c0 L&rsquo;eau De La Mer Morte\"}]},{\"@type\":\"WebSite\",\"@id\":\"https:\\\/\\\/jumandeadsea.com\\\/fr\\\/#website\",\"url\":\"https:\\\/\\\/jumandeadsea.com\\\/fr\\\/\",\"name\":\"Juman Dead Sea\",\"description\":\"Authentic Dead Sea Mineral Skincare for Sensitive, Healthy Skin\",\"potentialAction\":[{\"@type\":\"SearchAction\",\"target\":{\"@type\":\"EntryPoint\",\"urlTemplate\":\"https:\\\/\\\/jumandeadsea.com\\\/fr\\\/?s={search_term_string}\"},\"query-input\":{\"@type\":\"PropertyValueSpecification\",\"valueRequired\":true,\"valueName\":\"search_term_string\"}}],\"inLanguage\":\"fr-FR\"}]}<\/script>\n<!-- \/ Yoast SEO plugin. -->","yoast_head_json":{"title":"TONIQUE \u00c0 LA CAMOMILLE ET \u00c0 L'EAU DE LA MER MORTE - Juman Dead Sea","robots":{"index":"index","follow":"follow","max-snippet":"max-snippet:-1","max-image-preview":"max-image-preview:large","max-video-preview":"max-video-preview:-1"},"canonical":"https:\/\/jumandeadsea.com\/fr\/produit\/tonique-a-la-camomille-et-a-leau-de-la-mer-morte\/","og_locale":"fr_FR","og_type":"article","og_title":"TONIQUE \u00c0 LA CAMOMILLE ET \u00c0 L'EAU DE LA MER MORTE - Juman Dead Sea","og_description":"Ce tonique riche en min\u00e9raux et enrichi en extrait de camomille apaise, rafra\u00eechit et clarifie votre peau tout en la pr\u00e9parant \u00e0 d'autres soins du visage quotidiens et en lui laissant un parfum naturel. Il contient un concentr\u00e9 parfaitement \u00e9quilibr\u00e9 de min\u00e9raux de la mer Morte qui r\u00e9hydrate efficacement et aide \u00e0 clarifier les peaux grasses et celles qui souffrent d'acn\u00e9.  RECOMMAND\u00c9 AVANT LA CR\u00c8ME CONTRE L'ACN\u00c9","og_url":"https:\/\/jumandeadsea.com\/fr\/produit\/tonique-a-la-camomille-et-a-leau-de-la-mer-morte\/","og_site_name":"Juman Dead Sea","twitter_card":"summary_large_image","twitter_misc":{"Dur\u00e9e de lecture estim\u00e9e":"1 minute"},"schema":{"@context":"https:\/\/schema.org","@graph":[{"@type":"WebPage","@id":"https:\/\/jumandeadsea.com\/fr\/produit\/tonique-a-la-camomille-et-a-leau-de-la-mer-morte\/","url":"https:\/\/jumandeadsea.com\/fr\/produit\/tonique-a-la-camomille-et-a-leau-de-la-mer-morte\/","name":"TONIQUE \u00c0 LA CAMOMILLE ET \u00c0 L'EAU DE LA MER MORTE - Juman Dead Sea","isPartOf":{"@id":"https:\/\/jumandeadsea.com\/fr\/#website"},"primaryImageOfPage":{"@id":"https:\/\/jumandeadsea.com\/fr\/produit\/tonique-a-la-camomille-et-a-leau-de-la-mer-morte\/#primaryimage"},"image":{"@id":"https:\/\/jumandeadsea.com\/fr\/produit\/tonique-a-la-camomille-et-a-leau-de-la-mer-morte\/#primaryimage"},"thumbnailUrl":"https:\/\/jumandeadsea.com\/wp-content\/uploads\/CHAMOMILE-DEAD-SEA-WATER-TONIC.png","datePublished":"2024-11-18T17:30:22+00:00","breadcrumb":{"@id":"https:\/\/jumandeadsea.com\/fr\/produit\/tonique-a-la-camomille-et-a-leau-de-la-mer-morte\/#breadcrumb"},"inLanguage":"fr-FR","potentialAction":[{"@type":"ReadAction","target":["https:\/\/jumandeadsea.com\/fr\/produit\/tonique-a-la-camomille-et-a-leau-de-la-mer-morte\/"]}]},{"@type":"ImageObject","inLanguage":"fr-FR","@id":"https:\/\/jumandeadsea.com\/fr\/produit\/tonique-a-la-camomille-et-a-leau-de-la-mer-morte\/#primaryimage","url":"https:\/\/jumandeadsea.com\/wp-content\/uploads\/CHAMOMILE-DEAD-SEA-WATER-TONIC.png","contentUrl":"https:\/\/jumandeadsea.com\/wp-content\/uploads\/CHAMOMILE-DEAD-SEA-WATER-TONIC.png","width":1600,"height":2266},{"@type":"BreadcrumbList","@id":"https:\/\/jumandeadsea.com\/fr\/produit\/tonique-a-la-camomille-et-a-leau-de-la-mer-morte\/#breadcrumb","itemListElement":[{"@type":"ListItem","position":1,"name":"Home","item":"https:\/\/jumandeadsea.com\/fr\/"},{"@type":"ListItem","position":2,"name":"Boutique","item":"https:\/\/jumandeadsea.com\/shop\/"},{"@type":"ListItem","position":3,"name":"Tonique \u00c0 La Camomille Et \u00c0 L&rsquo;eau De La Mer Morte"}]},{"@type":"WebSite","@id":"https:\/\/jumandeadsea.com\/fr\/#website","url":"https:\/\/jumandeadsea.com\/fr\/","name":"Juman Dead Sea","description":"Authentic Dead Sea Mineral Skincare for Sensitive, Healthy Skin","potentialAction":[{"@type":"SearchAction","target":{"@type":"EntryPoint","urlTemplate":"https:\/\/jumandeadsea.com\/fr\/?s={search_term_string}"},"query-input":{"@type":"PropertyValueSpecification","valueRequired":true,"valueName":"search_term_string"}}],"inLanguage":"fr-FR"}]}},"_links":{"self":[{"href":"https:\/\/jumandeadsea.com\/fr\/wp-json\/wp\/v2\/product\/326636","targetHints":{"allow":["GET"]}}],"collection":[{"href":"https:\/\/jumandeadsea.com\/fr\/wp-json\/wp\/v2\/product"}],"about":[{"href":"https:\/\/jumandeadsea.com\/fr\/wp-json\/wp\/v2\/types\/product"}],"replies":[{"embeddable":true,"href":"https:\/\/jumandeadsea.com\/fr\/wp-json\/wp\/v2\/comments?post=326636"}],"wp:featuredmedia":[{"embeddable":true,"href":"https:\/\/jumandeadsea.com\/fr\/wp-json\/wp\/v2\/media\/1960"}],"wp:attachment":[{"href":"https:\/\/jumandeadsea.com\/fr\/wp-json\/wp\/v2\/media?parent=326636"}],"wp:term":[{"taxonomy":"product_brand","embeddable":true,"href":"https:\/\/jumandeadsea.com\/fr\/wp-json\/wp\/v2\/product_brand?post=326636"},{"taxonomy":"product_cat","embeddable":true,"href":"https:\/\/jumandeadsea.com\/fr\/wp-json\/wp\/v2\/product_cat?post=326636"},{"taxonomy":"product_tag","embeddable":true,"href":"https:\/\/jumandeadsea.com\/fr\/wp-json\/wp\/v2\/product_tag?post=326636"}],"curies":[{"name":"wp","href":"https:\/\/api.w.org\/{rel}","templated":true}]}}