{"id":326635,"date":"2024-11-18T17:30:23","date_gmt":"2024-11-18T17:30:23","guid":{"rendered":"https:\/\/jumandeadsea.com\/product\/huile-de-massage-pour-le-corps-a-lhuile-daloe-vera\/"},"modified":"2024-11-18T17:30:23","modified_gmt":"2024-11-18T17:30:23","slug":"huile-de-massage-pour-le-corps-a-lhuile-daloe-vera","status":"publish","type":"product","link":"https:\/\/jumandeadsea.com\/fr\/produit\/huile-de-massage-pour-le-corps-a-lhuile-daloe-vera\/","title":{"rendered":"Huile De Massage Pour Le Corps \u00c0 L&rsquo;huile D&rsquo;aloe Vera"},"content":{"rendered":"\n    <div class=\"shortcode-accordion\">\n        <h3 class=\"accordion-header\">Ingr\u00e9dients<\/h3>\n        <div class=\"accordion-content\" style=\"display: none;\">\n            \n<p>Prunus Amygdalus Dulcis (huile d&rsquo;amande douce), Olea Europaea (huile d&rsquo;olive), Simmondsia Chinensis (huile de jojoba), Helianthus Annuus (huile de tournesol), Aloe Barbadensis (huile d&rsquo;aloe vera), Argania Spinosa (huile de noyau d&rsquo;argan), tocoph\u00e9rol (vitamine E).<\/p>\n<ul>\n<li><em>Huile d&rsquo;amande douce :<\/em> une huile l\u00e9g\u00e8re respectueuse de la peau qui aide votre peau \u00e0 para\u00eetre lisse, douce et sans ridules.<\/li>\n<li>L&rsquo;<em>huile d&rsquo;olive : <\/em>c&rsquo;est un booster de beaut\u00e9 complet, non seulement elle est riche en vitamines et en antioxydants, mais elle am\u00e9liore \u00e9galement l&rsquo;hydratation et l&rsquo;exfoliation, pr\u00e9vient l&rsquo;acn\u00e9 et n&rsquo;obstrue pas les pores.<\/li>\n<li><em>Huile de jojoba : <\/em>une huile l\u00e9g\u00e8re profond\u00e9ment hydratante qui fournit une hydratation durable et des nutriments \u00e0 la peau. Elle r\u00e9duit les rides et les signes de vieillissement et \u00e9quilibre la production de s\u00e9bum dans la peau. <\/li>\n<li><em>Huile de graines de tournesol : <\/em>riche en vitamine E, elle pr\u00e9vient le vieillissement en prot\u00e9geant le collag\u00e8ne et l&rsquo;\u00e9lastine, et retient l&rsquo;humidit\u00e9 pour une hydratation durable de la peau.<\/li>\n<li><em>Huile d&rsquo;aloe vera : <\/em>elle poss\u00e8de de puissantes propri\u00e9t\u00e9s curatives qui se sont av\u00e9r\u00e9es efficaces pour traiter les coups de soleil et r\u00e9duire la visibilit\u00e9 des cicatrices ; elle sert \u00e9galement d&rsquo;agent hydratant.<\/li>\n<li><em>Huile de noyau d&rsquo;argan : <\/em>huile riche en acides gras essentiels, elle nourrit la peau, prot\u00e8ge son \u00e9lasticit\u00e9 et r\u00e9duit l&rsquo;apparence des rides et ridules.<\/li>\n<li><em>Vitamine E :<\/em> cette vitamine liposoluble peut \u00eatre absorb\u00e9e par la peau. C&rsquo;est un antioxydant b\u00e9n\u00e9fique qui aide \u00e0 r\u00e9duire les dommages caus\u00e9s par les UV et le soleil sur la peau.<\/li>\n<\/ul>\n<p>\n        <\/div>\n    <\/div><br \/>\n\n    <div class=\"shortcode-accordion\">\n        <h3 class=\"accordion-header\">Mode d&#039;emploi :<\/h3>\n        <div class=\"accordion-content\" style=\"display: none;\">\n            <\/p>\n<p>Massez doucement en effectuant des mouvements circulaires jusqu&rsquo;\u00e0 absorption compl\u00e8te du produit.<\/p>\n<p>\n        <\/div>\n    <\/div><br \/>\n\n    <div class=\"shortcode-accordion\">\n        <h3 class=\"accordion-header\">Informations sur le produit<\/h3>\n        <div class=\"accordion-content\" style=\"display: none;\">\n            <\/p>\n<p>&#8211; CPNP : 3471862<\/p>\n<p>&#8211; Poids : 200ml<\/p>\n<p>\n        <\/div>\n    <\/div><\/p>\n","protected":false},"excerpt":{"rendered":"<p>M\u00e9lange d&rsquo;huile d&rsquo;aloe vera, d&rsquo;huile d&rsquo;argan, d&rsquo;huile de jojoba, d&rsquo;huile d&rsquo;olive et d&rsquo;huile d&rsquo;amande douce avec des herbes naturelles et d&rsquo;autres huiles essentielles. Cette huile de massage est un excellent stimulant de la circulation sanguine. Elle contribue \u00e9galement \u00e0 transformer votre peau pour la rendre soyeuse, douce et lisse.  <\/p>\n","protected":false},"featured_media":1703,"comment_status":"open","ping_status":"closed","template":"","meta":{"_et_pb_use_builder":"","_et_pb_old_content":"","_et_gb_content_width":""},"product_brand":[],"product_cat":[105,99],"product_tag":[],"class_list":{"0":"post-326635","1":"product","2":"type-product","3":"status-publish","4":"has-post-thumbnail","6":"product_cat-huile-de-massage-pour-le-corps","7":"product_cat-soins-du-corps","9":"first","10":"instock","11":"shipping-taxable","12":"purchasable","13":"product-type-simple"},"yoast_head":"<!-- This site is optimized with the Yoast SEO plugin v27.3 - https:\/\/yoast.com\/product\/yoast-seo-wordpress\/ -->\n<title>HUILE DE MASSAGE POUR LE CORPS \u00c0 L&#039;HUILE D&#039;ALOE VERA - Juman Dead Sea<\/title>\n<meta name=\"robots\" content=\"index, follow, max-snippet:-1, max-image-preview:large, max-video-preview:-1\" \/>\n<link rel=\"canonical\" href=\"https:\/\/jumandeadsea.com\/fr\/produit\/huile-de-massage-pour-le-corps-a-lhuile-daloe-vera\/\" \/>\n<meta property=\"og:locale\" content=\"fr_FR\" \/>\n<meta property=\"og:type\" content=\"article\" \/>\n<meta property=\"og:title\" content=\"HUILE DE MASSAGE POUR LE CORPS \u00c0 L&#039;HUILE D&#039;ALOE VERA - Juman Dead Sea\" \/>\n<meta property=\"og:description\" content=\"M\u00e9lange d&#039;huile d&#039;aloe vera, d&#039;huile d&#039;argan, d&#039;huile de jojoba, d&#039;huile d&#039;olive et d&#039;huile d&#039;amande douce avec des herbes naturelles et d&#039;autres huiles essentielles. Cette huile de massage est un excellent stimulant de la circulation sanguine. Elle contribue \u00e9galement \u00e0 transformer votre peau pour la rendre soyeuse, douce et lisse.\" \/>\n<meta property=\"og:url\" content=\"https:\/\/jumandeadsea.com\/fr\/produit\/huile-de-massage-pour-le-corps-a-lhuile-daloe-vera\/\" \/>\n<meta property=\"og:site_name\" content=\"Juman Dead Sea\" \/>\n<meta name=\"twitter:card\" content=\"summary_large_image\" \/>\n<meta name=\"twitter:label1\" content=\"Dur\u00e9e de lecture estim\u00e9e\" \/>\n\t<meta name=\"twitter:data1\" content=\"1 minute\" \/>\n<script type=\"application\/ld+json\" class=\"yoast-schema-graph\">{\"@context\":\"https:\\\/\\\/schema.org\",\"@graph\":[{\"@type\":\"WebPage\",\"@id\":\"https:\\\/\\\/jumandeadsea.com\\\/fr\\\/produit\\\/huile-de-massage-pour-le-corps-a-lhuile-daloe-vera\\\/\",\"url\":\"https:\\\/\\\/jumandeadsea.com\\\/fr\\\/produit\\\/huile-de-massage-pour-le-corps-a-lhuile-daloe-vera\\\/\",\"name\":\"HUILE DE MASSAGE POUR LE CORPS \u00c0 L'HUILE D'ALOE VERA - Juman Dead Sea\",\"isPartOf\":{\"@id\":\"https:\\\/\\\/jumandeadsea.com\\\/fr\\\/#website\"},\"primaryImageOfPage\":{\"@id\":\"https:\\\/\\\/jumandeadsea.com\\\/fr\\\/produit\\\/huile-de-massage-pour-le-corps-a-lhuile-daloe-vera\\\/#primaryimage\"},\"image\":{\"@id\":\"https:\\\/\\\/jumandeadsea.com\\\/fr\\\/produit\\\/huile-de-massage-pour-le-corps-a-lhuile-daloe-vera\\\/#primaryimage\"},\"thumbnailUrl\":\"https:\\\/\\\/jumandeadsea.com\\\/wp-content\\\/uploads\\\/Alovera-Massage-Oil-_front.png\",\"datePublished\":\"2024-11-18T17:30:23+00:00\",\"breadcrumb\":{\"@id\":\"https:\\\/\\\/jumandeadsea.com\\\/fr\\\/produit\\\/huile-de-massage-pour-le-corps-a-lhuile-daloe-vera\\\/#breadcrumb\"},\"inLanguage\":\"fr-FR\",\"potentialAction\":[{\"@type\":\"ReadAction\",\"target\":[\"https:\\\/\\\/jumandeadsea.com\\\/fr\\\/produit\\\/huile-de-massage-pour-le-corps-a-lhuile-daloe-vera\\\/\"]}]},{\"@type\":\"ImageObject\",\"inLanguage\":\"fr-FR\",\"@id\":\"https:\\\/\\\/jumandeadsea.com\\\/fr\\\/produit\\\/huile-de-massage-pour-le-corps-a-lhuile-daloe-vera\\\/#primaryimage\",\"url\":\"https:\\\/\\\/jumandeadsea.com\\\/wp-content\\\/uploads\\\/Alovera-Massage-Oil-_front.png\",\"contentUrl\":\"https:\\\/\\\/jumandeadsea.com\\\/wp-content\\\/uploads\\\/Alovera-Massage-Oil-_front.png\",\"width\":1500,\"height\":1500},{\"@type\":\"BreadcrumbList\",\"@id\":\"https:\\\/\\\/jumandeadsea.com\\\/fr\\\/produit\\\/huile-de-massage-pour-le-corps-a-lhuile-daloe-vera\\\/#breadcrumb\",\"itemListElement\":[{\"@type\":\"ListItem\",\"position\":1,\"name\":\"Home\",\"item\":\"https:\\\/\\\/jumandeadsea.com\\\/fr\\\/\"},{\"@type\":\"ListItem\",\"position\":2,\"name\":\"Boutique\",\"item\":\"https:\\\/\\\/jumandeadsea.com\\\/shop\\\/\"},{\"@type\":\"ListItem\",\"position\":3,\"name\":\"Huile De Massage Pour Le Corps \u00c0 L&rsquo;huile D&rsquo;aloe Vera\"}]},{\"@type\":\"WebSite\",\"@id\":\"https:\\\/\\\/jumandeadsea.com\\\/fr\\\/#website\",\"url\":\"https:\\\/\\\/jumandeadsea.com\\\/fr\\\/\",\"name\":\"Juman Dead Sea\",\"description\":\"Authentic Dead Sea Mineral Skincare for Sensitive, Healthy Skin\",\"potentialAction\":[{\"@type\":\"SearchAction\",\"target\":{\"@type\":\"EntryPoint\",\"urlTemplate\":\"https:\\\/\\\/jumandeadsea.com\\\/fr\\\/?s={search_term_string}\"},\"query-input\":{\"@type\":\"PropertyValueSpecification\",\"valueRequired\":true,\"valueName\":\"search_term_string\"}}],\"inLanguage\":\"fr-FR\"}]}<\/script>\n<!-- \/ Yoast SEO plugin. -->","yoast_head_json":{"title":"HUILE DE MASSAGE POUR LE CORPS \u00c0 L'HUILE D'ALOE VERA - Juman Dead Sea","robots":{"index":"index","follow":"follow","max-snippet":"max-snippet:-1","max-image-preview":"max-image-preview:large","max-video-preview":"max-video-preview:-1"},"canonical":"https:\/\/jumandeadsea.com\/fr\/produit\/huile-de-massage-pour-le-corps-a-lhuile-daloe-vera\/","og_locale":"fr_FR","og_type":"article","og_title":"HUILE DE MASSAGE POUR LE CORPS \u00c0 L'HUILE D'ALOE VERA - Juman Dead Sea","og_description":"M\u00e9lange d'huile d'aloe vera, d'huile d'argan, d'huile de jojoba, d'huile d'olive et d'huile d'amande douce avec des herbes naturelles et d'autres huiles essentielles. Cette huile de massage est un excellent stimulant de la circulation sanguine. Elle contribue \u00e9galement \u00e0 transformer votre peau pour la rendre soyeuse, douce et lisse.","og_url":"https:\/\/jumandeadsea.com\/fr\/produit\/huile-de-massage-pour-le-corps-a-lhuile-daloe-vera\/","og_site_name":"Juman Dead Sea","twitter_card":"summary_large_image","twitter_misc":{"Dur\u00e9e de lecture estim\u00e9e":"1 minute"},"schema":{"@context":"https:\/\/schema.org","@graph":[{"@type":"WebPage","@id":"https:\/\/jumandeadsea.com\/fr\/produit\/huile-de-massage-pour-le-corps-a-lhuile-daloe-vera\/","url":"https:\/\/jumandeadsea.com\/fr\/produit\/huile-de-massage-pour-le-corps-a-lhuile-daloe-vera\/","name":"HUILE DE MASSAGE POUR LE CORPS \u00c0 L'HUILE D'ALOE VERA - Juman Dead Sea","isPartOf":{"@id":"https:\/\/jumandeadsea.com\/fr\/#website"},"primaryImageOfPage":{"@id":"https:\/\/jumandeadsea.com\/fr\/produit\/huile-de-massage-pour-le-corps-a-lhuile-daloe-vera\/#primaryimage"},"image":{"@id":"https:\/\/jumandeadsea.com\/fr\/produit\/huile-de-massage-pour-le-corps-a-lhuile-daloe-vera\/#primaryimage"},"thumbnailUrl":"https:\/\/jumandeadsea.com\/wp-content\/uploads\/Alovera-Massage-Oil-_front.png","datePublished":"2024-11-18T17:30:23+00:00","breadcrumb":{"@id":"https:\/\/jumandeadsea.com\/fr\/produit\/huile-de-massage-pour-le-corps-a-lhuile-daloe-vera\/#breadcrumb"},"inLanguage":"fr-FR","potentialAction":[{"@type":"ReadAction","target":["https:\/\/jumandeadsea.com\/fr\/produit\/huile-de-massage-pour-le-corps-a-lhuile-daloe-vera\/"]}]},{"@type":"ImageObject","inLanguage":"fr-FR","@id":"https:\/\/jumandeadsea.com\/fr\/produit\/huile-de-massage-pour-le-corps-a-lhuile-daloe-vera\/#primaryimage","url":"https:\/\/jumandeadsea.com\/wp-content\/uploads\/Alovera-Massage-Oil-_front.png","contentUrl":"https:\/\/jumandeadsea.com\/wp-content\/uploads\/Alovera-Massage-Oil-_front.png","width":1500,"height":1500},{"@type":"BreadcrumbList","@id":"https:\/\/jumandeadsea.com\/fr\/produit\/huile-de-massage-pour-le-corps-a-lhuile-daloe-vera\/#breadcrumb","itemListElement":[{"@type":"ListItem","position":1,"name":"Home","item":"https:\/\/jumandeadsea.com\/fr\/"},{"@type":"ListItem","position":2,"name":"Boutique","item":"https:\/\/jumandeadsea.com\/shop\/"},{"@type":"ListItem","position":3,"name":"Huile De Massage Pour Le Corps \u00c0 L&rsquo;huile D&rsquo;aloe Vera"}]},{"@type":"WebSite","@id":"https:\/\/jumandeadsea.com\/fr\/#website","url":"https:\/\/jumandeadsea.com\/fr\/","name":"Juman Dead Sea","description":"Authentic Dead Sea Mineral Skincare for Sensitive, Healthy Skin","potentialAction":[{"@type":"SearchAction","target":{"@type":"EntryPoint","urlTemplate":"https:\/\/jumandeadsea.com\/fr\/?s={search_term_string}"},"query-input":{"@type":"PropertyValueSpecification","valueRequired":true,"valueName":"search_term_string"}}],"inLanguage":"fr-FR"}]}},"_links":{"self":[{"href":"https:\/\/jumandeadsea.com\/fr\/wp-json\/wp\/v2\/product\/326635","targetHints":{"allow":["GET"]}}],"collection":[{"href":"https:\/\/jumandeadsea.com\/fr\/wp-json\/wp\/v2\/product"}],"about":[{"href":"https:\/\/jumandeadsea.com\/fr\/wp-json\/wp\/v2\/types\/product"}],"replies":[{"embeddable":true,"href":"https:\/\/jumandeadsea.com\/fr\/wp-json\/wp\/v2\/comments?post=326635"}],"wp:featuredmedia":[{"embeddable":true,"href":"https:\/\/jumandeadsea.com\/fr\/wp-json\/wp\/v2\/media\/1703"}],"wp:attachment":[{"href":"https:\/\/jumandeadsea.com\/fr\/wp-json\/wp\/v2\/media?parent=326635"}],"wp:term":[{"taxonomy":"product_brand","embeddable":true,"href":"https:\/\/jumandeadsea.com\/fr\/wp-json\/wp\/v2\/product_brand?post=326635"},{"taxonomy":"product_cat","embeddable":true,"href":"https:\/\/jumandeadsea.com\/fr\/wp-json\/wp\/v2\/product_cat?post=326635"},{"taxonomy":"product_tag","embeddable":true,"href":"https:\/\/jumandeadsea.com\/fr\/wp-json\/wp\/v2\/product_tag?post=326635"}],"curies":[{"name":"wp","href":"https:\/\/api.w.org\/{rel}","templated":true}]}}