{"id":326634,"date":"2024-11-18T17:30:23","date_gmt":"2024-11-18T17:30:23","guid":{"rendered":"https:\/\/jumandeadsea.com\/product\/gommage-corporel-aux-myrtilles-avec-des-mineraux-de-la-mer-morte\/"},"modified":"2024-11-18T17:30:23","modified_gmt":"2024-11-18T17:30:23","slug":"gommage-corporel-aux-myrtilles-avec-des-mineraux-de-la-mer-morte","status":"publish","type":"product","link":"https:\/\/jumandeadsea.com\/fr\/produit\/gommage-corporel-aux-myrtilles-avec-des-mineraux-de-la-mer-morte\/","title":{"rendered":"Gommage Corporel Aux Myrtilles Avec Des Min\u00c9raux De La Mer Morte"},"content":{"rendered":"\n    <div class=\"shortcode-accordion\">\n        <h3 class=\"accordion-header\">Ingr\u00e9dients<\/h3>\n        <div class=\"accordion-content\" style=\"display: none;\">\n            \n<p>Maris Sal (sel de la mer morte), Helianthus Annuus (huile de graines de tournesol), Aloe Barbadensis (huile de feuilles d&rsquo;Aloe Vera), Theobroma Cacao (beurre de cacao), Argania Spinosa (huile de noyaux d&rsquo;argan), poudre d&rsquo;extrait de myrtille (Cyanococcus), Butyrospermum Parkii (beurre de karit\u00e9), Prunus Amygdalus Dulcis (huile d&rsquo;amande douce), Tocoph\u00e9rol (vitamine E).<\/p>\n<ul>\n<li><em>Maris Sal (sel de la mer morte) :<\/em> Les sels organiques riches en magn\u00e9sium am\u00e9liorent l&rsquo;hydratation de la peau et r\u00e9duisent l&rsquo;inflammation des peaux s\u00e8ches.<\/li>\n<li><em>Helianthus Annuus (Sunflower) Seed Oil :<\/em> une grande source de vitamine E, riche en nutriments et en antioxydants, efficace pour combattre les probl\u00e8mes de peau. Elle poss\u00e8de \u00e9galement des propri\u00e9t\u00e9s \u00e9mollientes qui aident la peau \u00e0 conserver son hydratation.<\/li>\n<li><em>Huile de feuilles d&rsquo;aloe vera :<\/em> elle poss\u00e8de de puissantes propri\u00e9t\u00e9s curatives qui se sont av\u00e9r\u00e9es efficaces pour traiter les coups de soleil et r\u00e9duire la visibilit\u00e9 des cicatrices ; elle sert \u00e9galement d&rsquo;agent hydratant.<\/li>\n<li><em>Beurre de cacao :<\/em> il contient de grandes quantit\u00e9s d&rsquo;antioxydants qui aident \u00e0 r\u00e9parer la peau des dommages caus\u00e9s par le soleil et le vieillissement ; il apaise \u00e9galement les rougeurs et les imperfections.<\/li>\n<li><em>Huile de noyau d&rsquo;argan : <\/em>huile riche en acides gras essentiels, elle nourrit la peau, prot\u00e8ge son \u00e9lasticit\u00e9 et r\u00e9duit l&rsquo;apparence des rides et ridules.<\/li>\n<li><em>Extrait de myrtille (Cyanococcus) en poudre :<\/em> la myrtille est l&rsquo;un des super-fruits les plus puissants au monde. Elle est charg\u00e9e de vitamines A, C et E, qui favorisent toutes le renouvellement cellulaire, raffermissent et resserrent la peau, et l&rsquo;apaisent. Elle contient \u00e9galement du resv\u00e9ratrol, qui peut aider \u00e0 lutter contre l&rsquo;acn\u00e9 tout en pr\u00e9venant les dommages caus\u00e9s par le soleil et le vieillissement pr\u00e9matur\u00e9 qui s&rsquo;ensuit.  <\/li>\n<li><em>Beurre de karit\u00e9 : <\/em>excellent hydratant naturel pour le visage et le corps, il r\u00e9duit les rides et combat les signes de vieillissement, et restaure l&rsquo;\u00e9lasticit\u00e9 de la peau.<\/li>\n<li><em>Huile d&rsquo;amande douce :<\/em> une huile l\u00e9g\u00e8re respectueuse de la peau qui aide votre peau \u00e0 para\u00eetre lisse, douce et sans ridules.<\/li>\n<li><em>Vitamine E :<\/em> cette vitamine liposoluble peut \u00eatre absorb\u00e9e par la peau. C&rsquo;est un antioxydant b\u00e9n\u00e9fique qui aide \u00e0 r\u00e9duire les dommages caus\u00e9s par les UV et le soleil sur la peau.<\/li>\n<\/ul>\n<p>\n        <\/div>\n    <\/div><br \/>\n\n    <div class=\"shortcode-accordion\">\n        <h3 class=\"accordion-header\">Mode d&#039;emploi :<\/h3>\n        <div class=\"accordion-content\" style=\"display: none;\">\n            <\/p>\n<p>M\u00e9langez d&rsquo;abord les produits \u00e9pluch\u00e9s. Appliquez g\u00e9n\u00e9reusement sur la zone du corps souhait\u00e9e (de pr\u00e9f\u00e9rence sur une peau s\u00e8che et propre). Massez doucement en effectuant des mouvements circulaires, laissez le gommage sur votre peau pendant quelques minutes puis rincez \u00e0 l&rsquo;eau ti\u00e8de. Il est recommand\u00e9 de l&rsquo;utiliser 1 \u00e0 2 fois par semaine.   <\/p>\n<p>\n        <\/div>\n    <\/div><br \/>\n\n    <div class=\"shortcode-accordion\">\n        <h3 class=\"accordion-header\">Informations sur le produit<\/h3>\n        <div class=\"accordion-content\" style=\"display: none;\">\n            <\/p>\n<p>&#8211; Poids : 325 g<br \/>\n\n        <\/div>\n    <\/div><\/p>\n","protected":false},"excerpt":{"rendered":"<p>En exfoliant la peau en profondeur, l&rsquo;exfoliant corporel \u00e0 la myrtille exploite les bienfaits naturels des sels de la mer Morte, de l&rsquo;extrait de myrtille et du beurre de karit\u00e9, qui agissent en harmonie pour lisser, nourrir et r\u00e9g\u00e9n\u00e9rer les peaux fatigu\u00e9es. Notre formule pr\u00e9sente un parfum de myrtille vivifiant pour que vous vous sentiez glorieusement choy\u00e9e. <\/p>\n","protected":false},"featured_media":1752,"comment_status":"open","ping_status":"closed","template":"","meta":{"_et_pb_use_builder":"","_et_pb_old_content":"","_et_gb_content_width":""},"product_brand":[],"product_cat":[101,99],"product_tag":[],"class_list":{"0":"post-326634","1":"product","2":"type-product","3":"status-publish","4":"has-post-thumbnail","6":"product_cat-gommages-corporels","7":"product_cat-soins-du-corps","9":"first","10":"instock","11":"shipping-taxable","12":"purchasable","13":"product-type-simple"},"yoast_head":"<!-- This site is optimized with the Yoast SEO plugin v27.3 - https:\/\/yoast.com\/product\/yoast-seo-wordpress\/ -->\n<title>GOMMAGE CORPOREL AUX MYRTILLES AVEC DES MIN\u00c9RAUX DE LA MER MORTE - Juman Dead Sea<\/title>\n<meta name=\"robots\" content=\"index, follow, max-snippet:-1, max-image-preview:large, max-video-preview:-1\" \/>\n<link rel=\"canonical\" href=\"https:\/\/jumandeadsea.com\/fr\/produit\/gommage-corporel-aux-myrtilles-avec-des-mineraux-de-la-mer-morte\/\" \/>\n<meta property=\"og:locale\" content=\"fr_FR\" \/>\n<meta property=\"og:type\" content=\"article\" \/>\n<meta property=\"og:title\" content=\"GOMMAGE CORPOREL AUX MYRTILLES AVEC DES MIN\u00c9RAUX DE LA MER MORTE - Juman Dead Sea\" \/>\n<meta property=\"og:description\" content=\"En exfoliant la peau en profondeur, l&#039;exfoliant corporel \u00e0 la myrtille exploite les bienfaits naturels des sels de la mer Morte, de l&#039;extrait de myrtille et du beurre de karit\u00e9, qui agissent en harmonie pour lisser, nourrir et r\u00e9g\u00e9n\u00e9rer les peaux fatigu\u00e9es. Notre formule pr\u00e9sente un parfum de myrtille vivifiant pour que vous vous sentiez glorieusement choy\u00e9e.\" \/>\n<meta property=\"og:url\" content=\"https:\/\/jumandeadsea.com\/fr\/produit\/gommage-corporel-aux-myrtilles-avec-des-mineraux-de-la-mer-morte\/\" \/>\n<meta property=\"og:site_name\" content=\"Juman Dead Sea\" \/>\n<meta name=\"twitter:card\" content=\"summary_large_image\" \/>\n<meta name=\"twitter:label1\" content=\"Dur\u00e9e de lecture estim\u00e9e\" \/>\n\t<meta name=\"twitter:data1\" content=\"2 minutes\" \/>\n<script type=\"application\/ld+json\" class=\"yoast-schema-graph\">{\"@context\":\"https:\\\/\\\/schema.org\",\"@graph\":[{\"@type\":\"WebPage\",\"@id\":\"https:\\\/\\\/jumandeadsea.com\\\/fr\\\/produit\\\/gommage-corporel-aux-myrtilles-avec-des-mineraux-de-la-mer-morte\\\/\",\"url\":\"https:\\\/\\\/jumandeadsea.com\\\/fr\\\/produit\\\/gommage-corporel-aux-myrtilles-avec-des-mineraux-de-la-mer-morte\\\/\",\"name\":\"GOMMAGE CORPOREL AUX MYRTILLES AVEC DES MIN\u00c9RAUX DE LA MER MORTE - Juman Dead Sea\",\"isPartOf\":{\"@id\":\"https:\\\/\\\/jumandeadsea.com\\\/fr\\\/#website\"},\"primaryImageOfPage\":{\"@id\":\"https:\\\/\\\/jumandeadsea.com\\\/fr\\\/produit\\\/gommage-corporel-aux-myrtilles-avec-des-mineraux-de-la-mer-morte\\\/#primaryimage\"},\"image\":{\"@id\":\"https:\\\/\\\/jumandeadsea.com\\\/fr\\\/produit\\\/gommage-corporel-aux-myrtilles-avec-des-mineraux-de-la-mer-morte\\\/#primaryimage\"},\"thumbnailUrl\":\"https:\\\/\\\/jumandeadsea.com\\\/wp-content\\\/uploads\\\/BODY-SCRUB_FRONT.png\",\"datePublished\":\"2024-11-18T17:30:23+00:00\",\"breadcrumb\":{\"@id\":\"https:\\\/\\\/jumandeadsea.com\\\/fr\\\/produit\\\/gommage-corporel-aux-myrtilles-avec-des-mineraux-de-la-mer-morte\\\/#breadcrumb\"},\"inLanguage\":\"fr-FR\",\"potentialAction\":[{\"@type\":\"ReadAction\",\"target\":[\"https:\\\/\\\/jumandeadsea.com\\\/fr\\\/produit\\\/gommage-corporel-aux-myrtilles-avec-des-mineraux-de-la-mer-morte\\\/\"]}]},{\"@type\":\"ImageObject\",\"inLanguage\":\"fr-FR\",\"@id\":\"https:\\\/\\\/jumandeadsea.com\\\/fr\\\/produit\\\/gommage-corporel-aux-myrtilles-avec-des-mineraux-de-la-mer-morte\\\/#primaryimage\",\"url\":\"https:\\\/\\\/jumandeadsea.com\\\/wp-content\\\/uploads\\\/BODY-SCRUB_FRONT.png\",\"contentUrl\":\"https:\\\/\\\/jumandeadsea.com\\\/wp-content\\\/uploads\\\/BODY-SCRUB_FRONT.png\",\"width\":1600,\"height\":1600,\"caption\":\"Reveal glowing skin with Juman\u2019s Blueberry Body Scrub, enriched with Dead Sea minerals and antioxidants.\"},{\"@type\":\"BreadcrumbList\",\"@id\":\"https:\\\/\\\/jumandeadsea.com\\\/fr\\\/produit\\\/gommage-corporel-aux-myrtilles-avec-des-mineraux-de-la-mer-morte\\\/#breadcrumb\",\"itemListElement\":[{\"@type\":\"ListItem\",\"position\":1,\"name\":\"Home\",\"item\":\"https:\\\/\\\/jumandeadsea.com\\\/fr\\\/\"},{\"@type\":\"ListItem\",\"position\":2,\"name\":\"Boutique\",\"item\":\"https:\\\/\\\/jumandeadsea.com\\\/shop\\\/\"},{\"@type\":\"ListItem\",\"position\":3,\"name\":\"Gommage Corporel Aux Myrtilles Avec Des Min\u00c9raux De La Mer Morte\"}]},{\"@type\":\"WebSite\",\"@id\":\"https:\\\/\\\/jumandeadsea.com\\\/fr\\\/#website\",\"url\":\"https:\\\/\\\/jumandeadsea.com\\\/fr\\\/\",\"name\":\"Juman Dead Sea\",\"description\":\"Authentic Dead Sea Mineral Skincare for Sensitive, Healthy Skin\",\"potentialAction\":[{\"@type\":\"SearchAction\",\"target\":{\"@type\":\"EntryPoint\",\"urlTemplate\":\"https:\\\/\\\/jumandeadsea.com\\\/fr\\\/?s={search_term_string}\"},\"query-input\":{\"@type\":\"PropertyValueSpecification\",\"valueRequired\":true,\"valueName\":\"search_term_string\"}}],\"inLanguage\":\"fr-FR\"}]}<\/script>\n<!-- \/ Yoast SEO plugin. -->","yoast_head_json":{"title":"GOMMAGE CORPOREL AUX MYRTILLES AVEC DES MIN\u00c9RAUX DE LA MER MORTE - Juman Dead Sea","robots":{"index":"index","follow":"follow","max-snippet":"max-snippet:-1","max-image-preview":"max-image-preview:large","max-video-preview":"max-video-preview:-1"},"canonical":"https:\/\/jumandeadsea.com\/fr\/produit\/gommage-corporel-aux-myrtilles-avec-des-mineraux-de-la-mer-morte\/","og_locale":"fr_FR","og_type":"article","og_title":"GOMMAGE CORPOREL AUX MYRTILLES AVEC DES MIN\u00c9RAUX DE LA MER MORTE - Juman Dead Sea","og_description":"En exfoliant la peau en profondeur, l'exfoliant corporel \u00e0 la myrtille exploite les bienfaits naturels des sels de la mer Morte, de l'extrait de myrtille et du beurre de karit\u00e9, qui agissent en harmonie pour lisser, nourrir et r\u00e9g\u00e9n\u00e9rer les peaux fatigu\u00e9es. Notre formule pr\u00e9sente un parfum de myrtille vivifiant pour que vous vous sentiez glorieusement choy\u00e9e.","og_url":"https:\/\/jumandeadsea.com\/fr\/produit\/gommage-corporel-aux-myrtilles-avec-des-mineraux-de-la-mer-morte\/","og_site_name":"Juman Dead Sea","twitter_card":"summary_large_image","twitter_misc":{"Dur\u00e9e de lecture estim\u00e9e":"2 minutes"},"schema":{"@context":"https:\/\/schema.org","@graph":[{"@type":"WebPage","@id":"https:\/\/jumandeadsea.com\/fr\/produit\/gommage-corporel-aux-myrtilles-avec-des-mineraux-de-la-mer-morte\/","url":"https:\/\/jumandeadsea.com\/fr\/produit\/gommage-corporel-aux-myrtilles-avec-des-mineraux-de-la-mer-morte\/","name":"GOMMAGE CORPOREL AUX MYRTILLES AVEC DES MIN\u00c9RAUX DE LA MER MORTE - Juman Dead Sea","isPartOf":{"@id":"https:\/\/jumandeadsea.com\/fr\/#website"},"primaryImageOfPage":{"@id":"https:\/\/jumandeadsea.com\/fr\/produit\/gommage-corporel-aux-myrtilles-avec-des-mineraux-de-la-mer-morte\/#primaryimage"},"image":{"@id":"https:\/\/jumandeadsea.com\/fr\/produit\/gommage-corporel-aux-myrtilles-avec-des-mineraux-de-la-mer-morte\/#primaryimage"},"thumbnailUrl":"https:\/\/jumandeadsea.com\/wp-content\/uploads\/BODY-SCRUB_FRONT.png","datePublished":"2024-11-18T17:30:23+00:00","breadcrumb":{"@id":"https:\/\/jumandeadsea.com\/fr\/produit\/gommage-corporel-aux-myrtilles-avec-des-mineraux-de-la-mer-morte\/#breadcrumb"},"inLanguage":"fr-FR","potentialAction":[{"@type":"ReadAction","target":["https:\/\/jumandeadsea.com\/fr\/produit\/gommage-corporel-aux-myrtilles-avec-des-mineraux-de-la-mer-morte\/"]}]},{"@type":"ImageObject","inLanguage":"fr-FR","@id":"https:\/\/jumandeadsea.com\/fr\/produit\/gommage-corporel-aux-myrtilles-avec-des-mineraux-de-la-mer-morte\/#primaryimage","url":"https:\/\/jumandeadsea.com\/wp-content\/uploads\/BODY-SCRUB_FRONT.png","contentUrl":"https:\/\/jumandeadsea.com\/wp-content\/uploads\/BODY-SCRUB_FRONT.png","width":1600,"height":1600,"caption":"Reveal glowing skin with Juman\u2019s Blueberry Body Scrub, enriched with Dead Sea minerals and antioxidants."},{"@type":"BreadcrumbList","@id":"https:\/\/jumandeadsea.com\/fr\/produit\/gommage-corporel-aux-myrtilles-avec-des-mineraux-de-la-mer-morte\/#breadcrumb","itemListElement":[{"@type":"ListItem","position":1,"name":"Home","item":"https:\/\/jumandeadsea.com\/fr\/"},{"@type":"ListItem","position":2,"name":"Boutique","item":"https:\/\/jumandeadsea.com\/shop\/"},{"@type":"ListItem","position":3,"name":"Gommage Corporel Aux Myrtilles Avec Des Min\u00c9raux De La Mer Morte"}]},{"@type":"WebSite","@id":"https:\/\/jumandeadsea.com\/fr\/#website","url":"https:\/\/jumandeadsea.com\/fr\/","name":"Juman Dead Sea","description":"Authentic Dead Sea Mineral Skincare for Sensitive, Healthy Skin","potentialAction":[{"@type":"SearchAction","target":{"@type":"EntryPoint","urlTemplate":"https:\/\/jumandeadsea.com\/fr\/?s={search_term_string}"},"query-input":{"@type":"PropertyValueSpecification","valueRequired":true,"valueName":"search_term_string"}}],"inLanguage":"fr-FR"}]}},"_links":{"self":[{"href":"https:\/\/jumandeadsea.com\/fr\/wp-json\/wp\/v2\/product\/326634","targetHints":{"allow":["GET"]}}],"collection":[{"href":"https:\/\/jumandeadsea.com\/fr\/wp-json\/wp\/v2\/product"}],"about":[{"href":"https:\/\/jumandeadsea.com\/fr\/wp-json\/wp\/v2\/types\/product"}],"replies":[{"embeddable":true,"href":"https:\/\/jumandeadsea.com\/fr\/wp-json\/wp\/v2\/comments?post=326634"}],"wp:featuredmedia":[{"embeddable":true,"href":"https:\/\/jumandeadsea.com\/fr\/wp-json\/wp\/v2\/media\/1752"}],"wp:attachment":[{"href":"https:\/\/jumandeadsea.com\/fr\/wp-json\/wp\/v2\/media?parent=326634"}],"wp:term":[{"taxonomy":"product_brand","embeddable":true,"href":"https:\/\/jumandeadsea.com\/fr\/wp-json\/wp\/v2\/product_brand?post=326634"},{"taxonomy":"product_cat","embeddable":true,"href":"https:\/\/jumandeadsea.com\/fr\/wp-json\/wp\/v2\/product_cat?post=326634"},{"taxonomy":"product_tag","embeddable":true,"href":"https:\/\/jumandeadsea.com\/fr\/wp-json\/wp\/v2\/product_tag?post=326634"}],"curies":[{"name":"wp","href":"https:\/\/api.w.org\/{rel}","templated":true}]}}